{"id":1773,"date":"2019-11-19T11:48:13","date_gmt":"2019-11-19T10:48:13","guid":{"rendered":"https:\/\/papirol.si\/prodajni-program\/papirnate-vrecke-z-ravnim-dnom-2\/"},"modified":"2023-05-10T11:49:27","modified_gmt":"2023-05-10T09:49:27","slug":"einbalsamierungspapier-im-format","status":"publish","type":"page","link":"https:\/\/papirol.si\/de\/prodajni-program\/ovijalni-embalazni-papir-v-formatu\/","title":{"rendered":"Einwickel-, Umschlag- und Formatpapier"},"content":{"rendered":"<div data-elementor-type=\"wp-page\" data-elementor-id=\"1773\" class=\"elementor elementor-1773\" data-elementor-post-type=\"page\">\n\t\t\t\t\t\t<section class=\"elementor-section elementor-inner-section elementor-element elementor-element-d93435f elementor-section-boxed elementor-section-height-default elementor-section-height-default\" data-id=\"d93435f\" data-element_type=\"section\" data-e-type=\"section\" id=\"prodajni-list\" data-settings=\"{&quot;background_background&quot;:&quot;classic&quot;}\">\n\t\t\t\t\t\t<div class=\"elementor-container elementor-column-gap-default\">\n\t\t\t\t\t<div class=\"elementor-column elementor-col-50 elementor-inner-column elementor-element elementor-element-dc7c8d2\" data-id=\"dc7c8d2\" data-element_type=\"column\" data-e-type=\"column\">\n\t\t\t<div class=\"elementor-widget-wrap elementor-element-populated\">\n\t\t\t\t\t\t<div class=\"elementor-element elementor-element-38b7fa2a prodajni-tile elementor-position-top elementor-widget elementor-widget-image-box\" data-id=\"38b7fa2a\" data-element_type=\"widget\" data-e-type=\"widget\" data-widget_type=\"image-box.default\">\n\t\t\t\t\t<div class=\"elementor-image-box-wrapper\"><figure class=\"elementor-image-box-img\"><a href=\"https:\/\/papirol.si\/de\/verkaufsprogramm\/einbalsamierungspapier-im-format\/havanna\/\" tabindex=\"-1\"><img fetchpriority=\"high\" decoding=\"async\" width=\"327\" height=\"219\" src=\"https:\/\/papirol.si\/wp-content\/uploads\/2019\/12\/Papir-v-formatu_r02xjqe2.png\" class=\"attachment-full size-full wp-image-1959\" alt=\"\" srcset=\"https:\/\/papirol.si\/wp-content\/uploads\/2019\/12\/Papir-v-formatu_r02xjqe2.png 327w, https:\/\/papirol.si\/wp-content\/uploads\/2019\/12\/Papir-v-formatu_r02xjqe2-300x201.png 300w, https:\/\/papirol.si\/wp-content\/uploads\/2019\/12\/Papir-v-formatu_r02xjqe2-285x191.png 285w, https:\/\/papirol.si\/wp-content\/uploads\/2019\/12\/Papir-v-formatu_r02xjqe2-150x100.png 150w\" sizes=\"(max-width: 327px) 100vw, 327px\" \/><\/a><\/figure><div class=\"elementor-image-box-content\"><h3 class=\"elementor-image-box-title\"><a href=\"https:\/\/papirol.si\/de\/verkaufsprogramm\/einbalsamierungspapier-im-format\/havanna\/\">Havanna<\/a><\/h3><p class=\"elementor-image-box-description\">Havanna-Papier ist ein halbfettbest\u00e4ndiges Papier, das Fett teilweise zur\u00fcckh\u00e4lt.\n<br><br><strong>Benutzerfreundlichkeit:<\/strong>\n<ul>\n<li>in der B\u00e4ckerei-, Fleisch- und Lebensmittelverarbeitungsindustrie<\/li>\n<li>eine Zwischenkomponente zwischen dem Produkt und einer anderen Verpackung<\/li> \n<li>verhindert den Kontakt mit anderen Verpackungen<\/li>\n<li>f\u00fcr Kartons und Schachteln f\u00fcr Doughnuts, Pizzen und \u00e4hnliche Produkte<\/li>\n<\/ul><\/p><\/div><\/div>\t\t\t\t<\/div>\n\t\t\t\t<div class=\"elementor-element elementor-element-e351ad8 prodajni-tile elementor-position-top elementor-widget elementor-widget-image-box\" data-id=\"e351ad8\" data-element_type=\"widget\" data-e-type=\"widget\" data-widget_type=\"image-box.default\">\n\t\t\t\t\t<div class=\"elementor-image-box-wrapper\"><figure class=\"elementor-image-box-img\"><a href=\"https:\/\/papirol.si\/de\/verkaufsprogramm\/tuten-fur-take-away-und-fast-food\/papirolex-mascobesistentes-papier\/\" tabindex=\"-1\"><img decoding=\"async\" width=\"420\" height=\"300\" src=\"https:\/\/papirol.si\/wp-content\/uploads\/2020\/01\/d7moirrj.jpg\" class=\"attachment-full size-full wp-image-2274\" alt=\"\" srcset=\"https:\/\/papirol.si\/wp-content\/uploads\/2020\/01\/d7moirrj.jpg 420w, https:\/\/papirol.si\/wp-content\/uploads\/2020\/01\/d7moirrj-300x214.jpg 300w, https:\/\/papirol.si\/wp-content\/uploads\/2020\/01\/d7moirrj-285x204.jpg 285w, https:\/\/papirol.si\/wp-content\/uploads\/2020\/01\/d7moirrj-150x107.jpg 150w\" sizes=\"(max-width: 420px) 100vw, 420px\" \/><\/a><\/figure><div class=\"elementor-image-box-content\"><h3 class=\"elementor-image-box-title\"><a href=\"https:\/\/papirol.si\/de\/verkaufsprogramm\/tuten-fur-take-away-und-fast-food\/papirolex-mascobesistentes-papier\/\">Papirolex fettdichtes Papier<\/a><\/h3><p class=\"elementor-image-box-description\">Papirolex fettdichtes wei\u00dfes oder naturbraunes Papier.\nDas fettdichte Papier von h\u00f6chster Qualit\u00e4t.\n<br><br>\n<strong>Benutzerfreundlichkeit:<\/strong>\n<ul>\n<li>zum Einwickeln von Burgern, Fleischprodukten, Pizzast\u00fccken<\/li>\n<li>zum Verpacken von K\u00e4se, Sandwiches, Geb\u00e4ck<\/li>\n<li>zum Einwickeln von Flaschen<\/li>\n<li>f\u00fcr den gedeckten Tisch, als Zwischenverpackung in Schachteln und Beuteln<\/li>\n<\/ul>\n<\/p><\/div><\/div>\t\t\t\t<\/div>\n\t\t\t\t<div class=\"elementor-element elementor-element-42f6e932 prodajni-tile elementor-position-top elementor-widget elementor-widget-image-box\" data-id=\"42f6e932\" data-element_type=\"widget\" data-e-type=\"widget\" data-widget_type=\"image-box.default\">\n\t\t\t\t\t<div class=\"elementor-image-box-wrapper\"><figure class=\"elementor-image-box-img\"><a href=\"https:\/\/papirol.si\/de\/verkaufsprogramm\/einbalsamierungspapier-im-format\/backpapier-4\/\" tabindex=\"-1\"><img decoding=\"async\" width=\"2560\" height=\"1389\" src=\"https:\/\/papirol.si\/wp-content\/uploads\/2020\/04\/PAPIROL-PEKI-PAPIR-scaled.jpg\" class=\"attachment-full size-full wp-image-2944\" alt=\"\" srcset=\"https:\/\/papirol.si\/wp-content\/uploads\/2020\/04\/PAPIROL-PEKI-PAPIR-scaled.jpg 2560w, https:\/\/papirol.si\/wp-content\/uploads\/2020\/04\/PAPIROL-PEKI-PAPIR-300x163.jpg 300w, https:\/\/papirol.si\/wp-content\/uploads\/2020\/04\/PAPIROL-PEKI-PAPIR-1024x556.jpg 1024w, https:\/\/papirol.si\/wp-content\/uploads\/2020\/04\/PAPIROL-PEKI-PAPIR-768x417.jpg 768w, https:\/\/papirol.si\/wp-content\/uploads\/2020\/04\/PAPIROL-PEKI-PAPIR-1536x833.jpg 1536w, https:\/\/papirol.si\/wp-content\/uploads\/2020\/04\/PAPIROL-PEKI-PAPIR-2048x1111.jpg 2048w, https:\/\/papirol.si\/wp-content\/uploads\/2020\/04\/PAPIROL-PEKI-PAPIR-285x155.jpg 285w, https:\/\/papirol.si\/wp-content\/uploads\/2020\/04\/PAPIROL-PEKI-PAPIR-1600x868.jpg 1600w, https:\/\/papirol.si\/wp-content\/uploads\/2020\/04\/PAPIROL-PEKI-PAPIR-660x358.jpg 660w, https:\/\/papirol.si\/wp-content\/uploads\/2020\/04\/PAPIROL-PEKI-PAPIR-150x81.jpg 150w\" sizes=\"(max-width: 2560px) 100vw, 2560px\" \/><\/a><\/figure><div class=\"elementor-image-box-content\"><h3 class=\"elementor-image-box-title\"><a href=\"https:\/\/papirol.si\/de\/verkaufsprogramm\/einbalsamierungspapier-im-format\/backpapier-4\/\">Backpapier<\/a><\/h3><p class=\"elementor-image-box-description\">Silikonbeschichtetes Backpapier, optional wiederverwendbar.\n<br><br><strong>Benutzerfreundlichkeit:<\/strong>\n<ul>\n<li>zum Schutz von Backblechen und anderen Verpackungen<\/li>\n<li>zum Einwickeln von Flaschen<\/li>\n<li>als Zwischenprodukt beim Druck von T-Shirts und \u00e4hnlichen Produkten<\/li>\n<\/ul><\/p><\/div><\/div>\t\t\t\t<\/div>\n\t\t\t\t\t<\/div>\n\t\t<\/div>\n\t\t\t\t<div class=\"elementor-column elementor-col-50 elementor-inner-column elementor-element elementor-element-1b0d4a36\" data-id=\"1b0d4a36\" data-element_type=\"column\" data-e-type=\"column\">\n\t\t\t<div class=\"elementor-widget-wrap elementor-element-populated\">\n\t\t\t\t\t\t<div class=\"elementor-element elementor-element-6143bbb4 prodajni-tile elementor-position-top elementor-widget elementor-widget-image-box\" data-id=\"6143bbb4\" data-element_type=\"widget\" data-e-type=\"widget\" data-widget_type=\"image-box.default\">\n\t\t\t\t\t<div class=\"elementor-image-box-wrapper\"><figure class=\"elementor-image-box-img\"><a href=\"https:\/\/papirol.si\/de\/verkaufsprogramm\/einbalsamierungspapier-im-format\/hut\/\" tabindex=\"-1\"><img loading=\"lazy\" decoding=\"async\" width=\"325\" height=\"217\" src=\"https:\/\/papirol.si\/wp-content\/uploads\/2019\/12\/Papir-v-formatu_r7ejxfuf.png\" class=\"attachment-full size-full wp-image-1963\" alt=\"\" srcset=\"https:\/\/papirol.si\/wp-content\/uploads\/2019\/12\/Papir-v-formatu_r7ejxfuf.png 325w, https:\/\/papirol.si\/wp-content\/uploads\/2019\/12\/Papir-v-formatu_r7ejxfuf-300x200.png 300w, https:\/\/papirol.si\/wp-content\/uploads\/2019\/12\/Papir-v-formatu_r7ejxfuf-285x190.png 285w, https:\/\/papirol.si\/wp-content\/uploads\/2019\/12\/Papir-v-formatu_r7ejxfuf-150x100.png 150w\" sizes=\"(max-width: 325px) 100vw, 325px\" \/><\/a><\/figure><div class=\"elementor-image-box-content\"><h3 class=\"elementor-image-box-title\"><a href=\"https:\/\/papirol.si\/de\/verkaufsprogramm\/einbalsamierungspapier-im-format\/hut\/\">Wurst<\/a><\/h3><p class=\"elementor-image-box-description\">Wei\u00dfes Seidenpapier zum Schutz vor \u00e4u\u00dferen Einfl\u00fcssen.\n\n<br><br><strong>Benutzerfreundlichkeit:<\/strong>\n<ul>\n<li>zum Schutz von Lebensmitteln, Blumen und Topfpflanzen<\/li>\n<li>Schutz vor Sch\u00e4den an Glas, Ton, Keramik und \u00e4hnlichen Gegenst\u00e4nden<\/li>\n<li>als Zwischenelement, mit oder ohne Werbeaufdruck, zwischen dem Produkt und der Schachtel, der Tragetasche oder dem Karton<\/li>\n<\/ul>\n<\/p><\/div><\/div>\t\t\t\t<\/div>\n\t\t\t\t<div class=\"elementor-element elementor-element-77eae3e prodajni-tile elementor-position-top elementor-widget elementor-widget-image-box\" data-id=\"77eae3e\" data-element_type=\"widget\" data-e-type=\"widget\" data-widget_type=\"image-box.default\">\n\t\t\t\t\t<div class=\"elementor-image-box-wrapper\"><figure class=\"elementor-image-box-img\"><a href=\"https:\/\/papirol.si\/de\/verkaufsprogramm\/tuten-fur-take-away-und-fast-food\/papirolfol-mascobesistentes-papier\/\" tabindex=\"-1\"><img loading=\"lazy\" decoding=\"async\" width=\"418\" height=\"319\" src=\"https:\/\/papirol.si\/wp-content\/uploads\/2020\/01\/h7z1tevh.jpg\" class=\"attachment-full size-full wp-image-2273\" alt=\"\" srcset=\"https:\/\/papirol.si\/wp-content\/uploads\/2020\/01\/h7z1tevh.jpg 418w, https:\/\/papirol.si\/wp-content\/uploads\/2020\/01\/h7z1tevh-300x229.jpg 300w, https:\/\/papirol.si\/wp-content\/uploads\/2020\/01\/h7z1tevh-285x218.jpg 285w, https:\/\/papirol.si\/wp-content\/uploads\/2020\/01\/h7z1tevh-150x114.jpg 150w\" sizes=\"(max-width: 418px) 100vw, 418px\" \/><\/a><\/figure><div class=\"elementor-image-box-content\"><h3 class=\"elementor-image-box-title\"><a href=\"https:\/\/papirol.si\/de\/verkaufsprogramm\/tuten-fur-take-away-und-fast-food\/papirolfol-mascobesistentes-papier\/\">Papirolfol fettdichtes Papier<\/a><\/h3><p class=\"elementor-image-box-description\">Papirolfol fettdichtes, wei\u00dfes Papier mit einer laminierten Folie, die W\u00e4rme und Fl\u00fcssigkeit zur\u00fcckh\u00e4lt.\n<br><br>\n<strong>Benutzerfreundlichkeit:<\/strong>\n<ul>\n<li>zum Umh\u00fcllen von Burek und anderen fetthaltigen B\u00e4ckereiprodukten<\/li>\n<li>f\u00fcr die Umh\u00fcllung von Fleisch- und Feinkostprodukten<\/li>\n<li>f\u00fcr das Zwischenst\u00fcck zwischen Karton und anderen Verpackungen und dem Lebensmittelprodukt<\/li>\n<\/ul><\/p><\/div><\/div>\t\t\t\t<\/div>\n\t\t\t\t<div class=\"elementor-element elementor-element-a749411 prodajni-tile elementor-position-top elementor-widget elementor-widget-image-box\" data-id=\"a749411\" data-element_type=\"widget\" data-e-type=\"widget\" data-widget_type=\"image-box.default\">\n\t\t\t\t\t<div class=\"elementor-image-box-wrapper\"><figure class=\"elementor-image-box-img\"><a href=\"https:\/\/papirol.si\/de\/verkaufsprogramm\/einbalsamierungspapier-im-format\/einwickelpapier\/\" tabindex=\"-1\"><img loading=\"lazy\" decoding=\"async\" width=\"2560\" height=\"1393\" src=\"https:\/\/papirol.si\/wp-content\/uploads\/2020\/02\/ovojn-papir-natron-papirol-scaled.jpg\" class=\"attachment-full size-full wp-image-2645\" alt=\"geschenkpapier natron - papirol\" srcset=\"https:\/\/papirol.si\/wp-content\/uploads\/2020\/02\/ovojn-papir-natron-papirol-scaled.jpg 2560w, https:\/\/papirol.si\/wp-content\/uploads\/2020\/02\/ovojn-papir-natron-papirol-300x163.jpg 300w, https:\/\/papirol.si\/wp-content\/uploads\/2020\/02\/ovojn-papir-natron-papirol-1024x557.jpg 1024w, https:\/\/papirol.si\/wp-content\/uploads\/2020\/02\/ovojn-papir-natron-papirol-768x418.jpg 768w, https:\/\/papirol.si\/wp-content\/uploads\/2020\/02\/ovojn-papir-natron-papirol-1536x836.jpg 1536w, https:\/\/papirol.si\/wp-content\/uploads\/2020\/02\/ovojn-papir-natron-papirol-2048x1114.jpg 2048w, https:\/\/papirol.si\/wp-content\/uploads\/2020\/02\/ovojn-papir-natron-papirol-285x155.jpg 285w, https:\/\/papirol.si\/wp-content\/uploads\/2020\/02\/ovojn-papir-natron-papirol-1600x870.jpg 1600w, https:\/\/papirol.si\/wp-content\/uploads\/2020\/02\/ovojn-papir-natron-papirol-660x359.jpg 660w, https:\/\/papirol.si\/wp-content\/uploads\/2020\/02\/ovojn-papir-natron-papirol-150x82.jpg 150w\" sizes=\"(max-width: 2560px) 100vw, 2560px\" \/><\/a><\/figure><div class=\"elementor-image-box-content\"><h3 class=\"elementor-image-box-title\"><a href=\"https:\/\/papirol.si\/de\/verkaufsprogramm\/einbalsamierungspapier-im-format\/einwickelpapier\/\">Einwickelpapier<\/a><\/h3><p class=\"elementor-image-box-description\">Einschlagpapiere sind nicht nur als Schutzkleidung n\u00fctzlich, sondern werden zunehmend als zus\u00e4tzliche \u00e4u\u00dfere Werbebekleidung f\u00fcr ein Produkt verwendet.\n<br>\nAlle Einschlagpapiere, mit Ausnahme der Backpapiere, werden mit bis zu sechs Farben bedruckt.\n<br><br>\n<strong>Einwickelpapier f\u00fcr:<\/strong>\n<ul>\n<li>externer Produktschutz<\/li>\n<li>f\u00fcr Verpackungen zur F\u00f6rderung eines Produkts oder einer Marke<\/li>\n<li>in Formaten oder Rollen<\/li>\n<li>mit unterschiedlichen Eigenschaften und Dicken<\/li>\n<li>mit oder ohne Druck<\/li>\n<\/ul><\/p><\/div><\/div>\t\t\t\t<\/div>\n\t\t\t\t\t<\/div>\n\t\t<\/div>\n\t\t\t\t\t<\/div>\n\t\t<\/section>\n\t\t\t\t<\/div>","protected":false},"excerpt":{"rendered":"<p>Havana Havana papir pol ma\u0161\u010dobo odporni papir, ki delno zadr\u017euje ma\u0161\u010dobo. Uporabnost: v pekovski, mesni in \u017eivilsko predelovalni&#8230;<\/p>","protected":false},"author":5,"featured_media":0,"parent":1742,"menu_order":6,"comment_status":"closed","ping_status":"closed","template":"elementor_header_footer","meta":{"footnotes":""},"class_list":["post-1773","page","type-page","status-publish","hentry"],"yoast_head":"<!-- This site is optimized with the Yoast SEO plugin v27.3 - https:\/\/yoast.com\/product\/yoast-seo-wordpress\/ -->\n<title>Ovijalni, embala\u017eni in papir v formatu | Papirol<\/title>\n<meta name=\"robots\" content=\"index, follow, max-snippet:-1, max-image-preview:large, max-video-preview:-1\" \/>\n<link rel=\"canonical\" href=\"https:\/\/papirol.si\/de\/verkaufsprogramm\/einbalsamierungspapier-im-format\/\" \/>\n<meta property=\"og:locale\" content=\"de_DE\" \/>\n<meta property=\"og:type\" content=\"article\" \/>\n<meta property=\"og:title\" content=\"Ovijalni, embala\u017eni in papir v formatu | Papirol\" \/>\n<meta property=\"og:description\" content=\"Havana Havana papir pol ma\u0161\u010dobo odporni papir, ki delno zadr\u017euje ma\u0161\u010dobo. Uporabnost: v pekovski, mesni in \u017eivilsko predelovalni...\" \/>\n<meta property=\"og:url\" content=\"https:\/\/papirol.si\/de\/verkaufsprogramm\/einbalsamierungspapier-im-format\/\" \/>\n<meta property=\"og:site_name\" content=\"Papirol\" \/>\n<meta property=\"article:modified_time\" content=\"2023-05-10T09:49:27+00:00\" \/>\n<meta property=\"og:image\" content=\"https:\/\/papirol.si\/wp-content\/uploads\/2019\/12\/Papir-v-formatu_r02xjqe2.png\" \/>\n\t<meta property=\"og:image:width\" content=\"327\" \/>\n\t<meta property=\"og:image:height\" content=\"219\" \/>\n\t<meta property=\"og:image:type\" content=\"image\/png\" \/>\n<meta name=\"twitter:card\" content=\"summary_large_image\" \/>\n<meta name=\"twitter:label1\" content=\"Gesch\u00e4tzte Lesezeit\" \/>\n\t<meta name=\"twitter:data1\" content=\"1\u00a0Minute\" \/>\n<script type=\"application\/ld+json\" class=\"yoast-schema-graph\">{\"@context\":\"https:\\\/\\\/schema.org\",\"@graph\":[{\"@type\":\"WebPage\",\"@id\":\"https:\\\/\\\/papirol.si\\\/prodajni-program\\\/ovijalni-embalazni-papir-v-formatu\\\/\",\"url\":\"https:\\\/\\\/papirol.si\\\/prodajni-program\\\/ovijalni-embalazni-papir-v-formatu\\\/\",\"name\":\"Ovijalni, embala\u017eni in papir v formatu | Papirol\",\"isPartOf\":{\"@id\":\"https:\\\/\\\/papirol.si\\\/#website\"},\"primaryImageOfPage\":{\"@id\":\"https:\\\/\\\/papirol.si\\\/prodajni-program\\\/ovijalni-embalazni-papir-v-formatu\\\/#primaryimage\"},\"image\":{\"@id\":\"https:\\\/\\\/papirol.si\\\/prodajni-program\\\/ovijalni-embalazni-papir-v-formatu\\\/#primaryimage\"},\"thumbnailUrl\":\"https:\\\/\\\/papirol.si\\\/wp-content\\\/uploads\\\/2019\\\/12\\\/Papir-v-formatu_r02xjqe2.png\",\"datePublished\":\"2019-11-19T10:48:13+00:00\",\"dateModified\":\"2023-05-10T09:49:27+00:00\",\"breadcrumb\":{\"@id\":\"https:\\\/\\\/papirol.si\\\/prodajni-program\\\/ovijalni-embalazni-papir-v-formatu\\\/#breadcrumb\"},\"inLanguage\":\"de\",\"potentialAction\":[{\"@type\":\"ReadAction\",\"target\":[\"https:\\\/\\\/papirol.si\\\/prodajni-program\\\/ovijalni-embalazni-papir-v-formatu\\\/\"]}]},{\"@type\":\"ImageObject\",\"inLanguage\":\"de\",\"@id\":\"https:\\\/\\\/papirol.si\\\/prodajni-program\\\/ovijalni-embalazni-papir-v-formatu\\\/#primaryimage\",\"url\":\"https:\\\/\\\/papirol.si\\\/wp-content\\\/uploads\\\/2019\\\/12\\\/Papir-v-formatu_r02xjqe2.png\",\"contentUrl\":\"https:\\\/\\\/papirol.si\\\/wp-content\\\/uploads\\\/2019\\\/12\\\/Papir-v-formatu_r02xjqe2.png\"},{\"@type\":\"BreadcrumbList\",\"@id\":\"https:\\\/\\\/papirol.si\\\/prodajni-program\\\/ovijalni-embalazni-papir-v-formatu\\\/#breadcrumb\",\"itemListElement\":[{\"@type\":\"ListItem\",\"position\":1,\"name\":\"Home\",\"item\":\"https:\\\/\\\/papirol.si\\\/\"},{\"@type\":\"ListItem\",\"position\":2,\"name\":\"Prodajni program\",\"item\":\"https:\\\/\\\/papirol.si\\\/prodajni-program\\\/\"},{\"@type\":\"ListItem\",\"position\":3,\"name\":\"Ovijalni, embala\u017eni in papir v formatu\"}]},{\"@type\":\"WebSite\",\"@id\":\"https:\\\/\\\/papirol.si\\\/#website\",\"url\":\"https:\\\/\\\/papirol.si\\\/\",\"name\":\"Papirol\",\"description\":\"Obla\u010dimo va\u0161e izdelke \u017ee 36 let!\",\"publisher\":{\"@id\":\"https:\\\/\\\/papirol.si\\\/#organization\"},\"potentialAction\":[{\"@type\":\"SearchAction\",\"target\":{\"@type\":\"EntryPoint\",\"urlTemplate\":\"https:\\\/\\\/papirol.si\\\/?s={search_term_string}\"},\"query-input\":{\"@type\":\"PropertyValueSpecification\",\"valueRequired\":true,\"valueName\":\"search_term_string\"}}],\"inLanguage\":\"de\"},{\"@type\":\"Organization\",\"@id\":\"https:\\\/\\\/papirol.si\\\/#organization\",\"name\":\"Papirol\",\"url\":\"https:\\\/\\\/papirol.si\\\/\",\"logo\":{\"@type\":\"ImageObject\",\"inLanguage\":\"de\",\"@id\":\"https:\\\/\\\/papirol.si\\\/#\\\/schema\\\/logo\\\/image\\\/\",\"url\":\"https:\\\/\\\/papirol.si\\\/wp-content\\\/uploads\\\/2019\\\/12\\\/papirol-bela.png\",\"contentUrl\":\"https:\\\/\\\/papirol.si\\\/wp-content\\\/uploads\\\/2019\\\/12\\\/papirol-bela.png\",\"width\":400,\"height\":80,\"caption\":\"Papirol\"},\"image\":{\"@id\":\"https:\\\/\\\/papirol.si\\\/#\\\/schema\\\/logo\\\/image\\\/\"}}]}<\/script>\n<!-- \/ Yoast SEO plugin. -->","yoast_head_json":{"title":"Einwickeln, Verpacken und formatiertes Papier | Papirol","robots":{"index":"index","follow":"follow","max-snippet":"max-snippet:-1","max-image-preview":"max-image-preview:large","max-video-preview":"max-video-preview:-1"},"canonical":"https:\/\/papirol.si\/de\/verkaufsprogramm\/einbalsamierungspapier-im-format\/","og_locale":"de_DE","og_type":"article","og_title":"Ovijalni, embala\u017eni in papir v formatu | Papirol","og_description":"Havana Havana papir pol ma\u0161\u010dobo odporni papir, ki delno zadr\u017euje ma\u0161\u010dobo. Uporabnost: v pekovski, mesni in \u017eivilsko predelovalni...","og_url":"https:\/\/papirol.si\/de\/verkaufsprogramm\/einbalsamierungspapier-im-format\/","og_site_name":"Papirol","article_modified_time":"2023-05-10T09:49:27+00:00","og_image":[{"width":327,"height":219,"url":"https:\/\/papirol.si\/wp-content\/uploads\/2019\/12\/Papir-v-formatu_r02xjqe2.png","type":"image\/png"}],"twitter_card":"summary_large_image","twitter_misc":{"Gesch\u00e4tzte Lesezeit":"1\u00a0Minute"},"schema":{"@context":"https:\/\/schema.org","@graph":[{"@type":"WebPage","@id":"https:\/\/papirol.si\/prodajni-program\/ovijalni-embalazni-papir-v-formatu\/","url":"https:\/\/papirol.si\/prodajni-program\/ovijalni-embalazni-papir-v-formatu\/","name":"Einwickeln, Verpacken und formatiertes Papier | Papirol","isPartOf":{"@id":"https:\/\/papirol.si\/#website"},"primaryImageOfPage":{"@id":"https:\/\/papirol.si\/prodajni-program\/ovijalni-embalazni-papir-v-formatu\/#primaryimage"},"image":{"@id":"https:\/\/papirol.si\/prodajni-program\/ovijalni-embalazni-papir-v-formatu\/#primaryimage"},"thumbnailUrl":"https:\/\/papirol.si\/wp-content\/uploads\/2019\/12\/Papir-v-formatu_r02xjqe2.png","datePublished":"2019-11-19T10:48:13+00:00","dateModified":"2023-05-10T09:49:27+00:00","breadcrumb":{"@id":"https:\/\/papirol.si\/prodajni-program\/ovijalni-embalazni-papir-v-formatu\/#breadcrumb"},"inLanguage":"de","potentialAction":[{"@type":"ReadAction","target":["https:\/\/papirol.si\/prodajni-program\/ovijalni-embalazni-papir-v-formatu\/"]}]},{"@type":"ImageObject","inLanguage":"de","@id":"https:\/\/papirol.si\/prodajni-program\/ovijalni-embalazni-papir-v-formatu\/#primaryimage","url":"https:\/\/papirol.si\/wp-content\/uploads\/2019\/12\/Papir-v-formatu_r02xjqe2.png","contentUrl":"https:\/\/papirol.si\/wp-content\/uploads\/2019\/12\/Papir-v-formatu_r02xjqe2.png"},{"@type":"BreadcrumbList","@id":"https:\/\/papirol.si\/prodajni-program\/ovijalni-embalazni-papir-v-formatu\/#breadcrumb","itemListElement":[{"@type":"ListItem","position":1,"name":"Home","item":"https:\/\/papirol.si\/"},{"@type":"ListItem","position":2,"name":"Prodajni program","item":"https:\/\/papirol.si\/prodajni-program\/"},{"@type":"ListItem","position":3,"name":"Ovijalni, embala\u017eni in papir v formatu"}]},{"@type":"WebSite","@id":"https:\/\/papirol.si\/#website","url":"https:\/\/papirol.si\/","name":"Papirol","description":"Wir kleiden Ihre Produkte seit 36 Jahren ein!","publisher":{"@id":"https:\/\/papirol.si\/#organization"},"potentialAction":[{"@type":"SearchAction","target":{"@type":"EntryPoint","urlTemplate":"https:\/\/papirol.si\/?s={search_term_string}"},"query-input":{"@type":"PropertyValueSpecification","valueRequired":true,"valueName":"search_term_string"}}],"inLanguage":"de"},{"@type":"Organization","@id":"https:\/\/papirol.si\/#organization","name":"Papirol","url":"https:\/\/papirol.si\/","logo":{"@type":"ImageObject","inLanguage":"de","@id":"https:\/\/papirol.si\/#\/schema\/logo\/image\/","url":"https:\/\/papirol.si\/wp-content\/uploads\/2019\/12\/papirol-bela.png","contentUrl":"https:\/\/papirol.si\/wp-content\/uploads\/2019\/12\/papirol-bela.png","width":400,"height":80,"caption":"Papirol"},"image":{"@id":"https:\/\/papirol.si\/#\/schema\/logo\/image\/"}}]}},"_links":{"self":[{"href":"https:\/\/papirol.si\/de\/wp-json\/wp\/v2\/pages\/1773","targetHints":{"allow":["GET"]}}],"collection":[{"href":"https:\/\/papirol.si\/de\/wp-json\/wp\/v2\/pages"}],"about":[{"href":"https:\/\/papirol.si\/de\/wp-json\/wp\/v2\/types\/page"}],"author":[{"embeddable":true,"href":"https:\/\/papirol.si\/de\/wp-json\/wp\/v2\/users\/5"}],"replies":[{"embeddable":true,"href":"https:\/\/papirol.si\/de\/wp-json\/wp\/v2\/comments?post=1773"}],"version-history":[{"count":27,"href":"https:\/\/papirol.si\/de\/wp-json\/wp\/v2\/pages\/1773\/revisions"}],"predecessor-version":[{"id":4304,"href":"https:\/\/papirol.si\/de\/wp-json\/wp\/v2\/pages\/1773\/revisions\/4304"}],"up":[{"embeddable":true,"href":"https:\/\/papirol.si\/de\/wp-json\/wp\/v2\/pages\/1742"}],"wp:attachment":[{"href":"https:\/\/papirol.si\/de\/wp-json\/wp\/v2\/media?parent=1773"}],"curies":[{"name":"wp","href":"https:\/\/api.w.org\/{rel}","templated":true}]}}