{"id":1775,"date":"2019-11-19T11:53:29","date_gmt":"2019-11-19T10:53:29","guid":{"rendered":"https:\/\/papirol.si\/?page_id=1775"},"modified":"2020-03-02T14:16:09","modified_gmt":"2020-03-02T13:16:09","slug":"blumenarrangement-dekoratives-papier-und-zellophan","status":"publish","type":"page","link":"https:\/\/papirol.si\/de\/prodajni-program\/cvetlicarski-aranzerski-dekorativni-papir-in-celofan\/","title":{"rendered":"Floristik, Blumenschmuck, Dekorationspapier und Zellophan"},"content":{"rendered":"<div data-elementor-type=\"wp-page\" data-elementor-id=\"1775\" class=\"elementor elementor-1775\" data-elementor-post-type=\"page\">\n\t\t\t\t\t\t<section class=\"elementor-section elementor-top-section elementor-element elementor-element-6b485411 elementor-section-content-middle elementor-section-boxed elementor-section-height-default elementor-section-height-default\" data-id=\"6b485411\" data-element_type=\"section\" data-e-type=\"section\" id=\"produkt-bio\" data-settings=\"{&quot;background_background&quot;:&quot;classic&quot;}\">\n\t\t\t\t\t\t<div class=\"elementor-container elementor-column-gap-default\">\n\t\t\t\t\t<div class=\"elementor-column elementor-col-50 elementor-top-column elementor-element elementor-element-331b63c7\" data-id=\"331b63c7\" data-element_type=\"column\" data-e-type=\"column\">\n\t\t\t<div class=\"elementor-widget-wrap elementor-element-populated\">\n\t\t\t\t\t\t<div class=\"elementor-element elementor-element-264d5ec2 elementor-widget elementor-widget-image\" data-id=\"264d5ec2\" data-element_type=\"widget\" data-e-type=\"widget\" data-widget_type=\"image.default\">\n\t\t\t\t\t\t\t\t\t\t\t\t<figure class=\"wp-caption\">\n\t\t\t\t\t\t\t\t\t\t<img decoding=\"async\" src=\"https:\/\/papirol.si\/wp-content\/uploads\/elementor\/thumbs\/ovojni-papir-rola-oran\u017ena-ro\u017ee-scaled-e1583153751989-olz7tiytjaethlkvdthbffxspb1t80ezgwcogwh5ww.jpg\" title=\"Papirol-Geschenkpapier, orange\" alt=\"Papirol-Geschenkpapier, orange\" loading=\"lazy\" \/>\t\t\t\t\t\t\t\t\t\t\t<figcaption class=\"widget-image-caption wp-caption-text\"><\/figcaption>\n\t\t\t\t\t\t\t\t\t\t<\/figure>\n\t\t\t\t\t\t\t\t\t<\/div>\n\t\t\t\t<div class=\"elementor-element elementor-element-124e0fc elementor-widget elementor-widget-image\" data-id=\"124e0fc\" data-element_type=\"widget\" data-e-type=\"widget\" data-widget_type=\"image.default\">\n\t\t\t\t\t\t\t\t\t\t\t\t\t\t\t<img decoding=\"async\" src=\"https:\/\/papirol.si\/wp-content\/uploads\/elementor\/thumbs\/ovojni-papir-role-modraro\u017eice-scaled-olz8fwii8b0ey8e71ubo82zt0tuywual0og4p48tpc.jpg\" title=\"Papirol Geschenkpapier - blau\" alt=\"Papirol Geschenkpapier - blau\" loading=\"lazy\" \/>\t\t\t\t\t\t\t\t\t\t\t\t\t\t\t<\/div>\n\t\t\t\t\t<\/div>\n\t\t<\/div>\n\t\t\t\t<div class=\"elementor-column elementor-col-50 elementor-top-column elementor-element elementor-element-bde1d42\" data-id=\"bde1d42\" data-element_type=\"column\" data-e-type=\"column\">\n\t\t\t<div class=\"elementor-widget-wrap elementor-element-populated\">\n\t\t\t\t\t\t<div class=\"elementor-element elementor-element-7db19e42 elementor-widget elementor-widget-text-editor\" data-id=\"7db19e42\" data-element_type=\"widget\" data-e-type=\"widget\" data-widget_type=\"text-editor.default\">\n\t\t\t\t\t\t\t\t\t<p><span style=\"font-weight: 400;\">Das Geschenkpapier f\u00fcr Floristen besteht grunds\u00e4tzlich aus braunem oder wei\u00dfem Papier.<\/span><\/p><p><span style=\"font-weight: 400;\">Das Papier ist auch farbig - entweder ganz oder teilweise, auf einer oder auf beiden Seiten.<\/span><\/p><p><span style=\"font-weight: 400;\">Sie eignen sich zum Arrangieren von Blumen, zur Dekoration, zum Schutz und als Werbebotschaft; sie sind auch f\u00fcr kreative Workshops in Schulen und Kinderg\u00e4rten willkommen.<\/span><\/p><p><span style=\"font-weight: 400;\">Dicken, Typen, Farben und Abmessungen werden je nach Anwendung angepasst.<\/span><\/p><p><span style=\"font-weight: 400;\">Standardmaterial in Rollen, in klassischen dunklen und hellen Farben, ein- oder zweiseitig bedruckt; auch in Naturbraun!<\/span><\/p><p>Die Rollen sind in einer Breite von 70 cm erh\u00e4ltlich und es werden 100 m Papier auf die Rolle gewickelt. Rollen mit anderen Breiten und anderen Wicklungen k\u00f6nnen auf Bestellung hergestellt werden.<\/p><p><span style=\"font-weight: 400;\">F\u00fcr alle Retro-Fans f\u00fchren wir Geschenkpapier, Kerzensets, optional kompostierbares Zellophan, alles in Rollen.<\/span><\/p>\t\t\t\t\t\t\t\t<\/div>\n\t\t\t\t<div class=\"elementor-element elementor-element-40b6c46 elementor-widget elementor-widget-image\" data-id=\"40b6c46\" data-element_type=\"widget\" data-e-type=\"widget\" data-widget_type=\"image.default\">\n\t\t\t\t\t\t\t\t\t\t\t\t\t\t\t<img fetchpriority=\"high\" decoding=\"async\" width=\"300\" height=\"300\" src=\"https:\/\/papirol.si\/wp-content\/uploads\/2020\/03\/r1201191-01-300x300.jpg\" class=\"attachment-medium size-medium wp-image-2772\" alt=\"\" srcset=\"https:\/\/papirol.si\/wp-content\/uploads\/2020\/03\/r1201191-01-300x300.jpg 300w, https:\/\/papirol.si\/wp-content\/uploads\/2020\/03\/r1201191-01-150x150.jpg 150w, https:\/\/papirol.si\/wp-content\/uploads\/2020\/03\/r1201191-01-768x768.jpg 768w, https:\/\/papirol.si\/wp-content\/uploads\/2020\/03\/r1201191-01-285x285.jpg 285w, https:\/\/papirol.si\/wp-content\/uploads\/2020\/03\/r1201191-01-660x660.jpg 660w, https:\/\/papirol.si\/wp-content\/uploads\/2020\/03\/r1201191-01.jpg 1000w\" sizes=\"(max-width: 300px) 100vw, 300px\" \/>\t\t\t\t\t\t\t\t\t\t\t\t\t\t\t<\/div>\n\t\t\t\t\t<\/div>\n\t\t<\/div>\n\t\t\t\t\t<\/div>\n\t\t<\/section>\n\t\t\t\t<section class=\"elementor-section elementor-top-section elementor-element elementor-element-da4e278 elementor-section-boxed elementor-section-height-default elementor-section-height-default\" data-id=\"da4e278\" data-element_type=\"section\" data-e-type=\"section\" data-settings=\"{&quot;background_background&quot;:&quot;classic&quot;}\">\n\t\t\t\t\t\t<div class=\"elementor-container elementor-column-gap-default\">\n\t\t\t\t\t<div class=\"elementor-column elementor-col-100 elementor-top-column elementor-element elementor-element-4f702e8\" data-id=\"4f702e8\" data-element_type=\"column\" data-e-type=\"column\" data-settings=\"{&quot;background_background&quot;:&quot;classic&quot;}\">\n\t\t\t<div class=\"elementor-widget-wrap elementor-element-populated\">\n\t\t\t\t\t\t<div class=\"elementor-element elementor-element-0b09fb3 elementor-widget elementor-widget-image\" data-id=\"0b09fb3\" data-element_type=\"widget\" data-e-type=\"widget\" data-widget_type=\"image.default\">\n\t\t\t\t\t\t\t\t\t\t\t\t\t\t\t<img decoding=\"async\" width=\"670\" height=\"800\" src=\"https:\/\/papirol.si\/wp-content\/uploads\/2020\/01\/barvni-papirji-zaloga.jpg\" class=\"attachment-large size-large wp-image-2321\" alt=\"\" srcset=\"https:\/\/papirol.si\/wp-content\/uploads\/2020\/01\/barvni-papirji-zaloga.jpg 670w, https:\/\/papirol.si\/wp-content\/uploads\/2020\/01\/barvni-papirji-zaloga-251x300.jpg 251w, https:\/\/papirol.si\/wp-content\/uploads\/2020\/01\/barvni-papirji-zaloga-285x340.jpg 285w, https:\/\/papirol.si\/wp-content\/uploads\/2020\/01\/barvni-papirji-zaloga-553x660.jpg 553w, https:\/\/papirol.si\/wp-content\/uploads\/2020\/01\/barvni-papirji-zaloga-126x150.jpg 126w\" sizes=\"(max-width: 670px) 100vw, 670px\" \/>\t\t\t\t\t\t\t\t\t\t\t\t\t\t\t<\/div>\n\t\t\t\t\t<\/div>\n\t\t<\/div>\n\t\t\t\t\t<\/div>\n\t\t<\/section>\n\t\t\t\t<section class=\"elementor-section elementor-top-section elementor-element elementor-element-123e79f3 elementor-section-boxed elementor-section-height-default elementor-section-height-default\" data-id=\"123e79f3\" data-element_type=\"section\" data-e-type=\"section\" id=\"povp-sect\" data-settings=\"{&quot;background_background&quot;:&quot;classic&quot;}\">\n\t\t\t\t\t\t\t<div class=\"elementor-background-overlay\"><\/div>\n\t\t\t\t\t\t\t<div class=\"elementor-container elementor-column-gap-default\">\n\t\t\t\t\t<div class=\"elementor-column elementor-col-100 elementor-top-column elementor-element elementor-element-1cd03ae3\" data-id=\"1cd03ae3\" data-element_type=\"column\" data-e-type=\"column\">\n\t\t\t<div class=\"elementor-widget-wrap elementor-element-populated\">\n\t\t\t\t\t\t<div class=\"elementor-element elementor-element-113093bc elementor-widget elementor-widget-heading\" data-id=\"113093bc\" data-element_type=\"widget\" data-e-type=\"widget\" data-widget_type=\"heading.default\">\n\t\t\t\t\t<h2 class=\"elementor-heading-title elementor-size-default elementor-heading-title elementor-align-after-center\"><span style=\"font-weight:normal\"><span style=\"font-size: 9pt;font-weight: 700;vertical-align: baseline\"><\/span><\/span>Verwenden Sie umweltfreundliche Verpackungen!<\/h2>\t\t\t\t<\/div>\n\t\t\t\t<div class=\"elementor-element elementor-element-5639d5fc elementor-widget elementor-widget-sm-default-button\" data-id=\"5639d5fc\" data-element_type=\"widget\" data-e-type=\"widget\" data-widget_type=\"sm-default-button.default\">\n\t\t\t\t<div class=\"elementor-widget-container\">\n\t\t\t\t\t\n\t\t\t\t<a   href=\"https:\/\/papirol.si\/de\/povprasevanje\/\" class=\"btn\">Senden Sie Ihre Anfrage<i class=\"ti ti-arrow-right\"><\/i><\/a>\n\t\t\n\t\t\t\t\t<\/div>\n\t\t\t\t<\/div>\n\t\t\t\t\t<\/div>\n\t\t<\/div>\n\t\t\t\t\t<\/div>\n\t\t<\/section>\n\t\t\t\t<\/div>","protected":false},"excerpt":{"rendered":"<p>Cvetli\u010darski ovojni papirji so v osnovi izdelani iz gladkega rjavega ali belega papirja. Papir tudi barvamo &#8211; bodisi&#8230;<\/p>","protected":false},"author":5,"featured_media":0,"parent":1742,"menu_order":7,"comment_status":"closed","ping_status":"closed","template":"elementor_header_footer","meta":{"footnotes":""},"class_list":["post-1775","page","type-page","status-publish","hentry"],"yoast_head":"<!-- This site is optimized with the Yoast SEO plugin v27.3 - https:\/\/yoast.com\/product\/yoast-seo-wordpress\/ -->\n<title>Cvetli\u010darski, aran\u017eerski, dekorativni papir in celofan | Papirol<\/title>\n<meta name=\"robots\" content=\"index, follow, max-snippet:-1, max-image-preview:large, max-video-preview:-1\" \/>\n<link rel=\"canonical\" href=\"https:\/\/papirol.si\/de\/verkaufsprogramm\/blumenarrangement-dekoratives-papier-und-zellophan\/\" \/>\n<meta property=\"og:locale\" content=\"de_DE\" \/>\n<meta property=\"og:type\" content=\"article\" \/>\n<meta property=\"og:title\" content=\"Cvetli\u010darski, aran\u017eerski, dekorativni papir in celofan | Papirol\" \/>\n<meta property=\"og:description\" content=\"Cvetli\u010darski ovojni papirji so v osnovi izdelani iz gladkega rjavega ali belega papirja. Papir tudi barvamo &#8211; bodisi...\" \/>\n<meta property=\"og:url\" content=\"https:\/\/papirol.si\/de\/verkaufsprogramm\/blumenarrangement-dekoratives-papier-und-zellophan\/\" \/>\n<meta property=\"og:site_name\" content=\"Papirol\" \/>\n<meta property=\"article:modified_time\" content=\"2020-03-02T13:16:09+00:00\" \/>\n<meta property=\"og:image\" content=\"https:\/\/papirol.si\/wp-content\/uploads\/2020\/03\/r1201191-01-300x300.jpg\" \/>\n<meta name=\"twitter:card\" content=\"summary_large_image\" \/>\n<meta name=\"twitter:label1\" content=\"Gesch\u00e4tzte Lesezeit\" \/>\n\t<meta name=\"twitter:data1\" content=\"1\u00a0Minute\" \/>\n<script type=\"application\/ld+json\" class=\"yoast-schema-graph\">{\"@context\":\"https:\\\/\\\/schema.org\",\"@graph\":[{\"@type\":\"WebPage\",\"@id\":\"https:\\\/\\\/papirol.si\\\/prodajni-program\\\/cvetlicarski-aranzerski-dekorativni-papir-in-celofan\\\/\",\"url\":\"https:\\\/\\\/papirol.si\\\/prodajni-program\\\/cvetlicarski-aranzerski-dekorativni-papir-in-celofan\\\/\",\"name\":\"Cvetli\u010darski, aran\u017eerski, dekorativni papir in celofan | Papirol\",\"isPartOf\":{\"@id\":\"https:\\\/\\\/papirol.si\\\/#website\"},\"primaryImageOfPage\":{\"@id\":\"https:\\\/\\\/papirol.si\\\/prodajni-program\\\/cvetlicarski-aranzerski-dekorativni-papir-in-celofan\\\/#primaryimage\"},\"image\":{\"@id\":\"https:\\\/\\\/papirol.si\\\/prodajni-program\\\/cvetlicarski-aranzerski-dekorativni-papir-in-celofan\\\/#primaryimage\"},\"thumbnailUrl\":\"https:\\\/\\\/papirol.si\\\/wp-content\\\/uploads\\\/2020\\\/03\\\/r1201191-01-300x300.jpg\",\"datePublished\":\"2019-11-19T10:53:29+00:00\",\"dateModified\":\"2020-03-02T13:16:09+00:00\",\"breadcrumb\":{\"@id\":\"https:\\\/\\\/papirol.si\\\/prodajni-program\\\/cvetlicarski-aranzerski-dekorativni-papir-in-celofan\\\/#breadcrumb\"},\"inLanguage\":\"de\",\"potentialAction\":[{\"@type\":\"ReadAction\",\"target\":[\"https:\\\/\\\/papirol.si\\\/prodajni-program\\\/cvetlicarski-aranzerski-dekorativni-papir-in-celofan\\\/\"]}]},{\"@type\":\"ImageObject\",\"inLanguage\":\"de\",\"@id\":\"https:\\\/\\\/papirol.si\\\/prodajni-program\\\/cvetlicarski-aranzerski-dekorativni-papir-in-celofan\\\/#primaryimage\",\"url\":\"https:\\\/\\\/papirol.si\\\/wp-content\\\/uploads\\\/2020\\\/03\\\/r1201191-01-300x300.jpg\",\"contentUrl\":\"https:\\\/\\\/papirol.si\\\/wp-content\\\/uploads\\\/2020\\\/03\\\/r1201191-01-300x300.jpg\"},{\"@type\":\"BreadcrumbList\",\"@id\":\"https:\\\/\\\/papirol.si\\\/prodajni-program\\\/cvetlicarski-aranzerski-dekorativni-papir-in-celofan\\\/#breadcrumb\",\"itemListElement\":[{\"@type\":\"ListItem\",\"position\":1,\"name\":\"Home\",\"item\":\"https:\\\/\\\/papirol.si\\\/\"},{\"@type\":\"ListItem\",\"position\":2,\"name\":\"Prodajni program\",\"item\":\"https:\\\/\\\/papirol.si\\\/prodajni-program\\\/\"},{\"@type\":\"ListItem\",\"position\":3,\"name\":\"Cvetli\u010darski, aran\u017eerski, dekorativni papir in celofan\"}]},{\"@type\":\"WebSite\",\"@id\":\"https:\\\/\\\/papirol.si\\\/#website\",\"url\":\"https:\\\/\\\/papirol.si\\\/\",\"name\":\"Papirol\",\"description\":\"Obla\u010dimo va\u0161e izdelke \u017ee 36 let!\",\"publisher\":{\"@id\":\"https:\\\/\\\/papirol.si\\\/#organization\"},\"potentialAction\":[{\"@type\":\"SearchAction\",\"target\":{\"@type\":\"EntryPoint\",\"urlTemplate\":\"https:\\\/\\\/papirol.si\\\/?s={search_term_string}\"},\"query-input\":{\"@type\":\"PropertyValueSpecification\",\"valueRequired\":true,\"valueName\":\"search_term_string\"}}],\"inLanguage\":\"de\"},{\"@type\":\"Organization\",\"@id\":\"https:\\\/\\\/papirol.si\\\/#organization\",\"name\":\"Papirol\",\"url\":\"https:\\\/\\\/papirol.si\\\/\",\"logo\":{\"@type\":\"ImageObject\",\"inLanguage\":\"de\",\"@id\":\"https:\\\/\\\/papirol.si\\\/#\\\/schema\\\/logo\\\/image\\\/\",\"url\":\"https:\\\/\\\/papirol.si\\\/wp-content\\\/uploads\\\/2019\\\/12\\\/papirol-bela.png\",\"contentUrl\":\"https:\\\/\\\/papirol.si\\\/wp-content\\\/uploads\\\/2019\\\/12\\\/papirol-bela.png\",\"width\":400,\"height\":80,\"caption\":\"Papirol\"},\"image\":{\"@id\":\"https:\\\/\\\/papirol.si\\\/#\\\/schema\\\/logo\\\/image\\\/\"}}]}<\/script>\n<!-- \/ Yoast SEO plugin. -->","yoast_head_json":{"title":"Floristik, Blumenschmuck, Dekorationspapier und Zellophan | Papirol","robots":{"index":"index","follow":"follow","max-snippet":"max-snippet:-1","max-image-preview":"max-image-preview:large","max-video-preview":"max-video-preview:-1"},"canonical":"https:\/\/papirol.si\/de\/verkaufsprogramm\/blumenarrangement-dekoratives-papier-und-zellophan\/","og_locale":"de_DE","og_type":"article","og_title":"Cvetli\u010darski, aran\u017eerski, dekorativni papir in celofan | Papirol","og_description":"Cvetli\u010darski ovojni papirji so v osnovi izdelani iz gladkega rjavega ali belega papirja. Papir tudi barvamo &#8211; bodisi...","og_url":"https:\/\/papirol.si\/de\/verkaufsprogramm\/blumenarrangement-dekoratives-papier-und-zellophan\/","og_site_name":"Papirol","article_modified_time":"2020-03-02T13:16:09+00:00","og_image":[{"url":"https:\/\/papirol.si\/wp-content\/uploads\/2020\/03\/r1201191-01-300x300.jpg","type":"","width":"","height":""}],"twitter_card":"summary_large_image","twitter_misc":{"Gesch\u00e4tzte Lesezeit":"1\u00a0Minute"},"schema":{"@context":"https:\/\/schema.org","@graph":[{"@type":"WebPage","@id":"https:\/\/papirol.si\/prodajni-program\/cvetlicarski-aranzerski-dekorativni-papir-in-celofan\/","url":"https:\/\/papirol.si\/prodajni-program\/cvetlicarski-aranzerski-dekorativni-papir-in-celofan\/","name":"Floristik, Blumenschmuck, Dekorationspapier und Zellophan | Papirol","isPartOf":{"@id":"https:\/\/papirol.si\/#website"},"primaryImageOfPage":{"@id":"https:\/\/papirol.si\/prodajni-program\/cvetlicarski-aranzerski-dekorativni-papir-in-celofan\/#primaryimage"},"image":{"@id":"https:\/\/papirol.si\/prodajni-program\/cvetlicarski-aranzerski-dekorativni-papir-in-celofan\/#primaryimage"},"thumbnailUrl":"https:\/\/papirol.si\/wp-content\/uploads\/2020\/03\/r1201191-01-300x300.jpg","datePublished":"2019-11-19T10:53:29+00:00","dateModified":"2020-03-02T13:16:09+00:00","breadcrumb":{"@id":"https:\/\/papirol.si\/prodajni-program\/cvetlicarski-aranzerski-dekorativni-papir-in-celofan\/#breadcrumb"},"inLanguage":"de","potentialAction":[{"@type":"ReadAction","target":["https:\/\/papirol.si\/prodajni-program\/cvetlicarski-aranzerski-dekorativni-papir-in-celofan\/"]}]},{"@type":"ImageObject","inLanguage":"de","@id":"https:\/\/papirol.si\/prodajni-program\/cvetlicarski-aranzerski-dekorativni-papir-in-celofan\/#primaryimage","url":"https:\/\/papirol.si\/wp-content\/uploads\/2020\/03\/r1201191-01-300x300.jpg","contentUrl":"https:\/\/papirol.si\/wp-content\/uploads\/2020\/03\/r1201191-01-300x300.jpg"},{"@type":"BreadcrumbList","@id":"https:\/\/papirol.si\/prodajni-program\/cvetlicarski-aranzerski-dekorativni-papir-in-celofan\/#breadcrumb","itemListElement":[{"@type":"ListItem","position":1,"name":"Home","item":"https:\/\/papirol.si\/"},{"@type":"ListItem","position":2,"name":"Prodajni program","item":"https:\/\/papirol.si\/prodajni-program\/"},{"@type":"ListItem","position":3,"name":"Cvetli\u010darski, aran\u017eerski, dekorativni papir in celofan"}]},{"@type":"WebSite","@id":"https:\/\/papirol.si\/#website","url":"https:\/\/papirol.si\/","name":"Papirol","description":"Wir kleiden Ihre Produkte seit 36 Jahren ein!","publisher":{"@id":"https:\/\/papirol.si\/#organization"},"potentialAction":[{"@type":"SearchAction","target":{"@type":"EntryPoint","urlTemplate":"https:\/\/papirol.si\/?s={search_term_string}"},"query-input":{"@type":"PropertyValueSpecification","valueRequired":true,"valueName":"search_term_string"}}],"inLanguage":"de"},{"@type":"Organization","@id":"https:\/\/papirol.si\/#organization","name":"Papirol","url":"https:\/\/papirol.si\/","logo":{"@type":"ImageObject","inLanguage":"de","@id":"https:\/\/papirol.si\/#\/schema\/logo\/image\/","url":"https:\/\/papirol.si\/wp-content\/uploads\/2019\/12\/papirol-bela.png","contentUrl":"https:\/\/papirol.si\/wp-content\/uploads\/2019\/12\/papirol-bela.png","width":400,"height":80,"caption":"Papirol"},"image":{"@id":"https:\/\/papirol.si\/#\/schema\/logo\/image\/"}}]}},"_links":{"self":[{"href":"https:\/\/papirol.si\/de\/wp-json\/wp\/v2\/pages\/1775","targetHints":{"allow":["GET"]}}],"collection":[{"href":"https:\/\/papirol.si\/de\/wp-json\/wp\/v2\/pages"}],"about":[{"href":"https:\/\/papirol.si\/de\/wp-json\/wp\/v2\/types\/page"}],"author":[{"embeddable":true,"href":"https:\/\/papirol.si\/de\/wp-json\/wp\/v2\/users\/5"}],"replies":[{"embeddable":true,"href":"https:\/\/papirol.si\/de\/wp-json\/wp\/v2\/comments?post=1775"}],"version-history":[{"count":18,"href":"https:\/\/papirol.si\/de\/wp-json\/wp\/v2\/pages\/1775\/revisions"}],"predecessor-version":[{"id":2848,"href":"https:\/\/papirol.si\/de\/wp-json\/wp\/v2\/pages\/1775\/revisions\/2848"}],"up":[{"embeddable":true,"href":"https:\/\/papirol.si\/de\/wp-json\/wp\/v2\/pages\/1742"}],"wp:attachment":[{"href":"https:\/\/papirol.si\/de\/wp-json\/wp\/v2\/media?parent=1775"}],"curies":[{"name":"wp","href":"https:\/\/api.w.org\/{rel}","templated":true}]}}