{"id":1779,"date":"2019-11-19T11:54:19","date_gmt":"2019-11-19T10:54:19","guid":{"rendered":"https:\/\/papirol.si\/?page_id=1779"},"modified":"2020-05-08T10:11:21","modified_gmt":"2020-05-08T08:11:21","slug":"catering-und-hoteltaschen","status":"publish","type":"page","link":"https:\/\/papirol.si\/de\/prodajni-program\/gostinske-in-hotelske-vrecke\/","title":{"rendered":"Catering- und Hoteltaschen"},"content":{"rendered":"<div data-elementor-type=\"wp-page\" data-elementor-id=\"1779\" class=\"elementor elementor-1779\" data-elementor-post-type=\"page\">\n\t\t\t\t\t\t<section class=\"elementor-section elementor-inner-section elementor-element elementor-element-6e30826e elementor-section-boxed elementor-section-height-default elementor-section-height-default\" data-id=\"6e30826e\" data-element_type=\"section\" data-e-type=\"section\" id=\"prodajni-list\" data-settings=\"{&quot;background_background&quot;:&quot;classic&quot;}\">\n\t\t\t\t\t\t<div class=\"elementor-container elementor-column-gap-default\">\n\t\t\t\t\t<div class=\"elementor-column elementor-col-50 elementor-inner-column elementor-element elementor-element-1a2a06f0\" data-id=\"1a2a06f0\" data-element_type=\"column\" data-e-type=\"column\">\n\t\t\t<div class=\"elementor-widget-wrap elementor-element-populated\">\n\t\t\t\t\t\t<div class=\"elementor-element elementor-element-40fd4637 prodajni-tile elementor-position-top elementor-widget elementor-widget-image-box\" data-id=\"40fd4637\" data-element_type=\"widget\" data-e-type=\"widget\" data-widget_type=\"image-box.default\">\n\t\t\t\t\t<div class=\"elementor-image-box-wrapper\"><figure class=\"elementor-image-box-img\"><a href=\"\/de\/verkaufsprogramm\/tuten-fur-take-away-und-fast-food\/catering-und-hoteltaschen\/\" tabindex=\"-1\"><img fetchpriority=\"high\" decoding=\"async\" width=\"2048\" height=\"1365\" src=\"https:\/\/papirol.si\/wp-content\/uploads\/2020\/05\/vre\u010dke-za-pribor-sla\u0161\u010di\u010darne_Fotor-2048x1365.jpg\" class=\"attachment-2048x2048 size-2048x2048 wp-image-3001\" alt=\"\" srcset=\"https:\/\/papirol.si\/wp-content\/uploads\/2020\/05\/vre\u010dke-za-pribor-sla\u0161\u010di\u010darne_Fotor-2048x1365.jpg 2048w, https:\/\/papirol.si\/wp-content\/uploads\/2020\/05\/vre\u010dke-za-pribor-sla\u0161\u010di\u010darne_Fotor-300x200.jpg 300w, https:\/\/papirol.si\/wp-content\/uploads\/2020\/05\/vre\u010dke-za-pribor-sla\u0161\u010di\u010darne_Fotor-1024x683.jpg 1024w, https:\/\/papirol.si\/wp-content\/uploads\/2020\/05\/vre\u010dke-za-pribor-sla\u0161\u010di\u010darne_Fotor-768x512.jpg 768w, https:\/\/papirol.si\/wp-content\/uploads\/2020\/05\/vre\u010dke-za-pribor-sla\u0161\u010di\u010darne_Fotor-1536x1024.jpg 1536w, https:\/\/papirol.si\/wp-content\/uploads\/2020\/05\/vre\u010dke-za-pribor-sla\u0161\u010di\u010darne_Fotor-285x190.jpg 285w, https:\/\/papirol.si\/wp-content\/uploads\/2020\/05\/vre\u010dke-za-pribor-sla\u0161\u010di\u010darne_Fotor-1600x1067.jpg 1600w, https:\/\/papirol.si\/wp-content\/uploads\/2020\/05\/vre\u010dke-za-pribor-sla\u0161\u010di\u010darne_Fotor-660x440.jpg 660w, https:\/\/papirol.si\/wp-content\/uploads\/2020\/05\/vre\u010dke-za-pribor-sla\u0161\u010di\u010darne_Fotor-150x100.jpg 150w\" sizes=\"(max-width: 2048px) 100vw, 2048px\" \/><\/a><\/figure><div class=\"elementor-image-box-content\"><h3 class=\"elementor-image-box-title\"><a href=\"\/de\/verkaufsprogramm\/tuten-fur-take-away-und-fast-food\/catering-und-hoteltaschen\/\">Hoteltaschen und Zubeh\u00f6r<\/a><\/h3><p class=\"elementor-image-box-description\">Tragetaschen mit breitem Boden f\u00fcr Lunchpakete und Essen zum Mitnehmen - take a way.\nN\u00fctzliche Abmessungen: 22x10x28cm, 26x17x25cm, 32x17x27cm und 32x21,50x27cm.\n<br><br>\n<ul>\n<li>Higi-Papiert\u00fcten<\/li>\n<li>S\u00e4cke f\u00fcr desinfizierte Gl\u00e4ser<\/li>\n<li>Beutel f\u00fcr schmutzige W\u00e4sche<\/li>\n<li>Taschen f\u00fcr Besteck<\/li>\n<\/ul>\n<\/p><\/div><\/div>\t\t\t\t<\/div>\n\t\t\t\t\t<\/div>\n\t\t<\/div>\n\t\t\t\t<div class=\"elementor-column elementor-col-50 elementor-inner-column elementor-element elementor-element-36379e39\" data-id=\"36379e39\" data-element_type=\"column\" data-e-type=\"column\">\n\t\t\t<div class=\"elementor-widget-wrap\">\n\t\t\t\t\t\t\t<\/div>\n\t\t<\/div>\n\t\t\t\t\t<\/div>\n\t\t<\/section>\n\t\t\t\t<\/div>","protected":false},"excerpt":{"rendered":"<p>Vre\u010dke za hotele in pribor Nosilne vre\u010dke s \u0161irokim dnom za lunch pakete in hrano za vzemi me&#8230;<\/p>","protected":false},"author":5,"featured_media":0,"parent":1742,"menu_order":4,"comment_status":"closed","ping_status":"closed","template":"elementor_header_footer","meta":{"footnotes":""},"class_list":["post-1779","page","type-page","status-publish","hentry"],"yoast_head":"<!-- This site is optimized with the Yoast SEO plugin v27.3 - https:\/\/yoast.com\/product\/yoast-seo-wordpress\/ -->\n<title>Gostinske in hotelske vre\u010dke | Papirol<\/title>\n<meta name=\"robots\" content=\"index, follow, max-snippet:-1, max-image-preview:large, max-video-preview:-1\" \/>\n<link rel=\"canonical\" href=\"https:\/\/papirol.si\/de\/verkaufsprogramm\/catering-und-hoteltaschen\/\" \/>\n<meta property=\"og:locale\" content=\"de_DE\" \/>\n<meta property=\"og:type\" content=\"article\" \/>\n<meta property=\"og:title\" content=\"Gostinske in hotelske vre\u010dke | Papirol\" \/>\n<meta property=\"og:description\" content=\"Vre\u010dke za hotele in pribor Nosilne vre\u010dke s \u0161irokim dnom za lunch pakete in hrano za vzemi me...\" \/>\n<meta property=\"og:url\" content=\"https:\/\/papirol.si\/de\/verkaufsprogramm\/catering-und-hoteltaschen\/\" \/>\n<meta property=\"og:site_name\" content=\"Papirol\" \/>\n<meta property=\"article:modified_time\" content=\"2020-05-08T08:11:21+00:00\" \/>\n<meta name=\"twitter:card\" content=\"summary_large_image\" \/>\n<script type=\"application\/ld+json\" class=\"yoast-schema-graph\">{\"@context\":\"https:\\\/\\\/schema.org\",\"@graph\":[{\"@type\":\"WebPage\",\"@id\":\"https:\\\/\\\/papirol.si\\\/prodajni-program\\\/gostinske-in-hotelske-vrecke\\\/\",\"url\":\"https:\\\/\\\/papirol.si\\\/prodajni-program\\\/gostinske-in-hotelske-vrecke\\\/\",\"name\":\"Gostinske in hotelske vre\u010dke | Papirol\",\"isPartOf\":{\"@id\":\"https:\\\/\\\/papirol.si\\\/#website\"},\"datePublished\":\"2019-11-19T10:54:19+00:00\",\"dateModified\":\"2020-05-08T08:11:21+00:00\",\"breadcrumb\":{\"@id\":\"https:\\\/\\\/papirol.si\\\/prodajni-program\\\/gostinske-in-hotelske-vrecke\\\/#breadcrumb\"},\"inLanguage\":\"de\",\"potentialAction\":[{\"@type\":\"ReadAction\",\"target\":[\"https:\\\/\\\/papirol.si\\\/prodajni-program\\\/gostinske-in-hotelske-vrecke\\\/\"]}]},{\"@type\":\"BreadcrumbList\",\"@id\":\"https:\\\/\\\/papirol.si\\\/prodajni-program\\\/gostinske-in-hotelske-vrecke\\\/#breadcrumb\",\"itemListElement\":[{\"@type\":\"ListItem\",\"position\":1,\"name\":\"Home\",\"item\":\"https:\\\/\\\/papirol.si\\\/\"},{\"@type\":\"ListItem\",\"position\":2,\"name\":\"Prodajni program\",\"item\":\"https:\\\/\\\/papirol.si\\\/prodajni-program\\\/\"},{\"@type\":\"ListItem\",\"position\":3,\"name\":\"Gostinske in hotelske vre\u010dke\"}]},{\"@type\":\"WebSite\",\"@id\":\"https:\\\/\\\/papirol.si\\\/#website\",\"url\":\"https:\\\/\\\/papirol.si\\\/\",\"name\":\"Papirol\",\"description\":\"Obla\u010dimo va\u0161e izdelke \u017ee 36 let!\",\"publisher\":{\"@id\":\"https:\\\/\\\/papirol.si\\\/#organization\"},\"potentialAction\":[{\"@type\":\"SearchAction\",\"target\":{\"@type\":\"EntryPoint\",\"urlTemplate\":\"https:\\\/\\\/papirol.si\\\/?s={search_term_string}\"},\"query-input\":{\"@type\":\"PropertyValueSpecification\",\"valueRequired\":true,\"valueName\":\"search_term_string\"}}],\"inLanguage\":\"de\"},{\"@type\":\"Organization\",\"@id\":\"https:\\\/\\\/papirol.si\\\/#organization\",\"name\":\"Papirol\",\"url\":\"https:\\\/\\\/papirol.si\\\/\",\"logo\":{\"@type\":\"ImageObject\",\"inLanguage\":\"de\",\"@id\":\"https:\\\/\\\/papirol.si\\\/#\\\/schema\\\/logo\\\/image\\\/\",\"url\":\"https:\\\/\\\/papirol.si\\\/wp-content\\\/uploads\\\/2019\\\/12\\\/papirol-bela.png\",\"contentUrl\":\"https:\\\/\\\/papirol.si\\\/wp-content\\\/uploads\\\/2019\\\/12\\\/papirol-bela.png\",\"width\":400,\"height\":80,\"caption\":\"Papirol\"},\"image\":{\"@id\":\"https:\\\/\\\/papirol.si\\\/#\\\/schema\\\/logo\\\/image\\\/\"}}]}<\/script>\n<!-- \/ Yoast SEO plugin. -->","yoast_head_json":{"title":"Taschen f\u00fcr Gastgewerbe und Hotels | Papirol","robots":{"index":"index","follow":"follow","max-snippet":"max-snippet:-1","max-image-preview":"max-image-preview:large","max-video-preview":"max-video-preview:-1"},"canonical":"https:\/\/papirol.si\/de\/verkaufsprogramm\/catering-und-hoteltaschen\/","og_locale":"de_DE","og_type":"article","og_title":"Gostinske in hotelske vre\u010dke | Papirol","og_description":"Vre\u010dke za hotele in pribor Nosilne vre\u010dke s \u0161irokim dnom za lunch pakete in hrano za vzemi me...","og_url":"https:\/\/papirol.si\/de\/verkaufsprogramm\/catering-und-hoteltaschen\/","og_site_name":"Papirol","article_modified_time":"2020-05-08T08:11:21+00:00","twitter_card":"summary_large_image","schema":{"@context":"https:\/\/schema.org","@graph":[{"@type":"WebPage","@id":"https:\/\/papirol.si\/prodajni-program\/gostinske-in-hotelske-vrecke\/","url":"https:\/\/papirol.si\/prodajni-program\/gostinske-in-hotelske-vrecke\/","name":"Taschen f\u00fcr Gastgewerbe und Hotels | Papirol","isPartOf":{"@id":"https:\/\/papirol.si\/#website"},"datePublished":"2019-11-19T10:54:19+00:00","dateModified":"2020-05-08T08:11:21+00:00","breadcrumb":{"@id":"https:\/\/papirol.si\/prodajni-program\/gostinske-in-hotelske-vrecke\/#breadcrumb"},"inLanguage":"de","potentialAction":[{"@type":"ReadAction","target":["https:\/\/papirol.si\/prodajni-program\/gostinske-in-hotelske-vrecke\/"]}]},{"@type":"BreadcrumbList","@id":"https:\/\/papirol.si\/prodajni-program\/gostinske-in-hotelske-vrecke\/#breadcrumb","itemListElement":[{"@type":"ListItem","position":1,"name":"Home","item":"https:\/\/papirol.si\/"},{"@type":"ListItem","position":2,"name":"Prodajni program","item":"https:\/\/papirol.si\/prodajni-program\/"},{"@type":"ListItem","position":3,"name":"Gostinske in hotelske vre\u010dke"}]},{"@type":"WebSite","@id":"https:\/\/papirol.si\/#website","url":"https:\/\/papirol.si\/","name":"Papirol","description":"Wir kleiden Ihre Produkte seit 36 Jahren ein!","publisher":{"@id":"https:\/\/papirol.si\/#organization"},"potentialAction":[{"@type":"SearchAction","target":{"@type":"EntryPoint","urlTemplate":"https:\/\/papirol.si\/?s={search_term_string}"},"query-input":{"@type":"PropertyValueSpecification","valueRequired":true,"valueName":"search_term_string"}}],"inLanguage":"de"},{"@type":"Organization","@id":"https:\/\/papirol.si\/#organization","name":"Papirol","url":"https:\/\/papirol.si\/","logo":{"@type":"ImageObject","inLanguage":"de","@id":"https:\/\/papirol.si\/#\/schema\/logo\/image\/","url":"https:\/\/papirol.si\/wp-content\/uploads\/2019\/12\/papirol-bela.png","contentUrl":"https:\/\/papirol.si\/wp-content\/uploads\/2019\/12\/papirol-bela.png","width":400,"height":80,"caption":"Papirol"},"image":{"@id":"https:\/\/papirol.si\/#\/schema\/logo\/image\/"}}]}},"_links":{"self":[{"href":"https:\/\/papirol.si\/de\/wp-json\/wp\/v2\/pages\/1779","targetHints":{"allow":["GET"]}}],"collection":[{"href":"https:\/\/papirol.si\/de\/wp-json\/wp\/v2\/pages"}],"about":[{"href":"https:\/\/papirol.si\/de\/wp-json\/wp\/v2\/types\/page"}],"author":[{"embeddable":true,"href":"https:\/\/papirol.si\/de\/wp-json\/wp\/v2\/users\/5"}],"replies":[{"embeddable":true,"href":"https:\/\/papirol.si\/de\/wp-json\/wp\/v2\/comments?post=1779"}],"version-history":[{"count":23,"href":"https:\/\/papirol.si\/de\/wp-json\/wp\/v2\/pages\/1779\/revisions"}],"predecessor-version":[{"id":3009,"href":"https:\/\/papirol.si\/de\/wp-json\/wp\/v2\/pages\/1779\/revisions\/3009"}],"up":[{"embeddable":true,"href":"https:\/\/papirol.si\/de\/wp-json\/wp\/v2\/pages\/1742"}],"wp:attachment":[{"href":"https:\/\/papirol.si\/de\/wp-json\/wp\/v2\/media?parent=1779"}],"curies":[{"name":"wp","href":"https:\/\/api.w.org\/{rel}","templated":true}]}}