{"id":1874,"date":"2019-12-06T12:07:55","date_gmt":"2019-12-06T11:07:55","guid":{"rendered":"https:\/\/papirol.si\/prodajni-program\/papirnate-vrecke-z-ravnim-dnom\/papirnate-vrecke-natura-z-oknom-2\/"},"modified":"2020-04-29T16:00:56","modified_gmt":"2020-04-29T14:00:56","slug":"papiertuten-weis-natur","status":"publish","type":"page","link":"https:\/\/papirol.si\/de\/prodajni-program\/papirnate-vrecke-z-ravnim-dnom\/papirnate-vrecke-bela-natura\/","title":{"rendered":"Papiert\u00fcten wei\u00df natur"},"content":{"rendered":"<div data-elementor-type=\"wp-page\" data-elementor-id=\"1874\" class=\"elementor elementor-1874\" data-elementor-post-type=\"page\">\n\t\t\t\t\t\t<section class=\"elementor-section elementor-top-section elementor-element elementor-element-35febe3e elementor-section-content-middle elementor-section-boxed elementor-section-height-default elementor-section-height-default\" data-id=\"35febe3e\" data-element_type=\"section\" data-e-type=\"section\" id=\"produkt-bio\" data-settings=\"{&quot;background_background&quot;:&quot;classic&quot;}\">\n\t\t\t\t\t\t<div class=\"elementor-container elementor-column-gap-default\">\n\t\t\t\t\t<div class=\"elementor-column elementor-col-50 elementor-top-column elementor-element elementor-element-60f051b0\" data-id=\"60f051b0\" data-element_type=\"column\" data-e-type=\"column\">\n\t\t\t<div class=\"elementor-widget-wrap elementor-element-populated\">\n\t\t\t\t\t\t<div class=\"elementor-element elementor-element-059580b elementor-widget elementor-widget-image\" data-id=\"059580b\" data-element_type=\"widget\" data-e-type=\"widget\" data-widget_type=\"image.default\">\n\t\t\t\t\t\t\t\t\t\t\t\t\t\t\t<img fetchpriority=\"high\" decoding=\"async\" width=\"940\" height=\"537\" src=\"https:\/\/papirol.si\/wp-content\/uploads\/2020\/01\/Bela-natura-\u0161krniclji-1.jpg\" class=\"attachment-large size-large wp-image-2408\" alt=\"\" srcset=\"https:\/\/papirol.si\/wp-content\/uploads\/2020\/01\/Bela-natura-\u0161krniclji-1.jpg 1000w, https:\/\/papirol.si\/wp-content\/uploads\/2020\/01\/Bela-natura-\u0161krniclji-1-300x171.jpg 300w, https:\/\/papirol.si\/wp-content\/uploads\/2020\/01\/Bela-natura-\u0161krniclji-1-768x439.jpg 768w, https:\/\/papirol.si\/wp-content\/uploads\/2020\/01\/Bela-natura-\u0161krniclji-1-285x163.jpg 285w, https:\/\/papirol.si\/wp-content\/uploads\/2020\/01\/Bela-natura-\u0161krniclji-1-660x377.jpg 660w, https:\/\/papirol.si\/wp-content\/uploads\/2020\/01\/Bela-natura-\u0161krniclji-1-150x86.jpg 150w\" sizes=\"(max-width: 940px) 100vw, 940px\" \/>\t\t\t\t\t\t\t\t\t\t\t\t\t\t\t<\/div>\n\t\t\t\t<div class=\"elementor-element elementor-element-213eb866 elementor-widget elementor-widget-image\" data-id=\"213eb866\" data-element_type=\"widget\" data-e-type=\"widget\" data-widget_type=\"image.default\">\n\t\t\t\t\t\t\t\t\t\t\t\t\t\t\t<img decoding=\"async\" width=\"221\" height=\"410\" src=\"https:\/\/papirol.si\/wp-content\/uploads\/2019\/12\/program1_hhwoy0mk.jpg\" class=\"attachment-large size-large wp-image-1859\" alt=\"\" srcset=\"https:\/\/papirol.si\/wp-content\/uploads\/2019\/12\/program1_hhwoy0mk.jpg 221w, https:\/\/papirol.si\/wp-content\/uploads\/2019\/12\/program1_hhwoy0mk-162x300.jpg 162w, https:\/\/papirol.si\/wp-content\/uploads\/2019\/12\/program1_hhwoy0mk-81x150.jpg 81w\" sizes=\"(max-width: 221px) 100vw, 221px\" \/>\t\t\t\t\t\t\t\t\t\t\t\t\t\t\t<\/div>\n\t\t\t\t\t<\/div>\n\t\t<\/div>\n\t\t\t\t<div class=\"elementor-column elementor-col-50 elementor-top-column elementor-element elementor-element-d497803\" data-id=\"d497803\" data-element_type=\"column\" data-e-type=\"column\">\n\t\t\t<div class=\"elementor-widget-wrap elementor-element-populated\">\n\t\t\t\t\t\t<div class=\"elementor-element elementor-element-35aa7cad elementor-widget elementor-widget-text-editor\" data-id=\"35aa7cad\" data-element_type=\"widget\" data-e-type=\"widget\" data-widget_type=\"text-editor.default\">\n\t\t\t\t\t\t\t\t\t<p><span style=\"font-weight: 400;\">Die umweltfreundlichen White Nature Papiert\u00fcten werden aus glattem wei\u00dfem Natronpapier in verschiedenen St\u00e4rken und Qualit\u00e4ten hergestellt.<\/span><\/p><p><span style=\"font-weight: 400;\">Mit oder ohne Seitenschlitz (als Tasche).<\/span><\/p><p><span style=\"font-weight: 400;\">Die Taschen sind sehr erschwinglich und n\u00fctzlich als Schutzkleidung oder als dekorative Verpackung f\u00fcr eine Vielzahl von Produkten wie Brot, Backwaren, Sandwiches und andere Lebensmittel, Textilien, Medikamente, touristische Souvenirs (Magnete, Postkarten), kleine technische und B\u00fcroprodukte und andere Produkte.<\/span><\/p><p><span style=\"font-weight: 400;\">Unbedruckt, in der Regel auf Lager, sofort lieferbar, auch in kleinen Mengen. <\/span><\/p>\t\t\t\t\t\t\t\t<\/div>\n\t\t\t\t<div class=\"elementor-element elementor-element-594fc387 elementor-widget elementor-widget-text-editor\" data-id=\"594fc387\" data-element_type=\"widget\" data-e-type=\"widget\" id=\"tisk-box\" data-widget_type=\"text-editor.default\">\n\t\t\t\t\t\t\t\t\t<h2>Druck auf Taschen<\/h2>\nPapiert\u00fcten werden ein- oder mehrfarbig in hoher Qualit\u00e4t bedruckt.<br>\nDie F\u00e4higkeit, gleichzeitig mit der Bearbeitung des Beutels zu drucken, erm\u00f6glicht das Bedrucken der gesamten Oberfl\u00e4che des Beutels, optional auch im Inneren des Beutels.<br>\nBis hin zum Bedrucken von vorgefertigten Beuteln, was das Bedrucken von kleinen Mengen erm\u00f6glicht.\n<strong>Drucktechniken:<\/strong>\n<ul>\n \t<li>Mehrfarbiger Flexodruck von der Linie auf alle Arten von Papiers\u00e4cken<\/li>\n \t<li>Mehrfarbiger Siebdruck auf alle Arten von Papiert\u00fcten<\/li>\n<\/ul>\n<strong>Drucken:<\/strong>\n<ul>\n \t<li>kontinuierlicher oder positionierter, mehrfarbiger Druck, ein- oder beidseitig<\/li>\n \t<li>auf der gesamten Fl\u00e4che, auf einer oder beiden Seiten, einschlie\u00dflich der seitlichen R\u00e4nder<\/li>\n<\/ul>\t\t\t\t\t\t\t\t<\/div>\n\t\t\t\t\t<\/div>\n\t\t<\/div>\n\t\t\t\t\t<\/div>\n\t\t<\/section>\n\t\t\t\t<section class=\"elementor-section elementor-top-section elementor-element elementor-element-f11247f elementor-section-boxed elementor-section-height-default elementor-section-height-default\" data-id=\"f11247f\" data-element_type=\"section\" data-e-type=\"section\" id=\"product-bio-tbl\" data-settings=\"{&quot;background_background&quot;:&quot;classic&quot;}\">\n\t\t\t\t\t\t<div class=\"elementor-container elementor-column-gap-default\">\n\t\t\t\t\t<div class=\"elementor-column elementor-col-100 elementor-top-column elementor-element elementor-element-21ce687\" data-id=\"21ce687\" data-element_type=\"column\" data-e-type=\"column\">\n\t\t\t<div class=\"elementor-widget-wrap elementor-element-populated\">\n\t\t\t\t\t\t<div class=\"elementor-element elementor-element-1b549f9 elementor-widget elementor-widget-text-editor\" data-id=\"1b549f9\" data-element_type=\"widget\" data-e-type=\"widget\" data-widget_type=\"text-editor.default\">\n\t\t\t\t\t\t\t\t\t<table data-minrequestedwidth=\"888.2015991210938\" data-computedwidth=\"888.2015991210938\"><tbody><tr><td class=\"imVc\"><b><span class=\"fs11lh1-5 ff1\">Name des Produkts<\/span><\/b><\/td><td class=\"imVc\"><div class=\"imTACenter\"><b class=\"fs11lh1-5 ff1\">Standardabmessungen<\/b><\/div><\/td><td class=\"imVc\"><div class=\"imTACenter\"><b class=\"fs11lh1-5 ff1\">Verpackung<\/b><\/div><\/td><\/tr><tr><td class=\"imVc\"><div class=\"imTACenter\"><span class=\"fs11lh1-5 ff2\">Wei\u00dfer Naturstar 1\/4<\/span><\/div><\/td><td class=\"imVc\"><div class=\"imTACenter\"><span class=\"fs11lh1-5 ff2\">10 + 6 x 19 cm<\/span><\/div><\/td><td class=\"imVc\"><div class=\"imTACenter\"><span class=\"fs11lh1-5 ff2\">10 kg<\/span><span class=\"fs11lh1-5 ff2\">\u00a0<\/span><span class=\"fs11lh1-5 ff2\">\/ ca. 3.500 St\u00fcck<\/span><\/div><\/td><\/tr><tr><td class=\"imVc\"><div class=\"imTACenter\"><span class=\"fs11lh1-5 ff2\">Wei\u00dfer Naturstar 1\/2<\/span><\/div><\/td><td class=\"imVc\"><div class=\"imTACenter\"><span class=\"fs11lh1-5 ff2\">12 + 7 x 24 cm<\/span><\/div><\/td><td class=\"imVc\"><div class=\"imTACenter\"><span class=\"fs11lh1-5 ff2\">10 kg<\/span><span class=\"fs11lh1-5 ff2\">\u00a0<\/span><span class=\"fs11lh1-5 ff2\">\/ ca. 2.530 St\u00fcck<\/span><\/div><\/td><\/tr><tr><td class=\"imVc\"><div class=\"imTACenter\"><span class=\"fs11lh1-5 ff2\">Wei\u00dfer Naturstar 1<\/span><\/div><\/td><td class=\"imVc\"><div class=\"imTACenter\"><span class=\"fs11lh1-5 ff2\">14 + 9 x 29 cm<\/span><\/div><\/td><td class=\"imVc\"><div class=\"imTACenter\"><span class=\"fs11lh1-5 ff2\">10 kg<\/span><span class=\"fs11lh1-5 ff2\">\u00a0<\/span><span class=\"fs11lh1-5 ff2\">\/ ca. 1.730 St\u00fcck<\/span><\/div><\/td><\/tr><tr><td class=\"imVc\"><div class=\"imTACenter\"><span class=\"fs11lh1-5 ff2\">Wei\u00df Natur Lerche 2<\/span><\/div><\/td><td class=\"imVc\"><div class=\"imTACenter\"><span class=\"fs11lh1-5 ff2\">17 + 6 x 35 cm<\/span><\/div><\/td><td class=\"imVc\"><div class=\"imTACenter\"><span class=\"fs11lh1-5 ff2\">10 kg<\/span><span class=\"fs11lh1-5 ff2\">\u00a0<\/span><span class=\"fs11lh1-5 ff2\">\/ ca. 1.170 St\u00fcck<\/span><\/div><\/td><\/tr><tr><td class=\"imVc\"><div class=\"imTACenter\"><span class=\"fs11lh1-5 ff2\">Wei\u00dfer Naturstar 3<\/span><\/div><\/td><td class=\"imVc\"><div class=\"imTACenter\"><span class=\"fs11lh1-5 ff2\">19 + 10 x 36 cm<\/span><\/div><\/td><td class=\"imVc\"><div class=\"imTACenter\"><span class=\"fs11lh1-5 ff2\">10 kg<\/span><span class=\"fs11lh1-5 ff2\">\u00a0<\/span><span class=\"fs11lh1-5 ff2\">\/ ca. 1.150 St\u00fcck<\/span><\/div><\/td><\/tr><tr><td class=\"imVc\"><div class=\"imTACenter\"><span class=\"fs11lh1-5 ff2\">Wei\u00dfer Naturstar 4<\/span><\/div><\/td><td class=\"imVc\"><div class=\"imTACenter\"><span class=\"fs11lh1-5 ff2\">22 + 12 x 39 cm<\/span><\/div><\/td><td class=\"imVc\"><div class=\"imTACenter\"><span class=\"fs11lh1-5 ff2\">10 kg<\/span><span class=\"fs11lh1-5 ff2\">\u00a0<\/span><span class=\"fs11lh1-5 ff2\">\/ ca. 900 St\u00fcck<\/span><\/div><\/td><\/tr><tr><td class=\"imVc\"><div class=\"imTACenter\"><span class=\"fs11lh1-5 ff2\">Wei\u00df Natur Lerche V<\/span><\/div><\/td><td class=\"imVc\"><div class=\"imTACenter\"><span class=\"fs11lh1-5 ff2\">30 + 9 x 34 cm<\/span><\/div><\/td><td class=\"imVc\"><div class=\"imTACenter\"><span class=\"fs11lh1-5 ff2\">1000 St\u00fcck<\/span><\/div><\/td><\/tr><tr><td class=\"imVc\"><div class=\"imTACenter\"><span class=\"fs11lh1-5 ff2\">Wei\u00df Natur Zaunk\u00f6nig<\/span><\/div><\/td><td class=\"imVc\"><div class=\"imTACenter\"><span class=\"fs11lh1-5 ff2\">12 + 4 x 49 cm<\/span><\/div><\/td><td class=\"imVc\"><div class=\"imTACenter\"><span class=\"fs11lh1-5 ff2\">1000 St\u00fcck<\/span><\/div><\/td><\/tr><tr><td class=\"imVc\"><div class=\"imTACenter\"><span class=\"fs11lh1-5 ff2\">Wei\u00dfe Naturtasche M<\/span><\/div><\/td><td class=\"imVc\"><div class=\"imTACenter\"><span class=\"fs11lh1-5 ff2\">8,5 x 15 cm<\/span><\/div><\/td><td class=\"imVc\"><div class=\"imTACenter\"><span class=\"fs11lh1-5 ff2\">1000 St\u00fcck<\/span><\/div><\/td><\/tr><tr><td class=\"imVc\"><div class=\"imTACenter\"><span class=\"fs11lh1-5 ff2\">Wei\u00dfe Naturtasche S<\/span><\/div><\/td><td class=\"imVc\"><div class=\"imTACenter\"><span class=\"fs11lh1-5 ff2\">10 x 17 cm<\/span><\/div><\/td><td class=\"imVc\"><div class=\"imTACenter\"><span class=\"fs11lh1-5 ff2\">1000 St\u00fcck<\/span><\/div><\/td><\/tr><tr><td class=\"imVc\"><div class=\"imTACenter\"><span class=\"fs11lh1-5 ff2\">Wei\u00dfe Naturtasche V<\/span><\/div><\/td><td class=\"imVc\"><div class=\"imTACenter\"><span class=\"fs11lh1-5 ff2\">12 x 19 cm<\/span><\/div><\/td><td class=\"imVc\"><div class=\"imTACenter\"><span class=\"fs11lh1-5 ff2\">1000 St\u00fcck<\/span><\/div><\/td><\/tr><tr><td class=\"imVc\"><div class=\"imTACenter\"><span class=\"fs11lh1-5 ff2\">Wei\u00dfes Naturtaschenpergament<\/span><\/div><\/td><td class=\"imVc\"><div class=\"imTACenter\"><span class=\"fs11lh1-5 ff2\">8,50 x 15 cm<\/span><\/div><\/td><td class=\"imVc\"><div class=\"imTACenter\"><span class=\"fs11lh1-5 ff2\">1000 St\u00fcck<\/span><\/div><\/td><\/tr><tr><td class=\"imVc\"><div class=\"imTACenter\"><span class=\"fs11lh1-5 ff2\">Bela natura fast food M<\/span><\/div><\/td><td class=\"imVc\"><div class=\"imTACenter\"><span class=\"fs11lh1-5 ff2\">17 x 17 cm<\/span><\/div><\/td><td class=\"imVc\"><div class=\"imTACenter\"><span class=\"fs11lh1-5 ff2\">1000 St\u00fcck<\/span><\/div><\/td><\/tr><tr><td class=\"imVc\"><div class=\"imTACenter\"><span class=\"fs11lh1-5 ff2\">Bela natura fast food V<\/span><\/div><\/td><td class=\"imVc\"><div class=\"imTACenter\"><span class=\"fs11lh1-5 ff2\">20 x 20 cm<\/span><\/div><\/td><td class=\"imVc\"><div class=\"imTACenter\"><span class=\"fs11lh1-5 ff2\">1000 St\u00fcck<\/span><\/div><\/td><\/tr><tr><td class=\"imVc\"><div class=\"imTACenter\"><span class=\"fs11lh1-5 ff2\">Papirolex-Stummel S<\/span><\/div><\/td><td class=\"imVc\"><div class=\"imTACenter\"><span class=\"fs11lh1-5 ff2\">19 + 7 x 29 cm<\/span><\/div><\/td><td class=\"imVc\"><div class=\"imTACenter\"><span class=\"fs11lh1-5 ff2\">1000 St\u00fcck<\/span><\/div><\/td><\/tr><tr><td class=\"imVc\"><div class=\"imTACenter\"><span class=\"fs11lh1-5 ff2\">Papirolex-Stummel V<\/span><\/div><\/td><td class=\"imVc\"><div class=\"imTACenter\"><span class=\"fs11lh1-5 ff2\">19 + 7 x 35 cm<\/span><\/div><\/td><td class=\"imVc\"><div class=\"imTACenter\">\u00a0<\/div><div class=\"fs11lh1-5 ff2\"><div class=\"imTACenter\"><span class=\"fs11lh1-5\">1000 St\u00fcck<\/span><\/div><\/div><\/td><\/tr><tr><td class=\"imVc\"><div class=\"imTACenter\"><span class=\"fs11lh1-5 ff2\">Papirolex stub M - auf Bestellung gefertigt<\/span><\/div><\/td><td class=\"imVc\"><div class=\"imTACenter\"><span class=\"fs11lh1-5 ff2\">14 + 5 x 29 cm<\/span><\/div><\/td><td class=\"imVc\"><div class=\"imTACenter\"><span class=\"fs11lh1-5 ff2\">Auf Anfrage<\/span><\/div><\/td><\/tr><tr><td class=\"imVc\"><div class=\"imTACenter\"><span class=\"fs11lh1-5 ff2\">Papirolex fettdichter Stummel - auf Bestellung gefertigt<\/span><\/div><\/td><td class=\"imVc\"><div class=\"imTACenter\"><span class=\"fs11lh1-5 ff2\">17 x 17 cm<\/span><\/div><\/td><td class=\"imVc\"><div class=\"imTACenter\"><span class=\"fs11lh1-5 ff2\">Auf Anfrage<\/span><\/div><\/td><\/tr><\/tbody><\/table><div id=\"gtx-trans\" style=\"position: absolute; left: 305px; top: 555.889px;\"><div class=\"gtx-trans-icon\">\u00a0<\/div><\/div>\t\t\t\t\t\t\t\t<\/div>\n\t\t\t\t\t<\/div>\n\t\t<\/div>\n\t\t\t\t\t<\/div>\n\t\t<\/section>\n\t\t\t\t<section class=\"elementor-section elementor-top-section elementor-element elementor-element-3e7550ec elementor-section-boxed elementor-section-height-default elementor-section-height-default\" data-id=\"3e7550ec\" data-element_type=\"section\" data-e-type=\"section\" id=\"povp-sect\" data-settings=\"{&quot;background_background&quot;:&quot;classic&quot;}\">\n\t\t\t\t\t\t\t<div class=\"elementor-background-overlay\"><\/div>\n\t\t\t\t\t\t\t<div class=\"elementor-container elementor-column-gap-default\">\n\t\t\t\t\t<div class=\"elementor-column elementor-col-100 elementor-top-column elementor-element elementor-element-27eb2f6e\" data-id=\"27eb2f6e\" data-element_type=\"column\" data-e-type=\"column\">\n\t\t\t<div class=\"elementor-widget-wrap elementor-element-populated\">\n\t\t\t\t\t\t<div class=\"elementor-element elementor-element-44d6e39e elementor-widget elementor-widget-heading\" data-id=\"44d6e39e\" data-element_type=\"widget\" data-e-type=\"widget\" data-widget_type=\"heading.default\">\n\t\t\t\t\t<h2 class=\"elementor-heading-title elementor-size-default elementor-heading-title elementor-align-after-center\"><span style=\"font-weight:normal\"><span style=\"font-size: 9pt;font-weight: 700;vertical-align: baseline\"><\/span><\/span>Verwenden Sie umweltfreundliche Verpackungen!<\/h2>\t\t\t\t<\/div>\n\t\t\t\t<div class=\"elementor-element elementor-element-2317b07c elementor-widget elementor-widget-sm-default-button\" data-id=\"2317b07c\" data-element_type=\"widget\" data-e-type=\"widget\" data-widget_type=\"sm-default-button.default\">\n\t\t\t\t<div class=\"elementor-widget-container\">\n\t\t\t\t\t\n\t\t\t\t<a   href=\"https:\/\/papirol.si\/de\/povprasevanje\/vrecke-ravno-dno\/\" class=\"btn\">Senden Sie Ihre Anfrage<i class=\"ti ti-arrow-right\"><\/i><\/a>\n\t\t\n\t\t\t\t\t<\/div>\n\t\t\t\t<\/div>\n\t\t\t\t\t<\/div>\n\t\t<\/div>\n\t\t\t\t\t<\/div>\n\t\t<\/section>\n\t\t\t\t<\/div>","protected":false},"excerpt":{"rendered":"<p>Naravni prijazne papirnate vre\u010dke bela natura so izdelane iz belega gladkega natron papirja, razli\u010dnih debelin in kvalitet. Narejene&#8230;<\/p>","protected":false},"author":5,"featured_media":0,"parent":1767,"menu_order":0,"comment_status":"closed","ping_status":"closed","template":"elementor_header_footer","meta":{"footnotes":""},"class_list":["post-1874","page","type-page","status-publish","hentry"],"yoast_head":"<!-- This site is optimized with the Yoast SEO plugin v27.3 - https:\/\/yoast.com\/product\/yoast-seo-wordpress\/ -->\n<title>Papirnate vre\u010dke bela natura | Papirol<\/title>\n<meta name=\"robots\" content=\"index, follow, max-snippet:-1, max-image-preview:large, max-video-preview:-1\" \/>\n<link rel=\"canonical\" href=\"https:\/\/papirol.si\/de\/verkaufsprogramm\/papiertuten-mit-flachem-boden-2\/papiertuten-weis-natur\/\" \/>\n<meta property=\"og:locale\" content=\"de_DE\" \/>\n<meta property=\"og:type\" content=\"article\" \/>\n<meta property=\"og:title\" content=\"Papirnate vre\u010dke bela natura | Papirol\" \/>\n<meta property=\"og:description\" content=\"Naravni prijazne papirnate vre\u010dke bela natura so izdelane iz belega gladkega natron papirja, razli\u010dnih debelin in kvalitet. Narejene...\" \/>\n<meta property=\"og:url\" content=\"https:\/\/papirol.si\/de\/verkaufsprogramm\/papiertuten-mit-flachem-boden-2\/papiertuten-weis-natur\/\" \/>\n<meta property=\"og:site_name\" content=\"Papirol\" \/>\n<meta property=\"article:modified_time\" content=\"2020-04-29T14:00:56+00:00\" \/>\n<meta property=\"og:image\" content=\"https:\/\/papirol.si\/wp-content\/uploads\/2019\/12\/program1_hhwoy0mk.jpg\" \/>\n<meta name=\"twitter:card\" content=\"summary_large_image\" \/>\n<meta name=\"twitter:label1\" content=\"Gesch\u00e4tzte Lesezeit\" \/>\n\t<meta name=\"twitter:data1\" content=\"2\u00a0Minuten\" \/>\n<script type=\"application\/ld+json\" class=\"yoast-schema-graph\">{\"@context\":\"https:\\\/\\\/schema.org\",\"@graph\":[{\"@type\":\"WebPage\",\"@id\":\"https:\\\/\\\/papirol.si\\\/prodajni-program\\\/papirnate-vrecke-z-ravnim-dnom\\\/papirnate-vrecke-bela-natura\\\/\",\"url\":\"https:\\\/\\\/papirol.si\\\/prodajni-program\\\/papirnate-vrecke-z-ravnim-dnom\\\/papirnate-vrecke-bela-natura\\\/\",\"name\":\"Papirnate vre\u010dke bela natura | Papirol\",\"isPartOf\":{\"@id\":\"https:\\\/\\\/papirol.si\\\/#website\"},\"primaryImageOfPage\":{\"@id\":\"https:\\\/\\\/papirol.si\\\/prodajni-program\\\/papirnate-vrecke-z-ravnim-dnom\\\/papirnate-vrecke-bela-natura\\\/#primaryimage\"},\"image\":{\"@id\":\"https:\\\/\\\/papirol.si\\\/prodajni-program\\\/papirnate-vrecke-z-ravnim-dnom\\\/papirnate-vrecke-bela-natura\\\/#primaryimage\"},\"thumbnailUrl\":\"https:\\\/\\\/papirol.si\\\/wp-content\\\/uploads\\\/2019\\\/12\\\/program1_hhwoy0mk.jpg\",\"datePublished\":\"2019-12-06T11:07:55+00:00\",\"dateModified\":\"2020-04-29T14:00:56+00:00\",\"breadcrumb\":{\"@id\":\"https:\\\/\\\/papirol.si\\\/prodajni-program\\\/papirnate-vrecke-z-ravnim-dnom\\\/papirnate-vrecke-bela-natura\\\/#breadcrumb\"},\"inLanguage\":\"de\",\"potentialAction\":[{\"@type\":\"ReadAction\",\"target\":[\"https:\\\/\\\/papirol.si\\\/prodajni-program\\\/papirnate-vrecke-z-ravnim-dnom\\\/papirnate-vrecke-bela-natura\\\/\"]}]},{\"@type\":\"ImageObject\",\"inLanguage\":\"de\",\"@id\":\"https:\\\/\\\/papirol.si\\\/prodajni-program\\\/papirnate-vrecke-z-ravnim-dnom\\\/papirnate-vrecke-bela-natura\\\/#primaryimage\",\"url\":\"https:\\\/\\\/papirol.si\\\/wp-content\\\/uploads\\\/2019\\\/12\\\/program1_hhwoy0mk.jpg\",\"contentUrl\":\"https:\\\/\\\/papirol.si\\\/wp-content\\\/uploads\\\/2019\\\/12\\\/program1_hhwoy0mk.jpg\"},{\"@type\":\"BreadcrumbList\",\"@id\":\"https:\\\/\\\/papirol.si\\\/prodajni-program\\\/papirnate-vrecke-z-ravnim-dnom\\\/papirnate-vrecke-bela-natura\\\/#breadcrumb\",\"itemListElement\":[{\"@type\":\"ListItem\",\"position\":1,\"name\":\"Home\",\"item\":\"https:\\\/\\\/papirol.si\\\/\"},{\"@type\":\"ListItem\",\"position\":2,\"name\":\"Prodajni program\",\"item\":\"https:\\\/\\\/papirol.si\\\/prodajni-program\\\/\"},{\"@type\":\"ListItem\",\"position\":3,\"name\":\"Papirnate vre\u010dke z ravnim dnom\",\"item\":\"https:\\\/\\\/papirol.si\\\/prodajni-program\\\/papirnate-vrecke-z-ravnim-dnom\\\/\"},{\"@type\":\"ListItem\",\"position\":4,\"name\":\"Papirnate vre\u010dke bela natura\"}]},{\"@type\":\"WebSite\",\"@id\":\"https:\\\/\\\/papirol.si\\\/#website\",\"url\":\"https:\\\/\\\/papirol.si\\\/\",\"name\":\"Papirol\",\"description\":\"Obla\u010dimo va\u0161e izdelke \u017ee 36 let!\",\"publisher\":{\"@id\":\"https:\\\/\\\/papirol.si\\\/#organization\"},\"potentialAction\":[{\"@type\":\"SearchAction\",\"target\":{\"@type\":\"EntryPoint\",\"urlTemplate\":\"https:\\\/\\\/papirol.si\\\/?s={search_term_string}\"},\"query-input\":{\"@type\":\"PropertyValueSpecification\",\"valueRequired\":true,\"valueName\":\"search_term_string\"}}],\"inLanguage\":\"de\"},{\"@type\":\"Organization\",\"@id\":\"https:\\\/\\\/papirol.si\\\/#organization\",\"name\":\"Papirol\",\"url\":\"https:\\\/\\\/papirol.si\\\/\",\"logo\":{\"@type\":\"ImageObject\",\"inLanguage\":\"de\",\"@id\":\"https:\\\/\\\/papirol.si\\\/#\\\/schema\\\/logo\\\/image\\\/\",\"url\":\"https:\\\/\\\/papirol.si\\\/wp-content\\\/uploads\\\/2019\\\/12\\\/papirol-bela.png\",\"contentUrl\":\"https:\\\/\\\/papirol.si\\\/wp-content\\\/uploads\\\/2019\\\/12\\\/papirol-bela.png\",\"width\":400,\"height\":80,\"caption\":\"Papirol\"},\"image\":{\"@id\":\"https:\\\/\\\/papirol.si\\\/#\\\/schema\\\/logo\\\/image\\\/\"}}]}<\/script>\n<!-- \/ Yoast SEO plugin. -->","yoast_head_json":{"title":"Papiert\u00fcten wei\u00df natur | Papirol","robots":{"index":"index","follow":"follow","max-snippet":"max-snippet:-1","max-image-preview":"max-image-preview:large","max-video-preview":"max-video-preview:-1"},"canonical":"https:\/\/papirol.si\/de\/verkaufsprogramm\/papiertuten-mit-flachem-boden-2\/papiertuten-weis-natur\/","og_locale":"de_DE","og_type":"article","og_title":"Papirnate vre\u010dke bela natura | Papirol","og_description":"Naravni prijazne papirnate vre\u010dke bela natura so izdelane iz belega gladkega natron papirja, razli\u010dnih debelin in kvalitet. Narejene...","og_url":"https:\/\/papirol.si\/de\/verkaufsprogramm\/papiertuten-mit-flachem-boden-2\/papiertuten-weis-natur\/","og_site_name":"Papirol","article_modified_time":"2020-04-29T14:00:56+00:00","og_image":[{"url":"https:\/\/papirol.si\/wp-content\/uploads\/2019\/12\/program1_hhwoy0mk.jpg","type":"","width":"","height":""}],"twitter_card":"summary_large_image","twitter_misc":{"Gesch\u00e4tzte Lesezeit":"2\u00a0Minuten"},"schema":{"@context":"https:\/\/schema.org","@graph":[{"@type":"WebPage","@id":"https:\/\/papirol.si\/prodajni-program\/papirnate-vrecke-z-ravnim-dnom\/papirnate-vrecke-bela-natura\/","url":"https:\/\/papirol.si\/prodajni-program\/papirnate-vrecke-z-ravnim-dnom\/papirnate-vrecke-bela-natura\/","name":"Papiert\u00fcten wei\u00df natur | Papirol","isPartOf":{"@id":"https:\/\/papirol.si\/#website"},"primaryImageOfPage":{"@id":"https:\/\/papirol.si\/prodajni-program\/papirnate-vrecke-z-ravnim-dnom\/papirnate-vrecke-bela-natura\/#primaryimage"},"image":{"@id":"https:\/\/papirol.si\/prodajni-program\/papirnate-vrecke-z-ravnim-dnom\/papirnate-vrecke-bela-natura\/#primaryimage"},"thumbnailUrl":"https:\/\/papirol.si\/wp-content\/uploads\/2019\/12\/program1_hhwoy0mk.jpg","datePublished":"2019-12-06T11:07:55+00:00","dateModified":"2020-04-29T14:00:56+00:00","breadcrumb":{"@id":"https:\/\/papirol.si\/prodajni-program\/papirnate-vrecke-z-ravnim-dnom\/papirnate-vrecke-bela-natura\/#breadcrumb"},"inLanguage":"de","potentialAction":[{"@type":"ReadAction","target":["https:\/\/papirol.si\/prodajni-program\/papirnate-vrecke-z-ravnim-dnom\/papirnate-vrecke-bela-natura\/"]}]},{"@type":"ImageObject","inLanguage":"de","@id":"https:\/\/papirol.si\/prodajni-program\/papirnate-vrecke-z-ravnim-dnom\/papirnate-vrecke-bela-natura\/#primaryimage","url":"https:\/\/papirol.si\/wp-content\/uploads\/2019\/12\/program1_hhwoy0mk.jpg","contentUrl":"https:\/\/papirol.si\/wp-content\/uploads\/2019\/12\/program1_hhwoy0mk.jpg"},{"@type":"BreadcrumbList","@id":"https:\/\/papirol.si\/prodajni-program\/papirnate-vrecke-z-ravnim-dnom\/papirnate-vrecke-bela-natura\/#breadcrumb","itemListElement":[{"@type":"ListItem","position":1,"name":"Home","item":"https:\/\/papirol.si\/"},{"@type":"ListItem","position":2,"name":"Prodajni program","item":"https:\/\/papirol.si\/prodajni-program\/"},{"@type":"ListItem","position":3,"name":"Papirnate vre\u010dke z ravnim dnom","item":"https:\/\/papirol.si\/prodajni-program\/papirnate-vrecke-z-ravnim-dnom\/"},{"@type":"ListItem","position":4,"name":"Papirnate vre\u010dke bela natura"}]},{"@type":"WebSite","@id":"https:\/\/papirol.si\/#website","url":"https:\/\/papirol.si\/","name":"Papirol","description":"Wir kleiden Ihre Produkte seit 36 Jahren ein!","publisher":{"@id":"https:\/\/papirol.si\/#organization"},"potentialAction":[{"@type":"SearchAction","target":{"@type":"EntryPoint","urlTemplate":"https:\/\/papirol.si\/?s={search_term_string}"},"query-input":{"@type":"PropertyValueSpecification","valueRequired":true,"valueName":"search_term_string"}}],"inLanguage":"de"},{"@type":"Organization","@id":"https:\/\/papirol.si\/#organization","name":"Papirol","url":"https:\/\/papirol.si\/","logo":{"@type":"ImageObject","inLanguage":"de","@id":"https:\/\/papirol.si\/#\/schema\/logo\/image\/","url":"https:\/\/papirol.si\/wp-content\/uploads\/2019\/12\/papirol-bela.png","contentUrl":"https:\/\/papirol.si\/wp-content\/uploads\/2019\/12\/papirol-bela.png","width":400,"height":80,"caption":"Papirol"},"image":{"@id":"https:\/\/papirol.si\/#\/schema\/logo\/image\/"}}]}},"_links":{"self":[{"href":"https:\/\/papirol.si\/de\/wp-json\/wp\/v2\/pages\/1874","targetHints":{"allow":["GET"]}}],"collection":[{"href":"https:\/\/papirol.si\/de\/wp-json\/wp\/v2\/pages"}],"about":[{"href":"https:\/\/papirol.si\/de\/wp-json\/wp\/v2\/types\/page"}],"author":[{"embeddable":true,"href":"https:\/\/papirol.si\/de\/wp-json\/wp\/v2\/users\/5"}],"replies":[{"embeddable":true,"href":"https:\/\/papirol.si\/de\/wp-json\/wp\/v2\/comments?post=1874"}],"version-history":[{"count":14,"href":"https:\/\/papirol.si\/de\/wp-json\/wp\/v2\/pages\/1874\/revisions"}],"predecessor-version":[{"id":3115,"href":"https:\/\/papirol.si\/de\/wp-json\/wp\/v2\/pages\/1874\/revisions\/3115"}],"up":[{"embeddable":true,"href":"https:\/\/papirol.si\/de\/wp-json\/wp\/v2\/pages\/1767"}],"wp:attachment":[{"href":"https:\/\/papirol.si\/de\/wp-json\/wp\/v2\/media?parent=1874"}],"curies":[{"name":"wp","href":"https:\/\/api.w.org\/{rel}","templated":true}]}}