{"id":1879,"date":"2019-12-06T12:07:55","date_gmt":"2019-12-06T11:07:55","guid":{"rendered":"https:\/\/papirol.si\/prodajni-program\/papirnate-vrecke-z-ravnim-dnom\/papirnate-vrecke-bela-natura-2\/"},"modified":"2024-04-10T07:54:46","modified_gmt":"2024-04-10T05:54:46","slug":"papiertuten-weis-natur-mit-fenster","status":"publish","type":"page","link":"https:\/\/papirol.si\/de\/prodajni-program\/papirnate-vrecke-z-ravnim-dnom\/papirnate-vrecke-bela-natura-z-oknom\/","title":{"rendered":"Papiert\u00fcten wei\u00df natur mit Fenster"},"content":{"rendered":"<div data-elementor-type=\"wp-page\" data-elementor-id=\"1879\" class=\"elementor elementor-1879\" data-elementor-post-type=\"page\">\n\t\t\t\t\t\t<section class=\"elementor-section elementor-top-section elementor-element elementor-element-688aacff elementor-section-content-middle elementor-section-boxed elementor-section-height-default elementor-section-height-default\" data-id=\"688aacff\" data-element_type=\"section\" data-e-type=\"section\" id=\"produkt-bio\" data-settings=\"{&quot;background_background&quot;:&quot;classic&quot;}\">\n\t\t\t\t\t\t<div class=\"elementor-container elementor-column-gap-default\">\n\t\t\t\t\t<div class=\"elementor-column elementor-col-50 elementor-top-column elementor-element elementor-element-2aa5ed9b\" data-id=\"2aa5ed9b\" data-element_type=\"column\" data-e-type=\"column\">\n\t\t\t<div class=\"elementor-widget-wrap elementor-element-populated\">\n\t\t\t\t\t\t<div class=\"elementor-element elementor-element-059580b elementor-widget elementor-widget-image\" data-id=\"059580b\" data-element_type=\"widget\" data-e-type=\"widget\" data-widget_type=\"image.default\">\n\t\t\t\t\t\t\t\t\t\t\t\t\t\t\t<img fetchpriority=\"high\" decoding=\"async\" width=\"436\" height=\"292\" src=\"https:\/\/papirol.si\/wp-content\/uploads\/2019\/12\/Bela-natura-skrnicelj-okno_0ck9kvsh.png\" class=\"attachment-large size-large wp-image-1882\" alt=\"\" srcset=\"https:\/\/papirol.si\/wp-content\/uploads\/2019\/12\/Bela-natura-skrnicelj-okno_0ck9kvsh.png 436w, https:\/\/papirol.si\/wp-content\/uploads\/2019\/12\/Bela-natura-skrnicelj-okno_0ck9kvsh-300x201.png 300w, https:\/\/papirol.si\/wp-content\/uploads\/2019\/12\/Bela-natura-skrnicelj-okno_0ck9kvsh-285x191.png 285w, https:\/\/papirol.si\/wp-content\/uploads\/2019\/12\/Bela-natura-skrnicelj-okno_0ck9kvsh-150x100.png 150w\" sizes=\"(max-width: 436px) 100vw, 436px\" \/>\t\t\t\t\t\t\t\t\t\t\t\t\t\t\t<\/div>\n\t\t\t\t<div class=\"elementor-element elementor-element-6c08390c elementor-widget elementor-widget-image\" data-id=\"6c08390c\" data-element_type=\"widget\" data-e-type=\"widget\" data-widget_type=\"image.default\">\n\t\t\t\t\t\t\t\t\t\t\t\t\t\t\t<img decoding=\"async\" width=\"221\" height=\"410\" src=\"https:\/\/papirol.si\/wp-content\/uploads\/2019\/12\/program1_hhwoy0mk.jpg\" class=\"attachment-large size-large wp-image-1859\" alt=\"\" srcset=\"https:\/\/papirol.si\/wp-content\/uploads\/2019\/12\/program1_hhwoy0mk.jpg 221w, https:\/\/papirol.si\/wp-content\/uploads\/2019\/12\/program1_hhwoy0mk-162x300.jpg 162w, https:\/\/papirol.si\/wp-content\/uploads\/2019\/12\/program1_hhwoy0mk-81x150.jpg 81w\" sizes=\"(max-width: 221px) 100vw, 221px\" \/>\t\t\t\t\t\t\t\t\t\t\t\t\t\t\t<\/div>\n\t\t\t\t\t<\/div>\n\t\t<\/div>\n\t\t\t\t<div class=\"elementor-column elementor-col-50 elementor-top-column elementor-element elementor-element-3ca2a12c\" data-id=\"3ca2a12c\" data-element_type=\"column\" data-e-type=\"column\">\n\t\t\t<div class=\"elementor-widget-wrap elementor-element-populated\">\n\t\t\t\t\t\t<div class=\"elementor-element elementor-element-ad643b1 elementor-widget elementor-widget-text-editor\" data-id=\"ad643b1\" data-element_type=\"widget\" data-e-type=\"widget\" data-widget_type=\"text-editor.default\">\n\t\t\t\t\t\t\t\t\t<p><span style=\"font-weight: 400;\">Die White Nature Papiert\u00fcten mit Fenster sind aus wei\u00dfem Normalpapier, mit einem transparenten Fenster auf der Vorderseite und einem Schiebefenster an der Seitenkante.<\/span><\/p><p><span style=\"font-weight: 400;\">Transparentes Fenster wahlweise aus kompostierbaren Materialien oder wei\u00dfem Transparentpapier.<\/span><\/p><p><span style=\"font-weight: 400;\">Die T\u00fcten eignen sich sehr gut f\u00fcr Produkte, die \u201cmit den Augen\u201d gekauft werden - man kann den Inhalt durch das Fenster deutlich sehen.\u00a0<\/span><\/p><p><span style=\"font-weight: 400;\">Sehr n\u00fctzlich f\u00fcr vorbereitete Sandwiches und Backwaren, haltbare Produkte und Verkaufsautomaten.<\/span><\/p><p><span style=\"font-weight: 400;\">Unbedruckt sind sie in der Regel auf Lager und sofort lieferbar, auch in kleinen Mengen.<\/span><\/p>\t\t\t\t\t\t\t\t<\/div>\n\t\t\t\t<div class=\"elementor-element elementor-element-5ddd50e7 elementor-widget elementor-widget-text-editor\" data-id=\"5ddd50e7\" data-element_type=\"widget\" data-e-type=\"widget\" id=\"tisk-box\" data-widget_type=\"text-editor.default\">\n\t\t\t\t\t\t\t\t\t<h2>Druck auf Taschen<\/h2>\nPapiert\u00fcten werden ein- oder mehrfarbig in hoher Qualit\u00e4t bedruckt.<br>\nDie F\u00e4higkeit, gleichzeitig mit der Bearbeitung des Beutels zu drucken, erm\u00f6glicht das Bedrucken der gesamten Oberfl\u00e4che des Beutels, optional auch im Inneren des Beutels.<br>\nBis hin zum Bedrucken von vorgefertigten Beuteln, was das Bedrucken von kleinen Mengen erm\u00f6glicht.\n<strong>Drucktechniken:<\/strong>\n<ul>\n \t<li>Mehrfarbiger Flexodruck von der Linie auf alle Arten von Papiers\u00e4cken<\/li>\n \t<li>Mehrfarbiger Siebdruck auf alle Arten von Papiert\u00fcten<\/li>\n<\/ul>\n<strong>Drucken:<\/strong>\n<ul>\n \t<li>kontinuierlicher oder positionierter, mehrfarbiger Druck, ein- oder beidseitig<\/li>\n \t<li>auf der gesamten Fl\u00e4che, auf einer oder beiden Seiten, einschlie\u00dflich der seitlichen R\u00e4nder<\/li>\n<\/ul>\t\t\t\t\t\t\t\t<\/div>\n\t\t\t\t\t<\/div>\n\t\t<\/div>\n\t\t\t\t\t<\/div>\n\t\t<\/section>\n\t\t\t\t<section class=\"elementor-section elementor-top-section elementor-element elementor-element-f11247f elementor-section-boxed elementor-section-height-default elementor-section-height-default\" data-id=\"f11247f\" data-element_type=\"section\" data-e-type=\"section\" id=\"product-bio-tbl\" data-settings=\"{&quot;background_background&quot;:&quot;classic&quot;}\">\n\t\t\t\t\t\t<div class=\"elementor-container elementor-column-gap-default\">\n\t\t\t\t\t<div class=\"elementor-column elementor-col-100 elementor-top-column elementor-element elementor-element-21ce687\" data-id=\"21ce687\" data-element_type=\"column\" data-e-type=\"column\">\n\t\t\t<div class=\"elementor-widget-wrap elementor-element-populated\">\n\t\t\t\t\t\t<div class=\"elementor-element elementor-element-1b549f9 elementor-widget elementor-widget-text-editor\" data-id=\"1b549f9\" data-element_type=\"widget\" data-e-type=\"widget\" data-widget_type=\"text-editor.default\">\n\t\t\t\t\t\t\t\t\t<table data-minrequestedwidth=\"888.2015991210938\" data-computedwidth=\"888.2015991210938\"><tbody><tr><td class=\"imVc\"><div class=\"imTACenter\"><b><span class=\"fs11lh1-5 ff1\">Name des Produkts<\/span><\/b><\/div><\/td><td class=\"imVc\"><div class=\"imTACenter\"><span class=\"fs11lh1-5 ff1\"><b>Standardabmessungen<\/b><\/span><\/div><div>\u00a0<\/div><div>\u00a0A+ 2xC x B\u00a0<\/div><\/td><td class=\"imVc\"><div class=\"imTACenter\"><b class=\"fs11lh1-5 ff1\">Verpackung<\/b><\/div><\/td><\/tr><tr><td class=\"imVc\"><div class=\"imTACenter\"><span class=\"fs11lh1-5 ff2\">Wei\u00dfer Naturstar mit Fenster 1\/2<\/span><\/div><\/td><td class=\"imVc\"><div class=\"imTACenter\"><span class=\"fs11lh1-5 ff2\">12 + 4 x 29 cm<\/span><\/div><\/td><td class=\"imVc\"><div class=\"imTACenter\"><span class=\"fs11lh1-5 ff2\">2000 St\u00fcck<\/span><\/div><\/td><\/tr><tr><td class=\"imVc\"><div class=\"imTACenter\"><span class=\"fs11lh1-5 ff2\">Wei\u00dfer Naturstar mit Fenster 1<\/span><\/div><\/td><td class=\"imVc\"><div class=\"imTACenter\"><span class=\"fs11lh1-5 ff2\">14 + 6 x 29 cm<\/span><\/div><\/td><td class=\"imVc\"><div class=\"imTACenter\"><span class=\"fs11lh1-5 ff2\">2000 St\u00fcck<\/span><\/div><\/td><\/tr><tr><td class=\"imVc\"><div class=\"imTACenter\"><span class=\"fs11lh1-5 ff2\">Wei\u00dfer Naturstar mit Fenster 3<\/span><\/div><\/td><td class=\"imVc\"><div class=\"imTACenter\"><span class=\"fs11lh1-5 ff2\">20 + 9 x 39 cm<\/span><\/div><\/td><td class=\"imVc\"><div class=\"imTACenter\"><span class=\"fs11lh1-5 ff2\">2000 St\u00fcck<\/span><\/div><\/td><\/tr><tr><td class=\"imVc\"><div class=\"imTACenter\"><span class=\"fs11lh1-5 ff2\">Wei\u00dfer Naturstar mit Fenstert\u00fcr - auf Bestellung gefertigt<\/span><\/div><\/td><td class=\"imVc\"><div class=\"imTACenter\"><span class=\"fs11lh1-5 ff2\">12 + 4 x 59 cm<\/span><\/div><\/td><td class=\"imVc\"><div class=\"imTACenter\"><span class=\"fs11lh1-5 ff2\">Auf Anfrage<\/span><\/div><\/td><\/tr><\/tbody><\/table>\t\t\t\t\t\t\t\t<\/div>\n\t\t\t\t\t<\/div>\n\t\t<\/div>\n\t\t\t\t\t<\/div>\n\t\t<\/section>\n\t\t\t\t<section class=\"elementor-section elementor-top-section elementor-element elementor-element-48e648ff elementor-section-boxed elementor-section-height-default elementor-section-height-default\" data-id=\"48e648ff\" data-element_type=\"section\" data-e-type=\"section\" id=\"povp-sect\" data-settings=\"{&quot;background_background&quot;:&quot;classic&quot;}\">\n\t\t\t\t\t\t\t<div class=\"elementor-background-overlay\"><\/div>\n\t\t\t\t\t\t\t<div class=\"elementor-container elementor-column-gap-default\">\n\t\t\t\t\t<div class=\"elementor-column elementor-col-100 elementor-top-column elementor-element elementor-element-76b3c783\" data-id=\"76b3c783\" data-element_type=\"column\" data-e-type=\"column\">\n\t\t\t<div class=\"elementor-widget-wrap elementor-element-populated\">\n\t\t\t\t\t\t<div class=\"elementor-element elementor-element-26064faf elementor-widget elementor-widget-heading\" data-id=\"26064faf\" data-element_type=\"widget\" data-e-type=\"widget\" data-widget_type=\"heading.default\">\n\t\t\t\t\t<h2 class=\"elementor-heading-title elementor-size-default elementor-heading-title elementor-align-after-center\"><span style=\"font-weight:normal\"><span style=\"font-size: 9pt;font-weight: 700;vertical-align: baseline\"><\/span><\/span>Verwenden Sie umweltfreundliche Verpackungen!<\/h2>\t\t\t\t<\/div>\n\t\t\t\t<div class=\"elementor-element elementor-element-42aad831 elementor-widget elementor-widget-sm-default-button\" data-id=\"42aad831\" data-element_type=\"widget\" data-e-type=\"widget\" data-widget_type=\"sm-default-button.default\">\n\t\t\t\t<div class=\"elementor-widget-container\">\n\t\t\t\t\t\n\t\t\t\t<a   href=\"https:\/\/papirol.si\/de\/povprasevanje\/vrecke-ravno-dno\/\" class=\"btn\">Senden Sie Ihre Anfrage<i class=\"ti ti-arrow-right\"><\/i><\/a>\n\t\t\n\t\t\t\t\t<\/div>\n\t\t\t\t<\/div>\n\t\t\t\t\t<\/div>\n\t\t<\/div>\n\t\t\t\t\t<\/div>\n\t\t<\/section>\n\t\t\t\t<\/div>","protected":false},"excerpt":{"rendered":"<p>Papirnate vre\u010dke bela natura z oknom so izdelane iz belega gladkega papirja, s prozornim oknom na sprednji strani,&#8230;<\/p>","protected":false},"author":5,"featured_media":0,"parent":1767,"menu_order":0,"comment_status":"closed","ping_status":"closed","template":"elementor_header_footer","meta":{"footnotes":""},"class_list":["post-1879","page","type-page","status-publish","hentry"],"yoast_head":"<!-- This site is optimized with the Yoast SEO plugin v27.3 - https:\/\/yoast.com\/product\/yoast-seo-wordpress\/ -->\n<title>Papirnate vre\u010dke bela natura z oknom | Papirol<\/title>\n<meta name=\"robots\" content=\"index, follow, max-snippet:-1, max-image-preview:large, max-video-preview:-1\" \/>\n<link rel=\"canonical\" href=\"https:\/\/papirol.si\/de\/verkaufsprogramm\/papiertuten-mit-flachem-boden-2\/papiertuten-weis-natur-mit-fenster\/\" \/>\n<meta property=\"og:locale\" content=\"de_DE\" \/>\n<meta property=\"og:type\" content=\"article\" \/>\n<meta property=\"og:title\" content=\"Papirnate vre\u010dke bela natura z oknom | Papirol\" \/>\n<meta property=\"og:description\" content=\"Papirnate vre\u010dke bela natura z oknom so izdelane iz belega gladkega papirja, s prozornim oknom na sprednji strani,...\" \/>\n<meta property=\"og:url\" content=\"https:\/\/papirol.si\/de\/verkaufsprogramm\/papiertuten-mit-flachem-boden-2\/papiertuten-weis-natur-mit-fenster\/\" \/>\n<meta property=\"og:site_name\" content=\"Papirol\" \/>\n<meta property=\"article:modified_time\" content=\"2024-04-10T05:54:46+00:00\" \/>\n<meta property=\"og:image\" content=\"https:\/\/papirol.si\/wp-content\/uploads\/2019\/12\/Bela-natura-skrnicelj-okno_0ck9kvsh.png\" \/>\n\t<meta property=\"og:image:width\" content=\"436\" \/>\n\t<meta property=\"og:image:height\" content=\"292\" \/>\n\t<meta property=\"og:image:type\" content=\"image\/png\" \/>\n<meta name=\"twitter:card\" content=\"summary_large_image\" \/>\n<meta name=\"twitter:label1\" content=\"Gesch\u00e4tzte Lesezeit\" \/>\n\t<meta name=\"twitter:data1\" content=\"1\u00a0Minute\" \/>\n<script type=\"application\/ld+json\" class=\"yoast-schema-graph\">{\"@context\":\"https:\\\/\\\/schema.org\",\"@graph\":[{\"@type\":\"WebPage\",\"@id\":\"https:\\\/\\\/papirol.si\\\/prodajni-program\\\/papirnate-vrecke-z-ravnim-dnom\\\/papirnate-vrecke-bela-natura-z-oknom\\\/\",\"url\":\"https:\\\/\\\/papirol.si\\\/prodajni-program\\\/papirnate-vrecke-z-ravnim-dnom\\\/papirnate-vrecke-bela-natura-z-oknom\\\/\",\"name\":\"Papirnate vre\u010dke bela natura z oknom | Papirol\",\"isPartOf\":{\"@id\":\"https:\\\/\\\/papirol.si\\\/#website\"},\"primaryImageOfPage\":{\"@id\":\"https:\\\/\\\/papirol.si\\\/prodajni-program\\\/papirnate-vrecke-z-ravnim-dnom\\\/papirnate-vrecke-bela-natura-z-oknom\\\/#primaryimage\"},\"image\":{\"@id\":\"https:\\\/\\\/papirol.si\\\/prodajni-program\\\/papirnate-vrecke-z-ravnim-dnom\\\/papirnate-vrecke-bela-natura-z-oknom\\\/#primaryimage\"},\"thumbnailUrl\":\"https:\\\/\\\/papirol.si\\\/wp-content\\\/uploads\\\/2019\\\/12\\\/Bela-natura-skrnicelj-okno_0ck9kvsh.png\",\"datePublished\":\"2019-12-06T11:07:55+00:00\",\"dateModified\":\"2024-04-10T05:54:46+00:00\",\"breadcrumb\":{\"@id\":\"https:\\\/\\\/papirol.si\\\/prodajni-program\\\/papirnate-vrecke-z-ravnim-dnom\\\/papirnate-vrecke-bela-natura-z-oknom\\\/#breadcrumb\"},\"inLanguage\":\"de\",\"potentialAction\":[{\"@type\":\"ReadAction\",\"target\":[\"https:\\\/\\\/papirol.si\\\/prodajni-program\\\/papirnate-vrecke-z-ravnim-dnom\\\/papirnate-vrecke-bela-natura-z-oknom\\\/\"]}]},{\"@type\":\"ImageObject\",\"inLanguage\":\"de\",\"@id\":\"https:\\\/\\\/papirol.si\\\/prodajni-program\\\/papirnate-vrecke-z-ravnim-dnom\\\/papirnate-vrecke-bela-natura-z-oknom\\\/#primaryimage\",\"url\":\"https:\\\/\\\/papirol.si\\\/wp-content\\\/uploads\\\/2019\\\/12\\\/Bela-natura-skrnicelj-okno_0ck9kvsh.png\",\"contentUrl\":\"https:\\\/\\\/papirol.si\\\/wp-content\\\/uploads\\\/2019\\\/12\\\/Bela-natura-skrnicelj-okno_0ck9kvsh.png\"},{\"@type\":\"BreadcrumbList\",\"@id\":\"https:\\\/\\\/papirol.si\\\/prodajni-program\\\/papirnate-vrecke-z-ravnim-dnom\\\/papirnate-vrecke-bela-natura-z-oknom\\\/#breadcrumb\",\"itemListElement\":[{\"@type\":\"ListItem\",\"position\":1,\"name\":\"Home\",\"item\":\"https:\\\/\\\/papirol.si\\\/\"},{\"@type\":\"ListItem\",\"position\":2,\"name\":\"Prodajni program\",\"item\":\"https:\\\/\\\/papirol.si\\\/prodajni-program\\\/\"},{\"@type\":\"ListItem\",\"position\":3,\"name\":\"Papirnate vre\u010dke z ravnim dnom\",\"item\":\"https:\\\/\\\/papirol.si\\\/prodajni-program\\\/papirnate-vrecke-z-ravnim-dnom\\\/\"},{\"@type\":\"ListItem\",\"position\":4,\"name\":\"Papirnate vre\u010dke bela natura z oknom\"}]},{\"@type\":\"WebSite\",\"@id\":\"https:\\\/\\\/papirol.si\\\/#website\",\"url\":\"https:\\\/\\\/papirol.si\\\/\",\"name\":\"Papirol\",\"description\":\"Obla\u010dimo va\u0161e izdelke \u017ee 36 let!\",\"publisher\":{\"@id\":\"https:\\\/\\\/papirol.si\\\/#organization\"},\"potentialAction\":[{\"@type\":\"SearchAction\",\"target\":{\"@type\":\"EntryPoint\",\"urlTemplate\":\"https:\\\/\\\/papirol.si\\\/?s={search_term_string}\"},\"query-input\":{\"@type\":\"PropertyValueSpecification\",\"valueRequired\":true,\"valueName\":\"search_term_string\"}}],\"inLanguage\":\"de\"},{\"@type\":\"Organization\",\"@id\":\"https:\\\/\\\/papirol.si\\\/#organization\",\"name\":\"Papirol\",\"url\":\"https:\\\/\\\/papirol.si\\\/\",\"logo\":{\"@type\":\"ImageObject\",\"inLanguage\":\"de\",\"@id\":\"https:\\\/\\\/papirol.si\\\/#\\\/schema\\\/logo\\\/image\\\/\",\"url\":\"https:\\\/\\\/papirol.si\\\/wp-content\\\/uploads\\\/2019\\\/12\\\/papirol-bela.png\",\"contentUrl\":\"https:\\\/\\\/papirol.si\\\/wp-content\\\/uploads\\\/2019\\\/12\\\/papirol-bela.png\",\"width\":400,\"height\":80,\"caption\":\"Papirol\"},\"image\":{\"@id\":\"https:\\\/\\\/papirol.si\\\/#\\\/schema\\\/logo\\\/image\\\/\"}}]}<\/script>\n<!-- \/ Yoast SEO plugin. -->","yoast_head_json":{"title":"Papiert\u00fcten wei\u00df natur mit Fenster | Papirol","robots":{"index":"index","follow":"follow","max-snippet":"max-snippet:-1","max-image-preview":"max-image-preview:large","max-video-preview":"max-video-preview:-1"},"canonical":"https:\/\/papirol.si\/de\/verkaufsprogramm\/papiertuten-mit-flachem-boden-2\/papiertuten-weis-natur-mit-fenster\/","og_locale":"de_DE","og_type":"article","og_title":"Papirnate vre\u010dke bela natura z oknom | Papirol","og_description":"Papirnate vre\u010dke bela natura z oknom so izdelane iz belega gladkega papirja, s prozornim oknom na sprednji strani,...","og_url":"https:\/\/papirol.si\/de\/verkaufsprogramm\/papiertuten-mit-flachem-boden-2\/papiertuten-weis-natur-mit-fenster\/","og_site_name":"Papirol","article_modified_time":"2024-04-10T05:54:46+00:00","og_image":[{"width":436,"height":292,"url":"https:\/\/papirol.si\/wp-content\/uploads\/2019\/12\/Bela-natura-skrnicelj-okno_0ck9kvsh.png","type":"image\/png"}],"twitter_card":"summary_large_image","twitter_misc":{"Gesch\u00e4tzte Lesezeit":"1\u00a0Minute"},"schema":{"@context":"https:\/\/schema.org","@graph":[{"@type":"WebPage","@id":"https:\/\/papirol.si\/prodajni-program\/papirnate-vrecke-z-ravnim-dnom\/papirnate-vrecke-bela-natura-z-oknom\/","url":"https:\/\/papirol.si\/prodajni-program\/papirnate-vrecke-z-ravnim-dnom\/papirnate-vrecke-bela-natura-z-oknom\/","name":"Papiert\u00fcten wei\u00df natur mit Fenster | Papirol","isPartOf":{"@id":"https:\/\/papirol.si\/#website"},"primaryImageOfPage":{"@id":"https:\/\/papirol.si\/prodajni-program\/papirnate-vrecke-z-ravnim-dnom\/papirnate-vrecke-bela-natura-z-oknom\/#primaryimage"},"image":{"@id":"https:\/\/papirol.si\/prodajni-program\/papirnate-vrecke-z-ravnim-dnom\/papirnate-vrecke-bela-natura-z-oknom\/#primaryimage"},"thumbnailUrl":"https:\/\/papirol.si\/wp-content\/uploads\/2019\/12\/Bela-natura-skrnicelj-okno_0ck9kvsh.png","datePublished":"2019-12-06T11:07:55+00:00","dateModified":"2024-04-10T05:54:46+00:00","breadcrumb":{"@id":"https:\/\/papirol.si\/prodajni-program\/papirnate-vrecke-z-ravnim-dnom\/papirnate-vrecke-bela-natura-z-oknom\/#breadcrumb"},"inLanguage":"de","potentialAction":[{"@type":"ReadAction","target":["https:\/\/papirol.si\/prodajni-program\/papirnate-vrecke-z-ravnim-dnom\/papirnate-vrecke-bela-natura-z-oknom\/"]}]},{"@type":"ImageObject","inLanguage":"de","@id":"https:\/\/papirol.si\/prodajni-program\/papirnate-vrecke-z-ravnim-dnom\/papirnate-vrecke-bela-natura-z-oknom\/#primaryimage","url":"https:\/\/papirol.si\/wp-content\/uploads\/2019\/12\/Bela-natura-skrnicelj-okno_0ck9kvsh.png","contentUrl":"https:\/\/papirol.si\/wp-content\/uploads\/2019\/12\/Bela-natura-skrnicelj-okno_0ck9kvsh.png"},{"@type":"BreadcrumbList","@id":"https:\/\/papirol.si\/prodajni-program\/papirnate-vrecke-z-ravnim-dnom\/papirnate-vrecke-bela-natura-z-oknom\/#breadcrumb","itemListElement":[{"@type":"ListItem","position":1,"name":"Home","item":"https:\/\/papirol.si\/"},{"@type":"ListItem","position":2,"name":"Prodajni program","item":"https:\/\/papirol.si\/prodajni-program\/"},{"@type":"ListItem","position":3,"name":"Papirnate vre\u010dke z ravnim dnom","item":"https:\/\/papirol.si\/prodajni-program\/papirnate-vrecke-z-ravnim-dnom\/"},{"@type":"ListItem","position":4,"name":"Papirnate vre\u010dke bela natura z oknom"}]},{"@type":"WebSite","@id":"https:\/\/papirol.si\/#website","url":"https:\/\/papirol.si\/","name":"Papirol","description":"Wir kleiden Ihre Produkte seit 36 Jahren ein!","publisher":{"@id":"https:\/\/papirol.si\/#organization"},"potentialAction":[{"@type":"SearchAction","target":{"@type":"EntryPoint","urlTemplate":"https:\/\/papirol.si\/?s={search_term_string}"},"query-input":{"@type":"PropertyValueSpecification","valueRequired":true,"valueName":"search_term_string"}}],"inLanguage":"de"},{"@type":"Organization","@id":"https:\/\/papirol.si\/#organization","name":"Papirol","url":"https:\/\/papirol.si\/","logo":{"@type":"ImageObject","inLanguage":"de","@id":"https:\/\/papirol.si\/#\/schema\/logo\/image\/","url":"https:\/\/papirol.si\/wp-content\/uploads\/2019\/12\/papirol-bela.png","contentUrl":"https:\/\/papirol.si\/wp-content\/uploads\/2019\/12\/papirol-bela.png","width":400,"height":80,"caption":"Papirol"},"image":{"@id":"https:\/\/papirol.si\/#\/schema\/logo\/image\/"}}]}},"_links":{"self":[{"href":"https:\/\/papirol.si\/de\/wp-json\/wp\/v2\/pages\/1879","targetHints":{"allow":["GET"]}}],"collection":[{"href":"https:\/\/papirol.si\/de\/wp-json\/wp\/v2\/pages"}],"about":[{"href":"https:\/\/papirol.si\/de\/wp-json\/wp\/v2\/types\/page"}],"author":[{"embeddable":true,"href":"https:\/\/papirol.si\/de\/wp-json\/wp\/v2\/users\/5"}],"replies":[{"embeddable":true,"href":"https:\/\/papirol.si\/de\/wp-json\/wp\/v2\/comments?post=1879"}],"version-history":[{"count":20,"href":"https:\/\/papirol.si\/de\/wp-json\/wp\/v2\/pages\/1879\/revisions"}],"predecessor-version":[{"id":4409,"href":"https:\/\/papirol.si\/de\/wp-json\/wp\/v2\/pages\/1879\/revisions\/4409"}],"up":[{"embeddable":true,"href":"https:\/\/papirol.si\/de\/wp-json\/wp\/v2\/pages\/1767"}],"wp:attachment":[{"href":"https:\/\/papirol.si\/de\/wp-json\/wp\/v2\/media?parent=1879"}],"curies":[{"name":"wp","href":"https:\/\/api.w.org\/{rel}","templated":true}]}}