{"id":1899,"date":"2019-12-06T12:07:55","date_gmt":"2019-12-06T11:07:55","guid":{"rendered":"https:\/\/papirol.si\/prodajni-program\/papirnate-vrecke-s-stirikotnim-dnom\/papirnate-vrecke-natura-z-oknom-2\/"},"modified":"2020-04-30T10:41:23","modified_gmt":"2020-04-30T08:41:23","slug":"papiertuten-natura-gros","status":"publish","type":"page","link":"https:\/\/papirol.si\/de\/prodajni-program\/papirnate-vrecke-s-stirikotnim-dnom\/papirnate-vrecke-natura-velike\/","title":{"rendered":"Papiert\u00fcten natura gro\u00df"},"content":{"rendered":"<div data-elementor-type=\"wp-page\" data-elementor-id=\"1899\" class=\"elementor elementor-1899\" data-elementor-post-type=\"page\">\n\t\t\t\t\t\t<section class=\"elementor-section elementor-top-section elementor-element elementor-element-1db26f27 elementor-section-content-middle elementor-section-boxed elementor-section-height-default elementor-section-height-default\" data-id=\"1db26f27\" data-element_type=\"section\" data-e-type=\"section\" id=\"produkt-bio\" data-settings=\"{&quot;background_background&quot;:&quot;classic&quot;}\">\n\t\t\t\t\t\t<div class=\"elementor-container elementor-column-gap-default\">\n\t\t\t\t\t<div class=\"elementor-column elementor-col-50 elementor-top-column elementor-element elementor-element-648bf58b\" data-id=\"648bf58b\" data-element_type=\"column\" data-e-type=\"column\">\n\t\t\t<div class=\"elementor-widget-wrap elementor-element-populated\">\n\t\t\t\t\t\t<div class=\"elementor-element elementor-element-059580b elementor-widget elementor-widget-image\" data-id=\"059580b\" data-element_type=\"widget\" data-e-type=\"widget\" data-widget_type=\"image.default\">\n\t\t\t\t\t\t\t\t\t\t\t\t\t\t\t<img fetchpriority=\"high\" decoding=\"async\" width=\"940\" height=\"861\" src=\"https:\/\/papirol.si\/wp-content\/uploads\/2020\/01\/moka-rjava-1kg.jpg\" class=\"attachment-large size-large wp-image-2415\" alt=\"\" srcset=\"https:\/\/papirol.si\/wp-content\/uploads\/2020\/01\/moka-rjava-1kg.jpg 1000w, https:\/\/papirol.si\/wp-content\/uploads\/2020\/01\/moka-rjava-1kg-300x275.jpg 300w, https:\/\/papirol.si\/wp-content\/uploads\/2020\/01\/moka-rjava-1kg-768x703.jpg 768w, https:\/\/papirol.si\/wp-content\/uploads\/2020\/01\/moka-rjava-1kg-285x261.jpg 285w, https:\/\/papirol.si\/wp-content\/uploads\/2020\/01\/moka-rjava-1kg-600x550.jpg 600w, https:\/\/papirol.si\/wp-content\/uploads\/2020\/01\/moka-rjava-1kg-660x605.jpg 660w, https:\/\/papirol.si\/wp-content\/uploads\/2020\/01\/moka-rjava-1kg-150x137.jpg 150w\" sizes=\"(max-width: 940px) 100vw, 940px\" \/>\t\t\t\t\t\t\t\t\t\t\t\t\t\t\t<\/div>\n\t\t\t\t<div class=\"elementor-element elementor-element-366daee4 elementor-widget elementor-widget-image\" data-id=\"366daee4\" data-element_type=\"widget\" data-e-type=\"widget\" data-widget_type=\"image.default\">\n\t\t\t\t\t\t\t\t\t\t\t\t\t\t\t<img decoding=\"async\" width=\"635\" height=\"1024\" src=\"https:\/\/papirol.si\/wp-content\/uploads\/2020\/02\/vre\u010dka-za-moko-skica-635x1024.jpg\" class=\"attachment-large size-large wp-image-2665\" alt=\"Papiermehls\u00e4cke\" srcset=\"https:\/\/papirol.si\/wp-content\/uploads\/2020\/02\/vre\u010dka-za-moko-skica-635x1024.jpg 635w, https:\/\/papirol.si\/wp-content\/uploads\/2020\/02\/vre\u010dka-za-moko-skica-186x300.jpg 186w, https:\/\/papirol.si\/wp-content\/uploads\/2020\/02\/vre\u010dka-za-moko-skica-768x1239.jpg 768w, https:\/\/papirol.si\/wp-content\/uploads\/2020\/02\/vre\u010dka-za-moko-skica-285x460.jpg 285w, https:\/\/papirol.si\/wp-content\/uploads\/2020\/02\/vre\u010dka-za-moko-skica-409x660.jpg 409w, https:\/\/papirol.si\/wp-content\/uploads\/2020\/02\/vre\u010dka-za-moko-skica-93x150.jpg 93w, https:\/\/papirol.si\/wp-content\/uploads\/2020\/02\/vre\u010dka-za-moko-skica.jpg 950w\" sizes=\"(max-width: 635px) 100vw, 635px\" \/>\t\t\t\t\t\t\t\t\t\t\t\t\t\t\t<\/div>\n\t\t\t\t\t<\/div>\n\t\t<\/div>\n\t\t\t\t<div class=\"elementor-column elementor-col-50 elementor-top-column elementor-element elementor-element-49893973\" data-id=\"49893973\" data-element_type=\"column\" data-e-type=\"column\">\n\t\t\t<div class=\"elementor-widget-wrap elementor-element-populated\">\n\t\t\t\t\t\t<div class=\"elementor-element elementor-element-1e31fbee elementor-widget elementor-widget-text-editor\" data-id=\"1e31fbee\" data-element_type=\"widget\" data-e-type=\"widget\" data-widget_type=\"text-editor.default\">\n\t\t\t\t\t\t\t\t\t<p><span style=\"font-weight: 400;\">Die Papiert\u00fcten mit quadratischem Boden sind aus braunem, doppellagigem Papier hergestellt.<\/span><\/p><p><span style=\"font-weight: 400;\">Sie sind eine Zwischenl\u00f6sung zwischen traditionellen Flachbodenbeuteln und Tragetaschen.<\/span><\/p><p><span style=\"font-weight: 400;\">Das kompaktere Papier erleichtert das Bef\u00fcllen und die Aufbewahrung in den Regalen.<\/span><\/p><p><span style=\"font-weight: 400;\">Sie eignen sich f\u00fcr die Lagerung von Mehl, Getreide und Saatgut, aber auch als Verpackung f\u00fcr Holzkohle und \u00e4hnliche Produkte.<\/span><\/p><p><span style=\"font-weight: 400;\">Unbedruckt sind sie auf Lager, sofort lieferbar, auch in kleinen Mengen.<\/span><\/p><p><span style=\"font-weight: 400;\">Sie eignen sich auch hervorragend als Verpackung f\u00fcr den Versand einiger Produkte in Online-Shops (als Alternative zu Kartons).<\/span><\/p>\t\t\t\t\t\t\t\t<\/div>\n\t\t\t\t<div class=\"elementor-element elementor-element-ee9babf elementor-widget elementor-widget-text-editor\" data-id=\"ee9babf\" data-element_type=\"widget\" data-e-type=\"widget\" id=\"tisk-box\" data-widget_type=\"text-editor.default\">\n\t\t\t\t\t\t\t\t\t<h2>Druck auf Taschen<\/h2>\nPapiert\u00fcten werden ein- oder mehrfarbig in hoher Qualit\u00e4t bedruckt.<br>Die M\u00f6glichkeit, gleichzeitig mit der Bearbeitung des Beutels zu drucken, erm\u00f6glicht das Bedrucken der gesamten Oberfl\u00e4che des Beutels, einschlie\u00dflich des Beutelbodens, optional auch im Inneren des Beutels.<br>Bis hin zum Bedrucken von vorgefertigten Beuteln, was das Bedrucken von kleinen Mengen erm\u00f6glicht.\n<strong>Drucktechniken:<\/strong>\n<ul>\n \t<li>Mehrfarbiger Flexodruck von der Linie auf alle Arten von Papiers\u00e4cken<\/li>\n \t<li>Mehrfarbiger Sieb- oder Flexodruck auf alle Arten von Papiers\u00e4cken<\/li>\n<\/ul>\n<strong>Drucken:<\/strong>\n<ul>\n \t<li>kontinuierlicher oder positionierter, mehrfarbiger Druck, ein- oder beidseitig<\/li>\n \t<li>auf der gesamten Oberfl\u00e4che, auf einer oder beiden Seiten, einschlie\u00dflich der Seitenr\u00e4nder und des Bodens des Beutels<\/li>\n<\/ul>\t\t\t\t\t\t\t\t<\/div>\n\t\t\t\t\t<\/div>\n\t\t<\/div>\n\t\t\t\t\t<\/div>\n\t\t<\/section>\n\t\t\t\t<section class=\"elementor-section elementor-top-section elementor-element elementor-element-f11247f elementor-section-boxed elementor-section-height-default elementor-section-height-default\" data-id=\"f11247f\" data-element_type=\"section\" data-e-type=\"section\" id=\"product-bio-tbl\" data-settings=\"{&quot;background_background&quot;:&quot;classic&quot;}\">\n\t\t\t\t\t\t<div class=\"elementor-container elementor-column-gap-default\">\n\t\t\t\t\t<div class=\"elementor-column elementor-col-100 elementor-top-column elementor-element elementor-element-21ce687\" data-id=\"21ce687\" data-element_type=\"column\" data-e-type=\"column\">\n\t\t\t<div class=\"elementor-widget-wrap elementor-element-populated\">\n\t\t\t\t\t\t<div class=\"elementor-element elementor-element-1b549f9 elementor-widget elementor-widget-text-editor\" data-id=\"1b549f9\" data-element_type=\"widget\" data-e-type=\"widget\" data-widget_type=\"text-editor.default\">\n\t\t\t\t\t\t\t\t\t<table data-minrequestedwidth=\"373.5125732421875\" data-computedwidth=\"373.5125732421875\">\n<tbody>\n<tr>\n<td class=\"imVc\">\n<div><b class=\"fs11lh1-5 ff1\">Name des Produkts<\/b><\/div>\n<\/td>\n<td class=\"imVc\">\n<div class=\"imTACenter\"><span class=\"fs11lh1-5 ff1\"><b>Standardabmessungen<\/b><b>a<\/b><\/span><\/div>\n<\/td>\n<td class=\"imVc\">\n<div class=\"imTACenter\"><span class=\"fs11lh1-5 ff1\"><b>Verpackung<\/b><b>e<\/b><\/span><\/div>\n<\/td>\n<\/tr>\n<tr>\n<td class=\"imVc\">\n<div class=\"imTACenter\"><span class=\"fs11lh1-5 ff2\">471010 Natur 10 m\/N<\/span><\/div>\n<\/td>\n<td class=\"imVc\">\n<div class=\"imTACenter\"><span class=\"fs11lh1-5 ff2\">24 + 12 x 50 cm<\/span><\/div>\n<\/td>\n<td class=\"imVc\">\n<div class=\"imTACenter\"><span class=\"fs11lh1-5 ff2\">200\/100 St\u00fcck<\/span><\/div>\n<\/td>\n<\/tr>\n<tr>\n<td class=\"imVc\">\n<div class=\"imTACenter\"><span class=\"fs11lh1-5 ff2\">471025 Natur 25 m\/N<\/span><\/div>\n<\/td>\n<td class=\"imVc\">\n<div class=\"imTACenter\"><span class=\"fs11lh1-5 ff2\">55 + 14 x 77 cm<\/span><\/div>\n<\/td>\n<td class=\"imVc\">\n<div class=\"imTACenter\"><span class=\"fs11lh1-5 ff2\">100\/ 50 St\u00fcck<\/span><\/div>\n<\/td>\n<\/tr>\n<tr>\n<td class=\"imVc\">\n<div class=\"imTACenter\"><span class=\"fs11lh1-5 ff2\">471050 Natur 50 m\/N<\/span><\/div>\n<\/td>\n<td class=\"imVc\">\n<div class=\"imTACenter\"><span class=\"fs11lh1-5 ff2\">55 + 14 x 110 cm<\/span><\/div>\n<\/td>\n<td class=\"imVc\">\n<div class=\"imTACenter\"><span class=\"fs11lh1-5 ff2\">100\/ 50 St\u00fcck<\/span><\/div>\n<\/td>\n<\/tr>\n<\/tbody>\n<\/table>\t\t\t\t\t\t\t\t<\/div>\n\t\t\t\t\t<\/div>\n\t\t<\/div>\n\t\t\t\t\t<\/div>\n\t\t<\/section>\n\t\t\t\t<section class=\"elementor-section elementor-top-section elementor-element elementor-element-713c4453 elementor-section-boxed elementor-section-height-default elementor-section-height-default\" data-id=\"713c4453\" data-element_type=\"section\" data-e-type=\"section\" id=\"povp-sect\" data-settings=\"{&quot;background_background&quot;:&quot;classic&quot;}\">\n\t\t\t\t\t\t\t<div class=\"elementor-background-overlay\"><\/div>\n\t\t\t\t\t\t\t<div class=\"elementor-container elementor-column-gap-default\">\n\t\t\t\t\t<div class=\"elementor-column elementor-col-100 elementor-top-column elementor-element elementor-element-2d698de4\" data-id=\"2d698de4\" data-element_type=\"column\" data-e-type=\"column\">\n\t\t\t<div class=\"elementor-widget-wrap elementor-element-populated\">\n\t\t\t\t\t\t<div class=\"elementor-element elementor-element-6756b2f3 elementor-widget elementor-widget-heading\" data-id=\"6756b2f3\" data-element_type=\"widget\" data-e-type=\"widget\" data-widget_type=\"heading.default\">\n\t\t\t\t\t<h2 class=\"elementor-heading-title elementor-size-default elementor-heading-title elementor-align-after-center\"><span style=\"font-weight:normal\"><span style=\"font-size: 9pt;font-weight: 700;vertical-align: baseline\"><\/span><\/span>Verwenden Sie umweltfreundliche Verpackungen!<\/h2>\t\t\t\t<\/div>\n\t\t\t\t<div class=\"elementor-element elementor-element-68d40216 elementor-widget elementor-widget-sm-default-button\" data-id=\"68d40216\" data-element_type=\"widget\" data-e-type=\"widget\" data-widget_type=\"sm-default-button.default\">\n\t\t\t\t<div class=\"elementor-widget-container\">\n\t\t\t\t\t\n\t\t\t\t<a   href=\"https:\/\/papirol.si\/de\/povprasevanje\/vrecke-stirikotno-dno\/\" class=\"btn\">Senden Sie Ihre Anfrage<i class=\"ti ti-arrow-right\"><\/i><\/a>\n\t\t\n\t\t\t\t\t<\/div>\n\t\t\t\t<\/div>\n\t\t\t\t\t<\/div>\n\t\t<\/div>\n\t\t\t\t\t<\/div>\n\t\t<\/section>\n\t\t\t\t<\/div>","protected":false},"excerpt":{"rendered":"<p>Papirnate vre\u010dke s \u0161tirikotnim dnom so izdelane iz rjavega dvoslojnega papirja. So vmesna izbira med klasi\u010dnimi vre\u010dkami z&#8230;<\/p>","protected":false},"author":5,"featured_media":0,"parent":1769,"menu_order":0,"comment_status":"closed","ping_status":"closed","template":"elementor_header_footer","meta":{"footnotes":""},"class_list":["post-1899","page","type-page","status-publish","hentry"],"yoast_head":"<!-- This site is optimized with the Yoast SEO plugin v27.3 - https:\/\/yoast.com\/product\/yoast-seo-wordpress\/ -->\n<title>Papirnate vre\u010dke natura velike | Papirol<\/title>\n<meta name=\"robots\" content=\"index, follow, max-snippet:-1, max-image-preview:large, max-video-preview:-1\" \/>\n<link rel=\"canonical\" href=\"https:\/\/papirol.si\/de\/verkaufsprogramm\/papiertuten-mit-styroporboden\/papiertuten-natura-gros\/\" \/>\n<meta property=\"og:locale\" content=\"de_DE\" \/>\n<meta property=\"og:type\" content=\"article\" \/>\n<meta property=\"og:title\" content=\"Papirnate vre\u010dke natura velike | Papirol\" \/>\n<meta property=\"og:description\" content=\"Papirnate vre\u010dke s \u0161tirikotnim dnom so izdelane iz rjavega dvoslojnega papirja. So vmesna izbira med klasi\u010dnimi vre\u010dkami z...\" \/>\n<meta property=\"og:url\" content=\"https:\/\/papirol.si\/de\/verkaufsprogramm\/papiertuten-mit-styroporboden\/papiertuten-natura-gros\/\" \/>\n<meta property=\"og:site_name\" content=\"Papirol\" \/>\n<meta property=\"article:modified_time\" content=\"2020-04-30T08:41:23+00:00\" \/>\n<meta property=\"og:image\" content=\"https:\/\/papirol.si\/wp-content\/uploads\/2020\/01\/moka-rjava-1kg.jpg\" \/>\n\t<meta property=\"og:image:width\" content=\"1000\" \/>\n\t<meta property=\"og:image:height\" content=\"916\" \/>\n\t<meta property=\"og:image:type\" content=\"image\/jpeg\" \/>\n<meta name=\"twitter:card\" content=\"summary_large_image\" \/>\n<meta name=\"twitter:label1\" content=\"Gesch\u00e4tzte Lesezeit\" \/>\n\t<meta name=\"twitter:data1\" content=\"1\u00a0Minute\" \/>\n<script type=\"application\/ld+json\" class=\"yoast-schema-graph\">{\"@context\":\"https:\\\/\\\/schema.org\",\"@graph\":[{\"@type\":\"WebPage\",\"@id\":\"https:\\\/\\\/papirol.si\\\/prodajni-program\\\/papirnate-vrecke-s-stirikotnim-dnom\\\/papirnate-vrecke-natura-velike\\\/\",\"url\":\"https:\\\/\\\/papirol.si\\\/prodajni-program\\\/papirnate-vrecke-s-stirikotnim-dnom\\\/papirnate-vrecke-natura-velike\\\/\",\"name\":\"Papirnate vre\u010dke natura velike | Papirol\",\"isPartOf\":{\"@id\":\"https:\\\/\\\/papirol.si\\\/#website\"},\"primaryImageOfPage\":{\"@id\":\"https:\\\/\\\/papirol.si\\\/prodajni-program\\\/papirnate-vrecke-s-stirikotnim-dnom\\\/papirnate-vrecke-natura-velike\\\/#primaryimage\"},\"image\":{\"@id\":\"https:\\\/\\\/papirol.si\\\/prodajni-program\\\/papirnate-vrecke-s-stirikotnim-dnom\\\/papirnate-vrecke-natura-velike\\\/#primaryimage\"},\"thumbnailUrl\":\"https:\\\/\\\/papirol.si\\\/wp-content\\\/uploads\\\/2020\\\/01\\\/moka-rjava-1kg.jpg\",\"datePublished\":\"2019-12-06T11:07:55+00:00\",\"dateModified\":\"2020-04-30T08:41:23+00:00\",\"breadcrumb\":{\"@id\":\"https:\\\/\\\/papirol.si\\\/prodajni-program\\\/papirnate-vrecke-s-stirikotnim-dnom\\\/papirnate-vrecke-natura-velike\\\/#breadcrumb\"},\"inLanguage\":\"de\",\"potentialAction\":[{\"@type\":\"ReadAction\",\"target\":[\"https:\\\/\\\/papirol.si\\\/prodajni-program\\\/papirnate-vrecke-s-stirikotnim-dnom\\\/papirnate-vrecke-natura-velike\\\/\"]}]},{\"@type\":\"ImageObject\",\"inLanguage\":\"de\",\"@id\":\"https:\\\/\\\/papirol.si\\\/prodajni-program\\\/papirnate-vrecke-s-stirikotnim-dnom\\\/papirnate-vrecke-natura-velike\\\/#primaryimage\",\"url\":\"https:\\\/\\\/papirol.si\\\/wp-content\\\/uploads\\\/2020\\\/01\\\/moka-rjava-1kg.jpg\",\"contentUrl\":\"https:\\\/\\\/papirol.si\\\/wp-content\\\/uploads\\\/2020\\\/01\\\/moka-rjava-1kg.jpg\"},{\"@type\":\"BreadcrumbList\",\"@id\":\"https:\\\/\\\/papirol.si\\\/prodajni-program\\\/papirnate-vrecke-s-stirikotnim-dnom\\\/papirnate-vrecke-natura-velike\\\/#breadcrumb\",\"itemListElement\":[{\"@type\":\"ListItem\",\"position\":1,\"name\":\"Home\",\"item\":\"https:\\\/\\\/papirol.si\\\/\"},{\"@type\":\"ListItem\",\"position\":2,\"name\":\"Prodajni program\",\"item\":\"https:\\\/\\\/papirol.si\\\/prodajni-program\\\/\"},{\"@type\":\"ListItem\",\"position\":3,\"name\":\"Papirnate vre\u010dke s \u0161tirikotnim dnom\",\"item\":\"https:\\\/\\\/papirol.si\\\/prodajni-program\\\/papirnate-vrecke-s-stirikotnim-dnom\\\/\"},{\"@type\":\"ListItem\",\"position\":4,\"name\":\"Papirnate vre\u010dke natura velike\"}]},{\"@type\":\"WebSite\",\"@id\":\"https:\\\/\\\/papirol.si\\\/#website\",\"url\":\"https:\\\/\\\/papirol.si\\\/\",\"name\":\"Papirol\",\"description\":\"Obla\u010dimo va\u0161e izdelke \u017ee 36 let!\",\"publisher\":{\"@id\":\"https:\\\/\\\/papirol.si\\\/#organization\"},\"potentialAction\":[{\"@type\":\"SearchAction\",\"target\":{\"@type\":\"EntryPoint\",\"urlTemplate\":\"https:\\\/\\\/papirol.si\\\/?s={search_term_string}\"},\"query-input\":{\"@type\":\"PropertyValueSpecification\",\"valueRequired\":true,\"valueName\":\"search_term_string\"}}],\"inLanguage\":\"de\"},{\"@type\":\"Organization\",\"@id\":\"https:\\\/\\\/papirol.si\\\/#organization\",\"name\":\"Papirol\",\"url\":\"https:\\\/\\\/papirol.si\\\/\",\"logo\":{\"@type\":\"ImageObject\",\"inLanguage\":\"de\",\"@id\":\"https:\\\/\\\/papirol.si\\\/#\\\/schema\\\/logo\\\/image\\\/\",\"url\":\"https:\\\/\\\/papirol.si\\\/wp-content\\\/uploads\\\/2019\\\/12\\\/papirol-bela.png\",\"contentUrl\":\"https:\\\/\\\/papirol.si\\\/wp-content\\\/uploads\\\/2019\\\/12\\\/papirol-bela.png\",\"width\":400,\"height\":80,\"caption\":\"Papirol\"},\"image\":{\"@id\":\"https:\\\/\\\/papirol.si\\\/#\\\/schema\\\/logo\\\/image\\\/\"}}]}<\/script>\n<!-- \/ Yoast SEO plugin. -->","yoast_head_json":{"title":"Papiert\u00fcten natura gro\u00df | Papirol","robots":{"index":"index","follow":"follow","max-snippet":"max-snippet:-1","max-image-preview":"max-image-preview:large","max-video-preview":"max-video-preview:-1"},"canonical":"https:\/\/papirol.si\/de\/verkaufsprogramm\/papiertuten-mit-styroporboden\/papiertuten-natura-gros\/","og_locale":"de_DE","og_type":"article","og_title":"Papirnate vre\u010dke natura velike | Papirol","og_description":"Papirnate vre\u010dke s \u0161tirikotnim dnom so izdelane iz rjavega dvoslojnega papirja. So vmesna izbira med klasi\u010dnimi vre\u010dkami z...","og_url":"https:\/\/papirol.si\/de\/verkaufsprogramm\/papiertuten-mit-styroporboden\/papiertuten-natura-gros\/","og_site_name":"Papirol","article_modified_time":"2020-04-30T08:41:23+00:00","og_image":[{"width":1000,"height":916,"url":"https:\/\/papirol.si\/wp-content\/uploads\/2020\/01\/moka-rjava-1kg.jpg","type":"image\/jpeg"}],"twitter_card":"summary_large_image","twitter_misc":{"Gesch\u00e4tzte Lesezeit":"1\u00a0Minute"},"schema":{"@context":"https:\/\/schema.org","@graph":[{"@type":"WebPage","@id":"https:\/\/papirol.si\/prodajni-program\/papirnate-vrecke-s-stirikotnim-dnom\/papirnate-vrecke-natura-velike\/","url":"https:\/\/papirol.si\/prodajni-program\/papirnate-vrecke-s-stirikotnim-dnom\/papirnate-vrecke-natura-velike\/","name":"Papiert\u00fcten natura gro\u00df | Papirol","isPartOf":{"@id":"https:\/\/papirol.si\/#website"},"primaryImageOfPage":{"@id":"https:\/\/papirol.si\/prodajni-program\/papirnate-vrecke-s-stirikotnim-dnom\/papirnate-vrecke-natura-velike\/#primaryimage"},"image":{"@id":"https:\/\/papirol.si\/prodajni-program\/papirnate-vrecke-s-stirikotnim-dnom\/papirnate-vrecke-natura-velike\/#primaryimage"},"thumbnailUrl":"https:\/\/papirol.si\/wp-content\/uploads\/2020\/01\/moka-rjava-1kg.jpg","datePublished":"2019-12-06T11:07:55+00:00","dateModified":"2020-04-30T08:41:23+00:00","breadcrumb":{"@id":"https:\/\/papirol.si\/prodajni-program\/papirnate-vrecke-s-stirikotnim-dnom\/papirnate-vrecke-natura-velike\/#breadcrumb"},"inLanguage":"de","potentialAction":[{"@type":"ReadAction","target":["https:\/\/papirol.si\/prodajni-program\/papirnate-vrecke-s-stirikotnim-dnom\/papirnate-vrecke-natura-velike\/"]}]},{"@type":"ImageObject","inLanguage":"de","@id":"https:\/\/papirol.si\/prodajni-program\/papirnate-vrecke-s-stirikotnim-dnom\/papirnate-vrecke-natura-velike\/#primaryimage","url":"https:\/\/papirol.si\/wp-content\/uploads\/2020\/01\/moka-rjava-1kg.jpg","contentUrl":"https:\/\/papirol.si\/wp-content\/uploads\/2020\/01\/moka-rjava-1kg.jpg"},{"@type":"BreadcrumbList","@id":"https:\/\/papirol.si\/prodajni-program\/papirnate-vrecke-s-stirikotnim-dnom\/papirnate-vrecke-natura-velike\/#breadcrumb","itemListElement":[{"@type":"ListItem","position":1,"name":"Home","item":"https:\/\/papirol.si\/"},{"@type":"ListItem","position":2,"name":"Prodajni program","item":"https:\/\/papirol.si\/prodajni-program\/"},{"@type":"ListItem","position":3,"name":"Papirnate vre\u010dke s \u0161tirikotnim dnom","item":"https:\/\/papirol.si\/prodajni-program\/papirnate-vrecke-s-stirikotnim-dnom\/"},{"@type":"ListItem","position":4,"name":"Papirnate vre\u010dke natura velike"}]},{"@type":"WebSite","@id":"https:\/\/papirol.si\/#website","url":"https:\/\/papirol.si\/","name":"Papirol","description":"Wir kleiden Ihre Produkte seit 36 Jahren ein!","publisher":{"@id":"https:\/\/papirol.si\/#organization"},"potentialAction":[{"@type":"SearchAction","target":{"@type":"EntryPoint","urlTemplate":"https:\/\/papirol.si\/?s={search_term_string}"},"query-input":{"@type":"PropertyValueSpecification","valueRequired":true,"valueName":"search_term_string"}}],"inLanguage":"de"},{"@type":"Organization","@id":"https:\/\/papirol.si\/#organization","name":"Papirol","url":"https:\/\/papirol.si\/","logo":{"@type":"ImageObject","inLanguage":"de","@id":"https:\/\/papirol.si\/#\/schema\/logo\/image\/","url":"https:\/\/papirol.si\/wp-content\/uploads\/2019\/12\/papirol-bela.png","contentUrl":"https:\/\/papirol.si\/wp-content\/uploads\/2019\/12\/papirol-bela.png","width":400,"height":80,"caption":"Papirol"},"image":{"@id":"https:\/\/papirol.si\/#\/schema\/logo\/image\/"}}]}},"_links":{"self":[{"href":"https:\/\/papirol.si\/de\/wp-json\/wp\/v2\/pages\/1899","targetHints":{"allow":["GET"]}}],"collection":[{"href":"https:\/\/papirol.si\/de\/wp-json\/wp\/v2\/pages"}],"about":[{"href":"https:\/\/papirol.si\/de\/wp-json\/wp\/v2\/types\/page"}],"author":[{"embeddable":true,"href":"https:\/\/papirol.si\/de\/wp-json\/wp\/v2\/users\/5"}],"replies":[{"embeddable":true,"href":"https:\/\/papirol.si\/de\/wp-json\/wp\/v2\/comments?post=1899"}],"version-history":[{"count":19,"href":"https:\/\/papirol.si\/de\/wp-json\/wp\/v2\/pages\/1899\/revisions"}],"predecessor-version":[{"id":2966,"href":"https:\/\/papirol.si\/de\/wp-json\/wp\/v2\/pages\/1899\/revisions\/2966"}],"up":[{"embeddable":true,"href":"https:\/\/papirol.si\/de\/wp-json\/wp\/v2\/pages\/1769"}],"wp:attachment":[{"href":"https:\/\/papirol.si\/de\/wp-json\/wp\/v2\/media?parent=1899"}],"curies":[{"name":"wp","href":"https:\/\/api.w.org\/{rel}","templated":true}]}}