{"id":1928,"date":"2019-12-06T12:07:55","date_gmt":"2019-12-06T11:07:55","guid":{"rendered":"https:\/\/papirol.si\/prodajni-program\/nosilne-papirnate-vrecke\/nosilne-vrecke-natura-ploscati-rocaj-2\/"},"modified":"2025-10-21T13:43:34","modified_gmt":"2025-10-21T11:43:34","slug":"tragetaschen-natura-gedreht-rocaj","status":"publish","type":"page","link":"https:\/\/papirol.si\/de\/prodajni-program\/nosilne-papirnate-vrecke\/nosilne-vrecke-natura-zviti-rocaj\/","title":{"rendered":"Tragetaschen natura mit gedrehtem Griff"},"content":{"rendered":"<div data-elementor-type=\"wp-page\" data-elementor-id=\"1928\" class=\"elementor elementor-1928\" data-elementor-post-type=\"page\">\n\t\t\t\t\t\t<section class=\"elementor-section elementor-top-section elementor-element elementor-element-1a8ac364 elementor-section-content-middle elementor-section-boxed elementor-section-height-default elementor-section-height-default\" data-id=\"1a8ac364\" data-element_type=\"section\" data-e-type=\"section\" id=\"produkt-bio\" data-settings=\"{&quot;background_background&quot;:&quot;classic&quot;}\">\n\t\t\t\t\t\t<div class=\"elementor-container elementor-column-gap-default\">\n\t\t\t\t\t<div class=\"elementor-column elementor-col-50 elementor-top-column elementor-element elementor-element-63233baa\" data-id=\"63233baa\" data-element_type=\"column\" data-e-type=\"column\">\n\t\t\t<div class=\"elementor-widget-wrap elementor-element-populated\">\n\t\t\t\t\t\t<div class=\"elementor-element elementor-element-059580b elementor-widget elementor-widget-image\" data-id=\"059580b\" data-element_type=\"widget\" data-e-type=\"widget\" data-widget_type=\"image.default\">\n\t\t\t\t\t\t\t\t\t\t\t\t\t\t\t<img decoding=\"async\" width=\"214\" height=\"221\" src=\"https:\/\/papirol.si\/wp-content\/uploads\/2019\/12\/rjave_vse_kot.png\" class=\"attachment-large size-large wp-image-1931\" alt=\"Papiertragetasche\" srcset=\"https:\/\/papirol.si\/wp-content\/uploads\/2019\/12\/rjave_vse_kot.png 214w, https:\/\/papirol.si\/wp-content\/uploads\/2019\/12\/rjave_vse_kot-145x150.png 145w\" sizes=\"(max-width: 214px) 100vw, 214px\" \/>\t\t\t\t\t\t\t\t\t\t\t\t\t\t\t<\/div>\n\t\t\t\t<div class=\"elementor-element elementor-element-f06f615 elementor-widget elementor-widget-image\" data-id=\"f06f615\" data-element_type=\"widget\" data-e-type=\"widget\" data-widget_type=\"image.default\">\n\t\t\t\t\t\t\t\t\t\t\t\t\t\t\t<img fetchpriority=\"high\" decoding=\"async\" width=\"721\" height=\"1024\" src=\"https:\/\/papirol.si\/wp-content\/uploads\/2020\/02\/papirnata-vre\u010dka-butelj\u010dna-natur-dvoj\u010dek-721x1024.png\" class=\"attachment-large size-large wp-image-2694\" alt=\"Flaschentasche\" srcset=\"https:\/\/papirol.si\/wp-content\/uploads\/2020\/02\/papirnata-vre\u010dka-butelj\u010dna-natur-dvoj\u010dek-721x1024.png 721w, https:\/\/papirol.si\/wp-content\/uploads\/2020\/02\/papirnata-vre\u010dka-butelj\u010dna-natur-dvoj\u010dek-211x300.png 211w, https:\/\/papirol.si\/wp-content\/uploads\/2020\/02\/papirnata-vre\u010dka-butelj\u010dna-natur-dvoj\u010dek-768x1091.png 768w, https:\/\/papirol.si\/wp-content\/uploads\/2020\/02\/papirnata-vre\u010dka-butelj\u010dna-natur-dvoj\u010dek-1082x1536.png 1082w, https:\/\/papirol.si\/wp-content\/uploads\/2020\/02\/papirnata-vre\u010dka-butelj\u010dna-natur-dvoj\u010dek-1442x2048.png 1442w, https:\/\/papirol.si\/wp-content\/uploads\/2020\/02\/papirnata-vre\u010dka-butelj\u010dna-natur-dvoj\u010dek-285x405.png 285w, https:\/\/papirol.si\/wp-content\/uploads\/2020\/02\/papirnata-vre\u010dka-butelj\u010dna-natur-dvoj\u010dek-1600x2272.png 1600w, https:\/\/papirol.si\/wp-content\/uploads\/2020\/02\/papirnata-vre\u010dka-butelj\u010dna-natur-dvoj\u010dek-465x660.png 465w, https:\/\/papirol.si\/wp-content\/uploads\/2020\/02\/papirnata-vre\u010dka-butelj\u010dna-natur-dvoj\u010dek-106x150.png 106w\" sizes=\"(max-width: 721px) 100vw, 721px\" \/>\t\t\t\t\t\t\t\t\t\t\t\t\t\t\t<\/div>\n\t\t\t\t<div class=\"elementor-element elementor-element-c1b5347 elementor-widget elementor-widget-image\" data-id=\"c1b5347\" data-element_type=\"widget\" data-e-type=\"widget\" data-widget_type=\"image.default\">\n\t\t\t\t\t\t\t\t\t\t\t\t\t\t\t<img decoding=\"async\" width=\"867\" height=\"1024\" src=\"https:\/\/papirol.si\/wp-content\/uploads\/2020\/02\/papirnata-vre\u010dka-\u010dokoladna-3-867x1024.jpg\" class=\"attachment-large size-large wp-image-2693\" alt=\"Papiertragetasche\" srcset=\"https:\/\/papirol.si\/wp-content\/uploads\/2020\/02\/papirnata-vre\u010dka-\u010dokoladna-3-867x1024.jpg 867w, https:\/\/papirol.si\/wp-content\/uploads\/2020\/02\/papirnata-vre\u010dka-\u010dokoladna-3-254x300.jpg 254w, https:\/\/papirol.si\/wp-content\/uploads\/2020\/02\/papirnata-vre\u010dka-\u010dokoladna-3-768x907.jpg 768w, https:\/\/papirol.si\/wp-content\/uploads\/2020\/02\/papirnata-vre\u010dka-\u010dokoladna-3-1301x1536.jpg 1301w, https:\/\/papirol.si\/wp-content\/uploads\/2020\/02\/papirnata-vre\u010dka-\u010dokoladna-3-1734x2048.jpg 1734w, https:\/\/papirol.si\/wp-content\/uploads\/2020\/02\/papirnata-vre\u010dka-\u010dokoladna-3-285x337.jpg 285w, https:\/\/papirol.si\/wp-content\/uploads\/2020\/02\/papirnata-vre\u010dka-\u010dokoladna-3-1600x1889.jpg 1600w, https:\/\/papirol.si\/wp-content\/uploads\/2020\/02\/papirnata-vre\u010dka-\u010dokoladna-3-559x660.jpg 559w, https:\/\/papirol.si\/wp-content\/uploads\/2020\/02\/papirnata-vre\u010dka-\u010dokoladna-3-127x150.jpg 127w\" sizes=\"(max-width: 867px) 100vw, 867px\" \/>\t\t\t\t\t\t\t\t\t\t\t\t\t\t\t<\/div>\n\t\t\t\t\t<\/div>\n\t\t<\/div>\n\t\t\t\t<div class=\"elementor-column elementor-col-50 elementor-top-column elementor-element elementor-element-189a84c8\" data-id=\"189a84c8\" data-element_type=\"column\" data-e-type=\"column\">\n\t\t\t<div class=\"elementor-widget-wrap elementor-element-populated\">\n\t\t\t\t\t\t<div class=\"elementor-element elementor-element-2b7866ea elementor-widget elementor-widget-text-editor\" data-id=\"2b7866ea\" data-element_type=\"widget\" data-e-type=\"widget\" data-widget_type=\"text-editor.default\">\n\t\t\t\t\t\t\t\t\t<p><span style=\"font-weight: 400;\">Die natura Papiertragetaschen sind aus braunem glattem oder geripptem Natronpapier mit einem sch\u00f6nen, \u00e4sthetisch gestalteten Griff aus gedrehter Kordel, in natura braun.<\/span><\/p><p><span style=\"font-weight: 400;\">Das Papiergewicht ist auf die Gr\u00f6\u00dfe abgestimmt, so dass jede Tasche eine gute Steifigkeit und Tragf\u00e4higkeit f\u00fcr ihre Gr\u00f6\u00dfe hat.<\/span><\/p><p><span style=\"font-weight: 400;\">Sie eignen sich auch hervorragend als Verpackung f\u00fcr den Versand einiger Produkte in Online-Shops (als Alternative zu Kartons).<\/span><\/p><p><span style=\"font-weight: 400;\">Sie sind eine gute Alternative zu Plastikt\u00fcten; in Bezug auf Aussehen, Benutzerfreundlichkeit, Funktionalit\u00e4t und Erschwinglichkeit sind sie auch eine gute Alternative zu Plastikt\u00fcten.<\/span><\/p><p><span style=\"font-weight: 400;\">Sie sind universell einsetzbar (auch f\u00fcr Messepr\u00e4sentationen und Firmengeschenke) und die meistverkauften Papiertragetaschen.<\/span><\/p><p><span style=\"font-weight: 400;\">Unbedruckt sind sie auf Lager, sofort lieferbar, auch in kleinen Mengen.<\/span><\/p>\t\t\t\t\t\t\t\t<\/div>\n\t\t\t\t<div class=\"elementor-element elementor-element-672adab6 elementor-widget elementor-widget-text-editor\" data-id=\"672adab6\" data-element_type=\"widget\" data-e-type=\"widget\" id=\"tisk-box\" data-widget_type=\"text-editor.default\">\n\t\t\t\t\t\t\t\t\t<h2>Druck auf Taschen<\/h2>\nPapiert\u00fcten werden ein- oder mehrfarbig in hoher Qualit\u00e4t bedruckt.<br>Die M\u00f6glichkeit, gleichzeitig mit der Bearbeitung des Beutels zu drucken, erm\u00f6glicht das Bedrucken der gesamten Oberfl\u00e4che des Beutels, einschlie\u00dflich des Beutelbodens, optional auch im Inneren des Beutels.<br>Bis hin zum Bedrucken von vorgefertigten Beuteln, was das Bedrucken von kleinen Mengen erm\u00f6glicht.\n<strong>Drucktechniken:<\/strong>\n<ul>\n \t<li>Mehrfarbiger Flexodruck von der Linie auf alle Arten von Papiers\u00e4cken<\/li>\n \t<li>Mehrfarbiger Sieb- oder Flexodruck auf alle Arten von Papiers\u00e4cken<\/li>\n<\/ul>\n<strong>Drucken:<\/strong>\n<ul>\n \t<li>kontinuierlicher oder positionierter, mehrfarbiger Druck, ein- oder beidseitig<\/li>\n \t<li>auf der gesamten Oberfl\u00e4che, auf einer oder beiden Seiten, einschlie\u00dflich der Seitenr\u00e4nder und des Bodens des Beutels<\/li>\n<\/ul>\t\t\t\t\t\t\t\t<\/div>\n\t\t\t\t\t<\/div>\n\t\t<\/div>\n\t\t\t\t\t<\/div>\n\t\t<\/section>\n\t\t\t\t<section class=\"elementor-section elementor-top-section elementor-element elementor-element-f11247f elementor-section-boxed elementor-section-height-default elementor-section-height-default\" data-id=\"f11247f\" data-element_type=\"section\" data-e-type=\"section\" id=\"product-bio-tbl\" data-settings=\"{&quot;background_background&quot;:&quot;classic&quot;}\">\n\t\t\t\t\t\t<div class=\"elementor-container elementor-column-gap-default\">\n\t\t\t\t\t<div class=\"elementor-column elementor-col-100 elementor-top-column elementor-element elementor-element-21ce687\" data-id=\"21ce687\" data-element_type=\"column\" data-e-type=\"column\">\n\t\t\t<div class=\"elementor-widget-wrap elementor-element-populated\">\n\t\t\t\t\t\t<div class=\"elementor-element elementor-element-1b549f9 elementor-widget elementor-widget-text-editor\" data-id=\"1b549f9\" data-element_type=\"widget\" data-e-type=\"widget\" data-widget_type=\"text-editor.default\">\n\t\t\t\t\t\t\t\t\t<table data-minrequestedwidth=\"398.52099609375\" data-computedwidth=\"398.52099609375\">\n<tbody>\n<tr>\n<td class=\"imVc\">\n<div class=\"imTACenter\"><b class=\"fs11lh1-5 ff1\">Name des Produkts<\/b><\/div><\/td>\n<td class=\"imVc\">\n<div class=\"imTACenter\"><span class=\"fs11lh1-5 ff1\"><b>Standardabmessungen<\/b><\/span><\/div><\/td>\n<td class=\"imVc\">\n<div class=\"imTACenter\"><b>Verpackung<\/b><\/div><\/td>\n<\/tr>\n<tr>\n<td class=\"imVc\">\n<div class=\"imTACenter\"><span class=\"fs11lh1-5 ff1\">Tr\u00e4ger<\/span><\/div>\n<div class=\"imTACenter\"><span class=\"fs11lh1-5 ff1\">Tasche natura<\/span><\/div>\n<div class=\"imTACenter\"><span class=\"fs11lh1-5 ff1\">NZ<\/span><\/div><\/td>\n<td class=\"imVc\">\n<div class=\"imTACenter\"><span class=\"fs11lh1-5 ff1\">14 x 8 x 21 cm<\/span><\/div><\/td>\n<td class=\"imVc\">\n<div class=\"imTACenter\"><span class=\"fs11lh1-5 ff1\">400 St\u00fcck<\/span><\/div><\/td>\n<\/tr>\n<tr>\n<td class=\"imVc\">\n<div class=\"imTACenter\"><span class=\"fs11lh1-5 ff1\">Tr\u00e4ger<\/span><\/div>\n<div class=\"imTACenter\"><span class=\"fs11lh1-5 ff1\">Tasche natura<\/span><\/div>\n<div class=\"imTACenter\"><span class=\"fs11lh1-5 ff1\">NZ<\/span><\/div><\/td>\n<td class=\"imVc\">\n<div class=\"imTACenter\"><span class=\"fs11lh1-5 ff1\">18 x 8 x 22 cm<\/span><\/div><\/td>\n<td class=\"imVc\">\n<div class=\"imTACenter\"><span class=\"fs11lh1-5 ff1\">300 St\u00fcck<\/span><\/div><\/td>\n<\/tr>\n<tr>\n<td class=\"imVc\">\n<div class=\"imTACenter\"><span class=\"fs11lh1-5 ff1\">Tr\u00e4ger<\/span><\/div>\n<div class=\"imTACenter\"><span class=\"fs11lh1-5 ff1\">Tasche natura<\/span><\/div>\n<div class=\"imTACenter\"><span class=\"fs11lh1-5 ff1\">NZ<\/span><\/div><\/td>\n<td class=\"imVc\">\n<div class=\"imTACenter\"><span class=\"fs11lh1-5 ff1\">22 x 10 x 31 cm<\/span><\/div><\/td>\n<td class=\"imVc\">\n<div class=\"imTACenter\"><span class=\"fs11lh1-5 ff1\">250 St\u00fcck<\/span><\/div><\/td>\n<\/tr>\n<tr>\n<td class=\"imVc\">\n<div class=\"imTACenter\"><span class=\"fs11lh1-5 ff1\">Tr\u00e4ger<\/span><\/div>\n<div class=\"imTACenter\"><span class=\"fs11lh1-5 ff1\">Tasche natura<\/span><\/div>\n<div class=\"imTACenter\"><span class=\"fs11lh1-5 ff1\">NZ<\/span><\/div><\/td>\n<td class=\"imVc\">\n<div class=\"imTACenter\"><span class=\"fs11lh1-5 ff1\">26 x 17 x 25 cm<\/span><\/div><\/td>\n<td class=\"imVc\">\n<div class=\"imTACenter\"><span class=\"fs11lh1-5 ff1\">250 St\u00fcck<\/span><\/div><\/td>\n<\/tr>\n<tr>\n<td class=\"imVc\">\n<div class=\"imTACenter\"><span class=\"fs11lh1-5 ff1\">Tr\u00e4ger<\/span><\/div>\n<div class=\"imTACenter\"><span class=\"fs11lh1-5 ff1\">Tasche natura<\/span><\/div>\n<div class=\"imTACenter\"><span class=\"fs11lh1-5 ff1\">NZ<\/span><\/div><\/td>\n<td class=\"imVc\">\n<div class=\"imTACenter\"><span class=\"fs11lh1-5 ff1\">32 x 21 x 27 cm<\/span><\/div><\/td>\n<td class=\"imVc\">\n<div class=\"imTACenter\"><span class=\"fs11lh1-5 ff1\">250 St\u00fcck<\/span><\/div><\/td>\n<\/tr>\n<tr>\n<td class=\"imVc\">\n<div class=\"imTACenter\"><span class=\"fs11lh1-5 ff1\">Tr\u00e4ger<\/span><\/div>\n<div class=\"imTACenter\"><span class=\"fs11lh1-5 ff1\">Tasche natura<\/span><\/div>\n<div class=\"imTACenter\"><span class=\"fs11lh1-5 ff1\">NZ<\/span><\/div><\/td>\n<td class=\"imVc\">\n<div class=\"imTACenter\"><span class=\"fs11lh1-5 ff1\">26 x 12 x 35 cm<\/span><\/div><\/td>\n<td class=\"imVc\">\n<div class=\"imTACenter\"><span class=\"fs11lh1-5 ff1\">250 St\u00fcck<\/span><\/div><\/td>\n<\/tr>\n<tr>\n<td class=\"imVc\">\n<div class=\"imTACenter\"><span class=\"fs11lh1-5 ff1\">Tr\u00e4ger<\/span><\/div>\n<div class=\"imTACenter\"><span class=\"fs11lh1-5 ff1\">Tasche natura<\/span><\/div>\n<div class=\"imTACenter\"><span class=\"fs11lh1-5 ff1\">NZ<\/span><\/div><\/td>\n<td class=\"imVc\">\n<div class=\"imTACenter\"><span class=\"fs11lh1-5 ff1\">14 x 8 x 39 cm<\/span><\/div><\/td>\n<td class=\"imVc\">\n<div class=\"imTACenter\"><span class=\"fs11lh1-5 ff1\">300 St\u00fcck<\/span><\/div><\/td>\n<\/tr>\n<tr>\n<td class=\"imVc\">\n<div class=\"imTACenter\"><span class=\"fs11lh1-5 ff1\">Tr\u00e4ger<\/span><\/div>\n<div class=\"imTACenter\"><span class=\"fs11lh1-5 ff1\">Tasche natura<\/span><\/div>\n<div class=\"imTACenter\"><span class=\"fs11lh1-5 ff1\">NZ<\/span><\/div><\/td>\n<td class=\"imVc\">\n<div class=\"imTACenter\"><span class=\"fs11lh1-5 ff1\">32 x 12 x 41 cm<\/span><\/div><\/td>\n<td class=\"imVc\">\n<div class=\"imTACenter\"><span class=\"fs11lh1-5 ff1\">200 St\u00fcck<\/span><\/div><\/td>\n<\/tr>\n<tr>\n<td class=\"imVc\">\n<div class=\"imTACenter\"><span class=\"fs11lh1-5 ff1\">Tr\u00e4ger<\/span><\/div>\n<div class=\"imTACenter\"><span class=\"fs11lh1-5 ff1\">Tasche natura<\/span><\/div>\n<div class=\"imTACenter\"><span class=\"fs11lh1-5 ff1\">NZ<\/span><\/div><\/td>\n<td class=\"imVc\">\n<div class=\"imTACenter\"><span class=\"fs11lh1-5 ff1\">45 x 17 x 48 cm<\/span><\/div><\/td>\n<td class=\"imVc\">\n<div class=\"imTACenter\"><span class=\"fs11lh1-5 ff1\">150 St\u00fcck<\/span><\/div><\/td>\n<\/tr>\n<\/tbody>\n<\/table>\n\t\t\t\t\t\t\t\t<\/div>\n\t\t\t\t\t<\/div>\n\t\t<\/div>\n\t\t\t\t\t<\/div>\n\t\t<\/section>\n\t\t\t\t<section class=\"elementor-section elementor-top-section elementor-element elementor-element-10dcba5f elementor-section-boxed elementor-section-height-default elementor-section-height-default\" data-id=\"10dcba5f\" data-element_type=\"section\" data-e-type=\"section\" id=\"povp-sect\" data-settings=\"{&quot;background_background&quot;:&quot;classic&quot;}\">\n\t\t\t\t\t\t\t<div class=\"elementor-background-overlay\"><\/div>\n\t\t\t\t\t\t\t<div class=\"elementor-container elementor-column-gap-default\">\n\t\t\t\t\t<div class=\"elementor-column elementor-col-100 elementor-top-column elementor-element elementor-element-880df9d\" data-id=\"880df9d\" data-element_type=\"column\" data-e-type=\"column\">\n\t\t\t<div class=\"elementor-widget-wrap elementor-element-populated\">\n\t\t\t\t\t\t<div class=\"elementor-element elementor-element-774f959a elementor-widget elementor-widget-heading\" data-id=\"774f959a\" data-element_type=\"widget\" data-e-type=\"widget\" data-widget_type=\"heading.default\">\n\t\t\t\t\t<h2 class=\"elementor-heading-title elementor-size-default elementor-heading-title elementor-align-after-center\">Profitieren Sie von organischen\nattraktivem Ambala\u017eu!<\/h2>\t\t\t\t<\/div>\n\t\t\t\t<div class=\"elementor-element elementor-element-6e3b8354 elementor-widget elementor-widget-sm-default-button\" data-id=\"6e3b8354\" data-element_type=\"widget\" data-e-type=\"widget\" data-widget_type=\"sm-default-button.default\">\n\t\t\t\t<div class=\"elementor-widget-container\">\n\t\t\t\t\t\n\t\t\t\t<a   href=\"https:\/\/papirol.si\/de\/povprasevanje\/nosilne-vrecke\/\" class=\"btn\">Senden Sie Ihre Anfrage<i class=\"ti ti-arrow-right\"><\/i><\/a>\n\t\t\n\t\t\t\t\t<\/div>\n\t\t\t\t<\/div>\n\t\t\t\t\t<\/div>\n\t\t<\/div>\n\t\t\t\t\t<\/div>\n\t\t<\/section>\n\t\t\t\t<\/div>","protected":false},"excerpt":{"rendered":"<p>Papirnate nosilne vre\u010dke natura so izdelane iz rjavega gladkega ali rebrastega natron papirja z lepim, estetsko oblikovanim ro\u010dajem&#8230;<\/p>","protected":false},"author":5,"featured_media":0,"parent":1771,"menu_order":0,"comment_status":"closed","ping_status":"closed","template":"elementor_header_footer","meta":{"footnotes":""},"class_list":["post-1928","page","type-page","status-publish","hentry"],"yoast_head":"<!-- This site is optimized with the Yoast SEO plugin v27.3 - https:\/\/yoast.com\/product\/yoast-seo-wordpress\/ -->\n<title>Nosilne vre\u010dke natura z zvitim ro\u010dajem | Papirol<\/title>\n<meta name=\"robots\" content=\"index, follow, max-snippet:-1, max-image-preview:large, max-video-preview:-1\" \/>\n<link rel=\"canonical\" href=\"https:\/\/papirol.si\/de\/verkaufsprogramm\/papiertragetaschen-2\/tragetaschen-natura-gedreht-rocaj\/\" \/>\n<meta property=\"og:locale\" content=\"de_DE\" \/>\n<meta property=\"og:type\" content=\"article\" \/>\n<meta property=\"og:title\" content=\"Nosilne vre\u010dke natura z zvitim ro\u010dajem | Papirol\" \/>\n<meta property=\"og:description\" content=\"Papirnate nosilne vre\u010dke natura so izdelane iz rjavega gladkega ali rebrastega natron papirja z lepim, estetsko oblikovanim ro\u010dajem...\" \/>\n<meta property=\"og:url\" content=\"https:\/\/papirol.si\/de\/verkaufsprogramm\/papiertragetaschen-2\/tragetaschen-natura-gedreht-rocaj\/\" \/>\n<meta property=\"og:site_name\" content=\"Papirol\" \/>\n<meta property=\"article:modified_time\" content=\"2025-10-21T11:43:34+00:00\" \/>\n<meta property=\"og:image\" content=\"https:\/\/papirol.si\/wp-content\/uploads\/2019\/12\/rjave_vse_kot.png\" \/>\n\t<meta property=\"og:image:width\" content=\"214\" \/>\n\t<meta property=\"og:image:height\" content=\"221\" \/>\n\t<meta property=\"og:image:type\" content=\"image\/png\" \/>\n<meta name=\"twitter:card\" content=\"summary_large_image\" \/>\n<meta name=\"twitter:label1\" content=\"Gesch\u00e4tzte Lesezeit\" \/>\n\t<meta name=\"twitter:data1\" content=\"1\u00a0Minute\" \/>\n<script type=\"application\/ld+json\" class=\"yoast-schema-graph\">{\"@context\":\"https:\\\/\\\/schema.org\",\"@graph\":[{\"@type\":\"WebPage\",\"@id\":\"https:\\\/\\\/papirol.si\\\/prodajni-program\\\/nosilne-papirnate-vrecke\\\/nosilne-vrecke-natura-zviti-rocaj\\\/\",\"url\":\"https:\\\/\\\/papirol.si\\\/prodajni-program\\\/nosilne-papirnate-vrecke\\\/nosilne-vrecke-natura-zviti-rocaj\\\/\",\"name\":\"Nosilne vre\u010dke natura z zvitim ro\u010dajem | Papirol\",\"isPartOf\":{\"@id\":\"https:\\\/\\\/papirol.si\\\/#website\"},\"primaryImageOfPage\":{\"@id\":\"https:\\\/\\\/papirol.si\\\/prodajni-program\\\/nosilne-papirnate-vrecke\\\/nosilne-vrecke-natura-zviti-rocaj\\\/#primaryimage\"},\"image\":{\"@id\":\"https:\\\/\\\/papirol.si\\\/prodajni-program\\\/nosilne-papirnate-vrecke\\\/nosilne-vrecke-natura-zviti-rocaj\\\/#primaryimage\"},\"thumbnailUrl\":\"https:\\\/\\\/papirol.si\\\/wp-content\\\/uploads\\\/2019\\\/12\\\/rjave_vse_kot.png\",\"datePublished\":\"2019-12-06T11:07:55+00:00\",\"dateModified\":\"2025-10-21T11:43:34+00:00\",\"breadcrumb\":{\"@id\":\"https:\\\/\\\/papirol.si\\\/prodajni-program\\\/nosilne-papirnate-vrecke\\\/nosilne-vrecke-natura-zviti-rocaj\\\/#breadcrumb\"},\"inLanguage\":\"de\",\"potentialAction\":[{\"@type\":\"ReadAction\",\"target\":[\"https:\\\/\\\/papirol.si\\\/prodajni-program\\\/nosilne-papirnate-vrecke\\\/nosilne-vrecke-natura-zviti-rocaj\\\/\"]}]},{\"@type\":\"ImageObject\",\"inLanguage\":\"de\",\"@id\":\"https:\\\/\\\/papirol.si\\\/prodajni-program\\\/nosilne-papirnate-vrecke\\\/nosilne-vrecke-natura-zviti-rocaj\\\/#primaryimage\",\"url\":\"https:\\\/\\\/papirol.si\\\/wp-content\\\/uploads\\\/2019\\\/12\\\/rjave_vse_kot.png\",\"contentUrl\":\"https:\\\/\\\/papirol.si\\\/wp-content\\\/uploads\\\/2019\\\/12\\\/rjave_vse_kot.png\"},{\"@type\":\"BreadcrumbList\",\"@id\":\"https:\\\/\\\/papirol.si\\\/prodajni-program\\\/nosilne-papirnate-vrecke\\\/nosilne-vrecke-natura-zviti-rocaj\\\/#breadcrumb\",\"itemListElement\":[{\"@type\":\"ListItem\",\"position\":1,\"name\":\"Home\",\"item\":\"https:\\\/\\\/papirol.si\\\/\"},{\"@type\":\"ListItem\",\"position\":2,\"name\":\"Prodajni program\",\"item\":\"https:\\\/\\\/papirol.si\\\/prodajni-program\\\/\"},{\"@type\":\"ListItem\",\"position\":3,\"name\":\"Nosilne papirnate vre\u010dke\",\"item\":\"https:\\\/\\\/papirol.si\\\/prodajni-program\\\/nosilne-papirnate-vrecke\\\/\"},{\"@type\":\"ListItem\",\"position\":4,\"name\":\"Nosilne vre\u010dke natura z zvitim ro\u010dajem\"}]},{\"@type\":\"WebSite\",\"@id\":\"https:\\\/\\\/papirol.si\\\/#website\",\"url\":\"https:\\\/\\\/papirol.si\\\/\",\"name\":\"Papirol\",\"description\":\"Obla\u010dimo va\u0161e izdelke \u017ee 36 let!\",\"publisher\":{\"@id\":\"https:\\\/\\\/papirol.si\\\/#organization\"},\"potentialAction\":[{\"@type\":\"SearchAction\",\"target\":{\"@type\":\"EntryPoint\",\"urlTemplate\":\"https:\\\/\\\/papirol.si\\\/?s={search_term_string}\"},\"query-input\":{\"@type\":\"PropertyValueSpecification\",\"valueRequired\":true,\"valueName\":\"search_term_string\"}}],\"inLanguage\":\"de\"},{\"@type\":\"Organization\",\"@id\":\"https:\\\/\\\/papirol.si\\\/#organization\",\"name\":\"Papirol\",\"url\":\"https:\\\/\\\/papirol.si\\\/\",\"logo\":{\"@type\":\"ImageObject\",\"inLanguage\":\"de\",\"@id\":\"https:\\\/\\\/papirol.si\\\/#\\\/schema\\\/logo\\\/image\\\/\",\"url\":\"https:\\\/\\\/papirol.si\\\/wp-content\\\/uploads\\\/2019\\\/12\\\/papirol-bela.png\",\"contentUrl\":\"https:\\\/\\\/papirol.si\\\/wp-content\\\/uploads\\\/2019\\\/12\\\/papirol-bela.png\",\"width\":400,\"height\":80,\"caption\":\"Papirol\"},\"image\":{\"@id\":\"https:\\\/\\\/papirol.si\\\/#\\\/schema\\\/logo\\\/image\\\/\"}}]}<\/script>\n<!-- \/ Yoast SEO plugin. -->","yoast_head_json":{"title":"Tragetaschen natura mit gedrehtem Griff | Papirol","robots":{"index":"index","follow":"follow","max-snippet":"max-snippet:-1","max-image-preview":"max-image-preview:large","max-video-preview":"max-video-preview:-1"},"canonical":"https:\/\/papirol.si\/de\/verkaufsprogramm\/papiertragetaschen-2\/tragetaschen-natura-gedreht-rocaj\/","og_locale":"de_DE","og_type":"article","og_title":"Nosilne vre\u010dke natura z zvitim ro\u010dajem | Papirol","og_description":"Papirnate nosilne vre\u010dke natura so izdelane iz rjavega gladkega ali rebrastega natron papirja z lepim, estetsko oblikovanim ro\u010dajem...","og_url":"https:\/\/papirol.si\/de\/verkaufsprogramm\/papiertragetaschen-2\/tragetaschen-natura-gedreht-rocaj\/","og_site_name":"Papirol","article_modified_time":"2025-10-21T11:43:34+00:00","og_image":[{"width":214,"height":221,"url":"https:\/\/papirol.si\/wp-content\/uploads\/2019\/12\/rjave_vse_kot.png","type":"image\/png"}],"twitter_card":"summary_large_image","twitter_misc":{"Gesch\u00e4tzte Lesezeit":"1\u00a0Minute"},"schema":{"@context":"https:\/\/schema.org","@graph":[{"@type":"WebPage","@id":"https:\/\/papirol.si\/prodajni-program\/nosilne-papirnate-vrecke\/nosilne-vrecke-natura-zviti-rocaj\/","url":"https:\/\/papirol.si\/prodajni-program\/nosilne-papirnate-vrecke\/nosilne-vrecke-natura-zviti-rocaj\/","name":"Tragetaschen natura mit gedrehtem Griff | Papirol","isPartOf":{"@id":"https:\/\/papirol.si\/#website"},"primaryImageOfPage":{"@id":"https:\/\/papirol.si\/prodajni-program\/nosilne-papirnate-vrecke\/nosilne-vrecke-natura-zviti-rocaj\/#primaryimage"},"image":{"@id":"https:\/\/papirol.si\/prodajni-program\/nosilne-papirnate-vrecke\/nosilne-vrecke-natura-zviti-rocaj\/#primaryimage"},"thumbnailUrl":"https:\/\/papirol.si\/wp-content\/uploads\/2019\/12\/rjave_vse_kot.png","datePublished":"2019-12-06T11:07:55+00:00","dateModified":"2025-10-21T11:43:34+00:00","breadcrumb":{"@id":"https:\/\/papirol.si\/prodajni-program\/nosilne-papirnate-vrecke\/nosilne-vrecke-natura-zviti-rocaj\/#breadcrumb"},"inLanguage":"de","potentialAction":[{"@type":"ReadAction","target":["https:\/\/papirol.si\/prodajni-program\/nosilne-papirnate-vrecke\/nosilne-vrecke-natura-zviti-rocaj\/"]}]},{"@type":"ImageObject","inLanguage":"de","@id":"https:\/\/papirol.si\/prodajni-program\/nosilne-papirnate-vrecke\/nosilne-vrecke-natura-zviti-rocaj\/#primaryimage","url":"https:\/\/papirol.si\/wp-content\/uploads\/2019\/12\/rjave_vse_kot.png","contentUrl":"https:\/\/papirol.si\/wp-content\/uploads\/2019\/12\/rjave_vse_kot.png"},{"@type":"BreadcrumbList","@id":"https:\/\/papirol.si\/prodajni-program\/nosilne-papirnate-vrecke\/nosilne-vrecke-natura-zviti-rocaj\/#breadcrumb","itemListElement":[{"@type":"ListItem","position":1,"name":"Home","item":"https:\/\/papirol.si\/"},{"@type":"ListItem","position":2,"name":"Prodajni program","item":"https:\/\/papirol.si\/prodajni-program\/"},{"@type":"ListItem","position":3,"name":"Nosilne papirnate vre\u010dke","item":"https:\/\/papirol.si\/prodajni-program\/nosilne-papirnate-vrecke\/"},{"@type":"ListItem","position":4,"name":"Nosilne vre\u010dke natura z zvitim ro\u010dajem"}]},{"@type":"WebSite","@id":"https:\/\/papirol.si\/#website","url":"https:\/\/papirol.si\/","name":"Papirol","description":"Wir kleiden Ihre Produkte seit 36 Jahren ein!","publisher":{"@id":"https:\/\/papirol.si\/#organization"},"potentialAction":[{"@type":"SearchAction","target":{"@type":"EntryPoint","urlTemplate":"https:\/\/papirol.si\/?s={search_term_string}"},"query-input":{"@type":"PropertyValueSpecification","valueRequired":true,"valueName":"search_term_string"}}],"inLanguage":"de"},{"@type":"Organization","@id":"https:\/\/papirol.si\/#organization","name":"Papirol","url":"https:\/\/papirol.si\/","logo":{"@type":"ImageObject","inLanguage":"de","@id":"https:\/\/papirol.si\/#\/schema\/logo\/image\/","url":"https:\/\/papirol.si\/wp-content\/uploads\/2019\/12\/papirol-bela.png","contentUrl":"https:\/\/papirol.si\/wp-content\/uploads\/2019\/12\/papirol-bela.png","width":400,"height":80,"caption":"Papirol"},"image":{"@id":"https:\/\/papirol.si\/#\/schema\/logo\/image\/"}}]}},"_links":{"self":[{"href":"https:\/\/papirol.si\/de\/wp-json\/wp\/v2\/pages\/1928","targetHints":{"allow":["GET"]}}],"collection":[{"href":"https:\/\/papirol.si\/de\/wp-json\/wp\/v2\/pages"}],"about":[{"href":"https:\/\/papirol.si\/de\/wp-json\/wp\/v2\/types\/page"}],"author":[{"embeddable":true,"href":"https:\/\/papirol.si\/de\/wp-json\/wp\/v2\/users\/5"}],"replies":[{"embeddable":true,"href":"https:\/\/papirol.si\/de\/wp-json\/wp\/v2\/comments?post=1928"}],"version-history":[{"count":20,"href":"https:\/\/papirol.si\/de\/wp-json\/wp\/v2\/pages\/1928\/revisions"}],"predecessor-version":[{"id":4743,"href":"https:\/\/papirol.si\/de\/wp-json\/wp\/v2\/pages\/1928\/revisions\/4743"}],"up":[{"embeddable":true,"href":"https:\/\/papirol.si\/de\/wp-json\/wp\/v2\/pages\/1771"}],"wp:attachment":[{"href":"https:\/\/papirol.si\/de\/wp-json\/wp\/v2\/media?parent=1928"}],"curies":[{"name":"wp","href":"https:\/\/api.w.org\/{rel}","templated":true}]}}