{"id":1935,"date":"2019-12-06T12:07:55","date_gmt":"2019-12-06T11:07:55","guid":{"rendered":"https:\/\/papirol.si\/prodajni-program\/nosilne-papirnate-vrecke\/nosilne-vrecke-natura-zviti-rocaj-2\/"},"modified":"2026-03-20T15:11:14","modified_gmt":"2026-03-20T14:11:14","slug":"tragetaschen-weis-natura-gerollter-griff","status":"publish","type":"page","link":"https:\/\/papirol.si\/de\/prodajni-program\/nosilne-papirnate-vrecke\/nosilne-vrecke-bela-natura-zviti-rocaj\/","title":{"rendered":"Tragetaschen wei\u00df natur mit gerolltem Griff"},"content":{"rendered":"<div data-elementor-type=\"wp-page\" data-elementor-id=\"1935\" class=\"elementor elementor-1935\" data-elementor-post-type=\"page\">\n\t\t\t\t\t\t<section class=\"elementor-section elementor-top-section elementor-element elementor-element-6a7869f5 elementor-section-content-middle elementor-section-boxed elementor-section-height-default elementor-section-height-default\" data-id=\"6a7869f5\" data-element_type=\"section\" data-e-type=\"section\" id=\"produkt-bio\" data-settings=\"{&quot;background_background&quot;:&quot;classic&quot;}\">\n\t\t\t\t\t\t<div class=\"elementor-container elementor-column-gap-default\">\n\t\t\t\t\t<div class=\"elementor-column elementor-col-50 elementor-top-column elementor-element elementor-element-2b446194\" data-id=\"2b446194\" data-element_type=\"column\" data-e-type=\"column\">\n\t\t\t<div class=\"elementor-widget-wrap elementor-element-populated\">\n\t\t\t\t\t\t<div class=\"elementor-element elementor-element-059580b elementor-widget elementor-widget-image\" data-id=\"059580b\" data-element_type=\"widget\" data-e-type=\"widget\" data-widget_type=\"image.default\">\n\t\t\t\t\t\t\t\t\t\t\t\t\t\t\t<img fetchpriority=\"high\" decoding=\"async\" width=\"212\" height=\"252\" src=\"https:\/\/papirol.si\/wp-content\/uploads\/2019\/12\/nosilne_bele_vse_kot.png\" class=\"attachment-large size-large wp-image-1937\" alt=\"\" srcset=\"https:\/\/papirol.si\/wp-content\/uploads\/2019\/12\/nosilne_bele_vse_kot.png 212w, https:\/\/papirol.si\/wp-content\/uploads\/2019\/12\/nosilne_bele_vse_kot-126x150.png 126w\" sizes=\"(max-width: 212px) 100vw, 212px\" \/>\t\t\t\t\t\t\t\t\t\t\t\t\t\t\t<\/div>\n\t\t\t\t\t<\/div>\n\t\t<\/div>\n\t\t\t\t<div class=\"elementor-column elementor-col-50 elementor-top-column elementor-element elementor-element-59edcc07\" data-id=\"59edcc07\" data-element_type=\"column\" data-e-type=\"column\">\n\t\t\t<div class=\"elementor-widget-wrap elementor-element-populated\">\n\t\t\t\t\t\t<div class=\"elementor-element elementor-element-48444f49 elementor-widget elementor-widget-text-editor\" data-id=\"48444f49\" data-element_type=\"widget\" data-e-type=\"widget\" data-widget_type=\"text-editor.default\">\n\t\t\t\t\t\t\t\t\t<p><span style=\"font-weight: 400;\">Die wei\u00dfen natura Papiertragetaschen sind aus wei\u00dfem, glattem Papier mit einem sch\u00f6nen, \u00e4sthetisch gestalteten Henkel aus gedrehter Kordel, in wei\u00df.<\/span><\/p><p><span style=\"font-weight: 400;\">Das Papiergewicht ist auf die Gr\u00f6\u00dfe abgestimmt, so dass jede Tasche eine gute Steifigkeit und Tragf\u00e4higkeit f\u00fcr ihre Gr\u00f6\u00dfe hat.<\/span><\/p><p><span style=\"font-weight: 400;\">Sie sind eine gro\u00dfartige Alternative zu Plastikt\u00fcten; in Bezug auf Aussehen, Benutzerfreundlichkeit, Funktionalit\u00e4t und Erschwinglichkeit sind sie auch eine Alternative zu Plastikt\u00fcten.<\/span><\/p><p><span style=\"font-weight: 400;\">Sie sind universell einsetzbar (auch f\u00fcr Messepr\u00e4sentationen und Firmengeschenke) und bilden im Druck die perfekte Grundlage f\u00fcr auff\u00e4llige Logos.<\/span><\/p><p><span style=\"font-weight: 400;\">Vergriffen, auf Lager, sofort lieferbar, auch in kleinen Mengen.<\/span><\/p>\t\t\t\t\t\t\t\t<\/div>\n\t\t\t\t<div class=\"elementor-element elementor-element-480e3ae elementor-widget elementor-widget-text-editor\" data-id=\"480e3ae\" data-element_type=\"widget\" data-e-type=\"widget\" id=\"tisk-box\" data-widget_type=\"text-editor.default\">\n\t\t\t\t\t\t\t\t\t<h2>Druck auf Taschen<\/h2>\nPapiert\u00fcten werden ein- oder mehrfarbig in hoher Qualit\u00e4t bedruckt.<br>Die M\u00f6glichkeit, gleichzeitig mit der Bearbeitung des Beutels zu drucken, erm\u00f6glicht das Bedrucken der gesamten Oberfl\u00e4che des Beutels, einschlie\u00dflich des Beutelbodens, optional auch im Inneren des Beutels.<br>Bis hin zum Bedrucken von vorgefertigten Beuteln, was das Bedrucken von kleinen Mengen erm\u00f6glicht.\n<strong>Drucktechniken:<\/strong>\n<ul>\n \t<li>Mehrfarbiger Flexodruck von der Linie auf alle Arten von Papiers\u00e4cken<\/li>\n \t<li>Mehrfarbiger Sieb- oder Flexodruck auf alle Arten von Papiers\u00e4cken<\/li>\n<\/ul>\n<strong>Drucken:<\/strong>\n<ul>\n \t<li>kontinuierlicher oder positionierter, mehrfarbiger Druck, ein- oder beidseitig<\/li>\n \t<li>auf der gesamten Oberfl\u00e4che, auf einer oder beiden Seiten, einschlie\u00dflich der Seitenr\u00e4nder und des Bodens des Beutels<\/li>\n<\/ul>\t\t\t\t\t\t\t\t<\/div>\n\t\t\t\t\t<\/div>\n\t\t<\/div>\n\t\t\t\t\t<\/div>\n\t\t<\/section>\n\t\t\t\t<section class=\"elementor-section elementor-top-section elementor-element elementor-element-f11247f elementor-section-boxed elementor-section-height-default elementor-section-height-default\" data-id=\"f11247f\" data-element_type=\"section\" data-e-type=\"section\" id=\"product-bio-tbl\" data-settings=\"{&quot;background_background&quot;:&quot;classic&quot;}\">\n\t\t\t\t\t\t<div class=\"elementor-container elementor-column-gap-default\">\n\t\t\t\t\t<div class=\"elementor-column elementor-col-100 elementor-top-column elementor-element elementor-element-21ce687\" data-id=\"21ce687\" data-element_type=\"column\" data-e-type=\"column\">\n\t\t\t<div class=\"elementor-widget-wrap elementor-element-populated\">\n\t\t\t\t\t\t<div class=\"elementor-element elementor-element-1b549f9 elementor-widget elementor-widget-text-editor\" data-id=\"1b549f9\" data-element_type=\"widget\" data-e-type=\"widget\" data-widget_type=\"text-editor.default\">\n\t\t\t\t\t\t\t\t\t<table data-minrequestedwidth=\"364.6386413574219\" data-computedwidth=\"364.6386413574219\">\n<tbody>\n<tr>\n<td class=\"imVc\">\n<div class=\"imTACenter\"><b class=\"fs11lh1-5 ff1\">Name des Produkts<\/b><\/div><\/td>\n<td class=\"imVc\">\n<div class=\"imTACenter\"><span class=\"fs11lh1-5 ff1\"><b>Standardabmessungen<\/b><\/span><\/div><\/td>\n<td class=\"imVc\">\n<div class=\"imTACenter\"><b>Verpackung<\/b><\/div><\/td>\n<\/tr>\n<tr>\n<td class=\"imVc\">\n<div class=\"imTACenter\"><span class=\"fs11lh1-5 ff1\">Tragetasche wei\u00df natura BZ<\/span><\/div><\/td>\n<td class=\"imVc\">\n<div class=\"imTACenter\"><span class=\"fs11lh1-5 ff1\">14 x 8 x 21 cm<\/span><\/div><\/td>\n<td class=\"imVc\">\n<div class=\"imTACenter\"><span class=\"fs11lh1-5 ff1\">400 St\u00fcck<\/span><\/div><\/td>\n<\/tr>\n<tr>\n<td class=\"imVc\">\n<div class=\"imTACenter\"><span class=\"fs11lh1-5 ff1\">Tragetasche wei\u00df natura BZ<\/span><\/div><\/td>\n<td class=\"imVc\">\n<div class=\"imTACenter\"><span class=\"fs11lh1-5 ff1\">18 x 8 x 22 cm<\/span><\/div><\/td>\n<td class=\"imVc\">\n<div class=\"imTACenter\"><span class=\"fs11lh1-5 ff1\">300 St\u00fcck<\/span><\/div><\/td>\n<\/tr>\n<tr>\n<td class=\"imVc\">\n<div class=\"imTACenter\"><span class=\"fs11lh1-5 ff1\">Tragetasche wei\u00df natura BZ<\/span><\/div><\/td>\n<td class=\"imVc\">\n<div class=\"imTACenter\"><span class=\"fs11lh1-5 ff1\">22 x 10 x 31 cm<\/span><\/div><\/td>\n<td class=\"imVc\">\n<div class=\"imTACenter\"><span class=\"fs11lh1-5 ff1\">250 St\u00fcck<\/span><\/div><\/td>\n<\/tr>\n<tr>\n<td class=\"imVc\">\n<div class=\"imTACenter\"><span class=\"fs11lh1-5 ff1\">Tragetasche wei\u00df natura BZ<\/span><\/div><\/td>\n<td class=\"imVc\">\n<div class=\"imTACenter\"><span class=\"fs11lh1-5 ff1\">26 x 17 x 25 cm<\/span><\/div><\/td>\n<td class=\"imVc\">\n<div class=\"imTACenter\"><span class=\"fs11lh1-5 ff1\">250 St\u00fcck<\/span><\/div><\/td>\n<\/tr>\n<tr>\n<td class=\"imVc\">\n<div class=\"imTACenter\"><span class=\"fs11lh1-5 ff1\">Tragetasche wei\u00df natura BZ<\/span><\/div><\/td>\n<td class=\"imVc\">\n<div class=\"imTACenter\"><span class=\"fs11lh1-5 ff1\">32 x 21 x 27 cm<\/span><\/div><\/td>\n<td class=\"imVc\">\n<div class=\"imTACenter\"><span class=\"fs11lh1-5 ff1\">250 St\u00fcck<\/span><\/div><\/td>\n<\/tr>\n<tr>\n<td class=\"imVc\">\n<div class=\"imTACenter\"><span class=\"fs11lh1-5 ff1\">Tragetasche wei\u00df natura BZ<\/span><\/div><\/td>\n<td class=\"imVc\">\n<div class=\"imTACenter\"><span class=\"fs11lh1-5 ff1\">26 x 12 x 35 cm<\/span><\/div><\/td>\n<td class=\"imVc\">\n<div class=\"imTACenter\"><span class=\"fs11lh1-5 ff1\">250 St\u00fcck<\/span><\/div><\/td>\n<\/tr>\n<tr>\n<td>\u00a0Tragetasche wei\u00df natura BZ<\/td>\n<td><span style=\"background-color: transparent; font-weight: unset;\">\u00a014 x 8 x 39 cm<\/span><\/td>\n<td>300 St\u00fcck<\/td>\n<\/tr>\n<tr>\n<td>\u00a0Tragetasche wei\u00df natura BZ<\/td>\n<td><span style=\"background-color: transparent; font-weight: unset;\">\u00a032 x 12 x 41 cm<\/span><\/td>\n<td>200 St\u00fcck<\/td>\n<\/tr>\n<tr>\n<td>\u00a0Tragetasche wei\u00df natura BZ<\/td>\n<td><span style=\"background-color: transparent; font-weight: unset;\">\u00a045 x 17 x 48 cm<\/span><\/td>\n<td>150 St\u00fcck<\/td>\n<\/tr>\n<\/tbody>\n<\/table>\n<\/tr>\n<\/tbody>\n<\/table>\n\t\t\t\t\t\t\t\t<\/div>\n\t\t\t\t\t<\/div>\n\t\t<\/div>\n\t\t\t\t\t<\/div>\n\t\t<\/section>\n\t\t\t\t<section class=\"elementor-section elementor-top-section elementor-element elementor-element-77ed303b elementor-section-boxed elementor-section-height-default elementor-section-height-default\" data-id=\"77ed303b\" data-element_type=\"section\" data-e-type=\"section\" id=\"povp-sect\" data-settings=\"{&quot;background_background&quot;:&quot;classic&quot;}\">\n\t\t\t\t\t\t\t<div class=\"elementor-background-overlay\"><\/div>\n\t\t\t\t\t\t\t<div class=\"elementor-container elementor-column-gap-default\">\n\t\t\t\t\t<div class=\"elementor-column elementor-col-100 elementor-top-column elementor-element elementor-element-498209b\" data-id=\"498209b\" data-element_type=\"column\" data-e-type=\"column\">\n\t\t\t<div class=\"elementor-widget-wrap elementor-element-populated\">\n\t\t\t\t\t\t<div class=\"elementor-element elementor-element-5e93bfea elementor-widget elementor-widget-heading\" data-id=\"5e93bfea\" data-element_type=\"widget\" data-e-type=\"widget\" data-widget_type=\"heading.default\">\n\t\t\t\t\t<h2 class=\"elementor-heading-title elementor-size-default elementor-heading-title elementor-align-after-center\">Verwenden Sie umweltfreundliche Verpackungen!<\/h2>\t\t\t\t<\/div>\n\t\t\t\t<div class=\"elementor-element elementor-element-3d244097 elementor-widget elementor-widget-sm-default-button\" data-id=\"3d244097\" data-element_type=\"widget\" data-e-type=\"widget\" data-widget_type=\"sm-default-button.default\">\n\t\t\t\t<div class=\"elementor-widget-container\">\n\t\t\t\t\t\n\t\t\t\t<a   href=\"\/de\/anfrage\/tragetaschen\/\" class=\"btn\">Senden Sie Ihre Anfrage<i class=\"ti ti-arrow-right\"><\/i><\/a>\n\t\t\n\t\t\t\t\t<\/div>\n\t\t\t\t<\/div>\n\t\t\t\t\t<\/div>\n\t\t<\/div>\n\t\t\t\t\t<\/div>\n\t\t<\/section>\n\t\t\t\t<\/div>","protected":false},"excerpt":{"rendered":"<p>Papirnate nosilne vre\u010dke bela natura so izdelane iz belega gladkega papirja z lepim, estetsko oblikovanim ro\u010dajem iz zvite&#8230;<\/p>","protected":false},"author":5,"featured_media":0,"parent":1771,"menu_order":0,"comment_status":"closed","ping_status":"closed","template":"elementor_header_footer","meta":{"footnotes":""},"class_list":["post-1935","page","type-page","status-publish","hentry"],"yoast_head":"<!-- This site is optimized with the Yoast SEO plugin v27.3 - https:\/\/yoast.com\/product\/yoast-seo-wordpress\/ -->\n<title>Nosilne vre\u010dke bela natura z zvitim ro\u010dajem | Papirol<\/title>\n<meta name=\"robots\" content=\"index, follow, max-snippet:-1, max-image-preview:large, max-video-preview:-1\" \/>\n<link rel=\"canonical\" href=\"https:\/\/papirol.si\/de\/verkaufsprogramm\/papiertragetaschen-2\/tragetaschen-weis-natura-gerollter-griff\/\" \/>\n<meta property=\"og:locale\" content=\"de_DE\" \/>\n<meta property=\"og:type\" content=\"article\" \/>\n<meta property=\"og:title\" content=\"Nosilne vre\u010dke bela natura z zvitim ro\u010dajem | Papirol\" \/>\n<meta property=\"og:description\" content=\"Papirnate nosilne vre\u010dke bela natura so izdelane iz belega gladkega papirja z lepim, estetsko oblikovanim ro\u010dajem iz zvite...\" \/>\n<meta property=\"og:url\" content=\"https:\/\/papirol.si\/de\/verkaufsprogramm\/papiertragetaschen-2\/tragetaschen-weis-natura-gerollter-griff\/\" \/>\n<meta property=\"og:site_name\" content=\"Papirol\" \/>\n<meta property=\"article:modified_time\" content=\"2026-03-20T14:11:14+00:00\" \/>\n<meta property=\"og:image\" content=\"https:\/\/papirol.si\/wp-content\/uploads\/2019\/12\/nosilne_bele_vse_kot.png\" \/>\n\t<meta property=\"og:image:width\" content=\"212\" \/>\n\t<meta property=\"og:image:height\" content=\"252\" \/>\n\t<meta property=\"og:image:type\" content=\"image\/png\" \/>\n<meta name=\"twitter:card\" content=\"summary_large_image\" \/>\n<meta name=\"twitter:label1\" content=\"Gesch\u00e4tzte Lesezeit\" \/>\n\t<meta name=\"twitter:data1\" content=\"1\u00a0Minute\" \/>\n<script type=\"application\/ld+json\" class=\"yoast-schema-graph\">{\"@context\":\"https:\\\/\\\/schema.org\",\"@graph\":[{\"@type\":\"WebPage\",\"@id\":\"https:\\\/\\\/papirol.si\\\/prodajni-program\\\/nosilne-papirnate-vrecke\\\/nosilne-vrecke-bela-natura-zviti-rocaj\\\/\",\"url\":\"https:\\\/\\\/papirol.si\\\/prodajni-program\\\/nosilne-papirnate-vrecke\\\/nosilne-vrecke-bela-natura-zviti-rocaj\\\/\",\"name\":\"Nosilne vre\u010dke bela natura z zvitim ro\u010dajem | Papirol\",\"isPartOf\":{\"@id\":\"https:\\\/\\\/papirol.si\\\/#website\"},\"primaryImageOfPage\":{\"@id\":\"https:\\\/\\\/papirol.si\\\/prodajni-program\\\/nosilne-papirnate-vrecke\\\/nosilne-vrecke-bela-natura-zviti-rocaj\\\/#primaryimage\"},\"image\":{\"@id\":\"https:\\\/\\\/papirol.si\\\/prodajni-program\\\/nosilne-papirnate-vrecke\\\/nosilne-vrecke-bela-natura-zviti-rocaj\\\/#primaryimage\"},\"thumbnailUrl\":\"https:\\\/\\\/papirol.si\\\/wp-content\\\/uploads\\\/2019\\\/12\\\/nosilne_bele_vse_kot.png\",\"datePublished\":\"2019-12-06T11:07:55+00:00\",\"dateModified\":\"2026-03-20T14:11:14+00:00\",\"breadcrumb\":{\"@id\":\"https:\\\/\\\/papirol.si\\\/prodajni-program\\\/nosilne-papirnate-vrecke\\\/nosilne-vrecke-bela-natura-zviti-rocaj\\\/#breadcrumb\"},\"inLanguage\":\"de\",\"potentialAction\":[{\"@type\":\"ReadAction\",\"target\":[\"https:\\\/\\\/papirol.si\\\/prodajni-program\\\/nosilne-papirnate-vrecke\\\/nosilne-vrecke-bela-natura-zviti-rocaj\\\/\"]}]},{\"@type\":\"ImageObject\",\"inLanguage\":\"de\",\"@id\":\"https:\\\/\\\/papirol.si\\\/prodajni-program\\\/nosilne-papirnate-vrecke\\\/nosilne-vrecke-bela-natura-zviti-rocaj\\\/#primaryimage\",\"url\":\"https:\\\/\\\/papirol.si\\\/wp-content\\\/uploads\\\/2019\\\/12\\\/nosilne_bele_vse_kot.png\",\"contentUrl\":\"https:\\\/\\\/papirol.si\\\/wp-content\\\/uploads\\\/2019\\\/12\\\/nosilne_bele_vse_kot.png\"},{\"@type\":\"BreadcrumbList\",\"@id\":\"https:\\\/\\\/papirol.si\\\/prodajni-program\\\/nosilne-papirnate-vrecke\\\/nosilne-vrecke-bela-natura-zviti-rocaj\\\/#breadcrumb\",\"itemListElement\":[{\"@type\":\"ListItem\",\"position\":1,\"name\":\"Home\",\"item\":\"https:\\\/\\\/papirol.si\\\/\"},{\"@type\":\"ListItem\",\"position\":2,\"name\":\"Prodajni program\",\"item\":\"https:\\\/\\\/papirol.si\\\/prodajni-program\\\/\"},{\"@type\":\"ListItem\",\"position\":3,\"name\":\"Nosilne papirnate vre\u010dke\",\"item\":\"https:\\\/\\\/papirol.si\\\/prodajni-program\\\/nosilne-papirnate-vrecke\\\/\"},{\"@type\":\"ListItem\",\"position\":4,\"name\":\"Nosilne vre\u010dke bela natura z zvitim ro\u010dajem\"}]},{\"@type\":\"WebSite\",\"@id\":\"https:\\\/\\\/papirol.si\\\/#website\",\"url\":\"https:\\\/\\\/papirol.si\\\/\",\"name\":\"Papirol\",\"description\":\"Obla\u010dimo va\u0161e izdelke \u017ee 36 let!\",\"publisher\":{\"@id\":\"https:\\\/\\\/papirol.si\\\/#organization\"},\"potentialAction\":[{\"@type\":\"SearchAction\",\"target\":{\"@type\":\"EntryPoint\",\"urlTemplate\":\"https:\\\/\\\/papirol.si\\\/?s={search_term_string}\"},\"query-input\":{\"@type\":\"PropertyValueSpecification\",\"valueRequired\":true,\"valueName\":\"search_term_string\"}}],\"inLanguage\":\"de\"},{\"@type\":\"Organization\",\"@id\":\"https:\\\/\\\/papirol.si\\\/#organization\",\"name\":\"Papirol\",\"url\":\"https:\\\/\\\/papirol.si\\\/\",\"logo\":{\"@type\":\"ImageObject\",\"inLanguage\":\"de\",\"@id\":\"https:\\\/\\\/papirol.si\\\/#\\\/schema\\\/logo\\\/image\\\/\",\"url\":\"https:\\\/\\\/papirol.si\\\/wp-content\\\/uploads\\\/2019\\\/12\\\/papirol-bela.png\",\"contentUrl\":\"https:\\\/\\\/papirol.si\\\/wp-content\\\/uploads\\\/2019\\\/12\\\/papirol-bela.png\",\"width\":400,\"height\":80,\"caption\":\"Papirol\"},\"image\":{\"@id\":\"https:\\\/\\\/papirol.si\\\/#\\\/schema\\\/logo\\\/image\\\/\"}}]}<\/script>\n<!-- \/ Yoast SEO plugin. -->","yoast_head_json":{"title":"Tragetaschen wei\u00df natur mit gedrehtem Griff | Papirol","robots":{"index":"index","follow":"follow","max-snippet":"max-snippet:-1","max-image-preview":"max-image-preview:large","max-video-preview":"max-video-preview:-1"},"canonical":"https:\/\/papirol.si\/de\/verkaufsprogramm\/papiertragetaschen-2\/tragetaschen-weis-natura-gerollter-griff\/","og_locale":"de_DE","og_type":"article","og_title":"Nosilne vre\u010dke bela natura z zvitim ro\u010dajem | Papirol","og_description":"Papirnate nosilne vre\u010dke bela natura so izdelane iz belega gladkega papirja z lepim, estetsko oblikovanim ro\u010dajem iz zvite...","og_url":"https:\/\/papirol.si\/de\/verkaufsprogramm\/papiertragetaschen-2\/tragetaschen-weis-natura-gerollter-griff\/","og_site_name":"Papirol","article_modified_time":"2026-03-20T14:11:14+00:00","og_image":[{"width":212,"height":252,"url":"https:\/\/papirol.si\/wp-content\/uploads\/2019\/12\/nosilne_bele_vse_kot.png","type":"image\/png"}],"twitter_card":"summary_large_image","twitter_misc":{"Gesch\u00e4tzte Lesezeit":"1\u00a0Minute"},"schema":{"@context":"https:\/\/schema.org","@graph":[{"@type":"WebPage","@id":"https:\/\/papirol.si\/prodajni-program\/nosilne-papirnate-vrecke\/nosilne-vrecke-bela-natura-zviti-rocaj\/","url":"https:\/\/papirol.si\/prodajni-program\/nosilne-papirnate-vrecke\/nosilne-vrecke-bela-natura-zviti-rocaj\/","name":"Tragetaschen wei\u00df natur mit gedrehtem Griff | Papirol","isPartOf":{"@id":"https:\/\/papirol.si\/#website"},"primaryImageOfPage":{"@id":"https:\/\/papirol.si\/prodajni-program\/nosilne-papirnate-vrecke\/nosilne-vrecke-bela-natura-zviti-rocaj\/#primaryimage"},"image":{"@id":"https:\/\/papirol.si\/prodajni-program\/nosilne-papirnate-vrecke\/nosilne-vrecke-bela-natura-zviti-rocaj\/#primaryimage"},"thumbnailUrl":"https:\/\/papirol.si\/wp-content\/uploads\/2019\/12\/nosilne_bele_vse_kot.png","datePublished":"2019-12-06T11:07:55+00:00","dateModified":"2026-03-20T14:11:14+00:00","breadcrumb":{"@id":"https:\/\/papirol.si\/prodajni-program\/nosilne-papirnate-vrecke\/nosilne-vrecke-bela-natura-zviti-rocaj\/#breadcrumb"},"inLanguage":"de","potentialAction":[{"@type":"ReadAction","target":["https:\/\/papirol.si\/prodajni-program\/nosilne-papirnate-vrecke\/nosilne-vrecke-bela-natura-zviti-rocaj\/"]}]},{"@type":"ImageObject","inLanguage":"de","@id":"https:\/\/papirol.si\/prodajni-program\/nosilne-papirnate-vrecke\/nosilne-vrecke-bela-natura-zviti-rocaj\/#primaryimage","url":"https:\/\/papirol.si\/wp-content\/uploads\/2019\/12\/nosilne_bele_vse_kot.png","contentUrl":"https:\/\/papirol.si\/wp-content\/uploads\/2019\/12\/nosilne_bele_vse_kot.png"},{"@type":"BreadcrumbList","@id":"https:\/\/papirol.si\/prodajni-program\/nosilne-papirnate-vrecke\/nosilne-vrecke-bela-natura-zviti-rocaj\/#breadcrumb","itemListElement":[{"@type":"ListItem","position":1,"name":"Home","item":"https:\/\/papirol.si\/"},{"@type":"ListItem","position":2,"name":"Prodajni program","item":"https:\/\/papirol.si\/prodajni-program\/"},{"@type":"ListItem","position":3,"name":"Nosilne papirnate vre\u010dke","item":"https:\/\/papirol.si\/prodajni-program\/nosilne-papirnate-vrecke\/"},{"@type":"ListItem","position":4,"name":"Nosilne vre\u010dke bela natura z zvitim ro\u010dajem"}]},{"@type":"WebSite","@id":"https:\/\/papirol.si\/#website","url":"https:\/\/papirol.si\/","name":"Papirol","description":"Wir kleiden Ihre Produkte seit 36 Jahren ein!","publisher":{"@id":"https:\/\/papirol.si\/#organization"},"potentialAction":[{"@type":"SearchAction","target":{"@type":"EntryPoint","urlTemplate":"https:\/\/papirol.si\/?s={search_term_string}"},"query-input":{"@type":"PropertyValueSpecification","valueRequired":true,"valueName":"search_term_string"}}],"inLanguage":"de"},{"@type":"Organization","@id":"https:\/\/papirol.si\/#organization","name":"Papirol","url":"https:\/\/papirol.si\/","logo":{"@type":"ImageObject","inLanguage":"de","@id":"https:\/\/papirol.si\/#\/schema\/logo\/image\/","url":"https:\/\/papirol.si\/wp-content\/uploads\/2019\/12\/papirol-bela.png","contentUrl":"https:\/\/papirol.si\/wp-content\/uploads\/2019\/12\/papirol-bela.png","width":400,"height":80,"caption":"Papirol"},"image":{"@id":"https:\/\/papirol.si\/#\/schema\/logo\/image\/"}}]}},"_links":{"self":[{"href":"https:\/\/papirol.si\/de\/wp-json\/wp\/v2\/pages\/1935","targetHints":{"allow":["GET"]}}],"collection":[{"href":"https:\/\/papirol.si\/de\/wp-json\/wp\/v2\/pages"}],"about":[{"href":"https:\/\/papirol.si\/de\/wp-json\/wp\/v2\/types\/page"}],"author":[{"embeddable":true,"href":"https:\/\/papirol.si\/de\/wp-json\/wp\/v2\/users\/5"}],"replies":[{"embeddable":true,"href":"https:\/\/papirol.si\/de\/wp-json\/wp\/v2\/comments?post=1935"}],"version-history":[{"count":37,"href":"https:\/\/papirol.si\/de\/wp-json\/wp\/v2\/pages\/1935\/revisions"}],"predecessor-version":[{"id":4770,"href":"https:\/\/papirol.si\/de\/wp-json\/wp\/v2\/pages\/1935\/revisions\/4770"}],"up":[{"embeddable":true,"href":"https:\/\/papirol.si\/de\/wp-json\/wp\/v2\/pages\/1771"}],"wp:attachment":[{"href":"https:\/\/papirol.si\/de\/wp-json\/wp\/v2\/media?parent=1935"}],"curies":[{"name":"wp","href":"https:\/\/api.w.org\/{rel}","templated":true}]}}