{"id":1945,"date":"2019-12-06T12:07:55","date_gmt":"2019-12-06T11:07:55","guid":{"rendered":"https:\/\/papirol.si\/prodajni-program\/nosilne-papirnate-vrecke\/nosilne-vrecke-natura-zviti-rocaj-2\/"},"modified":"2020-03-02T13:36:27","modified_gmt":"2020-03-02T12:36:27","slug":"flaschentragetaschen-aufgerollt","status":"publish","type":"page","link":"https:\/\/papirol.si\/de\/prodajni-program\/nosilne-papirnate-vrecke\/nosilne-buteljcne-vrecke-zviti-rocaj\/","title":{"rendered":"Flaschentragetaschen mit gedrehtem Griff"},"content":{"rendered":"<div data-elementor-type=\"wp-page\" data-elementor-id=\"1945\" class=\"elementor elementor-1945\" data-elementor-post-type=\"page\">\n\t\t\t\t\t\t<section class=\"elementor-section elementor-top-section elementor-element elementor-element-6209a855 elementor-section-content-middle elementor-section-boxed elementor-section-height-default elementor-section-height-default\" data-id=\"6209a855\" data-element_type=\"section\" data-e-type=\"section\" id=\"produkt-bio\" data-settings=\"{&quot;background_background&quot;:&quot;classic&quot;}\">\n\t\t\t\t\t\t<div class=\"elementor-container elementor-column-gap-default\">\n\t\t\t\t\t<div class=\"elementor-column elementor-col-50 elementor-top-column elementor-element elementor-element-6ef604c1\" data-id=\"6ef604c1\" data-element_type=\"column\" data-e-type=\"column\">\n\t\t\t<div class=\"elementor-widget-wrap elementor-element-populated\">\n\t\t\t\t\t\t<div class=\"elementor-element elementor-element-059580b elementor-widget elementor-widget-image\" data-id=\"059580b\" data-element_type=\"widget\" data-e-type=\"widget\" data-widget_type=\"image.default\">\n\t\t\t\t\t\t\t\t\t\t\t\t<figure class=\"wp-caption\">\n\t\t\t\t\t\t\t\t\t\t<img fetchpriority=\"high\" decoding=\"async\" width=\"327\" height=\"325\" src=\"https:\/\/papirol.si\/wp-content\/uploads\/2019\/12\/Butelj-ne-barvne.png\" class=\"attachment-large size-large wp-image-1948\" alt=\"\" srcset=\"https:\/\/papirol.si\/wp-content\/uploads\/2019\/12\/Butelj-ne-barvne.png 327w, https:\/\/papirol.si\/wp-content\/uploads\/2019\/12\/Butelj-ne-barvne-300x298.png 300w, https:\/\/papirol.si\/wp-content\/uploads\/2019\/12\/Butelj-ne-barvne-150x150.png 150w, https:\/\/papirol.si\/wp-content\/uploads\/2019\/12\/Butelj-ne-barvne-285x283.png 285w\" sizes=\"(max-width: 327px) 100vw, 327px\" \/>\t\t\t\t\t\t\t\t\t\t\t<figcaption class=\"widget-image-caption wp-caption-text\"><\/figcaption>\n\t\t\t\t\t\t\t\t\t\t<\/figure>\n\t\t\t\t\t\t\t\t\t<\/div>\n\t\t\t\t<div class=\"elementor-element elementor-element-d330d74 elementor-widget elementor-widget-image\" data-id=\"d330d74\" data-element_type=\"widget\" data-e-type=\"widget\" data-widget_type=\"image.default\">\n\t\t\t\t\t\t\t\t\t\t\t\t<figure class=\"wp-caption\">\n\t\t\t\t\t\t\t\t\t\t<img decoding=\"async\" width=\"1707\" height=\"2560\" src=\"https:\/\/papirol.si\/wp-content\/uploads\/2020\/03\/nosilna-vre\u010dka-\u010drna-2-scaled.jpg\" class=\"attachment-full size-full wp-image-2832\" alt=\"\" srcset=\"https:\/\/papirol.si\/wp-content\/uploads\/2020\/03\/nosilna-vre\u010dka-\u010drna-2-scaled.jpg 1707w, https:\/\/papirol.si\/wp-content\/uploads\/2020\/03\/nosilna-vre\u010dka-\u010drna-2-200x300.jpg 200w, https:\/\/papirol.si\/wp-content\/uploads\/2020\/03\/nosilna-vre\u010dka-\u010drna-2-683x1024.jpg 683w, https:\/\/papirol.si\/wp-content\/uploads\/2020\/03\/nosilna-vre\u010dka-\u010drna-2-768x1152.jpg 768w, https:\/\/papirol.si\/wp-content\/uploads\/2020\/03\/nosilna-vre\u010dka-\u010drna-2-1024x1536.jpg 1024w, https:\/\/papirol.si\/wp-content\/uploads\/2020\/03\/nosilna-vre\u010dka-\u010drna-2-1365x2048.jpg 1365w, https:\/\/papirol.si\/wp-content\/uploads\/2020\/03\/nosilna-vre\u010dka-\u010drna-2-285x428.jpg 285w, https:\/\/papirol.si\/wp-content\/uploads\/2020\/03\/nosilna-vre\u010dka-\u010drna-2-1600x2400.jpg 1600w, https:\/\/papirol.si\/wp-content\/uploads\/2020\/03\/nosilna-vre\u010dka-\u010drna-2-440x660.jpg 440w, https:\/\/papirol.si\/wp-content\/uploads\/2020\/03\/nosilna-vre\u010dka-\u010drna-2-100x150.jpg 100w\" sizes=\"(max-width: 1707px) 100vw, 1707px\" \/>\t\t\t\t\t\t\t\t\t\t\t<figcaption class=\"widget-image-caption wp-caption-text\"><\/figcaption>\n\t\t\t\t\t\t\t\t\t\t<\/figure>\n\t\t\t\t\t\t\t\t\t<\/div>\n\t\t\t\t<div class=\"elementor-element elementor-element-646905a elementor-widget elementor-widget-image\" data-id=\"646905a\" data-element_type=\"widget\" data-e-type=\"widget\" data-widget_type=\"image.default\">\n\t\t\t\t\t\t\t\t\t\t\t\t<figure class=\"wp-caption\">\n\t\t\t\t\t\t\t\t\t\t<img decoding=\"async\" src=\"https:\/\/papirol.si\/wp-content\/uploads\/elementor\/thumbs\/buteljcne_barvne-scaled-olz4fsv0klonnypkbgd54eujivrjbe84zgw087613k.jpg\" title=\"Papirol Flaschenbeutel\" alt=\"Papirol Flaschenbeutel\" loading=\"lazy\" \/>\t\t\t\t\t\t\t\t\t\t\t<figcaption class=\"widget-image-caption wp-caption-text\"><\/figcaption>\n\t\t\t\t\t\t\t\t\t\t<\/figure>\n\t\t\t\t\t\t\t\t\t<\/div>\n\t\t\t\t\t<\/div>\n\t\t<\/div>\n\t\t\t\t<div class=\"elementor-column elementor-col-50 elementor-top-column elementor-element elementor-element-58376d30\" data-id=\"58376d30\" data-element_type=\"column\" data-e-type=\"column\">\n\t\t\t<div class=\"elementor-widget-wrap elementor-element-populated\">\n\t\t\t\t\t\t<div class=\"elementor-element elementor-element-515349d3 elementor-widget elementor-widget-text-editor\" data-id=\"515349d3\" data-element_type=\"widget\" data-e-type=\"widget\" data-widget_type=\"text-editor.default\">\n\t\t\t\t\t\t\t\t\t<p><span style=\"font-weight: 400;\">Die Papiertragetaschen f\u00fcr Flaschen werden aus braunem gerippten oder glatten Papier oder aus wei\u00dfem glatten Papier hergestellt.<\/span><\/p><p><span style=\"font-weight: 400;\">Die Farbe des Henkels aus gedrehter Kordel ist auf die Farbe der Tasche abgestimmt.<\/span><\/p><p><span style=\"font-weight: 400;\">Zwei Standardma\u00dfe sind f\u00fcr alle Flaschentypen sinnvoll: schmal oder breit, hoch oder etwas niedriger, f\u00fcr eine oder zwei Flaschen.<\/span><\/p><p><span style=\"font-weight: 400;\">Die 2-Flaschen-Beutel haben eine Pappeinlage.<\/span><\/p><p><span style=\"font-weight: 400;\">Sie sind sehr erschwinglich, umweltfreundlich und eine gute Alternative zu Kartonverpackungen.<\/span><\/p><p><span style=\"font-weight: 400;\">Wir passen die Farben den Trends an, indem wir helle Farben auf wei\u00dfem Untergrund und dunkle Farben auf braunem Papier drucken.<\/span><\/p><p><span style=\"font-weight: 400;\">Standardbestand an naturbraunen und wei\u00dfen Papiert\u00fcten, klassische dunkle Farben auf braunem Hintergrund, auch Gold und Silber.<\/span><\/p><p><span style=\"font-weight: 400;\">Vergriffen, auf Lager, sofort lieferbar, auch in kleinen Mengen<\/span><\/p>\t\t\t\t\t\t\t\t<\/div>\n\t\t\t\t<div class=\"elementor-element elementor-element-25e7ab94 elementor-widget elementor-widget-text-editor\" data-id=\"25e7ab94\" data-element_type=\"widget\" data-e-type=\"widget\" id=\"tisk-box\" data-widget_type=\"text-editor.default\">\n\t\t\t\t\t\t\t\t\t<h2>Druck auf Taschen<\/h2>\nPapiert\u00fcten werden ein- oder mehrfarbig in hoher Qualit\u00e4t bedruckt.<br>Die M\u00f6glichkeit, gleichzeitig mit der Bearbeitung des Beutels zu drucken, erm\u00f6glicht das Bedrucken der gesamten Oberfl\u00e4che des Beutels, einschlie\u00dflich des Beutelbodens, optional auch im Inneren des Beutels.<br>Bis hin zum Bedrucken von vorgefertigten Beuteln, was das Bedrucken von kleinen Mengen erm\u00f6glicht.\n<strong>Drucktechniken:<\/strong>\n<ul>\n \t<li>Mehrfarbiger Flexodruck von der Linie auf alle Arten von Papiers\u00e4cken<\/li>\n \t<li>Mehrfarbiger Sieb- oder Flexodruck auf alle Arten von Papiers\u00e4cken<\/li>\n<\/ul>\n<strong>Drucken:<\/strong>\n<ul>\n \t<li>kontinuierlicher oder positionierter, mehrfarbiger Druck, ein- oder beidseitig<\/li>\n \t<li>auf der gesamten Oberfl\u00e4che, auf einer oder beiden Seiten, einschlie\u00dflich der Seitenr\u00e4nder und des Bodens des Beutels<\/li>\n<\/ul>\t\t\t\t\t\t\t\t<\/div>\n\t\t\t\t\t<\/div>\n\t\t<\/div>\n\t\t\t\t\t<\/div>\n\t\t<\/section>\n\t\t\t\t<section class=\"elementor-section elementor-top-section elementor-element elementor-element-f11247f elementor-section-boxed elementor-section-height-default elementor-section-height-default\" data-id=\"f11247f\" data-element_type=\"section\" data-e-type=\"section\" id=\"product-bio-tbl\" data-settings=\"{&quot;background_background&quot;:&quot;classic&quot;}\">\n\t\t\t\t\t\t<div class=\"elementor-container elementor-column-gap-default\">\n\t\t\t\t\t<div class=\"elementor-column elementor-col-100 elementor-top-column elementor-element elementor-element-21ce687\" data-id=\"21ce687\" data-element_type=\"column\" data-e-type=\"column\">\n\t\t\t<div class=\"elementor-widget-wrap elementor-element-populated\">\n\t\t\t\t\t\t<div class=\"elementor-element elementor-element-1b549f9 elementor-widget elementor-widget-text-editor\" data-id=\"1b549f9\" data-element_type=\"widget\" data-e-type=\"widget\" data-widget_type=\"text-editor.default\">\n\t\t\t\t\t\t\t\t\t<table data-minrequestedwidth=\"427.56298828125\" data-computedwidth=\"427.56298828125\"><tbody><tr><td class=\"imVc\"><div><b><span class=\"fs11lh1-5 ff1\">Name des Produkts<\/span><\/b><\/div><\/td><td class=\"imVc\"><div class=\"imTACenter\"><span class=\"fs11lh1-5 ff1\"><b>Standardabmessungen<\/b><\/span><\/div><\/td><td class=\"imVc\"><div class=\"imTACenter\"><span class=\"fs11lh1-5 ff1\"><b>Verpackung<\/b><b>e<\/b><\/span><\/div><\/td><\/tr><tr><td class=\"imVc\"><div class=\"imTACenter\"><span class=\"fs11lh1-5 ff1\">Tragetasche natura N<\/span><\/div><\/td><td class=\"imVc\"><div class=\"imTACenter\"><span class=\"fs11lh1-5 ff1\">14 x 8 x 39 cm<\/span><\/div><\/td><td class=\"imVc\"><div class=\"imTACenter\"><span class=\"fs11lh1-5 ff1\">300 St\u00fcck<\/span><\/div><\/td><\/tr><tr><td class=\"imVc\"><div class=\"imTACenter\"><span class=\"fs11lh1-5 ff1\">Tragetasche natura N recycelbar<\/span><\/div><\/td><td class=\"imVc\"><div class=\"imTACenter\"><div><span class=\"fs11lh1-5 ff1\">14 x 8 x 39 cm<\/span><\/div><\/div><\/td><td class=\"imVc\"><div class=\"imTACenter\"><span class=\"fs11lh1-5 ff1\">300 St\u00fcck<\/span><\/div><\/td><\/tr><tr><td class=\"imVc\"><div class=\"imTACenter\"><span class=\"fs11lh1-5 ff1\">Tragetasche natura N twin<\/span><\/div><\/td><td class=\"imVc\"><div class=\"imTACenter\"><div><span class=\"fs11lh1-5 ff1\">18 x 8 x 39 cm<\/span><\/div><\/div><\/td><td class=\"imVc\"><div class=\"imTACenter\"><span class=\"fs11lh1-5 ff1\">150 St\u00fcck<\/span><\/div><\/td><\/tr><tr><td class=\"imVc\"><div class=\"imTACenter\"><div><span class=\"fs11lh1-5 cf1 ff1\">Tragetasche bunt natur\u00a0<\/span><span class=\"fs11lh1-5 cf1 ff1\"><b>GOLD<\/b><\/span><\/div><\/div><\/td><td class=\"imVc\"><div class=\"imTACenter\"><div><span class=\"fs11lh1-5 ff1\">14 x 8 x 39 cm<\/span><\/div><\/div><\/td><td class=\"imVc\"><div class=\"imTACenter\"><span class=\"fs11lh1-5 ff1\">300 St\u00fcck<\/span><\/div><\/td><\/tr><tr><td class=\"imVc\"><div class=\"imTACenter\"><span class=\"fs11lh1-5 cf2 ff1\">Tragetasche bunt natur\u00a0<\/span><span class=\"fs11lh1-5 cf2 ff1\"><b>SILBER<\/b><\/span><\/div><\/td><td class=\"imVc\"><div class=\"imTACenter\"><span class=\"fs11lh1-5 ff1\">14 x 8 x 39 cm<\/span><\/div><\/td><td class=\"imVc\"><div class=\"imTACenter\"><span class=\"fs11lh1-5 ff1\">300 St\u00fcck<\/span><\/div><\/td><\/tr><tr><td class=\"imVc\"><div class=\"imTACenter\"><span class=\"fs11lh1-5 ff1\">Tragetasche bunt natur\u00a0<\/span><span class=\"fs11lh1-5 ff1\"><b>SCHWARZ<\/b><\/span><\/div><\/td><td class=\"imVc\"><div class=\"imTACenter\"><span class=\"fs11lh1-5 ff1\">14 x 8 x 39 cm<\/span><\/div><\/td><td class=\"imVc\"><div class=\"imTACenter\"><span class=\"fs11lh1-5 ff1\">300 St\u00fcck<\/span><\/div><\/td><\/tr><tr><td class=\"imVc\"><div class=\"imTACenter\"><span class=\"fs11lh1-5 cf3 ff1\">Tragetasche bunt natur\u00a0<\/span><span class=\"fs11lh1-5 cf3 ff1\"><b>LICHT VON ROT<\/b><\/span><\/div><\/td><td class=\"imVc\"><div class=\"imTACenter\"><span class=\"fs11lh1-5 ff1\">14 x 8 x 39 cm<\/span><\/div><\/td><td class=\"imVc\"><div class=\"imTACenter\"><span class=\"fs11lh1-5 ff1\">300 St\u00fcck<\/span><\/div><\/td><\/tr><tr><td class=\"imVc\"><div class=\"imTACenter\"><span class=\"fs11lh1-5 cf3 ff1\">Tragetasche bunt natur\u00a0<\/span><span class=\"fs11lh1-5 cf3 ff1\"><b>DUNKELROT<\/b><\/span><\/div><\/td><td class=\"imVc\"><div class=\"imTACenter\"><span class=\"fs11lh1-5 ff1\">14 x 8 x 39 cm<\/span><\/div><\/td><td class=\"imVc\"><div class=\"imTACenter\"><span class=\"fs11lh1-5 ff1\">300 St\u00fcck<\/span><\/div><\/td><\/tr><tr><td class=\"imVc\"><div class=\"imTACenter\"><span class=\"fs11lh1-5 cf4 ff1\">Tragetasche bunt natur\u00a0<\/span><span class=\"fs11lh1-5 cf4 ff1\"><b>DUNKELBLAU<\/b><\/span><\/div><\/td><td class=\"imVc\"><div class=\"imTACenter\"><span class=\"fs11lh1-5 ff1\">14 x 8 x 39 cm<\/span><\/div><\/td><td class=\"imVc\"><div class=\"imTACenter\"><span class=\"fs11lh1-5 ff1\">300 St\u00fcck<\/span><\/div><\/td><\/tr><tr><td class=\"imVc\"><div class=\"imTACenter\"><span class=\"fs11lh1-5 cf5 ff1\">Tragetasche bunt natur\u00a0<\/span><span class=\"fs11lh1-5 cf5 ff1\"><b>DUNKELGR\u00dcN<\/b><\/span><\/div><\/td><td class=\"imVc\"><div class=\"imTACenter\"><span class=\"fs11lh1-5 ff1\">14 x 8 x 39 cm<\/span><\/div><\/td><td class=\"imVc\"><div class=\"imTACenter\"><span class=\"fs11lh1-5 ff1\">300 St\u00fcck<\/span><\/div><\/td><\/tr><\/tbody><\/table>\t\t\t\t\t\t\t\t<\/div>\n\t\t\t\t\t<\/div>\n\t\t<\/div>\n\t\t\t\t\t<\/div>\n\t\t<\/section>\n\t\t\t\t<section class=\"elementor-section elementor-top-section elementor-element elementor-element-699b9149 elementor-section-boxed elementor-section-height-default elementor-section-height-default\" data-id=\"699b9149\" data-element_type=\"section\" data-e-type=\"section\" id=\"povp-sect\" data-settings=\"{&quot;background_background&quot;:&quot;classic&quot;}\">\n\t\t\t\t\t\t\t<div class=\"elementor-background-overlay\"><\/div>\n\t\t\t\t\t\t\t<div class=\"elementor-container elementor-column-gap-default\">\n\t\t\t\t\t<div class=\"elementor-column elementor-col-100 elementor-top-column elementor-element elementor-element-6f344ce6\" data-id=\"6f344ce6\" data-element_type=\"column\" data-e-type=\"column\">\n\t\t\t<div class=\"elementor-widget-wrap elementor-element-populated\">\n\t\t\t\t\t\t<div class=\"elementor-element elementor-element-e20ae14 elementor-widget elementor-widget-heading\" data-id=\"e20ae14\" data-element_type=\"widget\" data-e-type=\"widget\" data-widget_type=\"heading.default\">\n\t\t\t\t\t<h2 class=\"elementor-heading-title elementor-size-default elementor-heading-title elementor-align-after-center\"><span style=\"font-weight:normal\"><span style=\"font-size: 9pt;font-weight: 700;vertical-align: baseline\"><\/span><\/span>Verwenden Sie umweltfreundliche Verpackungen!<\/h2>\t\t\t\t<\/div>\n\t\t\t\t<div class=\"elementor-element elementor-element-20f80bc1 elementor-widget elementor-widget-sm-default-button\" data-id=\"20f80bc1\" data-element_type=\"widget\" data-e-type=\"widget\" data-widget_type=\"sm-default-button.default\">\n\t\t\t\t<div class=\"elementor-widget-container\">\n\t\t\t\t\t\n\t\t\t\t<a   href=\"https:\/\/papirol.si\/de\/povprasevanje\/barvne-nosilne-vrecke\/\" class=\"btn\">Senden Sie Ihre Anfrage<i class=\"ti ti-arrow-right\"><\/i><\/a>\n\t\t\n\t\t\t\t\t<\/div>\n\t\t\t\t<\/div>\n\t\t\t\t\t<\/div>\n\t\t<\/div>\n\t\t\t\t\t<\/div>\n\t\t<\/section>\n\t\t\t\t<\/div>","protected":false},"excerpt":{"rendered":"<p>Papirnate nosilne butelj\u010dne vre\u010dke so izdelane v iz rjavega rebrastega ali gladkega papirja ali iz belega gladkega papirja&#8230;.<\/p>","protected":false},"author":5,"featured_media":0,"parent":1771,"menu_order":0,"comment_status":"closed","ping_status":"closed","template":"elementor_header_footer","meta":{"footnotes":""},"class_list":["post-1945","page","type-page","status-publish","hentry"],"yoast_head":"<!-- This site is optimized with the Yoast SEO plugin v27.3 - https:\/\/yoast.com\/product\/yoast-seo-wordpress\/ -->\n<title>Nosilne butelj\u010dne vre\u010dke z zvitim ro\u010dajem | Papirol<\/title>\n<meta name=\"robots\" content=\"index, follow, max-snippet:-1, max-image-preview:large, max-video-preview:-1\" \/>\n<link rel=\"canonical\" href=\"https:\/\/papirol.si\/de\/verkaufsprogramm\/papiertragetaschen-2\/flaschentragetaschen-aufgerollt\/\" \/>\n<meta property=\"og:locale\" content=\"de_DE\" \/>\n<meta property=\"og:type\" content=\"article\" \/>\n<meta property=\"og:title\" content=\"Nosilne butelj\u010dne vre\u010dke z zvitim ro\u010dajem | Papirol\" \/>\n<meta property=\"og:description\" content=\"Papirnate nosilne butelj\u010dne vre\u010dke so izdelane v iz rjavega rebrastega ali gladkega papirja ali iz belega gladkega papirja....\" \/>\n<meta property=\"og:url\" content=\"https:\/\/papirol.si\/de\/verkaufsprogramm\/papiertragetaschen-2\/flaschentragetaschen-aufgerollt\/\" \/>\n<meta property=\"og:site_name\" content=\"Papirol\" \/>\n<meta property=\"article:modified_time\" content=\"2020-03-02T12:36:27+00:00\" \/>\n<meta property=\"og:image\" content=\"https:\/\/papirol.si\/wp-content\/uploads\/2019\/12\/Butelj-ne-barvne.png\" \/>\n\t<meta property=\"og:image:width\" content=\"327\" \/>\n\t<meta property=\"og:image:height\" content=\"325\" \/>\n\t<meta property=\"og:image:type\" content=\"image\/png\" \/>\n<meta name=\"twitter:card\" content=\"summary_large_image\" \/>\n<meta name=\"twitter:label1\" content=\"Gesch\u00e4tzte Lesezeit\" \/>\n\t<meta name=\"twitter:data1\" content=\"2\u00a0Minuten\" \/>\n<script type=\"application\/ld+json\" class=\"yoast-schema-graph\">{\"@context\":\"https:\\\/\\\/schema.org\",\"@graph\":[{\"@type\":\"WebPage\",\"@id\":\"https:\\\/\\\/papirol.si\\\/prodajni-program\\\/nosilne-papirnate-vrecke\\\/nosilne-buteljcne-vrecke-zviti-rocaj\\\/\",\"url\":\"https:\\\/\\\/papirol.si\\\/prodajni-program\\\/nosilne-papirnate-vrecke\\\/nosilne-buteljcne-vrecke-zviti-rocaj\\\/\",\"name\":\"Nosilne butelj\u010dne vre\u010dke z zvitim ro\u010dajem | Papirol\",\"isPartOf\":{\"@id\":\"https:\\\/\\\/papirol.si\\\/#website\"},\"primaryImageOfPage\":{\"@id\":\"https:\\\/\\\/papirol.si\\\/prodajni-program\\\/nosilne-papirnate-vrecke\\\/nosilne-buteljcne-vrecke-zviti-rocaj\\\/#primaryimage\"},\"image\":{\"@id\":\"https:\\\/\\\/papirol.si\\\/prodajni-program\\\/nosilne-papirnate-vrecke\\\/nosilne-buteljcne-vrecke-zviti-rocaj\\\/#primaryimage\"},\"thumbnailUrl\":\"https:\\\/\\\/papirol.si\\\/wp-content\\\/uploads\\\/2019\\\/12\\\/Butelj-ne-barvne.png\",\"datePublished\":\"2019-12-06T11:07:55+00:00\",\"dateModified\":\"2020-03-02T12:36:27+00:00\",\"breadcrumb\":{\"@id\":\"https:\\\/\\\/papirol.si\\\/prodajni-program\\\/nosilne-papirnate-vrecke\\\/nosilne-buteljcne-vrecke-zviti-rocaj\\\/#breadcrumb\"},\"inLanguage\":\"de\",\"potentialAction\":[{\"@type\":\"ReadAction\",\"target\":[\"https:\\\/\\\/papirol.si\\\/prodajni-program\\\/nosilne-papirnate-vrecke\\\/nosilne-buteljcne-vrecke-zviti-rocaj\\\/\"]}]},{\"@type\":\"ImageObject\",\"inLanguage\":\"de\",\"@id\":\"https:\\\/\\\/papirol.si\\\/prodajni-program\\\/nosilne-papirnate-vrecke\\\/nosilne-buteljcne-vrecke-zviti-rocaj\\\/#primaryimage\",\"url\":\"https:\\\/\\\/papirol.si\\\/wp-content\\\/uploads\\\/2019\\\/12\\\/Butelj-ne-barvne.png\",\"contentUrl\":\"https:\\\/\\\/papirol.si\\\/wp-content\\\/uploads\\\/2019\\\/12\\\/Butelj-ne-barvne.png\"},{\"@type\":\"BreadcrumbList\",\"@id\":\"https:\\\/\\\/papirol.si\\\/prodajni-program\\\/nosilne-papirnate-vrecke\\\/nosilne-buteljcne-vrecke-zviti-rocaj\\\/#breadcrumb\",\"itemListElement\":[{\"@type\":\"ListItem\",\"position\":1,\"name\":\"Home\",\"item\":\"https:\\\/\\\/papirol.si\\\/\"},{\"@type\":\"ListItem\",\"position\":2,\"name\":\"Prodajni program\",\"item\":\"https:\\\/\\\/papirol.si\\\/prodajni-program\\\/\"},{\"@type\":\"ListItem\",\"position\":3,\"name\":\"Nosilne papirnate vre\u010dke\",\"item\":\"https:\\\/\\\/papirol.si\\\/prodajni-program\\\/nosilne-papirnate-vrecke\\\/\"},{\"@type\":\"ListItem\",\"position\":4,\"name\":\"Nosilne butelj\u010dne vre\u010dke z zvitim ro\u010dajem\"}]},{\"@type\":\"WebSite\",\"@id\":\"https:\\\/\\\/papirol.si\\\/#website\",\"url\":\"https:\\\/\\\/papirol.si\\\/\",\"name\":\"Papirol\",\"description\":\"Obla\u010dimo va\u0161e izdelke \u017ee 36 let!\",\"publisher\":{\"@id\":\"https:\\\/\\\/papirol.si\\\/#organization\"},\"potentialAction\":[{\"@type\":\"SearchAction\",\"target\":{\"@type\":\"EntryPoint\",\"urlTemplate\":\"https:\\\/\\\/papirol.si\\\/?s={search_term_string}\"},\"query-input\":{\"@type\":\"PropertyValueSpecification\",\"valueRequired\":true,\"valueName\":\"search_term_string\"}}],\"inLanguage\":\"de\"},{\"@type\":\"Organization\",\"@id\":\"https:\\\/\\\/papirol.si\\\/#organization\",\"name\":\"Papirol\",\"url\":\"https:\\\/\\\/papirol.si\\\/\",\"logo\":{\"@type\":\"ImageObject\",\"inLanguage\":\"de\",\"@id\":\"https:\\\/\\\/papirol.si\\\/#\\\/schema\\\/logo\\\/image\\\/\",\"url\":\"https:\\\/\\\/papirol.si\\\/wp-content\\\/uploads\\\/2019\\\/12\\\/papirol-bela.png\",\"contentUrl\":\"https:\\\/\\\/papirol.si\\\/wp-content\\\/uploads\\\/2019\\\/12\\\/papirol-bela.png\",\"width\":400,\"height\":80,\"caption\":\"Papirol\"},\"image\":{\"@id\":\"https:\\\/\\\/papirol.si\\\/#\\\/schema\\\/logo\\\/image\\\/\"}}]}<\/script>\n<!-- \/ Yoast SEO plugin. -->","yoast_head_json":{"title":"Flaschentragetaschen mit gedrehtem Griff | Papirol","robots":{"index":"index","follow":"follow","max-snippet":"max-snippet:-1","max-image-preview":"max-image-preview:large","max-video-preview":"max-video-preview:-1"},"canonical":"https:\/\/papirol.si\/de\/verkaufsprogramm\/papiertragetaschen-2\/flaschentragetaschen-aufgerollt\/","og_locale":"de_DE","og_type":"article","og_title":"Nosilne butelj\u010dne vre\u010dke z zvitim ro\u010dajem | Papirol","og_description":"Papirnate nosilne butelj\u010dne vre\u010dke so izdelane v iz rjavega rebrastega ali gladkega papirja ali iz belega gladkega papirja....","og_url":"https:\/\/papirol.si\/de\/verkaufsprogramm\/papiertragetaschen-2\/flaschentragetaschen-aufgerollt\/","og_site_name":"Papirol","article_modified_time":"2020-03-02T12:36:27+00:00","og_image":[{"width":327,"height":325,"url":"https:\/\/papirol.si\/wp-content\/uploads\/2019\/12\/Butelj-ne-barvne.png","type":"image\/png"}],"twitter_card":"summary_large_image","twitter_misc":{"Gesch\u00e4tzte Lesezeit":"2\u00a0Minuten"},"schema":{"@context":"https:\/\/schema.org","@graph":[{"@type":"WebPage","@id":"https:\/\/papirol.si\/prodajni-program\/nosilne-papirnate-vrecke\/nosilne-buteljcne-vrecke-zviti-rocaj\/","url":"https:\/\/papirol.si\/prodajni-program\/nosilne-papirnate-vrecke\/nosilne-buteljcne-vrecke-zviti-rocaj\/","name":"Flaschentragetaschen mit gedrehtem Griff | Papirol","isPartOf":{"@id":"https:\/\/papirol.si\/#website"},"primaryImageOfPage":{"@id":"https:\/\/papirol.si\/prodajni-program\/nosilne-papirnate-vrecke\/nosilne-buteljcne-vrecke-zviti-rocaj\/#primaryimage"},"image":{"@id":"https:\/\/papirol.si\/prodajni-program\/nosilne-papirnate-vrecke\/nosilne-buteljcne-vrecke-zviti-rocaj\/#primaryimage"},"thumbnailUrl":"https:\/\/papirol.si\/wp-content\/uploads\/2019\/12\/Butelj-ne-barvne.png","datePublished":"2019-12-06T11:07:55+00:00","dateModified":"2020-03-02T12:36:27+00:00","breadcrumb":{"@id":"https:\/\/papirol.si\/prodajni-program\/nosilne-papirnate-vrecke\/nosilne-buteljcne-vrecke-zviti-rocaj\/#breadcrumb"},"inLanguage":"de","potentialAction":[{"@type":"ReadAction","target":["https:\/\/papirol.si\/prodajni-program\/nosilne-papirnate-vrecke\/nosilne-buteljcne-vrecke-zviti-rocaj\/"]}]},{"@type":"ImageObject","inLanguage":"de","@id":"https:\/\/papirol.si\/prodajni-program\/nosilne-papirnate-vrecke\/nosilne-buteljcne-vrecke-zviti-rocaj\/#primaryimage","url":"https:\/\/papirol.si\/wp-content\/uploads\/2019\/12\/Butelj-ne-barvne.png","contentUrl":"https:\/\/papirol.si\/wp-content\/uploads\/2019\/12\/Butelj-ne-barvne.png"},{"@type":"BreadcrumbList","@id":"https:\/\/papirol.si\/prodajni-program\/nosilne-papirnate-vrecke\/nosilne-buteljcne-vrecke-zviti-rocaj\/#breadcrumb","itemListElement":[{"@type":"ListItem","position":1,"name":"Home","item":"https:\/\/papirol.si\/"},{"@type":"ListItem","position":2,"name":"Prodajni program","item":"https:\/\/papirol.si\/prodajni-program\/"},{"@type":"ListItem","position":3,"name":"Nosilne papirnate vre\u010dke","item":"https:\/\/papirol.si\/prodajni-program\/nosilne-papirnate-vrecke\/"},{"@type":"ListItem","position":4,"name":"Nosilne butelj\u010dne vre\u010dke z zvitim ro\u010dajem"}]},{"@type":"WebSite","@id":"https:\/\/papirol.si\/#website","url":"https:\/\/papirol.si\/","name":"Papirol","description":"Wir kleiden Ihre Produkte seit 36 Jahren ein!","publisher":{"@id":"https:\/\/papirol.si\/#organization"},"potentialAction":[{"@type":"SearchAction","target":{"@type":"EntryPoint","urlTemplate":"https:\/\/papirol.si\/?s={search_term_string}"},"query-input":{"@type":"PropertyValueSpecification","valueRequired":true,"valueName":"search_term_string"}}],"inLanguage":"de"},{"@type":"Organization","@id":"https:\/\/papirol.si\/#organization","name":"Papirol","url":"https:\/\/papirol.si\/","logo":{"@type":"ImageObject","inLanguage":"de","@id":"https:\/\/papirol.si\/#\/schema\/logo\/image\/","url":"https:\/\/papirol.si\/wp-content\/uploads\/2019\/12\/papirol-bela.png","contentUrl":"https:\/\/papirol.si\/wp-content\/uploads\/2019\/12\/papirol-bela.png","width":400,"height":80,"caption":"Papirol"},"image":{"@id":"https:\/\/papirol.si\/#\/schema\/logo\/image\/"}}]}},"_links":{"self":[{"href":"https:\/\/papirol.si\/de\/wp-json\/wp\/v2\/pages\/1945","targetHints":{"allow":["GET"]}}],"collection":[{"href":"https:\/\/papirol.si\/de\/wp-json\/wp\/v2\/pages"}],"about":[{"href":"https:\/\/papirol.si\/de\/wp-json\/wp\/v2\/types\/page"}],"author":[{"embeddable":true,"href":"https:\/\/papirol.si\/de\/wp-json\/wp\/v2\/users\/5"}],"replies":[{"embeddable":true,"href":"https:\/\/papirol.si\/de\/wp-json\/wp\/v2\/comments?post=1945"}],"version-history":[{"count":25,"href":"https:\/\/papirol.si\/de\/wp-json\/wp\/v2\/pages\/1945\/revisions"}],"predecessor-version":[{"id":2836,"href":"https:\/\/papirol.si\/de\/wp-json\/wp\/v2\/pages\/1945\/revisions\/2836"}],"up":[{"embeddable":true,"href":"https:\/\/papirol.si\/de\/wp-json\/wp\/v2\/pages\/1771"}],"wp:attachment":[{"href":"https:\/\/papirol.si\/de\/wp-json\/wp\/v2\/media?parent=1945"}],"curies":[{"name":"wp","href":"https:\/\/api.w.org\/{rel}","templated":true}]}}