{"id":1966,"date":"2019-12-06T12:07:55","date_gmt":"2019-12-06T11:07:55","guid":{"rendered":"https:\/\/papirol.si\/prodajni-program\/ovijalni-embalazni-papir-v-formatu\/klobucni-2\/"},"modified":"2020-02-08T18:31:28","modified_gmt":"2020-02-08T17:31:28","slug":"backpapier-4","status":"publish","type":"page","link":"https:\/\/papirol.si\/de\/prodajni-program\/ovijalni-embalazni-papir-v-formatu\/peki-papir\/","title":{"rendered":"Backpapier"},"content":{"rendered":"<div data-elementor-type=\"wp-page\" data-elementor-id=\"1966\" class=\"elementor elementor-1966\" data-elementor-post-type=\"page\">\n\t\t\t\t\t\t<section class=\"elementor-section elementor-top-section elementor-element elementor-element-85958ed elementor-section-content-middle elementor-section-boxed elementor-section-height-default elementor-section-height-default\" data-id=\"85958ed\" data-element_type=\"section\" data-e-type=\"section\" id=\"produkt-bio\" data-settings=\"{&quot;background_background&quot;:&quot;classic&quot;}\">\n\t\t\t\t\t\t<div class=\"elementor-container elementor-column-gap-default\">\n\t\t\t\t\t<div class=\"elementor-column elementor-col-50 elementor-top-column elementor-element elementor-element-5badbf05\" data-id=\"5badbf05\" data-element_type=\"column\" data-e-type=\"column\">\n\t\t\t<div class=\"elementor-widget-wrap elementor-element-populated\">\n\t\t\t\t\t\t<div class=\"elementor-element elementor-element-059580b elementor-widget elementor-widget-image\" data-id=\"059580b\" data-element_type=\"widget\" data-e-type=\"widget\" data-widget_type=\"image.default\">\n\t\t\t\t\t\t\t\t\t\t\t\t\t\t\t<img fetchpriority=\"high\" decoding=\"async\" width=\"327\" height=\"219\" src=\"https:\/\/papirol.si\/wp-content\/uploads\/2019\/12\/Bela-rola_9j4sxc1r.png\" class=\"attachment-large size-large wp-image-1969\" alt=\"\" srcset=\"https:\/\/papirol.si\/wp-content\/uploads\/2019\/12\/Bela-rola_9j4sxc1r.png 327w, https:\/\/papirol.si\/wp-content\/uploads\/2019\/12\/Bela-rola_9j4sxc1r-300x201.png 300w, https:\/\/papirol.si\/wp-content\/uploads\/2019\/12\/Bela-rola_9j4sxc1r-285x191.png 285w, https:\/\/papirol.si\/wp-content\/uploads\/2019\/12\/Bela-rola_9j4sxc1r-150x100.png 150w\" sizes=\"(max-width: 327px) 100vw, 327px\" \/>\t\t\t\t\t\t\t\t\t\t\t\t\t\t\t<\/div>\n\t\t\t\t\t<\/div>\n\t\t<\/div>\n\t\t\t\t<div class=\"elementor-column elementor-col-50 elementor-top-column elementor-element elementor-element-3a8b6793\" data-id=\"3a8b6793\" data-element_type=\"column\" data-e-type=\"column\">\n\t\t\t<div class=\"elementor-widget-wrap elementor-element-populated\">\n\t\t\t\t\t\t<div class=\"elementor-element elementor-element-428c370 elementor-widget elementor-widget-text-editor\" data-id=\"428c370\" data-element_type=\"widget\" data-e-type=\"widget\" data-widget_type=\"text-editor.default\">\n\t\t\t\t\t\t\t\t\t<p><span style=\"font-weight: 400;\">Peki-Papier ist ein einlagiges, wei\u00dfes Papier, das in der Struktur silikonbeschichtet und optional wiederverwendbar ist.<\/span><\/p><p><span style=\"font-weight: 400;\">Es wird vor allem in der B\u00e4ckereiherstellung als Unterlage f\u00fcr auf Blechen gebackene Produkte verwendet.\u00a0<\/span><\/p><p><span style=\"font-weight: 400;\">Die Formate sind an die Standardabmessungen der Schalen angepasst und auch als Rollenware in verschiedenen Breiten erh\u00e4ltlich.<\/span><\/p><p><span style=\"font-weight: 400;\">Papier wird zunehmend als \u00e4sthetischer Zusatznutzen bei der Flaschenverpackung eingesetzt; es eignet sich hervorragend als Zwischenprodukt beim Druck von T-Shirts und \u00e4hnlichen Produkten.<\/span><\/p>\t\t\t\t\t\t\t\t<\/div>\n\t\t\t\t\t<\/div>\n\t\t<\/div>\n\t\t\t\t\t<\/div>\n\t\t<\/section>\n\t\t\t\t<section class=\"elementor-section elementor-top-section elementor-element elementor-element-f11247f elementor-section-boxed elementor-section-height-default elementor-section-height-default\" data-id=\"f11247f\" data-element_type=\"section\" data-e-type=\"section\" id=\"product-bio-tbl\" data-settings=\"{&quot;background_background&quot;:&quot;classic&quot;}\">\n\t\t\t\t\t\t<div class=\"elementor-container elementor-column-gap-default\">\n\t\t\t\t\t<div class=\"elementor-column elementor-col-100 elementor-top-column elementor-element elementor-element-21ce687\" data-id=\"21ce687\" data-element_type=\"column\" data-e-type=\"column\">\n\t\t\t<div class=\"elementor-widget-wrap elementor-element-populated\">\n\t\t\t\t\t\t<div class=\"elementor-element elementor-element-1b549f9 elementor-widget elementor-widget-text-editor\" data-id=\"1b549f9\" data-element_type=\"widget\" data-e-type=\"widget\" data-widget_type=\"text-editor.default\">\n\t\t\t\t\t\t\t\t\t<table data-minrequestedwidth=\"593.7478637695312\" data-computedwidth=\"593.7478637695312\"><tbody><tr><td class=\"imVc\"><b class=\"fs14lh1-5\">Name des Produkts<\/b><\/td><td class=\"imVc\"><div class=\"imTACenter\"><span class=\"fs14lh1-5 ff1\"><b>Standardabmessungen<\/b><\/span><\/div><\/td><td class=\"imVc\"><div class=\"imTACenter\"><b class=\"fs14lh1-5 ff1\">Verpackung<\/b><\/div><\/td><\/tr><tr><td class=\"imVc\"><div class=\"imTACenter\"><span class=\"fs11lh1-5 ff2\">Backpapier, Format M<\/span><\/div><\/td><td class=\"imVc\"><div class=\"imTACenter\"><span class=\"fs11lh1-5 ff2\">40 x 60 cm<\/span><\/div><\/td><td class=\"imVc\"><div class=\"imTACenter\"><span class=\"fs11lh1-5 ff2\">500 pol<\/span><\/div><\/td><\/tr><tr><td class=\"imVc\"><div class=\"imTACenter\"><span class=\"fs11lh1-5 ff2\">Backpapier, Format S*<\/span><\/div><\/td><td class=\"imVc\"><div class=\"imTACenter\"><span class=\"fs11lh1-5 ff2\">57 x 78 cm<\/span><\/div><\/td><td class=\"imVc\"><div class=\"imTACenter\"><span class=\"fs11lh1-5 ff2\">500 pol<\/span><\/div><\/td><\/tr><tr><td class=\"imVc\"><div class=\"imTACenter\"><span class=\"fs11lh1-5 ff2\">Backpapier, Format S<\/span><\/div><\/td><td class=\"imVc\"><div class=\"imTACenter\"><span class=\"fs11lh1-5 ff2\">60 x 80 cm<\/span><\/div><\/td><td class=\"imVc\"><div class=\"imTACenter\"><span class=\"fs11lh1-5 ff2\">500 pol<\/span><\/div><\/td><\/tr><tr><td class=\"imVc\"><div class=\"imTACenter\"><span class=\"fs11lh1-5 ff2\">Backpapier, Format V - auf Bestellung<\/span><\/div><\/td><td class=\"imVc\"><div class=\"imTACenter\"><span class=\"fs11lh1-5 ff2\">57 x 90 cm<\/span><\/div><\/td><td class=\"imVc\"><div class=\"imTACenter\"><span class=\"fs11lh1-5 ff2\">500 pol<\/span><\/div><\/td><\/tr><tr><td class=\"imVc\"><div class=\"imTACenter\"><span class=\"fs11lh1-5 ff2\">Backpapier von der Rolle M<\/span><\/div><\/td><td class=\"imVc\"><div class=\"imTACenter\"><span class=\"fs11lh1-5 ff2\">Rollenbreite: 57 cm<\/span><\/div><\/td><td class=\"imVc\"><div class=\"imTACenter\"><span class=\"fs11lh1-5 ff2\">4,6 kg \/ 200 m<\/span><\/div><\/td><\/tr><tr><td class=\"imVc\"><div class=\"imTACenter\"><span class=\"fs11lh1-5 ff2\">Backpapier von der Rolle S<\/span><\/div><\/td><td class=\"imVc\"><div class=\"imTACenter\"><span class=\"fs11lh1-5 ff2\">Rollenbreite: 60 cm<\/span><\/div><\/td><td class=\"imVc\"><div class=\"imTACenter\"><span class=\"fs11lh1-5 ff2\">5 kg \/ 200 m<\/span><\/div><\/td><\/tr><tr><td class=\"imVc\"><div class=\"imTACenter\"><span class=\"fs11lh1-5 ff2\">Backpapier von der Rolle V<\/span><\/div><\/td><td class=\"imVc\"><div class=\"imTACenter\"><span class=\"fs11lh1-5 ff2\">Rollenbreite: 80 cm<\/span><\/div><\/td><td class=\"imVc\"><div class=\"imTACenter\"><span class=\"fs11lh1-5 ff2\">6,6 kg \/ 200 m<\/span><\/div><\/td><\/tr><\/tbody><\/table>\t\t\t\t\t\t\t\t<\/div>\n\t\t\t\t\t<\/div>\n\t\t<\/div>\n\t\t\t\t\t<\/div>\n\t\t<\/section>\n\t\t\t\t<section class=\"elementor-section elementor-top-section elementor-element elementor-element-4488ce8d elementor-section-boxed elementor-section-height-default elementor-section-height-default\" data-id=\"4488ce8d\" data-element_type=\"section\" data-e-type=\"section\" id=\"povp-sect\" data-settings=\"{&quot;background_background&quot;:&quot;classic&quot;}\">\n\t\t\t\t\t\t\t<div class=\"elementor-background-overlay\"><\/div>\n\t\t\t\t\t\t\t<div class=\"elementor-container elementor-column-gap-default\">\n\t\t\t\t\t<div class=\"elementor-column elementor-col-100 elementor-top-column elementor-element elementor-element-4d796ca\" data-id=\"4d796ca\" data-element_type=\"column\" data-e-type=\"column\">\n\t\t\t<div class=\"elementor-widget-wrap elementor-element-populated\">\n\t\t\t\t\t\t<div class=\"elementor-element elementor-element-6e133fab elementor-widget elementor-widget-heading\" data-id=\"6e133fab\" data-element_type=\"widget\" data-e-type=\"widget\" data-widget_type=\"heading.default\">\n\t\t\t\t\t<h2 class=\"elementor-heading-title elementor-size-default elementor-heading-title elementor-align-after-center\"><span style=\"font-weight:normal\"><span style=\"font-size: 9pt;font-weight: 700;vertical-align: baseline\"><\/span><\/span>Verwenden Sie umweltfreundliche Verpackungen!<\/h2>\t\t\t\t<\/div>\n\t\t\t\t<div class=\"elementor-element elementor-element-2bc59e09 elementor-widget elementor-widget-sm-default-button\" data-id=\"2bc59e09\" data-element_type=\"widget\" data-e-type=\"widget\" data-widget_type=\"sm-default-button.default\">\n\t\t\t\t<div class=\"elementor-widget-container\">\n\t\t\t\t\t\n\t\t\t\t<a   href=\"https:\/\/papirol.si\/de\/povprasevanje\/ovijalni-embalazni-papir\/\" class=\"btn\">Senden Sie Ihre Anfrage<i class=\"ti ti-arrow-right\"><\/i><\/a>\n\t\t\n\t\t\t\t\t<\/div>\n\t\t\t\t<\/div>\n\t\t\t\t\t<\/div>\n\t\t<\/div>\n\t\t\t\t\t<\/div>\n\t\t<\/section>\n\t\t\t\t<\/div>","protected":false},"excerpt":{"rendered":"<p>Peki papir je eno slojni beli papir, v strukturi s silikonskim premazom, opcijsko ve\u010dkrat uporaben. Najve\u010d ga uporabljamo&#8230;<\/p>","protected":false},"author":5,"featured_media":0,"parent":1773,"menu_order":0,"comment_status":"closed","ping_status":"closed","template":"elementor_header_footer","meta":{"footnotes":""},"class_list":["post-1966","page","type-page","status-publish","hentry"],"yoast_head":"<!-- This site is optimized with the Yoast SEO plugin v27.3 - https:\/\/yoast.com\/product\/yoast-seo-wordpress\/ -->\n<title>Peki papir | Papirol<\/title>\n<meta name=\"robots\" content=\"index, follow, max-snippet:-1, max-image-preview:large, max-video-preview:-1\" \/>\n<link rel=\"canonical\" href=\"https:\/\/papirol.si\/de\/verkaufsprogramm\/einbalsamierungspapier-im-format\/backpapier-4\/\" \/>\n<meta property=\"og:locale\" content=\"de_DE\" \/>\n<meta property=\"og:type\" content=\"article\" \/>\n<meta property=\"og:title\" content=\"Peki papir | Papirol\" \/>\n<meta property=\"og:description\" content=\"Peki papir je eno slojni beli papir, v strukturi s silikonskim premazom, opcijsko ve\u010dkrat uporaben. Najve\u010d ga uporabljamo...\" \/>\n<meta property=\"og:url\" content=\"https:\/\/papirol.si\/de\/verkaufsprogramm\/einbalsamierungspapier-im-format\/backpapier-4\/\" \/>\n<meta property=\"og:site_name\" content=\"Papirol\" \/>\n<meta property=\"article:modified_time\" content=\"2020-02-08T17:31:28+00:00\" \/>\n<meta property=\"og:image\" content=\"https:\/\/papirol.si\/wp-content\/uploads\/2019\/12\/Bela-rola_9j4sxc1r.png\" \/>\n\t<meta property=\"og:image:width\" content=\"327\" \/>\n\t<meta property=\"og:image:height\" content=\"219\" \/>\n\t<meta property=\"og:image:type\" content=\"image\/png\" \/>\n<meta name=\"twitter:card\" content=\"summary_large_image\" \/>\n<meta name=\"twitter:label1\" content=\"Gesch\u00e4tzte Lesezeit\" \/>\n\t<meta name=\"twitter:data1\" content=\"1\u00a0Minute\" \/>\n<script type=\"application\/ld+json\" class=\"yoast-schema-graph\">{\"@context\":\"https:\\\/\\\/schema.org\",\"@graph\":[{\"@type\":\"WebPage\",\"@id\":\"https:\\\/\\\/papirol.si\\\/prodajni-program\\\/ovijalni-embalazni-papir-v-formatu\\\/peki-papir\\\/\",\"url\":\"https:\\\/\\\/papirol.si\\\/prodajni-program\\\/ovijalni-embalazni-papir-v-formatu\\\/peki-papir\\\/\",\"name\":\"Peki papir | Papirol\",\"isPartOf\":{\"@id\":\"https:\\\/\\\/papirol.si\\\/#website\"},\"primaryImageOfPage\":{\"@id\":\"https:\\\/\\\/papirol.si\\\/prodajni-program\\\/ovijalni-embalazni-papir-v-formatu\\\/peki-papir\\\/#primaryimage\"},\"image\":{\"@id\":\"https:\\\/\\\/papirol.si\\\/prodajni-program\\\/ovijalni-embalazni-papir-v-formatu\\\/peki-papir\\\/#primaryimage\"},\"thumbnailUrl\":\"https:\\\/\\\/papirol.si\\\/wp-content\\\/uploads\\\/2019\\\/12\\\/Bela-rola_9j4sxc1r.png\",\"datePublished\":\"2019-12-06T11:07:55+00:00\",\"dateModified\":\"2020-02-08T17:31:28+00:00\",\"breadcrumb\":{\"@id\":\"https:\\\/\\\/papirol.si\\\/prodajni-program\\\/ovijalni-embalazni-papir-v-formatu\\\/peki-papir\\\/#breadcrumb\"},\"inLanguage\":\"de\",\"potentialAction\":[{\"@type\":\"ReadAction\",\"target\":[\"https:\\\/\\\/papirol.si\\\/prodajni-program\\\/ovijalni-embalazni-papir-v-formatu\\\/peki-papir\\\/\"]}]},{\"@type\":\"ImageObject\",\"inLanguage\":\"de\",\"@id\":\"https:\\\/\\\/papirol.si\\\/prodajni-program\\\/ovijalni-embalazni-papir-v-formatu\\\/peki-papir\\\/#primaryimage\",\"url\":\"https:\\\/\\\/papirol.si\\\/wp-content\\\/uploads\\\/2019\\\/12\\\/Bela-rola_9j4sxc1r.png\",\"contentUrl\":\"https:\\\/\\\/papirol.si\\\/wp-content\\\/uploads\\\/2019\\\/12\\\/Bela-rola_9j4sxc1r.png\"},{\"@type\":\"BreadcrumbList\",\"@id\":\"https:\\\/\\\/papirol.si\\\/prodajni-program\\\/ovijalni-embalazni-papir-v-formatu\\\/peki-papir\\\/#breadcrumb\",\"itemListElement\":[{\"@type\":\"ListItem\",\"position\":1,\"name\":\"Home\",\"item\":\"https:\\\/\\\/papirol.si\\\/\"},{\"@type\":\"ListItem\",\"position\":2,\"name\":\"Prodajni program\",\"item\":\"https:\\\/\\\/papirol.si\\\/prodajni-program\\\/\"},{\"@type\":\"ListItem\",\"position\":3,\"name\":\"Ovijalni, embala\u017eni in papir v formatu\",\"item\":\"https:\\\/\\\/papirol.si\\\/prodajni-program\\\/ovijalni-embalazni-papir-v-formatu\\\/\"},{\"@type\":\"ListItem\",\"position\":4,\"name\":\"Peki papir\"}]},{\"@type\":\"WebSite\",\"@id\":\"https:\\\/\\\/papirol.si\\\/#website\",\"url\":\"https:\\\/\\\/papirol.si\\\/\",\"name\":\"Papirol\",\"description\":\"Obla\u010dimo va\u0161e izdelke \u017ee 36 let!\",\"publisher\":{\"@id\":\"https:\\\/\\\/papirol.si\\\/#organization\"},\"potentialAction\":[{\"@type\":\"SearchAction\",\"target\":{\"@type\":\"EntryPoint\",\"urlTemplate\":\"https:\\\/\\\/papirol.si\\\/?s={search_term_string}\"},\"query-input\":{\"@type\":\"PropertyValueSpecification\",\"valueRequired\":true,\"valueName\":\"search_term_string\"}}],\"inLanguage\":\"de\"},{\"@type\":\"Organization\",\"@id\":\"https:\\\/\\\/papirol.si\\\/#organization\",\"name\":\"Papirol\",\"url\":\"https:\\\/\\\/papirol.si\\\/\",\"logo\":{\"@type\":\"ImageObject\",\"inLanguage\":\"de\",\"@id\":\"https:\\\/\\\/papirol.si\\\/#\\\/schema\\\/logo\\\/image\\\/\",\"url\":\"https:\\\/\\\/papirol.si\\\/wp-content\\\/uploads\\\/2019\\\/12\\\/papirol-bela.png\",\"contentUrl\":\"https:\\\/\\\/papirol.si\\\/wp-content\\\/uploads\\\/2019\\\/12\\\/papirol-bela.png\",\"width\":400,\"height\":80,\"caption\":\"Papirol\"},\"image\":{\"@id\":\"https:\\\/\\\/papirol.si\\\/#\\\/schema\\\/logo\\\/image\\\/\"}}]}<\/script>\n<!-- \/ Yoast SEO plugin. -->","yoast_head_json":{"title":"Backpapier | Papirol","robots":{"index":"index","follow":"follow","max-snippet":"max-snippet:-1","max-image-preview":"max-image-preview:large","max-video-preview":"max-video-preview:-1"},"canonical":"https:\/\/papirol.si\/de\/verkaufsprogramm\/einbalsamierungspapier-im-format\/backpapier-4\/","og_locale":"de_DE","og_type":"article","og_title":"Peki papir | Papirol","og_description":"Peki papir je eno slojni beli papir, v strukturi s silikonskim premazom, opcijsko ve\u010dkrat uporaben. Najve\u010d ga uporabljamo...","og_url":"https:\/\/papirol.si\/de\/verkaufsprogramm\/einbalsamierungspapier-im-format\/backpapier-4\/","og_site_name":"Papirol","article_modified_time":"2020-02-08T17:31:28+00:00","og_image":[{"width":327,"height":219,"url":"https:\/\/papirol.si\/wp-content\/uploads\/2019\/12\/Bela-rola_9j4sxc1r.png","type":"image\/png"}],"twitter_card":"summary_large_image","twitter_misc":{"Gesch\u00e4tzte Lesezeit":"1\u00a0Minute"},"schema":{"@context":"https:\/\/schema.org","@graph":[{"@type":"WebPage","@id":"https:\/\/papirol.si\/prodajni-program\/ovijalni-embalazni-papir-v-formatu\/peki-papir\/","url":"https:\/\/papirol.si\/prodajni-program\/ovijalni-embalazni-papir-v-formatu\/peki-papir\/","name":"Backpapier | Papirol","isPartOf":{"@id":"https:\/\/papirol.si\/#website"},"primaryImageOfPage":{"@id":"https:\/\/papirol.si\/prodajni-program\/ovijalni-embalazni-papir-v-formatu\/peki-papir\/#primaryimage"},"image":{"@id":"https:\/\/papirol.si\/prodajni-program\/ovijalni-embalazni-papir-v-formatu\/peki-papir\/#primaryimage"},"thumbnailUrl":"https:\/\/papirol.si\/wp-content\/uploads\/2019\/12\/Bela-rola_9j4sxc1r.png","datePublished":"2019-12-06T11:07:55+00:00","dateModified":"2020-02-08T17:31:28+00:00","breadcrumb":{"@id":"https:\/\/papirol.si\/prodajni-program\/ovijalni-embalazni-papir-v-formatu\/peki-papir\/#breadcrumb"},"inLanguage":"de","potentialAction":[{"@type":"ReadAction","target":["https:\/\/papirol.si\/prodajni-program\/ovijalni-embalazni-papir-v-formatu\/peki-papir\/"]}]},{"@type":"ImageObject","inLanguage":"de","@id":"https:\/\/papirol.si\/prodajni-program\/ovijalni-embalazni-papir-v-formatu\/peki-papir\/#primaryimage","url":"https:\/\/papirol.si\/wp-content\/uploads\/2019\/12\/Bela-rola_9j4sxc1r.png","contentUrl":"https:\/\/papirol.si\/wp-content\/uploads\/2019\/12\/Bela-rola_9j4sxc1r.png"},{"@type":"BreadcrumbList","@id":"https:\/\/papirol.si\/prodajni-program\/ovijalni-embalazni-papir-v-formatu\/peki-papir\/#breadcrumb","itemListElement":[{"@type":"ListItem","position":1,"name":"Home","item":"https:\/\/papirol.si\/"},{"@type":"ListItem","position":2,"name":"Prodajni program","item":"https:\/\/papirol.si\/prodajni-program\/"},{"@type":"ListItem","position":3,"name":"Ovijalni, embala\u017eni in papir v formatu","item":"https:\/\/papirol.si\/prodajni-program\/ovijalni-embalazni-papir-v-formatu\/"},{"@type":"ListItem","position":4,"name":"Peki papir"}]},{"@type":"WebSite","@id":"https:\/\/papirol.si\/#website","url":"https:\/\/papirol.si\/","name":"Papirol","description":"Wir kleiden Ihre Produkte seit 36 Jahren ein!","publisher":{"@id":"https:\/\/papirol.si\/#organization"},"potentialAction":[{"@type":"SearchAction","target":{"@type":"EntryPoint","urlTemplate":"https:\/\/papirol.si\/?s={search_term_string}"},"query-input":{"@type":"PropertyValueSpecification","valueRequired":true,"valueName":"search_term_string"}}],"inLanguage":"de"},{"@type":"Organization","@id":"https:\/\/papirol.si\/#organization","name":"Papirol","url":"https:\/\/papirol.si\/","logo":{"@type":"ImageObject","inLanguage":"de","@id":"https:\/\/papirol.si\/#\/schema\/logo\/image\/","url":"https:\/\/papirol.si\/wp-content\/uploads\/2019\/12\/papirol-bela.png","contentUrl":"https:\/\/papirol.si\/wp-content\/uploads\/2019\/12\/papirol-bela.png","width":400,"height":80,"caption":"Papirol"},"image":{"@id":"https:\/\/papirol.si\/#\/schema\/logo\/image\/"}}]}},"_links":{"self":[{"href":"https:\/\/papirol.si\/de\/wp-json\/wp\/v2\/pages\/1966","targetHints":{"allow":["GET"]}}],"collection":[{"href":"https:\/\/papirol.si\/de\/wp-json\/wp\/v2\/pages"}],"about":[{"href":"https:\/\/papirol.si\/de\/wp-json\/wp\/v2\/types\/page"}],"author":[{"embeddable":true,"href":"https:\/\/papirol.si\/de\/wp-json\/wp\/v2\/users\/5"}],"replies":[{"embeddable":true,"href":"https:\/\/papirol.si\/de\/wp-json\/wp\/v2\/comments?post=1966"}],"version-history":[{"count":8,"href":"https:\/\/papirol.si\/de\/wp-json\/wp\/v2\/pages\/1966\/revisions"}],"predecessor-version":[{"id":2671,"href":"https:\/\/papirol.si\/de\/wp-json\/wp\/v2\/pages\/1966\/revisions\/2671"}],"up":[{"embeddable":true,"href":"https:\/\/papirol.si\/de\/wp-json\/wp\/v2\/pages\/1773"}],"wp:attachment":[{"href":"https:\/\/papirol.si\/de\/wp-json\/wp\/v2\/media?parent=1966"}],"curies":[{"name":"wp","href":"https:\/\/api.w.org\/{rel}","templated":true}]}}