{"id":1971,"date":"2019-12-06T12:07:55","date_gmt":"2019-12-06T11:07:55","guid":{"rendered":"https:\/\/papirol.si\/prodajni-program\/ovijalni-embalazni-papir-v-formatu\/peki-papir-2\/"},"modified":"2020-01-27T11:47:54","modified_gmt":"2020-01-27T10:47:54","slug":"einwickelpapier","status":"publish","type":"page","link":"https:\/\/papirol.si\/de\/prodajni-program\/ovijalni-embalazni-papir-v-formatu\/ovojni-papir\/","title":{"rendered":"Einwickelpapier"},"content":{"rendered":"<div data-elementor-type=\"wp-page\" data-elementor-id=\"1971\" class=\"elementor elementor-1971\" data-elementor-post-type=\"page\">\n\t\t\t\t\t\t<section class=\"elementor-section elementor-inner-section elementor-element elementor-element-1801a56b elementor-section-boxed elementor-section-height-default elementor-section-height-default\" data-id=\"1801a56b\" data-element_type=\"section\" data-e-type=\"section\" id=\"prodajni-list\" data-settings=\"{&quot;background_background&quot;:&quot;classic&quot;}\">\n\t\t\t\t\t\t<div class=\"elementor-container elementor-column-gap-default\">\n\t\t\t\t\t<div class=\"elementor-column elementor-col-50 elementor-inner-column elementor-element elementor-element-4b7a14df\" data-id=\"4b7a14df\" data-element_type=\"column\" data-e-type=\"column\">\n\t\t\t<div class=\"elementor-widget-wrap elementor-element-populated\">\n\t\t\t\t\t\t<div class=\"elementor-element elementor-element-3c7159d2 prodajni-tile elementor-position-top elementor-widget elementor-widget-image-box\" data-id=\"3c7159d2\" data-element_type=\"widget\" data-e-type=\"widget\" data-widget_type=\"image-box.default\">\n\t\t\t\t\t<div class=\"elementor-image-box-wrapper\"><figure class=\"elementor-image-box-img\"><a href=\"\/de\/verkaufsprogramm\/einbalsamierungspapier-im-format\/einwickelpapier\/geschenkpapier-natura\/\" tabindex=\"-1\"><img fetchpriority=\"high\" decoding=\"async\" width=\"423\" height=\"293\" src=\"https:\/\/papirol.si\/wp-content\/uploads\/2020\/01\/0dts2n5a.jpg\" class=\"attachment-full size-full wp-image-2297\" alt=\"\" srcset=\"https:\/\/papirol.si\/wp-content\/uploads\/2020\/01\/0dts2n5a.jpg 423w, https:\/\/papirol.si\/wp-content\/uploads\/2020\/01\/0dts2n5a-300x208.jpg 300w, https:\/\/papirol.si\/wp-content\/uploads\/2020\/01\/0dts2n5a-285x197.jpg 285w, https:\/\/papirol.si\/wp-content\/uploads\/2020\/01\/0dts2n5a-150x104.jpg 150w\" sizes=\"(max-width: 423px) 100vw, 423px\" \/><\/a><\/figure><div class=\"elementor-image-box-content\"><h3 class=\"elementor-image-box-title\"><a href=\"\/de\/verkaufsprogramm\/einbalsamierungspapier-im-format\/einwickelpapier\/geschenkpapier-natura\/\">Geschenkpapier Natur<\/a><\/h3><p class=\"elementor-image-box-description\">Verpackung aus naturbraunem Natronpapier. \n<br><br><strong>N\u00fctzlich f\u00fcr:<\/strong>\n<ul>\n<li>Umh\u00fcllung von Lebensmitteln und anderen Lebensmittelerzeugnissen<\/li>\n<li>zum Verpacken und Dekorieren von Produkten f\u00fcr verschiedene Zwecke<\/li>\n<li>zum Ausf\u00fcllen von Leerr\u00e4umen in anderen Verpackungen<\/li>\n<li>f\u00fcr kreative Workshops in Schulen und Kinderg\u00e4rten<\/li>\n<li>zum Einpacken von Paketen<\/li>\n<li>in Formaten oder Rollen<\/li>\n<\/ul>\n<\/p><\/div><\/div>\t\t\t\t<\/div>\n\t\t\t\t<div class=\"elementor-element elementor-element-18856287 prodajni-tile elementor-position-top elementor-widget elementor-widget-image-box\" data-id=\"18856287\" data-element_type=\"widget\" data-e-type=\"widget\" data-widget_type=\"image-box.default\">\n\t\t\t\t\t<div class=\"elementor-image-box-wrapper\"><figure class=\"elementor-image-box-img\"><a href=\"\/de\/verkaufsprogramm\/einbalsamierungspapier-im-format\/einwickelpapier\/einwickelpapier-pergament\/\" tabindex=\"-1\"><img decoding=\"async\" width=\"422\" height=\"319\" src=\"https:\/\/papirol.si\/wp-content\/uploads\/2020\/01\/30m8b4hf.jpg\" class=\"attachment-full size-full wp-image-2299\" alt=\"\" srcset=\"https:\/\/papirol.si\/wp-content\/uploads\/2020\/01\/30m8b4hf.jpg 422w, https:\/\/papirol.si\/wp-content\/uploads\/2020\/01\/30m8b4hf-300x227.jpg 300w, https:\/\/papirol.si\/wp-content\/uploads\/2020\/01\/30m8b4hf-285x215.jpg 285w, https:\/\/papirol.si\/wp-content\/uploads\/2020\/01\/30m8b4hf-150x113.jpg 150w\" sizes=\"(max-width: 422px) 100vw, 422px\" \/><\/a><\/figure><div class=\"elementor-image-box-content\"><h3 class=\"elementor-image-box-title\"><a href=\"\/de\/verkaufsprogramm\/einbalsamierungspapier-im-format\/einwickelpapier\/einwickelpapier-pergament\/\">Pergamentpapier zum Einwickeln<\/a><\/h3><p class=\"elementor-image-box-description\">Wei\u00dfes, transparentes, elegantes Prestige-Geschenkpapier, fettdicht.\n<br><br>\n<strong>N\u00fctzlich f\u00fcr:<\/strong>\n<ul>  \n<li>f\u00fcr die \u00e4sthetische Umh\u00fcllung und Dekoration von Produkten<\/li>\n<li>als Zwischenprodukt in Geschenkverpackungen, insbesondere f\u00fcr teurere Produkte<\/li>\n<li>als Zwischenprodukt in Verpackungen, insbesondere f\u00fcr Schokolade, Kekse usw.<\/li>\n<\/ul><\/p><\/div><\/div>\t\t\t\t<\/div>\n\t\t\t\t\t<\/div>\n\t\t<\/div>\n\t\t\t\t<div class=\"elementor-column elementor-col-50 elementor-inner-column elementor-element elementor-element-5fbd481c\" data-id=\"5fbd481c\" data-element_type=\"column\" data-e-type=\"column\">\n\t\t\t<div class=\"elementor-widget-wrap elementor-element-populated\">\n\t\t\t\t\t\t<div class=\"elementor-element elementor-element-18697b61 prodajni-tile elementor-position-top elementor-widget elementor-widget-image-box\" data-id=\"18697b61\" data-element_type=\"widget\" data-e-type=\"widget\" data-widget_type=\"image-box.default\">\n\t\t\t\t\t<div class=\"elementor-image-box-wrapper\"><figure class=\"elementor-image-box-img\"><a href=\"\/de\/verkaufsprogramm\/einbalsamierungspapier-im-format\/einwickelpapier\/geschenkpapier-weis-natur-2\/\" tabindex=\"-1\"><img decoding=\"async\" width=\"415\" height=\"283\" src=\"https:\/\/papirol.si\/wp-content\/uploads\/2020\/01\/fn00hpxs.jpg\" class=\"attachment-full size-full wp-image-2298\" alt=\"\" srcset=\"https:\/\/papirol.si\/wp-content\/uploads\/2020\/01\/fn00hpxs.jpg 415w, https:\/\/papirol.si\/wp-content\/uploads\/2020\/01\/fn00hpxs-300x205.jpg 300w, https:\/\/papirol.si\/wp-content\/uploads\/2020\/01\/fn00hpxs-285x194.jpg 285w, https:\/\/papirol.si\/wp-content\/uploads\/2020\/01\/fn00hpxs-150x102.jpg 150w\" sizes=\"(max-width: 415px) 100vw, 415px\" \/><\/a><\/figure><div class=\"elementor-image-box-content\"><h3 class=\"elementor-image-box-title\"><a href=\"\/de\/verkaufsprogramm\/einbalsamierungspapier-im-format\/einwickelpapier\/geschenkpapier-weis-natur-2\/\">Geschenkpapier wei\u00df natur<\/a><\/h3><p class=\"elementor-image-box-description\">Verpackung aus wei\u00dfem Natronpapier. \n<br><br>\n<strong>N\u00fctzlich f\u00fcr:<\/strong>\n<ul>\n<li>Umh\u00fcllung von Lebensmitteln und anderen Lebensmittelerzeugnissen<\/li>\n<li>zum Verpacken und Dekorieren von Produkten f\u00fcr verschiedene Zwecke<\/li> \n<li>zum Ausf\u00fcllen von Leerr\u00e4umen in anderen Verpackungen<\/li>\n<li>f\u00fcr kreative Workshops in Schulen und Kinderg\u00e4rten<\/li>\n<li>in Formaten oder Rollen<\/li>\n<\/ul>\n<\/p><\/div><\/div>\t\t\t\t<\/div>\n\t\t\t\t\t<\/div>\n\t\t<\/div>\n\t\t\t\t\t<\/div>\n\t\t<\/section>\n\t\t\t\t<section class=\"elementor-section elementor-top-section elementor-element elementor-element-f11247f elementor-section-boxed elementor-section-height-default elementor-section-height-default\" data-id=\"f11247f\" data-element_type=\"section\" data-e-type=\"section\" id=\"product-bio-tbl\" data-settings=\"{&quot;background_background&quot;:&quot;classic&quot;}\">\n\t\t\t\t\t\t<div class=\"elementor-container elementor-column-gap-default\">\n\t\t\t\t\t<div class=\"elementor-column elementor-col-100 elementor-top-column elementor-element elementor-element-21ce687\" data-id=\"21ce687\" data-element_type=\"column\" data-e-type=\"column\">\n\t\t\t<div class=\"elementor-widget-wrap elementor-element-populated\">\n\t\t\t\t\t\t<div class=\"elementor-element elementor-element-1b549f9 elementor-widget elementor-widget-text-editor\" data-id=\"1b549f9\" data-element_type=\"widget\" data-e-type=\"widget\" data-widget_type=\"text-editor.default\">\n\t\t\t\t\t\t\t\t\t<table data-minrequestedwidth=\"661.5125732421875\" data-computedwidth=\"661.5125732421875\">\n<tbody>\n<tr>\n<td><b>NAME DES PRODUKTS<\/b><\/td>\n<td><b>STANDARDABMESSUNGEN<\/b><\/td>\n<td><b>VERPACKUNG<\/b><\/td>\n<\/tr>\n<tr>\n<td class=\"imVc\">\n<div class=\"imTACenter\"><span class=\"fs11lh1-5 ff1\">Einwickelpapier wei\u00df 40 gr<\/span><\/div><\/td>\n<td class=\"imVc\">\n<div class=\"imTACenter\"><span class=\"fs11lh1-5 ff1\">Rollenbreite: 70 cm<\/span><\/div><\/td>\n<td class=\"imVc\">\n<div class=\"imTACenter\"><span class=\"fs11lh1-5 ff1\">3 kg<\/span><span class=\"fs11lh1-5 ff1\">\u00a0<\/span><span class=\"fs11lh1-5 ff1\">\/ 100 m<\/span><\/div><\/td>\n<\/tr>\n<tr>\n<td class=\"imVc\">\n<div class=\"imTACenter\"><span class=\"fs11lh1-5 ff1\">Geschenkpapier, einseitig gef\u00e4rbt<\/span><\/div><\/td>\n<td class=\"imVc\">\n<div class=\"imTACenter\"><span class=\"fs11lh1-5 ff1\">Rollenbreite: 70 cm<\/span><\/div><\/td>\n<td class=\"imVc\">\n<div class=\"imTACenter\"><span class=\"fs11lh1-5 ff1\">3 kg \/ 100 m<\/span><\/div><\/td>\n<\/tr>\n<tr>\n<td class=\"imVc\">\n<div class=\"imTACenter\"><span class=\"fs11lh1-5 ff1\">Geschenkpapier, beidseitig eingef\u00e4rbt<\/span><\/div><\/td>\n<td class=\"imVc\">\n<div class=\"imTACenter\"><span class=\"fs11lh1-5 ff1\">Rollenbreite: 70 cm<\/span><\/div><\/td>\n<td class=\"imVc\">\n<div class=\"imTACenter\"><span class=\"fs11lh1-5 ff1\">3 kg<\/span><span class=\"fs11lh1-5 ff1\">\u00a0<\/span><span class=\"fs11lh1-5 ff1\">\/ 100 m<\/span><\/div><\/td>\n<\/tr>\n<tr>\n<td class=\"imVc\">\n<div class=\"imTACenter\"><span class=\"fs11lh1-5 ff1\">Pergamentpapier wei\u00df<\/span><\/div><\/td>\n<td class=\"imVc\">\n<div class=\"imTACenter\"><span class=\"fs11lh1-5 ff1\">Rollenbreite: 70 cm<\/span><\/div><\/td>\n<td class=\"imVc\">\n<div class=\"imTACenter\"><span class=\"fs11lh1-5 ff1\">3 kg<\/span><span class=\"fs11lh1-5 ff1\">\u00a0<\/span><span class=\"fs11lh1-5 ff1\">\/ 100 m<\/span><\/div><\/td>\n<\/tr>\n<tr>\n<td class=\"imVc\">\n<div class=\"imTACenter\"><span class=\"fs11lh1-5 ff1\">Geschenkpapier gold<\/span><\/div><\/td>\n<td class=\"imVc\">\n<div class=\"imTACenter\"><span class=\"fs11lh1-5 ff1\">Rollenbreite: 70 cm<\/span><\/div><\/td>\n<td class=\"imVc\">\n<div class=\"imTACenter\"><span class=\"fs11lh1-5 ff1\">3 kg \/ 100 m<\/span><\/div><\/td>\n<\/tr>\n<tr>\n<td class=\"imVc\">\n<div class=\"imTACenter\"><span class=\"fs11lh1-5 ff1\">Geschenkpapier silber<\/span><\/div><\/td>\n<td class=\"imVc\">\n<div class=\"imTACenter\"><span class=\"fs11lh1-5 ff1\">Rollenbreite: 70 cm<\/span><\/div><\/td>\n<td class=\"imVc\">\n<div class=\"imTACenter\"><span class=\"fs11lh1-5 ff1\">3 kg \/ 100 m<\/span><\/div><\/td>\n<\/tr>\n<tr>\n<td class=\"imVc\">\n<div class=\"imTACenter\"><span class=\"fs11lh1-5 ff1\">Geschenkpapier mit saisonalen Motiven<\/span><\/div><\/td>\n<td class=\"imVc\">\n<div class=\"imTACenter\"><span class=\"fs11lh1-5 ff1\">Rollenbreite: 100 cm<\/span><\/div><\/td>\n<td class=\"imVc\">\n<div class=\"imTACenter\"><span class=\"fs11lh1-5 ff1\">3 kg \/ 100 m<\/span><\/div><\/td>\n<\/tr>\n<tr>\n<td class=\"imVc\">\n<div class=\"imTACenter\"><span class=\"fs11lh1-5 ff1\">Zellophan mit Trauermotiv<\/span><\/div><\/td>\n<td class=\"imVc\">\n<div class=\"imTACenter\"><span class=\"fs11lh1-5 ff1\">Rollenbreite: 100 cm<\/span><\/div><\/td>\n<td class=\"imVc\">\n<div class=\"imTACenter\"><span class=\"fs11lh1-5 ff1\">3 kg \/ 100 m<\/span><\/div><\/td>\n<\/tr>\n<\/tbody>\n<\/table>\t\t\t\t\t\t\t\t<\/div>\n\t\t\t\t\t<\/div>\n\t\t<\/div>\n\t\t\t\t\t<\/div>\n\t\t<\/section>\n\t\t\t\t<\/div>","protected":false},"excerpt":{"rendered":"<p>Ovijalni papir natura Ovijalni naravno rjavi natron papir. Uporaben za: zavijanje prehrambenih in drugih \u017eivilskih proizvodov za zavijanje&#8230;<\/p>","protected":false},"author":5,"featured_media":0,"parent":1773,"menu_order":0,"comment_status":"closed","ping_status":"closed","template":"elementor_header_footer","meta":{"footnotes":""},"class_list":["post-1971","page","type-page","status-publish","hentry"],"yoast_head":"<!-- This site is optimized with the Yoast SEO plugin v27.3 - https:\/\/yoast.com\/product\/yoast-seo-wordpress\/ -->\n<title>Ovojni papir | Papirol<\/title>\n<meta name=\"robots\" content=\"index, follow, max-snippet:-1, max-image-preview:large, max-video-preview:-1\" \/>\n<link rel=\"canonical\" href=\"https:\/\/papirol.si\/de\/verkaufsprogramm\/einbalsamierungspapier-im-format\/einwickelpapier\/\" \/>\n<meta property=\"og:locale\" content=\"de_DE\" \/>\n<meta property=\"og:type\" content=\"article\" \/>\n<meta property=\"og:title\" content=\"Ovojni papir | Papirol\" \/>\n<meta property=\"og:description\" content=\"Ovijalni papir natura Ovijalni naravno rjavi natron papir. Uporaben za: zavijanje prehrambenih in drugih \u017eivilskih proizvodov za zavijanje...\" \/>\n<meta property=\"og:url\" content=\"https:\/\/papirol.si\/de\/verkaufsprogramm\/einbalsamierungspapier-im-format\/einwickelpapier\/\" \/>\n<meta property=\"og:site_name\" content=\"Papirol\" \/>\n<meta property=\"article:modified_time\" content=\"2020-01-27T10:47:54+00:00\" \/>\n<meta property=\"og:image\" content=\"https:\/\/papirol.si\/wp-content\/uploads\/2020\/01\/0dts2n5a.jpg\" \/>\n\t<meta property=\"og:image:width\" content=\"423\" \/>\n\t<meta property=\"og:image:height\" content=\"293\" \/>\n\t<meta property=\"og:image:type\" content=\"image\/jpeg\" \/>\n<meta name=\"twitter:card\" content=\"summary_large_image\" \/>\n<meta name=\"twitter:label1\" content=\"Gesch\u00e4tzte Lesezeit\" \/>\n\t<meta name=\"twitter:data1\" content=\"1\u00a0Minute\" \/>\n<script type=\"application\/ld+json\" class=\"yoast-schema-graph\">{\"@context\":\"https:\\\/\\\/schema.org\",\"@graph\":[{\"@type\":\"WebPage\",\"@id\":\"https:\\\/\\\/papirol.si\\\/prodajni-program\\\/ovijalni-embalazni-papir-v-formatu\\\/ovojni-papir\\\/\",\"url\":\"https:\\\/\\\/papirol.si\\\/prodajni-program\\\/ovijalni-embalazni-papir-v-formatu\\\/ovojni-papir\\\/\",\"name\":\"Ovojni papir | Papirol\",\"isPartOf\":{\"@id\":\"https:\\\/\\\/papirol.si\\\/#website\"},\"primaryImageOfPage\":{\"@id\":\"https:\\\/\\\/papirol.si\\\/prodajni-program\\\/ovijalni-embalazni-papir-v-formatu\\\/ovojni-papir\\\/#primaryimage\"},\"image\":{\"@id\":\"https:\\\/\\\/papirol.si\\\/prodajni-program\\\/ovijalni-embalazni-papir-v-formatu\\\/ovojni-papir\\\/#primaryimage\"},\"thumbnailUrl\":\"https:\\\/\\\/papirol.si\\\/wp-content\\\/uploads\\\/2020\\\/01\\\/0dts2n5a.jpg\",\"datePublished\":\"2019-12-06T11:07:55+00:00\",\"dateModified\":\"2020-01-27T10:47:54+00:00\",\"breadcrumb\":{\"@id\":\"https:\\\/\\\/papirol.si\\\/prodajni-program\\\/ovijalni-embalazni-papir-v-formatu\\\/ovojni-papir\\\/#breadcrumb\"},\"inLanguage\":\"de\",\"potentialAction\":[{\"@type\":\"ReadAction\",\"target\":[\"https:\\\/\\\/papirol.si\\\/prodajni-program\\\/ovijalni-embalazni-papir-v-formatu\\\/ovojni-papir\\\/\"]}]},{\"@type\":\"ImageObject\",\"inLanguage\":\"de\",\"@id\":\"https:\\\/\\\/papirol.si\\\/prodajni-program\\\/ovijalni-embalazni-papir-v-formatu\\\/ovojni-papir\\\/#primaryimage\",\"url\":\"https:\\\/\\\/papirol.si\\\/wp-content\\\/uploads\\\/2020\\\/01\\\/0dts2n5a.jpg\",\"contentUrl\":\"https:\\\/\\\/papirol.si\\\/wp-content\\\/uploads\\\/2020\\\/01\\\/0dts2n5a.jpg\"},{\"@type\":\"BreadcrumbList\",\"@id\":\"https:\\\/\\\/papirol.si\\\/prodajni-program\\\/ovijalni-embalazni-papir-v-formatu\\\/ovojni-papir\\\/#breadcrumb\",\"itemListElement\":[{\"@type\":\"ListItem\",\"position\":1,\"name\":\"Home\",\"item\":\"https:\\\/\\\/papirol.si\\\/\"},{\"@type\":\"ListItem\",\"position\":2,\"name\":\"Prodajni program\",\"item\":\"https:\\\/\\\/papirol.si\\\/prodajni-program\\\/\"},{\"@type\":\"ListItem\",\"position\":3,\"name\":\"Ovijalni, embala\u017eni in papir v formatu\",\"item\":\"https:\\\/\\\/papirol.si\\\/prodajni-program\\\/ovijalni-embalazni-papir-v-formatu\\\/\"},{\"@type\":\"ListItem\",\"position\":4,\"name\":\"Ovojni papir\"}]},{\"@type\":\"WebSite\",\"@id\":\"https:\\\/\\\/papirol.si\\\/#website\",\"url\":\"https:\\\/\\\/papirol.si\\\/\",\"name\":\"Papirol\",\"description\":\"Obla\u010dimo va\u0161e izdelke \u017ee 36 let!\",\"publisher\":{\"@id\":\"https:\\\/\\\/papirol.si\\\/#organization\"},\"potentialAction\":[{\"@type\":\"SearchAction\",\"target\":{\"@type\":\"EntryPoint\",\"urlTemplate\":\"https:\\\/\\\/papirol.si\\\/?s={search_term_string}\"},\"query-input\":{\"@type\":\"PropertyValueSpecification\",\"valueRequired\":true,\"valueName\":\"search_term_string\"}}],\"inLanguage\":\"de\"},{\"@type\":\"Organization\",\"@id\":\"https:\\\/\\\/papirol.si\\\/#organization\",\"name\":\"Papirol\",\"url\":\"https:\\\/\\\/papirol.si\\\/\",\"logo\":{\"@type\":\"ImageObject\",\"inLanguage\":\"de\",\"@id\":\"https:\\\/\\\/papirol.si\\\/#\\\/schema\\\/logo\\\/image\\\/\",\"url\":\"https:\\\/\\\/papirol.si\\\/wp-content\\\/uploads\\\/2019\\\/12\\\/papirol-bela.png\",\"contentUrl\":\"https:\\\/\\\/papirol.si\\\/wp-content\\\/uploads\\\/2019\\\/12\\\/papirol-bela.png\",\"width\":400,\"height\":80,\"caption\":\"Papirol\"},\"image\":{\"@id\":\"https:\\\/\\\/papirol.si\\\/#\\\/schema\\\/logo\\\/image\\\/\"}}]}<\/script>\n<!-- \/ Yoast SEO plugin. -->","yoast_head_json":{"title":"Geschenkpapier | Papirol","robots":{"index":"index","follow":"follow","max-snippet":"max-snippet:-1","max-image-preview":"max-image-preview:large","max-video-preview":"max-video-preview:-1"},"canonical":"https:\/\/papirol.si\/de\/verkaufsprogramm\/einbalsamierungspapier-im-format\/einwickelpapier\/","og_locale":"de_DE","og_type":"article","og_title":"Ovojni papir | Papirol","og_description":"Ovijalni papir natura Ovijalni naravno rjavi natron papir. Uporaben za: zavijanje prehrambenih in drugih \u017eivilskih proizvodov za zavijanje...","og_url":"https:\/\/papirol.si\/de\/verkaufsprogramm\/einbalsamierungspapier-im-format\/einwickelpapier\/","og_site_name":"Papirol","article_modified_time":"2020-01-27T10:47:54+00:00","og_image":[{"width":423,"height":293,"url":"https:\/\/papirol.si\/wp-content\/uploads\/2020\/01\/0dts2n5a.jpg","type":"image\/jpeg"}],"twitter_card":"summary_large_image","twitter_misc":{"Gesch\u00e4tzte Lesezeit":"1\u00a0Minute"},"schema":{"@context":"https:\/\/schema.org","@graph":[{"@type":"WebPage","@id":"https:\/\/papirol.si\/prodajni-program\/ovijalni-embalazni-papir-v-formatu\/ovojni-papir\/","url":"https:\/\/papirol.si\/prodajni-program\/ovijalni-embalazni-papir-v-formatu\/ovojni-papir\/","name":"Geschenkpapier | Papirol","isPartOf":{"@id":"https:\/\/papirol.si\/#website"},"primaryImageOfPage":{"@id":"https:\/\/papirol.si\/prodajni-program\/ovijalni-embalazni-papir-v-formatu\/ovojni-papir\/#primaryimage"},"image":{"@id":"https:\/\/papirol.si\/prodajni-program\/ovijalni-embalazni-papir-v-formatu\/ovojni-papir\/#primaryimage"},"thumbnailUrl":"https:\/\/papirol.si\/wp-content\/uploads\/2020\/01\/0dts2n5a.jpg","datePublished":"2019-12-06T11:07:55+00:00","dateModified":"2020-01-27T10:47:54+00:00","breadcrumb":{"@id":"https:\/\/papirol.si\/prodajni-program\/ovijalni-embalazni-papir-v-formatu\/ovojni-papir\/#breadcrumb"},"inLanguage":"de","potentialAction":[{"@type":"ReadAction","target":["https:\/\/papirol.si\/prodajni-program\/ovijalni-embalazni-papir-v-formatu\/ovojni-papir\/"]}]},{"@type":"ImageObject","inLanguage":"de","@id":"https:\/\/papirol.si\/prodajni-program\/ovijalni-embalazni-papir-v-formatu\/ovojni-papir\/#primaryimage","url":"https:\/\/papirol.si\/wp-content\/uploads\/2020\/01\/0dts2n5a.jpg","contentUrl":"https:\/\/papirol.si\/wp-content\/uploads\/2020\/01\/0dts2n5a.jpg"},{"@type":"BreadcrumbList","@id":"https:\/\/papirol.si\/prodajni-program\/ovijalni-embalazni-papir-v-formatu\/ovojni-papir\/#breadcrumb","itemListElement":[{"@type":"ListItem","position":1,"name":"Home","item":"https:\/\/papirol.si\/"},{"@type":"ListItem","position":2,"name":"Prodajni program","item":"https:\/\/papirol.si\/prodajni-program\/"},{"@type":"ListItem","position":3,"name":"Ovijalni, embala\u017eni in papir v formatu","item":"https:\/\/papirol.si\/prodajni-program\/ovijalni-embalazni-papir-v-formatu\/"},{"@type":"ListItem","position":4,"name":"Ovojni papir"}]},{"@type":"WebSite","@id":"https:\/\/papirol.si\/#website","url":"https:\/\/papirol.si\/","name":"Papirol","description":"Wir kleiden Ihre Produkte seit 36 Jahren ein!","publisher":{"@id":"https:\/\/papirol.si\/#organization"},"potentialAction":[{"@type":"SearchAction","target":{"@type":"EntryPoint","urlTemplate":"https:\/\/papirol.si\/?s={search_term_string}"},"query-input":{"@type":"PropertyValueSpecification","valueRequired":true,"valueName":"search_term_string"}}],"inLanguage":"de"},{"@type":"Organization","@id":"https:\/\/papirol.si\/#organization","name":"Papirol","url":"https:\/\/papirol.si\/","logo":{"@type":"ImageObject","inLanguage":"de","@id":"https:\/\/papirol.si\/#\/schema\/logo\/image\/","url":"https:\/\/papirol.si\/wp-content\/uploads\/2019\/12\/papirol-bela.png","contentUrl":"https:\/\/papirol.si\/wp-content\/uploads\/2019\/12\/papirol-bela.png","width":400,"height":80,"caption":"Papirol"},"image":{"@id":"https:\/\/papirol.si\/#\/schema\/logo\/image\/"}}]}},"_links":{"self":[{"href":"https:\/\/papirol.si\/de\/wp-json\/wp\/v2\/pages\/1971","targetHints":{"allow":["GET"]}}],"collection":[{"href":"https:\/\/papirol.si\/de\/wp-json\/wp\/v2\/pages"}],"about":[{"href":"https:\/\/papirol.si\/de\/wp-json\/wp\/v2\/types\/page"}],"author":[{"embeddable":true,"href":"https:\/\/papirol.si\/de\/wp-json\/wp\/v2\/users\/5"}],"replies":[{"embeddable":true,"href":"https:\/\/papirol.si\/de\/wp-json\/wp\/v2\/comments?post=1971"}],"version-history":[{"count":11,"href":"https:\/\/papirol.si\/de\/wp-json\/wp\/v2\/pages\/1971\/revisions"}],"predecessor-version":[{"id":2300,"href":"https:\/\/papirol.si\/de\/wp-json\/wp\/v2\/pages\/1971\/revisions\/2300"}],"up":[{"embeddable":true,"href":"https:\/\/papirol.si\/de\/wp-json\/wp\/v2\/pages\/1773"}],"wp:attachment":[{"href":"https:\/\/papirol.si\/de\/wp-json\/wp\/v2\/media?parent=1971"}],"curies":[{"name":"wp","href":"https:\/\/api.w.org\/{rel}","templated":true}]}}