{"id":2153,"date":"2019-12-06T12:07:55","date_gmt":"2019-12-06T11:07:55","guid":{"rendered":"https:\/\/papirol.si\/prodajni-program\/ovijalni-embalazni-papir-v-formatu\/ovojni-papir\/ovijalni-papir-natura-2\/"},"modified":"2020-02-08T18:17:38","modified_gmt":"2020-02-08T17:17:38","slug":"geschenkpapier-weis-natur-2","status":"publish","type":"page","link":"https:\/\/papirol.si\/de\/prodajni-program\/ovijalni-embalazni-papir-v-formatu\/ovojni-papir\/ovijalni-papir-bela-natura\/","title":{"rendered":"Geschenkpapier wei\u00df natur"},"content":{"rendered":"<div data-elementor-type=\"wp-page\" data-elementor-id=\"2153\" class=\"elementor elementor-2153\" data-elementor-post-type=\"page\">\n\t\t\t\t\t\t<section class=\"elementor-section elementor-top-section elementor-element elementor-element-267a2473 elementor-section-content-middle elementor-section-boxed elementor-section-height-default elementor-section-height-default\" data-id=\"267a2473\" data-element_type=\"section\" data-e-type=\"section\" id=\"produkt-bio\" data-settings=\"{&quot;background_background&quot;:&quot;classic&quot;}\">\n\t\t\t\t\t\t<div class=\"elementor-container elementor-column-gap-default\">\n\t\t\t\t\t<div class=\"elementor-column elementor-col-50 elementor-top-column elementor-element elementor-element-3d263b4e\" data-id=\"3d263b4e\" data-element_type=\"column\" data-e-type=\"column\">\n\t\t\t<div class=\"elementor-widget-wrap elementor-element-populated\">\n\t\t\t\t\t\t<div class=\"elementor-element elementor-element-059580b elementor-widget elementor-widget-image\" data-id=\"059580b\" data-element_type=\"widget\" data-e-type=\"widget\" data-widget_type=\"image.default\">\n\t\t\t\t\t\t\t\t\t\t\t\t\t\t\t<img fetchpriority=\"high\" decoding=\"async\" width=\"415\" height=\"283\" src=\"https:\/\/papirol.si\/wp-content\/uploads\/2020\/01\/fn00hpxs.jpg\" class=\"attachment-large size-large wp-image-2298\" alt=\"\" srcset=\"https:\/\/papirol.si\/wp-content\/uploads\/2020\/01\/fn00hpxs.jpg 415w, https:\/\/papirol.si\/wp-content\/uploads\/2020\/01\/fn00hpxs-300x205.jpg 300w, https:\/\/papirol.si\/wp-content\/uploads\/2020\/01\/fn00hpxs-285x194.jpg 285w, https:\/\/papirol.si\/wp-content\/uploads\/2020\/01\/fn00hpxs-150x102.jpg 150w\" sizes=\"(max-width: 415px) 100vw, 415px\" \/>\t\t\t\t\t\t\t\t\t\t\t\t\t\t\t<\/div>\n\t\t\t\t\t<\/div>\n\t\t<\/div>\n\t\t\t\t<div class=\"elementor-column elementor-col-50 elementor-top-column elementor-element elementor-element-5ba7d4cb\" data-id=\"5ba7d4cb\" data-element_type=\"column\" data-e-type=\"column\">\n\t\t\t<div class=\"elementor-widget-wrap elementor-element-populated\">\n\t\t\t\t\t\t<div class=\"elementor-element elementor-element-7dbdaefe elementor-widget elementor-widget-text-editor\" data-id=\"7dbdaefe\" data-element_type=\"widget\" data-e-type=\"widget\" data-widget_type=\"text-editor.default\">\n\t\t\t\t\t\t\t\t\t<p><span style=\"font-weight: 400;\">Das Packpapier wird aus wei\u00dfem Normalpapier hergestellt; die Dicke des Papiers wird dem Zweck und der Verwendung des Papiers angepasst.<\/span><\/p><p><span style=\"font-weight: 400;\">Sie wird zum Einpacken von Lebensmitteln, Textilien, Notizb\u00fcchern, B\u00fcchern, touristischen Souvenirs, zum Verkleiden von Werbeartikeln und Werbegeschenken, zum Schutz nach au\u00dfen und zunehmend auch als Verpackung f\u00fcr Produkte, die per Post verschickt werden, oder als Zwischenprodukt zwischen dem Produkt und der Tragetasche verwendet und ist auch bei Kreativworkshops in Schulen und Kinderg\u00e4rten willkommen.<\/span><\/p><p><span style=\"font-weight: 400;\">N\u00fctzlich auch zum F\u00fcllen von Leerr\u00e4umen in verschiedenen Verpackungen sowie zum Nachzeichnen von Mustern.<\/span><\/p><p><span style=\"font-weight: 400;\">Erh\u00e4ltlich in verschiedenen Formaten und Rollen, unbedruckt oder mit allgemeinem Druck.<\/span><\/p><p><span style=\"font-weight: 400;\">Wir bedrucken Papier mehrfarbig, auch doppelseitig.<\/span><\/p>\t\t\t\t\t\t\t\t<\/div>\n\t\t\t\t<div class=\"elementor-element elementor-element-73dcb0c3 elementor-widget elementor-widget-text-editor\" data-id=\"73dcb0c3\" data-element_type=\"widget\" data-e-type=\"widget\" id=\"tisk-box\" data-widget_type=\"text-editor.default\">\n\t\t\t\t\t\t\t\t\t<h2>Druck auf Geschenkpapier<\/h2><p>Geschenkpapier wird ein- oder mehrfarbig in hoher Qualit\u00e4t bedruckt.<br \/>Die M\u00f6glichkeit, gleichzeitig mit der Bearbeitung des Papiers zu drucken, so dass ein- oder beidseitig \u00fcber die gesamte Fl\u00e4che gedruckt werden kann.<br \/><strong>Drucktechniken:<\/strong><\/p><ul><li>Mehrfarbiger Flexodruck von der Linie auf alle Arten von Packpapier<\/li><li>mehrfarbiges Sieb zum Bedrucken aller Arten von Geschenkpapier<\/li><\/ul><p><strong>Drucken:<\/strong><\/p><ul><li>unendlicher, mehrfarbiger Druck, ein- oder beidseitig<\/li><li>auf der gesamten Oberfl\u00e4che, auf einer oder beiden Seiten<\/li><\/ul>\t\t\t\t\t\t\t\t<\/div>\n\t\t\t\t\t<\/div>\n\t\t<\/div>\n\t\t\t\t\t<\/div>\n\t\t<\/section>\n\t\t\t\t<section class=\"elementor-section elementor-top-section elementor-element elementor-element-1921ecf2 elementor-section-boxed elementor-section-height-default elementor-section-height-default\" data-id=\"1921ecf2\" data-element_type=\"section\" data-e-type=\"section\" id=\"product-bio-tbl\" data-settings=\"{&quot;background_background&quot;:&quot;classic&quot;}\">\n\t\t\t\t\t\t<div class=\"elementor-container elementor-column-gap-default\">\n\t\t\t\t\t<div class=\"elementor-column elementor-col-100 elementor-top-column elementor-element elementor-element-4d15d000\" data-id=\"4d15d000\" data-element_type=\"column\" data-e-type=\"column\">\n\t\t\t<div class=\"elementor-widget-wrap elementor-element-populated\">\n\t\t\t\t\t\t<div class=\"elementor-element elementor-element-7c68535 elementor-widget elementor-widget-text-editor\" data-id=\"7c68535\" data-element_type=\"widget\" data-e-type=\"widget\" data-widget_type=\"text-editor.default\">\n\t\t\t\t\t\t\t\t\t<table><tbody><tr><td><div><b>Name des Produkts<\/b><\/div><\/td><td><b>Breite der Rolle<\/b><\/td><td><b>Wickeln<\/b><\/td><\/tr><tr><td><div>VERPACKUNGSPAPIER WEISS NATURA 40 gr<\/div><\/td><td>70 cm<\/td><td><div>10 kg \/ 360 m<\/div><\/td><\/tr><tr><td><div>VERPACKUNGSPAPIER WEISS NATURA 25 gr<\/div><\/td><td>70 cm<\/td><td><div class=\"imTACenter\"><span class=\"fs11lh1-5 ff1\">10 kg \/ 570 m<\/span><\/div><\/td><\/tr><tr><td>VERPACKUNGSPAPIER WEISS NATURA 40 gr<\/td><td>Andere Rollenbreiten auf Anfrage<\/td><td>\u00a0<\/td><\/tr><tr><td>VERPACKUNGSPAPIER WEISS NATURA 25 gr<\/td><td>Andere Rollenbreiten auf Anfrage<\/td><td>\u00a0<\/td><\/tr><\/tbody><\/table>\t\t\t\t\t\t\t\t<\/div>\n\t\t\t\t\t<\/div>\n\t\t<\/div>\n\t\t\t\t\t<\/div>\n\t\t<\/section>\n\t\t\t\t<section class=\"elementor-section elementor-top-section elementor-element elementor-element-2a04b473 elementor-section-boxed elementor-section-height-default elementor-section-height-default\" data-id=\"2a04b473\" data-element_type=\"section\" data-e-type=\"section\" id=\"povp-sect\" data-settings=\"{&quot;background_background&quot;:&quot;classic&quot;}\">\n\t\t\t\t\t\t\t<div class=\"elementor-background-overlay\"><\/div>\n\t\t\t\t\t\t\t<div class=\"elementor-container elementor-column-gap-default\">\n\t\t\t\t\t<div class=\"elementor-column elementor-col-100 elementor-top-column elementor-element elementor-element-246f811e\" data-id=\"246f811e\" data-element_type=\"column\" data-e-type=\"column\">\n\t\t\t<div class=\"elementor-widget-wrap elementor-element-populated\">\n\t\t\t\t\t\t<div class=\"elementor-element elementor-element-1eb06e58 elementor-widget elementor-widget-heading\" data-id=\"1eb06e58\" data-element_type=\"widget\" data-e-type=\"widget\" data-widget_type=\"heading.default\">\n\t\t\t\t\t<h2 class=\"elementor-heading-title elementor-size-default elementor-heading-title elementor-align-after-center\"><span style=\"font-weight:normal\"><span style=\"font-size: 9pt;font-weight: 700;vertical-align: baseline\"><\/span><\/span>Verwenden Sie umweltfreundliche Verpackungen!<\/h2>\t\t\t\t<\/div>\n\t\t\t\t<div class=\"elementor-element elementor-element-15529f01 elementor-widget elementor-widget-sm-default-button\" data-id=\"15529f01\" data-element_type=\"widget\" data-e-type=\"widget\" data-widget_type=\"sm-default-button.default\">\n\t\t\t\t<div class=\"elementor-widget-container\">\n\t\t\t\t\t\n\t\t\t\t<a   href=\"https:\/\/papirol.si\/de\/povprasevanje\/ovijalni-embalazni-papir\/\" class=\"btn\">Senden Sie Ihre Anfrage<i class=\"ti ti-arrow-right\"><\/i><\/a>\n\t\t\n\t\t\t\t\t<\/div>\n\t\t\t\t<\/div>\n\t\t\t\t\t<\/div>\n\t\t<\/div>\n\t\t\t\t\t<\/div>\n\t\t<\/section>\n\t\t\t\t<\/div>","protected":false},"excerpt":{"rendered":"<p>Ovijalni papir je izdelan iz belega gladkega papirja; debelino papirja prilagodimo namembnosti in uporabnosti papirja. V papir ovijamo&#8230;<\/p>","protected":false},"author":5,"featured_media":0,"parent":1971,"menu_order":0,"comment_status":"closed","ping_status":"closed","template":"elementor_header_footer","meta":{"footnotes":""},"class_list":["post-2153","page","type-page","status-publish","hentry"],"yoast_head":"<!-- This site is optimized with the Yoast SEO plugin v27.3 - https:\/\/yoast.com\/product\/yoast-seo-wordpress\/ -->\n<title>Ovijalni papir bela natura | Papirol<\/title>\n<meta name=\"robots\" content=\"index, follow, max-snippet:-1, max-image-preview:large, max-video-preview:-1\" \/>\n<link rel=\"canonical\" href=\"https:\/\/papirol.si\/de\/verkaufsprogramm\/einbalsamierungspapier-im-format\/einwickelpapier\/geschenkpapier-weis-natur-2\/\" \/>\n<meta property=\"og:locale\" content=\"de_DE\" \/>\n<meta property=\"og:type\" content=\"article\" \/>\n<meta property=\"og:title\" content=\"Ovijalni papir bela natura | Papirol\" \/>\n<meta property=\"og:description\" content=\"Ovijalni papir je izdelan iz belega gladkega papirja; debelino papirja prilagodimo namembnosti in uporabnosti papirja. V papir ovijamo...\" \/>\n<meta property=\"og:url\" content=\"https:\/\/papirol.si\/de\/verkaufsprogramm\/einbalsamierungspapier-im-format\/einwickelpapier\/geschenkpapier-weis-natur-2\/\" \/>\n<meta property=\"og:site_name\" content=\"Papirol\" \/>\n<meta property=\"article:modified_time\" content=\"2020-02-08T17:17:38+00:00\" \/>\n<meta property=\"og:image\" content=\"https:\/\/papirol.si\/wp-content\/uploads\/2020\/01\/fn00hpxs.jpg\" \/>\n\t<meta property=\"og:image:width\" content=\"415\" \/>\n\t<meta property=\"og:image:height\" content=\"283\" \/>\n\t<meta property=\"og:image:type\" content=\"image\/jpeg\" \/>\n<meta name=\"twitter:card\" content=\"summary_large_image\" \/>\n<meta name=\"twitter:label1\" content=\"Gesch\u00e4tzte Lesezeit\" \/>\n\t<meta name=\"twitter:data1\" content=\"1\u00a0Minute\" \/>\n<script type=\"application\/ld+json\" class=\"yoast-schema-graph\">{\"@context\":\"https:\\\/\\\/schema.org\",\"@graph\":[{\"@type\":\"WebPage\",\"@id\":\"https:\\\/\\\/papirol.si\\\/prodajni-program\\\/ovijalni-embalazni-papir-v-formatu\\\/ovojni-papir\\\/ovijalni-papir-bela-natura\\\/\",\"url\":\"https:\\\/\\\/papirol.si\\\/prodajni-program\\\/ovijalni-embalazni-papir-v-formatu\\\/ovojni-papir\\\/ovijalni-papir-bela-natura\\\/\",\"name\":\"Ovijalni papir bela natura | Papirol\",\"isPartOf\":{\"@id\":\"https:\\\/\\\/papirol.si\\\/#website\"},\"primaryImageOfPage\":{\"@id\":\"https:\\\/\\\/papirol.si\\\/prodajni-program\\\/ovijalni-embalazni-papir-v-formatu\\\/ovojni-papir\\\/ovijalni-papir-bela-natura\\\/#primaryimage\"},\"image\":{\"@id\":\"https:\\\/\\\/papirol.si\\\/prodajni-program\\\/ovijalni-embalazni-papir-v-formatu\\\/ovojni-papir\\\/ovijalni-papir-bela-natura\\\/#primaryimage\"},\"thumbnailUrl\":\"https:\\\/\\\/papirol.si\\\/wp-content\\\/uploads\\\/2020\\\/01\\\/fn00hpxs.jpg\",\"datePublished\":\"2019-12-06T11:07:55+00:00\",\"dateModified\":\"2020-02-08T17:17:38+00:00\",\"breadcrumb\":{\"@id\":\"https:\\\/\\\/papirol.si\\\/prodajni-program\\\/ovijalni-embalazni-papir-v-formatu\\\/ovojni-papir\\\/ovijalni-papir-bela-natura\\\/#breadcrumb\"},\"inLanguage\":\"de\",\"potentialAction\":[{\"@type\":\"ReadAction\",\"target\":[\"https:\\\/\\\/papirol.si\\\/prodajni-program\\\/ovijalni-embalazni-papir-v-formatu\\\/ovojni-papir\\\/ovijalni-papir-bela-natura\\\/\"]}]},{\"@type\":\"ImageObject\",\"inLanguage\":\"de\",\"@id\":\"https:\\\/\\\/papirol.si\\\/prodajni-program\\\/ovijalni-embalazni-papir-v-formatu\\\/ovojni-papir\\\/ovijalni-papir-bela-natura\\\/#primaryimage\",\"url\":\"https:\\\/\\\/papirol.si\\\/wp-content\\\/uploads\\\/2020\\\/01\\\/fn00hpxs.jpg\",\"contentUrl\":\"https:\\\/\\\/papirol.si\\\/wp-content\\\/uploads\\\/2020\\\/01\\\/fn00hpxs.jpg\"},{\"@type\":\"BreadcrumbList\",\"@id\":\"https:\\\/\\\/papirol.si\\\/prodajni-program\\\/ovijalni-embalazni-papir-v-formatu\\\/ovojni-papir\\\/ovijalni-papir-bela-natura\\\/#breadcrumb\",\"itemListElement\":[{\"@type\":\"ListItem\",\"position\":1,\"name\":\"Home\",\"item\":\"https:\\\/\\\/papirol.si\\\/\"},{\"@type\":\"ListItem\",\"position\":2,\"name\":\"Prodajni program\",\"item\":\"https:\\\/\\\/papirol.si\\\/prodajni-program\\\/\"},{\"@type\":\"ListItem\",\"position\":3,\"name\":\"Ovijalni, embala\u017eni in papir v formatu\",\"item\":\"https:\\\/\\\/papirol.si\\\/prodajni-program\\\/ovijalni-embalazni-papir-v-formatu\\\/\"},{\"@type\":\"ListItem\",\"position\":4,\"name\":\"Ovojni papir\",\"item\":\"https:\\\/\\\/papirol.si\\\/prodajni-program\\\/ovijalni-embalazni-papir-v-formatu\\\/ovojni-papir\\\/\"},{\"@type\":\"ListItem\",\"position\":5,\"name\":\"Ovijalni papir bela natura\"}]},{\"@type\":\"WebSite\",\"@id\":\"https:\\\/\\\/papirol.si\\\/#website\",\"url\":\"https:\\\/\\\/papirol.si\\\/\",\"name\":\"Papirol\",\"description\":\"Obla\u010dimo va\u0161e izdelke \u017ee 36 let!\",\"publisher\":{\"@id\":\"https:\\\/\\\/papirol.si\\\/#organization\"},\"potentialAction\":[{\"@type\":\"SearchAction\",\"target\":{\"@type\":\"EntryPoint\",\"urlTemplate\":\"https:\\\/\\\/papirol.si\\\/?s={search_term_string}\"},\"query-input\":{\"@type\":\"PropertyValueSpecification\",\"valueRequired\":true,\"valueName\":\"search_term_string\"}}],\"inLanguage\":\"de\"},{\"@type\":\"Organization\",\"@id\":\"https:\\\/\\\/papirol.si\\\/#organization\",\"name\":\"Papirol\",\"url\":\"https:\\\/\\\/papirol.si\\\/\",\"logo\":{\"@type\":\"ImageObject\",\"inLanguage\":\"de\",\"@id\":\"https:\\\/\\\/papirol.si\\\/#\\\/schema\\\/logo\\\/image\\\/\",\"url\":\"https:\\\/\\\/papirol.si\\\/wp-content\\\/uploads\\\/2019\\\/12\\\/papirol-bela.png\",\"contentUrl\":\"https:\\\/\\\/papirol.si\\\/wp-content\\\/uploads\\\/2019\\\/12\\\/papirol-bela.png\",\"width\":400,\"height\":80,\"caption\":\"Papirol\"},\"image\":{\"@id\":\"https:\\\/\\\/papirol.si\\\/#\\\/schema\\\/logo\\\/image\\\/\"}}]}<\/script>\n<!-- \/ Yoast SEO plugin. -->","yoast_head_json":{"title":"Geschenkpapier wei\u00df natur | Papirol","robots":{"index":"index","follow":"follow","max-snippet":"max-snippet:-1","max-image-preview":"max-image-preview:large","max-video-preview":"max-video-preview:-1"},"canonical":"https:\/\/papirol.si\/de\/verkaufsprogramm\/einbalsamierungspapier-im-format\/einwickelpapier\/geschenkpapier-weis-natur-2\/","og_locale":"de_DE","og_type":"article","og_title":"Ovijalni papir bela natura | Papirol","og_description":"Ovijalni papir je izdelan iz belega gladkega papirja; debelino papirja prilagodimo namembnosti in uporabnosti papirja. V papir ovijamo...","og_url":"https:\/\/papirol.si\/de\/verkaufsprogramm\/einbalsamierungspapier-im-format\/einwickelpapier\/geschenkpapier-weis-natur-2\/","og_site_name":"Papirol","article_modified_time":"2020-02-08T17:17:38+00:00","og_image":[{"width":415,"height":283,"url":"https:\/\/papirol.si\/wp-content\/uploads\/2020\/01\/fn00hpxs.jpg","type":"image\/jpeg"}],"twitter_card":"summary_large_image","twitter_misc":{"Gesch\u00e4tzte Lesezeit":"1\u00a0Minute"},"schema":{"@context":"https:\/\/schema.org","@graph":[{"@type":"WebPage","@id":"https:\/\/papirol.si\/prodajni-program\/ovijalni-embalazni-papir-v-formatu\/ovojni-papir\/ovijalni-papir-bela-natura\/","url":"https:\/\/papirol.si\/prodajni-program\/ovijalni-embalazni-papir-v-formatu\/ovojni-papir\/ovijalni-papir-bela-natura\/","name":"Geschenkpapier wei\u00df natur | Papirol","isPartOf":{"@id":"https:\/\/papirol.si\/#website"},"primaryImageOfPage":{"@id":"https:\/\/papirol.si\/prodajni-program\/ovijalni-embalazni-papir-v-formatu\/ovojni-papir\/ovijalni-papir-bela-natura\/#primaryimage"},"image":{"@id":"https:\/\/papirol.si\/prodajni-program\/ovijalni-embalazni-papir-v-formatu\/ovojni-papir\/ovijalni-papir-bela-natura\/#primaryimage"},"thumbnailUrl":"https:\/\/papirol.si\/wp-content\/uploads\/2020\/01\/fn00hpxs.jpg","datePublished":"2019-12-06T11:07:55+00:00","dateModified":"2020-02-08T17:17:38+00:00","breadcrumb":{"@id":"https:\/\/papirol.si\/prodajni-program\/ovijalni-embalazni-papir-v-formatu\/ovojni-papir\/ovijalni-papir-bela-natura\/#breadcrumb"},"inLanguage":"de","potentialAction":[{"@type":"ReadAction","target":["https:\/\/papirol.si\/prodajni-program\/ovijalni-embalazni-papir-v-formatu\/ovojni-papir\/ovijalni-papir-bela-natura\/"]}]},{"@type":"ImageObject","inLanguage":"de","@id":"https:\/\/papirol.si\/prodajni-program\/ovijalni-embalazni-papir-v-formatu\/ovojni-papir\/ovijalni-papir-bela-natura\/#primaryimage","url":"https:\/\/papirol.si\/wp-content\/uploads\/2020\/01\/fn00hpxs.jpg","contentUrl":"https:\/\/papirol.si\/wp-content\/uploads\/2020\/01\/fn00hpxs.jpg"},{"@type":"BreadcrumbList","@id":"https:\/\/papirol.si\/prodajni-program\/ovijalni-embalazni-papir-v-formatu\/ovojni-papir\/ovijalni-papir-bela-natura\/#breadcrumb","itemListElement":[{"@type":"ListItem","position":1,"name":"Home","item":"https:\/\/papirol.si\/"},{"@type":"ListItem","position":2,"name":"Prodajni program","item":"https:\/\/papirol.si\/prodajni-program\/"},{"@type":"ListItem","position":3,"name":"Ovijalni, embala\u017eni in papir v formatu","item":"https:\/\/papirol.si\/prodajni-program\/ovijalni-embalazni-papir-v-formatu\/"},{"@type":"ListItem","position":4,"name":"Ovojni papir","item":"https:\/\/papirol.si\/prodajni-program\/ovijalni-embalazni-papir-v-formatu\/ovojni-papir\/"},{"@type":"ListItem","position":5,"name":"Ovijalni papir bela natura"}]},{"@type":"WebSite","@id":"https:\/\/papirol.si\/#website","url":"https:\/\/papirol.si\/","name":"Papirol","description":"Wir kleiden Ihre Produkte seit 36 Jahren ein!","publisher":{"@id":"https:\/\/papirol.si\/#organization"},"potentialAction":[{"@type":"SearchAction","target":{"@type":"EntryPoint","urlTemplate":"https:\/\/papirol.si\/?s={search_term_string}"},"query-input":{"@type":"PropertyValueSpecification","valueRequired":true,"valueName":"search_term_string"}}],"inLanguage":"de"},{"@type":"Organization","@id":"https:\/\/papirol.si\/#organization","name":"Papirol","url":"https:\/\/papirol.si\/","logo":{"@type":"ImageObject","inLanguage":"de","@id":"https:\/\/papirol.si\/#\/schema\/logo\/image\/","url":"https:\/\/papirol.si\/wp-content\/uploads\/2019\/12\/papirol-bela.png","contentUrl":"https:\/\/papirol.si\/wp-content\/uploads\/2019\/12\/papirol-bela.png","width":400,"height":80,"caption":"Papirol"},"image":{"@id":"https:\/\/papirol.si\/#\/schema\/logo\/image\/"}}]}},"_links":{"self":[{"href":"https:\/\/papirol.si\/de\/wp-json\/wp\/v2\/pages\/2153","targetHints":{"allow":["GET"]}}],"collection":[{"href":"https:\/\/papirol.si\/de\/wp-json\/wp\/v2\/pages"}],"about":[{"href":"https:\/\/papirol.si\/de\/wp-json\/wp\/v2\/types\/page"}],"author":[{"embeddable":true,"href":"https:\/\/papirol.si\/de\/wp-json\/wp\/v2\/users\/5"}],"replies":[{"embeddable":true,"href":"https:\/\/papirol.si\/de\/wp-json\/wp\/v2\/comments?post=2153"}],"version-history":[{"count":14,"href":"https:\/\/papirol.si\/de\/wp-json\/wp\/v2\/pages\/2153\/revisions"}],"predecessor-version":[{"id":2653,"href":"https:\/\/papirol.si\/de\/wp-json\/wp\/v2\/pages\/2153\/revisions\/2653"}],"up":[{"embeddable":true,"href":"https:\/\/papirol.si\/de\/wp-json\/wp\/v2\/pages\/1971"}],"wp:attachment":[{"href":"https:\/\/papirol.si\/de\/wp-json\/wp\/v2\/media?parent=2153"}],"curies":[{"name":"wp","href":"https:\/\/api.w.org\/{rel}","templated":true}]}}