{"id":2171,"date":"2019-12-06T12:07:55","date_gmt":"2019-12-06T11:07:55","guid":{"rendered":"https:\/\/papirol.si\/prodajni-program\/vrecke-za-take-away-in-hitro-hrano\/papirolex-mascoboodporni-papir-2\/"},"modified":"2020-02-08T18:26:16","modified_gmt":"2020-02-08T17:26:16","slug":"papirolfol-mascobesistentes-papier","status":"publish","type":"page","link":"https:\/\/papirol.si\/de\/prodajni-program\/vrecke-za-take-away-in-hitro-hrano\/papirolfol-mascoboodporni-papir\/","title":{"rendered":"Papirolfol fettdichtes Papier"},"content":{"rendered":"<div data-elementor-type=\"wp-page\" data-elementor-id=\"2171\" class=\"elementor elementor-2171\" data-elementor-post-type=\"page\">\n\t\t\t\t\t\t<section class=\"elementor-section elementor-top-section elementor-element elementor-element-35febe3e elementor-section-content-middle elementor-section-boxed elementor-section-height-default elementor-section-height-default\" data-id=\"35febe3e\" data-element_type=\"section\" data-e-type=\"section\" id=\"produkt-bio\" data-settings=\"{&quot;background_background&quot;:&quot;classic&quot;}\">\n\t\t\t\t\t\t<div class=\"elementor-container elementor-column-gap-default\">\n\t\t\t\t\t<div class=\"elementor-column elementor-col-50 elementor-top-column elementor-element elementor-element-60f051b0\" data-id=\"60f051b0\" data-element_type=\"column\" data-e-type=\"column\">\n\t\t\t<div class=\"elementor-widget-wrap elementor-element-populated\">\n\t\t\t\t\t\t<div class=\"elementor-element elementor-element-059580b elementor-widget elementor-widget-image\" data-id=\"059580b\" data-element_type=\"widget\" data-e-type=\"widget\" data-widget_type=\"image.default\">\n\t\t\t\t\t\t\t\t\t\t\t\t\t\t\t<img fetchpriority=\"high\" decoding=\"async\" width=\"418\" height=\"319\" src=\"https:\/\/papirol.si\/wp-content\/uploads\/2020\/01\/h7z1tevh.jpg\" class=\"attachment-large size-large wp-image-2273\" alt=\"\" srcset=\"https:\/\/papirol.si\/wp-content\/uploads\/2020\/01\/h7z1tevh.jpg 418w, https:\/\/papirol.si\/wp-content\/uploads\/2020\/01\/h7z1tevh-300x229.jpg 300w, https:\/\/papirol.si\/wp-content\/uploads\/2020\/01\/h7z1tevh-285x218.jpg 285w, https:\/\/papirol.si\/wp-content\/uploads\/2020\/01\/h7z1tevh-150x114.jpg 150w\" sizes=\"(max-width: 418px) 100vw, 418px\" \/>\t\t\t\t\t\t\t\t\t\t\t\t\t\t\t<\/div>\n\t\t\t\t\t<\/div>\n\t\t<\/div>\n\t\t\t\t<div class=\"elementor-column elementor-col-50 elementor-top-column elementor-element elementor-element-d497803\" data-id=\"d497803\" data-element_type=\"column\" data-e-type=\"column\">\n\t\t\t<div class=\"elementor-widget-wrap elementor-element-populated\">\n\t\t\t\t\t\t<div class=\"elementor-element elementor-element-35aa7cad elementor-widget elementor-widget-text-editor\" data-id=\"35aa7cad\" data-element_type=\"widget\" data-e-type=\"widget\" data-widget_type=\"text-editor.default\">\n\t\t\t\t\t\t\t\t\t<p><span style=\"font-weight: 400;\">Papirolfol fettdichtes Papier ist ein zweischichtiges Produkt - auf das Papier ist eine Folie geklebt, optional eine kompostierbare Folie.<\/span><\/p><p><span style=\"font-weight: 400;\">Geeignet zum Einwickeln von fett- oder fl\u00fcssigkeitshaltigen Produkten - Burek, verschiedene Wraps, Fleischprodukte.<\/span><\/p><p><span style=\"font-weight: 400;\">Standardm\u00e4\u00dfig in mehreren Formaten erh\u00e4ltlich.<\/span><\/p><p><span style=\"font-weight: 400;\">Wir drucken mehrfarbiges, einseitiges Papier.<\/span><\/p>\t\t\t\t\t\t\t\t<\/div>\n\t\t\t\t\t<\/div>\n\t\t<\/div>\n\t\t\t\t\t<\/div>\n\t\t<\/section>\n\t\t\t\t<section class=\"elementor-section elementor-top-section elementor-element elementor-element-7247ff1a elementor-section-boxed elementor-section-height-default elementor-section-height-default\" data-id=\"7247ff1a\" data-element_type=\"section\" data-e-type=\"section\" id=\"product-bio-tbl\" data-settings=\"{&quot;background_background&quot;:&quot;classic&quot;}\">\n\t\t\t\t\t\t<div class=\"elementor-container elementor-column-gap-default\">\n\t\t\t\t\t<div class=\"elementor-column elementor-col-100 elementor-top-column elementor-element elementor-element-441f04d1\" data-id=\"441f04d1\" data-element_type=\"column\" data-e-type=\"column\">\n\t\t\t<div class=\"elementor-widget-wrap elementor-element-populated\">\n\t\t\t\t\t\t<div class=\"elementor-element elementor-element-1c280cb3 elementor-widget elementor-widget-text-editor\" data-id=\"1c280cb3\" data-element_type=\"widget\" data-e-type=\"widget\" data-widget_type=\"text-editor.default\">\n\t\t\t\t\t\t\t\t\t<table><tbody><tr><td class=\"imVc\"><div><b class=\"fs11lh1-5\">Name des Produkts<\/b><\/div><\/td><td class=\"imVc\"><div><b class=\"fs11lh1-5\">Farbe<\/b><\/div><\/td><td class=\"imVc\"><b>Standardabmessungen<\/b><\/td><td class=\"imVc\"><div class=\"imTACenter\"><b><span class=\"fs11lh1-5\">Verpackung<\/span><\/b><\/div><\/td><\/tr><tr><td class=\"imVc\"><div class=\"imTACenter\">PAPIROLFOL (PAPIER + FOLIE) - KLEINES FORMAT<\/div><\/td><td class=\"imVc\"><div class=\"imTACenter\">Wei\u00df<\/div><\/td><td class=\"imVc\"><div class=\"imTACenter\"><span class=\"fs11lh1-5 ff1\">25 x 37 cm<\/span><\/div><\/td><td class=\"imVc\"><div class=\"imTACenter\"><span class=\"fs11lh1-5 ff1\">20 kg\/4000 pol<\/span><\/div><\/td><\/tr><tr><td class=\"imVc\"><div class=\"imTACenter\">PAPIROLFOL (PAPIER + FILM) - ZWISCHENFORMAT<\/div><\/td><td class=\"imVc\"><div class=\"imTACenter\">Wei\u00df<\/div><\/td><td class=\"imVc\"><div class=\"imTACenter\"><span class=\"fs11lh1-5 ff1\">33 x 33 cm<\/span><\/div><\/td><td class=\"imVc\"><div class=\"imTACenter\"><span class=\"fs11lh1-5 ff1\">20 kg\/3340 pol<\/span><\/div><\/td><\/tr><tr><td class=\"imVc\"><div class=\"imTACenter\">PAPIROLFOL (PAPIER + FOLIE) - MITTELFORMAT<\/div><\/td><td class=\"imVc\"><div class=\"imTACenter\">Wei\u00df<\/div><\/td><td class=\"imVc\"><div class=\"imTACenter\"><span class=\"fs11lh1-5 ff1\">37 x 50 cm<\/span><\/div><\/td><td class=\"imVc\"><div class=\"imTACenter\"><span class=\"fs11lh1-5 ff1\">20 kg\/2000 pol<\/span><\/div><\/td><\/tr><tr><td class=\"imVc\"><div class=\"imTACenter\">PAPIROLFOL (PAPIER + FOLIE) - GROSSFORMAT<\/div><\/td><td class=\"imVc\"><div class=\"imTACenter\">Wei\u00df<\/div><\/td><td class=\"imVc\"><div class=\"imTACenter\"><span class=\"fs11lh1-5 ff1\">50 x 75 cm<\/span><\/div><\/td><td class=\"imVc\"><div class=\"imTACenter\"><span class=\"fs11lh1-5 ff1\">20 kg\/1000 pol<\/span><\/div><\/td><\/tr><tr><td class=\"imVc\"><div class=\"imTACenter\">PAPIROLFOL (PAPIER + FOLIE) - MAXI-FORMAT<\/div><\/td><td class=\"imVc\"><div class=\"imTACenter\">Wei\u00df<\/div><\/td><td class=\"imVc\"><div class=\"imTACenter\"><span class=\"fs11lh1-5 ff1\">75 x 100 cm<\/span><\/div><\/td><td class=\"imVc\"><div class=\"imTACenter\"><span class=\"fs11lh1-5 ff1\">20 kg\/ 500 pol<\/span><\/div><\/td><\/tr><\/tbody><\/table>\t\t\t\t\t\t\t\t<\/div>\n\t\t\t\t\t<\/div>\n\t\t<\/div>\n\t\t\t\t\t<\/div>\n\t\t<\/section>\n\t\t\t\t<section class=\"elementor-section elementor-top-section elementor-element elementor-element-3e7550ec elementor-section-boxed elementor-section-height-default elementor-section-height-default\" data-id=\"3e7550ec\" data-element_type=\"section\" data-e-type=\"section\" id=\"povp-sect\" data-settings=\"{&quot;background_background&quot;:&quot;classic&quot;}\">\n\t\t\t\t\t\t\t<div class=\"elementor-background-overlay\"><\/div>\n\t\t\t\t\t\t\t<div class=\"elementor-container elementor-column-gap-default\">\n\t\t\t\t\t<div class=\"elementor-column elementor-col-100 elementor-top-column elementor-element elementor-element-27eb2f6e\" data-id=\"27eb2f6e\" data-element_type=\"column\" data-e-type=\"column\">\n\t\t\t<div class=\"elementor-widget-wrap elementor-element-populated\">\n\t\t\t\t\t\t<div class=\"elementor-element elementor-element-44d6e39e elementor-widget elementor-widget-heading\" data-id=\"44d6e39e\" data-element_type=\"widget\" data-e-type=\"widget\" data-widget_type=\"heading.default\">\n\t\t\t\t\t<h2 class=\"elementor-heading-title elementor-size-default elementor-heading-title elementor-align-after-center\"><span style=\"font-weight:normal\"><span style=\"font-size: 9pt;font-weight: 700;vertical-align: baseline\"><\/span><\/span>Verwenden Sie umweltfreundliche Verpackungen!<\/h2>\t\t\t\t<\/div>\n\t\t\t\t<div class=\"elementor-element elementor-element-2317b07c elementor-widget elementor-widget-sm-default-button\" data-id=\"2317b07c\" data-element_type=\"widget\" data-e-type=\"widget\" data-widget_type=\"sm-default-button.default\">\n\t\t\t\t<div class=\"elementor-widget-container\">\n\t\t\t\t\t\n\t\t\t\t<a   href=\"https:\/\/papirol.si\/de\/povprasevanje\/ovijalni-embalazni-papir\/\" class=\"btn\">Senden Sie Ihre Anfrage<i class=\"ti ti-arrow-right\"><\/i><\/a>\n\t\t\n\t\t\t\t\t<\/div>\n\t\t\t\t<\/div>\n\t\t\t\t\t<\/div>\n\t\t<\/div>\n\t\t\t\t\t<\/div>\n\t\t<\/section>\n\t\t\t\t<\/div>","protected":false},"excerpt":{"rendered":"<p>Papirolfol ma\u0161\u010doboodporni papir je dvoslojen izdelek &#8211; na papir je lepljena folija, opcijsko kompostibilna folija. Primeren za zavijanje&#8230;<\/p>","protected":false},"author":5,"featured_media":0,"parent":1777,"menu_order":0,"comment_status":"closed","ping_status":"closed","template":"elementor_header_footer","meta":{"footnotes":""},"class_list":["post-2171","page","type-page","status-publish","hentry"],"yoast_head":"<!-- This site is optimized with the Yoast SEO plugin v27.3 - https:\/\/yoast.com\/product\/yoast-seo-wordpress\/ -->\n<title>Papirolfol ma\u0161\u010doboodporni papir | Papirol<\/title>\n<meta name=\"robots\" content=\"index, follow, max-snippet:-1, max-image-preview:large, max-video-preview:-1\" \/>\n<link rel=\"canonical\" href=\"https:\/\/papirol.si\/de\/verkaufsprogramm\/tuten-fur-take-away-und-fast-food\/papirolfol-mascobesistentes-papier\/\" \/>\n<meta property=\"og:locale\" content=\"de_DE\" \/>\n<meta property=\"og:type\" content=\"article\" \/>\n<meta property=\"og:title\" content=\"Papirolfol ma\u0161\u010doboodporni papir | Papirol\" \/>\n<meta property=\"og:description\" content=\"Papirolfol ma\u0161\u010doboodporni papir je dvoslojen izdelek &#8211; na papir je lepljena folija, opcijsko kompostibilna folija. Primeren za zavijanje...\" \/>\n<meta property=\"og:url\" content=\"https:\/\/papirol.si\/de\/verkaufsprogramm\/tuten-fur-take-away-und-fast-food\/papirolfol-mascobesistentes-papier\/\" \/>\n<meta property=\"og:site_name\" content=\"Papirol\" \/>\n<meta property=\"article:modified_time\" content=\"2020-02-08T17:26:16+00:00\" \/>\n<meta property=\"og:image\" content=\"https:\/\/papirol.si\/wp-content\/uploads\/2020\/01\/h7z1tevh.jpg\" \/>\n\t<meta property=\"og:image:width\" content=\"418\" \/>\n\t<meta property=\"og:image:height\" content=\"319\" \/>\n\t<meta property=\"og:image:type\" content=\"image\/jpeg\" \/>\n<meta name=\"twitter:card\" content=\"summary_large_image\" \/>\n<meta name=\"twitter:label1\" content=\"Gesch\u00e4tzte Lesezeit\" \/>\n\t<meta name=\"twitter:data1\" content=\"1\u00a0Minute\" \/>\n<script type=\"application\/ld+json\" class=\"yoast-schema-graph\">{\"@context\":\"https:\\\/\\\/schema.org\",\"@graph\":[{\"@type\":\"WebPage\",\"@id\":\"https:\\\/\\\/papirol.si\\\/prodajni-program\\\/vrecke-za-take-away-in-hitro-hrano\\\/papirolfol-mascoboodporni-papir\\\/\",\"url\":\"https:\\\/\\\/papirol.si\\\/prodajni-program\\\/vrecke-za-take-away-in-hitro-hrano\\\/papirolfol-mascoboodporni-papir\\\/\",\"name\":\"Papirolfol ma\u0161\u010doboodporni papir | Papirol\",\"isPartOf\":{\"@id\":\"https:\\\/\\\/papirol.si\\\/#website\"},\"primaryImageOfPage\":{\"@id\":\"https:\\\/\\\/papirol.si\\\/prodajni-program\\\/vrecke-za-take-away-in-hitro-hrano\\\/papirolfol-mascoboodporni-papir\\\/#primaryimage\"},\"image\":{\"@id\":\"https:\\\/\\\/papirol.si\\\/prodajni-program\\\/vrecke-za-take-away-in-hitro-hrano\\\/papirolfol-mascoboodporni-papir\\\/#primaryimage\"},\"thumbnailUrl\":\"https:\\\/\\\/papirol.si\\\/wp-content\\\/uploads\\\/2020\\\/01\\\/h7z1tevh.jpg\",\"datePublished\":\"2019-12-06T11:07:55+00:00\",\"dateModified\":\"2020-02-08T17:26:16+00:00\",\"breadcrumb\":{\"@id\":\"https:\\\/\\\/papirol.si\\\/prodajni-program\\\/vrecke-za-take-away-in-hitro-hrano\\\/papirolfol-mascoboodporni-papir\\\/#breadcrumb\"},\"inLanguage\":\"de\",\"potentialAction\":[{\"@type\":\"ReadAction\",\"target\":[\"https:\\\/\\\/papirol.si\\\/prodajni-program\\\/vrecke-za-take-away-in-hitro-hrano\\\/papirolfol-mascoboodporni-papir\\\/\"]}]},{\"@type\":\"ImageObject\",\"inLanguage\":\"de\",\"@id\":\"https:\\\/\\\/papirol.si\\\/prodajni-program\\\/vrecke-za-take-away-in-hitro-hrano\\\/papirolfol-mascoboodporni-papir\\\/#primaryimage\",\"url\":\"https:\\\/\\\/papirol.si\\\/wp-content\\\/uploads\\\/2020\\\/01\\\/h7z1tevh.jpg\",\"contentUrl\":\"https:\\\/\\\/papirol.si\\\/wp-content\\\/uploads\\\/2020\\\/01\\\/h7z1tevh.jpg\"},{\"@type\":\"BreadcrumbList\",\"@id\":\"https:\\\/\\\/papirol.si\\\/prodajni-program\\\/vrecke-za-take-away-in-hitro-hrano\\\/papirolfol-mascoboodporni-papir\\\/#breadcrumb\",\"itemListElement\":[{\"@type\":\"ListItem\",\"position\":1,\"name\":\"Home\",\"item\":\"https:\\\/\\\/papirol.si\\\/\"},{\"@type\":\"ListItem\",\"position\":2,\"name\":\"Prodajni program\",\"item\":\"https:\\\/\\\/papirol.si\\\/prodajni-program\\\/\"},{\"@type\":\"ListItem\",\"position\":3,\"name\":\"Vre\u010dke za take away in hitro hrano\",\"item\":\"https:\\\/\\\/papirol.si\\\/prodajni-program\\\/vrecke-za-take-away-in-hitro-hrano\\\/\"},{\"@type\":\"ListItem\",\"position\":4,\"name\":\"Papirolfol ma\u0161\u010doboodporni papir\"}]},{\"@type\":\"WebSite\",\"@id\":\"https:\\\/\\\/papirol.si\\\/#website\",\"url\":\"https:\\\/\\\/papirol.si\\\/\",\"name\":\"Papirol\",\"description\":\"Obla\u010dimo va\u0161e izdelke \u017ee 36 let!\",\"publisher\":{\"@id\":\"https:\\\/\\\/papirol.si\\\/#organization\"},\"potentialAction\":[{\"@type\":\"SearchAction\",\"target\":{\"@type\":\"EntryPoint\",\"urlTemplate\":\"https:\\\/\\\/papirol.si\\\/?s={search_term_string}\"},\"query-input\":{\"@type\":\"PropertyValueSpecification\",\"valueRequired\":true,\"valueName\":\"search_term_string\"}}],\"inLanguage\":\"de\"},{\"@type\":\"Organization\",\"@id\":\"https:\\\/\\\/papirol.si\\\/#organization\",\"name\":\"Papirol\",\"url\":\"https:\\\/\\\/papirol.si\\\/\",\"logo\":{\"@type\":\"ImageObject\",\"inLanguage\":\"de\",\"@id\":\"https:\\\/\\\/papirol.si\\\/#\\\/schema\\\/logo\\\/image\\\/\",\"url\":\"https:\\\/\\\/papirol.si\\\/wp-content\\\/uploads\\\/2019\\\/12\\\/papirol-bela.png\",\"contentUrl\":\"https:\\\/\\\/papirol.si\\\/wp-content\\\/uploads\\\/2019\\\/12\\\/papirol-bela.png\",\"width\":400,\"height\":80,\"caption\":\"Papirol\"},\"image\":{\"@id\":\"https:\\\/\\\/papirol.si\\\/#\\\/schema\\\/logo\\\/image\\\/\"}}]}<\/script>\n<!-- \/ Yoast SEO plugin. -->","yoast_head_json":{"title":"Papirolfol fettdichtes Papier | Papirol","robots":{"index":"index","follow":"follow","max-snippet":"max-snippet:-1","max-image-preview":"max-image-preview:large","max-video-preview":"max-video-preview:-1"},"canonical":"https:\/\/papirol.si\/de\/verkaufsprogramm\/tuten-fur-take-away-und-fast-food\/papirolfol-mascobesistentes-papier\/","og_locale":"de_DE","og_type":"article","og_title":"Papirolfol ma\u0161\u010doboodporni papir | Papirol","og_description":"Papirolfol ma\u0161\u010doboodporni papir je dvoslojen izdelek &#8211; na papir je lepljena folija, opcijsko kompostibilna folija. Primeren za zavijanje...","og_url":"https:\/\/papirol.si\/de\/verkaufsprogramm\/tuten-fur-take-away-und-fast-food\/papirolfol-mascobesistentes-papier\/","og_site_name":"Papirol","article_modified_time":"2020-02-08T17:26:16+00:00","og_image":[{"width":418,"height":319,"url":"https:\/\/papirol.si\/wp-content\/uploads\/2020\/01\/h7z1tevh.jpg","type":"image\/jpeg"}],"twitter_card":"summary_large_image","twitter_misc":{"Gesch\u00e4tzte Lesezeit":"1\u00a0Minute"},"schema":{"@context":"https:\/\/schema.org","@graph":[{"@type":"WebPage","@id":"https:\/\/papirol.si\/prodajni-program\/vrecke-za-take-away-in-hitro-hrano\/papirolfol-mascoboodporni-papir\/","url":"https:\/\/papirol.si\/prodajni-program\/vrecke-za-take-away-in-hitro-hrano\/papirolfol-mascoboodporni-papir\/","name":"Papirolfol fettdichtes Papier | Papirol","isPartOf":{"@id":"https:\/\/papirol.si\/#website"},"primaryImageOfPage":{"@id":"https:\/\/papirol.si\/prodajni-program\/vrecke-za-take-away-in-hitro-hrano\/papirolfol-mascoboodporni-papir\/#primaryimage"},"image":{"@id":"https:\/\/papirol.si\/prodajni-program\/vrecke-za-take-away-in-hitro-hrano\/papirolfol-mascoboodporni-papir\/#primaryimage"},"thumbnailUrl":"https:\/\/papirol.si\/wp-content\/uploads\/2020\/01\/h7z1tevh.jpg","datePublished":"2019-12-06T11:07:55+00:00","dateModified":"2020-02-08T17:26:16+00:00","breadcrumb":{"@id":"https:\/\/papirol.si\/prodajni-program\/vrecke-za-take-away-in-hitro-hrano\/papirolfol-mascoboodporni-papir\/#breadcrumb"},"inLanguage":"de","potentialAction":[{"@type":"ReadAction","target":["https:\/\/papirol.si\/prodajni-program\/vrecke-za-take-away-in-hitro-hrano\/papirolfol-mascoboodporni-papir\/"]}]},{"@type":"ImageObject","inLanguage":"de","@id":"https:\/\/papirol.si\/prodajni-program\/vrecke-za-take-away-in-hitro-hrano\/papirolfol-mascoboodporni-papir\/#primaryimage","url":"https:\/\/papirol.si\/wp-content\/uploads\/2020\/01\/h7z1tevh.jpg","contentUrl":"https:\/\/papirol.si\/wp-content\/uploads\/2020\/01\/h7z1tevh.jpg"},{"@type":"BreadcrumbList","@id":"https:\/\/papirol.si\/prodajni-program\/vrecke-za-take-away-in-hitro-hrano\/papirolfol-mascoboodporni-papir\/#breadcrumb","itemListElement":[{"@type":"ListItem","position":1,"name":"Home","item":"https:\/\/papirol.si\/"},{"@type":"ListItem","position":2,"name":"Prodajni program","item":"https:\/\/papirol.si\/prodajni-program\/"},{"@type":"ListItem","position":3,"name":"Vre\u010dke za take away in hitro hrano","item":"https:\/\/papirol.si\/prodajni-program\/vrecke-za-take-away-in-hitro-hrano\/"},{"@type":"ListItem","position":4,"name":"Papirolfol ma\u0161\u010doboodporni papir"}]},{"@type":"WebSite","@id":"https:\/\/papirol.si\/#website","url":"https:\/\/papirol.si\/","name":"Papirol","description":"Wir kleiden Ihre Produkte seit 36 Jahren ein!","publisher":{"@id":"https:\/\/papirol.si\/#organization"},"potentialAction":[{"@type":"SearchAction","target":{"@type":"EntryPoint","urlTemplate":"https:\/\/papirol.si\/?s={search_term_string}"},"query-input":{"@type":"PropertyValueSpecification","valueRequired":true,"valueName":"search_term_string"}}],"inLanguage":"de"},{"@type":"Organization","@id":"https:\/\/papirol.si\/#organization","name":"Papirol","url":"https:\/\/papirol.si\/","logo":{"@type":"ImageObject","inLanguage":"de","@id":"https:\/\/papirol.si\/#\/schema\/logo\/image\/","url":"https:\/\/papirol.si\/wp-content\/uploads\/2019\/12\/papirol-bela.png","contentUrl":"https:\/\/papirol.si\/wp-content\/uploads\/2019\/12\/papirol-bela.png","width":400,"height":80,"caption":"Papirol"},"image":{"@id":"https:\/\/papirol.si\/#\/schema\/logo\/image\/"}}]}},"_links":{"self":[{"href":"https:\/\/papirol.si\/de\/wp-json\/wp\/v2\/pages\/2171","targetHints":{"allow":["GET"]}}],"collection":[{"href":"https:\/\/papirol.si\/de\/wp-json\/wp\/v2\/pages"}],"about":[{"href":"https:\/\/papirol.si\/de\/wp-json\/wp\/v2\/types\/page"}],"author":[{"embeddable":true,"href":"https:\/\/papirol.si\/de\/wp-json\/wp\/v2\/users\/5"}],"replies":[{"embeddable":true,"href":"https:\/\/papirol.si\/de\/wp-json\/wp\/v2\/comments?post=2171"}],"version-history":[{"count":12,"href":"https:\/\/papirol.si\/de\/wp-json\/wp\/v2\/pages\/2171\/revisions"}],"predecessor-version":[{"id":2661,"href":"https:\/\/papirol.si\/de\/wp-json\/wp\/v2\/pages\/2171\/revisions\/2661"}],"up":[{"embeddable":true,"href":"https:\/\/papirol.si\/de\/wp-json\/wp\/v2\/pages\/1777"}],"wp:attachment":[{"href":"https:\/\/papirol.si\/de\/wp-json\/wp\/v2\/media?parent=2171"}],"curies":[{"name":"wp","href":"https:\/\/api.w.org\/{rel}","templated":true}]}}