{"id":2179,"date":"2019-12-06T12:07:55","date_gmt":"2019-12-06T11:07:55","guid":{"rendered":"https:\/\/papirol.si\/prodajni-program\/vrecke-za-take-away-in-hitro-hrano\/papirolfol-mascoboodporni-papir-2\/"},"modified":"2020-03-02T12:11:22","modified_gmt":"2020-03-02T11:11:22","slug":"fast-food","status":"publish","type":"page","link":"https:\/\/papirol.si\/de\/prodajni-program\/vrecke-za-take-away-in-hitro-hrano\/fast-food\/","title":{"rendered":"Fast Food"},"content":{"rendered":"<div data-elementor-type=\"wp-page\" data-elementor-id=\"2179\" class=\"elementor elementor-2179\" data-elementor-post-type=\"page\">\n\t\t\t\t\t\t<section class=\"elementor-section elementor-top-section elementor-element elementor-element-35febe3e elementor-section-content-middle elementor-section-boxed elementor-section-height-default elementor-section-height-default\" data-id=\"35febe3e\" data-element_type=\"section\" data-e-type=\"section\" id=\"produkt-bio\" data-settings=\"{&quot;background_background&quot;:&quot;classic&quot;}\">\n\t\t\t\t\t\t<div class=\"elementor-container elementor-column-gap-default\">\n\t\t\t\t\t<div class=\"elementor-column elementor-col-50 elementor-top-column elementor-element elementor-element-60f051b0\" data-id=\"60f051b0\" data-element_type=\"column\" data-e-type=\"column\">\n\t\t\t<div class=\"elementor-widget-wrap elementor-element-populated\">\n\t\t\t\t\t\t<div class=\"elementor-element elementor-element-059580b elementor-widget elementor-widget-image\" data-id=\"059580b\" data-element_type=\"widget\" data-e-type=\"widget\" data-widget_type=\"image.default\">\n\t\t\t\t\t\t\t\t\t\t\t\t\t\t\t<img fetchpriority=\"high\" decoding=\"async\" width=\"640\" height=\"640\" src=\"https:\/\/papirol.si\/wp-content\/uploads\/2020\/01\/226350.png\" class=\"attachment-large size-large wp-image-2328\" alt=\"\" srcset=\"https:\/\/papirol.si\/wp-content\/uploads\/2020\/01\/226350.png 640w, https:\/\/papirol.si\/wp-content\/uploads\/2020\/01\/226350-300x300.png 300w, https:\/\/papirol.si\/wp-content\/uploads\/2020\/01\/226350-150x150.png 150w, https:\/\/papirol.si\/wp-content\/uploads\/2020\/01\/226350-285x285.png 285w\" sizes=\"(max-width: 640px) 100vw, 640px\" \/>\t\t\t\t\t\t\t\t\t\t\t\t\t\t\t<\/div>\n\t\t\t\t<div class=\"elementor-element elementor-element-6376cb7 elementor-widget elementor-widget-image\" data-id=\"6376cb7\" data-element_type=\"widget\" data-e-type=\"widget\" data-widget_type=\"image.default\">\n\t\t\t\t\t\t\t\t\t\t\t\t\t\t\t<img decoding=\"async\" width=\"940\" height=\"627\" src=\"https:\/\/papirol.si\/wp-content\/uploads\/2020\/03\/trikotna-vre\u010dka-burger_Fotor-1024x683.jpg\" class=\"attachment-large size-large wp-image-2802\" alt=\"\" srcset=\"https:\/\/papirol.si\/wp-content\/uploads\/2020\/03\/trikotna-vre\u010dka-burger_Fotor-1024x683.jpg 1024w, https:\/\/papirol.si\/wp-content\/uploads\/2020\/03\/trikotna-vre\u010dka-burger_Fotor-300x200.jpg 300w, https:\/\/papirol.si\/wp-content\/uploads\/2020\/03\/trikotna-vre\u010dka-burger_Fotor-768x512.jpg 768w, https:\/\/papirol.si\/wp-content\/uploads\/2020\/03\/trikotna-vre\u010dka-burger_Fotor-1536x1024.jpg 1536w, https:\/\/papirol.si\/wp-content\/uploads\/2020\/03\/trikotna-vre\u010dka-burger_Fotor-2048x1365.jpg 2048w, https:\/\/papirol.si\/wp-content\/uploads\/2020\/03\/trikotna-vre\u010dka-burger_Fotor-285x190.jpg 285w, https:\/\/papirol.si\/wp-content\/uploads\/2020\/03\/trikotna-vre\u010dka-burger_Fotor-1600x1067.jpg 1600w, https:\/\/papirol.si\/wp-content\/uploads\/2020\/03\/trikotna-vre\u010dka-burger_Fotor-660x440.jpg 660w, https:\/\/papirol.si\/wp-content\/uploads\/2020\/03\/trikotna-vre\u010dka-burger_Fotor-150x100.jpg 150w\" sizes=\"(max-width: 940px) 100vw, 940px\" \/>\t\t\t\t\t\t\t\t\t\t\t\t\t\t\t<\/div>\n\t\t\t\t\t<\/div>\n\t\t<\/div>\n\t\t\t\t<div class=\"elementor-column elementor-col-50 elementor-top-column elementor-element elementor-element-d497803\" data-id=\"d497803\" data-element_type=\"column\" data-e-type=\"column\">\n\t\t\t<div class=\"elementor-widget-wrap elementor-element-populated\">\n\t\t\t\t\t\t<div class=\"elementor-element elementor-element-35aa7cad elementor-widget elementor-widget-text-editor\" data-id=\"35aa7cad\" data-element_type=\"widget\" data-e-type=\"widget\" data-widget_type=\"text-editor.default\">\n\t\t\t\t\t\t\t\t\t<p><span style=\"font-weight: 400;\">Mit unseren Produkten halten wir auch mit den Entwicklungen im Bereich der Fast-Food-Produkte Schritt.<\/span><\/p><p><span style=\"font-weight: 400;\">Papiert\u00fcten aus wei\u00dfem oder natronbraunem, glattem Papier, einschlie\u00dflich fettdichter Papiere, sind eine ausgezeichnete Wahl und Alternative zu Kartonverpackungen, eine erschwingliche und hochfunktionelle L\u00f6sung.<\/span><\/p><p><span style=\"font-weight: 400;\">Sie werden f\u00fcr einzelne Pizzast\u00fccke, Fleisch- und Quarkbr\u00f6tchen, Croissants, gro\u00dfe Kekse, Pommes frites, Kebabs, Burger, Pfannkuchen usw. verwendet.<\/span><\/p><p><span style=\"font-weight: 400;\">Die Tragetaschen mit breitem Boden erm\u00f6glichen es, die Produkte liegend in die Taschen zu legen und eignen sich f\u00fcr Produkte zum Mitnehmen. Die Papiertragetaschen mit den Ma\u00dfen 26x17x25 cm, 32x17x27 cm und 32\u00d721,50\u00d727 cm haben ein echtes Wachstum erfahren.<\/span><\/p><p><span style=\"font-weight: 400;\">Unbedruckte Produkte auf Lager, auch in kleineren Mengen erh\u00e4ltlich.<\/span><\/p><p><span style=\"font-weight: 400;\">Wir bedrucken Papier und Taschen mehrfarbig, auch doppelseitig.<\/span><\/p>\t\t\t\t\t\t\t\t<\/div>\n\t\t\t\t\t<\/div>\n\t\t<\/div>\n\t\t\t\t\t<\/div>\n\t\t<\/section>\n\t\t\t\t<section class=\"elementor-section elementor-top-section elementor-element elementor-element-744bcb4d elementor-section-boxed elementor-section-height-default elementor-section-height-default\" data-id=\"744bcb4d\" data-element_type=\"section\" data-e-type=\"section\" id=\"product-bio-tbl\" data-settings=\"{&quot;background_background&quot;:&quot;classic&quot;}\">\n\t\t\t\t\t\t<div class=\"elementor-container elementor-column-gap-default\">\n\t\t\t\t\t<div class=\"elementor-column elementor-col-100 elementor-top-column elementor-element elementor-element-5064fdd0\" data-id=\"5064fdd0\" data-element_type=\"column\" data-e-type=\"column\">\n\t\t\t<div class=\"elementor-widget-wrap elementor-element-populated\">\n\t\t\t\t\t\t<div class=\"elementor-element elementor-element-4f3ae4bf elementor-widget elementor-widget-text-editor\" data-id=\"4f3ae4bf\" data-element_type=\"widget\" data-e-type=\"widget\" data-widget_type=\"text-editor.default\">\n\t\t\t\t\t\t\t\t\t<table><tbody><tr><td class=\"imVc\"><div><b class=\"fs11lh1-5\">Name des Produkts<\/b><\/div><\/td><td class=\"imVc\"><b>Abmessungen<\/b><\/td><td class=\"imVc\"><div class=\"imTACenter\"><b><span class=\"fs11lh1-5\">Verpackung<\/span><\/b><\/div><\/td><\/tr><tr><td class=\"imVc\"><div class=\"imTACenter\">Tragetasche natura NP<\/div><\/td><td class=\"imVc\"><div class=\"imTACenter\">26 x 17 x 25 cm<\/div><\/td><td class=\"imVc\"><div class=\"imTACenter\">\u00a0 250 St\u00fcck<\/div><\/td><\/tr><tr><td class=\"imVc\"><div class=\"imTACenter\">Tragetasche natura NP<\/div><\/td><td class=\"imVc\"><div class=\"imTACenter\">32 x 17 x 27 cm<\/div><\/td><td class=\"imVc\"><div class=\"imTACenter\">\u00a0 250 St\u00fcck<\/div><\/td><\/tr><tr><td class=\"imVc\"><div class=\"imTACenter\">Tragetasche natura NP<\/div><\/td><td class=\"imVc\"><div class=\"imTACenter\">32 x 21,5 x 27 cm<\/div><\/td><td class=\"imVc\"><div class=\"imTACenter\">\u00a0 250 St\u00fcck<\/div><\/td><\/tr><tr><td class=\"imVc\"><div class=\"imTACenter\">Tragetasche wei\u00df natura BP<\/div><\/td><td class=\"imVc\"><div class=\"imTACenter\">26 x 17 x 25 cm<\/div><\/td><td class=\"imVc\"><div class=\"imTACenter\">\u00a0 250 St\u00fcck<\/div><\/td><\/tr><tr><td class=\"imVc\"><div class=\"imTACenter\">Tragetasche wei\u00df natura BP<\/div><\/td><td class=\"imVc\"><div class=\"imTACenter\">32 x 17 x 27 cm<\/div><\/td><td class=\"imVc\"><div class=\"imTACenter\">\u00a0 250 St\u00fcck<\/div><\/td><\/tr><tr><td class=\"imVc\"><div class=\"imTACenter\"><span class=\"fs11lh1-5 ff1\">Tragetasche wei\u00df natura BP<\/span><\/div><\/td><td class=\"imVc\"><div class=\"imTACenter\">32 x 21,5 x 27 cm<\/div><\/td><td class=\"imVc\"><div class=\"imTACenter\">\u00a0 \u00a0250 St\u00fcck<\/div><\/td><\/tr><tr><td class=\"imVc\"><div class=\"imTACenter\">Natura Schnellimbiss M<\/div><\/td><td class=\"imVc\"><div class=\"imTACenter\">17 x 17 cm<\/div><\/td><td class=\"imVc\"><div class=\"imTACenter\">1000 St\u00fcck<\/div><\/td><\/tr><tr><td class=\"imVc\"><div class=\"imTACenter\">Natura Fast Food V<\/div><\/td><td class=\"imVc\"><div class=\"imTACenter\">20 x 20 cm<\/div><\/td><td class=\"imVc\"><div class=\"imTACenter\"><span class=\"fs11lh1-5 ff1\">1000 St\u00fcck<\/span><\/div><\/td><\/tr><tr><td class=\"imVc\"><div class=\"imTACenter\">Bela natura fast food M<\/div><\/td><td class=\"imVc\"><div class=\"imTACenter\">17 x 17 cm<\/div><\/td><td class=\"imVc\"><div class=\"imTACenter\"><span class=\"fs11lh1-5 ff1\">1000 St\u00fcck<\/span><\/div><\/td><\/tr><tr><td class=\"imVc\"><div class=\"imTACenter\">Bela natura fast food V<\/div><\/td><td class=\"imVc\"><div class=\"imTACenter\">20 x 20 cm<\/div><\/td><td class=\"imVc\"><div class=\"imTACenter\"><span class=\"fs11lh1-5 ff1\">1000 St\u00fcck<\/span><\/div><\/td><\/tr><tr><td class=\"imVc\"><div class=\"imTACenter\">Papirolex-Stummel BS<\/div><\/td><td class=\"imVc\"><div class=\"imTACenter\">19 + 7 x 29 cm<\/div><\/td><td class=\"imVc\"><div class=\"imTACenter\"><span class=\"fs11lh1-5 ff1\">1000 St\u00fcck<\/span><\/div><\/td><\/tr><tr><td class=\"imVc\"><div class=\"imTACenter\">Papirolex strimmer BV<\/div><\/td><td class=\"imVc\"><div class=\"imTACenter\">19 + 7 x 35 cm<\/div><\/td><td class=\"imVc\"><div class=\"imTACenter\"><span class=\"fs11lh1-5 ff1\">1000 St\u00fcck<\/span><\/div><\/td><\/tr><tr><td class=\"imVc\"><div class=\"imTACenter\">Papirolex Stummel BM - auf Bestellung gefertigt<\/div><\/td><td class=\"imVc\"><div class=\"imTACenter\">14 + 5 x 29 cm<\/div><\/td><td class=\"imVc\"><div class=\"imTACenter\">Auf Anfrage<\/div><\/td><\/tr><tr><td class=\"imVc\"><div class=\"imTACenter\">Papirolex fettdichter Stummel - auf Bestellung gefertigt<\/div><\/td><td class=\"imVc\"><div class=\"imTACenter\">17 x 17 cm<\/div><\/td><td class=\"imVc\"><div class=\"imTACenter\">Auf Anfrage<\/div><\/td><\/tr><\/tbody><\/table>\t\t\t\t\t\t\t\t<\/div>\n\t\t\t\t\t<\/div>\n\t\t<\/div>\n\t\t\t\t\t<\/div>\n\t\t<\/section>\n\t\t\t\t<section class=\"elementor-section elementor-top-section elementor-element elementor-element-3e7550ec elementor-section-boxed elementor-section-height-default elementor-section-height-default\" data-id=\"3e7550ec\" data-element_type=\"section\" data-e-type=\"section\" id=\"povp-sect\" data-settings=\"{&quot;background_background&quot;:&quot;classic&quot;}\">\n\t\t\t\t\t\t\t<div class=\"elementor-background-overlay\"><\/div>\n\t\t\t\t\t\t\t<div class=\"elementor-container elementor-column-gap-default\">\n\t\t\t\t\t<div class=\"elementor-column elementor-col-100 elementor-top-column elementor-element elementor-element-27eb2f6e\" data-id=\"27eb2f6e\" data-element_type=\"column\" data-e-type=\"column\">\n\t\t\t<div class=\"elementor-widget-wrap elementor-element-populated\">\n\t\t\t\t\t\t<div class=\"elementor-element elementor-element-44d6e39e elementor-widget elementor-widget-heading\" data-id=\"44d6e39e\" data-element_type=\"widget\" data-e-type=\"widget\" data-widget_type=\"heading.default\">\n\t\t\t\t\t<h2 class=\"elementor-heading-title elementor-size-default elementor-heading-title elementor-align-after-center\"><span style=\"font-weight:normal\"><span style=\"font-size: 9pt;font-weight: 700;vertical-align: baseline\"><\/span><\/span>Verwenden Sie umweltfreundliche Verpackungen!<\/h2>\t\t\t\t<\/div>\n\t\t\t\t<div class=\"elementor-element elementor-element-2317b07c elementor-widget elementor-widget-sm-default-button\" data-id=\"2317b07c\" data-element_type=\"widget\" data-e-type=\"widget\" data-widget_type=\"sm-default-button.default\">\n\t\t\t\t<div class=\"elementor-widget-container\">\n\t\t\t\t\t\n\t\t\t\t<a   href=\"https:\/\/papirol.si\/de\/povprasevanje\/takeaway\/\" class=\"btn\">Senden Sie Ihre Anfrage<i class=\"ti ti-arrow-right\"><\/i><\/a>\n\t\t\n\t\t\t\t\t<\/div>\n\t\t\t\t<\/div>\n\t\t\t\t\t<\/div>\n\t\t<\/div>\n\t\t\t\t\t<\/div>\n\t\t<\/section>\n\t\t\t\t<\/div>","protected":false},"excerpt":{"rendered":"<p>Razvoju izdelkom za hitro hrano sledimo tudi z na\u0161imi izdelki. Papirnate vre\u010dke izdelane iz belega ali natron rjavega&#8230;<\/p>","protected":false},"author":5,"featured_media":0,"parent":1777,"menu_order":0,"comment_status":"closed","ping_status":"closed","template":"elementor_header_footer","meta":{"footnotes":""},"class_list":["post-2179","page","type-page","status-publish","hentry"],"yoast_head":"<!-- This site is optimized with the Yoast SEO plugin v27.3 - https:\/\/yoast.com\/product\/yoast-seo-wordpress\/ -->\n<title>Fast food | Papirol<\/title>\n<meta name=\"robots\" content=\"index, follow, max-snippet:-1, max-image-preview:large, max-video-preview:-1\" \/>\n<link rel=\"canonical\" href=\"https:\/\/papirol.si\/de\/verkaufsprogramm\/tuten-fur-take-away-und-fast-food\/fast-food\/\" \/>\n<meta property=\"og:locale\" content=\"de_DE\" \/>\n<meta property=\"og:type\" content=\"article\" \/>\n<meta property=\"og:title\" content=\"Fast food | Papirol\" \/>\n<meta property=\"og:description\" content=\"Razvoju izdelkom za hitro hrano sledimo tudi z na\u0161imi izdelki. Papirnate vre\u010dke izdelane iz belega ali natron rjavega...\" \/>\n<meta property=\"og:url\" content=\"https:\/\/papirol.si\/de\/verkaufsprogramm\/tuten-fur-take-away-und-fast-food\/fast-food\/\" \/>\n<meta property=\"og:site_name\" content=\"Papirol\" \/>\n<meta property=\"article:modified_time\" content=\"2020-03-02T11:11:22+00:00\" \/>\n<meta property=\"og:image\" content=\"https:\/\/papirol.si\/wp-content\/uploads\/2020\/01\/226350.png\" \/>\n\t<meta property=\"og:image:width\" content=\"640\" \/>\n\t<meta property=\"og:image:height\" content=\"640\" \/>\n\t<meta property=\"og:image:type\" content=\"image\/png\" \/>\n<meta name=\"twitter:card\" content=\"summary_large_image\" \/>\n<meta name=\"twitter:label1\" content=\"Gesch\u00e4tzte Lesezeit\" \/>\n\t<meta name=\"twitter:data1\" content=\"1\u00a0Minute\" \/>\n<script type=\"application\/ld+json\" class=\"yoast-schema-graph\">{\"@context\":\"https:\\\/\\\/schema.org\",\"@graph\":[{\"@type\":\"WebPage\",\"@id\":\"https:\\\/\\\/papirol.si\\\/prodajni-program\\\/vrecke-za-take-away-in-hitro-hrano\\\/fast-food\\\/\",\"url\":\"https:\\\/\\\/papirol.si\\\/prodajni-program\\\/vrecke-za-take-away-in-hitro-hrano\\\/fast-food\\\/\",\"name\":\"Fast food | Papirol\",\"isPartOf\":{\"@id\":\"https:\\\/\\\/papirol.si\\\/#website\"},\"primaryImageOfPage\":{\"@id\":\"https:\\\/\\\/papirol.si\\\/prodajni-program\\\/vrecke-za-take-away-in-hitro-hrano\\\/fast-food\\\/#primaryimage\"},\"image\":{\"@id\":\"https:\\\/\\\/papirol.si\\\/prodajni-program\\\/vrecke-za-take-away-in-hitro-hrano\\\/fast-food\\\/#primaryimage\"},\"thumbnailUrl\":\"https:\\\/\\\/papirol.si\\\/wp-content\\\/uploads\\\/2020\\\/01\\\/226350.png\",\"datePublished\":\"2019-12-06T11:07:55+00:00\",\"dateModified\":\"2020-03-02T11:11:22+00:00\",\"breadcrumb\":{\"@id\":\"https:\\\/\\\/papirol.si\\\/prodajni-program\\\/vrecke-za-take-away-in-hitro-hrano\\\/fast-food\\\/#breadcrumb\"},\"inLanguage\":\"de\",\"potentialAction\":[{\"@type\":\"ReadAction\",\"target\":[\"https:\\\/\\\/papirol.si\\\/prodajni-program\\\/vrecke-za-take-away-in-hitro-hrano\\\/fast-food\\\/\"]}]},{\"@type\":\"ImageObject\",\"inLanguage\":\"de\",\"@id\":\"https:\\\/\\\/papirol.si\\\/prodajni-program\\\/vrecke-za-take-away-in-hitro-hrano\\\/fast-food\\\/#primaryimage\",\"url\":\"https:\\\/\\\/papirol.si\\\/wp-content\\\/uploads\\\/2020\\\/01\\\/226350.png\",\"contentUrl\":\"https:\\\/\\\/papirol.si\\\/wp-content\\\/uploads\\\/2020\\\/01\\\/226350.png\"},{\"@type\":\"BreadcrumbList\",\"@id\":\"https:\\\/\\\/papirol.si\\\/prodajni-program\\\/vrecke-za-take-away-in-hitro-hrano\\\/fast-food\\\/#breadcrumb\",\"itemListElement\":[{\"@type\":\"ListItem\",\"position\":1,\"name\":\"Home\",\"item\":\"https:\\\/\\\/papirol.si\\\/\"},{\"@type\":\"ListItem\",\"position\":2,\"name\":\"Prodajni program\",\"item\":\"https:\\\/\\\/papirol.si\\\/prodajni-program\\\/\"},{\"@type\":\"ListItem\",\"position\":3,\"name\":\"Vre\u010dke za take away in hitro hrano\",\"item\":\"https:\\\/\\\/papirol.si\\\/prodajni-program\\\/vrecke-za-take-away-in-hitro-hrano\\\/\"},{\"@type\":\"ListItem\",\"position\":4,\"name\":\"Fast food\"}]},{\"@type\":\"WebSite\",\"@id\":\"https:\\\/\\\/papirol.si\\\/#website\",\"url\":\"https:\\\/\\\/papirol.si\\\/\",\"name\":\"Papirol\",\"description\":\"Obla\u010dimo va\u0161e izdelke \u017ee 36 let!\",\"publisher\":{\"@id\":\"https:\\\/\\\/papirol.si\\\/#organization\"},\"potentialAction\":[{\"@type\":\"SearchAction\",\"target\":{\"@type\":\"EntryPoint\",\"urlTemplate\":\"https:\\\/\\\/papirol.si\\\/?s={search_term_string}\"},\"query-input\":{\"@type\":\"PropertyValueSpecification\",\"valueRequired\":true,\"valueName\":\"search_term_string\"}}],\"inLanguage\":\"de\"},{\"@type\":\"Organization\",\"@id\":\"https:\\\/\\\/papirol.si\\\/#organization\",\"name\":\"Papirol\",\"url\":\"https:\\\/\\\/papirol.si\\\/\",\"logo\":{\"@type\":\"ImageObject\",\"inLanguage\":\"de\",\"@id\":\"https:\\\/\\\/papirol.si\\\/#\\\/schema\\\/logo\\\/image\\\/\",\"url\":\"https:\\\/\\\/papirol.si\\\/wp-content\\\/uploads\\\/2019\\\/12\\\/papirol-bela.png\",\"contentUrl\":\"https:\\\/\\\/papirol.si\\\/wp-content\\\/uploads\\\/2019\\\/12\\\/papirol-bela.png\",\"width\":400,\"height\":80,\"caption\":\"Papirol\"},\"image\":{\"@id\":\"https:\\\/\\\/papirol.si\\\/#\\\/schema\\\/logo\\\/image\\\/\"}}]}<\/script>\n<!-- \/ Yoast SEO plugin. -->","yoast_head_json":{"title":"Fastfood | Papirol","robots":{"index":"index","follow":"follow","max-snippet":"max-snippet:-1","max-image-preview":"max-image-preview:large","max-video-preview":"max-video-preview:-1"},"canonical":"https:\/\/papirol.si\/de\/verkaufsprogramm\/tuten-fur-take-away-und-fast-food\/fast-food\/","og_locale":"de_DE","og_type":"article","og_title":"Fast food | Papirol","og_description":"Razvoju izdelkom za hitro hrano sledimo tudi z na\u0161imi izdelki. Papirnate vre\u010dke izdelane iz belega ali natron rjavega...","og_url":"https:\/\/papirol.si\/de\/verkaufsprogramm\/tuten-fur-take-away-und-fast-food\/fast-food\/","og_site_name":"Papirol","article_modified_time":"2020-03-02T11:11:22+00:00","og_image":[{"width":640,"height":640,"url":"https:\/\/papirol.si\/wp-content\/uploads\/2020\/01\/226350.png","type":"image\/png"}],"twitter_card":"summary_large_image","twitter_misc":{"Gesch\u00e4tzte Lesezeit":"1\u00a0Minute"},"schema":{"@context":"https:\/\/schema.org","@graph":[{"@type":"WebPage","@id":"https:\/\/papirol.si\/prodajni-program\/vrecke-za-take-away-in-hitro-hrano\/fast-food\/","url":"https:\/\/papirol.si\/prodajni-program\/vrecke-za-take-away-in-hitro-hrano\/fast-food\/","name":"Fastfood | Papirol","isPartOf":{"@id":"https:\/\/papirol.si\/#website"},"primaryImageOfPage":{"@id":"https:\/\/papirol.si\/prodajni-program\/vrecke-za-take-away-in-hitro-hrano\/fast-food\/#primaryimage"},"image":{"@id":"https:\/\/papirol.si\/prodajni-program\/vrecke-za-take-away-in-hitro-hrano\/fast-food\/#primaryimage"},"thumbnailUrl":"https:\/\/papirol.si\/wp-content\/uploads\/2020\/01\/226350.png","datePublished":"2019-12-06T11:07:55+00:00","dateModified":"2020-03-02T11:11:22+00:00","breadcrumb":{"@id":"https:\/\/papirol.si\/prodajni-program\/vrecke-za-take-away-in-hitro-hrano\/fast-food\/#breadcrumb"},"inLanguage":"de","potentialAction":[{"@type":"ReadAction","target":["https:\/\/papirol.si\/prodajni-program\/vrecke-za-take-away-in-hitro-hrano\/fast-food\/"]}]},{"@type":"ImageObject","inLanguage":"de","@id":"https:\/\/papirol.si\/prodajni-program\/vrecke-za-take-away-in-hitro-hrano\/fast-food\/#primaryimage","url":"https:\/\/papirol.si\/wp-content\/uploads\/2020\/01\/226350.png","contentUrl":"https:\/\/papirol.si\/wp-content\/uploads\/2020\/01\/226350.png"},{"@type":"BreadcrumbList","@id":"https:\/\/papirol.si\/prodajni-program\/vrecke-za-take-away-in-hitro-hrano\/fast-food\/#breadcrumb","itemListElement":[{"@type":"ListItem","position":1,"name":"Home","item":"https:\/\/papirol.si\/"},{"@type":"ListItem","position":2,"name":"Prodajni program","item":"https:\/\/papirol.si\/prodajni-program\/"},{"@type":"ListItem","position":3,"name":"Vre\u010dke za take away in hitro hrano","item":"https:\/\/papirol.si\/prodajni-program\/vrecke-za-take-away-in-hitro-hrano\/"},{"@type":"ListItem","position":4,"name":"Fast food"}]},{"@type":"WebSite","@id":"https:\/\/papirol.si\/#website","url":"https:\/\/papirol.si\/","name":"Papirol","description":"Wir kleiden Ihre Produkte seit 36 Jahren ein!","publisher":{"@id":"https:\/\/papirol.si\/#organization"},"potentialAction":[{"@type":"SearchAction","target":{"@type":"EntryPoint","urlTemplate":"https:\/\/papirol.si\/?s={search_term_string}"},"query-input":{"@type":"PropertyValueSpecification","valueRequired":true,"valueName":"search_term_string"}}],"inLanguage":"de"},{"@type":"Organization","@id":"https:\/\/papirol.si\/#organization","name":"Papirol","url":"https:\/\/papirol.si\/","logo":{"@type":"ImageObject","inLanguage":"de","@id":"https:\/\/papirol.si\/#\/schema\/logo\/image\/","url":"https:\/\/papirol.si\/wp-content\/uploads\/2019\/12\/papirol-bela.png","contentUrl":"https:\/\/papirol.si\/wp-content\/uploads\/2019\/12\/papirol-bela.png","width":400,"height":80,"caption":"Papirol"},"image":{"@id":"https:\/\/papirol.si\/#\/schema\/logo\/image\/"}}]}},"_links":{"self":[{"href":"https:\/\/papirol.si\/de\/wp-json\/wp\/v2\/pages\/2179","targetHints":{"allow":["GET"]}}],"collection":[{"href":"https:\/\/papirol.si\/de\/wp-json\/wp\/v2\/pages"}],"about":[{"href":"https:\/\/papirol.si\/de\/wp-json\/wp\/v2\/types\/page"}],"author":[{"embeddable":true,"href":"https:\/\/papirol.si\/de\/wp-json\/wp\/v2\/users\/5"}],"replies":[{"embeddable":true,"href":"https:\/\/papirol.si\/de\/wp-json\/wp\/v2\/comments?post=2179"}],"version-history":[{"count":12,"href":"https:\/\/papirol.si\/de\/wp-json\/wp\/v2\/pages\/2179\/revisions"}],"predecessor-version":[{"id":2803,"href":"https:\/\/papirol.si\/de\/wp-json\/wp\/v2\/pages\/2179\/revisions\/2803"}],"up":[{"embeddable":true,"href":"https:\/\/papirol.si\/de\/wp-json\/wp\/v2\/pages\/1777"}],"wp:attachment":[{"href":"https:\/\/papirol.si\/de\/wp-json\/wp\/v2\/media?parent=2179"}],"curies":[{"name":"wp","href":"https:\/\/api.w.org\/{rel}","templated":true}]}}