{"id":2193,"date":"2018-07-28T16:07:51","date_gmt":"2018-07-28T14:07:51","guid":{"rendered":"https:\/\/papirol.si\/povprasevanje-2\/"},"modified":"2020-01-22T20:23:41","modified_gmt":"2020-01-22T19:23:41","slug":"tragetaschen","status":"publish","type":"page","link":"https:\/\/papirol.si\/de\/povprasevanje\/nosilne-vrecke\/","title":{"rendered":"Anfrage senden"},"content":{"rendered":"<div data-elementor-type=\"wp-post\" data-elementor-id=\"2193\" class=\"elementor elementor-2193\" data-elementor-post-type=\"page\">\n\t\t\t\t\t\t<section class=\"elementor-section elementor-top-section elementor-element elementor-element-c1153d9 elementor-section-boxed elementor-section-height-default elementor-section-height-default\" data-id=\"c1153d9\" data-element_type=\"section\" data-e-type=\"section\">\n\t\t\t\t\t\t<div class=\"elementor-container elementor-column-gap-default\">\n\t\t\t\t\t<div class=\"elementor-column elementor-col-100 elementor-top-column elementor-element elementor-element-3cca13e elementor-invisible\" data-id=\"3cca13e\" data-element_type=\"column\" data-e-type=\"column\" data-settings=\"{&quot;animation&quot;:&quot;fadeIn&quot;,&quot;animation_delay&quot;:200}\">\n\t\t\t<div class=\"elementor-widget-wrap elementor-element-populated\">\n\t\t\t\t\t\t<div class=\"elementor-element elementor-element-1de9f0b elementor-widget elementor-widget-heading\" data-id=\"1de9f0b\" data-element_type=\"widget\" data-e-type=\"widget\" data-widget_type=\"heading.default\">\n\t\t\t\t\t<h2 class=\"elementor-heading-title elementor-size-default elementor-heading-title elementor-align-after-center\">Tragetaschen<\/h2>\t\t\t\t<\/div>\n\t\t\t\t<div class=\"elementor-element elementor-element-830e318 elementor-widget elementor-widget-shortcode\" data-id=\"830e318\" data-element_type=\"widget\" data-e-type=\"widget\" data-widget_type=\"shortcode.default\">\n\t\t\t\t\t\t\t<div class=\"elementor-shortcode\">\n<div class=\"wpcf7 no-js\" id=\"wpcf7-f2196-o1\" lang=\"sl-SI\" dir=\"ltr\" data-wpcf7-id=\"2196\">\n<div class=\"screen-reader-response\"><p role=\"status\" aria-live=\"polite\" aria-atomic=\"true\"><\/p> <ul><\/ul><\/div>\n<form action=\"\/de\/wp-json\/wp\/v2\/pages\/2193#wpcf7-f2196-o1\" method=\"post\" class=\"wpcf7-form init\" aria-label=\"Contact form\" novalidate=\"novalidate\" data-status=\"init\" data-trp-original-action=\"\/de\/wp-json\/wp\/v2\/pages\/2193#wpcf7-f2196-o1\">\n<fieldset class=\"hidden-fields-container\"><input type=\"hidden\" name=\"_wpcf7\" value=\"2196\" \/><input type=\"hidden\" name=\"_wpcf7_version\" value=\"6.1.5\" \/><input type=\"hidden\" name=\"_wpcf7_locale\" value=\"sl_SI\" \/><input type=\"hidden\" name=\"_wpcf7_unit_tag\" value=\"wpcf7-f2196-o1\" \/><input type=\"hidden\" name=\"_wpcf7_container_post\" value=\"0\" \/><input type=\"hidden\" name=\"_wpcf7_posted_data_hash\" value=\"\" \/><input type=\"hidden\" name=\"_wpcf7_recaptcha_response\" value=\"\" \/>\n<\/fieldset>\n<div id=\"pform\">\n\t<p><label> Ihr Name *<br \/>\n<span class=\"wpcf7-form-control-wrap\" data-name=\"ime\"><input size=\"40\" maxlength=\"400\" class=\"wpcf7-form-control wpcf7-text wpcf7-validates-as-required\" aria-required=\"true\" aria-invalid=\"false\" value=\"\" type=\"text\" name=\"ime\" \/><\/span><br \/>\n<\/label>\n\t<\/p>\n\t<p><label> Ihre E-Mail *<br \/>\n<span class=\"wpcf7-form-control-wrap\" data-name=\"email\"><input size=\"40\" maxlength=\"400\" class=\"wpcf7-form-control wpcf7-email wpcf7-validates-as-required wpcf7-text wpcf7-validates-as-email\" aria-required=\"true\" aria-invalid=\"false\" value=\"\" type=\"email\" name=\"email\" \/><\/span><br \/>\n<\/label>\n\t<\/p>\n\t<div class=\"sep\">\n\t<\/div>\n\t<div class=\"povp-auto\" id=\"tip-papirja\">\n\t\t<p><label> Papierart<\/label><br \/>\n<span class=\"wpcf7-form-control-wrap\" data-name=\"papir\"><span class=\"wpcf7-form-control wpcf7-checkbox\"><span class=\"wpcf7-list-item first\"><label><input type=\"checkbox\" name=\"papir[]\" value=\"1. Beli papir\" \/><span class=\"wpcf7-list-item-label\">1. wei\u00dfes Papier<\/span><\/label><\/span><span class=\"wpcf7-list-item last\"><label><input type=\"checkbox\" name=\"papir[]\" value=\"2. Natron rjavi papir\" \/><span class=\"wpcf7-list-item-label\">2. braunes Natronpapier<\/span><\/label><\/span><\/span><\/span>\n\t\t<\/p>\n\t<\/div>\n\t<div class=\"povp-auto\" id=\"tip-rocaja\">\n\t\t<p><label>Handgriff<\/label><br \/>\n<span class=\"wpcf7-form-control-wrap\" data-name=\"rocaj\"><span class=\"wpcf7-form-control wpcf7-checkbox\"><span class=\"wpcf7-list-item first\"><label><input type=\"checkbox\" name=\"rocaj[]\" value=\"1. Plo\u0161\u010dati papirnati ro\u010daj\" \/><span class=\"wpcf7-list-item-label\">1. flacher Papiergriff<\/span><\/label><\/span><span class=\"wpcf7-list-item last\"><label><input type=\"checkbox\" name=\"rocaj[]\" value=\"2. Zvita posukana ro\u010dka\" \/><span class=\"wpcf7-list-item-label\">2. verdrehter, verdrehter Arm<\/span><\/label><\/span><\/span><\/span>\n\t\t<\/p>\n\t<\/div>\n\t<div id=\"dimen-zvit\">\n\t\t<p><label>Abmessungen gedrehter Griff<\/label>\n\t\t<\/p>\n\t\t<p><span class=\"wpcf7-form-control-wrap\" data-name=\"dimen-zviz\"><span class=\"wpcf7-form-control wpcf7-checkbox\" id=\"povp-nosilna-zvit-dimen\"><span class=\"wpcf7-list-item first\"><label><input type=\"checkbox\" name=\"dimen-zviz[]\" value=\"14x8x21 cm\" \/><span class=\"wpcf7-list-item-label\">14x8x21 cm<\/span><\/label><\/span><span class=\"wpcf7-list-item\"><label><input type=\"checkbox\" name=\"dimen-zviz[]\" value=\"18x8x22 cm\" \/><span class=\"wpcf7-list-item-label\">18x8x22 cm<\/span><\/label><\/span><span class=\"wpcf7-list-item\"><label><input type=\"checkbox\" name=\"dimen-zviz[]\" value=\"22x10x31 cm\" \/><span class=\"wpcf7-list-item-label\">22x10x31 cm<\/span><\/label><\/span><span class=\"wpcf7-list-item\"><label><input type=\"checkbox\" name=\"dimen-zviz[]\" value=\"26x17x25 cm\" \/><span class=\"wpcf7-list-item-label\">26x17x25 cm<\/span><\/label><\/span><span class=\"wpcf7-list-item\"><label><input type=\"checkbox\" name=\"dimen-zviz[]\" value=\"32x21x27 cm\" \/><span class=\"wpcf7-list-item-label\">32x21x27 cm<\/span><\/label><\/span><span class=\"wpcf7-list-item\"><label><input type=\"checkbox\" name=\"dimen-zviz[]\" value=\"26x12x35 cm\" \/><span class=\"wpcf7-list-item-label\">26x12x35 cm<\/span><\/label><\/span><span class=\"wpcf7-list-item\"><label><input type=\"checkbox\" name=\"dimen-zviz[]\" value=\"32x12x41 cm\" \/><span class=\"wpcf7-list-item-label\">32x12x41 cm<\/span><\/label><\/span><span class=\"wpcf7-list-item\"><label><input type=\"checkbox\" name=\"dimen-zviz[]\" value=\"45x17x48 cm\" \/><span class=\"wpcf7-list-item-label\">45x17x48 cm<\/span><\/label><\/span><span class=\"wpcf7-list-item\"><label><input type=\"checkbox\" name=\"dimen-zviz[]\" value=\"14x8x39 cm\" \/><span class=\"wpcf7-list-item-label\">14x8x39 cm<\/span><\/label><\/span><span class=\"wpcf7-list-item last\"><label><input type=\"checkbox\" name=\"dimen-zviz[]\" value=\"18x8x39 cm\" \/><span class=\"wpcf7-list-item-label\">18x8x39 cm<\/span><\/label><\/span><\/span><\/span>\n\t\t<\/p>\n\t<\/div>\n\t<div id=\"dimen-plsc\">\n\t\t<p><label>Abmessungen Flacher Griff<\/label>\n\t\t<\/p>\n\t\t<p><span class=\"wpcf7-form-control-wrap\" data-name=\"dimen-ploscat\"><span class=\"wpcf7-form-control wpcf7-checkbox\" id=\"povp-nosilna-ploscat-dimen\"><span class=\"wpcf7-list-item first\"><label><input type=\"checkbox\" name=\"dimen-ploscat[]\" value=\"18x8x22 cm\" \/><span class=\"wpcf7-list-item-label\">18x8x22 cm<\/span><\/label><\/span><span class=\"wpcf7-list-item\"><label><input type=\"checkbox\" name=\"dimen-ploscat[]\" value=\"22x10x28 cm\" \/><span class=\"wpcf7-list-item-label\">22x10x28 cm<\/span><\/label><\/span><span class=\"wpcf7-list-item\"><label><input type=\"checkbox\" name=\"dimen-ploscat[]\" value=\"26x12x35 cm\" \/><span class=\"wpcf7-list-item-label\">26x12x35 cm<\/span><\/label><\/span><span class=\"wpcf7-list-item\"><label><input type=\"checkbox\" name=\"dimen-ploscat[]\" value=\"26x17x25 cm\" \/><span class=\"wpcf7-list-item-label\">26x17x25 cm<\/span><\/label><\/span><span class=\"wpcf7-list-item\"><label><input type=\"checkbox\" name=\"dimen-ploscat[]\" value=\"32x17x27 cm\" \/><span class=\"wpcf7-list-item-label\">32x17x27 cm<\/span><\/label><\/span><span class=\"wpcf7-list-item\"><label><input type=\"checkbox\" name=\"dimen-ploscat[]\" value=\"32x21x27 cm\" \/><span class=\"wpcf7-list-item-label\">32x21x27 cm<\/span><\/label><\/span><span class=\"wpcf7-list-item\"><label><input type=\"checkbox\" name=\"dimen-ploscat[]\" value=\"32x17x43 cm\" \/><span class=\"wpcf7-list-item-label\">32x17x43 cm<\/span><\/label><\/span><span class=\"wpcf7-list-item last\"><label><input type=\"checkbox\" name=\"dimen-ploscat[]\" value=\"45x17x48 cm\" \/><span class=\"wpcf7-list-item-label\">45x17x48 cm<\/span><\/label><\/span><\/span><\/span>\n\t\t<\/p>\n\t<\/div>\n\t<div class=\"povp-auto\">\n\t\t<p><label> Gedruckt von<\/label><br \/>\n<span class=\"wpcf7-form-control-wrap\" data-name=\"tip-tisk\"><span class=\"wpcf7-form-control wpcf7-checkbox\"><span class=\"wpcf7-list-item first\"><label><input type=\"checkbox\" name=\"tip-tisk[]\" value=\"Brez tiska\" \/><span class=\"wpcf7-list-item-label\">Keine Presse<\/span><\/label><\/span><span class=\"wpcf7-list-item\"><label><input type=\"checkbox\" name=\"tip-tisk[]\" value=\"Tisk na 1 stran\" \/><span class=\"wpcf7-list-item-label\">Druck pro 1 Seite<\/span><\/label><\/span><span class=\"wpcf7-list-item last\"><label><input type=\"checkbox\" name=\"tip-tisk[]\" value=\"Tisk na 2 strani\" \/><span class=\"wpcf7-list-item-label\">Druck auf 2 Seiten<\/span><\/label><\/span><\/span><\/span>\n\t\t<\/p>\n\t<\/div>\n\t<p><label class=\"tisk\"> Anzahl der Druckfarben<br \/>\n<span class=\"wpcf7-form-control-wrap\" data-name=\"tisk-st-barv\"><input class=\"wpcf7-form-control wpcf7-number wpcf7-validates-as-number\" min=\"0\" max=\"10000\" aria-invalid=\"false\" placeholder=\"0\" value=\"\" type=\"number\" name=\"tisk-st-barv\" \/><\/span><br \/>\n<\/label>\n\t<\/p>\n\t<p><label class=\"tisk\"> Kommentar der Presse<br \/>\n<span class=\"wpcf7-form-control-wrap\" data-name=\"tisk-komentar\"><textarea cols=\"40\" rows=\"10\" maxlength=\"2000\" class=\"wpcf7-form-control wpcf7-textarea\" aria-invalid=\"false\" name=\"tisk-komentar\"><\/textarea><\/span><br \/>\n<\/label>\n\t<\/p>\n\t<p><label> Menge<br \/>\n<span class=\"wpcf7-form-control-wrap\" data-name=\"kolicina\"><input size=\"40\" maxlength=\"400\" class=\"wpcf7-form-control wpcf7-text\" aria-invalid=\"false\" placeholder=\"Geben Sie den gew\u00fcnschten Wert der Menge an\" value=\"\" type=\"text\" name=\"kolicina\" \/><\/span><br \/>\n<\/label>\n\t<\/p>\n\t<div class=\"sep\">\n\t<\/div>\n\t<p><label> Weitere Fragen, Hinweise,...<br \/>\n<span class=\"wpcf7-form-control-wrap\" data-name=\"your-message\"><textarea cols=\"40\" rows=\"10\" maxlength=\"2000\" class=\"wpcf7-form-control wpcf7-textarea\" aria-invalid=\"false\" name=\"your-message\"><\/textarea><\/span><br \/>\n<\/label>\n\t<\/p>\n\t<div id=\"pform-send\">\n\t\t<p><input class=\"wpcf7-form-control wpcf7-submit has-spinner\" type=\"submit\" value=\"Senden an\" \/>\n\t\t<\/p>\n\t<\/div>\n\t<div id=\"pform-help\">\n\t\t<p>Brauchen Sie Hilfe beim Ausf\u00fcllen des Formulars oder haben Sie weitere Fragen?<a href=\"tel:+38651339399\">+386 (0)51 339 399<\/a>\n\t\t<\/p>\n\t<\/div>\n<\/div><div class=\"wpcf7-response-output\" aria-hidden=\"true\"><\/div>\n<input type=\"hidden\" name=\"trp-form-language\" value=\"de\"\/><\/form>\n<\/div>\n<\/div>\n\t\t\t\t\t\t<\/div>\n\t\t\t\t\t<\/div>\n\t\t<\/div>\n\t\t\t\t\t<\/div>\n\t\t<\/section>\n\t\t\t\t<\/div>","protected":false},"excerpt":{"rendered":"<p>Tragetaschen<\/p>","protected":false},"author":5,"featured_media":0,"parent":2186,"menu_order":0,"comment_status":"closed","ping_status":"closed","template":"elementor_header_footer","meta":{"footnotes":""},"class_list":["post-2193","page","type-page","status-publish","hentry"],"yoast_head":"<!-- This site is optimized with the Yoast SEO plugin v27.3 - https:\/\/yoast.com\/product\/yoast-seo-wordpress\/ -->\n<title>Po\u0161lji povpra\u0161evanje | Papirol<\/title>\n<meta name=\"robots\" content=\"index, follow, max-snippet:-1, max-image-preview:large, max-video-preview:-1\" \/>\n<link rel=\"canonical\" href=\"https:\/\/papirol.si\/de\/anfrage\/tragetaschen\/\" \/>\n<meta property=\"og:locale\" content=\"de_DE\" \/>\n<meta property=\"og:type\" content=\"article\" \/>\n<meta property=\"og:title\" content=\"Po\u0161lji povpra\u0161evanje | Papirol\" \/>\n<meta property=\"og:description\" content=\"Nosilne vre\u010dke\" \/>\n<meta property=\"og:url\" content=\"https:\/\/papirol.si\/de\/anfrage\/tragetaschen\/\" \/>\n<meta property=\"og:site_name\" content=\"Papirol\" \/>\n<meta property=\"article:modified_time\" content=\"2020-01-22T19:23:41+00:00\" \/>\n<meta name=\"twitter:card\" content=\"summary_large_image\" \/>\n<script type=\"application\/ld+json\" class=\"yoast-schema-graph\">{\"@context\":\"https:\\\/\\\/schema.org\",\"@graph\":[{\"@type\":\"WebPage\",\"@id\":\"https:\\\/\\\/papirol.si\\\/povprasevanje\\\/nosilne-vrecke\\\/\",\"url\":\"https:\\\/\\\/papirol.si\\\/povprasevanje\\\/nosilne-vrecke\\\/\",\"name\":\"Po\u0161lji povpra\u0161evanje | Papirol\",\"isPartOf\":{\"@id\":\"https:\\\/\\\/papirol.si\\\/#website\"},\"datePublished\":\"2018-07-28T14:07:51+00:00\",\"dateModified\":\"2020-01-22T19:23:41+00:00\",\"breadcrumb\":{\"@id\":\"https:\\\/\\\/papirol.si\\\/povprasevanje\\\/nosilne-vrecke\\\/#breadcrumb\"},\"inLanguage\":\"de\",\"potentialAction\":[{\"@type\":\"ReadAction\",\"target\":[\"https:\\\/\\\/papirol.si\\\/povprasevanje\\\/nosilne-vrecke\\\/\"]}]},{\"@type\":\"BreadcrumbList\",\"@id\":\"https:\\\/\\\/papirol.si\\\/povprasevanje\\\/nosilne-vrecke\\\/#breadcrumb\",\"itemListElement\":[{\"@type\":\"ListItem\",\"position\":1,\"name\":\"Home\",\"item\":\"https:\\\/\\\/papirol.si\\\/\"},{\"@type\":\"ListItem\",\"position\":2,\"name\":\"Povpra\u0161evanje\",\"item\":\"https:\\\/\\\/papirol.si\\\/povprasevanje\\\/\"},{\"@type\":\"ListItem\",\"position\":3,\"name\":\"Po\u0161lji povpra\u0161evanje\"}]},{\"@type\":\"WebSite\",\"@id\":\"https:\\\/\\\/papirol.si\\\/#website\",\"url\":\"https:\\\/\\\/papirol.si\\\/\",\"name\":\"Papirol\",\"description\":\"Obla\u010dimo va\u0161e izdelke \u017ee 36 let!\",\"publisher\":{\"@id\":\"https:\\\/\\\/papirol.si\\\/#organization\"},\"potentialAction\":[{\"@type\":\"SearchAction\",\"target\":{\"@type\":\"EntryPoint\",\"urlTemplate\":\"https:\\\/\\\/papirol.si\\\/?s={search_term_string}\"},\"query-input\":{\"@type\":\"PropertyValueSpecification\",\"valueRequired\":true,\"valueName\":\"search_term_string\"}}],\"inLanguage\":\"de\"},{\"@type\":\"Organization\",\"@id\":\"https:\\\/\\\/papirol.si\\\/#organization\",\"name\":\"Papirol\",\"url\":\"https:\\\/\\\/papirol.si\\\/\",\"logo\":{\"@type\":\"ImageObject\",\"inLanguage\":\"de\",\"@id\":\"https:\\\/\\\/papirol.si\\\/#\\\/schema\\\/logo\\\/image\\\/\",\"url\":\"https:\\\/\\\/papirol.si\\\/wp-content\\\/uploads\\\/2019\\\/12\\\/papirol-bela.png\",\"contentUrl\":\"https:\\\/\\\/papirol.si\\\/wp-content\\\/uploads\\\/2019\\\/12\\\/papirol-bela.png\",\"width\":400,\"height\":80,\"caption\":\"Papirol\"},\"image\":{\"@id\":\"https:\\\/\\\/papirol.si\\\/#\\\/schema\\\/logo\\\/image\\\/\"}}]}<\/script>\n<!-- \/ Yoast SEO plugin. -->","yoast_head_json":{"title":"Anfrage senden | Papirol","robots":{"index":"index","follow":"follow","max-snippet":"max-snippet:-1","max-image-preview":"max-image-preview:large","max-video-preview":"max-video-preview:-1"},"canonical":"https:\/\/papirol.si\/de\/anfrage\/tragetaschen\/","og_locale":"de_DE","og_type":"article","og_title":"Po\u0161lji povpra\u0161evanje | Papirol","og_description":"Nosilne vre\u010dke","og_url":"https:\/\/papirol.si\/de\/anfrage\/tragetaschen\/","og_site_name":"Papirol","article_modified_time":"2020-01-22T19:23:41+00:00","twitter_card":"summary_large_image","schema":{"@context":"https:\/\/schema.org","@graph":[{"@type":"WebPage","@id":"https:\/\/papirol.si\/povprasevanje\/nosilne-vrecke\/","url":"https:\/\/papirol.si\/povprasevanje\/nosilne-vrecke\/","name":"Anfrage senden | Papirol","isPartOf":{"@id":"https:\/\/papirol.si\/#website"},"datePublished":"2018-07-28T14:07:51+00:00","dateModified":"2020-01-22T19:23:41+00:00","breadcrumb":{"@id":"https:\/\/papirol.si\/povprasevanje\/nosilne-vrecke\/#breadcrumb"},"inLanguage":"de","potentialAction":[{"@type":"ReadAction","target":["https:\/\/papirol.si\/povprasevanje\/nosilne-vrecke\/"]}]},{"@type":"BreadcrumbList","@id":"https:\/\/papirol.si\/povprasevanje\/nosilne-vrecke\/#breadcrumb","itemListElement":[{"@type":"ListItem","position":1,"name":"Home","item":"https:\/\/papirol.si\/"},{"@type":"ListItem","position":2,"name":"Povpra\u0161evanje","item":"https:\/\/papirol.si\/povprasevanje\/"},{"@type":"ListItem","position":3,"name":"Po\u0161lji povpra\u0161evanje"}]},{"@type":"WebSite","@id":"https:\/\/papirol.si\/#website","url":"https:\/\/papirol.si\/","name":"Papirol","description":"Wir kleiden Ihre Produkte seit 36 Jahren ein!","publisher":{"@id":"https:\/\/papirol.si\/#organization"},"potentialAction":[{"@type":"SearchAction","target":{"@type":"EntryPoint","urlTemplate":"https:\/\/papirol.si\/?s={search_term_string}"},"query-input":{"@type":"PropertyValueSpecification","valueRequired":true,"valueName":"search_term_string"}}],"inLanguage":"de"},{"@type":"Organization","@id":"https:\/\/papirol.si\/#organization","name":"Papirol","url":"https:\/\/papirol.si\/","logo":{"@type":"ImageObject","inLanguage":"de","@id":"https:\/\/papirol.si\/#\/schema\/logo\/image\/","url":"https:\/\/papirol.si\/wp-content\/uploads\/2019\/12\/papirol-bela.png","contentUrl":"https:\/\/papirol.si\/wp-content\/uploads\/2019\/12\/papirol-bela.png","width":400,"height":80,"caption":"Papirol"},"image":{"@id":"https:\/\/papirol.si\/#\/schema\/logo\/image\/"}}]}},"_links":{"self":[{"href":"https:\/\/papirol.si\/de\/wp-json\/wp\/v2\/pages\/2193","targetHints":{"allow":["GET"]}}],"collection":[{"href":"https:\/\/papirol.si\/de\/wp-json\/wp\/v2\/pages"}],"about":[{"href":"https:\/\/papirol.si\/de\/wp-json\/wp\/v2\/types\/page"}],"author":[{"embeddable":true,"href":"https:\/\/papirol.si\/de\/wp-json\/wp\/v2\/users\/5"}],"replies":[{"embeddable":true,"href":"https:\/\/papirol.si\/de\/wp-json\/wp\/v2\/comments?post=2193"}],"version-history":[{"count":6,"href":"https:\/\/papirol.si\/de\/wp-json\/wp\/v2\/pages\/2193\/revisions"}],"predecessor-version":[{"id":2228,"href":"https:\/\/papirol.si\/de\/wp-json\/wp\/v2\/pages\/2193\/revisions\/2228"}],"up":[{"embeddable":true,"href":"https:\/\/papirol.si\/de\/wp-json\/wp\/v2\/pages\/2186"}],"wp:attachment":[{"href":"https:\/\/papirol.si\/de\/wp-json\/wp\/v2\/media?parent=2193"}],"curies":[{"name":"wp","href":"https:\/\/api.w.org\/{rel}","templated":true}]}}