{"id":3,"date":"2019-11-15T16:55:38","date_gmt":"2019-11-15T16:55:38","guid":{"rendered":"https:\/\/papirol.si\/?page_id=3"},"modified":"2020-11-24T15:57:01","modified_gmt":"2020-11-24T14:57:01","slug":"datenschutzbestimmungen","status":"publish","type":"page","link":"https:\/\/papirol.si\/de\/politika-zasebnosti\/","title":{"rendered":"Datenschutzbestimmungen"},"content":{"rendered":"<h1 class=\"wp-block-heading\">Datenschutzbestimmungen<\/h1>\n\n\n\n<h2 class=\"wp-block-heading\"><strong>SCHUTZ DER PERSONENBEZOGENEN DATEN<\/strong><\/h2>\n\n\n\n<p>Wir respektieren Ihre Privatsph\u00e4re und verpflichten uns, die \u00fcber das Online-Informationssystem erhobenen personenbezogenen Daten zu sch\u00fctzen und sie nicht ohne Ihre Zustimmung an Dritte weiterzugeben oder f\u00fcr andere Zwecke zu verwenden. Da es im Online-Informationssystem bestimmte Links zu anderen, externen Websites gibt, die nicht mit uns verbunden sind, \u00fcbernehmen wir keine Verantwortung f\u00fcr den Schutz der Daten auf diesen Websites.<\/p>\n\n\n\n<p>Gleichzeitig verpflichten wir uns, die Daten und die Privatsph\u00e4re der Besucher der Website nach besten Kr\u00e4ften zu sch\u00fctzen. .<\/p>\n\n\n\n<p>Um den unbefugten Zugriff auf die von uns erfassten Daten oder deren Weitergabe zu verhindern, die Richtigkeit der personenbezogenen Daten zu wahren und ihre angemessene Verwendung zu gew\u00e4hrleisten, setzen wir geeignete technische und organisatorische Verfahren zur Sicherung der von uns erfassten Daten ein.<\/p>\n\n\n\n<h3 class=\"wp-block-heading\"><strong>1 Wer ist der Sammler der personenbezogenen Daten?<\/strong><\/h3>\n\n\n\n<p>Der Datensammler ist<strong>&nbsp;Ministerium f\u00fcr Umwelt und Raumordnung, Dunajska 48, 1000 Ljubljana (nachstehend \"f\u00fcr die Verarbeitung Verantwortlicher\" genannt).<\/strong><\/p>\n\n\n\n<h3 class=\"wp-block-heading\"><strong>2. welche Daten sammeln wir?<\/strong><\/h3>\n\n\n\n<p>Der f\u00fcr die Datenverarbeitung Verantwortliche erhebt, verwaltet, verarbeitet und speichert die folgenden Nutzerdaten zum Zwecke der Erbringung der angebotenen Dienste:<\/p>\n\n\n\n<ul class=\"wp-block-list\"><li>Vor- und Nachname;<\/li><li>E-Mail Adresse (Benutzername);<\/li><li>Ihre IP-Nummer;<\/li><li>andere Informationen, die der Nutzer freiwillig in die Formulare eingibt;<\/li><\/ul>\n\n\n\n<p>Der f\u00fcr die Verarbeitung Verantwortliche ist nicht verantwortlich f\u00fcr die Richtigkeit, Vollst\u00e4ndigkeit und Aktualit\u00e4t der von den Nutzern eingegebenen Daten.<\/p>\n\n\n\n<h3 class=\"wp-block-heading\"><strong>3. zu welchen Zwecken erheben wir personenbezogene Daten?<\/strong><\/h3>\n\n\n\n<p>Der f\u00fcr die Datenverarbeitung Verantwortliche ist verpflichtet, die personenbezogenen Daten der Nutzer seiner Website gem\u00e4\u00df den Vorschriften \u00fcber den Schutz personenbezogener Daten zu sch\u00fctzen. Der f\u00fcr die Verarbeitung Verantwortliche wird unter keinen Umst\u00e4nden die personenbezogenen oder sonstigen Daten des Nutzers ohne dessen ausdr\u00fcckliche Zustimmung an Dritte weitergeben oder einem Dritten die Einsichtnahme in die personenbezogenen oder sonstigen Daten des Nutzers gestatten, es sei denn, er wird von den Beh\u00f6rden dazu aufgefordert, wenn eine solche Verpflichtung gesetzlich vorgesehen ist oder in dem guten Glauben, dass eine solche Ma\u00dfnahme f\u00fcr Gerichtsverfahren vor Gerichten oder anderen Beh\u00f6rden oder f\u00fcr den Schutz und die Verfolgung der berechtigten Interessen des f\u00fcr die Verarbeitung Verantwortlichen erforderlich ist.<\/p>\n\n\n\n<p>Alle vom Nutzer zur Verf\u00fcgung gestellten pers\u00f6nlichen und sonstigen Daten werden im Einklang mit den Vorschriften zum Schutz personenbezogener Daten gesch\u00fctzt. Der f\u00fcr die Datenverarbeitung Verantwortliche wird diese Daten nicht f\u00fcr Zwecke verwenden, die dem Nutzer oder einer anderen beteiligten Person in irgendeiner Weise schaden w\u00fcrden. Der f\u00fcr die Datenverarbeitung Verantwortliche wird die Daten des Nutzers nicht f\u00fcr die Versendung von Werbe-E-Mails oder anderem unaufgeforderten Werbematerial verwenden, es sei denn, der Nutzer hat sich f\u00fcr die Versendung von Werbemitteilungen angemeldet oder ihr zugestimmt. Der f\u00fcr die Datenverarbeitung Verantwortliche kann die Daten in anonymisierter, aggregierter Form f\u00fcr statistische Analysezwecke verwenden. Die Vertraulichkeit der pers\u00f6nlichen und sonstigen Daten der Nutzer wird in keiner Form verletzt.<\/p>\n\n\n\n<p><strong>Kommunikation \u00fcber das Online-Kontaktformular<\/strong><br>Auf der Website k\u00f6nnen Sie \u00fcber ein Online-Formular Kontakt mit uns aufnehmen, um sich \u00fcber unsere Dienstleistungen zu informieren oder Fragen an unsere E-Mail-Adresse zu senden. Es ist auch m\u00f6glich, uns direkt per E-Mail, Post oder Telekommunikation zu kontaktieren. Wenn Sie unser Online-Formular ausf\u00fcllen, um eine Anfrage zu stellen, einen Kommentar abzugeben oder eine Frage zu stellen, m\u00fcssen Sie die Felder \u201cVor- und Nachname\u201d, \u201cE-Mail-Adresse\u201d und \u201cNachricht\u201d ausf\u00fcllen. Sie m\u00fcssen auch ausdr\u00fccklich best\u00e4tigen, dass Sie mit dem Absenden Ihrer Anfrage, Ihres Kommentars oder Ihrer Frage \u00fcber das Kontaktformular und der Eingabe Ihrer Daten damit einverstanden sind und anerkennen, dass Ihre Daten (Vor- und Nachname, E-Mail-Adresse und Telefonnummer) in unserer Datenbank f\u00fcr 2 Jahre nach Absenden des Kontaktformulars zum Zweck der F\u00fchrung von Kundenaufzeichnungen und der Sicherstellung einer fairen Kommunikation gespeichert werden, und dass Sie wissen, dass Sie uns jederzeit auffordern k\u00f6nnen, Ihre Daten zu l\u00f6schen. Sie k\u00f6nnen die L\u00f6schung Ihrer Daten \u00fcber das Kontaktformular hier beantragen. Wenn Sie nicht angeben, dass Sie mit der Datenschutzrichtlinie einverstanden sind, wird Ihre E-Mail-Anfrage nicht erfolgreich an uns weitergeleitet.<\/p>\n\n\n\n<p>Wir ben\u00f6tigen Ihre personenbezogenen Daten, um Ihre Anfrage oder Frage zu unseren Dienstleistungen beantworten zu k\u00f6nnen.  Die von Ihnen im Online-Formular eingegebenen Daten werden von uns nur dann verarbeitet, wenn dies f\u00fcr unsere Gesch\u00e4ftst\u00e4tigkeit und Speicherung (Archivierung) erforderlich ist.<\/p>\n\n\n\n<p>Der f\u00fcr die Verarbeitung Verantwortliche bewahrt die personenbezogenen Daten der Nutzer in der Datei f\u00fcr personenbezogene Daten nur so lange auf, wie es f\u00fcr die Erreichung des Zwecks, f\u00fcr den die personenbezogenen Daten erhoben und aufbewahrt werden, erforderlich ist.<\/p>\n\n\n\n<h3 class=\"wp-block-heading\"><strong>4. die Umsetzung der Datenschutzpolitik<\/strong><\/h3>\n\n\n\n<p>Gem\u00e4\u00df dem Gesetz zum Schutz personenbezogener Daten hat der f\u00fcr die Verarbeitung Verantwortliche den Schutz personenbezogener Daten in der Datenschutzverordnung geregelt.<\/p>\n\n\n\n<p>Alle bei der f\u00fcr die Verarbeitung Verantwortlichen besch\u00e4ftigten Personen, ob in Vollzeit oder Teilzeit, die Zugang zu den pers\u00f6nlichen und anderen Daten der Nutzer haben, kennen die Bestimmungen der Datenschutzverordnung und die Pflicht zum Schutz der pers\u00f6nlichen und anderen Daten und sind verpflichtet, diese Bestimmungen zum Schutz der Vertraulichkeit der pers\u00f6nlichen Daten und der Privatsph\u00e4re der Nutzer des Online-Shops einzuhalten. Die Verpflichtung zum Schutz personenbezogener und anderer Daten gilt auf unbestimmte Zeit, auch nach Beendigung der Beziehung mit dem Datenverantwortlichen.<\/p>\n\n\n\n<h3 class=\"wp-block-heading\"><strong>5. ihre Rechte<\/strong><\/h3>\n\n\n\n<p>Wir sind verpflichtet, personenbezogene Daten nur f\u00fcr die Zwecke zu verarbeiten, f\u00fcr die sie erhoben wurden. Sie haben das Recht, uns in dieser Hinsicht zu kontrollieren. Sie k\u00f6nnen jederzeit von uns verlangen, dass wir Ihnen Zugang zu Ihren von uns verarbeiteten personenbezogenen Daten gew\u00e4hren, Ihnen Auskunft (Kopie, Auszug) \u00fcber die Verarbeitung Ihrer personenbezogenen Daten geben oder die Berichtigung, das Verbot der Verarbeitung oder die L\u00f6schung Ihrer personenbezogenen Daten verlangen. Sie k\u00f6nnen die Berichtigung, das Verbot der Verarbeitung oder die L\u00f6schung Ihrer personenbezogenen Daten \u00fcber das Kontaktformular beantragen. Bitte senden Sie Ihre Fragen oder W\u00fcnsche an unsere E-Mail-Adresse oder rufen Sie uns an.<\/p>\n\n\n\n<p>Wenn Sie mit unserer Antwort auf Ihren Antrag auf Auskunft, Berichtigung, Verbot der Verarbeitung oder L\u00f6schung Ihrer personenbezogenen Daten nicht zufrieden sind oder wenn Sie der Ansicht sind, dass Ihr Recht auf Schutz Ihrer personenbezogenen Daten verletzt wurde, k\u00f6nnen Sie eine Beschwerde bei der nationalen Aufsichtsbeh\u00f6rde unter folgender Adresse einreichen:&nbsp;<strong>Republik Slowenien, Informationsbeauftragter, Zalo\u0161ka 59, 1000 Ljubljana.<\/strong><\/p>\n\n\n\n<h3 class=\"wp-block-heading\"><strong>6. zus\u00e4tzliche Klarstellungen<\/strong><\/h3>\n\n\n\n<p>Wenn Sie Fragen, Bedenken oder Kommentare zu dieser Datenschutzrichtlinie haben, k\u00f6nnen Sie uns auch per E-Mail kontaktieren:\u00a0<a href=\"mailto:info@papirol.si\">info@papirol.si<\/a><\/p>","protected":false},"excerpt":{"rendered":"<p>Politika zasebnosti VARSTVO OSEBNIH PODATKOV Spo\u0161tujemo va\u0161o zasebnost in se zavezujemo, da bomo osebne podatke, pridobljene prek spletnega&#8230;<\/p>","protected":false},"author":5,"featured_media":0,"parent":0,"menu_order":0,"comment_status":"closed","ping_status":"open","template":"","meta":{"footnotes":""},"class_list":["post-3","page","type-page","status-publish","hentry"],"yoast_head":"<!-- This site is optimized with the Yoast SEO plugin v27.3 - https:\/\/yoast.com\/product\/yoast-seo-wordpress\/ -->\n<title>Politika zasebnosti | Papirol<\/title>\n<meta name=\"robots\" content=\"index, follow, max-snippet:-1, max-image-preview:large, max-video-preview:-1\" \/>\n<link rel=\"canonical\" href=\"https:\/\/papirol.si\/de\/datenschutzbestimmungen\/\" \/>\n<meta property=\"og:locale\" content=\"de_DE\" \/>\n<meta property=\"og:type\" content=\"article\" \/>\n<meta property=\"og:title\" content=\"Politika zasebnosti | Papirol\" \/>\n<meta property=\"og:description\" content=\"Politika zasebnosti VARSTVO OSEBNIH PODATKOV Spo\u0161tujemo va\u0161o zasebnost in se zavezujemo, da bomo osebne podatke, pridobljene prek spletnega...\" \/>\n<meta property=\"og:url\" content=\"https:\/\/papirol.si\/de\/datenschutzbestimmungen\/\" \/>\n<meta property=\"og:site_name\" content=\"Papirol\" \/>\n<meta property=\"article:modified_time\" content=\"2020-11-24T14:57:01+00:00\" \/>\n<meta name=\"twitter:card\" content=\"summary_large_image\" \/>\n<meta name=\"twitter:label1\" content=\"Gesch\u00e4tzte Lesezeit\" \/>\n\t<meta name=\"twitter:data1\" content=\"5\u00a0Minuten\" \/>\n<script type=\"application\/ld+json\" class=\"yoast-schema-graph\">{\"@context\":\"https:\\\/\\\/schema.org\",\"@graph\":[{\"@type\":\"WebPage\",\"@id\":\"https:\\\/\\\/papirol.si\\\/politika-zasebnosti\\\/\",\"url\":\"https:\\\/\\\/papirol.si\\\/politika-zasebnosti\\\/\",\"name\":\"Politika zasebnosti | Papirol\",\"isPartOf\":{\"@id\":\"https:\\\/\\\/papirol.si\\\/#website\"},\"datePublished\":\"2019-11-15T16:55:38+00:00\",\"dateModified\":\"2020-11-24T14:57:01+00:00\",\"breadcrumb\":{\"@id\":\"https:\\\/\\\/papirol.si\\\/politika-zasebnosti\\\/#breadcrumb\"},\"inLanguage\":\"de\",\"potentialAction\":[{\"@type\":\"ReadAction\",\"target\":[\"https:\\\/\\\/papirol.si\\\/politika-zasebnosti\\\/\"]}]},{\"@type\":\"BreadcrumbList\",\"@id\":\"https:\\\/\\\/papirol.si\\\/politika-zasebnosti\\\/#breadcrumb\",\"itemListElement\":[{\"@type\":\"ListItem\",\"position\":1,\"name\":\"Home\",\"item\":\"https:\\\/\\\/papirol.si\\\/\"},{\"@type\":\"ListItem\",\"position\":2,\"name\":\"Politika zasebnosti\"}]},{\"@type\":\"WebSite\",\"@id\":\"https:\\\/\\\/papirol.si\\\/#website\",\"url\":\"https:\\\/\\\/papirol.si\\\/\",\"name\":\"Papirol\",\"description\":\"Obla\u010dimo va\u0161e izdelke \u017ee 36 let!\",\"publisher\":{\"@id\":\"https:\\\/\\\/papirol.si\\\/#organization\"},\"potentialAction\":[{\"@type\":\"SearchAction\",\"target\":{\"@type\":\"EntryPoint\",\"urlTemplate\":\"https:\\\/\\\/papirol.si\\\/?s={search_term_string}\"},\"query-input\":{\"@type\":\"PropertyValueSpecification\",\"valueRequired\":true,\"valueName\":\"search_term_string\"}}],\"inLanguage\":\"de\"},{\"@type\":\"Organization\",\"@id\":\"https:\\\/\\\/papirol.si\\\/#organization\",\"name\":\"Papirol\",\"url\":\"https:\\\/\\\/papirol.si\\\/\",\"logo\":{\"@type\":\"ImageObject\",\"inLanguage\":\"de\",\"@id\":\"https:\\\/\\\/papirol.si\\\/#\\\/schema\\\/logo\\\/image\\\/\",\"url\":\"https:\\\/\\\/papirol.si\\\/wp-content\\\/uploads\\\/2019\\\/12\\\/papirol-bela.png\",\"contentUrl\":\"https:\\\/\\\/papirol.si\\\/wp-content\\\/uploads\\\/2019\\\/12\\\/papirol-bela.png\",\"width\":400,\"height\":80,\"caption\":\"Papirol\"},\"image\":{\"@id\":\"https:\\\/\\\/papirol.si\\\/#\\\/schema\\\/logo\\\/image\\\/\"}}]}<\/script>\n<!-- \/ Yoast SEO plugin. -->","yoast_head_json":{"title":"Datenschutzpolitik | Papirol","robots":{"index":"index","follow":"follow","max-snippet":"max-snippet:-1","max-image-preview":"max-image-preview:large","max-video-preview":"max-video-preview:-1"},"canonical":"https:\/\/papirol.si\/de\/datenschutzbestimmungen\/","og_locale":"de_DE","og_type":"article","og_title":"Politika zasebnosti | Papirol","og_description":"Politika zasebnosti VARSTVO OSEBNIH PODATKOV Spo\u0161tujemo va\u0161o zasebnost in se zavezujemo, da bomo osebne podatke, pridobljene prek spletnega...","og_url":"https:\/\/papirol.si\/de\/datenschutzbestimmungen\/","og_site_name":"Papirol","article_modified_time":"2020-11-24T14:57:01+00:00","twitter_card":"summary_large_image","twitter_misc":{"Gesch\u00e4tzte Lesezeit":"5\u00a0Minuten"},"schema":{"@context":"https:\/\/schema.org","@graph":[{"@type":"WebPage","@id":"https:\/\/papirol.si\/politika-zasebnosti\/","url":"https:\/\/papirol.si\/politika-zasebnosti\/","name":"Datenschutzpolitik | Papirol","isPartOf":{"@id":"https:\/\/papirol.si\/#website"},"datePublished":"2019-11-15T16:55:38+00:00","dateModified":"2020-11-24T14:57:01+00:00","breadcrumb":{"@id":"https:\/\/papirol.si\/politika-zasebnosti\/#breadcrumb"},"inLanguage":"de","potentialAction":[{"@type":"ReadAction","target":["https:\/\/papirol.si\/politika-zasebnosti\/"]}]},{"@type":"BreadcrumbList","@id":"https:\/\/papirol.si\/politika-zasebnosti\/#breadcrumb","itemListElement":[{"@type":"ListItem","position":1,"name":"Home","item":"https:\/\/papirol.si\/"},{"@type":"ListItem","position":2,"name":"Politika zasebnosti"}]},{"@type":"WebSite","@id":"https:\/\/papirol.si\/#website","url":"https:\/\/papirol.si\/","name":"Papirol","description":"Wir kleiden Ihre Produkte seit 36 Jahren ein!","publisher":{"@id":"https:\/\/papirol.si\/#organization"},"potentialAction":[{"@type":"SearchAction","target":{"@type":"EntryPoint","urlTemplate":"https:\/\/papirol.si\/?s={search_term_string}"},"query-input":{"@type":"PropertyValueSpecification","valueRequired":true,"valueName":"search_term_string"}}],"inLanguage":"de"},{"@type":"Organization","@id":"https:\/\/papirol.si\/#organization","name":"Papirol","url":"https:\/\/papirol.si\/","logo":{"@type":"ImageObject","inLanguage":"de","@id":"https:\/\/papirol.si\/#\/schema\/logo\/image\/","url":"https:\/\/papirol.si\/wp-content\/uploads\/2019\/12\/papirol-bela.png","contentUrl":"https:\/\/papirol.si\/wp-content\/uploads\/2019\/12\/papirol-bela.png","width":400,"height":80,"caption":"Papirol"},"image":{"@id":"https:\/\/papirol.si\/#\/schema\/logo\/image\/"}}]}},"_links":{"self":[{"href":"https:\/\/papirol.si\/de\/wp-json\/wp\/v2\/pages\/3","targetHints":{"allow":["GET"]}}],"collection":[{"href":"https:\/\/papirol.si\/de\/wp-json\/wp\/v2\/pages"}],"about":[{"href":"https:\/\/papirol.si\/de\/wp-json\/wp\/v2\/types\/page"}],"author":[{"embeddable":true,"href":"https:\/\/papirol.si\/de\/wp-json\/wp\/v2\/users\/5"}],"replies":[{"embeddable":true,"href":"https:\/\/papirol.si\/de\/wp-json\/wp\/v2\/comments?post=3"}],"version-history":[{"count":1,"href":"https:\/\/papirol.si\/de\/wp-json\/wp\/v2\/pages\/3\/revisions"}],"predecessor-version":[{"id":3847,"href":"https:\/\/papirol.si\/de\/wp-json\/wp\/v2\/pages\/3\/revisions\/3847"}],"wp:attachment":[{"href":"https:\/\/papirol.si\/de\/wp-json\/wp\/v2\/media?parent=3"}],"curies":[{"name":"wp","href":"https:\/\/api.w.org\/{rel}","templated":true}]}}