{"id":3095,"date":"2020-06-08T14:27:20","date_gmt":"2020-06-08T12:27:20","guid":{"rendered":"https:\/\/papirol.si\/papiertueten-mit-flachem-boden\/"},"modified":"2025-07-07T20:34:55","modified_gmt":"2025-07-07T18:34:55","slug":"papiertueten-mit-flachem-boden","status":"publish","type":"page","link":"https:\/\/papirol.si\/de\/produktsortiment\/papiertueten-mit-flachem-boden\/","title":{"rendered":"Papiert\u00fcten mit flachem Boden"},"content":{"rendered":"<div data-elementor-type=\"wp-page\" data-elementor-id=\"3095\" class=\"elementor elementor-3095\" data-elementor-post-type=\"page\">\n\t\t\t\t\t\t<section class=\"elementor-section elementor-inner-section elementor-element elementor-element-652c2643 elementor-section-boxed elementor-section-height-default elementor-section-height-default\" data-id=\"652c2643\" data-element_type=\"section\" data-e-type=\"section\" id=\"prodajni-list\" data-settings=\"{&quot;background_background&quot;:&quot;classic&quot;}\">\n\t\t\t\t\t\t<div class=\"elementor-container elementor-column-gap-default\">\n\t\t\t\t\t<div class=\"elementor-column elementor-col-50 elementor-inner-column elementor-element elementor-element-4356f531\" data-id=\"4356f531\" data-element_type=\"column\" data-e-type=\"column\">\n\t\t\t<div class=\"elementor-widget-wrap elementor-element-populated\">\n\t\t\t\t\t\t<div class=\"elementor-element elementor-element-c6b207c prodajni-tile elementor-position-top elementor-widget elementor-widget-image-box\" data-id=\"c6b207c\" data-element_type=\"widget\" data-e-type=\"widget\" data-widget_type=\"image-box.default\">\n\t\t\t\t\t<div class=\"elementor-image-box-wrapper\"><figure class=\"elementor-image-box-img\"><a href=\"https:\/\/papirol.si\/de\/produktsortiment\/papiertueten-mit-flachem-boden\/papiertueten-natura\/\" tabindex=\"-1\"><img fetchpriority=\"high\" decoding=\"async\" width=\"877\" height=\"532\" src=\"https:\/\/papirol.si\/wp-content\/uploads\/2020\/01\/Natur-\u0161krniclji.jpg\" class=\"attachment-full size-full wp-image-2405\" alt=\"Papiert\u00fcten natura\" srcset=\"https:\/\/papirol.si\/wp-content\/uploads\/2020\/01\/Natur-\u0161krniclji.jpg 877w, https:\/\/papirol.si\/wp-content\/uploads\/2020\/01\/Natur-\u0161krniclji-300x182.jpg 300w, https:\/\/papirol.si\/wp-content\/uploads\/2020\/01\/Natur-\u0161krniclji-768x466.jpg 768w, https:\/\/papirol.si\/wp-content\/uploads\/2020\/01\/Natur-\u0161krniclji-285x173.jpg 285w, https:\/\/papirol.si\/wp-content\/uploads\/2020\/01\/Natur-\u0161krniclji-660x400.jpg 660w, https:\/\/papirol.si\/wp-content\/uploads\/2020\/01\/Natur-\u0161krniclji-150x91.jpg 150w\" sizes=\"(max-width: 877px) 100vw, 877px\" \/><\/a><\/figure><div class=\"elementor-image-box-content\"><h3 class=\"elementor-image-box-title\"><a href=\"https:\/\/papirol.si\/de\/produktsortiment\/papiertueten-mit-flachem-boden\/papiertueten-natura\/\">Papiert\u00fcten natur<\/a><\/h3><p class=\"elementor-image-box-description\">Nat\u00fcrliche Papierbeutel aus braunem Papier verschiedener St\u00e4rken, Qualit\u00e4t und Gr\u00f6\u00dfe. Hergestellt mit oder ohne Seitenfalte.\nHergestellt mit oder ohne Seitenfalte.\n<br><br><strong>Kann verwendet werden f\u00fcr:<\/strong>\n<ul>\n<li>Verpackungen f\u00fcr Brot, Geb\u00e4ck, Sandwiches und andere Lebensmittel<\/li>\n<li>f\u00fcr textile und technische Produkte<\/li>\n<li>f\u00fcr touristische Souvenirs, Kalender, Gesch\u00e4ftsgeschenke<\/li>\n<\/p><\/div><\/div>\t\t\t\t<\/div>\n\t\t\t\t<div class=\"elementor-element elementor-element-47eea9d prodajni-tile elementor-position-top elementor-widget elementor-widget-image-box\" data-id=\"47eea9d\" data-element_type=\"widget\" data-e-type=\"widget\" data-widget_type=\"image-box.default\">\n\t\t\t\t\t<div class=\"elementor-image-box-wrapper\"><figure class=\"elementor-image-box-img\"><a href=\"https:\/\/papirol.si\/de\/produktsortiment\/papiertueten-mit-flachem-boden\/papiertueten-natura-mit-fenster\/\" tabindex=\"-1\"><img decoding=\"async\" width=\"1000\" height=\"881\" src=\"https:\/\/papirol.si\/wp-content\/uploads\/2020\/01\/N_okno-kajzarce.jpg\" class=\"attachment-full size-full wp-image-2402\" alt=\"\" srcset=\"https:\/\/papirol.si\/wp-content\/uploads\/2020\/01\/N_okno-kajzarce.jpg 1000w, https:\/\/papirol.si\/wp-content\/uploads\/2020\/01\/N_okno-kajzarce-300x264.jpg 300w, https:\/\/papirol.si\/wp-content\/uploads\/2020\/01\/N_okno-kajzarce-768x677.jpg 768w, https:\/\/papirol.si\/wp-content\/uploads\/2020\/01\/N_okno-kajzarce-285x251.jpg 285w, https:\/\/papirol.si\/wp-content\/uploads\/2020\/01\/N_okno-kajzarce-660x581.jpg 660w, https:\/\/papirol.si\/wp-content\/uploads\/2020\/01\/N_okno-kajzarce-150x132.jpg 150w\" sizes=\"(max-width: 1000px) 100vw, 1000px\" \/><\/a><\/figure><div class=\"elementor-image-box-content\"><h3 class=\"elementor-image-box-title\"><a href=\"https:\/\/papirol.si\/de\/produktsortiment\/papiertueten-mit-flachem-boden\/papiertueten-natura-mit-fenster\/\">Papiert\u00fcten natura mit Fenster<\/a><\/h3><p class=\"elementor-image-box-description\">Nat\u00fcrlicher Papierbeutel mit Fenster aus braunem Papier mit Seitenfalte.\n<br><br><strong>N\u00fctzlich als Verpackung f\u00fcr die Produkte, die wir mit unserem Sehverm\u00f6gen kaufen:<\/strong>\n<ul>\n<li>\nvorgefertigte Sandwiches und verpackte Backwaren, gr\u00f6\u00dfere Kekse, bessere Brote<\/li>\n<li>f\u00fcr Produkte in Ladenregalen und in Verkaufsautomaten<\/li>\n<\/ul><\/p><\/div><\/div>\t\t\t\t<\/div>\n\t\t\t\t<div class=\"elementor-element elementor-element-e9932d1 prodajni-tile elementor-position-top elementor-widget elementor-widget-image-box\" data-id=\"e9932d1\" data-element_type=\"widget\" data-e-type=\"widget\" data-widget_type=\"image-box.default\">\n\t\t\t\t\t<div class=\"elementor-image-box-wrapper\"><figure class=\"elementor-image-box-img\"><a href=\"https:\/\/papirol.si\/de\/papiersaecke-fuer-catering-und-hotelgewerbe\/\" tabindex=\"-1\"><img decoding=\"async\" width=\"1707\" height=\"2560\" src=\"https:\/\/papirol.si\/wp-content\/uploads\/2020\/03\/hotelska-vre\u010dka-za-perilo_Fotor-scaled.jpg\" class=\"attachment-full size-full wp-image-2789\" alt=\"\" srcset=\"https:\/\/papirol.si\/wp-content\/uploads\/2020\/03\/hotelska-vre\u010dka-za-perilo_Fotor-scaled.jpg 1707w, https:\/\/papirol.si\/wp-content\/uploads\/2020\/03\/hotelska-vre\u010dka-za-perilo_Fotor-200x300.jpg 200w, https:\/\/papirol.si\/wp-content\/uploads\/2020\/03\/hotelska-vre\u010dka-za-perilo_Fotor-683x1024.jpg 683w, https:\/\/papirol.si\/wp-content\/uploads\/2020\/03\/hotelska-vre\u010dka-za-perilo_Fotor-768x1152.jpg 768w, https:\/\/papirol.si\/wp-content\/uploads\/2020\/03\/hotelska-vre\u010dka-za-perilo_Fotor-1024x1536.jpg 1024w, https:\/\/papirol.si\/wp-content\/uploads\/2020\/03\/hotelska-vre\u010dka-za-perilo_Fotor-1365x2048.jpg 1365w, https:\/\/papirol.si\/wp-content\/uploads\/2020\/03\/hotelska-vre\u010dka-za-perilo_Fotor-285x428.jpg 285w, https:\/\/papirol.si\/wp-content\/uploads\/2020\/03\/hotelska-vre\u010dka-za-perilo_Fotor-1600x2400.jpg 1600w, https:\/\/papirol.si\/wp-content\/uploads\/2020\/03\/hotelska-vre\u010dka-za-perilo_Fotor-440x660.jpg 440w, https:\/\/papirol.si\/wp-content\/uploads\/2020\/03\/hotelska-vre\u010dka-za-perilo_Fotor-100x150.jpg 100w\" sizes=\"(max-width: 1707px) 100vw, 1707px\" \/><\/a><\/figure><div class=\"elementor-image-box-content\"><h3 class=\"elementor-image-box-title\"><a href=\"https:\/\/papirol.si\/de\/papiersaecke-fuer-catering-und-hotelgewerbe\/\">f\u00fcr Produkte in Ladenregalen und in Verkaufsautomaten<\/a><\/h3><p class=\"elementor-image-box-description\">Beutel mit breitem Boden f\u00fcr Lunchpakete und zum Mitnehmen.\nN\u00fctzlichste Dimensionen: 22x10x28cm, 26x17x25cm, 32x17x27cm und 32x21,50x27cm.\n<br><br>\n<ul>\n<li>Hygienische Papiers\u00e4cke<\/li>\n<li>Beutel f\u00fcr desinfizierte Gl\u00e4ser<\/li>\n<li>S\u00e4cke f\u00fcr W\u00e4sche<\/li>\n<li>Taschen f\u00fcr Besteck<\/li>\n<\/ul>\n<\/p><\/div><\/div>\t\t\t\t<\/div>\n\t\t\t\t\t<\/div>\n\t\t<\/div>\n\t\t\t\t<div class=\"elementor-column elementor-col-50 elementor-inner-column elementor-element elementor-element-6f0b99a7\" data-id=\"6f0b99a7\" data-element_type=\"column\" data-e-type=\"column\">\n\t\t\t<div class=\"elementor-widget-wrap elementor-element-populated\">\n\t\t\t\t\t\t<div class=\"elementor-element elementor-element-b0e36cc prodajni-tile elementor-position-top elementor-widget elementor-widget-image-box\" data-id=\"b0e36cc\" data-element_type=\"widget\" data-e-type=\"widget\" data-widget_type=\"image-box.default\">\n\t\t\t\t\t<div class=\"elementor-image-box-wrapper\"><figure class=\"elementor-image-box-img\"><a href=\"https:\/\/papirol.si\/de\/produktsortiment\/papiertueten-mit-flachem-boden\/papiertueten-weiss-natura\/\" tabindex=\"-1\"><img loading=\"lazy\" decoding=\"async\" width=\"1000\" height=\"571\" src=\"https:\/\/papirol.si\/wp-content\/uploads\/2020\/01\/Bela-natura-\u0161krniclji-1.jpg\" class=\"attachment-full size-full wp-image-2408\" alt=\"\" srcset=\"https:\/\/papirol.si\/wp-content\/uploads\/2020\/01\/Bela-natura-\u0161krniclji-1.jpg 1000w, https:\/\/papirol.si\/wp-content\/uploads\/2020\/01\/Bela-natura-\u0161krniclji-1-300x171.jpg 300w, https:\/\/papirol.si\/wp-content\/uploads\/2020\/01\/Bela-natura-\u0161krniclji-1-768x439.jpg 768w, https:\/\/papirol.si\/wp-content\/uploads\/2020\/01\/Bela-natura-\u0161krniclji-1-285x163.jpg 285w, https:\/\/papirol.si\/wp-content\/uploads\/2020\/01\/Bela-natura-\u0161krniclji-1-660x377.jpg 660w, https:\/\/papirol.si\/wp-content\/uploads\/2020\/01\/Bela-natura-\u0161krniclji-1-150x86.jpg 150w\" sizes=\"(max-width: 1000px) 100vw, 1000px\" \/><\/a><\/figure><div class=\"elementor-image-box-content\"><h3 class=\"elementor-image-box-title\"><a href=\"https:\/\/papirol.si\/de\/produktsortiment\/papiertueten-mit-flachem-boden\/papiertueten-weiss-natura\/\">Papiert\u00fcten wei\u00df nature<\/a><\/h3><p class=\"elementor-image-box-description\">Nat\u00fcrliche Papierbeutel aus wei\u00dfem Papier, in verschiedenen Dicken und Qualit\u00e4ten.\nHergestellt mit oder ohne Seitenfalte.\n<br><br><strong>N\u00fctzlich als Verpackung:<\/strong>\n<ul>\n<li>f\u00fcr Brot, Backwaren, Sandwiches und andere Lebensmittel<\/li>\n<li>f\u00fcr Textilprodukte, touristische Souvenirs, feinen Schmuck, Postkarten oder<\/li>\n<li>f\u00fcr die Medizin.<\/li>\n<\/ul><\/p><\/div><\/div>\t\t\t\t<\/div>\n\t\t\t\t<div class=\"elementor-element elementor-element-dc2cd37 prodajni-tile elementor-position-top elementor-widget elementor-widget-image-box\" data-id=\"dc2cd37\" data-element_type=\"widget\" data-e-type=\"widget\" data-widget_type=\"image-box.default\">\n\t\t\t\t\t<div class=\"elementor-image-box-wrapper\"><figure class=\"elementor-image-box-img\"><a href=\"https:\/\/papirol.si\/de\/produktsortiment\/papiertueten-mit-flachem-boden\/papiertueten-weiss-natura-mit-fenster\/\" tabindex=\"-1\"><img loading=\"lazy\" decoding=\"async\" width=\"2560\" height=\"1707\" src=\"https:\/\/papirol.si\/wp-content\/uploads\/2020\/03\/Papirol-\u0161krnicelj-vre\u010dka-bela-scaled.jpg\" class=\"attachment-full size-full wp-image-2825\" alt=\"\" srcset=\"https:\/\/papirol.si\/wp-content\/uploads\/2020\/03\/Papirol-\u0161krnicelj-vre\u010dka-bela-scaled.jpg 2560w, https:\/\/papirol.si\/wp-content\/uploads\/2020\/03\/Papirol-\u0161krnicelj-vre\u010dka-bela-300x200.jpg 300w, https:\/\/papirol.si\/wp-content\/uploads\/2020\/03\/Papirol-\u0161krnicelj-vre\u010dka-bela-1024x683.jpg 1024w, https:\/\/papirol.si\/wp-content\/uploads\/2020\/03\/Papirol-\u0161krnicelj-vre\u010dka-bela-768x512.jpg 768w, https:\/\/papirol.si\/wp-content\/uploads\/2020\/03\/Papirol-\u0161krnicelj-vre\u010dka-bela-1536x1024.jpg 1536w, https:\/\/papirol.si\/wp-content\/uploads\/2020\/03\/Papirol-\u0161krnicelj-vre\u010dka-bela-2048x1365.jpg 2048w, https:\/\/papirol.si\/wp-content\/uploads\/2020\/03\/Papirol-\u0161krnicelj-vre\u010dka-bela-285x190.jpg 285w, https:\/\/papirol.si\/wp-content\/uploads\/2020\/03\/Papirol-\u0161krnicelj-vre\u010dka-bela-1600x1067.jpg 1600w, https:\/\/papirol.si\/wp-content\/uploads\/2020\/03\/Papirol-\u0161krnicelj-vre\u010dka-bela-660x440.jpg 660w, https:\/\/papirol.si\/wp-content\/uploads\/2020\/03\/Papirol-\u0161krnicelj-vre\u010dka-bela-150x100.jpg 150w\" sizes=\"(max-width: 2560px) 100vw, 2560px\" \/><\/a><\/figure><div class=\"elementor-image-box-content\"><h3 class=\"elementor-image-box-title\"><a href=\"https:\/\/papirol.si\/de\/produktsortiment\/papiertueten-mit-flachem-boden\/papiertueten-weiss-natura-mit-fenster\/\">Papiert\u00fcten wei\u00df natura mit Fenster<\/a><\/h3><p class=\"elementor-image-box-description\">Nat\u00fcrlicher Papierbeutel mit Fenster aus wei\u00dfem Papier, mit Seitenfalte.\n<br><br><strong>N\u00fctzlich als Verpackung f\u00fcr die Produkte, die wir mit unserem Sehverm\u00f6gen kaufen:<\/strong>\n<ul> \n<li>vorgefertigte Sandwiches und verpackte Backwaren, gr\u00f6\u00dfere Kekse, bessere Brote<\/li>\n<li>f\u00fcr Produkte in Ladenregalen und in Verkaufsautomaten<\/li>\n<\/ul><\/p><\/div><\/div>\t\t\t\t<\/div>\n\t\t\t\t<div class=\"elementor-element elementor-element-8fb7417 prodajni-tile elementor-position-top elementor-widget elementor-widget-image-box\" data-id=\"8fb7417\" data-element_type=\"widget\" data-e-type=\"widget\" data-widget_type=\"image-box.default\">\n\t\t\t\t\t<div class=\"elementor-image-box-wrapper\"><figure class=\"elementor-image-box-img\"><a href=\"https:\/\/papirol.si\/de\/produktsortiment\/papiertueten-mit-flachem-boden\/natura-taschen-fuer-postsendungen-und-kalender\/\" tabindex=\"-1\"><img loading=\"lazy\" decoding=\"async\" width=\"1293\" height=\"2560\" src=\"https:\/\/papirol.si\/wp-content\/uploads\/2020\/02\/skica-di\u0161avne-v-scaled.jpg\" class=\"attachment-full size-full wp-image-2663\" alt=\"\" srcset=\"https:\/\/papirol.si\/wp-content\/uploads\/2020\/02\/skica-di\u0161avne-v-scaled.jpg 1293w, https:\/\/papirol.si\/wp-content\/uploads\/2020\/02\/skica-di\u0161avne-v-151x300.jpg 151w, https:\/\/papirol.si\/wp-content\/uploads\/2020\/02\/skica-di\u0161avne-v-517x1024.jpg 517w, https:\/\/papirol.si\/wp-content\/uploads\/2020\/02\/skica-di\u0161avne-v-768x1521.jpg 768w, https:\/\/papirol.si\/wp-content\/uploads\/2020\/02\/skica-di\u0161avne-v-776x1536.jpg 776w, https:\/\/papirol.si\/wp-content\/uploads\/2020\/02\/skica-di\u0161avne-v-1034x2048.jpg 1034w, https:\/\/papirol.si\/wp-content\/uploads\/2020\/02\/skica-di\u0161avne-v-285x564.jpg 285w, https:\/\/papirol.si\/wp-content\/uploads\/2020\/02\/skica-di\u0161avne-v-333x660.jpg 333w, https:\/\/papirol.si\/wp-content\/uploads\/2020\/02\/skica-di\u0161avne-v-76x150.jpg 76w\" sizes=\"(max-width: 1293px) 100vw, 1293px\" \/><\/a><\/figure><div class=\"elementor-image-box-content\"><h3 class=\"elementor-image-box-title\"><a href=\"https:\/\/papirol.si\/de\/produktsortiment\/papiertueten-mit-flachem-boden\/natura-taschen-fuer-postsendungen-und-kalender\/\">Umweltfreundliche und preiswerte Papierbeutel ohne Seitenfalte<\/a><\/h3><p class=\"elementor-image-box-description\">Umweltfreundliche und sehr preiswerte Papierbeutel ohne Seitenfalte.\n\nProduktion auf Bestellung, gelegentlich auf Lager verf\u00fcgbar.\n<br><br><strong>Papierbeutel eignen sich hervorragend als Verpackung f\u00fcr:<\/strong>\n<ul>\n<li>Kalender in verschiedenen Gr\u00f6\u00dfen<\/li>\n<li>Online-Shops zum Versand von Textil- und anderen Produkten<\/li>\n<\/ul>\n<\/p><\/div><\/div>\t\t\t\t<\/div>\n\t\t\t\t\t<\/div>\n\t\t<\/div>\n\t\t\t\t\t<\/div>\n\t\t<\/section>\n\t\t\t\t<\/div>","protected":false},"excerpt":{"rendered":"<p>Papiert\u00fcten natura Nat\u00fcrliche Papierbeutel aus braunem Papier verschiedenen St\u00e4rken, Qualit\u00e4t und Gr\u00f6\u00dfe. Hergestellt mit oder ohne Seitenfalte. Hergestellt&#8230;<\/p>","protected":false},"author":5,"featured_media":0,"parent":3403,"menu_order":1,"comment_status":"closed","ping_status":"closed","template":"elementor_header_footer","meta":{"footnotes":""},"class_list":["post-3095","page","type-page","status-publish","hentry"],"yoast_head":"<!-- This site is optimized with the Yoast SEO plugin v27.3 - https:\/\/yoast.com\/product\/yoast-seo-wordpress\/ -->\n<title>Papiert\u00fcten mit flachem Boden | Papirol<\/title>\n<meta name=\"robots\" content=\"index, follow, max-snippet:-1, max-image-preview:large, max-video-preview:-1\" \/>\n<link rel=\"canonical\" href=\"https:\/\/papirol.si\/de\/produktpalette\/papiertueten-mit-flachem-boden\/\" \/>\n<meta property=\"og:locale\" content=\"de_DE\" \/>\n<meta property=\"og:type\" content=\"article\" \/>\n<meta property=\"og:title\" content=\"Papiert\u00fcten mit flachem Boden | Papirol\" \/>\n<meta property=\"og:description\" content=\"Papiert\u00fcten natura Nat\u00fcrliche Papierbeutel aus braunem Papier verschiedenen St\u00e4rken, Qualit\u00e4t und Gr\u00f6\u00dfe. Hergestellt mit oder ohne Seitenfalte. Hergestellt...\" \/>\n<meta property=\"og:url\" content=\"https:\/\/papirol.si\/de\/produktpalette\/papiertueten-mit-flachem-boden\/\" \/>\n<meta property=\"og:site_name\" content=\"Papirol\" \/>\n<meta property=\"article:modified_time\" content=\"2025-07-07T18:34:55+00:00\" \/>\n<meta property=\"og:image\" content=\"https:\/\/papirol.si\/wp-content\/uploads\/2020\/01\/N_okno-kajzarce.jpg\" \/>\n<meta name=\"twitter:card\" content=\"summary_large_image\" \/>\n<meta name=\"twitter:label1\" content=\"Gesch\u00e4tzte Lesezeit\" \/>\n\t<meta name=\"twitter:data1\" content=\"3\u00a0Minuten\" \/>\n<script type=\"application\/ld+json\" class=\"yoast-schema-graph\">{\"@context\":\"https:\\\/\\\/schema.org\",\"@graph\":[{\"@type\":\"WebPage\",\"@id\":\"https:\\\/\\\/papirol.si\\\/de\\\/produktsortiment\\\/papiertueten-mit-flachem-boden\\\/\",\"url\":\"https:\\\/\\\/papirol.si\\\/de\\\/produktsortiment\\\/papiertueten-mit-flachem-boden\\\/\",\"name\":\"Papiert\u00fcten mit flachem Boden | Papirol\",\"isPartOf\":{\"@id\":\"https:\\\/\\\/papirol.si\\\/#website\"},\"primaryImageOfPage\":{\"@id\":\"https:\\\/\\\/papirol.si\\\/de\\\/produktsortiment\\\/papiertueten-mit-flachem-boden\\\/#primaryimage\"},\"image\":{\"@id\":\"https:\\\/\\\/papirol.si\\\/de\\\/produktsortiment\\\/papiertueten-mit-flachem-boden\\\/#primaryimage\"},\"thumbnailUrl\":\"https:\\\/\\\/papirol.si\\\/wp-content\\\/uploads\\\/2020\\\/01\\\/N_okno-kajzarce.jpg\",\"datePublished\":\"2020-06-08T12:27:20+00:00\",\"dateModified\":\"2025-07-07T18:34:55+00:00\",\"breadcrumb\":{\"@id\":\"https:\\\/\\\/papirol.si\\\/de\\\/produktsortiment\\\/papiertueten-mit-flachem-boden\\\/#breadcrumb\"},\"inLanguage\":\"de\",\"potentialAction\":[{\"@type\":\"ReadAction\",\"target\":[\"https:\\\/\\\/papirol.si\\\/de\\\/produktsortiment\\\/papiertueten-mit-flachem-boden\\\/\"]}]},{\"@type\":\"ImageObject\",\"inLanguage\":\"de\",\"@id\":\"https:\\\/\\\/papirol.si\\\/de\\\/produktsortiment\\\/papiertueten-mit-flachem-boden\\\/#primaryimage\",\"url\":\"https:\\\/\\\/papirol.si\\\/wp-content\\\/uploads\\\/2020\\\/01\\\/N_okno-kajzarce.jpg\",\"contentUrl\":\"https:\\\/\\\/papirol.si\\\/wp-content\\\/uploads\\\/2020\\\/01\\\/N_okno-kajzarce.jpg\"},{\"@type\":\"BreadcrumbList\",\"@id\":\"https:\\\/\\\/papirol.si\\\/de\\\/produktsortiment\\\/papiertueten-mit-flachem-boden\\\/#breadcrumb\",\"itemListElement\":[{\"@type\":\"ListItem\",\"position\":1,\"name\":\"Home\",\"item\":\"https:\\\/\\\/papirol.si\\\/\"},{\"@type\":\"ListItem\",\"position\":2,\"name\":\"Produktsortiment\",\"item\":\"https:\\\/\\\/papirol.si\\\/de\\\/produktsortiment\\\/\"},{\"@type\":\"ListItem\",\"position\":3,\"name\":\"Papiert\u00fcten mit flachem Boden\"}]},{\"@type\":\"WebSite\",\"@id\":\"https:\\\/\\\/papirol.si\\\/#website\",\"url\":\"https:\\\/\\\/papirol.si\\\/\",\"name\":\"Papirol\",\"description\":\"Obla\u010dimo va\u0161e izdelke \u017ee 36 let!\",\"publisher\":{\"@id\":\"https:\\\/\\\/papirol.si\\\/#organization\"},\"potentialAction\":[{\"@type\":\"SearchAction\",\"target\":{\"@type\":\"EntryPoint\",\"urlTemplate\":\"https:\\\/\\\/papirol.si\\\/?s={search_term_string}\"},\"query-input\":{\"@type\":\"PropertyValueSpecification\",\"valueRequired\":true,\"valueName\":\"search_term_string\"}}],\"inLanguage\":\"de\"},{\"@type\":\"Organization\",\"@id\":\"https:\\\/\\\/papirol.si\\\/#organization\",\"name\":\"Papirol\",\"url\":\"https:\\\/\\\/papirol.si\\\/\",\"logo\":{\"@type\":\"ImageObject\",\"inLanguage\":\"de\",\"@id\":\"https:\\\/\\\/papirol.si\\\/#\\\/schema\\\/logo\\\/image\\\/\",\"url\":\"https:\\\/\\\/papirol.si\\\/wp-content\\\/uploads\\\/2019\\\/12\\\/papirol-bela.png\",\"contentUrl\":\"https:\\\/\\\/papirol.si\\\/wp-content\\\/uploads\\\/2019\\\/12\\\/papirol-bela.png\",\"width\":400,\"height\":80,\"caption\":\"Papirol\"},\"image\":{\"@id\":\"https:\\\/\\\/papirol.si\\\/#\\\/schema\\\/logo\\\/image\\\/\"}}]}<\/script>\n<!-- \/ Yoast SEO plugin. -->","yoast_head_json":{"title":"Papiert\u00fcten mit flachem Boden | Papirol","robots":{"index":"index","follow":"follow","max-snippet":"max-snippet:-1","max-image-preview":"max-image-preview:large","max-video-preview":"max-video-preview:-1"},"canonical":"https:\/\/papirol.si\/de\/produktpalette\/papiertueten-mit-flachem-boden\/","og_locale":"de_DE","og_type":"article","og_title":"Papiert\u00fcten mit flachem Boden | Papirol","og_description":"Papiert\u00fcten natura Nat\u00fcrliche Papierbeutel aus braunem Papier verschiedenen St\u00e4rken, Qualit\u00e4t und Gr\u00f6\u00dfe. Hergestellt mit oder ohne Seitenfalte. Hergestellt...","og_url":"https:\/\/papirol.si\/de\/produktpalette\/papiertueten-mit-flachem-boden\/","og_site_name":"Papirol","article_modified_time":"2025-07-07T18:34:55+00:00","og_image":[{"url":"https:\/\/papirol.si\/wp-content\/uploads\/2020\/01\/N_okno-kajzarce.jpg","type":"","width":"","height":""}],"twitter_card":"summary_large_image","twitter_misc":{"Gesch\u00e4tzte Lesezeit":"3\u00a0Minuten"},"schema":{"@context":"https:\/\/schema.org","@graph":[{"@type":"WebPage","@id":"https:\/\/papirol.si\/de\/produktsortiment\/papiertueten-mit-flachem-boden\/","url":"https:\/\/papirol.si\/de\/produktsortiment\/papiertueten-mit-flachem-boden\/","name":"Papiert\u00fcten mit flachem Boden | Papirol","isPartOf":{"@id":"https:\/\/papirol.si\/#website"},"primaryImageOfPage":{"@id":"https:\/\/papirol.si\/de\/produktsortiment\/papiertueten-mit-flachem-boden\/#primaryimage"},"image":{"@id":"https:\/\/papirol.si\/de\/produktsortiment\/papiertueten-mit-flachem-boden\/#primaryimage"},"thumbnailUrl":"https:\/\/papirol.si\/wp-content\/uploads\/2020\/01\/N_okno-kajzarce.jpg","datePublished":"2020-06-08T12:27:20+00:00","dateModified":"2025-07-07T18:34:55+00:00","breadcrumb":{"@id":"https:\/\/papirol.si\/de\/produktsortiment\/papiertueten-mit-flachem-boden\/#breadcrumb"},"inLanguage":"de","potentialAction":[{"@type":"ReadAction","target":["https:\/\/papirol.si\/de\/produktsortiment\/papiertueten-mit-flachem-boden\/"]}]},{"@type":"ImageObject","inLanguage":"de","@id":"https:\/\/papirol.si\/de\/produktsortiment\/papiertueten-mit-flachem-boden\/#primaryimage","url":"https:\/\/papirol.si\/wp-content\/uploads\/2020\/01\/N_okno-kajzarce.jpg","contentUrl":"https:\/\/papirol.si\/wp-content\/uploads\/2020\/01\/N_okno-kajzarce.jpg"},{"@type":"BreadcrumbList","@id":"https:\/\/papirol.si\/de\/produktsortiment\/papiertueten-mit-flachem-boden\/#breadcrumb","itemListElement":[{"@type":"ListItem","position":1,"name":"Home","item":"https:\/\/papirol.si\/"},{"@type":"ListItem","position":2,"name":"Produktsortiment","item":"https:\/\/papirol.si\/de\/produktsortiment\/"},{"@type":"ListItem","position":3,"name":"Papiert\u00fcten mit flachem Boden"}]},{"@type":"WebSite","@id":"https:\/\/papirol.si\/#website","url":"https:\/\/papirol.si\/","name":"Papirol","description":"Wir kleiden Ihre Produkte seit 36 Jahren ein!","publisher":{"@id":"https:\/\/papirol.si\/#organization"},"potentialAction":[{"@type":"SearchAction","target":{"@type":"EntryPoint","urlTemplate":"https:\/\/papirol.si\/?s={search_term_string}"},"query-input":{"@type":"PropertyValueSpecification","valueRequired":true,"valueName":"search_term_string"}}],"inLanguage":"de"},{"@type":"Organization","@id":"https:\/\/papirol.si\/#organization","name":"Papirol","url":"https:\/\/papirol.si\/","logo":{"@type":"ImageObject","inLanguage":"de","@id":"https:\/\/papirol.si\/#\/schema\/logo\/image\/","url":"https:\/\/papirol.si\/wp-content\/uploads\/2019\/12\/papirol-bela.png","contentUrl":"https:\/\/papirol.si\/wp-content\/uploads\/2019\/12\/papirol-bela.png","width":400,"height":80,"caption":"Papirol"},"image":{"@id":"https:\/\/papirol.si\/#\/schema\/logo\/image\/"}}]}},"_links":{"self":[{"href":"https:\/\/papirol.si\/de\/wp-json\/wp\/v2\/pages\/3095","targetHints":{"allow":["GET"]}}],"collection":[{"href":"https:\/\/papirol.si\/de\/wp-json\/wp\/v2\/pages"}],"about":[{"href":"https:\/\/papirol.si\/de\/wp-json\/wp\/v2\/types\/page"}],"author":[{"embeddable":true,"href":"https:\/\/papirol.si\/de\/wp-json\/wp\/v2\/users\/5"}],"replies":[{"embeddable":true,"href":"https:\/\/papirol.si\/de\/wp-json\/wp\/v2\/comments?post=3095"}],"version-history":[{"count":11,"href":"https:\/\/papirol.si\/de\/wp-json\/wp\/v2\/pages\/3095\/revisions"}],"predecessor-version":[{"id":4643,"href":"https:\/\/papirol.si\/de\/wp-json\/wp\/v2\/pages\/3095\/revisions\/4643"}],"up":[{"embeddable":true,"href":"https:\/\/papirol.si\/de\/wp-json\/wp\/v2\/pages\/3403"}],"wp:attachment":[{"href":"https:\/\/papirol.si\/de\/wp-json\/wp\/v2\/media?parent=3095"}],"curies":[{"name":"wp","href":"https:\/\/api.w.org\/{rel}","templated":true}]}}