{"id":3143,"date":"2020-06-11T15:44:53","date_gmt":"2020-06-11T13:44:53","guid":{"rendered":"https:\/\/papirol.si\/papiertueten-mit-vierseitigem-boden\/"},"modified":"2020-06-16T14:32:35","modified_gmt":"2020-06-16T12:32:35","slug":"papiertueten-mit-vierseitigem-boden","status":"publish","type":"page","link":"https:\/\/papirol.si\/de\/produktsortiment\/papiertueten-mit-vierseitigem-boden\/","title":{"rendered":"Papiert\u00fcten mit vierseitigem Boden"},"content":{"rendered":"<div data-elementor-type=\"wp-page\" data-elementor-id=\"3143\" class=\"elementor elementor-3143\" data-elementor-post-type=\"page\">\n\t\t\t\t\t\t<section class=\"elementor-section elementor-inner-section elementor-element elementor-element-485a2d00 elementor-section-boxed elementor-section-height-default elementor-section-height-default\" data-id=\"485a2d00\" data-element_type=\"section\" data-e-type=\"section\" id=\"prodajni-list\" data-settings=\"{&quot;background_background&quot;:&quot;classic&quot;}\">\n\t\t\t\t\t\t<div class=\"elementor-container elementor-column-gap-default\">\n\t\t\t\t\t<div class=\"elementor-column elementor-col-50 elementor-inner-column elementor-element elementor-element-487ef5ae\" data-id=\"487ef5ae\" data-element_type=\"column\" data-e-type=\"column\">\n\t\t\t<div class=\"elementor-widget-wrap elementor-element-populated\">\n\t\t\t\t\t\t<div class=\"elementor-element elementor-element-7501ec7 prodajni-tile elementor-position-top elementor-widget elementor-widget-image-box\" data-id=\"7501ec7\" data-element_type=\"widget\" data-e-type=\"widget\" data-widget_type=\"image-box.default\">\n\t\t\t\t\t<div class=\"elementor-image-box-wrapper\"><figure class=\"elementor-image-box-img\"><a href=\"https:\/\/papirol.si\/de\/produktsortiment\/papiertueten-mit-vierseitigem-boden\/papiertueten-natura-und-weiss-natura\/\" tabindex=\"-1\"><img fetchpriority=\"high\" decoding=\"async\" width=\"1000\" height=\"982\" src=\"https:\/\/papirol.si\/wp-content\/uploads\/2020\/01\/moka-N_B.jpg\" class=\"attachment-full size-full wp-image-2411\" alt=\"Papiermehls\u00e4cke\" srcset=\"https:\/\/papirol.si\/wp-content\/uploads\/2020\/01\/moka-N_B.jpg 1000w, https:\/\/papirol.si\/wp-content\/uploads\/2020\/01\/moka-N_B-300x295.jpg 300w, https:\/\/papirol.si\/wp-content\/uploads\/2020\/01\/moka-N_B-768x754.jpg 768w, https:\/\/papirol.si\/wp-content\/uploads\/2020\/01\/moka-N_B-285x280.jpg 285w, https:\/\/papirol.si\/wp-content\/uploads\/2020\/01\/moka-N_B-660x648.jpg 660w, https:\/\/papirol.si\/wp-content\/uploads\/2020\/01\/moka-N_B-150x147.jpg 150w\" sizes=\"(max-width: 1000px) 100vw, 1000px\" \/><\/a><\/figure><div class=\"elementor-image-box-content\"><h3 class=\"elementor-image-box-title\"><a href=\"https:\/\/papirol.si\/de\/produktsortiment\/papiertueten-mit-vierseitigem-boden\/papiertueten-natura-und-weiss-natura\/\">Papiert\u00fcten natura und wei\u00df natura<\/a><\/h3><p class=\"elementor-image-box-description\">Hergestellt aus einschichtigem, dickerem braunem oder wei\u00dfem Papier.\nKompaktes Papier erleichtert das F\u00fcllen der T\u00fcte und das Halten der Form im Regal.\n<br><br><strong>Geeignet als Verpackung f\u00fcr:<\/strong>\n<ul>\n<li>Gemahlenes Mehl, Paniermehl, getrocknete Kr\u00e4uter, Trockenfr\u00fcchte<\/li>\n<li>Lagerung von K\u00f6rnern, Samen, Mehl<\/li>\n<li>Verpackung von Holzkohle und \u00e4hnlichen Produkten<\/li>\n<\/ul><\/p><\/div><\/div>\t\t\t\t<\/div>\n\t\t\t\t<div class=\"elementor-element elementor-element-333728f3 prodajni-tile elementor-position-top elementor-widget elementor-widget-image-box\" data-id=\"333728f3\" data-element_type=\"widget\" data-e-type=\"widget\" data-widget_type=\"image-box.default\">\n\t\t\t\t\t<div class=\"elementor-image-box-wrapper\"><figure class=\"elementor-image-box-img\"><a href=\"https:\/\/papirol.si\/de\/produktsortiment\/papiertueten-mit-vierseitigem-boden\/papiertueten-natura-gross\/\" tabindex=\"-1\"><img decoding=\"async\" width=\"1000\" height=\"916\" src=\"https:\/\/papirol.si\/wp-content\/uploads\/2020\/01\/moka-rjava-1kg-1.jpg\" class=\"attachment-full size-full wp-image-2417\" alt=\"\" srcset=\"https:\/\/papirol.si\/wp-content\/uploads\/2020\/01\/moka-rjava-1kg-1.jpg 1000w, https:\/\/papirol.si\/wp-content\/uploads\/2020\/01\/moka-rjava-1kg-1-300x275.jpg 300w, https:\/\/papirol.si\/wp-content\/uploads\/2020\/01\/moka-rjava-1kg-1-768x703.jpg 768w, https:\/\/papirol.si\/wp-content\/uploads\/2020\/01\/moka-rjava-1kg-1-285x261.jpg 285w, https:\/\/papirol.si\/wp-content\/uploads\/2020\/01\/moka-rjava-1kg-1-600x550.jpg 600w, https:\/\/papirol.si\/wp-content\/uploads\/2020\/01\/moka-rjava-1kg-1-660x605.jpg 660w, https:\/\/papirol.si\/wp-content\/uploads\/2020\/01\/moka-rjava-1kg-1-150x137.jpg 150w\" sizes=\"(max-width: 1000px) 100vw, 1000px\" \/><\/a><\/figure><div class=\"elementor-image-box-content\"><h3 class=\"elementor-image-box-title\"><a href=\"https:\/\/papirol.si\/de\/produktsortiment\/papiertueten-mit-vierseitigem-boden\/papiertueten-natura-gross\/\">Papiert\u00fcten natura gro\u00df<\/a><\/h3><p class=\"elementor-image-box-description\">Hergestellt aus braunem doppelschichtigem Papier\nKompaktes Papier erleichtert das Bef\u00fcllen der T\u00fcte und das Halten der Form im Regal.\n<br><br><strong>Geeignet als Verpackung f\u00fcr<\/strong>\n<ul>\n\n<li>Lagerung von K\u00f6rnern, Samen, Mehl<\/li>\n<li>Verpackung von Holzkohle und \u00e4hnlichen Produkten<\/li>\n<\/ul><\/p><\/div><\/div>\t\t\t\t<\/div>\n\t\t\t\t\t<\/div>\n\t\t<\/div>\n\t\t\t\t<div class=\"elementor-column elementor-col-50 elementor-inner-column elementor-element elementor-element-66aae7cb\" data-id=\"66aae7cb\" data-element_type=\"column\" data-e-type=\"column\">\n\t\t\t<div class=\"elementor-widget-wrap elementor-element-populated\">\n\t\t\t\t\t\t<div class=\"elementor-element elementor-element-1182f28b prodajni-tile elementor-position-top elementor-widget elementor-widget-image-box\" data-id=\"1182f28b\" data-element_type=\"widget\" data-e-type=\"widget\" data-widget_type=\"image-box.default\">\n\t\t\t\t\t<div class=\"elementor-image-box-wrapper\"><figure class=\"elementor-image-box-img\"><a href=\"https:\/\/papirol.si\/de\/produktsortiment\/papiertueten-mit-vierseitigem-boden\/papiertueten-natura-mit-fenster\/\" tabindex=\"-1\"><img decoding=\"async\" width=\"774\" height=\"1000\" src=\"https:\/\/papirol.si\/wp-content\/uploads\/2020\/01\/\u010di\u010derika-okenca.jpg\" class=\"attachment-full size-full wp-image-2420\" alt=\"\" srcset=\"https:\/\/papirol.si\/wp-content\/uploads\/2020\/01\/\u010di\u010derika-okenca.jpg 774w, https:\/\/papirol.si\/wp-content\/uploads\/2020\/01\/\u010di\u010derika-okenca-232x300.jpg 232w, https:\/\/papirol.si\/wp-content\/uploads\/2020\/01\/\u010di\u010derika-okenca-768x992.jpg 768w, https:\/\/papirol.si\/wp-content\/uploads\/2020\/01\/\u010di\u010derika-okenca-285x368.jpg 285w, https:\/\/papirol.si\/wp-content\/uploads\/2020\/01\/\u010di\u010derika-okenca-511x660.jpg 511w, https:\/\/papirol.si\/wp-content\/uploads\/2020\/01\/\u010di\u010derika-okenca-116x150.jpg 116w\" sizes=\"(max-width: 774px) 100vw, 774px\" \/><\/a><\/figure><div class=\"elementor-image-box-content\"><h3 class=\"elementor-image-box-title\"><a href=\"https:\/\/papirol.si\/de\/produktsortiment\/papiertueten-mit-vierseitigem-boden\/papiertueten-natura-mit-fenster\/\">Papiert\u00fcten natura mit Fenster<\/a><\/h3><p class=\"elementor-image-box-description\">Papierbeutel mit Blockboden und Fenster im unteren Drittel des Beutels, hergestellt aus braunem, fettdichtem Papier \n<br><br><strong>N\u00fctzlich als Beh\u00e4lter, dessen Inhalt sichtbar sein muss:<\/strong>\n<ul>\n<li>Mischung aus Tees, Kr\u00e4utern, ger\u00f6steten K\u00fcrbissen und Sonnenblumen<\/li>\n<li>Trockenfr\u00fcchte, Trockenbohnen, Erbsen, Linsen<\/li>\n<li>f\u00fcr kleine Schokoladenprodukte, Kekse<\/li>\n<li>Hundekekse<\/li>\n<\/ul>\n<\/p><\/div><\/div>\t\t\t\t<\/div>\n\t\t\t\t<div class=\"elementor-element elementor-element-7a41829d prodajni-tile elementor-position-top elementor-widget elementor-widget-image-box\" data-id=\"7a41829d\" data-element_type=\"widget\" data-e-type=\"widget\" data-widget_type=\"image-box.default\">\n\t\t\t\t\t<div class=\"elementor-image-box-wrapper\"><figure class=\"elementor-image-box-img\"><a href=\"https:\/\/papirol.si\/de\/produktsortiment\/papiertueten-mit-vierseitigem-boden\/sackverschluesse\/\" tabindex=\"-1\"><img loading=\"lazy\" decoding=\"async\" width=\"439\" height=\"240\" src=\"https:\/\/papirol.si\/wp-content\/uploads\/2019\/12\/Vezice_l5og02he.png\" class=\"attachment-full size-full wp-image-1906\" alt=\"\" srcset=\"https:\/\/papirol.si\/wp-content\/uploads\/2019\/12\/Vezice_l5og02he.png 439w, https:\/\/papirol.si\/wp-content\/uploads\/2019\/12\/Vezice_l5og02he-300x164.png 300w, https:\/\/papirol.si\/wp-content\/uploads\/2019\/12\/Vezice_l5og02he-285x156.png 285w, https:\/\/papirol.si\/wp-content\/uploads\/2019\/12\/Vezice_l5og02he-150x82.png 150w\" sizes=\"(max-width: 439px) 100vw, 439px\" \/><\/a><\/figure><div class=\"elementor-image-box-content\"><h3 class=\"elementor-image-box-title\"><a href=\"https:\/\/papirol.si\/de\/produktsortiment\/papiertueten-mit-vierseitigem-boden\/sackverschluesse\/\">Sackverschl\u00fcsse<\/a><\/h3><p class=\"elementor-image-box-description\">Verschl\u00fcsse zum Verschlie\u00dfen von Beuteln mit Blockboden mit oder ohne Fenster.\n<br><br><strong>Merkmale:<\/strong>\n<ul>\n<li>Kundenspezifische L\u00e4ngen zur Anpassung an Beutelgr\u00f6\u00dfen<\/li>\n<li>wiederverwendbar<\/li>\n<li>in wei\u00dfer oder goldener Farbe<\/li>\n<\/ul>\n<br>\nDie L\u00e4ngen der Verschl\u00fcsse sind an die Breiten unserer Taschen angepasst, so dass sie mehrfach verwendet werden k\u00f6nnen.\n<\/p><\/div><\/div>\t\t\t\t<\/div>\n\t\t\t\t\t<\/div>\n\t\t<\/div>\n\t\t\t\t\t<\/div>\n\t\t<\/section>\n\t\t\t\t<\/div>","protected":false},"excerpt":{"rendered":"<p>Papiert\u00fcten natura und wei\u00df natura Hergestellt aus einschichtigem, dickerem braunem oder wei\u00dfem Papier. Kompaktes Papier erleichtert das F\u00fcllen&#8230;<\/p>","protected":false},"author":5,"featured_media":0,"parent":3403,"menu_order":2,"comment_status":"closed","ping_status":"closed","template":"elementor_header_footer","meta":{"footnotes":""},"class_list":["post-3143","page","type-page","status-publish","hentry"],"yoast_head":"<!-- This site is optimized with the Yoast SEO plugin v27.3 - https:\/\/yoast.com\/product\/yoast-seo-wordpress\/ -->\n<title>Papiert\u00fcten mit vierseitigem Boden | Papirol<\/title>\n<meta name=\"robots\" content=\"index, follow, max-snippet:-1, max-image-preview:large, max-video-preview:-1\" \/>\n<link rel=\"canonical\" href=\"https:\/\/papirol.si\/de\/produktpalette\/papiertueten-mit-vierseitigem-boden\/\" \/>\n<meta property=\"og:locale\" content=\"de_DE\" \/>\n<meta property=\"og:type\" content=\"article\" \/>\n<meta property=\"og:title\" content=\"Papiert\u00fcten mit vierseitigem Boden | Papirol\" \/>\n<meta property=\"og:description\" content=\"Papiert\u00fcten natura und wei\u00df natura Hergestellt aus einschichtigem, dickerem braunem oder wei\u00dfem Papier. Kompaktes Papier erleichtert das F\u00fcllen...\" \/>\n<meta property=\"og:url\" content=\"https:\/\/papirol.si\/de\/produktpalette\/papiertueten-mit-vierseitigem-boden\/\" \/>\n<meta property=\"og:site_name\" content=\"Papirol\" \/>\n<meta property=\"article:modified_time\" content=\"2020-06-16T12:32:35+00:00\" \/>\n<meta property=\"og:image\" content=\"https:\/\/papirol.si\/wp-content\/uploads\/2020\/01\/moka-N_B.jpg\" \/>\n\t<meta property=\"og:image:width\" content=\"1000\" \/>\n\t<meta property=\"og:image:height\" content=\"982\" \/>\n\t<meta property=\"og:image:type\" content=\"image\/jpeg\" \/>\n<meta name=\"twitter:card\" content=\"summary_large_image\" \/>\n<meta name=\"twitter:label1\" content=\"Gesch\u00e4tzte Lesezeit\" \/>\n\t<meta name=\"twitter:data1\" content=\"1\u00a0Minute\" \/>\n<script type=\"application\/ld+json\" class=\"yoast-schema-graph\">{\"@context\":\"https:\\\/\\\/schema.org\",\"@graph\":[{\"@type\":\"WebPage\",\"@id\":\"https:\\\/\\\/papirol.si\\\/de\\\/produktsortiment\\\/papiertueten-mit-vierseitigem-boden\\\/\",\"url\":\"https:\\\/\\\/papirol.si\\\/de\\\/produktsortiment\\\/papiertueten-mit-vierseitigem-boden\\\/\",\"name\":\"Papiert\u00fcten mit vierseitigem Boden | Papirol\",\"isPartOf\":{\"@id\":\"https:\\\/\\\/papirol.si\\\/#website\"},\"primaryImageOfPage\":{\"@id\":\"https:\\\/\\\/papirol.si\\\/de\\\/produktsortiment\\\/papiertueten-mit-vierseitigem-boden\\\/#primaryimage\"},\"image\":{\"@id\":\"https:\\\/\\\/papirol.si\\\/de\\\/produktsortiment\\\/papiertueten-mit-vierseitigem-boden\\\/#primaryimage\"},\"thumbnailUrl\":\"https:\\\/\\\/papirol.si\\\/wp-content\\\/uploads\\\/2020\\\/01\\\/moka-N_B.jpg\",\"datePublished\":\"2020-06-11T13:44:53+00:00\",\"dateModified\":\"2020-06-16T12:32:35+00:00\",\"breadcrumb\":{\"@id\":\"https:\\\/\\\/papirol.si\\\/de\\\/produktsortiment\\\/papiertueten-mit-vierseitigem-boden\\\/#breadcrumb\"},\"inLanguage\":\"de\",\"potentialAction\":[{\"@type\":\"ReadAction\",\"target\":[\"https:\\\/\\\/papirol.si\\\/de\\\/produktsortiment\\\/papiertueten-mit-vierseitigem-boden\\\/\"]}]},{\"@type\":\"ImageObject\",\"inLanguage\":\"de\",\"@id\":\"https:\\\/\\\/papirol.si\\\/de\\\/produktsortiment\\\/papiertueten-mit-vierseitigem-boden\\\/#primaryimage\",\"url\":\"https:\\\/\\\/papirol.si\\\/wp-content\\\/uploads\\\/2020\\\/01\\\/moka-N_B.jpg\",\"contentUrl\":\"https:\\\/\\\/papirol.si\\\/wp-content\\\/uploads\\\/2020\\\/01\\\/moka-N_B.jpg\"},{\"@type\":\"BreadcrumbList\",\"@id\":\"https:\\\/\\\/papirol.si\\\/de\\\/produktsortiment\\\/papiertueten-mit-vierseitigem-boden\\\/#breadcrumb\",\"itemListElement\":[{\"@type\":\"ListItem\",\"position\":1,\"name\":\"Home\",\"item\":\"https:\\\/\\\/papirol.si\\\/\"},{\"@type\":\"ListItem\",\"position\":2,\"name\":\"Produktsortiment\",\"item\":\"https:\\\/\\\/papirol.si\\\/de\\\/produktsortiment\\\/\"},{\"@type\":\"ListItem\",\"position\":3,\"name\":\"Papiert\u00fcten mit vierseitigem Boden\"}]},{\"@type\":\"WebSite\",\"@id\":\"https:\\\/\\\/papirol.si\\\/#website\",\"url\":\"https:\\\/\\\/papirol.si\\\/\",\"name\":\"Papirol\",\"description\":\"Obla\u010dimo va\u0161e izdelke \u017ee 36 let!\",\"publisher\":{\"@id\":\"https:\\\/\\\/papirol.si\\\/#organization\"},\"potentialAction\":[{\"@type\":\"SearchAction\",\"target\":{\"@type\":\"EntryPoint\",\"urlTemplate\":\"https:\\\/\\\/papirol.si\\\/?s={search_term_string}\"},\"query-input\":{\"@type\":\"PropertyValueSpecification\",\"valueRequired\":true,\"valueName\":\"search_term_string\"}}],\"inLanguage\":\"de\"},{\"@type\":\"Organization\",\"@id\":\"https:\\\/\\\/papirol.si\\\/#organization\",\"name\":\"Papirol\",\"url\":\"https:\\\/\\\/papirol.si\\\/\",\"logo\":{\"@type\":\"ImageObject\",\"inLanguage\":\"de\",\"@id\":\"https:\\\/\\\/papirol.si\\\/#\\\/schema\\\/logo\\\/image\\\/\",\"url\":\"https:\\\/\\\/papirol.si\\\/wp-content\\\/uploads\\\/2019\\\/12\\\/papirol-bela.png\",\"contentUrl\":\"https:\\\/\\\/papirol.si\\\/wp-content\\\/uploads\\\/2019\\\/12\\\/papirol-bela.png\",\"width\":400,\"height\":80,\"caption\":\"Papirol\"},\"image\":{\"@id\":\"https:\\\/\\\/papirol.si\\\/#\\\/schema\\\/logo\\\/image\\\/\"}}]}<\/script>\n<!-- \/ Yoast SEO plugin. -->","yoast_head_json":{"title":"Papiert\u00fcten mit vierseitigem Boden | Papirol","robots":{"index":"index","follow":"follow","max-snippet":"max-snippet:-1","max-image-preview":"max-image-preview:large","max-video-preview":"max-video-preview:-1"},"canonical":"https:\/\/papirol.si\/de\/produktpalette\/papiertueten-mit-vierseitigem-boden\/","og_locale":"de_DE","og_type":"article","og_title":"Papiert\u00fcten mit vierseitigem Boden | Papirol","og_description":"Papiert\u00fcten natura und wei\u00df natura Hergestellt aus einschichtigem, dickerem braunem oder wei\u00dfem Papier. Kompaktes Papier erleichtert das F\u00fcllen...","og_url":"https:\/\/papirol.si\/de\/produktpalette\/papiertueten-mit-vierseitigem-boden\/","og_site_name":"Papirol","article_modified_time":"2020-06-16T12:32:35+00:00","og_image":[{"width":1000,"height":982,"url":"https:\/\/papirol.si\/wp-content\/uploads\/2020\/01\/moka-N_B.jpg","type":"image\/jpeg"}],"twitter_card":"summary_large_image","twitter_misc":{"Gesch\u00e4tzte Lesezeit":"1\u00a0Minute"},"schema":{"@context":"https:\/\/schema.org","@graph":[{"@type":"WebPage","@id":"https:\/\/papirol.si\/de\/produktsortiment\/papiertueten-mit-vierseitigem-boden\/","url":"https:\/\/papirol.si\/de\/produktsortiment\/papiertueten-mit-vierseitigem-boden\/","name":"Papiert\u00fcten mit vierseitigem Boden | Papirol","isPartOf":{"@id":"https:\/\/papirol.si\/#website"},"primaryImageOfPage":{"@id":"https:\/\/papirol.si\/de\/produktsortiment\/papiertueten-mit-vierseitigem-boden\/#primaryimage"},"image":{"@id":"https:\/\/papirol.si\/de\/produktsortiment\/papiertueten-mit-vierseitigem-boden\/#primaryimage"},"thumbnailUrl":"https:\/\/papirol.si\/wp-content\/uploads\/2020\/01\/moka-N_B.jpg","datePublished":"2020-06-11T13:44:53+00:00","dateModified":"2020-06-16T12:32:35+00:00","breadcrumb":{"@id":"https:\/\/papirol.si\/de\/produktsortiment\/papiertueten-mit-vierseitigem-boden\/#breadcrumb"},"inLanguage":"de","potentialAction":[{"@type":"ReadAction","target":["https:\/\/papirol.si\/de\/produktsortiment\/papiertueten-mit-vierseitigem-boden\/"]}]},{"@type":"ImageObject","inLanguage":"de","@id":"https:\/\/papirol.si\/de\/produktsortiment\/papiertueten-mit-vierseitigem-boden\/#primaryimage","url":"https:\/\/papirol.si\/wp-content\/uploads\/2020\/01\/moka-N_B.jpg","contentUrl":"https:\/\/papirol.si\/wp-content\/uploads\/2020\/01\/moka-N_B.jpg"},{"@type":"BreadcrumbList","@id":"https:\/\/papirol.si\/de\/produktsortiment\/papiertueten-mit-vierseitigem-boden\/#breadcrumb","itemListElement":[{"@type":"ListItem","position":1,"name":"Home","item":"https:\/\/papirol.si\/"},{"@type":"ListItem","position":2,"name":"Produktsortiment","item":"https:\/\/papirol.si\/de\/produktsortiment\/"},{"@type":"ListItem","position":3,"name":"Papiert\u00fcten mit vierseitigem Boden"}]},{"@type":"WebSite","@id":"https:\/\/papirol.si\/#website","url":"https:\/\/papirol.si\/","name":"Papirol","description":"Wir kleiden Ihre Produkte seit 36 Jahren ein!","publisher":{"@id":"https:\/\/papirol.si\/#organization"},"potentialAction":[{"@type":"SearchAction","target":{"@type":"EntryPoint","urlTemplate":"https:\/\/papirol.si\/?s={search_term_string}"},"query-input":{"@type":"PropertyValueSpecification","valueRequired":true,"valueName":"search_term_string"}}],"inLanguage":"de"},{"@type":"Organization","@id":"https:\/\/papirol.si\/#organization","name":"Papirol","url":"https:\/\/papirol.si\/","logo":{"@type":"ImageObject","inLanguage":"de","@id":"https:\/\/papirol.si\/#\/schema\/logo\/image\/","url":"https:\/\/papirol.si\/wp-content\/uploads\/2019\/12\/papirol-bela.png","contentUrl":"https:\/\/papirol.si\/wp-content\/uploads\/2019\/12\/papirol-bela.png","width":400,"height":80,"caption":"Papirol"},"image":{"@id":"https:\/\/papirol.si\/#\/schema\/logo\/image\/"}}]}},"_links":{"self":[{"href":"https:\/\/papirol.si\/de\/wp-json\/wp\/v2\/pages\/3143","targetHints":{"allow":["GET"]}}],"collection":[{"href":"https:\/\/papirol.si\/de\/wp-json\/wp\/v2\/pages"}],"about":[{"href":"https:\/\/papirol.si\/de\/wp-json\/wp\/v2\/types\/page"}],"author":[{"embeddable":true,"href":"https:\/\/papirol.si\/de\/wp-json\/wp\/v2\/users\/5"}],"replies":[{"embeddable":true,"href":"https:\/\/papirol.si\/de\/wp-json\/wp\/v2\/comments?post=3143"}],"version-history":[{"count":4,"href":"https:\/\/papirol.si\/de\/wp-json\/wp\/v2\/pages\/3143\/revisions"}],"predecessor-version":[{"id":3524,"href":"https:\/\/papirol.si\/de\/wp-json\/wp\/v2\/pages\/3143\/revisions\/3524"}],"up":[{"embeddable":true,"href":"https:\/\/papirol.si\/de\/wp-json\/wp\/v2\/pages\/3403"}],"wp:attachment":[{"href":"https:\/\/papirol.si\/de\/wp-json\/wp\/v2\/media?parent=3143"}],"curies":[{"name":"wp","href":"https:\/\/api.w.org\/{rel}","templated":true}]}}