{"id":3146,"date":"2020-06-11T16:07:51","date_gmt":"2020-06-11T14:07:51","guid":{"rendered":"https:\/\/papirol.si\/product-assortment\/block-bottom-paper-bags\/paper-bags-natura-and-white-natura\/"},"modified":"2020-06-22T17:37:24","modified_gmt":"2020-06-22T15:37:24","slug":"papiertuten-natura-und-weis-natura-2","status":"publish","type":"page","link":"https:\/\/papirol.si\/de\/product-assortment\/block-bottom-paper-bags\/paper-bags-natura-and-white-natura\/","title":{"rendered":"Papiert\u00fcten natura und wei\u00df natura"},"content":{"rendered":"<div data-elementor-type=\"wp-page\" data-elementor-id=\"3146\" class=\"elementor elementor-3146\" data-elementor-post-type=\"page\">\n\t\t\t\t\t\t<section class=\"elementor-section elementor-top-section elementor-element elementor-element-42377220 elementor-section-content-middle elementor-section-boxed elementor-section-height-default elementor-section-height-default\" data-id=\"42377220\" data-element_type=\"section\" data-e-type=\"section\" id=\"produkt-bio\" data-settings=\"{&quot;background_background&quot;:&quot;classic&quot;}\">\n\t\t\t\t\t\t<div class=\"elementor-container elementor-column-gap-default\">\n\t\t\t\t\t<div class=\"elementor-column elementor-col-50 elementor-top-column elementor-element elementor-element-19f4e227\" data-id=\"19f4e227\" data-element_type=\"column\" data-e-type=\"column\">\n\t\t\t<div class=\"elementor-widget-wrap elementor-element-populated\">\n\t\t\t\t\t\t<div class=\"elementor-element elementor-element-5c8680ea elementor-widget elementor-widget-image\" data-id=\"5c8680ea\" data-element_type=\"widget\" data-e-type=\"widget\" data-widget_type=\"image.default\">\n\t\t\t\t\t\t\t\t\t\t\t\t\t\t\t<img fetchpriority=\"high\" decoding=\"async\" width=\"940\" height=\"923\" src=\"https:\/\/papirol.si\/wp-content\/uploads\/2020\/01\/moka-N_B.jpg\" class=\"attachment-large size-large wp-image-2411\" alt=\"Papiermehls\u00e4cke\" srcset=\"https:\/\/papirol.si\/wp-content\/uploads\/2020\/01\/moka-N_B.jpg 1000w, https:\/\/papirol.si\/wp-content\/uploads\/2020\/01\/moka-N_B-300x295.jpg 300w, https:\/\/papirol.si\/wp-content\/uploads\/2020\/01\/moka-N_B-768x754.jpg 768w, https:\/\/papirol.si\/wp-content\/uploads\/2020\/01\/moka-N_B-285x280.jpg 285w, https:\/\/papirol.si\/wp-content\/uploads\/2020\/01\/moka-N_B-660x648.jpg 660w, https:\/\/papirol.si\/wp-content\/uploads\/2020\/01\/moka-N_B-150x147.jpg 150w\" sizes=\"(max-width: 940px) 100vw, 940px\" \/>\t\t\t\t\t\t\t\t\t\t\t\t\t\t\t<\/div>\n\t\t\t\t<div class=\"elementor-element elementor-element-26ae2b2 elementor-widget elementor-widget-image\" data-id=\"26ae2b2\" data-element_type=\"widget\" data-e-type=\"widget\" data-widget_type=\"image.default\">\n\t\t\t\t\t\t\t\t\t\t\t\t\t\t\t<img decoding=\"async\" width=\"1024\" height=\"1536\" src=\"https:\/\/papirol.si\/wp-content\/uploads\/2020\/03\/moka-B_1kg-1024x1536.jpg\" class=\"attachment-1536x1536 size-1536x1536 wp-image-2865\" alt=\"\" srcset=\"https:\/\/papirol.si\/wp-content\/uploads\/2020\/03\/moka-B_1kg-1024x1536.jpg 1024w, https:\/\/papirol.si\/wp-content\/uploads\/2020\/03\/moka-B_1kg-200x300.jpg 200w, https:\/\/papirol.si\/wp-content\/uploads\/2020\/03\/moka-B_1kg-683x1024.jpg 683w, https:\/\/papirol.si\/wp-content\/uploads\/2020\/03\/moka-B_1kg-768x1152.jpg 768w, https:\/\/papirol.si\/wp-content\/uploads\/2020\/03\/moka-B_1kg-1365x2048.jpg 1365w, https:\/\/papirol.si\/wp-content\/uploads\/2020\/03\/moka-B_1kg-285x428.jpg 285w, https:\/\/papirol.si\/wp-content\/uploads\/2020\/03\/moka-B_1kg-1600x2400.jpg 1600w, https:\/\/papirol.si\/wp-content\/uploads\/2020\/03\/moka-B_1kg-440x660.jpg 440w, https:\/\/papirol.si\/wp-content\/uploads\/2020\/03\/moka-B_1kg-100x150.jpg 100w, https:\/\/papirol.si\/wp-content\/uploads\/2020\/03\/moka-B_1kg-scaled.jpg 1707w\" sizes=\"(max-width: 1024px) 100vw, 1024px\" \/>\t\t\t\t\t\t\t\t\t\t\t\t\t\t\t<\/div>\n\t\t\t\t<div class=\"elementor-element elementor-element-059580b elementor-widget elementor-widget-image\" data-id=\"059580b\" data-element_type=\"widget\" data-e-type=\"widget\" data-widget_type=\"image.default\">\n\t\t\t\t\t\t\t\t\t\t\t\t\t\t\t<img decoding=\"async\" width=\"768\" height=\"1239\" src=\"https:\/\/papirol.si\/wp-content\/uploads\/2020\/02\/vre\u010dka-za-moko-skica-768x1239.jpg\" class=\"attachment-medium_large size-medium_large wp-image-2665\" alt=\"Papiermehls\u00e4cke\" srcset=\"https:\/\/papirol.si\/wp-content\/uploads\/2020\/02\/vre\u010dka-za-moko-skica-768x1239.jpg 768w, https:\/\/papirol.si\/wp-content\/uploads\/2020\/02\/vre\u010dka-za-moko-skica-186x300.jpg 186w, https:\/\/papirol.si\/wp-content\/uploads\/2020\/02\/vre\u010dka-za-moko-skica-635x1024.jpg 635w, https:\/\/papirol.si\/wp-content\/uploads\/2020\/02\/vre\u010dka-za-moko-skica-285x460.jpg 285w, https:\/\/papirol.si\/wp-content\/uploads\/2020\/02\/vre\u010dka-za-moko-skica-409x660.jpg 409w, https:\/\/papirol.si\/wp-content\/uploads\/2020\/02\/vre\u010dka-za-moko-skica-93x150.jpg 93w, https:\/\/papirol.si\/wp-content\/uploads\/2020\/02\/vre\u010dka-za-moko-skica.jpg 950w\" sizes=\"(max-width: 768px) 100vw, 768px\" \/>\t\t\t\t\t\t\t\t\t\t\t\t\t\t\t<\/div>\n\t\t\t\t\t<\/div>\n\t\t<\/div>\n\t\t\t\t<div class=\"elementor-column elementor-col-50 elementor-top-column elementor-element elementor-element-51be8a13\" data-id=\"51be8a13\" data-element_type=\"column\" data-e-type=\"column\">\n\t\t\t<div class=\"elementor-widget-wrap elementor-element-populated\">\n\t\t\t\t\t\t<div class=\"elementor-element elementor-element-4274db45 elementor-widget elementor-widget-text-editor\" data-id=\"4274db45\" data-element_type=\"widget\" data-e-type=\"widget\" data-widget_type=\"text-editor.default\">\n\t\t\t\t\t\t\t\t\t<p><span style=\"font-weight: 400;\">Kleinere Papiert\u00fcten mit Blockboden werden aus einlagigem, dickerem braunem oder wei\u00dfem Natronpapier hergestellt; gr\u00f6\u00dfere T\u00fcten bestehen aus braunem, doppellagigem Papier.<\/span><\/p>\n<p><span style=\"font-weight: 400;\">Sie sind eine Zwischenl\u00f6sung zwischen klassischen Flachbodenbeuteln und Tragetaschen.<\/span><\/p>\n<p><span style=\"font-weight: 400;\">Das kompakte Papier erleichtert das Bef\u00fcllen der T\u00fcte und sorgt daf\u00fcr, dass sie im Regal ihre Form beh\u00e4lt.<\/span><\/p>\n<p><span style=\"font-weight: 400;\">Die kleineren eignen sich zur Bef\u00fcllung mit verschiedenen Arten von gemahlenem Mehl, Brotkr\u00fcmeln, getrockneten Kr\u00e4utern, ... die gr\u00f6\u00dferen zur Aufbewahrung von Mehl, Getreide und Samen, Holzkohle und \u00e4hnlichen Produkten.<\/span><\/p>\n<p><span style=\"font-weight: 400;\">Die kleineren werden mit Schn\u00fcrsenkeln oder Etiketten verschlossen oder gen\u00e4ht, die gr\u00f6\u00dferen werden mit Etiketten verschlossen oder gen\u00e4ht.<\/span><\/p>\n<p>Diese Taschen ohne Aufdruck sind immer auf Lager und auch in kleinen Mengen sofort lieferbar. .<\/p>\n<p><span style=\"font-weight: 400;\">Sie eignen sich auch gut als Verpackung f\u00fcr den Versand von Produkten aus Online-Shops (als Alternative zu Kartons).<\/span><\/p>\n\t\t\t\t\t\t\t\t<\/div>\n\t\t\t\t<div class=\"elementor-element elementor-element-1734093e elementor-widget elementor-widget-text-editor\" data-id=\"1734093e\" data-element_type=\"widget\" data-e-type=\"widget\" id=\"tisk-box\" data-widget_type=\"text-editor.default\">\n\t\t\t\t\t\t\t\t\t<h2>Druck auf Taschen<\/h2>\n<p>Papiert\u00fcten k\u00f6nnen in sehr hoher Qualit\u00e4t in einer oder mehreren Farben bedruckt werden.<br \/>Die M\u00f6glichkeit, gleichzeitig mit der Herstellung des Beutels zu drucken, so dass die gesamte Oberfl\u00e4che des Beutels bedruckt werden kann, optional auch das Innere des Beutels.<br \/>Die M\u00f6glichkeit, auf vorgefertigte Beutel zu drucken, was den Druck kleinerer Mengen erm\u00f6glicht.<br \/>\n<strong>Drucktechniken:<\/strong><\/p>\n<ul>\n<li>Mehrfarbiger Flexodruck von der Linie auf alle Papiers\u00e4cke<\/li>\n<li>mehrfarbiger Siebdruck auf allen vorgefertigten Papiert\u00fcten<\/li>\n<\/ul>\n<p><strong>Drucken:<\/strong><\/p>\n<ul>\n<li>unendlicher oder positionierter, mehrfarbiger Druck, ein- oder beidseitig<\/li>\n<li>\u00fcber die gesamte Fl\u00e4che, ein- oder beidseitig, evtl. Druck in den Rand der Papiert\u00fcte oder sogar auf den Boden.<\/li>\n<\/ul>\n\t\t\t\t\t\t\t\t<\/div>\n\t\t\t\t<div class=\"elementor-element elementor-element-e28ae18 elementor-widget elementor-widget-image\" data-id=\"e28ae18\" data-element_type=\"widget\" data-e-type=\"widget\" data-widget_type=\"image.default\">\n\t\t\t\t\t\t\t\t\t\t\t\t\t\t\t<img loading=\"lazy\" decoding=\"async\" width=\"768\" height=\"512\" src=\"https:\/\/papirol.si\/wp-content\/uploads\/2020\/03\/moka-N-768x512.jpg\" class=\"attachment-medium_large size-medium_large wp-image-2866\" alt=\"\" srcset=\"https:\/\/papirol.si\/wp-content\/uploads\/2020\/03\/moka-N-768x512.jpg 768w, https:\/\/papirol.si\/wp-content\/uploads\/2020\/03\/moka-N-300x200.jpg 300w, https:\/\/papirol.si\/wp-content\/uploads\/2020\/03\/moka-N-1024x683.jpg 1024w, https:\/\/papirol.si\/wp-content\/uploads\/2020\/03\/moka-N-1536x1024.jpg 1536w, https:\/\/papirol.si\/wp-content\/uploads\/2020\/03\/moka-N-2048x1365.jpg 2048w, https:\/\/papirol.si\/wp-content\/uploads\/2020\/03\/moka-N-285x190.jpg 285w, https:\/\/papirol.si\/wp-content\/uploads\/2020\/03\/moka-N-1600x1067.jpg 1600w, https:\/\/papirol.si\/wp-content\/uploads\/2020\/03\/moka-N-660x440.jpg 660w, https:\/\/papirol.si\/wp-content\/uploads\/2020\/03\/moka-N-150x100.jpg 150w\" sizes=\"(max-width: 768px) 100vw, 768px\" \/>\t\t\t\t\t\t\t\t\t\t\t\t\t\t\t<\/div>\n\t\t\t\t\t<\/div>\n\t\t<\/div>\n\t\t\t\t\t<\/div>\n\t\t<\/section>\n\t\t\t\t<section class=\"elementor-section elementor-top-section elementor-element elementor-element-f11247f elementor-section-boxed elementor-section-height-default elementor-section-height-default\" data-id=\"f11247f\" data-element_type=\"section\" data-e-type=\"section\" id=\"product-bio-tbl\" data-settings=\"{&quot;background_background&quot;:&quot;classic&quot;}\">\n\t\t\t\t\t\t<div class=\"elementor-container elementor-column-gap-default\">\n\t\t\t\t\t<div class=\"elementor-column elementor-col-100 elementor-top-column elementor-element elementor-element-21ce687\" data-id=\"21ce687\" data-element_type=\"column\" data-e-type=\"column\">\n\t\t\t<div class=\"elementor-widget-wrap elementor-element-populated\">\n\t\t\t\t\t\t<div class=\"elementor-element elementor-element-1b549f9 elementor-widget elementor-widget-text-editor\" data-id=\"1b549f9\" data-element_type=\"widget\" data-e-type=\"widget\" data-widget_type=\"text-editor.default\">\n\t\t\t\t\t\t\t\t\t<table data-minrequestedwidth=\"445.3109130859375\" data-computedwidth=\"445.3109130859375\">\n<tbody>\n<tr>\n<td class=\"imVc\">\n<div class=\"imTACenter\"><b class=\"fs11lh1-5\">PRODUKTNAME<\/b><\/div>\n<\/td>\n<td class=\"imVc\">\n<div class=\"imTACenter\"><b class=\"fs11lh1-5\">STANDARDABMESSUNGEN<\/b><\/div>\n<\/td>\n<td class=\"imVc\">\n<div class=\"imTACenter\"><b class=\"fs11lh1-5\">VERPACKUNG<\/b><\/div>\n<\/td>\n<\/tr>\n<tr>\n<td class=\"imVc\">\n<div class=\"imTACenter\"><span class=\"fs11lh1-5 ff1\">47100 Natur 1\/2 m\/N<\/span><\/div>\n<\/td>\n<td class=\"imVc\">\n<div class=\"imTACenter\"><span class=\"fs11lh1-5 ff1\">9,5 + 4,5 x 26 cm<\/span><\/div>\n<\/td>\n<td class=\"imVc\">\n<div class=\"imTACenter\"><span class=\"fs11lh1-5 ff1\">1000\/100 St\u00fcck<\/span><\/div>\n<\/td>\n<\/tr>\n<tr>\n<td class=\"imVc\">\n<div class=\"imTACenter\"><span class=\"fs11lh1-5 ff1\">47100 Wei\u00df natur 1\/2 m\/B<\/span><\/div>\n<\/td>\n<td class=\"imVc\">\n<div class=\"imTACenter\"><span class=\"fs11lh1-5 ff1\">9,5 + 4,5 x 26 cm<\/span><\/div>\n<\/td>\n<td class=\"imVc\">\n<div class=\"imTACenter\"><span class=\"fs11lh1-5 ff1\">1000\/100 St\u00fcck<\/span><\/div>\n<\/td>\n<\/tr>\n<tr>\n<td class=\"imVc\">\n<div class=\"imTACenter\"><span class=\"fs11lh1-5 ff1\">47101 Natur 1 m\/N<\/span><\/div>\n<\/td>\n<td class=\"imVc\">\n<div class=\"imTACenter\"><span class=\"fs11lh1-5 ff1\">12 + 6 x 26 cm<\/span><\/div>\n<\/td>\n<td class=\"imVc\">\n<div class=\"imTACenter\"><span class=\"fs11lh1-5 ff1\">1000\/100 St\u00fcck<\/span><\/div>\n<\/td>\n<\/tr>\n<tr>\n<td class=\"imVc\">\n<div class=\"imTACenter\"><span class=\"fs11lh1-5 ff1\">47101 Wei\u00df natur 1 m\/B<\/span><\/div>\n<\/td>\n<td class=\"imVc\">\n<div class=\"imTACenter\"><span class=\"fs11lh1-5 ff1\">12 + 6 x 26 cm<\/span><\/div>\n<\/td>\n<td class=\"imVc\">\n<div class=\"imTACenter\"><span class=\"fs11lh1-5 ff1\">1000\/100 St\u00fcck<\/span><\/div>\n<\/td>\n<\/tr>\n<tr>\n<td class=\"imVc\">\n<div class=\"imTACenter\"><span class=\"fs11lh1-5 ff1\">47102 Natur 2 m\/N<\/span><\/div>\n<\/td>\n<td class=\"imVc\">\n<div class=\"imTACenter\"><span class=\"fs11lh1-5 ff1\">14 + 8 x 34 cm<\/span><\/div>\n<\/td>\n<td class=\"imVc\">\n<div class=\"imTACenter\"><span class=\"fs11lh1-5 ff1\">1000\/100 St\u00fcck<\/span><\/div>\n<\/td>\n<\/tr>\n<tr>\n<td class=\"imVc\">\n<div class=\"imTACenter\"><span class=\"fs11lh1-5 ff1\">47102 Wei\u00df natur 2 m\/B<\/span><\/div>\n<\/td>\n<td class=\"imVc\">\n<div class=\"imTACenter\"><span class=\"fs11lh1-5 ff1\">14 + 8 x 34 cm<\/span><\/div>\n<\/td>\n<td class=\"imVc\">\n<div class=\"imTACenter\"><span class=\"fs11lh1-5 ff1\">1000\/100 St\u00fcck<\/span><\/div>\n<\/td>\n<\/tr>\n<tr>\n<td class=\"imVc\">\n<div class=\"imTACenter\"><span class=\"fs11lh1-5 ff1\">47105 Natur 5 m\/N<\/span><\/div>\n<\/td>\n<td class=\"imVc\">\n<div class=\"imTACenter\"><span class=\"fs11lh1-5 ff1\">16 + 12 x 45 cm<\/span><\/div>\n<\/td>\n<td class=\"imVc\">\n<div class=\"imTACenter\"><span class=\"fs11lh1-5 ff1\"> 400\/100 St\u00fcck<\/span><\/div>\n<\/td>\n<\/tr>\n<tr>\n<td class=\"imVc\">\n<div class=\"imTACenter\"><span class=\"fs11lh1-5 ff1\">471010 Natur 10 m\/N<\/span><\/div>\n<\/td>\n<td class=\"imVc\">\n<div class=\"imTACenter\"><span class=\"fs11lh1-5 ff1\">24 + 12 x 50 cm<\/span><\/div>\n<\/td>\n<td class=\"imVc\">\n<div class=\"imTACenter\"><span class=\"fs11lh1-5 ff1\"> 200\/100 St\u00fcck<\/span><\/div>\n<\/td>\n<\/tr>\n<tr>\n<td class=\"imVc\">\n<div class=\"imTACenter\"><span class=\"fs11lh1-5 ff1\">471025 Natur 25 m\/N<\/span><\/div>\n<\/td>\n<td class=\"imVc\">\n<div class=\"imTACenter\"><span class=\"fs11lh1-5 ff1\">55 + 14 x 77 cm<\/span><\/div>\n<\/td>\n<td class=\"imVc\">\n<div class=\"imTACenter\"><span class=\"fs11lh1-5 ff1\"> 100\/50 St\u00fcck<\/span><\/div>\n<\/td>\n<\/tr>\n<tr>\n<td class=\"imVc\">\n<div class=\"imTACenter\"><span class=\"fs11lh1-5 ff1\">471050 Natur 50 m\/N<\/span><\/div>\n<\/td>\n<td class=\"imVc\">\n<div class=\"imTACenter\"><span class=\"fs11lh1-5 ff1\">55 + 14 x 110 cm<\/span><\/div>\n<\/td>\n<td class=\"imVc\">\n<div class=\"imTACenter\"><span class=\"fs11lh1-5 ff1\"> 100\/50 St\u00fcck<\/span><\/div>\n<\/td>\n<\/tr>\n<\/tbody>\n<\/table>\n\t\t\t\t\t\t\t\t<\/div>\n\t\t\t\t\t<\/div>\n\t\t<\/div>\n\t\t\t\t\t<\/div>\n\t\t<\/section>\n\t\t\t\t<section class=\"elementor-section elementor-top-section elementor-element elementor-element-33bc7a0a elementor-section-boxed elementor-section-height-default elementor-section-height-default\" data-id=\"33bc7a0a\" data-element_type=\"section\" data-e-type=\"section\" id=\"povp-sect\" data-settings=\"{&quot;background_background&quot;:&quot;classic&quot;}\">\n\t\t\t\t\t\t\t<div class=\"elementor-background-overlay\"><\/div>\n\t\t\t\t\t\t\t<div class=\"elementor-container elementor-column-gap-default\">\n\t\t\t\t\t<div class=\"elementor-column elementor-col-100 elementor-top-column elementor-element elementor-element-5f55f2d5\" data-id=\"5f55f2d5\" data-element_type=\"column\" data-e-type=\"column\">\n\t\t\t<div class=\"elementor-widget-wrap elementor-element-populated\">\n\t\t\t\t\t\t<div class=\"elementor-element elementor-element-3e2bde6e elementor-widget elementor-widget-heading\" data-id=\"3e2bde6e\" data-element_type=\"widget\" data-e-type=\"widget\" data-widget_type=\"heading.default\">\n\t\t\t\t\t<h2 class=\"elementor-heading-title elementor-size-default elementor-heading-title elementor-align-after-center\"><span style=\"font-weight:normal\"><span><\/span><\/span>Verwenden Sie umweltfreundliche Verpackungen!<\/h2>\t\t\t\t<\/div>\n\t\t\t\t<div class=\"elementor-element elementor-element-2264df49 elementor-widget elementor-widget-sm-default-button\" data-id=\"2264df49\" data-element_type=\"widget\" data-e-type=\"widget\" data-widget_type=\"sm-default-button.default\">\n\t\t\t\t<div class=\"elementor-widget-container\">\n\t\t\t\t\t\n\t\t\t\t<a   href=\"https:\/\/papirol.si\/de\/demand\/block-bottom-paper-bags\/\" class=\"btn\">Anfrage senden<i class=\"ti ti-arrow-right\"><\/i><\/a>\n\t\t\n\t\t\t\t\t<\/div>\n\t\t\t\t<\/div>\n\t\t\t\t\t<\/div>\n\t\t<\/div>\n\t\t\t\t\t<\/div>\n\t\t<\/section>\n\t\t\t\t<\/div>","protected":false},"excerpt":{"rendered":"<p>Smaller sizes of paper bags with block bottom are made of single-layered thicker brown or white natron paper;&#8230;<\/p>","protected":false},"author":5,"featured_media":0,"parent":3140,"menu_order":0,"comment_status":"closed","ping_status":"closed","template":"elementor_header_footer","meta":{"footnotes":""},"class_list":["post-3146","page","type-page","status-publish","hentry"],"yoast_head":"<!-- This site is optimized with the Yoast SEO plugin v27.3 - https:\/\/yoast.com\/product\/yoast-seo-wordpress\/ -->\n<title>Paper bags natura and white natura | Papirol<\/title>\n<meta name=\"robots\" content=\"index, follow, max-snippet:-1, max-image-preview:large, max-video-preview:-1\" \/>\n<link rel=\"canonical\" href=\"https:\/\/papirol.si\/de\/produktpalette\/papiertueten-mit-vierseitigem-boden\/papiertueten-natura-und-weiss-natura\/\" \/>\n<meta property=\"og:locale\" content=\"de_DE\" \/>\n<meta property=\"og:type\" content=\"article\" \/>\n<meta property=\"og:title\" content=\"Paper bags natura and white natura | Papirol\" \/>\n<meta property=\"og:description\" content=\"Smaller sizes of paper bags with block bottom are made of single-layered thicker brown or white natron paper;...\" \/>\n<meta property=\"og:url\" content=\"https:\/\/papirol.si\/de\/produktpalette\/papiertueten-mit-vierseitigem-boden\/papiertueten-natura-und-weiss-natura\/\" \/>\n<meta property=\"og:site_name\" content=\"Papirol\" \/>\n<meta property=\"article:modified_time\" content=\"2020-06-22T15:37:24+00:00\" \/>\n<meta property=\"og:image\" content=\"https:\/\/papirol.si\/wp-content\/uploads\/2020\/01\/moka-N_B.jpg\" \/>\n\t<meta property=\"og:image:width\" content=\"1000\" \/>\n\t<meta property=\"og:image:height\" content=\"982\" \/>\n\t<meta property=\"og:image:type\" content=\"image\/jpeg\" \/>\n<meta name=\"twitter:card\" content=\"summary_large_image\" \/>\n<meta name=\"twitter:label1\" content=\"Gesch\u00e4tzte Lesezeit\" \/>\n\t<meta name=\"twitter:data1\" content=\"2\u00a0Minuten\" \/>\n<script type=\"application\/ld+json\" class=\"yoast-schema-graph\">{\"@context\":\"https:\\\/\\\/schema.org\",\"@graph\":[{\"@type\":\"WebPage\",\"@id\":\"https:\\\/\\\/papirol.si\\\/de\\\/produktsortiment\\\/papiertueten-mit-vierseitigem-boden\\\/papiertueten-natura-und-weiss-natura\\\/\",\"url\":\"https:\\\/\\\/papirol.si\\\/de\\\/produktsortiment\\\/papiertueten-mit-vierseitigem-boden\\\/papiertueten-natura-und-weiss-natura\\\/\",\"name\":\"Paper bags natura and white natura | Papirol\",\"isPartOf\":{\"@id\":\"https:\\\/\\\/papirol.si\\\/#website\"},\"primaryImageOfPage\":{\"@id\":\"https:\\\/\\\/papirol.si\\\/de\\\/produktsortiment\\\/papiertueten-mit-vierseitigem-boden\\\/papiertueten-natura-und-weiss-natura\\\/#primaryimage\"},\"image\":{\"@id\":\"https:\\\/\\\/papirol.si\\\/de\\\/produktsortiment\\\/papiertueten-mit-vierseitigem-boden\\\/papiertueten-natura-und-weiss-natura\\\/#primaryimage\"},\"thumbnailUrl\":\"https:\\\/\\\/papirol.si\\\/wp-content\\\/uploads\\\/2020\\\/01\\\/moka-N_B.jpg\",\"datePublished\":\"2020-06-11T14:07:51+00:00\",\"dateModified\":\"2020-06-22T15:37:24+00:00\",\"breadcrumb\":{\"@id\":\"https:\\\/\\\/papirol.si\\\/de\\\/produktsortiment\\\/papiertueten-mit-vierseitigem-boden\\\/papiertueten-natura-und-weiss-natura\\\/#breadcrumb\"},\"inLanguage\":\"de\",\"potentialAction\":[{\"@type\":\"ReadAction\",\"target\":[\"https:\\\/\\\/papirol.si\\\/de\\\/produktsortiment\\\/papiertueten-mit-vierseitigem-boden\\\/papiertueten-natura-und-weiss-natura\\\/\"]}]},{\"@type\":\"ImageObject\",\"inLanguage\":\"de\",\"@id\":\"https:\\\/\\\/papirol.si\\\/de\\\/produktsortiment\\\/papiertueten-mit-vierseitigem-boden\\\/papiertueten-natura-und-weiss-natura\\\/#primaryimage\",\"url\":\"https:\\\/\\\/papirol.si\\\/wp-content\\\/uploads\\\/2020\\\/01\\\/moka-N_B.jpg\",\"contentUrl\":\"https:\\\/\\\/papirol.si\\\/wp-content\\\/uploads\\\/2020\\\/01\\\/moka-N_B.jpg\"},{\"@type\":\"BreadcrumbList\",\"@id\":\"https:\\\/\\\/papirol.si\\\/de\\\/produktsortiment\\\/papiertueten-mit-vierseitigem-boden\\\/papiertueten-natura-und-weiss-natura\\\/#breadcrumb\",\"itemListElement\":[{\"@type\":\"ListItem\",\"position\":1,\"name\":\"Home\",\"item\":\"https:\\\/\\\/papirol.si\\\/\"},{\"@type\":\"ListItem\",\"position\":2,\"name\":\"Product assortment\",\"item\":\"https:\\\/\\\/papirol.si\\\/de\\\/produktsortiment\\\/\"},{\"@type\":\"ListItem\",\"position\":3,\"name\":\"Block bottom paper bags\",\"item\":\"https:\\\/\\\/papirol.si\\\/de\\\/produktsortiment\\\/papiertueten-mit-vierseitigem-boden\\\/\"},{\"@type\":\"ListItem\",\"position\":4,\"name\":\"Paper bags natura and white natura\"}]},{\"@type\":\"WebSite\",\"@id\":\"https:\\\/\\\/papirol.si\\\/#website\",\"url\":\"https:\\\/\\\/papirol.si\\\/\",\"name\":\"Papirol\",\"description\":\"Obla\u010dimo va\u0161e izdelke \u017ee 36 let!\",\"publisher\":{\"@id\":\"https:\\\/\\\/papirol.si\\\/#organization\"},\"potentialAction\":[{\"@type\":\"SearchAction\",\"target\":{\"@type\":\"EntryPoint\",\"urlTemplate\":\"https:\\\/\\\/papirol.si\\\/?s={search_term_string}\"},\"query-input\":{\"@type\":\"PropertyValueSpecification\",\"valueRequired\":true,\"valueName\":\"search_term_string\"}}],\"inLanguage\":\"de\"},{\"@type\":\"Organization\",\"@id\":\"https:\\\/\\\/papirol.si\\\/#organization\",\"name\":\"Papirol\",\"url\":\"https:\\\/\\\/papirol.si\\\/\",\"logo\":{\"@type\":\"ImageObject\",\"inLanguage\":\"de\",\"@id\":\"https:\\\/\\\/papirol.si\\\/#\\\/schema\\\/logo\\\/image\\\/\",\"url\":\"https:\\\/\\\/papirol.si\\\/wp-content\\\/uploads\\\/2019\\\/12\\\/papirol-bela.png\",\"contentUrl\":\"https:\\\/\\\/papirol.si\\\/wp-content\\\/uploads\\\/2019\\\/12\\\/papirol-bela.png\",\"width\":400,\"height\":80,\"caption\":\"Papirol\"},\"image\":{\"@id\":\"https:\\\/\\\/papirol.si\\\/#\\\/schema\\\/logo\\\/image\\\/\"}}]}<\/script>\n<!-- \/ Yoast SEO plugin. -->","yoast_head_json":{"title":"Papiert\u00fcten natura und wei\u00df natura | Papirol","robots":{"index":"index","follow":"follow","max-snippet":"max-snippet:-1","max-image-preview":"max-image-preview:large","max-video-preview":"max-video-preview:-1"},"canonical":"https:\/\/papirol.si\/de\/produktpalette\/papiertueten-mit-vierseitigem-boden\/papiertueten-natura-und-weiss-natura\/","og_locale":"de_DE","og_type":"article","og_title":"Paper bags natura and white natura | Papirol","og_description":"Smaller sizes of paper bags with block bottom are made of single-layered thicker brown or white natron paper;...","og_url":"https:\/\/papirol.si\/de\/produktpalette\/papiertueten-mit-vierseitigem-boden\/papiertueten-natura-und-weiss-natura\/","og_site_name":"Papirol","article_modified_time":"2020-06-22T15:37:24+00:00","og_image":[{"width":1000,"height":982,"url":"https:\/\/papirol.si\/wp-content\/uploads\/2020\/01\/moka-N_B.jpg","type":"image\/jpeg"}],"twitter_card":"summary_large_image","twitter_misc":{"Gesch\u00e4tzte Lesezeit":"2\u00a0Minuten"},"schema":{"@context":"https:\/\/schema.org","@graph":[{"@type":"WebPage","@id":"https:\/\/papirol.si\/de\/produktsortiment\/papiertueten-mit-vierseitigem-boden\/papiertueten-natura-und-weiss-natura\/","url":"https:\/\/papirol.si\/de\/produktsortiment\/papiertueten-mit-vierseitigem-boden\/papiertueten-natura-und-weiss-natura\/","name":"Papiert\u00fcten natura und wei\u00df natura | Papirol","isPartOf":{"@id":"https:\/\/papirol.si\/#website"},"primaryImageOfPage":{"@id":"https:\/\/papirol.si\/de\/produktsortiment\/papiertueten-mit-vierseitigem-boden\/papiertueten-natura-und-weiss-natura\/#primaryimage"},"image":{"@id":"https:\/\/papirol.si\/de\/produktsortiment\/papiertueten-mit-vierseitigem-boden\/papiertueten-natura-und-weiss-natura\/#primaryimage"},"thumbnailUrl":"https:\/\/papirol.si\/wp-content\/uploads\/2020\/01\/moka-N_B.jpg","datePublished":"2020-06-11T14:07:51+00:00","dateModified":"2020-06-22T15:37:24+00:00","breadcrumb":{"@id":"https:\/\/papirol.si\/de\/produktsortiment\/papiertueten-mit-vierseitigem-boden\/papiertueten-natura-und-weiss-natura\/#breadcrumb"},"inLanguage":"de","potentialAction":[{"@type":"ReadAction","target":["https:\/\/papirol.si\/de\/produktsortiment\/papiertueten-mit-vierseitigem-boden\/papiertueten-natura-und-weiss-natura\/"]}]},{"@type":"ImageObject","inLanguage":"de","@id":"https:\/\/papirol.si\/de\/produktsortiment\/papiertueten-mit-vierseitigem-boden\/papiertueten-natura-und-weiss-natura\/#primaryimage","url":"https:\/\/papirol.si\/wp-content\/uploads\/2020\/01\/moka-N_B.jpg","contentUrl":"https:\/\/papirol.si\/wp-content\/uploads\/2020\/01\/moka-N_B.jpg"},{"@type":"BreadcrumbList","@id":"https:\/\/papirol.si\/de\/produktsortiment\/papiertueten-mit-vierseitigem-boden\/papiertueten-natura-und-weiss-natura\/#breadcrumb","itemListElement":[{"@type":"ListItem","position":1,"name":"Home","item":"https:\/\/papirol.si\/"},{"@type":"ListItem","position":2,"name":"Product assortment","item":"https:\/\/papirol.si\/de\/produktsortiment\/"},{"@type":"ListItem","position":3,"name":"Block bottom paper bags","item":"https:\/\/papirol.si\/de\/produktsortiment\/papiertueten-mit-vierseitigem-boden\/"},{"@type":"ListItem","position":4,"name":"Paper bags natura and white natura"}]},{"@type":"WebSite","@id":"https:\/\/papirol.si\/#website","url":"https:\/\/papirol.si\/","name":"Papirol","description":"Wir kleiden Ihre Produkte seit 36 Jahren ein!","publisher":{"@id":"https:\/\/papirol.si\/#organization"},"potentialAction":[{"@type":"SearchAction","target":{"@type":"EntryPoint","urlTemplate":"https:\/\/papirol.si\/?s={search_term_string}"},"query-input":{"@type":"PropertyValueSpecification","valueRequired":true,"valueName":"search_term_string"}}],"inLanguage":"de"},{"@type":"Organization","@id":"https:\/\/papirol.si\/#organization","name":"Papirol","url":"https:\/\/papirol.si\/","logo":{"@type":"ImageObject","inLanguage":"de","@id":"https:\/\/papirol.si\/#\/schema\/logo\/image\/","url":"https:\/\/papirol.si\/wp-content\/uploads\/2019\/12\/papirol-bela.png","contentUrl":"https:\/\/papirol.si\/wp-content\/uploads\/2019\/12\/papirol-bela.png","width":400,"height":80,"caption":"Papirol"},"image":{"@id":"https:\/\/papirol.si\/#\/schema\/logo\/image\/"}}]}},"_links":{"self":[{"href":"https:\/\/papirol.si\/de\/wp-json\/wp\/v2\/pages\/3146","targetHints":{"allow":["GET"]}}],"collection":[{"href":"https:\/\/papirol.si\/de\/wp-json\/wp\/v2\/pages"}],"about":[{"href":"https:\/\/papirol.si\/de\/wp-json\/wp\/v2\/types\/page"}],"author":[{"embeddable":true,"href":"https:\/\/papirol.si\/de\/wp-json\/wp\/v2\/users\/5"}],"replies":[{"embeddable":true,"href":"https:\/\/papirol.si\/de\/wp-json\/wp\/v2\/comments?post=3146"}],"version-history":[{"count":5,"href":"https:\/\/papirol.si\/de\/wp-json\/wp\/v2\/pages\/3146\/revisions"}],"predecessor-version":[{"id":3696,"href":"https:\/\/papirol.si\/de\/wp-json\/wp\/v2\/pages\/3146\/revisions\/3696"}],"up":[{"embeddable":true,"href":"https:\/\/papirol.si\/de\/wp-json\/wp\/v2\/pages\/3140"}],"wp:attachment":[{"href":"https:\/\/papirol.si\/de\/wp-json\/wp\/v2\/media?parent=3146"}],"curies":[{"name":"wp","href":"https:\/\/api.w.org\/{rel}","templated":true}]}}