{"id":3154,"date":"2020-06-12T13:08:18","date_gmt":"2020-06-12T11:08:18","guid":{"rendered":"https:\/\/papirol.si\/papiertueten-mit-vierseitigem-boden\/papiertueten-natura-mit-fenster\/"},"modified":"2020-06-22T18:41:50","modified_gmt":"2020-06-22T16:41:50","slug":"papiertueten-natur-mit-fenster","status":"publish","type":"page","link":"https:\/\/papirol.si\/de\/produktsortiment\/papiertueten-mit-vierseitigem-boden\/papiertueten-natura-mit-fenster\/","title":{"rendered":"Papiert\u00fcten natura mit Fenster"},"content":{"rendered":"<div data-elementor-type=\"wp-page\" data-elementor-id=\"3154\" class=\"elementor elementor-3154\" data-elementor-post-type=\"page\">\n\t\t\t\t\t\t<section class=\"elementor-section elementor-top-section elementor-element elementor-element-5498e770 elementor-section-content-middle elementor-section-boxed elementor-section-height-default elementor-section-height-default\" data-id=\"5498e770\" data-element_type=\"section\" data-e-type=\"section\" id=\"produkt-bio\" data-settings=\"{&quot;background_background&quot;:&quot;classic&quot;}\">\n\t\t\t\t\t\t<div class=\"elementor-container elementor-column-gap-default\">\n\t\t\t\t\t<div class=\"elementor-column elementor-col-50 elementor-top-column elementor-element elementor-element-617b0a78\" data-id=\"617b0a78\" data-element_type=\"column\" data-e-type=\"column\">\n\t\t\t<div class=\"elementor-widget-wrap elementor-element-populated\">\n\t\t\t\t\t\t<div class=\"elementor-element elementor-element-059580b elementor-widget elementor-widget-image\" data-id=\"059580b\" data-element_type=\"widget\" data-e-type=\"widget\" data-widget_type=\"image.default\">\n\t\t\t\t\t\t\t\t\t\t\t\t\t\t\t<img fetchpriority=\"high\" decoding=\"async\" width=\"774\" height=\"1000\" src=\"https:\/\/papirol.si\/wp-content\/uploads\/2020\/01\/\u010di\u010derika-okenca.jpg\" class=\"attachment-large size-large wp-image-2420\" alt=\"\" srcset=\"https:\/\/papirol.si\/wp-content\/uploads\/2020\/01\/\u010di\u010derika-okenca.jpg 774w, https:\/\/papirol.si\/wp-content\/uploads\/2020\/01\/\u010di\u010derika-okenca-232x300.jpg 232w, https:\/\/papirol.si\/wp-content\/uploads\/2020\/01\/\u010di\u010derika-okenca-768x992.jpg 768w, https:\/\/papirol.si\/wp-content\/uploads\/2020\/01\/\u010di\u010derika-okenca-285x368.jpg 285w, https:\/\/papirol.si\/wp-content\/uploads\/2020\/01\/\u010di\u010derika-okenca-511x660.jpg 511w, https:\/\/papirol.si\/wp-content\/uploads\/2020\/01\/\u010di\u010derika-okenca-116x150.jpg 116w\" sizes=\"(max-width: 774px) 100vw, 774px\" \/>\t\t\t\t\t\t\t\t\t\t\t\t\t\t\t<\/div>\n\t\t\t\t<div class=\"elementor-element elementor-element-5e181009 elementor-widget elementor-widget-image\" data-id=\"5e181009\" data-element_type=\"widget\" data-e-type=\"widget\" data-widget_type=\"image.default\">\n\t\t\t\t\t\t\t\t\t\t\t\t\t\t\t<img decoding=\"async\" width=\"635\" height=\"1024\" src=\"https:\/\/papirol.si\/wp-content\/uploads\/2020\/02\/vre\u010dka-za-mokookno-skica-635x1024.jpg\" class=\"attachment-large size-large wp-image-2664\" alt=\"Papiermehls\u00e4cke\" srcset=\"https:\/\/papirol.si\/wp-content\/uploads\/2020\/02\/vre\u010dka-za-mokookno-skica-635x1024.jpg 635w, https:\/\/papirol.si\/wp-content\/uploads\/2020\/02\/vre\u010dka-za-mokookno-skica-186x300.jpg 186w, https:\/\/papirol.si\/wp-content\/uploads\/2020\/02\/vre\u010dka-za-mokookno-skica-768x1239.jpg 768w, https:\/\/papirol.si\/wp-content\/uploads\/2020\/02\/vre\u010dka-za-mokookno-skica-285x460.jpg 285w, https:\/\/papirol.si\/wp-content\/uploads\/2020\/02\/vre\u010dka-za-mokookno-skica-409x660.jpg 409w, https:\/\/papirol.si\/wp-content\/uploads\/2020\/02\/vre\u010dka-za-mokookno-skica-93x150.jpg 93w, https:\/\/papirol.si\/wp-content\/uploads\/2020\/02\/vre\u010dka-za-mokookno-skica.jpg 950w\" sizes=\"(max-width: 635px) 100vw, 635px\" \/>\t\t\t\t\t\t\t\t\t\t\t\t\t\t\t<\/div>\n\t\t\t\t\t<\/div>\n\t\t<\/div>\n\t\t\t\t<div class=\"elementor-column elementor-col-50 elementor-top-column elementor-element elementor-element-4a7ce1a5\" data-id=\"4a7ce1a5\" data-element_type=\"column\" data-e-type=\"column\">\n\t\t\t<div class=\"elementor-widget-wrap elementor-element-populated\">\n\t\t\t\t\t\t<div class=\"elementor-element elementor-element-573f6f22 elementor-widget elementor-widget-text-editor\" data-id=\"573f6f22\" data-element_type=\"widget\" data-e-type=\"widget\" data-widget_type=\"text-editor.default\">\n\t\t\t\t\t\t\t\t\t<p><span style=\"font-weight: 400;\">Papiert\u00fcten mit vierseitigem Boden natura mit Fenster sind aus braunem, fettdichtem Papier hergestellt; sie werden durch Schwei\u00dfen, Schn\u00fcren, Kleben oder N\u00e4hen verschlossen.<\/span><\/p>\n<p><span style=\"font-weight: 400;\">Das kleinere Fenster befindet sich in der unteren H\u00e4lfte des Beutels.<\/span><\/p>\n<p><span style=\"font-weight: 400;\">Sie sind besonders n\u00fctzlich f\u00fcr Produkte, bei denen es w\u00fcnschenswert ist, das Innere der Verpackung zu betrachten, z.B. Samen und verschiedene Mischungen von Tees und Kr\u00e4utern, Schokoladenbonbons, Trockenfr\u00fcchte, bis hin zu Hundekuchen und \u00e4hnlichem. <\/span><\/p>\n<p><span style=\"font-weight: 400;\">Diese Beutel ohne Aufdruck sind immer auf Lager und auch in kleinen Mengen sofort lieferbar.<\/span><\/p>\n\t\t\t\t\t\t\t\t<\/div>\n\t\t\t\t<div class=\"elementor-element elementor-element-f1f04d4 elementor-widget elementor-widget-text-editor\" data-id=\"f1f04d4\" data-element_type=\"widget\" data-e-type=\"widget\" id=\"tisk-box\" data-widget_type=\"text-editor.default\">\n\t\t\t\t\t\t\t\t\t<h2>Drucken<\/h2>\n<p>Papiert\u00fcten k\u00f6nnen in h\u00f6chster Qualit\u00e4t ein- oder mehrfarbig bedruckt werden.<br \/>Die M\u00f6glichkeit, gleichzeitig mit der Herstellung des Beutels zu bedrucken, was einen Druck \u00fcber die gesamte Oberfl\u00e4che des Beutels erm\u00f6glicht, optional auch im Inneren des Beutels.<br \/>Die M\u00f6glichkeit des Drucks auf vorgefertigte Beutel, was den Druck kleinerer Mengen erm\u00f6glicht<br \/>\n<strong>Drucktechniken<\/strong><\/p>\n<ul>\n<li>mehrfarbiger Flexodruck von der Linie auf alle Papiert\u00fcten<\/li>\n<li>mehrfarbiger Siebdruck auf allen vorgefertigten Papiert\u00fcten<\/li>\n<\/ul>\n<p><strong>Druck:<\/strong><\/p>\n<ul>\n<li>unendlich oder positioniert, Mehrfarbendruck, ein- oder beidseitig<\/li>\n<li>unendlich oder positioniert, Mehrfarbendruck, ein- oder beidseitig<\/li>\n<\/ul>\n\t\t\t\t\t\t\t\t<\/div>\n\t\t\t\t\t<\/div>\n\t\t<\/div>\n\t\t\t\t\t<\/div>\n\t\t<\/section>\n\t\t\t\t<section class=\"elementor-section elementor-top-section elementor-element elementor-element-7af69247 elementor-section-boxed elementor-section-height-default elementor-section-height-default\" data-id=\"7af69247\" data-element_type=\"section\" data-e-type=\"section\" id=\"product-bio-tbl\" data-settings=\"{&quot;background_background&quot;:&quot;classic&quot;}\">\n\t\t\t\t\t\t<div class=\"elementor-container elementor-column-gap-default\">\n\t\t\t\t\t<div class=\"elementor-column elementor-col-100 elementor-top-column elementor-element elementor-element-7e5e8098\" data-id=\"7e5e8098\" data-element_type=\"column\" data-e-type=\"column\">\n\t\t\t<div class=\"elementor-widget-wrap elementor-element-populated\">\n\t\t\t\t\t\t<div class=\"elementor-element elementor-element-2a23f05d elementor-widget elementor-widget-text-editor\" data-id=\"2a23f05d\" data-element_type=\"widget\" data-e-type=\"widget\" data-widget_type=\"text-editor.default\">\n\t\t\t\t\t\t\t\t\t<table>\n<tbody>\n<tr>\n<td class=\"imVc\">\n<div><b class=\"fs11lh1-5\">PRODUKTNAME<\/b><\/div>\n<\/td>\n<td class=\"imVc\"><b>STANDARDABMESSUNG<\/b><em>(A + 2 x C x B)<\/em><\/td>\n<td class=\"imVc\">\n<div class=\"imTACenter\"><b><span class=\"fs11lh1-5\">VERPACKUNG<\/span><\/b><\/div>\n<\/td>\n<\/tr>\n<tr>\n<td class=\"imVc\">\n<div class=\"imTACenter\">4721 PAPIERT\u00dcTE - VIERSEITIGER BODEN, M 8 + 5 x 19 cm 1000\/100 Lk.<\/div>\n<\/td>\n<td class=\"imVc\">\n<div class=\"imTACenter\">8 + 5 x 19 cm<\/div>\n<\/td>\n<td class=\"imVc\">\n<div class=\"imTACenter\">1000\/100 Stk.<\/div>\n<\/td>\n<\/tr>\n<tr>\n<td class=\"imVc\">\n<div class=\"imTACenter\">4722 PAPIERT\u00dcTE - VIERSEITIG BODEN,S<\/div>\n<\/td>\n<td class=\"imVc\">\n<div class=\"imTACenter\">8 + 5 x 24 cm<\/div>\n<\/td>\n<td class=\"imVc\">\n<div class=\"imTACenter\"><span class=\"fs11lh1-5 ff1\">1000\/100 Stk.<\/span><\/div>\n<\/td>\n<\/tr>\n<tr>\n<td class=\"imVc\">\n<div class=\"imTACenter\">4723 PAPIERT\u00dcTE - VIERSEITIGER BODEN, V<\/div>\n<\/td>\n<td class=\"imVc\">\n<div class=\"imTACenter\">10,5 + 6,5 x 27,5 cm<\/div>\n<\/td>\n<td class=\"imVc\">\n<div class=\"imTACenter\"><span class=\"fs11lh1-5 ff1\">1000\/100 Stk.<\/span><\/div>\n<\/td>\n<\/tr>\n<\/tbody>\n<\/table>\n\t\t\t\t\t\t\t\t<\/div>\n\t\t\t\t\t<\/div>\n\t\t<\/div>\n\t\t\t\t\t<\/div>\n\t\t<\/section>\n\t\t\t\t<section class=\"elementor-section elementor-top-section elementor-element elementor-element-5b4deb7e elementor-section-boxed elementor-section-height-default elementor-section-height-default\" data-id=\"5b4deb7e\" data-element_type=\"section\" data-e-type=\"section\" id=\"povp-sect\" data-settings=\"{&quot;background_background&quot;:&quot;classic&quot;}\">\n\t\t\t\t\t\t\t<div class=\"elementor-background-overlay\"><\/div>\n\t\t\t\t\t\t\t<div class=\"elementor-container elementor-column-gap-default\">\n\t\t\t\t\t<div class=\"elementor-column elementor-col-100 elementor-top-column elementor-element elementor-element-2ce87e16\" data-id=\"2ce87e16\" data-element_type=\"column\" data-e-type=\"column\">\n\t\t\t<div class=\"elementor-widget-wrap elementor-element-populated\">\n\t\t\t\t\t\t<div class=\"elementor-element elementor-element-23af62c5 elementor-widget elementor-widget-heading\" data-id=\"23af62c5\" data-element_type=\"widget\" data-e-type=\"widget\" data-widget_type=\"heading.default\">\n\t\t\t\t\t<h2 class=\"elementor-heading-title elementor-size-default elementor-heading-title elementor-align-after-center\"><span style=\"font-weight:normal\"><span><\/span><\/span>Beginnen Sie mit einer kostenlosen Verpackung!<\/h2>\t\t\t\t<\/div>\n\t\t\t\t<div class=\"elementor-element elementor-element-560dd8fe elementor-widget elementor-widget-sm-default-button\" data-id=\"560dd8fe\" data-element_type=\"widget\" data-e-type=\"widget\" data-widget_type=\"sm-default-button.default\">\n\t\t\t\t<div class=\"elementor-widget-container\">\n\t\t\t\t\t\n\t\t\t\t<a   href=\"https:\/\/papirol.si\/de\/nachfrage\/papiertuten-mit-vierseitigem-boden\/\" class=\"btn\">Anfrage absenden<i class=\"ti ti-arrow-right\"><\/i><\/a>\n\t\t\n\t\t\t\t\t<\/div>\n\t\t\t\t<\/div>\n\t\t\t\t\t<\/div>\n\t\t<\/div>\n\t\t\t\t\t<\/div>\n\t\t<\/section>\n\t\t\t\t<\/div>","protected":false},"excerpt":{"rendered":"<p>Papiert\u00fcten mit vierseitigem Boden natura mit Fenster sind aus braunem, fettdichtem Papier hergestellt; sie werden durch Schwei\u00dfen, Schn\u00fcren,&#8230;<\/p>","protected":false},"author":5,"featured_media":0,"parent":3143,"menu_order":0,"comment_status":"closed","ping_status":"closed","template":"elementor_header_footer","meta":{"footnotes":""},"class_list":["post-3154","page","type-page","status-publish","hentry"],"yoast_head":"<!-- This site is optimized with the Yoast SEO plugin v27.3 - https:\/\/yoast.com\/product\/yoast-seo-wordpress\/ -->\n<title>Papiert\u00fcten natura mit Fenster | Papirol<\/title>\n<meta name=\"robots\" content=\"index, follow, max-snippet:-1, max-image-preview:large, max-video-preview:-1\" \/>\n<link rel=\"canonical\" href=\"https:\/\/papirol.si\/de\/produktpalette\/papiertueten-mit-vierseitigem-boden\/papiertueten-natur-mit-fenster\/\" \/>\n<meta property=\"og:locale\" content=\"de_DE\" \/>\n<meta property=\"og:type\" content=\"article\" \/>\n<meta property=\"og:title\" content=\"Papiert\u00fcten natura mit Fenster | Papirol\" \/>\n<meta property=\"og:description\" content=\"Papiert\u00fcten mit vierseitigem Boden natura mit Fenster sind aus braunem, fettdichtem Papier hergestellt; sie werden durch Schwei\u00dfen, Schn\u00fcren,...\" \/>\n<meta property=\"og:url\" content=\"https:\/\/papirol.si\/de\/produktpalette\/papiertueten-mit-vierseitigem-boden\/papiertueten-natur-mit-fenster\/\" \/>\n<meta property=\"og:site_name\" content=\"Papirol\" \/>\n<meta property=\"article:modified_time\" content=\"2020-06-22T16:41:50+00:00\" \/>\n<meta name=\"twitter:card\" content=\"summary_large_image\" \/>\n<meta name=\"twitter:label1\" content=\"Gesch\u00e4tzte Lesezeit\" \/>\n\t<meta name=\"twitter:data1\" content=\"1\u00a0Minute\" \/>\n<script type=\"application\/ld+json\" class=\"yoast-schema-graph\">{\"@context\":\"https:\\\/\\\/schema.org\",\"@graph\":[{\"@type\":\"WebPage\",\"@id\":\"https:\\\/\\\/papirol.si\\\/de\\\/produktsortiment\\\/papiertueten-mit-vierseitigem-boden\\\/papiertueten-natura-mit-fenster\\\/\",\"url\":\"https:\\\/\\\/papirol.si\\\/de\\\/produktsortiment\\\/papiertueten-mit-vierseitigem-boden\\\/papiertueten-natura-mit-fenster\\\/\",\"name\":\"Papiert\u00fcten natura mit Fenster | Papirol\",\"isPartOf\":{\"@id\":\"https:\\\/\\\/papirol.si\\\/#website\"},\"datePublished\":\"2020-06-12T11:08:18+00:00\",\"dateModified\":\"2020-06-22T16:41:50+00:00\",\"breadcrumb\":{\"@id\":\"https:\\\/\\\/papirol.si\\\/de\\\/produktsortiment\\\/papiertueten-mit-vierseitigem-boden\\\/papiertueten-natura-mit-fenster\\\/#breadcrumb\"},\"inLanguage\":\"de\",\"potentialAction\":[{\"@type\":\"ReadAction\",\"target\":[\"https:\\\/\\\/papirol.si\\\/de\\\/produktsortiment\\\/papiertueten-mit-vierseitigem-boden\\\/papiertueten-natura-mit-fenster\\\/\"]}]},{\"@type\":\"BreadcrumbList\",\"@id\":\"https:\\\/\\\/papirol.si\\\/de\\\/produktsortiment\\\/papiertueten-mit-vierseitigem-boden\\\/papiertueten-natura-mit-fenster\\\/#breadcrumb\",\"itemListElement\":[{\"@type\":\"ListItem\",\"position\":1,\"name\":\"Home\",\"item\":\"https:\\\/\\\/papirol.si\\\/\"},{\"@type\":\"ListItem\",\"position\":2,\"name\":\"Produktsortiment\",\"item\":\"https:\\\/\\\/papirol.si\\\/de\\\/produktsortiment\\\/\"},{\"@type\":\"ListItem\",\"position\":3,\"name\":\"Papiert\u00fcten mit vierseitigem Boden\",\"item\":\"https:\\\/\\\/papirol.si\\\/de\\\/produktsortiment\\\/papiertueten-mit-vierseitigem-boden\\\/\"},{\"@type\":\"ListItem\",\"position\":4,\"name\":\"Papiert\u00fcten natura mit Fenster\"}]},{\"@type\":\"WebSite\",\"@id\":\"https:\\\/\\\/papirol.si\\\/#website\",\"url\":\"https:\\\/\\\/papirol.si\\\/\",\"name\":\"Papirol\",\"description\":\"Obla\u010dimo va\u0161e izdelke \u017ee 36 let!\",\"publisher\":{\"@id\":\"https:\\\/\\\/papirol.si\\\/#organization\"},\"potentialAction\":[{\"@type\":\"SearchAction\",\"target\":{\"@type\":\"EntryPoint\",\"urlTemplate\":\"https:\\\/\\\/papirol.si\\\/?s={search_term_string}\"},\"query-input\":{\"@type\":\"PropertyValueSpecification\",\"valueRequired\":true,\"valueName\":\"search_term_string\"}}],\"inLanguage\":\"de\"},{\"@type\":\"Organization\",\"@id\":\"https:\\\/\\\/papirol.si\\\/#organization\",\"name\":\"Papirol\",\"url\":\"https:\\\/\\\/papirol.si\\\/\",\"logo\":{\"@type\":\"ImageObject\",\"inLanguage\":\"de\",\"@id\":\"https:\\\/\\\/papirol.si\\\/#\\\/schema\\\/logo\\\/image\\\/\",\"url\":\"https:\\\/\\\/papirol.si\\\/wp-content\\\/uploads\\\/2019\\\/12\\\/papirol-bela.png\",\"contentUrl\":\"https:\\\/\\\/papirol.si\\\/wp-content\\\/uploads\\\/2019\\\/12\\\/papirol-bela.png\",\"width\":400,\"height\":80,\"caption\":\"Papirol\"},\"image\":{\"@id\":\"https:\\\/\\\/papirol.si\\\/#\\\/schema\\\/logo\\\/image\\\/\"}}]}<\/script>\n<!-- \/ Yoast SEO plugin. -->","yoast_head_json":{"title":"Papiert\u00fcten natura mit Fenster | Papirol","robots":{"index":"index","follow":"follow","max-snippet":"max-snippet:-1","max-image-preview":"max-image-preview:large","max-video-preview":"max-video-preview:-1"},"canonical":"https:\/\/papirol.si\/de\/produktpalette\/papiertueten-mit-vierseitigem-boden\/papiertueten-natur-mit-fenster\/","og_locale":"de_DE","og_type":"article","og_title":"Papiert\u00fcten natura mit Fenster | Papirol","og_description":"Papiert\u00fcten mit vierseitigem Boden natura mit Fenster sind aus braunem, fettdichtem Papier hergestellt; sie werden durch Schwei\u00dfen, Schn\u00fcren,...","og_url":"https:\/\/papirol.si\/de\/produktpalette\/papiertueten-mit-vierseitigem-boden\/papiertueten-natur-mit-fenster\/","og_site_name":"Papirol","article_modified_time":"2020-06-22T16:41:50+00:00","twitter_card":"summary_large_image","twitter_misc":{"Gesch\u00e4tzte Lesezeit":"1\u00a0Minute"},"schema":{"@context":"https:\/\/schema.org","@graph":[{"@type":"WebPage","@id":"https:\/\/papirol.si\/de\/produktsortiment\/papiertueten-mit-vierseitigem-boden\/papiertueten-natura-mit-fenster\/","url":"https:\/\/papirol.si\/de\/produktsortiment\/papiertueten-mit-vierseitigem-boden\/papiertueten-natura-mit-fenster\/","name":"Papiert\u00fcten natura mit Fenster | Papirol","isPartOf":{"@id":"https:\/\/papirol.si\/#website"},"datePublished":"2020-06-12T11:08:18+00:00","dateModified":"2020-06-22T16:41:50+00:00","breadcrumb":{"@id":"https:\/\/papirol.si\/de\/produktsortiment\/papiertueten-mit-vierseitigem-boden\/papiertueten-natura-mit-fenster\/#breadcrumb"},"inLanguage":"de","potentialAction":[{"@type":"ReadAction","target":["https:\/\/papirol.si\/de\/produktsortiment\/papiertueten-mit-vierseitigem-boden\/papiertueten-natura-mit-fenster\/"]}]},{"@type":"BreadcrumbList","@id":"https:\/\/papirol.si\/de\/produktsortiment\/papiertueten-mit-vierseitigem-boden\/papiertueten-natura-mit-fenster\/#breadcrumb","itemListElement":[{"@type":"ListItem","position":1,"name":"Home","item":"https:\/\/papirol.si\/"},{"@type":"ListItem","position":2,"name":"Produktsortiment","item":"https:\/\/papirol.si\/de\/produktsortiment\/"},{"@type":"ListItem","position":3,"name":"Papiert\u00fcten mit vierseitigem Boden","item":"https:\/\/papirol.si\/de\/produktsortiment\/papiertueten-mit-vierseitigem-boden\/"},{"@type":"ListItem","position":4,"name":"Papiert\u00fcten natura mit Fenster"}]},{"@type":"WebSite","@id":"https:\/\/papirol.si\/#website","url":"https:\/\/papirol.si\/","name":"Papirol","description":"Wir kleiden Ihre Produkte seit 36 Jahren ein!","publisher":{"@id":"https:\/\/papirol.si\/#organization"},"potentialAction":[{"@type":"SearchAction","target":{"@type":"EntryPoint","urlTemplate":"https:\/\/papirol.si\/?s={search_term_string}"},"query-input":{"@type":"PropertyValueSpecification","valueRequired":true,"valueName":"search_term_string"}}],"inLanguage":"de"},{"@type":"Organization","@id":"https:\/\/papirol.si\/#organization","name":"Papirol","url":"https:\/\/papirol.si\/","logo":{"@type":"ImageObject","inLanguage":"de","@id":"https:\/\/papirol.si\/#\/schema\/logo\/image\/","url":"https:\/\/papirol.si\/wp-content\/uploads\/2019\/12\/papirol-bela.png","contentUrl":"https:\/\/papirol.si\/wp-content\/uploads\/2019\/12\/papirol-bela.png","width":400,"height":80,"caption":"Papirol"},"image":{"@id":"https:\/\/papirol.si\/#\/schema\/logo\/image\/"}}]}},"_links":{"self":[{"href":"https:\/\/papirol.si\/de\/wp-json\/wp\/v2\/pages\/3154","targetHints":{"allow":["GET"]}}],"collection":[{"href":"https:\/\/papirol.si\/de\/wp-json\/wp\/v2\/pages"}],"about":[{"href":"https:\/\/papirol.si\/de\/wp-json\/wp\/v2\/types\/page"}],"author":[{"embeddable":true,"href":"https:\/\/papirol.si\/de\/wp-json\/wp\/v2\/users\/5"}],"replies":[{"embeddable":true,"href":"https:\/\/papirol.si\/de\/wp-json\/wp\/v2\/comments?post=3154"}],"version-history":[{"count":4,"href":"https:\/\/papirol.si\/de\/wp-json\/wp\/v2\/pages\/3154\/revisions"}],"predecessor-version":[{"id":3729,"href":"https:\/\/papirol.si\/de\/wp-json\/wp\/v2\/pages\/3154\/revisions\/3729"}],"up":[{"embeddable":true,"href":"https:\/\/papirol.si\/de\/wp-json\/wp\/v2\/pages\/3143"}],"wp:attachment":[{"href":"https:\/\/papirol.si\/de\/wp-json\/wp\/v2\/media?parent=3154"}],"curies":[{"name":"wp","href":"https:\/\/api.w.org\/{rel}","templated":true}]}}