{"id":3215,"date":"2020-06-15T11:23:31","date_gmt":"2020-06-15T09:23:31","guid":{"rendered":"https:\/\/papirol.si\/papier-tragetaschen\/"},"modified":"2025-07-07T20:17:58","modified_gmt":"2025-07-07T18:17:58","slug":"papiertragetaschen","status":"publish","type":"page","link":"https:\/\/papirol.si\/de\/produktsortiment\/papier-tragetaschen\/","title":{"rendered":"Tragetaschenpapier"},"content":{"rendered":"<div data-elementor-type=\"wp-page\" data-elementor-id=\"3215\" class=\"elementor elementor-3215\" data-elementor-post-type=\"page\">\n\t\t\t\t\t\t<section class=\"elementor-section elementor-inner-section elementor-element elementor-element-1d4933dd elementor-section-boxed elementor-section-height-default elementor-section-height-default\" data-id=\"1d4933dd\" data-element_type=\"section\" data-e-type=\"section\" id=\"prodajni-list\" data-settings=\"{&quot;background_background&quot;:&quot;classic&quot;}\">\n\t\t\t\t\t\t<div class=\"elementor-container elementor-column-gap-default\">\n\t\t\t\t\t<div class=\"elementor-column elementor-col-50 elementor-inner-column elementor-element elementor-element-5313be00\" data-id=\"5313be00\" data-element_type=\"column\" data-e-type=\"column\">\n\t\t\t<div class=\"elementor-widget-wrap elementor-element-populated\">\n\t\t\t\t\t\t<div class=\"elementor-element elementor-element-6541053e prodajni-tile elementor-position-top elementor-widget elementor-widget-image-box\" data-id=\"6541053e\" data-element_type=\"widget\" data-e-type=\"widget\" data-widget_type=\"image-box.default\">\n\t\t\t\t\t<div class=\"elementor-image-box-wrapper\"><figure class=\"elementor-image-box-img\"><a href=\"https:\/\/papirol.si\/de\/papier-tragetaschen-mit-flachem-henkel\/\" tabindex=\"-1\"><img fetchpriority=\"high\" decoding=\"async\" width=\"2215\" height=\"2560\" src=\"https:\/\/papirol.si\/wp-content\/uploads\/2020\/02\/papirnate-vre\u010dke-natron-plo\u0161\u010dati-ro\u010daj-scaled.jpg\" class=\"attachment-full size-full wp-image-2708\" alt=\"Tasche\" srcset=\"https:\/\/papirol.si\/wp-content\/uploads\/2020\/02\/papirnate-vre\u010dke-natron-plo\u0161\u010dati-ro\u010daj-scaled.jpg 2215w, https:\/\/papirol.si\/wp-content\/uploads\/2020\/02\/papirnate-vre\u010dke-natron-plo\u0161\u010dati-ro\u010daj-260x300.jpg 260w, https:\/\/papirol.si\/wp-content\/uploads\/2020\/02\/papirnate-vre\u010dke-natron-plo\u0161\u010dati-ro\u010daj-886x1024.jpg 886w, https:\/\/papirol.si\/wp-content\/uploads\/2020\/02\/papirnate-vre\u010dke-natron-plo\u0161\u010dati-ro\u010daj-768x888.jpg 768w, https:\/\/papirol.si\/wp-content\/uploads\/2020\/02\/papirnate-vre\u010dke-natron-plo\u0161\u010dati-ro\u010daj-1329x1536.jpg 1329w, https:\/\/papirol.si\/wp-content\/uploads\/2020\/02\/papirnate-vre\u010dke-natron-plo\u0161\u010dati-ro\u010daj-1772x2048.jpg 1772w, https:\/\/papirol.si\/wp-content\/uploads\/2020\/02\/papirnate-vre\u010dke-natron-plo\u0161\u010dati-ro\u010daj-285x329.jpg 285w, https:\/\/papirol.si\/wp-content\/uploads\/2020\/02\/papirnate-vre\u010dke-natron-plo\u0161\u010dati-ro\u010daj-1600x1849.jpg 1600w, https:\/\/papirol.si\/wp-content\/uploads\/2020\/02\/papirnate-vre\u010dke-natron-plo\u0161\u010dati-ro\u010daj-571x660.jpg 571w, https:\/\/papirol.si\/wp-content\/uploads\/2020\/02\/papirnate-vre\u010dke-natron-plo\u0161\u010dati-ro\u010daj-130x150.jpg 130w\" sizes=\"(max-width: 2215px) 100vw, 2215px\" \/><\/a><\/figure><div class=\"elementor-image-box-content\"><h3 class=\"elementor-image-box-title\"><a href=\"https:\/\/papirol.si\/de\/papier-tragetaschen-mit-flachem-henkel\/\">Papiertragetaschen mit flachem Henkel<\/a><\/h3><p class=\"elementor-image-box-description\">Papier Tragetaschen aus braunem Papier.\n<br><br>\n<ul>\n<li>Henkel aus gedrehtem Schnur in der Farbe der Tasche<\/li>\n<li>verschiedene Gr\u00f6\u00dfen<\/li>\n<li>wiederverwendbar<\/li>\n<li>auch in kleineren Mengen erh\u00e4ltlich<\/li>\n<\/ul>\n<\/p><\/div><\/div>\t\t\t\t<\/div>\n\t\t\t\t<div class=\"elementor-element elementor-element-6520c36f prodajni-tile elementor-position-top elementor-widget elementor-widget-image-box\" data-id=\"6520c36f\" data-element_type=\"widget\" data-e-type=\"widget\" data-widget_type=\"image-box.default\">\n\t\t\t\t\t<div class=\"elementor-image-box-wrapper\"><figure class=\"elementor-image-box-img\"><a href=\"https:\/\/papirol.si\/de\/tragetaschen-natura-mit-gedrehtem-henkel\/\" tabindex=\"-1\"><img decoding=\"async\" width=\"214\" height=\"221\" src=\"https:\/\/papirol.si\/wp-content\/uploads\/2019\/12\/rjave_vse_kot.png\" class=\"attachment-full size-full wp-image-1931\" alt=\"Papiertragetasche\" srcset=\"https:\/\/papirol.si\/wp-content\/uploads\/2019\/12\/rjave_vse_kot.png 214w, https:\/\/papirol.si\/wp-content\/uploads\/2019\/12\/rjave_vse_kot-145x150.png 145w\" sizes=\"(max-width: 214px) 100vw, 214px\" \/><\/a><\/figure><div class=\"elementor-image-box-content\"><h3 class=\"elementor-image-box-title\"><a href=\"https:\/\/papirol.si\/de\/tragetaschen-natura-mit-gedrehtem-henkel\/\">Papiertragetaschen mit gedrehtem Henkel<\/a><\/h3><p class=\"elementor-image-box-description\">Papier Tragetaschen aus braunem Papier.\n<br><br>\n<ul>\n<li>Henkel aus gedrehtem Schnur in der Farbe der Tasche<\/li>\n<li>verschiedene Gr\u00f6\u00dfen<\/li>\n<li>wiederverwendbar<\/li>\n<li>auch in kleineren Mengen erh\u00e4ltlich<\/li>\n<\/ul>\n<\/p><\/div><\/div>\t\t\t\t<\/div>\n\t\t\t\t<div class=\"elementor-element elementor-element-3d960b61 prodajni-tile elementor-position-top elementor-widget elementor-widget-image-box\" data-id=\"3d960b61\" data-element_type=\"widget\" data-e-type=\"widget\" data-widget_type=\"image-box.default\">\n\t\t\t\t\t<div class=\"elementor-image-box-wrapper\"><figure class=\"elementor-image-box-img\"><a href=\"https:\/\/papirol.si\/de\/produktsortiment\/papier-tragetaschen\/bunte-natura-tragetaschen-mit-gedrehtem-griff\/\" tabindex=\"-1\"><img decoding=\"async\" width=\"437\" height=\"292\" src=\"https:\/\/papirol.si\/wp-content\/uploads\/2019\/12\/Barvne-nosilne_c6yqje6q.png\" class=\"attachment-full size-full wp-image-1943\" alt=\"\" srcset=\"https:\/\/papirol.si\/wp-content\/uploads\/2019\/12\/Barvne-nosilne_c6yqje6q.png 437w, https:\/\/papirol.si\/wp-content\/uploads\/2019\/12\/Barvne-nosilne_c6yqje6q-300x200.png 300w, https:\/\/papirol.si\/wp-content\/uploads\/2019\/12\/Barvne-nosilne_c6yqje6q-285x190.png 285w, https:\/\/papirol.si\/wp-content\/uploads\/2019\/12\/Barvne-nosilne_c6yqje6q-150x100.png 150w\" sizes=\"(max-width: 437px) 100vw, 437px\" \/><\/a><\/figure><div class=\"elementor-image-box-content\"><h3 class=\"elementor-image-box-title\"><a href=\"https:\/\/papirol.si\/de\/produktsortiment\/papier-tragetaschen\/bunte-natura-tragetaschen-mit-gedrehtem-griff\/\">Tragetaschen bunt natura mit gedrehtem Henkel<\/a><\/h3><p class=\"elementor-image-box-description\">Papier Tragetaschen, Unterlage aus wei\u00dfem oder braunem Papier.\n\n<br><br><ul>\n<li>verschiedene dunkle Farben auf braunem Papieruntergrund<\/li>\n<li>verschiedene helle Farben auf wei\u00dfem Papieruntergrund<\/li>\n<li>Henkel aus gedrehtem Schnur in der Farbe der Tasche<\/li>\n<li>verschiedene Gr\u00f6\u00dfen<\/li>\n<li>wiederverwendbar<\/li>\n<li>auch in kleineren Mengen erh\u00e4ltlich<\/li>\n<\/ul><\/p><\/div><\/div>\t\t\t\t<\/div>\n\t\t\t\t\t<\/div>\n\t\t<\/div>\n\t\t\t\t<div class=\"elementor-column elementor-col-50 elementor-inner-column elementor-element elementor-element-25fc644a\" data-id=\"25fc644a\" data-element_type=\"column\" data-e-type=\"column\">\n\t\t\t<div class=\"elementor-widget-wrap elementor-element-populated\">\n\t\t\t\t\t\t<div class=\"elementor-element elementor-element-3cff0212 prodajni-tile elementor-position-top elementor-widget elementor-widget-image-box\" data-id=\"3cff0212\" data-element_type=\"widget\" data-e-type=\"widget\" data-widget_type=\"image-box.default\">\n\t\t\t\t\t<div class=\"elementor-image-box-wrapper\"><figure class=\"elementor-image-box-img\"><a href=\"https:\/\/papirol.si\/de\/tragetaschen-weiss-natura-mit-flachem-henkel\/\" tabindex=\"-1\"><img loading=\"lazy\" decoding=\"async\" width=\"800\" height=\"1032\" src=\"https:\/\/papirol.si\/wp-content\/uploads\/2020\/01\/nosilna-vre\u010dka-B.jpg\" class=\"attachment-full size-full wp-image-2424\" alt=\"Nehmen Sie eine Reisetasche\" srcset=\"https:\/\/papirol.si\/wp-content\/uploads\/2020\/01\/nosilna-vre\u010dka-B.jpg 800w, https:\/\/papirol.si\/wp-content\/uploads\/2020\/01\/nosilna-vre\u010dka-B-233x300.jpg 233w, https:\/\/papirol.si\/wp-content\/uploads\/2020\/01\/nosilna-vre\u010dka-B-794x1024.jpg 794w, https:\/\/papirol.si\/wp-content\/uploads\/2020\/01\/nosilna-vre\u010dka-B-768x991.jpg 768w, https:\/\/papirol.si\/wp-content\/uploads\/2020\/01\/nosilna-vre\u010dka-B-285x368.jpg 285w, https:\/\/papirol.si\/wp-content\/uploads\/2020\/01\/nosilna-vre\u010dka-B-512x660.jpg 512w, https:\/\/papirol.si\/wp-content\/uploads\/2020\/01\/nosilna-vre\u010dka-B-116x150.jpg 116w\" sizes=\"(max-width: 800px) 100vw, 800px\" \/><\/a><\/figure><div class=\"elementor-image-box-content\"><h3 class=\"elementor-image-box-title\"><a href=\"https:\/\/papirol.si\/de\/tragetaschen-weiss-natura-mit-flachem-henkel\/\">Tragetaschen wei\u00df natura mit flachem Henkel<\/a><\/h3><p class=\"elementor-image-box-description\">Papier Tragetaschen aus wei\u00dfem Papier.\n<br><br>\n<ul>\n<li>Henkel aus gedrehtem Schnur in der Farbe der Tasche<\/li> \n<li>verschiedene Gr\u00f6\u00dfen<\/li> \n<li>wiederverwendbar<\/li> \n<li>auch in kleineren Mengen erh\u00e4ltlich<\/li> \n<\/ul><\/p><\/div><\/div>\t\t\t\t<\/div>\n\t\t\t\t<div class=\"elementor-element elementor-element-4895a31c prodajni-tile elementor-position-top elementor-widget elementor-widget-image-box\" data-id=\"4895a31c\" data-element_type=\"widget\" data-e-type=\"widget\" data-widget_type=\"image-box.default\">\n\t\t\t\t\t<div class=\"elementor-image-box-wrapper\"><figure class=\"elementor-image-box-img\"><a href=\"https:\/\/papirol.si\/de\/tragetaschen-weiss-natura-mit-gedrehtem-henkel\/\" tabindex=\"-1\"><img loading=\"lazy\" decoding=\"async\" width=\"212\" height=\"252\" src=\"https:\/\/papirol.si\/wp-content\/uploads\/2019\/12\/nosilne_bele_vse_kot.png\" class=\"attachment-full size-full wp-image-1937\" alt=\"\" srcset=\"https:\/\/papirol.si\/wp-content\/uploads\/2019\/12\/nosilne_bele_vse_kot.png 212w, https:\/\/papirol.si\/wp-content\/uploads\/2019\/12\/nosilne_bele_vse_kot-126x150.png 126w\" sizes=\"(max-width: 212px) 100vw, 212px\" \/><\/a><\/figure><div class=\"elementor-image-box-content\"><h3 class=\"elementor-image-box-title\"><a href=\"https:\/\/papirol.si\/de\/tragetaschen-weiss-natura-mit-gedrehtem-henkel\/\">Tragetaschen wei\u00df natura mit gedrehtem Henkel<\/a><\/h3><p class=\"elementor-image-box-description\">Papier Tragetaschen aus wei\u00dfem Papier.\n\n<br><br><ul>\n<li>Henkel aus gedrehtem Schnur in der Farbe der Tasche<\/li>\n<li>verschiedene Gr\u00f6\u00dfen<\/li>\n<li>wiederverwendbar<\/li>\n<li>auch in kleineren Mengen erh\u00e4ltlich<\/li>\n<\/ul><\/p><\/div><\/div>\t\t\t\t<\/div>\n\t\t\t\t<div class=\"elementor-element elementor-element-05a78b8 prodajni-tile elementor-position-top elementor-widget elementor-widget-image-box\" data-id=\"05a78b8\" data-element_type=\"widget\" data-e-type=\"widget\" data-widget_type=\"image-box.default\">\n\t\t\t\t\t<div class=\"elementor-image-box-wrapper\"><figure class=\"elementor-image-box-img\"><a href=\"https:\/\/papirol.si\/de\/produktsortiment\/papier-tragetaschen\/tragetaschen-fuer-flaschen-mit-gedrehtem-henkel\/\" tabindex=\"-1\"><img loading=\"lazy\" decoding=\"async\" width=\"327\" height=\"325\" src=\"https:\/\/papirol.si\/wp-content\/uploads\/2019\/12\/Butelj-ne-barvne.png\" class=\"attachment-full size-full wp-image-1948\" alt=\"\" srcset=\"https:\/\/papirol.si\/wp-content\/uploads\/2019\/12\/Butelj-ne-barvne.png 327w, https:\/\/papirol.si\/wp-content\/uploads\/2019\/12\/Butelj-ne-barvne-300x298.png 300w, https:\/\/papirol.si\/wp-content\/uploads\/2019\/12\/Butelj-ne-barvne-150x150.png 150w, https:\/\/papirol.si\/wp-content\/uploads\/2019\/12\/Butelj-ne-barvne-285x283.png 285w\" sizes=\"(max-width: 327px) 100vw, 327px\" \/><\/a><\/figure><div class=\"elementor-image-box-content\"><h3 class=\"elementor-image-box-title\"><a href=\"https:\/\/papirol.si\/de\/produktsortiment\/papier-tragetaschen\/tragetaschen-fuer-flaschen-mit-gedrehtem-henkel\/\">Tragetaschen mit gedrehtem Henkel<\/a><\/h3><p class=\"elementor-image-box-description\">Papier-Tragetaschen f\u00fcr Flaschen aus wei\u00dfem oder braunem Papier.\n<br><br><ul>\n<li>naturbraun oder wei\u00df<\/li>\n<li>verschiedene dunkle Farben auf braunem Papieruntergrund<\/li>\n<li>verschiedene helle Farben auf wei\u00dfem Papieruntergrund<\/li>\n<li>Henkel aus gedrehtem Schnur in der Farbe der Tasche<\/li>\n<li>Abmessungen perfekt f\u00fcr eine Weinflasche oder zwei Flaschen mit einem Karton dazwischen sind<\/li>\n<li>auch in kleineren Mengen erh\u00e4ltlich<\/li>\n<\/ul><\/p><\/div><\/div>\t\t\t\t<\/div>\n\t\t\t\t\t<\/div>\n\t\t<\/div>\n\t\t\t\t\t<\/div>\n\t\t<\/section>\n\t\t\t\t<\/div>","protected":false},"excerpt":{"rendered":"<p>Papier Tragetaschen mit flachem Henkel Papier Tragetaschen aus braunem Papier. Henkel aus gedrehtem Schnur in der Farbe der&#8230;<\/p>","protected":false},"author":5,"featured_media":0,"parent":3403,"menu_order":3,"comment_status":"closed","ping_status":"closed","template":"elementor_header_footer","meta":{"footnotes":""},"class_list":["post-3215","page","type-page","status-publish","hentry"],"yoast_head":"<!-- This site is optimized with the Yoast SEO plugin v27.3 - https:\/\/yoast.com\/product\/yoast-seo-wordpress\/ -->\n<title>Papier Tragetaschen | Papirol<\/title>\n<meta name=\"robots\" content=\"index, follow, max-snippet:-1, max-image-preview:large, max-video-preview:-1\" \/>\n<link rel=\"canonical\" href=\"https:\/\/papirol.si\/de\/produktpalette\/papiertragetaschen\/\" \/>\n<meta property=\"og:locale\" content=\"de_DE\" \/>\n<meta property=\"og:type\" content=\"article\" \/>\n<meta property=\"og:title\" content=\"Papier Tragetaschen | Papirol\" \/>\n<meta property=\"og:description\" content=\"Papier Tragetaschen mit flachem Henkel Papier Tragetaschen aus braunem Papier. Henkel aus gedrehtem Schnur in der Farbe der...\" \/>\n<meta property=\"og:url\" content=\"https:\/\/papirol.si\/de\/produktpalette\/papiertragetaschen\/\" \/>\n<meta property=\"og:site_name\" content=\"Papirol\" \/>\n<meta property=\"article:modified_time\" content=\"2025-07-07T18:17:58+00:00\" \/>\n<meta property=\"og:image\" content=\"https:\/\/papirol.si\/wp-content\/uploads\/2019\/12\/rjave_vse_kot.png\" \/>\n<meta name=\"twitter:card\" content=\"summary_large_image\" \/>\n<meta name=\"twitter:label1\" content=\"Gesch\u00e4tzte Lesezeit\" \/>\n\t<meta name=\"twitter:data1\" content=\"3\u00a0Minuten\" \/>\n<script type=\"application\/ld+json\" class=\"yoast-schema-graph\">{\"@context\":\"https:\\\/\\\/schema.org\",\"@graph\":[{\"@type\":\"WebPage\",\"@id\":\"https:\\\/\\\/papirol.si\\\/de\\\/produktsortiment\\\/papier-tragetaschen\\\/\",\"url\":\"https:\\\/\\\/papirol.si\\\/de\\\/produktsortiment\\\/papier-tragetaschen\\\/\",\"name\":\"Papier Tragetaschen | Papirol\",\"isPartOf\":{\"@id\":\"https:\\\/\\\/papirol.si\\\/#website\"},\"primaryImageOfPage\":{\"@id\":\"https:\\\/\\\/papirol.si\\\/de\\\/produktsortiment\\\/papier-tragetaschen\\\/#primaryimage\"},\"image\":{\"@id\":\"https:\\\/\\\/papirol.si\\\/de\\\/produktsortiment\\\/papier-tragetaschen\\\/#primaryimage\"},\"thumbnailUrl\":\"https:\\\/\\\/papirol.si\\\/wp-content\\\/uploads\\\/2019\\\/12\\\/rjave_vse_kot.png\",\"datePublished\":\"2020-06-15T09:23:31+00:00\",\"dateModified\":\"2025-07-07T18:17:58+00:00\",\"breadcrumb\":{\"@id\":\"https:\\\/\\\/papirol.si\\\/de\\\/produktsortiment\\\/papier-tragetaschen\\\/#breadcrumb\"},\"inLanguage\":\"de\",\"potentialAction\":[{\"@type\":\"ReadAction\",\"target\":[\"https:\\\/\\\/papirol.si\\\/de\\\/produktsortiment\\\/papier-tragetaschen\\\/\"]}]},{\"@type\":\"ImageObject\",\"inLanguage\":\"de\",\"@id\":\"https:\\\/\\\/papirol.si\\\/de\\\/produktsortiment\\\/papier-tragetaschen\\\/#primaryimage\",\"url\":\"https:\\\/\\\/papirol.si\\\/wp-content\\\/uploads\\\/2019\\\/12\\\/rjave_vse_kot.png\",\"contentUrl\":\"https:\\\/\\\/papirol.si\\\/wp-content\\\/uploads\\\/2019\\\/12\\\/rjave_vse_kot.png\"},{\"@type\":\"BreadcrumbList\",\"@id\":\"https:\\\/\\\/papirol.si\\\/de\\\/produktsortiment\\\/papier-tragetaschen\\\/#breadcrumb\",\"itemListElement\":[{\"@type\":\"ListItem\",\"position\":1,\"name\":\"Home\",\"item\":\"https:\\\/\\\/papirol.si\\\/\"},{\"@type\":\"ListItem\",\"position\":2,\"name\":\"Produktsortiment\",\"item\":\"https:\\\/\\\/papirol.si\\\/de\\\/produktsortiment\\\/\"},{\"@type\":\"ListItem\",\"position\":3,\"name\":\"Papier Tragetaschen\"}]},{\"@type\":\"WebSite\",\"@id\":\"https:\\\/\\\/papirol.si\\\/#website\",\"url\":\"https:\\\/\\\/papirol.si\\\/\",\"name\":\"Papirol\",\"description\":\"Obla\u010dimo va\u0161e izdelke \u017ee 36 let!\",\"publisher\":{\"@id\":\"https:\\\/\\\/papirol.si\\\/#organization\"},\"potentialAction\":[{\"@type\":\"SearchAction\",\"target\":{\"@type\":\"EntryPoint\",\"urlTemplate\":\"https:\\\/\\\/papirol.si\\\/?s={search_term_string}\"},\"query-input\":{\"@type\":\"PropertyValueSpecification\",\"valueRequired\":true,\"valueName\":\"search_term_string\"}}],\"inLanguage\":\"de\"},{\"@type\":\"Organization\",\"@id\":\"https:\\\/\\\/papirol.si\\\/#organization\",\"name\":\"Papirol\",\"url\":\"https:\\\/\\\/papirol.si\\\/\",\"logo\":{\"@type\":\"ImageObject\",\"inLanguage\":\"de\",\"@id\":\"https:\\\/\\\/papirol.si\\\/#\\\/schema\\\/logo\\\/image\\\/\",\"url\":\"https:\\\/\\\/papirol.si\\\/wp-content\\\/uploads\\\/2019\\\/12\\\/papirol-bela.png\",\"contentUrl\":\"https:\\\/\\\/papirol.si\\\/wp-content\\\/uploads\\\/2019\\\/12\\\/papirol-bela.png\",\"width\":400,\"height\":80,\"caption\":\"Papirol\"},\"image\":{\"@id\":\"https:\\\/\\\/papirol.si\\\/#\\\/schema\\\/logo\\\/image\\\/\"}}]}<\/script>\n<!-- \/ Yoast SEO plugin. -->","yoast_head_json":{"title":"Tragetaschenpapier | Papirol","robots":{"index":"index","follow":"follow","max-snippet":"max-snippet:-1","max-image-preview":"max-image-preview:large","max-video-preview":"max-video-preview:-1"},"canonical":"https:\/\/papirol.si\/de\/produktpalette\/papiertragetaschen\/","og_locale":"de_DE","og_type":"article","og_title":"Papier Tragetaschen | Papirol","og_description":"Papier Tragetaschen mit flachem Henkel Papier Tragetaschen aus braunem Papier. Henkel aus gedrehtem Schnur in der Farbe der...","og_url":"https:\/\/papirol.si\/de\/produktpalette\/papiertragetaschen\/","og_site_name":"Papirol","article_modified_time":"2025-07-07T18:17:58+00:00","og_image":[{"url":"https:\/\/papirol.si\/wp-content\/uploads\/2019\/12\/rjave_vse_kot.png","type":"","width":"","height":""}],"twitter_card":"summary_large_image","twitter_misc":{"Gesch\u00e4tzte Lesezeit":"3\u00a0Minuten"},"schema":{"@context":"https:\/\/schema.org","@graph":[{"@type":"WebPage","@id":"https:\/\/papirol.si\/de\/produktsortiment\/papier-tragetaschen\/","url":"https:\/\/papirol.si\/de\/produktsortiment\/papier-tragetaschen\/","name":"Tragetaschenpapier | Papirol","isPartOf":{"@id":"https:\/\/papirol.si\/#website"},"primaryImageOfPage":{"@id":"https:\/\/papirol.si\/de\/produktsortiment\/papier-tragetaschen\/#primaryimage"},"image":{"@id":"https:\/\/papirol.si\/de\/produktsortiment\/papier-tragetaschen\/#primaryimage"},"thumbnailUrl":"https:\/\/papirol.si\/wp-content\/uploads\/2019\/12\/rjave_vse_kot.png","datePublished":"2020-06-15T09:23:31+00:00","dateModified":"2025-07-07T18:17:58+00:00","breadcrumb":{"@id":"https:\/\/papirol.si\/de\/produktsortiment\/papier-tragetaschen\/#breadcrumb"},"inLanguage":"de","potentialAction":[{"@type":"ReadAction","target":["https:\/\/papirol.si\/de\/produktsortiment\/papier-tragetaschen\/"]}]},{"@type":"ImageObject","inLanguage":"de","@id":"https:\/\/papirol.si\/de\/produktsortiment\/papier-tragetaschen\/#primaryimage","url":"https:\/\/papirol.si\/wp-content\/uploads\/2019\/12\/rjave_vse_kot.png","contentUrl":"https:\/\/papirol.si\/wp-content\/uploads\/2019\/12\/rjave_vse_kot.png"},{"@type":"BreadcrumbList","@id":"https:\/\/papirol.si\/de\/produktsortiment\/papier-tragetaschen\/#breadcrumb","itemListElement":[{"@type":"ListItem","position":1,"name":"Home","item":"https:\/\/papirol.si\/"},{"@type":"ListItem","position":2,"name":"Produktsortiment","item":"https:\/\/papirol.si\/de\/produktsortiment\/"},{"@type":"ListItem","position":3,"name":"Papier Tragetaschen"}]},{"@type":"WebSite","@id":"https:\/\/papirol.si\/#website","url":"https:\/\/papirol.si\/","name":"Papirol","description":"Wir kleiden Ihre Produkte seit 36 Jahren ein!","publisher":{"@id":"https:\/\/papirol.si\/#organization"},"potentialAction":[{"@type":"SearchAction","target":{"@type":"EntryPoint","urlTemplate":"https:\/\/papirol.si\/?s={search_term_string}"},"query-input":{"@type":"PropertyValueSpecification","valueRequired":true,"valueName":"search_term_string"}}],"inLanguage":"de"},{"@type":"Organization","@id":"https:\/\/papirol.si\/#organization","name":"Papirol","url":"https:\/\/papirol.si\/","logo":{"@type":"ImageObject","inLanguage":"de","@id":"https:\/\/papirol.si\/#\/schema\/logo\/image\/","url":"https:\/\/papirol.si\/wp-content\/uploads\/2019\/12\/papirol-bela.png","contentUrl":"https:\/\/papirol.si\/wp-content\/uploads\/2019\/12\/papirol-bela.png","width":400,"height":80,"caption":"Papirol"},"image":{"@id":"https:\/\/papirol.si\/#\/schema\/logo\/image\/"}}]}},"_links":{"self":[{"href":"https:\/\/papirol.si\/de\/wp-json\/wp\/v2\/pages\/3215","targetHints":{"allow":["GET"]}}],"collection":[{"href":"https:\/\/papirol.si\/de\/wp-json\/wp\/v2\/pages"}],"about":[{"href":"https:\/\/papirol.si\/de\/wp-json\/wp\/v2\/types\/page"}],"author":[{"embeddable":true,"href":"https:\/\/papirol.si\/de\/wp-json\/wp\/v2\/users\/5"}],"replies":[{"embeddable":true,"href":"https:\/\/papirol.si\/de\/wp-json\/wp\/v2\/comments?post=3215"}],"version-history":[{"count":7,"href":"https:\/\/papirol.si\/de\/wp-json\/wp\/v2\/pages\/3215\/revisions"}],"predecessor-version":[{"id":4627,"href":"https:\/\/papirol.si\/de\/wp-json\/wp\/v2\/pages\/3215\/revisions\/4627"}],"up":[{"embeddable":true,"href":"https:\/\/papirol.si\/de\/wp-json\/wp\/v2\/pages\/3403"}],"wp:attachment":[{"href":"https:\/\/papirol.si\/de\/wp-json\/wp\/v2\/media?parent=3215"}],"curies":[{"name":"wp","href":"https:\/\/api.w.org\/{rel}","templated":true}]}}