{"id":3224,"date":"2020-06-15T11:49:12","date_gmt":"2020-06-15T09:49:12","guid":{"rendered":"https:\/\/papirol.si\/papiersaecke-fuer-catering-und-hotelgewerbe-2\/"},"modified":"2020-06-16T15:07:00","modified_gmt":"2020-06-16T13:07:00","slug":"papiersaecke-fuer-catering-und-hotelgewerbe","status":"publish","type":"page","link":"https:\/\/papirol.si\/de\/produktsortiment\/papiersaecke-fuer-catering-und-hotelgewerbe\/","title":{"rendered":"Papiers\u00e4cke f\u00fcr Catering und Hotelgewerbe"},"content":{"rendered":"<div data-elementor-type=\"wp-page\" data-elementor-id=\"3224\" class=\"elementor elementor-3224\" data-elementor-post-type=\"page\">\n\t\t\t\t\t\t<section class=\"elementor-section elementor-inner-section elementor-element elementor-element-6e30826e elementor-section-boxed elementor-section-height-default elementor-section-height-default\" data-id=\"6e30826e\" data-element_type=\"section\" data-e-type=\"section\" id=\"prodajni-list\" data-settings=\"{&quot;background_background&quot;:&quot;classic&quot;}\">\n\t\t\t\t\t\t<div class=\"elementor-container elementor-column-gap-default\">\n\t\t\t\t\t<div class=\"elementor-column elementor-col-50 elementor-inner-column elementor-element elementor-element-1a2a06f0\" data-id=\"1a2a06f0\" data-element_type=\"column\" data-e-type=\"column\">\n\t\t\t<div class=\"elementor-widget-wrap elementor-element-populated\">\n\t\t\t\t\t\t<div class=\"elementor-element elementor-element-40fd4637 prodajni-tile elementor-position-top elementor-widget elementor-widget-image-box\" data-id=\"40fd4637\" data-element_type=\"widget\" data-e-type=\"widget\" data-widget_type=\"image-box.default\">\n\t\t\t\t\t<div class=\"elementor-image-box-wrapper\"><figure class=\"elementor-image-box-img\"><a href=\"https:\/\/papirol.si\/de\/papiersaecke-fuer-catering-und-hotelgewerbe\/\" tabindex=\"-1\"><img fetchpriority=\"high\" decoding=\"async\" width=\"2048\" height=\"1365\" src=\"https:\/\/papirol.si\/wp-content\/uploads\/2020\/05\/vre\u010dke-za-pribor-sla\u0161\u010di\u010darne_Fotor-2048x1365.jpg\" class=\"attachment-2048x2048 size-2048x2048 wp-image-3001\" alt=\"\" srcset=\"https:\/\/papirol.si\/wp-content\/uploads\/2020\/05\/vre\u010dke-za-pribor-sla\u0161\u010di\u010darne_Fotor-2048x1365.jpg 2048w, https:\/\/papirol.si\/wp-content\/uploads\/2020\/05\/vre\u010dke-za-pribor-sla\u0161\u010di\u010darne_Fotor-300x200.jpg 300w, https:\/\/papirol.si\/wp-content\/uploads\/2020\/05\/vre\u010dke-za-pribor-sla\u0161\u010di\u010darne_Fotor-1024x683.jpg 1024w, https:\/\/papirol.si\/wp-content\/uploads\/2020\/05\/vre\u010dke-za-pribor-sla\u0161\u010di\u010darne_Fotor-768x512.jpg 768w, https:\/\/papirol.si\/wp-content\/uploads\/2020\/05\/vre\u010dke-za-pribor-sla\u0161\u010di\u010darne_Fotor-1536x1024.jpg 1536w, https:\/\/papirol.si\/wp-content\/uploads\/2020\/05\/vre\u010dke-za-pribor-sla\u0161\u010di\u010darne_Fotor-285x190.jpg 285w, https:\/\/papirol.si\/wp-content\/uploads\/2020\/05\/vre\u010dke-za-pribor-sla\u0161\u010di\u010darne_Fotor-1600x1067.jpg 1600w, https:\/\/papirol.si\/wp-content\/uploads\/2020\/05\/vre\u010dke-za-pribor-sla\u0161\u010di\u010darne_Fotor-660x440.jpg 660w, https:\/\/papirol.si\/wp-content\/uploads\/2020\/05\/vre\u010dke-za-pribor-sla\u0161\u010di\u010darne_Fotor-150x100.jpg 150w\" sizes=\"(max-width: 2048px) 100vw, 2048px\" \/><\/a><\/figure><div class=\"elementor-image-box-content\"><h3 class=\"elementor-image-box-title\"><a href=\"https:\/\/papirol.si\/de\/papiersaecke-fuer-catering-und-hotelgewerbe\/\">f\u00fcr Produkte in Ladenregalen und in Verkaufsautomaten<\/a><\/h3><p class=\"elementor-image-box-description\">Beutel mit breitem Boden f\u00fcr Lunchpakete und zum Mitnehmen.\nN\u00fctzlichste Dimensionen: 22x10x28cm, 26x17x25cm, 32x17x27cm und 32x21,50x27cm.\n<br><br>\n<ul>\n<li>Hygienische Papiers\u00e4cke<\/li>\n<li>Beutel f\u00fcr desinfizierte Gl\u00e4ser<\/li>\n<li>S\u00e4cke f\u00fcr W\u00e4sche<\/li>\n<li>Taschen f\u00fcr Besteck<\/li>\n<\/ul>\n<\/p><\/div><\/div>\t\t\t\t<\/div>\n\t\t\t\t\t<\/div>\n\t\t<\/div>\n\t\t\t\t<div class=\"elementor-column elementor-col-50 elementor-inner-column elementor-element elementor-element-36379e39\" data-id=\"36379e39\" data-element_type=\"column\" data-e-type=\"column\">\n\t\t\t<div class=\"elementor-widget-wrap\">\n\t\t\t\t\t\t\t<\/div>\n\t\t<\/div>\n\t\t\t\t\t<\/div>\n\t\t<\/section>\n\t\t\t\t<\/div>","protected":false},"excerpt":{"rendered":"<p>f\u00fcr Produkte in Ladenregalen und in Verkaufsautomaten Beutel mit breitem Boden f\u00fcr Lunchpakete und zum Mitnehmen. N\u00fctzlichste Dimensionen:&#8230;<\/p>","protected":false},"author":5,"featured_media":0,"parent":3403,"menu_order":4,"comment_status":"closed","ping_status":"closed","template":"elementor_header_footer","meta":{"footnotes":""},"class_list":["post-3224","page","type-page","status-publish","hentry"],"yoast_head":"<!-- This site is optimized with the Yoast SEO plugin v27.3 - https:\/\/yoast.com\/product\/yoast-seo-wordpress\/ -->\n<title>Papiers\u00e4cke f\u00fcr Catering und Hotelgewerbe | Papirol<\/title>\n<meta name=\"robots\" content=\"index, follow, max-snippet:-1, max-image-preview:large, max-video-preview:-1\" \/>\n<link rel=\"canonical\" href=\"https:\/\/papirol.si\/de\/produktpalette\/papiersaecke-fuer-catering-und-hotelgewerbe\/\" \/>\n<meta property=\"og:locale\" content=\"de_DE\" \/>\n<meta property=\"og:type\" content=\"article\" \/>\n<meta property=\"og:title\" content=\"Papiers\u00e4cke f\u00fcr Catering und Hotelgewerbe | Papirol\" \/>\n<meta property=\"og:description\" content=\"f\u00fcr Produkte in Ladenregalen und in Verkaufsautomaten Beutel mit breitem Boden f\u00fcr Lunchpakete und zum Mitnehmen. N\u00fctzlichste Dimensionen:...\" \/>\n<meta property=\"og:url\" content=\"https:\/\/papirol.si\/de\/produktpalette\/papiersaecke-fuer-catering-und-hotelgewerbe\/\" \/>\n<meta property=\"og:site_name\" content=\"Papirol\" \/>\n<meta property=\"article:modified_time\" content=\"2020-06-16T13:07:00+00:00\" \/>\n<meta name=\"twitter:card\" content=\"summary_large_image\" \/>\n<script type=\"application\/ld+json\" class=\"yoast-schema-graph\">{\"@context\":\"https:\\\/\\\/schema.org\",\"@graph\":[{\"@type\":\"WebPage\",\"@id\":\"https:\\\/\\\/papirol.si\\\/de\\\/produktsortiment\\\/papiersaecke-fuer-catering-und-hotelgewerbe\\\/\",\"url\":\"https:\\\/\\\/papirol.si\\\/de\\\/produktsortiment\\\/papiersaecke-fuer-catering-und-hotelgewerbe\\\/\",\"name\":\"Papiers\u00e4cke f\u00fcr Catering und Hotelgewerbe | Papirol\",\"isPartOf\":{\"@id\":\"https:\\\/\\\/papirol.si\\\/#website\"},\"datePublished\":\"2020-06-15T09:49:12+00:00\",\"dateModified\":\"2020-06-16T13:07:00+00:00\",\"breadcrumb\":{\"@id\":\"https:\\\/\\\/papirol.si\\\/de\\\/produktsortiment\\\/papiersaecke-fuer-catering-und-hotelgewerbe\\\/#breadcrumb\"},\"inLanguage\":\"de\",\"potentialAction\":[{\"@type\":\"ReadAction\",\"target\":[\"https:\\\/\\\/papirol.si\\\/de\\\/produktsortiment\\\/papiersaecke-fuer-catering-und-hotelgewerbe\\\/\"]}]},{\"@type\":\"BreadcrumbList\",\"@id\":\"https:\\\/\\\/papirol.si\\\/de\\\/produktsortiment\\\/papiersaecke-fuer-catering-und-hotelgewerbe\\\/#breadcrumb\",\"itemListElement\":[{\"@type\":\"ListItem\",\"position\":1,\"name\":\"Home\",\"item\":\"https:\\\/\\\/papirol.si\\\/\"},{\"@type\":\"ListItem\",\"position\":2,\"name\":\"Produktsortiment\",\"item\":\"https:\\\/\\\/papirol.si\\\/de\\\/produktsortiment\\\/\"},{\"@type\":\"ListItem\",\"position\":3,\"name\":\"Papiers\u00e4cke f\u00fcr Catering und Hotelgewerbe\"}]},{\"@type\":\"WebSite\",\"@id\":\"https:\\\/\\\/papirol.si\\\/#website\",\"url\":\"https:\\\/\\\/papirol.si\\\/\",\"name\":\"Papirol\",\"description\":\"Obla\u010dimo va\u0161e izdelke \u017ee 36 let!\",\"publisher\":{\"@id\":\"https:\\\/\\\/papirol.si\\\/#organization\"},\"potentialAction\":[{\"@type\":\"SearchAction\",\"target\":{\"@type\":\"EntryPoint\",\"urlTemplate\":\"https:\\\/\\\/papirol.si\\\/?s={search_term_string}\"},\"query-input\":{\"@type\":\"PropertyValueSpecification\",\"valueRequired\":true,\"valueName\":\"search_term_string\"}}],\"inLanguage\":\"de\"},{\"@type\":\"Organization\",\"@id\":\"https:\\\/\\\/papirol.si\\\/#organization\",\"name\":\"Papirol\",\"url\":\"https:\\\/\\\/papirol.si\\\/\",\"logo\":{\"@type\":\"ImageObject\",\"inLanguage\":\"de\",\"@id\":\"https:\\\/\\\/papirol.si\\\/#\\\/schema\\\/logo\\\/image\\\/\",\"url\":\"https:\\\/\\\/papirol.si\\\/wp-content\\\/uploads\\\/2019\\\/12\\\/papirol-bela.png\",\"contentUrl\":\"https:\\\/\\\/papirol.si\\\/wp-content\\\/uploads\\\/2019\\\/12\\\/papirol-bela.png\",\"width\":400,\"height\":80,\"caption\":\"Papirol\"},\"image\":{\"@id\":\"https:\\\/\\\/papirol.si\\\/#\\\/schema\\\/logo\\\/image\\\/\"}}]}<\/script>\n<!-- \/ Yoast SEO plugin. -->","yoast_head_json":{"title":"Papiers\u00e4cke f\u00fcr Catering und Hotelgewerbe | Papirol","robots":{"index":"index","follow":"follow","max-snippet":"max-snippet:-1","max-image-preview":"max-image-preview:large","max-video-preview":"max-video-preview:-1"},"canonical":"https:\/\/papirol.si\/de\/produktpalette\/papiersaecke-fuer-catering-und-hotelgewerbe\/","og_locale":"de_DE","og_type":"article","og_title":"Papiers\u00e4cke f\u00fcr Catering und Hotelgewerbe | Papirol","og_description":"f\u00fcr Produkte in Ladenregalen und in Verkaufsautomaten Beutel mit breitem Boden f\u00fcr Lunchpakete und zum Mitnehmen. N\u00fctzlichste Dimensionen:...","og_url":"https:\/\/papirol.si\/de\/produktpalette\/papiersaecke-fuer-catering-und-hotelgewerbe\/","og_site_name":"Papirol","article_modified_time":"2020-06-16T13:07:00+00:00","twitter_card":"summary_large_image","schema":{"@context":"https:\/\/schema.org","@graph":[{"@type":"WebPage","@id":"https:\/\/papirol.si\/de\/produktsortiment\/papiersaecke-fuer-catering-und-hotelgewerbe\/","url":"https:\/\/papirol.si\/de\/produktsortiment\/papiersaecke-fuer-catering-und-hotelgewerbe\/","name":"Papiers\u00e4cke f\u00fcr Catering und Hotelgewerbe | Papirol","isPartOf":{"@id":"https:\/\/papirol.si\/#website"},"datePublished":"2020-06-15T09:49:12+00:00","dateModified":"2020-06-16T13:07:00+00:00","breadcrumb":{"@id":"https:\/\/papirol.si\/de\/produktsortiment\/papiersaecke-fuer-catering-und-hotelgewerbe\/#breadcrumb"},"inLanguage":"de","potentialAction":[{"@type":"ReadAction","target":["https:\/\/papirol.si\/de\/produktsortiment\/papiersaecke-fuer-catering-und-hotelgewerbe\/"]}]},{"@type":"BreadcrumbList","@id":"https:\/\/papirol.si\/de\/produktsortiment\/papiersaecke-fuer-catering-und-hotelgewerbe\/#breadcrumb","itemListElement":[{"@type":"ListItem","position":1,"name":"Home","item":"https:\/\/papirol.si\/"},{"@type":"ListItem","position":2,"name":"Produktsortiment","item":"https:\/\/papirol.si\/de\/produktsortiment\/"},{"@type":"ListItem","position":3,"name":"Papiers\u00e4cke f\u00fcr Catering und Hotelgewerbe"}]},{"@type":"WebSite","@id":"https:\/\/papirol.si\/#website","url":"https:\/\/papirol.si\/","name":"Papirol","description":"Wir kleiden Ihre Produkte seit 36 Jahren ein!","publisher":{"@id":"https:\/\/papirol.si\/#organization"},"potentialAction":[{"@type":"SearchAction","target":{"@type":"EntryPoint","urlTemplate":"https:\/\/papirol.si\/?s={search_term_string}"},"query-input":{"@type":"PropertyValueSpecification","valueRequired":true,"valueName":"search_term_string"}}],"inLanguage":"de"},{"@type":"Organization","@id":"https:\/\/papirol.si\/#organization","name":"Papirol","url":"https:\/\/papirol.si\/","logo":{"@type":"ImageObject","inLanguage":"de","@id":"https:\/\/papirol.si\/#\/schema\/logo\/image\/","url":"https:\/\/papirol.si\/wp-content\/uploads\/2019\/12\/papirol-bela.png","contentUrl":"https:\/\/papirol.si\/wp-content\/uploads\/2019\/12\/papirol-bela.png","width":400,"height":80,"caption":"Papirol"},"image":{"@id":"https:\/\/papirol.si\/#\/schema\/logo\/image\/"}}]}},"_links":{"self":[{"href":"https:\/\/papirol.si\/de\/wp-json\/wp\/v2\/pages\/3224","targetHints":{"allow":["GET"]}}],"collection":[{"href":"https:\/\/papirol.si\/de\/wp-json\/wp\/v2\/pages"}],"about":[{"href":"https:\/\/papirol.si\/de\/wp-json\/wp\/v2\/types\/page"}],"author":[{"embeddable":true,"href":"https:\/\/papirol.si\/de\/wp-json\/wp\/v2\/users\/5"}],"replies":[{"embeddable":true,"href":"https:\/\/papirol.si\/de\/wp-json\/wp\/v2\/comments?post=3224"}],"version-history":[{"count":6,"href":"https:\/\/papirol.si\/de\/wp-json\/wp\/v2\/pages\/3224\/revisions"}],"predecessor-version":[{"id":3564,"href":"https:\/\/papirol.si\/de\/wp-json\/wp\/v2\/pages\/3224\/revisions\/3564"}],"up":[{"embeddable":true,"href":"https:\/\/papirol.si\/de\/wp-json\/wp\/v2\/pages\/3403"}],"wp:attachment":[{"href":"https:\/\/papirol.si\/de\/wp-json\/wp\/v2\/media?parent=3224"}],"curies":[{"name":"wp","href":"https:\/\/api.w.org\/{rel}","templated":true}]}}