{"id":3232,"date":"2020-06-15T12:01:09","date_gmt":"2020-06-15T10:01:09","guid":{"rendered":"https:\/\/papirol.si\/fastfood\/"},"modified":"2020-07-10T10:16:43","modified_gmt":"2020-07-10T08:16:43","slug":"fast-food-2","status":"publish","type":"page","link":"https:\/\/papirol.si\/de\/produktsortiment\/fastfood\/","title":{"rendered":"Fastfood"},"content":{"rendered":"<div data-elementor-type=\"wp-page\" data-elementor-id=\"3232\" class=\"elementor elementor-3232\" data-elementor-post-type=\"page\">\n\t\t\t\t\t\t<section class=\"elementor-section elementor-top-section elementor-element elementor-element-35febe3e elementor-section-content-middle elementor-section-boxed elementor-section-height-default elementor-section-height-default\" data-id=\"35febe3e\" data-element_type=\"section\" data-e-type=\"section\" id=\"produkt-bio\" data-settings=\"{&quot;background_background&quot;:&quot;classic&quot;}\">\n\t\t\t\t\t\t<div class=\"elementor-container elementor-column-gap-default\">\n\t\t\t\t\t<div class=\"elementor-column elementor-col-50 elementor-top-column elementor-element elementor-element-60f051b0\" data-id=\"60f051b0\" data-element_type=\"column\" data-e-type=\"column\">\n\t\t\t<div class=\"elementor-widget-wrap elementor-element-populated\">\n\t\t\t\t\t\t<div class=\"elementor-element elementor-element-059580b elementor-widget elementor-widget-image\" data-id=\"059580b\" data-element_type=\"widget\" data-e-type=\"widget\" data-widget_type=\"image.default\">\n\t\t\t\t\t\t\t\t\t\t\t\t\t\t\t<img fetchpriority=\"high\" decoding=\"async\" width=\"640\" height=\"640\" src=\"https:\/\/papirol.si\/wp-content\/uploads\/2020\/01\/226350.png\" class=\"attachment-large size-large wp-image-2328\" alt=\"\" srcset=\"https:\/\/papirol.si\/wp-content\/uploads\/2020\/01\/226350.png 640w, https:\/\/papirol.si\/wp-content\/uploads\/2020\/01\/226350-300x300.png 300w, https:\/\/papirol.si\/wp-content\/uploads\/2020\/01\/226350-150x150.png 150w, https:\/\/papirol.si\/wp-content\/uploads\/2020\/01\/226350-285x285.png 285w\" sizes=\"(max-width: 640px) 100vw, 640px\" \/>\t\t\t\t\t\t\t\t\t\t\t\t\t\t\t<\/div>\n\t\t\t\t<div class=\"elementor-element elementor-element-6376cb7 elementor-widget elementor-widget-image\" data-id=\"6376cb7\" data-element_type=\"widget\" data-e-type=\"widget\" data-widget_type=\"image.default\">\n\t\t\t\t\t\t\t\t\t\t\t\t\t\t\t<img decoding=\"async\" width=\"940\" height=\"627\" src=\"https:\/\/papirol.si\/wp-content\/uploads\/2020\/03\/trikotna-vre\u010dka-burger_Fotor-1024x683.jpg\" class=\"attachment-large size-large wp-image-2802\" alt=\"\" srcset=\"https:\/\/papirol.si\/wp-content\/uploads\/2020\/03\/trikotna-vre\u010dka-burger_Fotor-1024x683.jpg 1024w, https:\/\/papirol.si\/wp-content\/uploads\/2020\/03\/trikotna-vre\u010dka-burger_Fotor-300x200.jpg 300w, https:\/\/papirol.si\/wp-content\/uploads\/2020\/03\/trikotna-vre\u010dka-burger_Fotor-768x512.jpg 768w, https:\/\/papirol.si\/wp-content\/uploads\/2020\/03\/trikotna-vre\u010dka-burger_Fotor-1536x1024.jpg 1536w, https:\/\/papirol.si\/wp-content\/uploads\/2020\/03\/trikotna-vre\u010dka-burger_Fotor-2048x1365.jpg 2048w, https:\/\/papirol.si\/wp-content\/uploads\/2020\/03\/trikotna-vre\u010dka-burger_Fotor-285x190.jpg 285w, https:\/\/papirol.si\/wp-content\/uploads\/2020\/03\/trikotna-vre\u010dka-burger_Fotor-1600x1067.jpg 1600w, https:\/\/papirol.si\/wp-content\/uploads\/2020\/03\/trikotna-vre\u010dka-burger_Fotor-660x440.jpg 660w, https:\/\/papirol.si\/wp-content\/uploads\/2020\/03\/trikotna-vre\u010dka-burger_Fotor-150x100.jpg 150w\" sizes=\"(max-width: 940px) 100vw, 940px\" \/>\t\t\t\t\t\t\t\t\t\t\t\t\t\t\t<\/div>\n\t\t\t\t\t<\/div>\n\t\t<\/div>\n\t\t\t\t<div class=\"elementor-column elementor-col-50 elementor-top-column elementor-element elementor-element-d497803\" data-id=\"d497803\" data-element_type=\"column\" data-e-type=\"column\">\n\t\t\t<div class=\"elementor-widget-wrap elementor-element-populated\">\n\t\t\t\t\t\t<div class=\"elementor-element elementor-element-35aa7cad elementor-widget elementor-widget-text-editor\" data-id=\"35aa7cad\" data-element_type=\"widget\" data-e-type=\"widget\" data-widget_type=\"text-editor.default\">\n\t\t\t\t\t\t\t\t\t<p><span style=\"font-weight: 400;\">Auch die Entwicklung von Fast-Food-Produkten wird durch unsere Produkte unterst\u00fctzt.<\/span><\/p>\n<p><span style=\"font-weight: 400;\">Papiert\u00fcten aus wei\u00dfem oder natronbraunem glattem Papier, einschlie\u00dflich fettgedrucktem Papier, sind eine hervorragende Wahl und Alternative zu Kartonverpackungen, eine erschwingliche und hochfunktionelle L\u00f6sung.<\/span><\/p>\n<p><span style=\"font-weight: 400;\">Sie werden f\u00fcr einzelne Pizzast\u00fccke, Fleisch- und Quarkr\u00f6llchen, Croissants, gro\u00dfe Kekse, Pommes Frites, Kebabs, Burek, Burger, Pfannkuchen...<\/span><\/p>\n<p><span style=\"font-weight: 400;\">Die Tragetasche mit breitem Boden erm\u00f6glicht ein flaches Liegen der in die Tasche eingelegten Produkte und eignet sich besonders f\u00fcr Produkte zum Mitnehmen. Tragetaschen aus Papier mit den Abmessungen 26x17x25 cm, 32x17x27 cm und 32\u00d721,50\u00d727 cm sind die beliebtesten.<\/span><\/p>\n<p><span style=\"font-weight: 400;\">Diese Beutel ohne Aufdruck sind immer auf Lager und auch in kleinen Mengen sofort lieferbar.<\/span><\/p>\n<p><span style=\"font-weight: 400;\">Papier und Beutel k\u00f6nnen mehrfarbig und beidseitig bedruckt werden.<\/span><\/p>\n\t\t\t\t\t\t\t\t<\/div>\n\t\t\t\t\t<\/div>\n\t\t<\/div>\n\t\t\t\t\t<\/div>\n\t\t<\/section>\n\t\t\t\t<section class=\"elementor-section elementor-top-section elementor-element elementor-element-744bcb4d elementor-section-boxed elementor-section-height-default elementor-section-height-default\" data-id=\"744bcb4d\" data-element_type=\"section\" data-e-type=\"section\" id=\"product-bio-tbl\" data-settings=\"{&quot;background_background&quot;:&quot;classic&quot;}\">\n\t\t\t\t\t\t<div class=\"elementor-container elementor-column-gap-default\">\n\t\t\t\t\t<div class=\"elementor-column elementor-col-100 elementor-top-column elementor-element elementor-element-5064fdd0\" data-id=\"5064fdd0\" data-element_type=\"column\" data-e-type=\"column\">\n\t\t\t<div class=\"elementor-widget-wrap elementor-element-populated\">\n\t\t\t\t\t\t<div class=\"elementor-element elementor-element-4f3ae4bf elementor-widget elementor-widget-text-editor\" data-id=\"4f3ae4bf\" data-element_type=\"widget\" data-e-type=\"widget\" data-widget_type=\"text-editor.default\">\n\t\t\t\t\t\t\t\t\t<table>\n<tbody>\n<tr>\n<td class=\"imVc\">\n<div><b class=\"fs11lh1-5\">PRODUKTNAME<\/b><\/div>\n<\/td>\n<td class=\"imVc\"><b>STANDARDABMESSUNG<\/b><\/td>\n<td class=\"imVc\">\n<div class=\"imTACenter\"><b><span class=\"fs11lh1-5\">VERPACKUNG<\/span><\/b><\/div>\n<\/td>\n<\/tr>\n<tr>\n<td class=\"imVc\">\n<div class=\"imTACenter\">Tragetasche Natur NP<\/div>\n<\/td>\n<td class=\"imVc\">\n<div class=\"imTACenter\">26 x 17 x 25 cm<\/div>\n<\/td>\n<td class=\"imVc\">\n<div class=\"imTACenter\"> 250 Stk.<\/div>\n<\/td>\n<\/tr>\n<tr>\n<td class=\"imVc\">\n<div class=\"imTACenter\">Tragetasche Natur NP<\/div>\n<\/td>\n<td class=\"imVc\">\n<div class=\"imTACenter\">32 x 17 x 27 cm<\/div>\n<\/td>\n<td class=\"imVc\">\n<div class=\"imTACenter\"> 250 Stk.<\/div>\n<\/td>\n<\/tr>\n<tr>\n<td class=\"imVc\">\n<div class=\"imTACenter\">Tragetasche Natur NP<\/div>\n<\/td>\n<td class=\"imVc\">\n<div class=\"imTACenter\">32 x 21,5 x 27 cm<\/div>\n<\/td>\n<td class=\"imVc\">\n<div class=\"imTACenter\"> 250 Stk.<\/div>\n<\/td>\n<\/tr>\n<tr>\n<td class=\"imVc\">\n<div class=\"imTACenter\">Tragetasche wei\u00df natur BP<\/div>\n<\/td>\n<td class=\"imVc\">\n<div class=\"imTACenter\">26 x 17 x 25 cm<\/div>\n<\/td>\n<td class=\"imVc\">\n<div class=\"imTACenter\"> 250 Stk.<\/div>\n<\/td>\n<\/tr>\n<tr>\n<td class=\"imVc\">\n<div class=\"imTACenter\">Tragetasche wei\u00df natur BP<\/div>\n<\/td>\n<td class=\"imVc\">\n<div class=\"imTACenter\">32 x 17 x 27 cm<\/div>\n<\/td>\n<td class=\"imVc\">\n<div class=\"imTACenter\"> 250 Stk.<\/div>\n<\/td>\n<\/tr>\n<tr>\n<td class=\"imVc\">\n<div class=\"imTACenter\"><span class=\"fs11lh1-5 ff1\">Tragetasche wei\u00df natur BP<\/span><\/div>\n<\/td>\n<td class=\"imVc\">\n<div class=\"imTACenter\">32 x 21,5 x 27 cm<\/div>\n<\/td>\n<td class=\"imVc\">\n<div class=\"imTACenter\"> 250 Stk.<\/div>\n<\/td>\n<\/tr>\n<tr>\n<td class=\"imVc\">\n<div class=\"imTACenter\">Natura fastfood M<\/div>\n<\/td>\n<td class=\"imVc\">\n<div class=\"imTACenter\">17 x 17 cm<\/div>\n<\/td>\n<td class=\"imVc\">\n<div class=\"imTACenter\">1000 Stk.<\/div>\n<\/td>\n<\/tr>\n<tr>\n<td class=\"imVc\">\n<div class=\"imTACenter\">Natura Fastfood V<\/div>\n<\/td>\n<td class=\"imVc\">\n<div class=\"imTACenter\">20 x 20 cm<\/div>\n<\/td>\n<td class=\"imVc\">\n<div class=\"imTACenter\"><span class=\"fs11lh1-5 ff1\">1000 Stk.<\/span><\/div>\n<\/td>\n<\/tr>\n<tr>\n<td class=\"imVc\">\n<div class=\"imTACenter\">Wei\u00df Natur Fastfood M<\/div>\n<\/td>\n<td class=\"imVc\">\n<div class=\"imTACenter\">17 x 17 cm<\/div>\n<\/td>\n<td class=\"imVc\">\n<div class=\"imTACenter\"><span class=\"fs11lh1-5 ff1\">1000 Stk.<\/span><\/div>\n<\/td>\n<\/tr>\n<tr>\n<td class=\"imVc\">\n<div class=\"imTACenter\">Wei\u00df Natura Fast Food V<\/div>\n<\/td>\n<td class=\"imVc\">\n<div class=\"imTACenter\">20 x 20 cm<\/div>\n<\/td>\n<td class=\"imVc\">\n<div class=\"imTACenter\"><span class=\"fs11lh1-5 ff1\">1000 Stk.<\/span><\/div>\n<\/td>\n<\/tr>\n<tr>\n<td class=\"imVc\">\n<div class=\"imTACenter\">Papirolex Beutel S<\/div>\n<\/td>\n<td class=\"imVc\">\n<div class=\"imTACenter\">19 + 7 x 29 cm<\/div>\n<\/td>\n<td class=\"imVc\">\n<div class=\"imTACenter\"><span class=\"fs11lh1-5 ff1\">1000 Stk.<\/span><\/div>\n<\/td>\n<\/tr>\n<tr>\n<td class=\"imVc\">\n<div class=\"imTACenter\">Papirolex Beutel V<\/div>\n<\/td>\n<td class=\"imVc\">\n<div class=\"imTACenter\">19 + 7 x 35 cm<\/div>\n<\/td>\n<td class=\"imVc\">\n<div class=\"imTACenter\"><span class=\"fs11lh1-5 ff1\">1000 Stk.<\/span><\/div>\n<\/td>\n<\/tr>\n<tr>\n<td class=\"imVc\">\n<div class=\"imTACenter\">Papirolex Beutel M - auf Anfrage<\/div>\n<\/td>\n<td class=\"imVc\">\n<div class=\"imTACenter\">14 + 5 x 29 cm<\/div>\n<\/td>\n<td class=\"imVc\">\n<div class=\"imTACenter\">Auf Anfrage<\/div>\n<\/td>\n<\/tr>\n<tr>\n<td class=\"imVc\">\n<div class=\"imTACenter\">Papirolex fettdichter Beutel - auf Anfrage<\/div>\n<\/td>\n<td class=\"imVc\">\n<div class=\"imTACenter\">17 x 17 cm<\/div>\n<\/td>\n<td class=\"imVc\">\n<div class=\"imTACenter\">Auf Anfrage<\/div>\n<\/td>\n<\/tr>\n<\/tbody>\n<\/table>\n\t\t\t\t\t\t\t\t<\/div>\n\t\t\t\t\t<\/div>\n\t\t<\/div>\n\t\t\t\t\t<\/div>\n\t\t<\/section>\n\t\t\t\t<section class=\"elementor-section elementor-top-section elementor-element elementor-element-3e7550ec elementor-section-boxed elementor-section-height-default elementor-section-height-default\" data-id=\"3e7550ec\" data-element_type=\"section\" data-e-type=\"section\" id=\"povp-sect\" data-settings=\"{&quot;background_background&quot;:&quot;classic&quot;}\">\n\t\t\t\t\t\t\t<div class=\"elementor-background-overlay\"><\/div>\n\t\t\t\t\t\t\t<div class=\"elementor-container elementor-column-gap-default\">\n\t\t\t\t\t<div class=\"elementor-column elementor-col-100 elementor-top-column elementor-element elementor-element-27eb2f6e\" data-id=\"27eb2f6e\" data-element_type=\"column\" data-e-type=\"column\">\n\t\t\t<div class=\"elementor-widget-wrap elementor-element-populated\">\n\t\t\t\t\t\t<div class=\"elementor-element elementor-element-44d6e39e elementor-widget elementor-widget-heading\" data-id=\"44d6e39e\" data-element_type=\"widget\" data-e-type=\"widget\" data-widget_type=\"heading.default\">\n\t\t\t\t\t<h2 class=\"elementor-heading-title elementor-size-default elementor-heading-title elementor-align-after-center\"><span style=\"font-weight:normal\"><span><\/span><\/span>Beginnen Sie mit einer kostenlosen Verpackung!<\/h2>\t\t\t\t<\/div>\n\t\t\t\t<div class=\"elementor-element elementor-element-2317b07c elementor-widget elementor-widget-sm-default-button\" data-id=\"2317b07c\" data-element_type=\"widget\" data-e-type=\"widget\" data-widget_type=\"sm-default-button.default\">\n\t\t\t\t<div class=\"elementor-widget-container\">\n\t\t\t\t\t\n\t\t\t\t<a   href=\"https:\/\/papirol.si\/de\/povprasevanje\/takeaway\/\" class=\"btn\">Anfrage absenden<i class=\"ti ti-arrow-right\"><\/i><\/a>\n\t\t\n\t\t\t\t\t<\/div>\n\t\t\t\t<\/div>\n\t\t\t\t\t<\/div>\n\t\t<\/div>\n\t\t\t\t\t<\/div>\n\t\t<\/section>\n\t\t\t\t<\/div>","protected":false},"excerpt":{"rendered":"<p>Die Entwicklung von Fast-Food-Produkten wird auch von unseren Produkten verfolgt. Papiert\u00fcten aus wei\u00dfem oder natronbraunem glattem Papier, einschlie\u00dflich&#8230;<\/p>","protected":false},"author":5,"featured_media":0,"parent":3403,"menu_order":0,"comment_status":"closed","ping_status":"closed","template":"elementor_header_footer","meta":{"footnotes":""},"class_list":["post-3232","page","type-page","status-publish","hentry"],"yoast_head":"<!-- This site is optimized with the Yoast SEO plugin v27.3 - https:\/\/yoast.com\/product\/yoast-seo-wordpress\/ -->\n<title>Fastfood | Papirol<\/title>\n<meta name=\"robots\" content=\"index, follow, max-snippet:-1, max-image-preview:large, max-video-preview:-1\" \/>\n<link rel=\"canonical\" href=\"https:\/\/papirol.si\/de\/produktpalette\/fast-food-2\/\" \/>\n<meta property=\"og:locale\" content=\"de_DE\" \/>\n<meta property=\"og:type\" content=\"article\" \/>\n<meta property=\"og:title\" content=\"Fastfood | Papirol\" \/>\n<meta property=\"og:description\" content=\"Die Entwicklung von Fast-Food-Produkten wird auch von unseren Produkten verfolgt. Papiert\u00fcten aus wei\u00dfem oder natronbraunem glattem Papier, einschlie\u00dflich...\" \/>\n<meta property=\"og:url\" content=\"https:\/\/papirol.si\/de\/produktpalette\/fast-food-2\/\" \/>\n<meta property=\"og:site_name\" content=\"Papirol\" \/>\n<meta property=\"article:modified_time\" content=\"2020-07-10T08:16:43+00:00\" \/>\n<meta property=\"og:image\" content=\"https:\/\/papirol.si\/wp-content\/uploads\/2020\/01\/226350.png\" \/>\n\t<meta property=\"og:image:width\" content=\"640\" \/>\n\t<meta property=\"og:image:height\" content=\"640\" \/>\n\t<meta property=\"og:image:type\" content=\"image\/png\" \/>\n<meta name=\"twitter:card\" content=\"summary_large_image\" \/>\n<meta name=\"twitter:label1\" content=\"Gesch\u00e4tzte Lesezeit\" \/>\n\t<meta name=\"twitter:data1\" content=\"1\u00a0Minute\" \/>\n<script type=\"application\/ld+json\" class=\"yoast-schema-graph\">{\"@context\":\"https:\\\/\\\/schema.org\",\"@graph\":[{\"@type\":\"WebPage\",\"@id\":\"https:\\\/\\\/papirol.si\\\/de\\\/produktsortiment\\\/fastfood\\\/\",\"url\":\"https:\\\/\\\/papirol.si\\\/de\\\/produktsortiment\\\/fastfood\\\/\",\"name\":\"Fastfood | Papirol\",\"isPartOf\":{\"@id\":\"https:\\\/\\\/papirol.si\\\/#website\"},\"primaryImageOfPage\":{\"@id\":\"https:\\\/\\\/papirol.si\\\/de\\\/produktsortiment\\\/fastfood\\\/#primaryimage\"},\"image\":{\"@id\":\"https:\\\/\\\/papirol.si\\\/de\\\/produktsortiment\\\/fastfood\\\/#primaryimage\"},\"thumbnailUrl\":\"https:\\\/\\\/papirol.si\\\/wp-content\\\/uploads\\\/2020\\\/01\\\/226350.png\",\"datePublished\":\"2020-06-15T10:01:09+00:00\",\"dateModified\":\"2020-07-10T08:16:43+00:00\",\"breadcrumb\":{\"@id\":\"https:\\\/\\\/papirol.si\\\/de\\\/produktsortiment\\\/fastfood\\\/#breadcrumb\"},\"inLanguage\":\"de\",\"potentialAction\":[{\"@type\":\"ReadAction\",\"target\":[\"https:\\\/\\\/papirol.si\\\/de\\\/produktsortiment\\\/fastfood\\\/\"]}]},{\"@type\":\"ImageObject\",\"inLanguage\":\"de\",\"@id\":\"https:\\\/\\\/papirol.si\\\/de\\\/produktsortiment\\\/fastfood\\\/#primaryimage\",\"url\":\"https:\\\/\\\/papirol.si\\\/wp-content\\\/uploads\\\/2020\\\/01\\\/226350.png\",\"contentUrl\":\"https:\\\/\\\/papirol.si\\\/wp-content\\\/uploads\\\/2020\\\/01\\\/226350.png\"},{\"@type\":\"BreadcrumbList\",\"@id\":\"https:\\\/\\\/papirol.si\\\/de\\\/produktsortiment\\\/fastfood\\\/#breadcrumb\",\"itemListElement\":[{\"@type\":\"ListItem\",\"position\":1,\"name\":\"Home\",\"item\":\"https:\\\/\\\/papirol.si\\\/\"},{\"@type\":\"ListItem\",\"position\":2,\"name\":\"Produktsortiment\",\"item\":\"https:\\\/\\\/papirol.si\\\/de\\\/produktsortiment\\\/\"},{\"@type\":\"ListItem\",\"position\":3,\"name\":\"Fastfood\"}]},{\"@type\":\"WebSite\",\"@id\":\"https:\\\/\\\/papirol.si\\\/#website\",\"url\":\"https:\\\/\\\/papirol.si\\\/\",\"name\":\"Papirol\",\"description\":\"Obla\u010dimo va\u0161e izdelke \u017ee 36 let!\",\"publisher\":{\"@id\":\"https:\\\/\\\/papirol.si\\\/#organization\"},\"potentialAction\":[{\"@type\":\"SearchAction\",\"target\":{\"@type\":\"EntryPoint\",\"urlTemplate\":\"https:\\\/\\\/papirol.si\\\/?s={search_term_string}\"},\"query-input\":{\"@type\":\"PropertyValueSpecification\",\"valueRequired\":true,\"valueName\":\"search_term_string\"}}],\"inLanguage\":\"de\"},{\"@type\":\"Organization\",\"@id\":\"https:\\\/\\\/papirol.si\\\/#organization\",\"name\":\"Papirol\",\"url\":\"https:\\\/\\\/papirol.si\\\/\",\"logo\":{\"@type\":\"ImageObject\",\"inLanguage\":\"de\",\"@id\":\"https:\\\/\\\/papirol.si\\\/#\\\/schema\\\/logo\\\/image\\\/\",\"url\":\"https:\\\/\\\/papirol.si\\\/wp-content\\\/uploads\\\/2019\\\/12\\\/papirol-bela.png\",\"contentUrl\":\"https:\\\/\\\/papirol.si\\\/wp-content\\\/uploads\\\/2019\\\/12\\\/papirol-bela.png\",\"width\":400,\"height\":80,\"caption\":\"Papirol\"},\"image\":{\"@id\":\"https:\\\/\\\/papirol.si\\\/#\\\/schema\\\/logo\\\/image\\\/\"}}]}<\/script>\n<!-- \/ Yoast SEO plugin. -->","yoast_head_json":{"title":"Fastfood | Papirol","robots":{"index":"index","follow":"follow","max-snippet":"max-snippet:-1","max-image-preview":"max-image-preview:large","max-video-preview":"max-video-preview:-1"},"canonical":"https:\/\/papirol.si\/de\/produktpalette\/fast-food-2\/","og_locale":"de_DE","og_type":"article","og_title":"Fastfood | Papirol","og_description":"Die Entwicklung von Fast-Food-Produkten wird auch von unseren Produkten verfolgt. Papiert\u00fcten aus wei\u00dfem oder natronbraunem glattem Papier, einschlie\u00dflich...","og_url":"https:\/\/papirol.si\/de\/produktpalette\/fast-food-2\/","og_site_name":"Papirol","article_modified_time":"2020-07-10T08:16:43+00:00","og_image":[{"width":640,"height":640,"url":"https:\/\/papirol.si\/wp-content\/uploads\/2020\/01\/226350.png","type":"image\/png"}],"twitter_card":"summary_large_image","twitter_misc":{"Gesch\u00e4tzte Lesezeit":"1\u00a0Minute"},"schema":{"@context":"https:\/\/schema.org","@graph":[{"@type":"WebPage","@id":"https:\/\/papirol.si\/de\/produktsortiment\/fastfood\/","url":"https:\/\/papirol.si\/de\/produktsortiment\/fastfood\/","name":"Fastfood | Papirol","isPartOf":{"@id":"https:\/\/papirol.si\/#website"},"primaryImageOfPage":{"@id":"https:\/\/papirol.si\/de\/produktsortiment\/fastfood\/#primaryimage"},"image":{"@id":"https:\/\/papirol.si\/de\/produktsortiment\/fastfood\/#primaryimage"},"thumbnailUrl":"https:\/\/papirol.si\/wp-content\/uploads\/2020\/01\/226350.png","datePublished":"2020-06-15T10:01:09+00:00","dateModified":"2020-07-10T08:16:43+00:00","breadcrumb":{"@id":"https:\/\/papirol.si\/de\/produktsortiment\/fastfood\/#breadcrumb"},"inLanguage":"de","potentialAction":[{"@type":"ReadAction","target":["https:\/\/papirol.si\/de\/produktsortiment\/fastfood\/"]}]},{"@type":"ImageObject","inLanguage":"de","@id":"https:\/\/papirol.si\/de\/produktsortiment\/fastfood\/#primaryimage","url":"https:\/\/papirol.si\/wp-content\/uploads\/2020\/01\/226350.png","contentUrl":"https:\/\/papirol.si\/wp-content\/uploads\/2020\/01\/226350.png"},{"@type":"BreadcrumbList","@id":"https:\/\/papirol.si\/de\/produktsortiment\/fastfood\/#breadcrumb","itemListElement":[{"@type":"ListItem","position":1,"name":"Home","item":"https:\/\/papirol.si\/"},{"@type":"ListItem","position":2,"name":"Produktsortiment","item":"https:\/\/papirol.si\/de\/produktsortiment\/"},{"@type":"ListItem","position":3,"name":"Fastfood"}]},{"@type":"WebSite","@id":"https:\/\/papirol.si\/#website","url":"https:\/\/papirol.si\/","name":"Papirol","description":"Wir kleiden Ihre Produkte seit 36 Jahren ein!","publisher":{"@id":"https:\/\/papirol.si\/#organization"},"potentialAction":[{"@type":"SearchAction","target":{"@type":"EntryPoint","urlTemplate":"https:\/\/papirol.si\/?s={search_term_string}"},"query-input":{"@type":"PropertyValueSpecification","valueRequired":true,"valueName":"search_term_string"}}],"inLanguage":"de"},{"@type":"Organization","@id":"https:\/\/papirol.si\/#organization","name":"Papirol","url":"https:\/\/papirol.si\/","logo":{"@type":"ImageObject","inLanguage":"de","@id":"https:\/\/papirol.si\/#\/schema\/logo\/image\/","url":"https:\/\/papirol.si\/wp-content\/uploads\/2019\/12\/papirol-bela.png","contentUrl":"https:\/\/papirol.si\/wp-content\/uploads\/2019\/12\/papirol-bela.png","width":400,"height":80,"caption":"Papirol"},"image":{"@id":"https:\/\/papirol.si\/#\/schema\/logo\/image\/"}}]}},"_links":{"self":[{"href":"https:\/\/papirol.si\/de\/wp-json\/wp\/v2\/pages\/3232","targetHints":{"allow":["GET"]}}],"collection":[{"href":"https:\/\/papirol.si\/de\/wp-json\/wp\/v2\/pages"}],"about":[{"href":"https:\/\/papirol.si\/de\/wp-json\/wp\/v2\/types\/page"}],"author":[{"embeddable":true,"href":"https:\/\/papirol.si\/de\/wp-json\/wp\/v2\/users\/5"}],"replies":[{"embeddable":true,"href":"https:\/\/papirol.si\/de\/wp-json\/wp\/v2\/comments?post=3232"}],"version-history":[{"count":6,"href":"https:\/\/papirol.si\/de\/wp-json\/wp\/v2\/pages\/3232\/revisions"}],"predecessor-version":[{"id":3779,"href":"https:\/\/papirol.si\/de\/wp-json\/wp\/v2\/pages\/3232\/revisions\/3779"}],"up":[{"embeddable":true,"href":"https:\/\/papirol.si\/de\/wp-json\/wp\/v2\/pages\/3403"}],"wp:attachment":[{"href":"https:\/\/papirol.si\/de\/wp-json\/wp\/v2\/media?parent=3232"}],"curies":[{"name":"wp","href":"https:\/\/api.w.org\/{rel}","templated":true}]}}