{"id":350,"date":"2018-07-28T16:07:51","date_gmt":"2018-07-28T16:07:51","guid":{"rendered":"http:\/\/manufacturer.stylemixthemes.com\/industrial:8888\/?page_id=350"},"modified":"2026-04-01T11:53:30","modified_gmt":"2026-04-01T09:53:30","slug":"kontakt-3","status":"publish","type":"page","link":"https:\/\/papirol.si\/de\/kontakt-3\/","title":{"rendered":"Kontakt"},"content":{"rendered":"<div data-elementor-type=\"wp-post\" data-elementor-id=\"350\" class=\"elementor elementor-350\" data-elementor-post-type=\"page\">\n\t\t\t\t\t\t<section class=\"elementor-section elementor-top-section elementor-element elementor-element-c1153d9 elementor-section-boxed elementor-section-height-default elementor-section-height-default\" data-id=\"c1153d9\" data-element_type=\"section\" data-e-type=\"section\">\n\t\t\t\t\t\t<div class=\"elementor-container elementor-column-gap-default\">\n\t\t\t\t\t<div class=\"elementor-column elementor-col-50 elementor-top-column elementor-element elementor-element-457ea2f elementor-invisible\" data-id=\"457ea2f\" data-element_type=\"column\" data-e-type=\"column\" data-settings=\"{&quot;animation&quot;:&quot;fadeIn&quot;}\">\n\t\t\t<div class=\"elementor-widget-wrap elementor-element-populated\">\n\t\t\t\t\t\t<div class=\"elementor-element elementor-element-4675044 elementor-widget elementor-widget-heading\" data-id=\"4675044\" data-element_type=\"widget\" data-e-type=\"widget\" data-widget_type=\"heading.default\">\n\t\t\t\t\t<h2 class=\"elementor-heading-title elementor-size-default elementor-heading-title\">Rufen Sie uns an,<br>oder schreiben Sie an<\/h2>\t\t\t\t<\/div>\n\t\t\t\t<div class=\"elementor-element elementor-element-725428e elementor-widget elementor-widget-heading\" data-id=\"725428e\" data-element_type=\"widget\" data-e-type=\"widget\" data-widget_type=\"heading.default\">\n\t\t\t\t\t<span class=\"elementor-heading-title elementor-size-default elementor-heading-title\"><i class=\"ti-mobile\"><\/i><span><b><a href=\"tel:+386(0)24200887\">+ 386 (0)2 42 00 887 <\/a><\/b><br>\n<a href=\"tel:+38651339399\">+ 386 (0)<\/a>51 339 399<\/span><\/span>\t\t\t\t<\/div>\n\t\t\t\t<div class=\"elementor-element elementor-element-c3a34d8 elementor-widget elementor-widget-heading\" data-id=\"c3a34d8\" data-element_type=\"widget\" data-e-type=\"widget\" data-widget_type=\"heading.default\">\n\t\t\t\t\t<span class=\"elementor-heading-title elementor-size-default elementor-heading-title\"><i class=\"ti-location-pin\"><\/i><span><b>\u00d6ffnungszeiten f\u00fcr Kunden<\/b><br>\nPon-Pet: 7:30 - 14:30 \/ An Wochenenden geschlossen! <\/span><\/span>\t\t\t\t<\/div>\n\t\t\t\t<div class=\"elementor-element elementor-element-a81e3e8 elementor-widget elementor-widget-heading\" data-id=\"a81e3e8\" data-element_type=\"widget\" data-e-type=\"widget\" data-widget_type=\"heading.default\">\n\t\t\t\t\t<span class=\"elementor-heading-title elementor-size-default elementor-heading-title\"><i class=\"ti-id-badge\"><\/i><span><p><b>Daten zum Unternehmen<\/b><\/p>\n<div style=\"font-size:90%\">\n<p><strong>Titel:&nbsp;<\/strong><span style=\"float: none\"> PAPIROL.SI d.o.o.<\/span><\/p>\n<p><strong>Registrierungsnummer:<\/strong><span style=\"float: none\"> 9928456000<\/span><\/p>\n<p> <strong>Steuernummer:<\/strong> SI71779728<\/p>\n<p> <strong>TRR:&nbsp;<\/strong> IBAN SI56 0400 0028 2124 247\n(OTP banka d.d.)<br><\/p>\n<\/div><\/span><\/span>\t\t\t\t<\/div>\n\t\t\t\t\t<\/div>\n\t\t<\/div>\n\t\t\t\t<div class=\"elementor-column elementor-col-50 elementor-top-column elementor-element elementor-element-3cca13e elementor-invisible\" data-id=\"3cca13e\" data-element_type=\"column\" data-e-type=\"column\" data-settings=\"{&quot;animation&quot;:&quot;fadeIn&quot;,&quot;animation_delay&quot;:200}\">\n\t\t\t<div class=\"elementor-widget-wrap elementor-element-populated\">\n\t\t\t\t\t\t<div class=\"elementor-element elementor-element-830e318 elementor-widget elementor-widget-shortcode\" data-id=\"830e318\" data-element_type=\"widget\" data-e-type=\"widget\" data-widget_type=\"shortcode.default\">\n\t\t\t\t\t\t\t<div class=\"elementor-shortcode\">\n<div class=\"wpcf7 no-js\" id=\"wpcf7-f1821-o1\" lang=\"en-US\" dir=\"ltr\" data-wpcf7-id=\"1821\">\n<div class=\"screen-reader-response\"><p role=\"status\" aria-live=\"polite\" aria-atomic=\"true\"><\/p> <ul><\/ul><\/div>\n<form action=\"\/de\/wp-json\/wp\/v2\/pages\/350#wpcf7-f1821-o1\" method=\"post\" class=\"wpcf7-form init\" aria-label=\"Contact form\" novalidate=\"novalidate\" data-status=\"init\" data-trp-original-action=\"\/de\/wp-json\/wp\/v2\/pages\/350#wpcf7-f1821-o1\">\n<fieldset class=\"hidden-fields-container\"><input type=\"hidden\" name=\"_wpcf7\" value=\"1821\" \/><input type=\"hidden\" name=\"_wpcf7_version\" value=\"6.1.5\" \/><input type=\"hidden\" name=\"_wpcf7_locale\" value=\"en_US\" \/><input type=\"hidden\" name=\"_wpcf7_unit_tag\" value=\"wpcf7-f1821-o1\" \/><input type=\"hidden\" name=\"_wpcf7_container_post\" value=\"0\" \/><input type=\"hidden\" name=\"_wpcf7_posted_data_hash\" value=\"\" \/><input type=\"hidden\" name=\"_wpcf7_recaptcha_response\" value=\"\" \/>\n<\/fieldset>\n<p><label> Ihr Name <span class=\"r\">*<\/span><br \/>\n<span class=\"wpcf7-form-control-wrap\" data-name=\"your-name\"><input size=\"40\" maxlength=\"400\" class=\"wpcf7-form-control wpcf7-text wpcf7-validates-as-required\" aria-required=\"true\" aria-invalid=\"false\" value=\"\" type=\"text\" name=\"your-name\" \/><\/span> <\/label>\n<\/p>\n<p><label> Ihre E-Mail Adresse <span class=\"r\">*<\/span><br \/>\n<span class=\"wpcf7-form-control-wrap\" data-name=\"your-email\"><input size=\"40\" maxlength=\"400\" class=\"wpcf7-form-control wpcf7-email wpcf7-validates-as-required wpcf7-text wpcf7-validates-as-email\" aria-required=\"true\" aria-invalid=\"false\" value=\"\" type=\"email\" name=\"your-email\" \/><\/span> <\/label>\n<\/p>\n<p><label> Ihre Nachricht <span class=\"r\">*<\/span><br \/>\n<span class=\"wpcf7-form-control-wrap\" data-name=\"your-message\"><textarea cols=\"40\" rows=\"10\" maxlength=\"2000\" class=\"wpcf7-form-control wpcf7-textarea wpcf7-validates-as-required\" aria-required=\"true\" aria-invalid=\"false\" name=\"your-message\"><\/textarea><\/span> <\/label>\n<\/p>\n<p><input class=\"wpcf7-form-control wpcf7-submit has-spinner\" type=\"submit\" value=\"Eine Nachricht senden\" \/>\n<\/p><div class=\"wpcf7-response-output\" aria-hidden=\"true\"><\/div>\n<input type=\"hidden\" name=\"trp-form-language\" value=\"de\"\/><\/form>\n<\/div>\n<\/div>\n\t\t\t\t\t\t<\/div>\n\t\t\t\t\t<\/div>\n\t\t<\/div>\n\t\t\t\t\t<\/div>\n\t\t<\/section>\n\t\t\t\t<section class=\"elementor-section elementor-top-section elementor-element elementor-element-6a7b42c elementor-section-boxed elementor-section-height-default elementor-section-height-default\" data-id=\"6a7b42c\" data-element_type=\"section\" data-e-type=\"section\" data-settings=\"{&quot;background_background&quot;:&quot;classic&quot;}\">\n\t\t\t\t\t\t<div class=\"elementor-container elementor-column-gap-default\">\n\t\t\t\t\t<div class=\"elementor-column elementor-col-50 elementor-top-column elementor-element elementor-element-1a6fadf elementor-invisible\" data-id=\"1a6fadf\" data-element_type=\"column\" data-e-type=\"column\" data-settings=\"{&quot;animation&quot;:&quot;fadeIn&quot;}\">\n\t\t\t<div class=\"elementor-widget-wrap elementor-element-populated\">\n\t\t\t\t\t\t<div class=\"elementor-element elementor-element-aa49f1e elementor-widget elementor-widget-heading\" data-id=\"aa49f1e\" data-element_type=\"widget\" data-e-type=\"widget\" data-widget_type=\"heading.default\">\n\t\t\t\t\t<h2 class=\"elementor-heading-title elementor-size-default elementor-heading-title elementor-align-after-mobile-center\">Wo sind wir?<\/h2>\t\t\t\t<\/div>\n\t\t\t\t<div class=\"elementor-element elementor-element-0cc528b elementor-widget elementor-widget-text-editor\" data-id=\"0cc528b\" data-element_type=\"widget\" data-e-type=\"widget\" data-widget_type=\"text-editor.default\">\n\t\t\t\t\t\t\t\t\t<p>Entscheiden Sie sich und fragen Sie uns nach zus\u00e4tzlichen Informationen, Ratschl\u00e4gen, Mustern. Tun Sie dies f\u00fcr sich, f\u00fcr Ihre jetzigen und zuk\u00fcnftigen Kunden. Wir stehen Ihnen f\u00fcr alle gew\u00fcnschten Erkl\u00e4rungen und Informationen von Montag bis Freitag zwischen 7:30 und 14:30 Uhr in unserem Firmensitz, unter unseren Telefonnummern oder per E-Mail zur Verf\u00fcgung.<\/p>\t\t\t\t\t\t\t\t<\/div>\n\t\t\t\t<div class=\"elementor-element elementor-element-f38d1ae elementor-widget elementor-widget-heading\" data-id=\"f38d1ae\" data-element_type=\"widget\" data-e-type=\"widget\" data-widget_type=\"heading.default\">\n\t\t\t\t\t<span class=\"elementor-heading-title elementor-size-default elementor-heading-title\"><i class=\"ti-location-pin\"><\/i><span><p>Preradovi\u010deva ulica 22,<br>2000 Maribor, Slowenien.<\/p><\/span><\/span>\t\t\t\t<\/div>\n\t\t\t\t\t<\/div>\n\t\t<\/div>\n\t\t\t\t<div class=\"elementor-column elementor-col-50 elementor-top-column elementor-element elementor-element-149420f elementor-invisible\" data-id=\"149420f\" data-element_type=\"column\" data-e-type=\"column\" data-settings=\"{&quot;animation&quot;:&quot;fadeIn&quot;,&quot;animation_delay&quot;:200}\">\n\t\t\t<div class=\"elementor-widget-wrap elementor-element-populated\">\n\t\t\t\t\t\t<div class=\"elementor-element elementor-element-057ec6b elementor-widget elementor-widget-google_maps\" data-id=\"057ec6b\" data-element_type=\"widget\" data-e-type=\"widget\" data-widget_type=\"google_maps.default\">\n\t\t\t\t\t\t\t<div class=\"elementor-custom-embed\">\n\t\t\t<iframe loading=\"lazy\"\n\t\t\t\t\tsrc=\"https:\/\/maps.google.com\/maps?q=46.553579%2C%2015.632427&#038;t=m&#038;z=10&#038;output=embed&#038;iwloc=near\"\n\t\t\t\t\ttitle=\"46.553579, 15.632427\"\n\t\t\t\t\taria-label=\"46.553579, 15.632427\"\n\t\t\t><\/iframe>\n\t\t<\/div>\n\t\t\t\t\t\t<\/div>\n\t\t\t\t\t<\/div>\n\t\t<\/div>\n\t\t\t\t\t<\/div>\n\t\t<\/section>\n\t\t\t\t<\/div>","protected":false},"excerpt":{"rendered":"<p>Pokli\u010dite nas,ali pa pi\u0161ite + 386 (0)2 42 00 887 + 386 (0)51 339 399 Delovni \u010das za&#8230;<\/p>","protected":false},"author":5,"featured_media":0,"parent":0,"menu_order":0,"comment_status":"closed","ping_status":"closed","template":"elementor_header_footer","meta":{"footnotes":""},"class_list":["post-350","page","type-page","status-publish","hentry"],"yoast_head":"<!-- This site is optimized with the Yoast SEO plugin v27.3 - https:\/\/yoast.com\/product\/yoast-seo-wordpress\/ -->\n<title>Kontakt | Papirol<\/title>\n<meta name=\"robots\" content=\"index, follow, max-snippet:-1, max-image-preview:large, max-video-preview:-1\" \/>\n<link rel=\"canonical\" href=\"https:\/\/papirol.si\/de\/kontakt-3\/\" \/>\n<meta property=\"og:locale\" content=\"de_DE\" \/>\n<meta property=\"og:type\" content=\"article\" \/>\n<meta property=\"og:title\" content=\"Kontakt | Papirol\" \/>\n<meta property=\"og:description\" content=\"Pokli\u010dite nas,ali pa pi\u0161ite + 386 (0)2 42 00 887 + 386 (0)51 339 399 Delovni \u010das za...\" \/>\n<meta property=\"og:url\" content=\"https:\/\/papirol.si\/de\/kontakt-3\/\" \/>\n<meta property=\"og:site_name\" content=\"Papirol\" \/>\n<meta property=\"article:modified_time\" content=\"2026-04-01T09:53:30+00:00\" \/>\n<meta name=\"twitter:card\" content=\"summary_large_image\" \/>\n<meta name=\"twitter:label1\" content=\"Gesch\u00e4tzte Lesezeit\" \/>\n\t<meta name=\"twitter:data1\" content=\"1\u00a0Minute\" \/>\n<script type=\"application\/ld+json\" class=\"yoast-schema-graph\">{\"@context\":\"https:\\\/\\\/schema.org\",\"@graph\":[{\"@type\":\"WebPage\",\"@id\":\"https:\\\/\\\/papirol.si\\\/kontakt-3\\\/\",\"url\":\"https:\\\/\\\/papirol.si\\\/kontakt-3\\\/\",\"name\":\"Kontakt | Papirol\",\"isPartOf\":{\"@id\":\"https:\\\/\\\/papirol.si\\\/#website\"},\"datePublished\":\"2018-07-28T16:07:51+00:00\",\"dateModified\":\"2026-04-01T09:53:30+00:00\",\"breadcrumb\":{\"@id\":\"https:\\\/\\\/papirol.si\\\/kontakt-3\\\/#breadcrumb\"},\"inLanguage\":\"de\",\"potentialAction\":[{\"@type\":\"ReadAction\",\"target\":[\"https:\\\/\\\/papirol.si\\\/kontakt-3\\\/\"]}]},{\"@type\":\"BreadcrumbList\",\"@id\":\"https:\\\/\\\/papirol.si\\\/kontakt-3\\\/#breadcrumb\",\"itemListElement\":[{\"@type\":\"ListItem\",\"position\":1,\"name\":\"Home\",\"item\":\"https:\\\/\\\/papirol.si\\\/\"},{\"@type\":\"ListItem\",\"position\":2,\"name\":\"Kontakt\"}]},{\"@type\":\"WebSite\",\"@id\":\"https:\\\/\\\/papirol.si\\\/#website\",\"url\":\"https:\\\/\\\/papirol.si\\\/\",\"name\":\"Papirol\",\"description\":\"Obla\u010dimo va\u0161e izdelke \u017ee 36 let!\",\"publisher\":{\"@id\":\"https:\\\/\\\/papirol.si\\\/#organization\"},\"potentialAction\":[{\"@type\":\"SearchAction\",\"target\":{\"@type\":\"EntryPoint\",\"urlTemplate\":\"https:\\\/\\\/papirol.si\\\/?s={search_term_string}\"},\"query-input\":{\"@type\":\"PropertyValueSpecification\",\"valueRequired\":true,\"valueName\":\"search_term_string\"}}],\"inLanguage\":\"de\"},{\"@type\":\"Organization\",\"@id\":\"https:\\\/\\\/papirol.si\\\/#organization\",\"name\":\"Papirol\",\"url\":\"https:\\\/\\\/papirol.si\\\/\",\"logo\":{\"@type\":\"ImageObject\",\"inLanguage\":\"de\",\"@id\":\"https:\\\/\\\/papirol.si\\\/#\\\/schema\\\/logo\\\/image\\\/\",\"url\":\"https:\\\/\\\/papirol.si\\\/wp-content\\\/uploads\\\/2019\\\/12\\\/papirol-bela.png\",\"contentUrl\":\"https:\\\/\\\/papirol.si\\\/wp-content\\\/uploads\\\/2019\\\/12\\\/papirol-bela.png\",\"width\":400,\"height\":80,\"caption\":\"Papirol\"},\"image\":{\"@id\":\"https:\\\/\\\/papirol.si\\\/#\\\/schema\\\/logo\\\/image\\\/\"}}]}<\/script>\n<!-- \/ Yoast SEO plugin. -->","yoast_head_json":{"title":"Kontakt | Papirol","robots":{"index":"index","follow":"follow","max-snippet":"max-snippet:-1","max-image-preview":"max-image-preview:large","max-video-preview":"max-video-preview:-1"},"canonical":"https:\/\/papirol.si\/de\/kontakt-3\/","og_locale":"de_DE","og_type":"article","og_title":"Kontakt | Papirol","og_description":"Pokli\u010dite nas,ali pa pi\u0161ite + 386 (0)2 42 00 887 + 386 (0)51 339 399 Delovni \u010das za...","og_url":"https:\/\/papirol.si\/de\/kontakt-3\/","og_site_name":"Papirol","article_modified_time":"2026-04-01T09:53:30+00:00","twitter_card":"summary_large_image","twitter_misc":{"Gesch\u00e4tzte Lesezeit":"1\u00a0Minute"},"schema":{"@context":"https:\/\/schema.org","@graph":[{"@type":"WebPage","@id":"https:\/\/papirol.si\/kontakt-3\/","url":"https:\/\/papirol.si\/kontakt-3\/","name":"Kontakt | Papirol","isPartOf":{"@id":"https:\/\/papirol.si\/#website"},"datePublished":"2018-07-28T16:07:51+00:00","dateModified":"2026-04-01T09:53:30+00:00","breadcrumb":{"@id":"https:\/\/papirol.si\/kontakt-3\/#breadcrumb"},"inLanguage":"de","potentialAction":[{"@type":"ReadAction","target":["https:\/\/papirol.si\/kontakt-3\/"]}]},{"@type":"BreadcrumbList","@id":"https:\/\/papirol.si\/kontakt-3\/#breadcrumb","itemListElement":[{"@type":"ListItem","position":1,"name":"Home","item":"https:\/\/papirol.si\/"},{"@type":"ListItem","position":2,"name":"Kontakt"}]},{"@type":"WebSite","@id":"https:\/\/papirol.si\/#website","url":"https:\/\/papirol.si\/","name":"Papirol","description":"Wir kleiden Ihre Produkte seit 36 Jahren ein!","publisher":{"@id":"https:\/\/papirol.si\/#organization"},"potentialAction":[{"@type":"SearchAction","target":{"@type":"EntryPoint","urlTemplate":"https:\/\/papirol.si\/?s={search_term_string}"},"query-input":{"@type":"PropertyValueSpecification","valueRequired":true,"valueName":"search_term_string"}}],"inLanguage":"de"},{"@type":"Organization","@id":"https:\/\/papirol.si\/#organization","name":"Papirol","url":"https:\/\/papirol.si\/","logo":{"@type":"ImageObject","inLanguage":"de","@id":"https:\/\/papirol.si\/#\/schema\/logo\/image\/","url":"https:\/\/papirol.si\/wp-content\/uploads\/2019\/12\/papirol-bela.png","contentUrl":"https:\/\/papirol.si\/wp-content\/uploads\/2019\/12\/papirol-bela.png","width":400,"height":80,"caption":"Papirol"},"image":{"@id":"https:\/\/papirol.si\/#\/schema\/logo\/image\/"}}]}},"_links":{"self":[{"href":"https:\/\/papirol.si\/de\/wp-json\/wp\/v2\/pages\/350","targetHints":{"allow":["GET"]}}],"collection":[{"href":"https:\/\/papirol.si\/de\/wp-json\/wp\/v2\/pages"}],"about":[{"href":"https:\/\/papirol.si\/de\/wp-json\/wp\/v2\/types\/page"}],"author":[{"embeddable":true,"href":"https:\/\/papirol.si\/de\/wp-json\/wp\/v2\/users\/5"}],"replies":[{"embeddable":true,"href":"https:\/\/papirol.si\/de\/wp-json\/wp\/v2\/comments?post=350"}],"version-history":[{"count":32,"href":"https:\/\/papirol.si\/de\/wp-json\/wp\/v2\/pages\/350\/revisions"}],"predecessor-version":[{"id":4857,"href":"https:\/\/papirol.si\/de\/wp-json\/wp\/v2\/pages\/350\/revisions\/4857"}],"wp:attachment":[{"href":"https:\/\/papirol.si\/de\/wp-json\/wp\/v2\/media?parent=350"}],"curies":[{"name":"wp","href":"https:\/\/api.w.org\/{rel}","templated":true}]}}