{"id":3787,"date":"2020-07-10T10:28:56","date_gmt":"2020-07-10T08:28:56","guid":{"rendered":"https:\/\/papirol.si\/?page_id=3787"},"modified":"2020-07-10T10:35:56","modified_gmt":"2020-07-10T08:35:56","slug":"havanna","status":"publish","type":"page","link":"https:\/\/papirol.si\/de\/produktsortiment\/wickel-verpackungs-und-formatpapiere\/havana\/","title":{"rendered":"Havanna"},"content":{"rendered":"<div data-elementor-type=\"wp-page\" data-elementor-id=\"3787\" class=\"elementor elementor-3787\" data-elementor-post-type=\"page\">\n\t\t\t\t\t\t<section class=\"elementor-section elementor-top-section elementor-element elementor-element-267a2473 elementor-section-content-middle elementor-section-boxed elementor-section-height-default elementor-section-height-default\" data-id=\"267a2473\" data-element_type=\"section\" data-e-type=\"section\" id=\"produkt-bio\" data-settings=\"{&quot;background_background&quot;:&quot;classic&quot;}\">\n\t\t\t\t\t\t<div class=\"elementor-container elementor-column-gap-default\">\n\t\t\t\t\t<div class=\"elementor-column elementor-col-50 elementor-top-column elementor-element elementor-element-3d263b4e\" data-id=\"3d263b4e\" data-element_type=\"column\" data-e-type=\"column\">\n\t\t\t<div class=\"elementor-widget-wrap elementor-element-populated\">\n\t\t\t\t\t\t<div class=\"elementor-element elementor-element-059580b elementor-widget elementor-widget-image\" data-id=\"059580b\" data-element_type=\"widget\" data-e-type=\"widget\" data-widget_type=\"image.default\">\n\t\t\t\t\t\t\t\t\t\t\t\t\t\t\t<img fetchpriority=\"high\" decoding=\"async\" width=\"327\" height=\"219\" src=\"https:\/\/papirol.si\/wp-content\/uploads\/2019\/12\/Papir-v-formatu_r02xjqe2.png\" class=\"attachment-large size-large wp-image-1959\" alt=\"\" srcset=\"https:\/\/papirol.si\/wp-content\/uploads\/2019\/12\/Papir-v-formatu_r02xjqe2.png 327w, https:\/\/papirol.si\/wp-content\/uploads\/2019\/12\/Papir-v-formatu_r02xjqe2-300x201.png 300w, https:\/\/papirol.si\/wp-content\/uploads\/2019\/12\/Papir-v-formatu_r02xjqe2-285x191.png 285w, https:\/\/papirol.si\/wp-content\/uploads\/2019\/12\/Papir-v-formatu_r02xjqe2-150x100.png 150w\" sizes=\"(max-width: 327px) 100vw, 327px\" \/>\t\t\t\t\t\t\t\t\t\t\t\t\t\t\t<\/div>\n\t\t\t\t\t<\/div>\n\t\t<\/div>\n\t\t\t\t<div class=\"elementor-column elementor-col-50 elementor-top-column elementor-element elementor-element-5ba7d4cb\" data-id=\"5ba7d4cb\" data-element_type=\"column\" data-e-type=\"column\">\n\t\t\t<div class=\"elementor-widget-wrap elementor-element-populated\">\n\t\t\t\t\t\t<div class=\"elementor-element elementor-element-7dbdaefe elementor-widget elementor-widget-text-editor\" data-id=\"7dbdaefe\" data-element_type=\"widget\" data-e-type=\"widget\" data-widget_type=\"text-editor.default\">\n\t\t\t\t\t\t\t\t\t<p>Havanna Papier ist ein einschichtiges, fettdichtes Papier, das das Fett teilweise h\u00e4lt.<\/p><p>Es wird in der B\u00e4ckerei-, Fleisch- und Lebensmittelindustrie verwendet.<\/p><p>Sie pr\u00fcft, ob das Produkt mit der Kartonverpackung in Ber\u00fchrung kommt, was die Kartonverpackung zu einer guten L\u00f6sung macht, wenn die Kartonverpackung nicht als f\u00fcr den Kontakt mit Lebensmitteln geeignet deklariert ist.<\/p><p>Erh\u00e4ltlich in zwei Standardformaten.<\/p><p>Papier kann beidseitig in mehreren Farben bedruckt werden.<\/p>\t\t\t\t\t\t\t\t<\/div>\n\t\t\t\t<div class=\"elementor-element elementor-element-71a5927c elementor-widget elementor-widget-text-editor\" data-id=\"71a5927c\" data-element_type=\"widget\" data-e-type=\"widget\" id=\"tisk-box\" data-widget_type=\"text-editor.default\">\n\t\t\t\t\t\t\t\t\t<h2>Druck<\/h2><p>Einschlagpapiere k\u00f6nnen in h\u00f6chster Qualit\u00e4t ein- oder mehrfarbig bedruckt werden.<\/p><p>Die M\u00f6glichkeit, gleichzeitig mit der Bearbeitung des Papiers zu drucken, so dass die gesamte Oberfl\u00e4che ein- oder beidseitig bedruckt werden kann.<\/p><p><br \/><strong>Drucktechniken:<\/strong><\/p><ul><li><p>mehrfarbiger Flexodruck von der Linie auf alle Arten von Wickelpapier<\/p><\/li><li><p>mehrfarbiger Siebdruck auf allen Arten von Wickelpapier<\/p><\/li><\/ul><p><strong>Drucken:<\/strong><\/p><ul><li><p>unendlich oder positioniert, Mehrfarbendruck, ein- oder beidseitig<\/p><\/li><li><p>ganzfl\u00e4chig, ein- oder beidseitig<\/p><\/li><\/ul>\t\t\t\t\t\t\t\t<\/div>\n\t\t\t\t\t<\/div>\n\t\t<\/div>\n\t\t\t\t\t<\/div>\n\t\t<\/section>\n\t\t\t\t<section class=\"elementor-section elementor-top-section elementor-element elementor-element-f11247f elementor-section-boxed elementor-section-height-default elementor-section-height-default\" data-id=\"f11247f\" data-element_type=\"section\" data-e-type=\"section\" id=\"product-bio-tbl\" data-settings=\"{&quot;background_background&quot;:&quot;classic&quot;}\">\n\t\t\t\t\t\t<div class=\"elementor-container elementor-column-gap-default\">\n\t\t\t\t\t<div class=\"elementor-column elementor-col-100 elementor-top-column elementor-element elementor-element-21ce687\" data-id=\"21ce687\" data-element_type=\"column\" data-e-type=\"column\">\n\t\t\t<div class=\"elementor-widget-wrap elementor-element-populated\">\n\t\t\t\t\t\t<div class=\"elementor-element elementor-element-1b549f9 elementor-widget elementor-widget-text-editor\" data-id=\"1b549f9\" data-element_type=\"widget\" data-e-type=\"widget\" data-widget_type=\"text-editor.default\">\n\t\t\t\t\t\t\t\t\t<table data-minrequestedwidth=\"593.7478637695312\" data-computedwidth=\"593.7478637695312\"><tbody><tr><td class=\"imVc\"><b class=\"fs14lh1-5\">PRODUKTNAME<\/b><\/td><td class=\"imVc\"><div class=\"imTACenter\"><strong>STANDARDABMESSUNGEN<\/strong><\/div><\/td><td class=\"imVc\"><div class=\"imTACenter\"><strong>VERPACKUNG<\/strong><\/div><\/td><\/tr><tr><td class=\"imVc\"><div class=\"imTACenter\">Havanna-Papier, Format S<\/div><\/td><td class=\"imVc\"><div class=\"imTACenter\"><span class=\"fs11lh1-5 ff2\">70 x 100 cm<\/span><\/div><\/td><td class=\"imVc\"><div class=\"imTACenter\"><span class=\"fs11lh1-5 ff2\">15 kg \/ 1000 Stangen<\/span><\/div><\/td><\/tr><tr><td class=\"imVc\"><div class=\"imTACenter\">Havanna-Papier, Format M<\/div><\/td><td class=\"imVc\"><div class=\"imTACenter\"><span class=\"fs11lh1-5 ff2\">40 x 50 cm<\/span><\/div><\/td><td class=\"imVc\"><div class=\"imTACenter\"><span class=\"fs11lh1-5 ff2\">10 kg<\/span><span class=\"fs11lh1-5 ff2\">\u00a0<\/span><span class=\"fs11lh1-5 ff2\">\/ 2900 Stangen<\/span><\/div><\/td><\/tr><\/tbody><\/table>\t\t\t\t\t\t\t\t<\/div>\n\t\t\t\t\t<\/div>\n\t\t<\/div>\n\t\t\t\t\t<\/div>\n\t\t<\/section>\n\t\t\t\t<section class=\"elementor-section elementor-top-section elementor-element elementor-element-2a04b473 elementor-section-boxed elementor-section-height-default elementor-section-height-default\" data-id=\"2a04b473\" data-element_type=\"section\" data-e-type=\"section\" id=\"povp-sect\" data-settings=\"{&quot;background_background&quot;:&quot;classic&quot;}\">\n\t\t\t\t\t\t\t<div class=\"elementor-background-overlay\"><\/div>\n\t\t\t\t\t\t\t<div class=\"elementor-container elementor-column-gap-default\">\n\t\t\t\t\t<div class=\"elementor-column elementor-col-100 elementor-top-column elementor-element elementor-element-246f811e\" data-id=\"246f811e\" data-element_type=\"column\" data-e-type=\"column\">\n\t\t\t<div class=\"elementor-widget-wrap elementor-element-populated\">\n\t\t\t\t\t\t<div class=\"elementor-element elementor-element-1eb06e58 elementor-widget elementor-widget-heading\" data-id=\"1eb06e58\" data-element_type=\"widget\" data-e-type=\"widget\" data-widget_type=\"heading.default\">\n\t\t\t\t\t<h2 class=\"elementor-heading-title elementor-size-default elementor-heading-title elementor-align-after-center\"><span style=\"font-weight:normal\"><span style=\"font-size: 9pt;font-weight: 700;vertical-align: baseline\"><\/span><\/span>Beginnen Sie mit einer kostenlosen Verpackung!<\/h2>\t\t\t\t<\/div>\n\t\t\t\t<div class=\"elementor-element elementor-element-15529f01 elementor-widget elementor-widget-sm-default-button\" data-id=\"15529f01\" data-element_type=\"widget\" data-e-type=\"widget\" data-widget_type=\"sm-default-button.default\">\n\t\t\t\t<div class=\"elementor-widget-container\">\n\t\t\t\t\t\n\t\t\t\t<a   href=\"https:\/\/papirol.si\/de\/povprasevanje\/ovijalni-embalazni-papir\/\" class=\"btn\">Anfrage senden<i class=\"ti ti-arrow-right\"><\/i><\/a>\n\t\t\n\t\t\t\t\t<\/div>\n\t\t\t\t<\/div>\n\t\t\t\t\t<\/div>\n\t\t<\/div>\n\t\t\t\t\t<\/div>\n\t\t<\/section>\n\t\t\t\t<\/div>","protected":false},"excerpt":{"rendered":"<p>Havana Papier ist ein einschichtiges, fettdichtes Papier, das das Fett teilweise h\u00e4lt. Es wird haupts\u00e4chlich in der B\u00e4ckerei-,&#8230;<\/p>","protected":false},"author":5,"featured_media":0,"parent":3244,"menu_order":0,"comment_status":"closed","ping_status":"closed","template":"elementor_header_footer","meta":{"footnotes":""},"class_list":["post-3787","page","type-page","status-publish","hentry"],"yoast_head":"<!-- This site is optimized with the Yoast SEO plugin v27.3 - https:\/\/yoast.com\/product\/yoast-seo-wordpress\/ -->\n<title>Havana | Papirol<\/title>\n<meta name=\"robots\" content=\"index, follow, max-snippet:-1, max-image-preview:large, max-video-preview:-1\" \/>\n<link rel=\"canonical\" href=\"https:\/\/papirol.si\/de\/produktpalette\/wickel-verpackungs-und-formatpapiere\/havanna\/\" \/>\n<meta property=\"og:locale\" content=\"de_DE\" \/>\n<meta property=\"og:type\" content=\"article\" \/>\n<meta property=\"og:title\" content=\"Havana | Papirol\" \/>\n<meta property=\"og:description\" content=\"Havana Papier ist ein einschichtiges, fettdichtes Papier, das das Fett teilweise h\u00e4lt. Es wird haupts\u00e4chlich in der B\u00e4ckerei-,...\" \/>\n<meta property=\"og:url\" content=\"https:\/\/papirol.si\/de\/produktpalette\/wickel-verpackungs-und-formatpapiere\/havanna\/\" \/>\n<meta property=\"og:site_name\" content=\"Papirol\" \/>\n<meta property=\"article:modified_time\" content=\"2020-07-10T08:35:56+00:00\" \/>\n<meta property=\"og:image\" content=\"https:\/\/papirol.si\/wp-content\/uploads\/2019\/12\/Papir-v-formatu_r02xjqe2.png\" \/>\n\t<meta property=\"og:image:width\" content=\"327\" \/>\n\t<meta property=\"og:image:height\" content=\"219\" \/>\n\t<meta property=\"og:image:type\" content=\"image\/png\" \/>\n<meta name=\"twitter:card\" content=\"summary_large_image\" \/>\n<meta name=\"twitter:label1\" content=\"Gesch\u00e4tzte Lesezeit\" \/>\n\t<meta name=\"twitter:data1\" content=\"1\u00a0Minute\" \/>\n<script type=\"application\/ld+json\" class=\"yoast-schema-graph\">{\"@context\":\"https:\\\/\\\/schema.org\",\"@graph\":[{\"@type\":\"WebPage\",\"@id\":\"https:\\\/\\\/papirol.si\\\/de\\\/produktsortiment\\\/wickel-verpackungs-und-formatpapiere\\\/havana\\\/\",\"url\":\"https:\\\/\\\/papirol.si\\\/de\\\/produktsortiment\\\/wickel-verpackungs-und-formatpapiere\\\/havana\\\/\",\"name\":\"Havana | Papirol\",\"isPartOf\":{\"@id\":\"https:\\\/\\\/papirol.si\\\/#website\"},\"primaryImageOfPage\":{\"@id\":\"https:\\\/\\\/papirol.si\\\/de\\\/produktsortiment\\\/wickel-verpackungs-und-formatpapiere\\\/havana\\\/#primaryimage\"},\"image\":{\"@id\":\"https:\\\/\\\/papirol.si\\\/de\\\/produktsortiment\\\/wickel-verpackungs-und-formatpapiere\\\/havana\\\/#primaryimage\"},\"thumbnailUrl\":\"https:\\\/\\\/papirol.si\\\/wp-content\\\/uploads\\\/2019\\\/12\\\/Papir-v-formatu_r02xjqe2.png\",\"datePublished\":\"2020-07-10T08:28:56+00:00\",\"dateModified\":\"2020-07-10T08:35:56+00:00\",\"breadcrumb\":{\"@id\":\"https:\\\/\\\/papirol.si\\\/de\\\/produktsortiment\\\/wickel-verpackungs-und-formatpapiere\\\/havana\\\/#breadcrumb\"},\"inLanguage\":\"de\",\"potentialAction\":[{\"@type\":\"ReadAction\",\"target\":[\"https:\\\/\\\/papirol.si\\\/de\\\/produktsortiment\\\/wickel-verpackungs-und-formatpapiere\\\/havana\\\/\"]}]},{\"@type\":\"ImageObject\",\"inLanguage\":\"de\",\"@id\":\"https:\\\/\\\/papirol.si\\\/de\\\/produktsortiment\\\/wickel-verpackungs-und-formatpapiere\\\/havana\\\/#primaryimage\",\"url\":\"https:\\\/\\\/papirol.si\\\/wp-content\\\/uploads\\\/2019\\\/12\\\/Papir-v-formatu_r02xjqe2.png\",\"contentUrl\":\"https:\\\/\\\/papirol.si\\\/wp-content\\\/uploads\\\/2019\\\/12\\\/Papir-v-formatu_r02xjqe2.png\"},{\"@type\":\"BreadcrumbList\",\"@id\":\"https:\\\/\\\/papirol.si\\\/de\\\/produktsortiment\\\/wickel-verpackungs-und-formatpapiere\\\/havana\\\/#breadcrumb\",\"itemListElement\":[{\"@type\":\"ListItem\",\"position\":1,\"name\":\"Home\",\"item\":\"https:\\\/\\\/papirol.si\\\/\"},{\"@type\":\"ListItem\",\"position\":2,\"name\":\"Produktsortiment\",\"item\":\"https:\\\/\\\/papirol.si\\\/de\\\/produktsortiment\\\/\"},{\"@type\":\"ListItem\",\"position\":3,\"name\":\"Wickel, Verpackungs- und Formatpapiere\",\"item\":\"https:\\\/\\\/papirol.si\\\/de\\\/produktsortiment\\\/wickel-verpackungs-und-formatpapiere\\\/\"},{\"@type\":\"ListItem\",\"position\":4,\"name\":\"Havana\"}]},{\"@type\":\"WebSite\",\"@id\":\"https:\\\/\\\/papirol.si\\\/#website\",\"url\":\"https:\\\/\\\/papirol.si\\\/\",\"name\":\"Papirol\",\"description\":\"Obla\u010dimo va\u0161e izdelke \u017ee 36 let!\",\"publisher\":{\"@id\":\"https:\\\/\\\/papirol.si\\\/#organization\"},\"potentialAction\":[{\"@type\":\"SearchAction\",\"target\":{\"@type\":\"EntryPoint\",\"urlTemplate\":\"https:\\\/\\\/papirol.si\\\/?s={search_term_string}\"},\"query-input\":{\"@type\":\"PropertyValueSpecification\",\"valueRequired\":true,\"valueName\":\"search_term_string\"}}],\"inLanguage\":\"de\"},{\"@type\":\"Organization\",\"@id\":\"https:\\\/\\\/papirol.si\\\/#organization\",\"name\":\"Papirol\",\"url\":\"https:\\\/\\\/papirol.si\\\/\",\"logo\":{\"@type\":\"ImageObject\",\"inLanguage\":\"de\",\"@id\":\"https:\\\/\\\/papirol.si\\\/#\\\/schema\\\/logo\\\/image\\\/\",\"url\":\"https:\\\/\\\/papirol.si\\\/wp-content\\\/uploads\\\/2019\\\/12\\\/papirol-bela.png\",\"contentUrl\":\"https:\\\/\\\/papirol.si\\\/wp-content\\\/uploads\\\/2019\\\/12\\\/papirol-bela.png\",\"width\":400,\"height\":80,\"caption\":\"Papirol\"},\"image\":{\"@id\":\"https:\\\/\\\/papirol.si\\\/#\\\/schema\\\/logo\\\/image\\\/\"}}]}<\/script>\n<!-- \/ Yoast SEO plugin. -->","yoast_head_json":{"title":"Havanna | Papirol","robots":{"index":"index","follow":"follow","max-snippet":"max-snippet:-1","max-image-preview":"max-image-preview:large","max-video-preview":"max-video-preview:-1"},"canonical":"https:\/\/papirol.si\/de\/produktpalette\/wickel-verpackungs-und-formatpapiere\/havanna\/","og_locale":"de_DE","og_type":"article","og_title":"Havana | Papirol","og_description":"Havana Papier ist ein einschichtiges, fettdichtes Papier, das das Fett teilweise h\u00e4lt. Es wird haupts\u00e4chlich in der B\u00e4ckerei-,...","og_url":"https:\/\/papirol.si\/de\/produktpalette\/wickel-verpackungs-und-formatpapiere\/havanna\/","og_site_name":"Papirol","article_modified_time":"2020-07-10T08:35:56+00:00","og_image":[{"width":327,"height":219,"url":"https:\/\/papirol.si\/wp-content\/uploads\/2019\/12\/Papir-v-formatu_r02xjqe2.png","type":"image\/png"}],"twitter_card":"summary_large_image","twitter_misc":{"Gesch\u00e4tzte Lesezeit":"1\u00a0Minute"},"schema":{"@context":"https:\/\/schema.org","@graph":[{"@type":"WebPage","@id":"https:\/\/papirol.si\/de\/produktsortiment\/wickel-verpackungs-und-formatpapiere\/havana\/","url":"https:\/\/papirol.si\/de\/produktsortiment\/wickel-verpackungs-und-formatpapiere\/havana\/","name":"Havanna | Papirol","isPartOf":{"@id":"https:\/\/papirol.si\/#website"},"primaryImageOfPage":{"@id":"https:\/\/papirol.si\/de\/produktsortiment\/wickel-verpackungs-und-formatpapiere\/havana\/#primaryimage"},"image":{"@id":"https:\/\/papirol.si\/de\/produktsortiment\/wickel-verpackungs-und-formatpapiere\/havana\/#primaryimage"},"thumbnailUrl":"https:\/\/papirol.si\/wp-content\/uploads\/2019\/12\/Papir-v-formatu_r02xjqe2.png","datePublished":"2020-07-10T08:28:56+00:00","dateModified":"2020-07-10T08:35:56+00:00","breadcrumb":{"@id":"https:\/\/papirol.si\/de\/produktsortiment\/wickel-verpackungs-und-formatpapiere\/havana\/#breadcrumb"},"inLanguage":"de","potentialAction":[{"@type":"ReadAction","target":["https:\/\/papirol.si\/de\/produktsortiment\/wickel-verpackungs-und-formatpapiere\/havana\/"]}]},{"@type":"ImageObject","inLanguage":"de","@id":"https:\/\/papirol.si\/de\/produktsortiment\/wickel-verpackungs-und-formatpapiere\/havana\/#primaryimage","url":"https:\/\/papirol.si\/wp-content\/uploads\/2019\/12\/Papir-v-formatu_r02xjqe2.png","contentUrl":"https:\/\/papirol.si\/wp-content\/uploads\/2019\/12\/Papir-v-formatu_r02xjqe2.png"},{"@type":"BreadcrumbList","@id":"https:\/\/papirol.si\/de\/produktsortiment\/wickel-verpackungs-und-formatpapiere\/havana\/#breadcrumb","itemListElement":[{"@type":"ListItem","position":1,"name":"Home","item":"https:\/\/papirol.si\/"},{"@type":"ListItem","position":2,"name":"Produktsortiment","item":"https:\/\/papirol.si\/de\/produktsortiment\/"},{"@type":"ListItem","position":3,"name":"Wickel, Verpackungs- und Formatpapiere","item":"https:\/\/papirol.si\/de\/produktsortiment\/wickel-verpackungs-und-formatpapiere\/"},{"@type":"ListItem","position":4,"name":"Havana"}]},{"@type":"WebSite","@id":"https:\/\/papirol.si\/#website","url":"https:\/\/papirol.si\/","name":"Papirol","description":"Wir kleiden Ihre Produkte seit 36 Jahren ein!","publisher":{"@id":"https:\/\/papirol.si\/#organization"},"potentialAction":[{"@type":"SearchAction","target":{"@type":"EntryPoint","urlTemplate":"https:\/\/papirol.si\/?s={search_term_string}"},"query-input":{"@type":"PropertyValueSpecification","valueRequired":true,"valueName":"search_term_string"}}],"inLanguage":"de"},{"@type":"Organization","@id":"https:\/\/papirol.si\/#organization","name":"Papirol","url":"https:\/\/papirol.si\/","logo":{"@type":"ImageObject","inLanguage":"de","@id":"https:\/\/papirol.si\/#\/schema\/logo\/image\/","url":"https:\/\/papirol.si\/wp-content\/uploads\/2019\/12\/papirol-bela.png","contentUrl":"https:\/\/papirol.si\/wp-content\/uploads\/2019\/12\/papirol-bela.png","width":400,"height":80,"caption":"Papirol"},"image":{"@id":"https:\/\/papirol.si\/#\/schema\/logo\/image\/"}}]}},"_links":{"self":[{"href":"https:\/\/papirol.si\/de\/wp-json\/wp\/v2\/pages\/3787","targetHints":{"allow":["GET"]}}],"collection":[{"href":"https:\/\/papirol.si\/de\/wp-json\/wp\/v2\/pages"}],"about":[{"href":"https:\/\/papirol.si\/de\/wp-json\/wp\/v2\/types\/page"}],"author":[{"embeddable":true,"href":"https:\/\/papirol.si\/de\/wp-json\/wp\/v2\/users\/5"}],"replies":[{"embeddable":true,"href":"https:\/\/papirol.si\/de\/wp-json\/wp\/v2\/comments?post=3787"}],"version-history":[{"count":3,"href":"https:\/\/papirol.si\/de\/wp-json\/wp\/v2\/pages\/3787\/revisions"}],"predecessor-version":[{"id":3791,"href":"https:\/\/papirol.si\/de\/wp-json\/wp\/v2\/pages\/3787\/revisions\/3791"}],"up":[{"embeddable":true,"href":"https:\/\/papirol.si\/de\/wp-json\/wp\/v2\/pages\/3244"}],"wp:attachment":[{"href":"https:\/\/papirol.si\/de\/wp-json\/wp\/v2\/media?parent=3787"}],"curies":[{"name":"wp","href":"https:\/\/api.w.org\/{rel}","templated":true}]}}