{"id":3986,"date":"2023-05-05T15:49:14","date_gmt":"2023-05-05T13:49:14","guid":{"rendered":"https:\/\/papirol.si\/?page_id=3986"},"modified":"2023-05-10T11:17:56","modified_gmt":"2023-05-10T09:17:56","slug":"papierkafige-natur-und-weis-natur","status":"publish","type":"page","link":"https:\/\/papirol.si\/de\/prodajni-program\/papirne-kese-sa-cetvrtastim-dnom\/papirne-kese-natura-i-bela-natura\/","title":{"rendered":"Papierkuchen natur und wei\u00df natur"},"content":{"rendered":"<div data-elementor-type=\"wp-page\" data-elementor-id=\"3986\" class=\"elementor elementor-3986\" data-elementor-post-type=\"page\">\n\t\t\t\t\t\t<section class=\"elementor-section elementor-top-section elementor-element elementor-element-42377220 elementor-section-content-middle elementor-section-boxed elementor-section-height-default elementor-section-height-default\" data-id=\"42377220\" data-element_type=\"section\" data-e-type=\"section\" id=\"produkt-bio\" data-settings=\"{&quot;background_background&quot;:&quot;classic&quot;}\">\n\t\t\t\t\t\t<div class=\"elementor-container elementor-column-gap-default\">\n\t\t\t\t\t<div class=\"elementor-column elementor-col-50 elementor-top-column elementor-element elementor-element-19f4e227\" data-id=\"19f4e227\" data-element_type=\"column\" data-e-type=\"column\">\n\t\t\t<div class=\"elementor-widget-wrap elementor-element-populated\">\n\t\t\t\t\t\t<div class=\"elementor-element elementor-element-5c8680ea elementor-widget elementor-widget-image\" data-id=\"5c8680ea\" data-element_type=\"widget\" data-e-type=\"widget\" data-widget_type=\"image.default\">\n\t\t\t\t\t\t\t\t\t\t\t\t\t\t\t<img fetchpriority=\"high\" decoding=\"async\" width=\"940\" height=\"923\" src=\"https:\/\/papirol.si\/wp-content\/uploads\/2020\/01\/moka-N_B.jpg\" class=\"attachment-large size-large wp-image-2411\" alt=\"Papiermehls\u00e4cke\" srcset=\"https:\/\/papirol.si\/wp-content\/uploads\/2020\/01\/moka-N_B.jpg 1000w, https:\/\/papirol.si\/wp-content\/uploads\/2020\/01\/moka-N_B-300x295.jpg 300w, https:\/\/papirol.si\/wp-content\/uploads\/2020\/01\/moka-N_B-768x754.jpg 768w, https:\/\/papirol.si\/wp-content\/uploads\/2020\/01\/moka-N_B-285x280.jpg 285w, https:\/\/papirol.si\/wp-content\/uploads\/2020\/01\/moka-N_B-660x648.jpg 660w, https:\/\/papirol.si\/wp-content\/uploads\/2020\/01\/moka-N_B-150x147.jpg 150w\" sizes=\"(max-width: 940px) 100vw, 940px\" \/>\t\t\t\t\t\t\t\t\t\t\t\t\t\t\t<\/div>\n\t\t\t\t<div class=\"elementor-element elementor-element-26ae2b2 elementor-widget elementor-widget-image\" data-id=\"26ae2b2\" data-element_type=\"widget\" data-e-type=\"widget\" data-widget_type=\"image.default\">\n\t\t\t\t\t\t\t\t\t\t\t\t\t\t\t<img decoding=\"async\" width=\"1024\" height=\"1536\" src=\"https:\/\/papirol.si\/wp-content\/uploads\/2020\/03\/moka-B_1kg-1024x1536.jpg\" class=\"attachment-1536x1536 size-1536x1536 wp-image-2865\" alt=\"\" srcset=\"https:\/\/papirol.si\/wp-content\/uploads\/2020\/03\/moka-B_1kg-1024x1536.jpg 1024w, https:\/\/papirol.si\/wp-content\/uploads\/2020\/03\/moka-B_1kg-200x300.jpg 200w, https:\/\/papirol.si\/wp-content\/uploads\/2020\/03\/moka-B_1kg-683x1024.jpg 683w, https:\/\/papirol.si\/wp-content\/uploads\/2020\/03\/moka-B_1kg-768x1152.jpg 768w, https:\/\/papirol.si\/wp-content\/uploads\/2020\/03\/moka-B_1kg-1365x2048.jpg 1365w, https:\/\/papirol.si\/wp-content\/uploads\/2020\/03\/moka-B_1kg-285x428.jpg 285w, https:\/\/papirol.si\/wp-content\/uploads\/2020\/03\/moka-B_1kg-1600x2400.jpg 1600w, https:\/\/papirol.si\/wp-content\/uploads\/2020\/03\/moka-B_1kg-440x660.jpg 440w, https:\/\/papirol.si\/wp-content\/uploads\/2020\/03\/moka-B_1kg-100x150.jpg 100w, https:\/\/papirol.si\/wp-content\/uploads\/2020\/03\/moka-B_1kg-scaled.jpg 1707w\" sizes=\"(max-width: 1024px) 100vw, 1024px\" \/>\t\t\t\t\t\t\t\t\t\t\t\t\t\t\t<\/div>\n\t\t\t\t<div class=\"elementor-element elementor-element-059580b elementor-widget elementor-widget-image\" data-id=\"059580b\" data-element_type=\"widget\" data-e-type=\"widget\" data-widget_type=\"image.default\">\n\t\t\t\t\t\t\t\t\t\t\t\t\t\t\t<img decoding=\"async\" width=\"768\" height=\"1239\" src=\"https:\/\/papirol.si\/wp-content\/uploads\/2020\/02\/vre\u010dka-za-moko-skica-768x1239.jpg\" class=\"attachment-medium_large size-medium_large wp-image-2665\" alt=\"Papiermehls\u00e4cke\" srcset=\"https:\/\/papirol.si\/wp-content\/uploads\/2020\/02\/vre\u010dka-za-moko-skica-768x1239.jpg 768w, https:\/\/papirol.si\/wp-content\/uploads\/2020\/02\/vre\u010dka-za-moko-skica-186x300.jpg 186w, https:\/\/papirol.si\/wp-content\/uploads\/2020\/02\/vre\u010dka-za-moko-skica-635x1024.jpg 635w, https:\/\/papirol.si\/wp-content\/uploads\/2020\/02\/vre\u010dka-za-moko-skica-285x460.jpg 285w, https:\/\/papirol.si\/wp-content\/uploads\/2020\/02\/vre\u010dka-za-moko-skica-409x660.jpg 409w, https:\/\/papirol.si\/wp-content\/uploads\/2020\/02\/vre\u010dka-za-moko-skica-93x150.jpg 93w, https:\/\/papirol.si\/wp-content\/uploads\/2020\/02\/vre\u010dka-za-moko-skica.jpg 950w\" sizes=\"(max-width: 768px) 100vw, 768px\" \/>\t\t\t\t\t\t\t\t\t\t\t\t\t\t\t<\/div>\n\t\t\t\t\t<\/div>\n\t\t<\/div>\n\t\t\t\t<div class=\"elementor-column elementor-col-50 elementor-top-column elementor-element elementor-element-51be8a13\" data-id=\"51be8a13\" data-element_type=\"column\" data-e-type=\"column\">\n\t\t\t<div class=\"elementor-widget-wrap elementor-element-populated\">\n\t\t\t\t\t\t<div class=\"elementor-element elementor-element-4274db45 elementor-widget elementor-widget-text-editor\" data-id=\"4274db45\" data-element_type=\"widget\" data-e-type=\"widget\" data-widget_type=\"text-editor.default\">\n\t\t\t\t\t\t\t\t\t<p>Die Abmessungen meiner Viertelboden-Papierschachteln bestehen aus einlagigem, dickerem oder wei\u00df beschichtetem Papier; mehr als doppellagiges Papier.<\/p><p>Sie sind die mittlere Wahl zwischen den klassischen Taschen mit flachem Boden und den Handgep\u00e4ckst\u00fccken.<\/p><p>Das kompaktere Papier l\u00e4sst sich leichter stanzen und h\u00e4lt gut im Regal.<\/p><p>Meine F\u00e4sser sind f\u00fcr das Stanzen von verschiedenen Arten von gemahlenen Erbsen, Brezeln, Gew\u00fcrz-Bilju,... mehr sind f\u00fcr die Lagerung von Erbsen, Getreide und Samen, sowie f\u00fcr die Lagerung von Kohle und anderen Produkten beauftragt.<\/p><p>Sie sind mit B\u00e4ndern, Aufklebern oder N\u00e4hten zu sichern; weitere sind mit Aufklebern oder N\u00e4hten zu sichern.<\/p><p>Nicht-Tampons sind in der Regel an der Lagune erh\u00e4ltlich, wenn auch in kleineren Mengen.<\/p><p>Es eignet sich auch hervorragend als Ambala\u017ea zum Einsalzen bestimmter Produkte in Online-Shops (als Alternative zum Kochen).<\/p>\t\t\t\t\t\t\t\t<\/div>\n\t\t\t\t<div class=\"elementor-element elementor-element-1734093e elementor-widget elementor-widget-text-editor\" data-id=\"1734093e\" data-element_type=\"widget\" data-e-type=\"widget\" id=\"tisk-box\" data-widget_type=\"text-editor.default\">\n\t\t\t\t\t\t\t\t\t<h2>Stempel auf kesama<\/h2><p>Wir stempeln Papierschnitte in eine oder mehrere qualitativ hochwertige Bojen.<\/p><p>Die Pr\u00e4gung ist gleichzeitig mit der Erstellung des Ger\u00fcsts m\u00f6glich, so dass die gesamte Oberfl\u00e4che des Ger\u00fcsts, einschlie\u00dflich der Unterseite des Ger\u00fcsts, und optional auch die Au\u00dfenseite des Ger\u00fcsts gepr\u00e4gt werden kann.<\/p><p>Die M\u00f6glichkeit, auf vorgefertigten Pressen zu stanzen, was das Stanzen kleinerer Mengen erm\u00f6glicht.<\/p><p><strong>Stanztechniken:<\/strong><\/p><ul><li><p>Hochwertige Flexo-Stempel mit Linien auf verschiedenen Papiersorten<\/p><\/li><li><p>ein hochwertiges Sieb oder ein Flexo-Stempel auf allen Papiersorten<\/p><\/li><\/ul><p><strong>Stampa:<\/strong><\/p><ul><li><p>einen zusammenh\u00e4ngenden oder h\u00f6her positionierten Stempel auf einer oder beiden Seiten<\/p><\/li><li><p>auf der gesamten Oberfl\u00e4che, auf einer oder beiden Seiten, einschlie\u00dflich der Seiten und der Unterseite der Sense<\/p><\/li><\/ul>\t\t\t\t\t\t\t\t<\/div>\n\t\t\t\t<div class=\"elementor-element elementor-element-e28ae18 elementor-widget elementor-widget-image\" data-id=\"e28ae18\" data-element_type=\"widget\" data-e-type=\"widget\" data-widget_type=\"image.default\">\n\t\t\t\t\t\t\t\t\t\t\t\t\t\t\t<img loading=\"lazy\" decoding=\"async\" width=\"768\" height=\"512\" src=\"https:\/\/papirol.si\/wp-content\/uploads\/2020\/03\/moka-N-768x512.jpg\" class=\"attachment-medium_large size-medium_large wp-image-2866\" alt=\"\" srcset=\"https:\/\/papirol.si\/wp-content\/uploads\/2020\/03\/moka-N-768x512.jpg 768w, https:\/\/papirol.si\/wp-content\/uploads\/2020\/03\/moka-N-300x200.jpg 300w, https:\/\/papirol.si\/wp-content\/uploads\/2020\/03\/moka-N-1024x683.jpg 1024w, https:\/\/papirol.si\/wp-content\/uploads\/2020\/03\/moka-N-1536x1024.jpg 1536w, https:\/\/papirol.si\/wp-content\/uploads\/2020\/03\/moka-N-2048x1365.jpg 2048w, https:\/\/papirol.si\/wp-content\/uploads\/2020\/03\/moka-N-285x190.jpg 285w, https:\/\/papirol.si\/wp-content\/uploads\/2020\/03\/moka-N-1600x1067.jpg 1600w, https:\/\/papirol.si\/wp-content\/uploads\/2020\/03\/moka-N-660x440.jpg 660w, https:\/\/papirol.si\/wp-content\/uploads\/2020\/03\/moka-N-150x100.jpg 150w\" sizes=\"(max-width: 768px) 100vw, 768px\" \/>\t\t\t\t\t\t\t\t\t\t\t\t\t\t\t<\/div>\n\t\t\t\t\t<\/div>\n\t\t<\/div>\n\t\t\t\t\t<\/div>\n\t\t<\/section>\n\t\t\t\t<section class=\"elementor-section elementor-top-section elementor-element elementor-element-f11247f elementor-section-boxed elementor-section-height-default elementor-section-height-default\" data-id=\"f11247f\" data-element_type=\"section\" data-e-type=\"section\" id=\"product-bio-tbl\" data-settings=\"{&quot;background_background&quot;:&quot;classic&quot;}\">\n\t\t\t\t\t\t<div class=\"elementor-container elementor-column-gap-default\">\n\t\t\t\t\t<div class=\"elementor-column elementor-col-100 elementor-top-column elementor-element elementor-element-21ce687\" data-id=\"21ce687\" data-element_type=\"column\" data-e-type=\"column\">\n\t\t\t<div class=\"elementor-widget-wrap elementor-element-populated\">\n\t\t\t\t\t\t<div class=\"elementor-element elementor-element-1b549f9 elementor-widget elementor-widget-text-editor\" data-id=\"1b549f9\" data-element_type=\"widget\" data-e-type=\"widget\" data-widget_type=\"text-editor.default\">\n\t\t\t\t\t\t\t\t\t<table data-minrequestedwidth=\"445.3109130859375\" data-computedwidth=\"445.3109130859375\"><tbody><tr><td class=\"imVc\"><div class=\"imTACenter\"><b class=\"fs11lh1-5\">Name des Produkts<\/b><\/div><\/td><td class=\"imVc\"><div class=\"imTACenter\"><b class=\"fs11lh1-5\">Standard-Anmerkung<\/b><\/div><\/td><td class=\"imVc\"><div class=\"imTACenter\"><b class=\"fs11lh1-5\">Verpackung<\/b><\/div><\/td><\/tr><tr><td class=\"imVc\"><div class=\"imTACenter\"><span class=\"fs11lh1-5 ff1\">47100 Natur 1\/2 m\/N<\/span><\/div><\/td><td class=\"imVc\"><div class=\"imTACenter\"><span class=\"fs11lh1-5 ff1\">9,5 + 4,5 x 26 cm<\/span><\/div><\/td><td class=\"imVc\"><div class=\"imTACenter\"><span class=\"fs11lh1-5 ff1\">1000\/100 St\u00fcck<\/span><\/div><\/td><\/tr><tr><td class=\"imVc\"><div class=\"imTACenter\"><span class=\"fs11lh1-5 ff1\">47100 Wei\u00df natur 1\/2 m\/B<\/span><\/div><\/td><td class=\"imVc\"><div class=\"imTACenter\"><span class=\"fs11lh1-5 ff1\">9,5 + 4,5 x 26 cm<\/span><\/div><\/td><td class=\"imVc\"><div class=\"imTACenter\"><span class=\"fs11lh1-5 ff1\">1000\/100 St\u00fcck<\/span><\/div><\/td><\/tr><tr><td class=\"imVc\"><div class=\"imTACenter\"><span class=\"fs11lh1-5 ff1\">47101 Natur 1 m\/N<\/span><\/div><\/td><td class=\"imVc\"><div class=\"imTACenter\"><span class=\"fs11lh1-5 ff1\">12 + 6 x 26 cm<\/span><\/div><\/td><td class=\"imVc\"><div class=\"imTACenter\"><span class=\"fs11lh1-5 ff1\">1000\/100 St\u00fcck<\/span><\/div><\/td><\/tr><tr><td class=\"imVc\"><div class=\"imTACenter\"><span class=\"fs11lh1-5 ff1\">47101 Wei\u00df natur 1 m\/B<\/span><\/div><\/td><td class=\"imVc\"><div class=\"imTACenter\"><span class=\"fs11lh1-5 ff1\">12 + 6 x 26 cm<\/span><\/div><\/td><td class=\"imVc\"><div class=\"imTACenter\"><span class=\"fs11lh1-5 ff1\">1000\/100 St\u00fcck<\/span><\/div><\/td><\/tr><tr><td class=\"imVc\"><div class=\"imTACenter\"><span class=\"fs11lh1-5 ff1\">47102 Natur 2 m\/N<\/span><\/div><\/td><td class=\"imVc\"><div class=\"imTACenter\"><span class=\"fs11lh1-5 ff1\">14 + 8 x 34 cm<\/span><\/div><\/td><td class=\"imVc\"><div class=\"imTACenter\"><span class=\"fs11lh1-5 ff1\">1000\/100 St\u00fcck<\/span><\/div><\/td><\/tr><tr><td class=\"imVc\"><div class=\"imTACenter\"><span class=\"fs11lh1-5 ff1\">47102 Wei\u00df natur 2 m\/B<\/span><\/div><\/td><td class=\"imVc\"><div class=\"imTACenter\"><span class=\"fs11lh1-5 ff1\">14 + 8 x 34 cm<\/span><\/div><\/td><td class=\"imVc\"><div class=\"imTACenter\"><span class=\"fs11lh1-5 ff1\">1000\/100 St\u00fcck<\/span><\/div><\/td><\/tr><tr><td class=\"imVc\"><div class=\"imTACenter\"><span class=\"fs11lh1-5 ff1\">47105 Natur 5 m\/N<\/span><\/div><\/td><td class=\"imVc\"><div class=\"imTACenter\"><span class=\"fs11lh1-5 ff1\">16 + 12 x 45 cm<\/span><\/div><\/td><td class=\"imVc\"><div class=\"imTACenter\"><span class=\"fs11lh1-5 ff1\">\u00a0 400\/100 St\u00fcck<\/span><\/div><\/td><\/tr><tr><td class=\"imVc\"><div class=\"imTACenter\"><span class=\"fs11lh1-5 ff1\">471010 Natur 10 m\/N<\/span><\/div><\/td><td class=\"imVc\"><div class=\"imTACenter\"><span class=\"fs11lh1-5 ff1\">24 + 12 x 50 cm<\/span><\/div><\/td><td class=\"imVc\"><div class=\"imTACenter\"><span class=\"fs11lh1-5 ff1\">\u00a0 200\/100 St\u00fcck<\/span><\/div><\/td><\/tr><tr><td class=\"imVc\"><div class=\"imTACenter\"><span class=\"fs11lh1-5 ff1\">471025 Natur 25 m\/N<\/span><\/div><\/td><td class=\"imVc\"><div class=\"imTACenter\"><span class=\"fs11lh1-5 ff1\">55 + 14 x 77 cm<\/span><\/div><\/td><td class=\"imVc\"><div class=\"imTACenter\"><span class=\"fs11lh1-5 ff1\">\u00a0 100\/50 St\u00fcck<\/span><\/div><\/td><\/tr><tr><td class=\"imVc\"><div class=\"imTACenter\"><span class=\"fs11lh1-5 ff1\">471050 Natur 50 m\/N<\/span><\/div><\/td><td class=\"imVc\"><div class=\"imTACenter\"><span class=\"fs11lh1-5 ff1\">55 + 14 x 110 cm<\/span><\/div><\/td><td class=\"imVc\"><div class=\"imTACenter\"><span class=\"fs11lh1-5 ff1\">\u00a0 100\/50 St\u00fcck<\/span><\/div><\/td><\/tr><\/tbody><\/table>\t\t\t\t\t\t\t\t<\/div>\n\t\t\t\t\t<\/div>\n\t\t<\/div>\n\t\t\t\t\t<\/div>\n\t\t<\/section>\n\t\t\t\t<section class=\"elementor-section elementor-top-section elementor-element elementor-element-33bc7a0a elementor-section-boxed elementor-section-height-default elementor-section-height-default\" data-id=\"33bc7a0a\" data-element_type=\"section\" data-e-type=\"section\" id=\"povp-sect\" data-settings=\"{&quot;background_background&quot;:&quot;classic&quot;}\">\n\t\t\t\t\t\t\t<div class=\"elementor-background-overlay\"><\/div>\n\t\t\t\t\t\t\t<div class=\"elementor-container elementor-column-gap-default\">\n\t\t\t\t\t<div class=\"elementor-column elementor-col-100 elementor-top-column elementor-element elementor-element-5f55f2d5\" data-id=\"5f55f2d5\" data-element_type=\"column\" data-e-type=\"column\">\n\t\t\t<div class=\"elementor-widget-wrap elementor-element-populated\">\n\t\t\t\t\t\t<div class=\"elementor-element elementor-element-3e2bde6e elementor-widget elementor-widget-heading\" data-id=\"3e2bde6e\" data-element_type=\"widget\" data-e-type=\"widget\" data-widget_type=\"heading.default\">\n\t\t\t\t\t<h2 class=\"elementor-heading-title elementor-size-default elementor-heading-title elementor-align-after-center\">Profitieren Sie von organischen\nattraktivem Ambala\u017eu!<\/h2>\t\t\t\t<\/div>\n\t\t\t\t<div class=\"elementor-element elementor-element-2264df49 elementor-widget elementor-widget-sm-default-button\" data-id=\"2264df49\" data-element_type=\"widget\" data-e-type=\"widget\" data-widget_type=\"sm-default-button.default\">\n\t\t\t\t<div class=\"elementor-widget-container\">\n\t\t\t\t\t\n\t\t\t\t<a   href=\"https:\/\/papirol.si\/de\/potraznja\/papirne-kese-sa-cetvrtastim-dnom\/\" class=\"btn\">Der Spa\u00df ist vorbei<i class=\"ti ti-arrow-right\"><\/i><\/a>\n\t\t\n\t\t\t\t\t<\/div>\n\t\t\t\t<\/div>\n\t\t\t\t\t<\/div>\n\t\t<\/div>\n\t\t\t\t\t<\/div>\n\t\t<\/section>\n\t\t\t\t<\/div>","protected":false},"excerpt":{"rendered":"<p>Manje dimenzije papirnih kesa sa \u010detvrtastim dnom su napravljene od jednoslojnog debljeg sme\u0111eg ili belog natron papira; vec\u0301e&#8230;<\/p>","protected":false},"author":5,"featured_media":0,"parent":3932,"menu_order":0,"comment_status":"closed","ping_status":"closed","template":"elementor_header_footer","meta":{"footnotes":""},"class_list":["post-3986","page","type-page","status-publish","hentry"],"yoast_head":"<!-- This site is optimized with the Yoast SEO plugin v27.3 - https:\/\/yoast.com\/product\/yoast-seo-wordpress\/ -->\n<title>Papirne kese natura i bela natura | Papirol<\/title>\n<meta name=\"robots\" content=\"index, follow, max-snippet:-1, max-image-preview:large, max-video-preview:-1\" \/>\n<link rel=\"canonical\" href=\"https:\/\/papirol.si\/de\/verkaufsprogramm\/papiersacke-mit-viertelboden\/papierkafige-natur-und-weis-natur\/\" \/>\n<meta property=\"og:locale\" content=\"de_DE\" \/>\n<meta property=\"og:type\" content=\"article\" \/>\n<meta property=\"og:title\" content=\"Papirne kese natura i bela natura | Papirol\" \/>\n<meta property=\"og:description\" content=\"Manje dimenzije papirnih kesa sa \u010detvrtastim dnom su napravljene od jednoslojnog debljeg sme\u0111eg ili belog natron papira; vec\u0301e...\" \/>\n<meta property=\"og:url\" content=\"https:\/\/papirol.si\/de\/verkaufsprogramm\/papiersacke-mit-viertelboden\/papierkafige-natur-und-weis-natur\/\" \/>\n<meta property=\"og:site_name\" content=\"Papirol\" \/>\n<meta property=\"article:modified_time\" content=\"2023-05-10T09:17:56+00:00\" \/>\n<meta property=\"og:image\" content=\"https:\/\/papirol.si\/wp-content\/uploads\/2020\/01\/moka-N_B.jpg\" \/>\n\t<meta property=\"og:image:width\" content=\"1000\" \/>\n\t<meta property=\"og:image:height\" content=\"982\" \/>\n\t<meta property=\"og:image:type\" content=\"image\/jpeg\" \/>\n<meta name=\"twitter:card\" content=\"summary_large_image\" \/>\n<meta name=\"twitter:label1\" content=\"Gesch\u00e4tzte Lesezeit\" \/>\n\t<meta name=\"twitter:data1\" content=\"2\u00a0Minuten\" \/>\n<script type=\"application\/ld+json\" class=\"yoast-schema-graph\">{\"@context\":\"https:\\\/\\\/schema.org\",\"@graph\":[{\"@type\":\"WebPage\",\"@id\":\"https:\\\/\\\/papirol.si\\\/sr\\\/prodajni-program\\\/papirne-kese-sa-cetvrtastim-dnom\\\/papirne-kese-natura-i-bela-natura\\\/\",\"url\":\"https:\\\/\\\/papirol.si\\\/sr\\\/prodajni-program\\\/papirne-kese-sa-cetvrtastim-dnom\\\/papirne-kese-natura-i-bela-natura\\\/\",\"name\":\"Papirne kese natura i bela natura | Papirol\",\"isPartOf\":{\"@id\":\"https:\\\/\\\/papirol.si\\\/#website\"},\"primaryImageOfPage\":{\"@id\":\"https:\\\/\\\/papirol.si\\\/sr\\\/prodajni-program\\\/papirne-kese-sa-cetvrtastim-dnom\\\/papirne-kese-natura-i-bela-natura\\\/#primaryimage\"},\"image\":{\"@id\":\"https:\\\/\\\/papirol.si\\\/sr\\\/prodajni-program\\\/papirne-kese-sa-cetvrtastim-dnom\\\/papirne-kese-natura-i-bela-natura\\\/#primaryimage\"},\"thumbnailUrl\":\"https:\\\/\\\/papirol.si\\\/wp-content\\\/uploads\\\/2020\\\/01\\\/moka-N_B.jpg\",\"datePublished\":\"2023-05-05T13:49:14+00:00\",\"dateModified\":\"2023-05-10T09:17:56+00:00\",\"breadcrumb\":{\"@id\":\"https:\\\/\\\/papirol.si\\\/sr\\\/prodajni-program\\\/papirne-kese-sa-cetvrtastim-dnom\\\/papirne-kese-natura-i-bela-natura\\\/#breadcrumb\"},\"inLanguage\":\"de\",\"potentialAction\":[{\"@type\":\"ReadAction\",\"target\":[\"https:\\\/\\\/papirol.si\\\/sr\\\/prodajni-program\\\/papirne-kese-sa-cetvrtastim-dnom\\\/papirne-kese-natura-i-bela-natura\\\/\"]}]},{\"@type\":\"ImageObject\",\"inLanguage\":\"de\",\"@id\":\"https:\\\/\\\/papirol.si\\\/sr\\\/prodajni-program\\\/papirne-kese-sa-cetvrtastim-dnom\\\/papirne-kese-natura-i-bela-natura\\\/#primaryimage\",\"url\":\"https:\\\/\\\/papirol.si\\\/wp-content\\\/uploads\\\/2020\\\/01\\\/moka-N_B.jpg\",\"contentUrl\":\"https:\\\/\\\/papirol.si\\\/wp-content\\\/uploads\\\/2020\\\/01\\\/moka-N_B.jpg\"},{\"@type\":\"BreadcrumbList\",\"@id\":\"https:\\\/\\\/papirol.si\\\/sr\\\/prodajni-program\\\/papirne-kese-sa-cetvrtastim-dnom\\\/papirne-kese-natura-i-bela-natura\\\/#breadcrumb\",\"itemListElement\":[{\"@type\":\"ListItem\",\"position\":1,\"name\":\"Home\",\"item\":\"https:\\\/\\\/papirol.si\\\/\"},{\"@type\":\"ListItem\",\"position\":2,\"name\":\"Prodajni program\",\"item\":\"https:\\\/\\\/papirol.si\\\/sr\\\/prodajni-program\\\/\"},{\"@type\":\"ListItem\",\"position\":3,\"name\":\"Papirne kese sa \u010detvrtastim dnom\",\"item\":\"https:\\\/\\\/papirol.si\\\/sr\\\/prodajni-program\\\/papirne-kese-sa-cetvrtastim-dnom\\\/\"},{\"@type\":\"ListItem\",\"position\":4,\"name\":\"Papirne kese natura i bela natura\"}]},{\"@type\":\"WebSite\",\"@id\":\"https:\\\/\\\/papirol.si\\\/#website\",\"url\":\"https:\\\/\\\/papirol.si\\\/\",\"name\":\"Papirol\",\"description\":\"Obla\u010dimo va\u0161e izdelke \u017ee 36 let!\",\"publisher\":{\"@id\":\"https:\\\/\\\/papirol.si\\\/#organization\"},\"potentialAction\":[{\"@type\":\"SearchAction\",\"target\":{\"@type\":\"EntryPoint\",\"urlTemplate\":\"https:\\\/\\\/papirol.si\\\/?s={search_term_string}\"},\"query-input\":{\"@type\":\"PropertyValueSpecification\",\"valueRequired\":true,\"valueName\":\"search_term_string\"}}],\"inLanguage\":\"de\"},{\"@type\":\"Organization\",\"@id\":\"https:\\\/\\\/papirol.si\\\/#organization\",\"name\":\"Papirol\",\"url\":\"https:\\\/\\\/papirol.si\\\/\",\"logo\":{\"@type\":\"ImageObject\",\"inLanguage\":\"de\",\"@id\":\"https:\\\/\\\/papirol.si\\\/#\\\/schema\\\/logo\\\/image\\\/\",\"url\":\"https:\\\/\\\/papirol.si\\\/wp-content\\\/uploads\\\/2019\\\/12\\\/papirol-bela.png\",\"contentUrl\":\"https:\\\/\\\/papirol.si\\\/wp-content\\\/uploads\\\/2019\\\/12\\\/papirol-bela.png\",\"width\":400,\"height\":80,\"caption\":\"Papirol\"},\"image\":{\"@id\":\"https:\\\/\\\/papirol.si\\\/#\\\/schema\\\/logo\\\/image\\\/\"}}]}<\/script>\n<!-- \/ Yoast SEO plugin. -->","yoast_head_json":{"title":"Papierkuchen natura und bela natura | Papirol","robots":{"index":"index","follow":"follow","max-snippet":"max-snippet:-1","max-image-preview":"max-image-preview:large","max-video-preview":"max-video-preview:-1"},"canonical":"https:\/\/papirol.si\/de\/verkaufsprogramm\/papiersacke-mit-viertelboden\/papierkafige-natur-und-weis-natur\/","og_locale":"de_DE","og_type":"article","og_title":"Papirne kese natura i bela natura | Papirol","og_description":"Manje dimenzije papirnih kesa sa \u010detvrtastim dnom su napravljene od jednoslojnog debljeg sme\u0111eg ili belog natron papira; vec\u0301e...","og_url":"https:\/\/papirol.si\/de\/verkaufsprogramm\/papiersacke-mit-viertelboden\/papierkafige-natur-und-weis-natur\/","og_site_name":"Papirol","article_modified_time":"2023-05-10T09:17:56+00:00","og_image":[{"width":1000,"height":982,"url":"https:\/\/papirol.si\/wp-content\/uploads\/2020\/01\/moka-N_B.jpg","type":"image\/jpeg"}],"twitter_card":"summary_large_image","twitter_misc":{"Gesch\u00e4tzte Lesezeit":"2\u00a0Minuten"},"schema":{"@context":"https:\/\/schema.org","@graph":[{"@type":"WebPage","@id":"https:\/\/papirol.si\/sr\/prodajni-program\/papirne-kese-sa-cetvrtastim-dnom\/papirne-kese-natura-i-bela-natura\/","url":"https:\/\/papirol.si\/sr\/prodajni-program\/papirne-kese-sa-cetvrtastim-dnom\/papirne-kese-natura-i-bela-natura\/","name":"Papierkuchen natura und bela natura | Papirol","isPartOf":{"@id":"https:\/\/papirol.si\/#website"},"primaryImageOfPage":{"@id":"https:\/\/papirol.si\/sr\/prodajni-program\/papirne-kese-sa-cetvrtastim-dnom\/papirne-kese-natura-i-bela-natura\/#primaryimage"},"image":{"@id":"https:\/\/papirol.si\/sr\/prodajni-program\/papirne-kese-sa-cetvrtastim-dnom\/papirne-kese-natura-i-bela-natura\/#primaryimage"},"thumbnailUrl":"https:\/\/papirol.si\/wp-content\/uploads\/2020\/01\/moka-N_B.jpg","datePublished":"2023-05-05T13:49:14+00:00","dateModified":"2023-05-10T09:17:56+00:00","breadcrumb":{"@id":"https:\/\/papirol.si\/sr\/prodajni-program\/papirne-kese-sa-cetvrtastim-dnom\/papirne-kese-natura-i-bela-natura\/#breadcrumb"},"inLanguage":"de","potentialAction":[{"@type":"ReadAction","target":["https:\/\/papirol.si\/sr\/prodajni-program\/papirne-kese-sa-cetvrtastim-dnom\/papirne-kese-natura-i-bela-natura\/"]}]},{"@type":"ImageObject","inLanguage":"de","@id":"https:\/\/papirol.si\/sr\/prodajni-program\/papirne-kese-sa-cetvrtastim-dnom\/papirne-kese-natura-i-bela-natura\/#primaryimage","url":"https:\/\/papirol.si\/wp-content\/uploads\/2020\/01\/moka-N_B.jpg","contentUrl":"https:\/\/papirol.si\/wp-content\/uploads\/2020\/01\/moka-N_B.jpg"},{"@type":"BreadcrumbList","@id":"https:\/\/papirol.si\/sr\/prodajni-program\/papirne-kese-sa-cetvrtastim-dnom\/papirne-kese-natura-i-bela-natura\/#breadcrumb","itemListElement":[{"@type":"ListItem","position":1,"name":"Home","item":"https:\/\/papirol.si\/"},{"@type":"ListItem","position":2,"name":"Prodajni program","item":"https:\/\/papirol.si\/sr\/prodajni-program\/"},{"@type":"ListItem","position":3,"name":"Papirne kese sa \u010detvrtastim dnom","item":"https:\/\/papirol.si\/sr\/prodajni-program\/papirne-kese-sa-cetvrtastim-dnom\/"},{"@type":"ListItem","position":4,"name":"Papirne kese natura i bela natura"}]},{"@type":"WebSite","@id":"https:\/\/papirol.si\/#website","url":"https:\/\/papirol.si\/","name":"Papirol","description":"Wir kleiden Ihre Produkte seit 36 Jahren ein!","publisher":{"@id":"https:\/\/papirol.si\/#organization"},"potentialAction":[{"@type":"SearchAction","target":{"@type":"EntryPoint","urlTemplate":"https:\/\/papirol.si\/?s={search_term_string}"},"query-input":{"@type":"PropertyValueSpecification","valueRequired":true,"valueName":"search_term_string"}}],"inLanguage":"de"},{"@type":"Organization","@id":"https:\/\/papirol.si\/#organization","name":"Papirol","url":"https:\/\/papirol.si\/","logo":{"@type":"ImageObject","inLanguage":"de","@id":"https:\/\/papirol.si\/#\/schema\/logo\/image\/","url":"https:\/\/papirol.si\/wp-content\/uploads\/2019\/12\/papirol-bela.png","contentUrl":"https:\/\/papirol.si\/wp-content\/uploads\/2019\/12\/papirol-bela.png","width":400,"height":80,"caption":"Papirol"},"image":{"@id":"https:\/\/papirol.si\/#\/schema\/logo\/image\/"}}]}},"_links":{"self":[{"href":"https:\/\/papirol.si\/de\/wp-json\/wp\/v2\/pages\/3986","targetHints":{"allow":["GET"]}}],"collection":[{"href":"https:\/\/papirol.si\/de\/wp-json\/wp\/v2\/pages"}],"about":[{"href":"https:\/\/papirol.si\/de\/wp-json\/wp\/v2\/types\/page"}],"author":[{"embeddable":true,"href":"https:\/\/papirol.si\/de\/wp-json\/wp\/v2\/users\/5"}],"replies":[{"embeddable":true,"href":"https:\/\/papirol.si\/de\/wp-json\/wp\/v2\/comments?post=3986"}],"version-history":[{"count":5,"href":"https:\/\/papirol.si\/de\/wp-json\/wp\/v2\/pages\/3986\/revisions"}],"predecessor-version":[{"id":4268,"href":"https:\/\/papirol.si\/de\/wp-json\/wp\/v2\/pages\/3986\/revisions\/4268"}],"up":[{"embeddable":true,"href":"https:\/\/papirol.si\/de\/wp-json\/wp\/v2\/pages\/3932"}],"wp:attachment":[{"href":"https:\/\/papirol.si\/de\/wp-json\/wp\/v2\/media?parent=3986"}],"curies":[{"name":"wp","href":"https:\/\/api.w.org\/{rel}","templated":true}]}}