{"id":4021,"date":"2023-05-08T10:11:54","date_gmt":"2023-05-08T08:11:54","guid":{"rendered":"https:\/\/papirol.si\/?page_id=4021"},"modified":"2023-05-10T11:23:05","modified_gmt":"2023-05-10T09:23:05","slug":"natura-tragetaschen-mit-flachem-rucken","status":"publish","type":"page","link":"https:\/\/papirol.si\/de\/prodajni-program\/papirne-kese-za-nosenje\/kese-za-nosenje-natura-sa-ravnom-ruckom\/","title":{"rendered":"Tragetaschen mit flachem Griff"},"content":{"rendered":"<div data-elementor-type=\"wp-page\" data-elementor-id=\"4021\" class=\"elementor elementor-4021\" data-elementor-post-type=\"page\">\n\t\t\t\t\t\t<section class=\"elementor-section elementor-top-section elementor-element elementor-element-1bea4e2a elementor-section-content-middle elementor-section-boxed elementor-section-height-default elementor-section-height-default\" data-id=\"1bea4e2a\" data-element_type=\"section\" data-e-type=\"section\" id=\"produkt-bio\" data-settings=\"{&quot;background_background&quot;:&quot;classic&quot;}\">\n\t\t\t\t\t\t<div class=\"elementor-container elementor-column-gap-default\">\n\t\t\t\t\t<div class=\"elementor-column elementor-col-50 elementor-top-column elementor-element elementor-element-7f01f1fa\" data-id=\"7f01f1fa\" data-element_type=\"column\" data-e-type=\"column\">\n\t\t\t<div class=\"elementor-widget-wrap elementor-element-populated\">\n\t\t\t\t\t\t<div class=\"elementor-element elementor-element-059580b elementor-widget elementor-widget-image\" data-id=\"059580b\" data-element_type=\"widget\" data-e-type=\"widget\" data-widget_type=\"image.default\">\n\t\t\t\t\t\t\t\t\t\t\t\t\t\t\t<img fetchpriority=\"high\" decoding=\"async\" width=\"886\" height=\"1024\" src=\"https:\/\/papirol.si\/wp-content\/uploads\/2020\/02\/papirnate-vre\u010dke-natron-plo\u0161\u010dati-ro\u010daj-886x1024.jpg\" class=\"attachment-large size-large wp-image-2708\" alt=\"Tasche\" srcset=\"https:\/\/papirol.si\/wp-content\/uploads\/2020\/02\/papirnate-vre\u010dke-natron-plo\u0161\u010dati-ro\u010daj-886x1024.jpg 886w, https:\/\/papirol.si\/wp-content\/uploads\/2020\/02\/papirnate-vre\u010dke-natron-plo\u0161\u010dati-ro\u010daj-260x300.jpg 260w, https:\/\/papirol.si\/wp-content\/uploads\/2020\/02\/papirnate-vre\u010dke-natron-plo\u0161\u010dati-ro\u010daj-768x888.jpg 768w, https:\/\/papirol.si\/wp-content\/uploads\/2020\/02\/papirnate-vre\u010dke-natron-plo\u0161\u010dati-ro\u010daj-1329x1536.jpg 1329w, https:\/\/papirol.si\/wp-content\/uploads\/2020\/02\/papirnate-vre\u010dke-natron-plo\u0161\u010dati-ro\u010daj-1772x2048.jpg 1772w, https:\/\/papirol.si\/wp-content\/uploads\/2020\/02\/papirnate-vre\u010dke-natron-plo\u0161\u010dati-ro\u010daj-285x329.jpg 285w, https:\/\/papirol.si\/wp-content\/uploads\/2020\/02\/papirnate-vre\u010dke-natron-plo\u0161\u010dati-ro\u010daj-1600x1849.jpg 1600w, https:\/\/papirol.si\/wp-content\/uploads\/2020\/02\/papirnate-vre\u010dke-natron-plo\u0161\u010dati-ro\u010daj-571x660.jpg 571w, https:\/\/papirol.si\/wp-content\/uploads\/2020\/02\/papirnate-vre\u010dke-natron-plo\u0161\u010dati-ro\u010daj-130x150.jpg 130w\" sizes=\"(max-width: 886px) 100vw, 886px\" \/>\t\t\t\t\t\t\t\t\t\t\t\t\t\t\t<\/div>\n\t\t\t\t<div class=\"elementor-element elementor-element-4c62f88 elementor-widget elementor-widget-image\" data-id=\"4c62f88\" data-element_type=\"widget\" data-e-type=\"widget\" data-widget_type=\"image.default\">\n\t\t\t\t\t\t\t\t\t\t\t\t\t\t\t<img decoding=\"async\" width=\"410\" height=\"638\" src=\"https:\/\/papirol.si\/wp-content\/uploads\/2020\/02\/nosilna-vre\u010dka-skica-plo\u0161\u010dati-ro\u010daj.jpg\" class=\"attachment-large size-large wp-image-2662\" alt=\"Tragetasche - Skizze - Papyrol\" srcset=\"https:\/\/papirol.si\/wp-content\/uploads\/2020\/02\/nosilna-vre\u010dka-skica-plo\u0161\u010dati-ro\u010daj.jpg 410w, https:\/\/papirol.si\/wp-content\/uploads\/2020\/02\/nosilna-vre\u010dka-skica-plo\u0161\u010dati-ro\u010daj-193x300.jpg 193w, https:\/\/papirol.si\/wp-content\/uploads\/2020\/02\/nosilna-vre\u010dka-skica-plo\u0161\u010dati-ro\u010daj-285x443.jpg 285w, https:\/\/papirol.si\/wp-content\/uploads\/2020\/02\/nosilna-vre\u010dka-skica-plo\u0161\u010dati-ro\u010daj-96x150.jpg 96w\" sizes=\"(max-width: 410px) 100vw, 410px\" \/>\t\t\t\t\t\t\t\t\t\t\t\t\t\t\t<\/div>\n\t\t\t\t\t<\/div>\n\t\t<\/div>\n\t\t\t\t<div class=\"elementor-column elementor-col-50 elementor-top-column elementor-element elementor-element-425ed786\" data-id=\"425ed786\" data-element_type=\"column\" data-e-type=\"column\">\n\t\t\t<div class=\"elementor-widget-wrap elementor-element-populated\">\n\t\t\t\t\t\t<div class=\"elementor-element elementor-element-66a9f140 elementor-widget elementor-widget-text-editor\" data-id=\"66a9f140\" data-element_type=\"widget\" data-e-type=\"widget\" data-widget_type=\"text-editor.default\">\n\t\t\t\t\t\t\t\t\t<p>Die Papiertragetaschen bestehen aus glattem, flachem Papier und haben einen flachen Papiergriff an der Seite der Tasche.<\/p><p>Das Papiergewicht ist auf die Gr\u00f6\u00dfe abgestimmt, so dass jedes St\u00fcck im Verh\u00e4ltnis zu seiner Gr\u00f6\u00dfe eine gute Spalt- und Tragf\u00e4higkeit aufweist.<\/p><p>Sie sind eine hervorragende Alternative zu Plastikt\u00fcten, k\u00f6nnen bei richtiger Verwendung wiederverwendet werden und schaden der Umwelt nicht.<\/p><p>Einige der Gesch\u00e4fte haben eine sehr gro\u00dfe Auswahl und sind besonders f\u00fcr Lunchpakete oder Produkte zum Mitnehmen geeignet.<\/p><p>Es eignet sich auch hervorragend als Ambala\u017ea zum Einsalzen bestimmter Produkte in Online-Shops (als Alternative zum Kochen).<\/p><p>Nicht-Tampons sind in der Lagune leicht erh\u00e4ltlich, wenn auch in kleineren Mengen.<\/p>\t\t\t\t\t\t\t\t<\/div>\n\t\t\t\t<div class=\"elementor-element elementor-element-2ee60a13 elementor-widget elementor-widget-text-editor\" data-id=\"2ee60a13\" data-element_type=\"widget\" data-e-type=\"widget\" id=\"tisk-box\" data-widget_type=\"text-editor.default\">\n\t\t\t\t\t\t\t\t\t<h2>Stempel auf kesama<\/h2><p>Wir stempeln Papierschnitte in eine oder mehrere qualitativ hochwertige Bojen.<\/p><p>Die Pr\u00e4gung ist gleichzeitig mit der Erstellung des Ger\u00fcsts m\u00f6glich, so dass die gesamte Oberfl\u00e4che des Ger\u00fcsts, einschlie\u00dflich der Unterseite des Ger\u00fcsts, und optional auch die Au\u00dfenseite des Ger\u00fcsts gepr\u00e4gt werden kann.<\/p><p>Die M\u00f6glichkeit, auf vorgefertigten Pressen zu stanzen, was das Stanzen kleinerer Mengen erm\u00f6glicht.<br \/><strong>Drucktechniken:<\/strong><\/p><ul><li><p>Hochwertige Flexo-Stempel mit Linien auf verschiedenen Papiersorten<\/p><\/li><li><p>ein hochwertiges Sieb oder ein Flexo-Stempel auf allen Papiersorten<\/p><\/li><\/ul><p><strong>Stampa:<\/strong><\/p><ul><li><p>einen zusammenh\u00e4ngenden oder h\u00f6her positionierten Stempel auf einer oder beiden Seiten<\/p><\/li><li><p>auf der gesamten Oberfl\u00e4che, auf einer oder beiden Seiten, einschlie\u00dflich der Seiten und der Unterseite der Sense<\/p><\/li><\/ul>\t\t\t\t\t\t\t\t<\/div>\n\t\t\t\t\t<\/div>\n\t\t<\/div>\n\t\t\t\t\t<\/div>\n\t\t<\/section>\n\t\t\t\t<section class=\"elementor-section elementor-top-section elementor-element elementor-element-f11247f elementor-section-boxed elementor-section-height-default elementor-section-height-default\" data-id=\"f11247f\" data-element_type=\"section\" data-e-type=\"section\" id=\"product-bio-tbl\" data-settings=\"{&quot;background_background&quot;:&quot;classic&quot;}\">\n\t\t\t\t\t\t<div class=\"elementor-container elementor-column-gap-default\">\n\t\t\t\t\t<div class=\"elementor-column elementor-col-100 elementor-top-column elementor-element elementor-element-21ce687\" data-id=\"21ce687\" data-element_type=\"column\" data-e-type=\"column\">\n\t\t\t<div class=\"elementor-widget-wrap elementor-element-populated\">\n\t\t\t\t\t\t<div class=\"elementor-element elementor-element-1b549f9 elementor-widget elementor-widget-text-editor\" data-id=\"1b549f9\" data-element_type=\"widget\" data-e-type=\"widget\" data-widget_type=\"text-editor.default\">\n\t\t\t\t\t\t\t\t\t<table data-minrequestedwidth=\"435.6302185058594\" data-computedwidth=\"435.6302185058594\"><tbody><tr><td class=\"imVc\"><b><span class=\"fs11lh1-5 ff1\">Name des Produkts<\/span><\/b><\/td><td class=\"imVc\"><div class=\"imTACenter\"><span class=\"fs11lh1-5 ff1\"><b>Standardabmessungen<\/b><\/span><\/div><\/td><td class=\"imVc\"><div class=\"imTACenter\"><b>Verpackung<\/b><\/div><\/td><\/tr><tr><td class=\"imVc\"><div class=\"imTACenter\"><span class=\"fs11lh1-5 ff2\">Tragendes Korsett natura <\/span><span class=\"fs11lh1-5 ff2\">NP<\/span><\/div><\/td><td class=\"imVc\"><div class=\"imTACenter\"><span class=\"fs11lh1-5 ff2\">18 x 8 x 22 cm<\/span><\/div><\/td><td class=\"imVc\"><div class=\"imTACenter\"><span class=\"fs11lh1-5 ff2\">500 St\u00fcck<\/span><\/div><\/td><\/tr><tr><td class=\"imVc\"><div class=\"imTACenter\"><span class=\"fs11lh1-5 ff2\">Tragendes Korsett natura <\/span><span class=\"fs11lh1-5 ff2\">NP<\/span><\/div><\/td><td class=\"imVc\"><div class=\"imTACenter\"><span class=\"fs11lh1-5 ff2\">22 x 10 x 28 cm<\/span><\/div><\/td><td class=\"imVc\"><div class=\"imTACenter\"><span class=\"fs11lh1-5 ff2\">250 St\u00fcck<\/span><\/div><\/td><\/tr><tr><td class=\"imVc\"><div class=\"imTACenter\"><span class=\"fs11lh1-5 ff2\">Tragendes Korsett natura <\/span><span class=\"fs11lh1-5 ff2\">NP<\/span><\/div><\/td><td class=\"imVc\"><div class=\"imTACenter\"><span class=\"fs11lh1-5 ff2\">26 x 17 x 25 cm<\/span><\/div><\/td><td class=\"imVc\"><div class=\"imTACenter\"><span class=\"fs11lh1-5 ff2\">250 St\u00fcck<\/span><\/div><\/td><\/tr><tr><td class=\"imVc\"><div class=\"imTACenter\"><span class=\"fs11lh1-5 ff2\">Tragendes Korsett natura <\/span><span class=\"fs11lh1-5 ff2\">NP<\/span><\/div><\/td><td class=\"imVc\"><div class=\"imTACenter\"><span class=\"fs11lh1-5 ff2\">32 x 17 x 27 cm<\/span><\/div><\/td><td class=\"imVc\"><div class=\"imTACenter\"><span class=\"fs11lh1-5 ff2\">250 St\u00fcck<\/span><\/div><\/td><\/tr><tr><td class=\"imVc\"><div class=\"imTACenter\"><span class=\"fs11lh1-5 ff2\">Tragendes Korsett natura <\/span><span class=\"fs11lh1-5 ff2\">NP<\/span><\/div><\/td><td class=\"imVc\"><div class=\"imTACenter\"><span class=\"fs11lh1-5 ff2\">32 x 21,5 x 27 cm<\/span><\/div><\/td><td class=\"imVc\"><div class=\"imTACenter\"><span class=\"fs11lh1-5 ff2\">250 St\u00fcck<\/span><\/div><\/td><\/tr><tr><td class=\"imVc\"><div class=\"imTACenter\"><span class=\"fs11lh1-5 ff2\">Tragendes Korsett natura <\/span><span class=\"fs11lh1-5 ff2\">NP<\/span><\/div><\/td><td class=\"imVc\"><div class=\"imTACenter\"><span class=\"fs11lh1-5 ff2\">26 x 12 x 35 cm<\/span><\/div><\/td><td class=\"imVc\"><div class=\"imTACenter\"><span class=\"fs11lh1-5 ff2\">250 St\u00fcck<\/span><\/div><\/td><\/tr><tr><td class=\"imVc\"><div class=\"imTACenter\"><span class=\"fs11lh1-5 ff2\">Tragendes Korsett natura <\/span><span class=\"fs11lh1-5 ff2\">NP<\/span><\/div><\/td><td class=\"imVc\"><div class=\"imTACenter\"><span class=\"fs11lh1-5 ff2\">32 x 17 x 43 cm<\/span><\/div><\/td><td class=\"imVc\"><div class=\"imTACenter\"><span class=\"fs11lh1-5 ff2\">250 St\u00fcck<\/span><\/div><\/td><\/tr><tr><td class=\"imVc\"><div class=\"imTACenter\"><span class=\"fs11lh1-5 ff2\">Tragendes Korsett natura <\/span><span class=\"fs11lh1-5 ff2\">NP<\/span><\/div><\/td><td class=\"imVc\"><div class=\"imTACenter\"><span class=\"fs11lh1-5 ff2\">45 x 17 x 48 cm<\/span><\/div><\/td><td class=\"imVc\"><div class=\"imTACenter\"><span class=\"fs11lh1-5 ff2\">150 St\u00fcck<\/span><\/div><\/td><\/tr><\/tbody><\/table>\t\t\t\t\t\t\t\t<\/div>\n\t\t\t\t\t<\/div>\n\t\t<\/div>\n\t\t\t\t\t<\/div>\n\t\t<\/section>\n\t\t\t\t<section class=\"elementor-section elementor-top-section elementor-element elementor-element-725a01c1 elementor-section-boxed elementor-section-height-default elementor-section-height-default\" data-id=\"725a01c1\" data-element_type=\"section\" data-e-type=\"section\" id=\"povp-sect\" data-settings=\"{&quot;background_background&quot;:&quot;classic&quot;}\">\n\t\t\t\t\t\t\t<div class=\"elementor-background-overlay\"><\/div>\n\t\t\t\t\t\t\t<div class=\"elementor-container elementor-column-gap-default\">\n\t\t\t\t\t<div class=\"elementor-column elementor-col-100 elementor-top-column elementor-element elementor-element-b0ac6d\" data-id=\"b0ac6d\" data-element_type=\"column\" data-e-type=\"column\">\n\t\t\t<div class=\"elementor-widget-wrap elementor-element-populated\">\n\t\t\t\t\t\t<div class=\"elementor-element elementor-element-f82f1c8 elementor-widget elementor-widget-heading\" data-id=\"f82f1c8\" data-element_type=\"widget\" data-e-type=\"widget\" data-widget_type=\"heading.default\">\n\t\t\t\t\t<h2 class=\"elementor-heading-title elementor-size-default elementor-heading-title elementor-align-after-center\">Profitieren Sie von organischen\nattraktivem Ambala\u017eu!<\/h2>\t\t\t\t<\/div>\n\t\t\t\t<div class=\"elementor-element elementor-element-242dad1d elementor-widget elementor-widget-sm-default-button\" data-id=\"242dad1d\" data-element_type=\"widget\" data-e-type=\"widget\" data-widget_type=\"sm-default-button.default\">\n\t\t\t\t<div class=\"elementor-widget-container\">\n\t\t\t\t\t\n\t\t\t\t<a   href=\"https:\/\/papirol.si\/de\/potraznja\/papirne-kese-za-nosenje\/\" class=\"btn\">Der Spa\u00df ist vorbei<i class=\"ti ti-arrow-right\"><\/i><\/a>\n\t\t\n\t\t\t\t\t<\/div>\n\t\t\t\t<\/div>\n\t\t\t\t\t<\/div>\n\t\t<\/div>\n\t\t\t\t\t<\/div>\n\t\t<\/section>\n\t\t\t\t<\/div>","protected":false},"excerpt":{"rendered":"<p>Papirne kese za no\u0161enje natura napravljene su od sme\u0111eg glatkog natron papira, sa veoma korisnom papirnom ravnom ru\u010dkom&#8230;<\/p>","protected":false},"author":5,"featured_media":0,"parent":4014,"menu_order":0,"comment_status":"closed","ping_status":"closed","template":"elementor_header_footer","meta":{"footnotes":""},"class_list":["post-4021","page","type-page","status-publish","hentry"],"yoast_head":"<!-- This site is optimized with the Yoast SEO plugin v27.3 - https:\/\/yoast.com\/product\/yoast-seo-wordpress\/ -->\n<title>Kese za no\u0161enje natura sa ravnom ru\u010dkom | Papirol<\/title>\n<meta name=\"robots\" content=\"index, follow, max-snippet:-1, max-image-preview:large, max-video-preview:-1\" \/>\n<link rel=\"canonical\" href=\"https:\/\/papirol.si\/de\/verkaufsprogramm\/papiertragetaschen-2\/tragetaschen-natura-ploscati-rocaj\/\" \/>\n<meta property=\"og:locale\" content=\"de_DE\" \/>\n<meta property=\"og:type\" content=\"article\" \/>\n<meta property=\"og:title\" content=\"Kese za no\u0161enje natura sa ravnom ru\u010dkom | Papirol\" \/>\n<meta property=\"og:description\" content=\"Papirne kese za no\u0161enje natura napravljene su od sme\u0111eg glatkog natron papira, sa veoma korisnom papirnom ravnom ru\u010dkom...\" \/>\n<meta property=\"og:url\" content=\"https:\/\/papirol.si\/de\/verkaufsprogramm\/papiertragetaschen-2\/tragetaschen-natura-ploscati-rocaj\/\" \/>\n<meta property=\"og:site_name\" content=\"Papirol\" \/>\n<meta property=\"article:modified_time\" content=\"2023-05-10T09:23:05+00:00\" \/>\n<meta name=\"twitter:card\" content=\"summary_large_image\" \/>\n<meta name=\"twitter:label1\" content=\"Gesch\u00e4tzte Lesezeit\" \/>\n\t<meta name=\"twitter:data1\" content=\"2\u00a0Minuten\" \/>\n<script type=\"application\/ld+json\" class=\"yoast-schema-graph\">{\"@context\":\"https:\\\/\\\/schema.org\",\"@graph\":[{\"@type\":\"WebPage\",\"@id\":\"https:\\\/\\\/papirol.si\\\/prodajni-program\\\/nosilne-papirnate-vrecke\\\/nosilne-vrecke-natura-ploscati-rocaj\\\/\",\"url\":\"https:\\\/\\\/papirol.si\\\/prodajni-program\\\/nosilne-papirnate-vrecke\\\/nosilne-vrecke-natura-ploscati-rocaj\\\/\",\"name\":\"Kese za no\u0161enje natura sa ravnom ru\u010dkom | Papirol\",\"isPartOf\":{\"@id\":\"https:\\\/\\\/papirol.si\\\/#website\"},\"datePublished\":\"2023-05-08T08:11:54+00:00\",\"dateModified\":\"2023-05-10T09:23:05+00:00\",\"breadcrumb\":{\"@id\":\"https:\\\/\\\/papirol.si\\\/prodajni-program\\\/nosilne-papirnate-vrecke\\\/nosilne-vrecke-natura-ploscati-rocaj\\\/#breadcrumb\"},\"inLanguage\":\"de\",\"potentialAction\":[{\"@type\":\"ReadAction\",\"target\":[\"https:\\\/\\\/papirol.si\\\/prodajni-program\\\/nosilne-papirnate-vrecke\\\/nosilne-vrecke-natura-ploscati-rocaj\\\/\"]}]},{\"@type\":\"BreadcrumbList\",\"@id\":\"https:\\\/\\\/papirol.si\\\/prodajni-program\\\/nosilne-papirnate-vrecke\\\/nosilne-vrecke-natura-ploscati-rocaj\\\/#breadcrumb\",\"itemListElement\":[{\"@type\":\"ListItem\",\"position\":1,\"name\":\"Home\",\"item\":\"https:\\\/\\\/papirol.si\\\/\"},{\"@type\":\"ListItem\",\"position\":2,\"name\":\"Prodajni program\",\"item\":\"https:\\\/\\\/papirol.si\\\/sr\\\/prodajni-program\\\/\"},{\"@type\":\"ListItem\",\"position\":3,\"name\":\"Papirne kese za no\u0161enje\",\"item\":\"https:\\\/\\\/papirol.si\\\/sr\\\/prodajni-program\\\/papirne-kese-za-nosenje\\\/\"},{\"@type\":\"ListItem\",\"position\":4,\"name\":\"Kese za no\u0161enje natura sa ravnom ru\u010dkom\"}]},{\"@type\":\"WebSite\",\"@id\":\"https:\\\/\\\/papirol.si\\\/#website\",\"url\":\"https:\\\/\\\/papirol.si\\\/\",\"name\":\"Papirol\",\"description\":\"Obla\u010dimo va\u0161e izdelke \u017ee 36 let!\",\"publisher\":{\"@id\":\"https:\\\/\\\/papirol.si\\\/#organization\"},\"potentialAction\":[{\"@type\":\"SearchAction\",\"target\":{\"@type\":\"EntryPoint\",\"urlTemplate\":\"https:\\\/\\\/papirol.si\\\/?s={search_term_string}\"},\"query-input\":{\"@type\":\"PropertyValueSpecification\",\"valueRequired\":true,\"valueName\":\"search_term_string\"}}],\"inLanguage\":\"de\"},{\"@type\":\"Organization\",\"@id\":\"https:\\\/\\\/papirol.si\\\/#organization\",\"name\":\"Papirol\",\"url\":\"https:\\\/\\\/papirol.si\\\/\",\"logo\":{\"@type\":\"ImageObject\",\"inLanguage\":\"de\",\"@id\":\"https:\\\/\\\/papirol.si\\\/#\\\/schema\\\/logo\\\/image\\\/\",\"url\":\"https:\\\/\\\/papirol.si\\\/wp-content\\\/uploads\\\/2019\\\/12\\\/papirol-bela.png\",\"contentUrl\":\"https:\\\/\\\/papirol.si\\\/wp-content\\\/uploads\\\/2019\\\/12\\\/papirol-bela.png\",\"width\":400,\"height\":80,\"caption\":\"Papirol\"},\"image\":{\"@id\":\"https:\\\/\\\/papirol.si\\\/#\\\/schema\\\/logo\\\/image\\\/\"}}]}<\/script>\n<!-- \/ Yoast SEO plugin. -->","yoast_head_json":{"title":"Tragetaschen mit flachem Griff | Papirol","robots":{"index":"index","follow":"follow","max-snippet":"max-snippet:-1","max-image-preview":"max-image-preview:large","max-video-preview":"max-video-preview:-1"},"canonical":"https:\/\/papirol.si\/de\/verkaufsprogramm\/papiertragetaschen-2\/tragetaschen-natura-ploscati-rocaj\/","og_locale":"de_DE","og_type":"article","og_title":"Kese za no\u0161enje natura sa ravnom ru\u010dkom | Papirol","og_description":"Papirne kese za no\u0161enje natura napravljene su od sme\u0111eg glatkog natron papira, sa veoma korisnom papirnom ravnom ru\u010dkom...","og_url":"https:\/\/papirol.si\/de\/verkaufsprogramm\/papiertragetaschen-2\/tragetaschen-natura-ploscati-rocaj\/","og_site_name":"Papirol","article_modified_time":"2023-05-10T09:23:05+00:00","twitter_card":"summary_large_image","twitter_misc":{"Gesch\u00e4tzte Lesezeit":"2\u00a0Minuten"},"schema":{"@context":"https:\/\/schema.org","@graph":[{"@type":"WebPage","@id":"https:\/\/papirol.si\/prodajni-program\/nosilne-papirnate-vrecke\/nosilne-vrecke-natura-ploscati-rocaj\/","url":"https:\/\/papirol.si\/prodajni-program\/nosilne-papirnate-vrecke\/nosilne-vrecke-natura-ploscati-rocaj\/","name":"Tragetaschen mit flachem Griff | Papirol","isPartOf":{"@id":"https:\/\/papirol.si\/#website"},"datePublished":"2023-05-08T08:11:54+00:00","dateModified":"2023-05-10T09:23:05+00:00","breadcrumb":{"@id":"https:\/\/papirol.si\/prodajni-program\/nosilne-papirnate-vrecke\/nosilne-vrecke-natura-ploscati-rocaj\/#breadcrumb"},"inLanguage":"de","potentialAction":[{"@type":"ReadAction","target":["https:\/\/papirol.si\/prodajni-program\/nosilne-papirnate-vrecke\/nosilne-vrecke-natura-ploscati-rocaj\/"]}]},{"@type":"BreadcrumbList","@id":"https:\/\/papirol.si\/prodajni-program\/nosilne-papirnate-vrecke\/nosilne-vrecke-natura-ploscati-rocaj\/#breadcrumb","itemListElement":[{"@type":"ListItem","position":1,"name":"Home","item":"https:\/\/papirol.si\/"},{"@type":"ListItem","position":2,"name":"Prodajni program","item":"https:\/\/papirol.si\/sr\/prodajni-program\/"},{"@type":"ListItem","position":3,"name":"Papirne kese za no\u0161enje","item":"https:\/\/papirol.si\/sr\/prodajni-program\/papirne-kese-za-nosenje\/"},{"@type":"ListItem","position":4,"name":"Kese za no\u0161enje natura sa ravnom ru\u010dkom"}]},{"@type":"WebSite","@id":"https:\/\/papirol.si\/#website","url":"https:\/\/papirol.si\/","name":"Papirol","description":"Wir kleiden Ihre Produkte seit 36 Jahren ein!","publisher":{"@id":"https:\/\/papirol.si\/#organization"},"potentialAction":[{"@type":"SearchAction","target":{"@type":"EntryPoint","urlTemplate":"https:\/\/papirol.si\/?s={search_term_string}"},"query-input":{"@type":"PropertyValueSpecification","valueRequired":true,"valueName":"search_term_string"}}],"inLanguage":"de"},{"@type":"Organization","@id":"https:\/\/papirol.si\/#organization","name":"Papirol","url":"https:\/\/papirol.si\/","logo":{"@type":"ImageObject","inLanguage":"de","@id":"https:\/\/papirol.si\/#\/schema\/logo\/image\/","url":"https:\/\/papirol.si\/wp-content\/uploads\/2019\/12\/papirol-bela.png","contentUrl":"https:\/\/papirol.si\/wp-content\/uploads\/2019\/12\/papirol-bela.png","width":400,"height":80,"caption":"Papirol"},"image":{"@id":"https:\/\/papirol.si\/#\/schema\/logo\/image\/"}}]}},"_links":{"self":[{"href":"https:\/\/papirol.si\/de\/wp-json\/wp\/v2\/pages\/4021","targetHints":{"allow":["GET"]}}],"collection":[{"href":"https:\/\/papirol.si\/de\/wp-json\/wp\/v2\/pages"}],"about":[{"href":"https:\/\/papirol.si\/de\/wp-json\/wp\/v2\/types\/page"}],"author":[{"embeddable":true,"href":"https:\/\/papirol.si\/de\/wp-json\/wp\/v2\/users\/5"}],"replies":[{"embeddable":true,"href":"https:\/\/papirol.si\/de\/wp-json\/wp\/v2\/comments?post=4021"}],"version-history":[{"count":4,"href":"https:\/\/papirol.si\/de\/wp-json\/wp\/v2\/pages\/4021\/revisions"}],"predecessor-version":[{"id":4273,"href":"https:\/\/papirol.si\/de\/wp-json\/wp\/v2\/pages\/4021\/revisions\/4273"}],"up":[{"embeddable":true,"href":"https:\/\/papirol.si\/de\/wp-json\/wp\/v2\/pages\/4014"}],"wp:attachment":[{"href":"https:\/\/papirol.si\/de\/wp-json\/wp\/v2\/media?parent=4021"}],"curies":[{"name":"wp","href":"https:\/\/api.w.org\/{rel}","templated":true}]}}