{"id":4032,"date":"2023-05-08T10:39:28","date_gmt":"2023-05-08T08:39:28","guid":{"rendered":"https:\/\/papirol.si\/?page_id=4032"},"modified":"2023-05-10T11:33:24","modified_gmt":"2023-05-10T09:33:24","slug":"bela-natura-tragewanne-mit-flachem-rucken-2","status":"publish","type":"page","link":"https:\/\/papirol.si\/de\/prodajni-program\/papirne-kese-za-nosenje\/kese-za-nosenje-bela-natura-sa-ravnom-ruckom-2\/","title":{"rendered":"Tragetasche bela natura mit flachem Griff"},"content":{"rendered":"<div data-elementor-type=\"wp-page\" data-elementor-id=\"4032\" class=\"elementor elementor-4032\" data-elementor-post-type=\"page\">\n\t\t\t\t\t\t<section class=\"elementor-section elementor-top-section elementor-element elementor-element-6a7869f5 elementor-section-content-middle elementor-section-boxed elementor-section-height-default elementor-section-height-default\" data-id=\"6a7869f5\" data-element_type=\"section\" data-e-type=\"section\" id=\"produkt-bio\" data-settings=\"{&quot;background_background&quot;:&quot;classic&quot;}\">\n\t\t\t\t\t\t<div class=\"elementor-container elementor-column-gap-default\">\n\t\t\t\t\t<div class=\"elementor-column elementor-col-50 elementor-top-column elementor-element elementor-element-2b446194\" data-id=\"2b446194\" data-element_type=\"column\" data-e-type=\"column\">\n\t\t\t<div class=\"elementor-widget-wrap elementor-element-populated\">\n\t\t\t\t\t\t<div class=\"elementor-element elementor-element-059580b elementor-widget elementor-widget-image\" data-id=\"059580b\" data-element_type=\"widget\" data-e-type=\"widget\" data-widget_type=\"image.default\">\n\t\t\t\t\t\t\t\t\t\t\t\t\t\t\t<img fetchpriority=\"high\" decoding=\"async\" width=\"212\" height=\"252\" src=\"https:\/\/papirol.si\/wp-content\/uploads\/2019\/12\/nosilne_bele_vse_kot.png\" class=\"attachment-large size-large wp-image-1937\" alt=\"\" srcset=\"https:\/\/papirol.si\/wp-content\/uploads\/2019\/12\/nosilne_bele_vse_kot.png 212w, https:\/\/papirol.si\/wp-content\/uploads\/2019\/12\/nosilne_bele_vse_kot-126x150.png 126w\" sizes=\"(max-width: 212px) 100vw, 212px\" \/>\t\t\t\t\t\t\t\t\t\t\t\t\t\t\t<\/div>\n\t\t\t\t\t<\/div>\n\t\t<\/div>\n\t\t\t\t<div class=\"elementor-column elementor-col-50 elementor-top-column elementor-element elementor-element-59edcc07\" data-id=\"59edcc07\" data-element_type=\"column\" data-e-type=\"column\">\n\t\t\t<div class=\"elementor-widget-wrap elementor-element-populated\">\n\t\t\t\t\t\t<div class=\"elementor-element elementor-element-48444f49 elementor-widget elementor-widget-text-editor\" data-id=\"48444f49\" data-element_type=\"widget\" data-e-type=\"widget\" data-widget_type=\"text-editor.default\">\n\t\t\t\t\t\t\t\t\t<p>Die Papiertragetaschen bela natura sind aus wei\u00dfem, gl\u00e4nzendem Naturpapier, mit einem flachen Papiergriff an der Seite der Tasche.<\/p><p>Das Papiergewicht ist auf die Gr\u00f6\u00dfe abgestimmt, so dass jedes St\u00fcck im Verh\u00e4ltnis zu seiner Gr\u00f6\u00dfe eine gute Spalt- und Tragf\u00e4higkeit aufweist.<\/p><p>Sie sind eine hervorragende Alternative zu Plastikt\u00fcten, k\u00f6nnen bei richtiger Verwendung wiederverwendet werden und schaden der Umwelt nicht.<\/p><p>Einige haben eine sehr breite Palette von Optionen und sind speziell f\u00fcr Lunchpakete oder Produkte, die Sie wollen, unter Vertrag genommen - nehmen Sie sie mit.<\/p><p>Nicht-Kartoffeln sind in der Lagune leicht erh\u00e4ltlich, wenn auch in kleineren Mengen<\/p>\t\t\t\t\t\t\t\t<\/div>\n\t\t\t\t<div class=\"elementor-element elementor-element-480e3ae elementor-widget elementor-widget-text-editor\" data-id=\"480e3ae\" data-element_type=\"widget\" data-e-type=\"widget\" id=\"tisk-box\" data-widget_type=\"text-editor.default\">\n\t\t\t\t\t\t\t\t\t<h2>Stempel auf kesama<\/h2><p>Wir stempeln Papierschnitte in eine oder mehrere qualitativ hochwertige Bojen.<\/p><p>Die Pr\u00e4gung ist gleichzeitig mit der Erstellung des Ger\u00fcsts m\u00f6glich, so dass die gesamte Oberfl\u00e4che des Ger\u00fcsts, einschlie\u00dflich der Unterseite des Ger\u00fcsts, und optional auch die Au\u00dfenseite des Ger\u00fcsts gepr\u00e4gt werden kann.<\/p><p>Die M\u00f6glichkeit, auf vorgefertigten Pressen zu stanzen, was das Stanzen kleinerer Mengen erm\u00f6glicht.<br \/><strong>Drucktechniken:<\/strong><\/p><ul><li><p>Hochwertige Flexo-Stempel mit Linien auf verschiedenen Papiersorten<\/p><\/li><li><p>ein hochwertiges Sieb oder ein Flexo-Stempel auf allen Papiersorten<\/p><\/li><\/ul><p><strong>Stampa:<\/strong><\/p><ul><li><p>einen zusammenh\u00e4ngenden oder h\u00f6her positionierten Stempel auf einer oder beiden Seiten<\/p><\/li><li><p>auf der gesamten Oberfl\u00e4che, auf einer oder beiden Seiten, einschlie\u00dflich der Seiten und der Unterseite der Sense<\/p><\/li><\/ul>\t\t\t\t\t\t\t\t<\/div>\n\t\t\t\t\t<\/div>\n\t\t<\/div>\n\t\t\t\t\t<\/div>\n\t\t<\/section>\n\t\t\t\t<section class=\"elementor-section elementor-top-section elementor-element elementor-element-f11247f elementor-section-boxed elementor-section-height-default elementor-section-height-default\" data-id=\"f11247f\" data-element_type=\"section\" data-e-type=\"section\" id=\"product-bio-tbl\" data-settings=\"{&quot;background_background&quot;:&quot;classic&quot;}\">\n\t\t\t\t\t\t<div class=\"elementor-container elementor-column-gap-default\">\n\t\t\t\t\t<div class=\"elementor-column elementor-col-100 elementor-top-column elementor-element elementor-element-21ce687\" data-id=\"21ce687\" data-element_type=\"column\" data-e-type=\"column\">\n\t\t\t<div class=\"elementor-widget-wrap elementor-element-populated\">\n\t\t\t\t\t\t<div class=\"elementor-element elementor-element-1b549f9 elementor-widget elementor-widget-text-editor\" data-id=\"1b549f9\" data-element_type=\"widget\" data-e-type=\"widget\" data-widget_type=\"text-editor.default\">\n\t\t\t\t\t\t\t\t\t<table data-minrequestedwidth=\"364.6386413574219\" data-computedwidth=\"364.6386413574219\"><tbody><tr><td class=\"imVc\"><div class=\"imTACenter\"><b class=\"fs11lh1-5 ff1\">Name des Produkts<\/b><\/div><\/td><td class=\"imVc\"><div class=\"imTACenter\"><span class=\"fs11lh1-5 ff1\"><b>Standardabmessungen<\/b><\/span><\/div><\/td><td class=\"imVc\"><div class=\"imTACenter\"><b>Verpackung<\/b><\/div><\/td><\/tr><tr><td class=\"imVc\"><div class=\"imTACenter\"><span class=\"fs11lh1-5 ff1\">Tragetasche wei\u00df natura BZ<\/span><\/div><\/td><td class=\"imVc\"><div class=\"imTACenter\"><span class=\"fs11lh1-5 ff1\">14 x 8 x 21 cm<\/span><\/div><\/td><td class=\"imVc\"><div class=\"imTACenter\"><span class=\"fs11lh1-5 ff1\">400 St\u00fcck<\/span><\/div><\/td><\/tr><tr><td class=\"imVc\"><div class=\"imTACenter\"><span class=\"fs11lh1-5 ff1\">Tragetasche wei\u00df natura BZ<\/span><\/div><\/td><td class=\"imVc\"><div class=\"imTACenter\"><span class=\"fs11lh1-5 ff1\">18 x 8 x 22 cm<\/span><\/div><\/td><td class=\"imVc\"><div class=\"imTACenter\"><span class=\"fs11lh1-5 ff1\">300 St\u00fcck<\/span><\/div><\/td><\/tr><tr><td class=\"imVc\"><div class=\"imTACenter\"><span class=\"fs11lh1-5 ff1\">Tragetasche wei\u00df natura BZ<\/span><\/div><\/td><td class=\"imVc\"><div class=\"imTACenter\"><span class=\"fs11lh1-5 ff1\">22 x 10 x 31 cm<\/span><\/div><\/td><td class=\"imVc\"><div class=\"imTACenter\"><span class=\"fs11lh1-5 ff1\">250 St\u00fcck<\/span><\/div><\/td><\/tr><tr><td class=\"imVc\"><div class=\"imTACenter\"><span class=\"fs11lh1-5 ff1\">Tragetasche wei\u00df natura BZ<\/span><\/div><\/td><td class=\"imVc\"><div class=\"imTACenter\"><span class=\"fs11lh1-5 ff1\">26 x 12 x 35 cm<\/span><\/div><\/td><td class=\"imVc\"><div class=\"imTACenter\"><span class=\"fs11lh1-5 ff1\">250 St\u00fcck<\/span><\/div><\/td><\/tr><tr><td class=\"imVc\"><div class=\"imTACenter\"><span class=\"fs11lh1-5 ff1\">Tragetasche wei\u00df natura BZ<\/span><\/div><\/td><td class=\"imVc\"><div class=\"imTACenter\"><span class=\"fs11lh1-5 ff1\">32 x 12 x 41 cm<\/span><\/div><\/td><td class=\"imVc\"><div class=\"imTACenter\"><span class=\"fs11lh1-5 ff1\">200 St\u00fcck<\/span><\/div><\/td><\/tr><tr><td class=\"imVc\"><div class=\"imTACenter\"><span class=\"fs11lh1-5 ff1\">Tragetasche wei\u00df natura BZ<\/span><\/div><\/td><td class=\"imVc\"><div class=\"imTACenter\"><span class=\"fs11lh1-5 ff1\">45 x 17 x 48 cm<\/span><\/div><\/td><td class=\"imVc\"><div class=\"imTACenter\"><span class=\"fs11lh1-5 ff1\">150 St\u00fcck<\/span><\/div><\/td><\/tr><tr><td>Tragetasche wei\u00df natura BZ<\/td><td>\u00a014 x 8 x 39 cm<\/td><td>300 St\u00fcck<\/td><\/tr><\/tbody><\/table>\t\t\t\t\t\t\t\t<\/div>\n\t\t\t\t\t<\/div>\n\t\t<\/div>\n\t\t\t\t\t<\/div>\n\t\t<\/section>\n\t\t\t\t<section class=\"elementor-section elementor-top-section elementor-element elementor-element-77ed303b elementor-section-boxed elementor-section-height-default elementor-section-height-default\" data-id=\"77ed303b\" data-element_type=\"section\" data-e-type=\"section\" id=\"povp-sect\" data-settings=\"{&quot;background_background&quot;:&quot;classic&quot;}\">\n\t\t\t\t\t\t\t<div class=\"elementor-background-overlay\"><\/div>\n\t\t\t\t\t\t\t<div class=\"elementor-container elementor-column-gap-default\">\n\t\t\t\t\t<div class=\"elementor-column elementor-col-100 elementor-top-column elementor-element elementor-element-498209b\" data-id=\"498209b\" data-element_type=\"column\" data-e-type=\"column\">\n\t\t\t<div class=\"elementor-widget-wrap elementor-element-populated\">\n\t\t\t\t\t\t<div class=\"elementor-element elementor-element-5e93bfea elementor-widget elementor-widget-heading\" data-id=\"5e93bfea\" data-element_type=\"widget\" data-e-type=\"widget\" data-widget_type=\"heading.default\">\n\t\t\t\t\t<h2 class=\"elementor-heading-title elementor-size-default elementor-heading-title elementor-align-after-center\">Profitieren Sie von organischen\nattraktivem Ambala\u017eu!<\/h2>\t\t\t\t<\/div>\n\t\t\t\t<div class=\"elementor-element elementor-element-3d244097 elementor-widget elementor-widget-sm-default-button\" data-id=\"3d244097\" data-element_type=\"widget\" data-e-type=\"widget\" data-widget_type=\"sm-default-button.default\">\n\t\t\t\t<div class=\"elementor-widget-container\">\n\t\t\t\t\t\n\t\t\t\t<a   href=\"https:\/\/papirol.si\/de\/potraznja\/papirne-kese-za-nosenje\/\" class=\"btn\">Der Spa\u00df ist vorbei<i class=\"ti ti-arrow-right\"><\/i><\/a>\n\t\t\n\t\t\t\t\t<\/div>\n\t\t\t\t<\/div>\n\t\t\t\t\t<\/div>\n\t\t<\/div>\n\t\t\t\t\t<\/div>\n\t\t<\/section>\n\t\t\t\t<\/div>","protected":false},"excerpt":{"rendered":"<p>Papirne kese za no\u0161enje bela natura napravljene su od belog glatkog natron papira, sa veoma korisnom papirnom ravnom&#8230;<\/p>","protected":false},"author":5,"featured_media":0,"parent":4014,"menu_order":0,"comment_status":"closed","ping_status":"closed","template":"elementor_header_footer","meta":{"footnotes":""},"class_list":["post-4032","page","type-page","status-publish","hentry"],"yoast_head":"<!-- This site is optimized with the Yoast SEO plugin v27.3 - https:\/\/yoast.com\/product\/yoast-seo-wordpress\/ -->\n<title>Kese za no\u0161enje bela natura sa ravnom ru\u010dkom | Papirol<\/title>\n<meta name=\"robots\" content=\"index, follow, max-snippet:-1, max-image-preview:large, max-video-preview:-1\" \/>\n<link rel=\"canonical\" href=\"https:\/\/papirol.si\/de\/verkaufsprogramm\/papiersacke-zum-tragen\/bela-natura-tragewanne-mit-flachem-rucken-2\/\" \/>\n<meta property=\"og:locale\" content=\"de_DE\" \/>\n<meta property=\"og:type\" content=\"article\" \/>\n<meta property=\"og:title\" content=\"Kese za no\u0161enje bela natura sa ravnom ru\u010dkom | Papirol\" \/>\n<meta property=\"og:description\" content=\"Papirne kese za no\u0161enje bela natura napravljene su od belog glatkog natron papira, sa veoma korisnom papirnom ravnom...\" \/>\n<meta property=\"og:url\" content=\"https:\/\/papirol.si\/de\/verkaufsprogramm\/papiersacke-zum-tragen\/bela-natura-tragewanne-mit-flachem-rucken-2\/\" \/>\n<meta property=\"og:site_name\" content=\"Papirol\" \/>\n<meta property=\"article:modified_time\" content=\"2023-05-10T09:33:24+00:00\" \/>\n<meta property=\"og:image\" content=\"https:\/\/papirol.si\/wp-content\/uploads\/2019\/12\/nosilne_bele_vse_kot.png\" \/>\n\t<meta property=\"og:image:width\" content=\"212\" \/>\n\t<meta property=\"og:image:height\" content=\"252\" \/>\n\t<meta property=\"og:image:type\" content=\"image\/png\" \/>\n<meta name=\"twitter:card\" content=\"summary_large_image\" \/>\n<meta name=\"twitter:label1\" content=\"Gesch\u00e4tzte Lesezeit\" \/>\n\t<meta name=\"twitter:data1\" content=\"1\u00a0Minute\" \/>\n<script type=\"application\/ld+json\" class=\"yoast-schema-graph\">{\"@context\":\"https:\\\/\\\/schema.org\",\"@graph\":[{\"@type\":\"WebPage\",\"@id\":\"https:\\\/\\\/papirol.si\\\/sr\\\/prodajni-program\\\/papirne-kese-za-nosenje\\\/kese-za-nosenje-bela-natura-sa-ravnom-ruckom-2\\\/\",\"url\":\"https:\\\/\\\/papirol.si\\\/sr\\\/prodajni-program\\\/papirne-kese-za-nosenje\\\/kese-za-nosenje-bela-natura-sa-ravnom-ruckom-2\\\/\",\"name\":\"Kese za no\u0161enje bela natura sa ravnom ru\u010dkom | Papirol\",\"isPartOf\":{\"@id\":\"https:\\\/\\\/papirol.si\\\/#website\"},\"primaryImageOfPage\":{\"@id\":\"https:\\\/\\\/papirol.si\\\/sr\\\/prodajni-program\\\/papirne-kese-za-nosenje\\\/kese-za-nosenje-bela-natura-sa-ravnom-ruckom-2\\\/#primaryimage\"},\"image\":{\"@id\":\"https:\\\/\\\/papirol.si\\\/sr\\\/prodajni-program\\\/papirne-kese-za-nosenje\\\/kese-za-nosenje-bela-natura-sa-ravnom-ruckom-2\\\/#primaryimage\"},\"thumbnailUrl\":\"https:\\\/\\\/papirol.si\\\/wp-content\\\/uploads\\\/2019\\\/12\\\/nosilne_bele_vse_kot.png\",\"datePublished\":\"2023-05-08T08:39:28+00:00\",\"dateModified\":\"2023-05-10T09:33:24+00:00\",\"breadcrumb\":{\"@id\":\"https:\\\/\\\/papirol.si\\\/sr\\\/prodajni-program\\\/papirne-kese-za-nosenje\\\/kese-za-nosenje-bela-natura-sa-ravnom-ruckom-2\\\/#breadcrumb\"},\"inLanguage\":\"de\",\"potentialAction\":[{\"@type\":\"ReadAction\",\"target\":[\"https:\\\/\\\/papirol.si\\\/sr\\\/prodajni-program\\\/papirne-kese-za-nosenje\\\/kese-za-nosenje-bela-natura-sa-ravnom-ruckom-2\\\/\"]}]},{\"@type\":\"ImageObject\",\"inLanguage\":\"de\",\"@id\":\"https:\\\/\\\/papirol.si\\\/sr\\\/prodajni-program\\\/papirne-kese-za-nosenje\\\/kese-za-nosenje-bela-natura-sa-ravnom-ruckom-2\\\/#primaryimage\",\"url\":\"https:\\\/\\\/papirol.si\\\/wp-content\\\/uploads\\\/2019\\\/12\\\/nosilne_bele_vse_kot.png\",\"contentUrl\":\"https:\\\/\\\/papirol.si\\\/wp-content\\\/uploads\\\/2019\\\/12\\\/nosilne_bele_vse_kot.png\"},{\"@type\":\"BreadcrumbList\",\"@id\":\"https:\\\/\\\/papirol.si\\\/sr\\\/prodajni-program\\\/papirne-kese-za-nosenje\\\/kese-za-nosenje-bela-natura-sa-ravnom-ruckom-2\\\/#breadcrumb\",\"itemListElement\":[{\"@type\":\"ListItem\",\"position\":1,\"name\":\"Home\",\"item\":\"https:\\\/\\\/papirol.si\\\/\"},{\"@type\":\"ListItem\",\"position\":2,\"name\":\"Prodajni program\",\"item\":\"https:\\\/\\\/papirol.si\\\/sr\\\/prodajni-program\\\/\"},{\"@type\":\"ListItem\",\"position\":3,\"name\":\"Papirne kese za no\u0161enje\",\"item\":\"https:\\\/\\\/papirol.si\\\/sr\\\/prodajni-program\\\/papirne-kese-za-nosenje\\\/\"},{\"@type\":\"ListItem\",\"position\":4,\"name\":\"Kese za no\u0161enje bela natura sa ravnom ru\u010dkom\"}]},{\"@type\":\"WebSite\",\"@id\":\"https:\\\/\\\/papirol.si\\\/#website\",\"url\":\"https:\\\/\\\/papirol.si\\\/\",\"name\":\"Papirol\",\"description\":\"Obla\u010dimo va\u0161e izdelke \u017ee 36 let!\",\"publisher\":{\"@id\":\"https:\\\/\\\/papirol.si\\\/#organization\"},\"potentialAction\":[{\"@type\":\"SearchAction\",\"target\":{\"@type\":\"EntryPoint\",\"urlTemplate\":\"https:\\\/\\\/papirol.si\\\/?s={search_term_string}\"},\"query-input\":{\"@type\":\"PropertyValueSpecification\",\"valueRequired\":true,\"valueName\":\"search_term_string\"}}],\"inLanguage\":\"de\"},{\"@type\":\"Organization\",\"@id\":\"https:\\\/\\\/papirol.si\\\/#organization\",\"name\":\"Papirol\",\"url\":\"https:\\\/\\\/papirol.si\\\/\",\"logo\":{\"@type\":\"ImageObject\",\"inLanguage\":\"de\",\"@id\":\"https:\\\/\\\/papirol.si\\\/#\\\/schema\\\/logo\\\/image\\\/\",\"url\":\"https:\\\/\\\/papirol.si\\\/wp-content\\\/uploads\\\/2019\\\/12\\\/papirol-bela.png\",\"contentUrl\":\"https:\\\/\\\/papirol.si\\\/wp-content\\\/uploads\\\/2019\\\/12\\\/papirol-bela.png\",\"width\":400,\"height\":80,\"caption\":\"Papirol\"},\"image\":{\"@id\":\"https:\\\/\\\/papirol.si\\\/#\\\/schema\\\/logo\\\/image\\\/\"}}]}<\/script>\n<!-- \/ Yoast SEO plugin. -->","yoast_head_json":{"title":"Tragetasche bela natura mit flachem Griff | Papirol","robots":{"index":"index","follow":"follow","max-snippet":"max-snippet:-1","max-image-preview":"max-image-preview:large","max-video-preview":"max-video-preview:-1"},"canonical":"https:\/\/papirol.si\/de\/verkaufsprogramm\/papiersacke-zum-tragen\/bela-natura-tragewanne-mit-flachem-rucken-2\/","og_locale":"de_DE","og_type":"article","og_title":"Kese za no\u0161enje bela natura sa ravnom ru\u010dkom | Papirol","og_description":"Papirne kese za no\u0161enje bela natura napravljene su od belog glatkog natron papira, sa veoma korisnom papirnom ravnom...","og_url":"https:\/\/papirol.si\/de\/verkaufsprogramm\/papiersacke-zum-tragen\/bela-natura-tragewanne-mit-flachem-rucken-2\/","og_site_name":"Papirol","article_modified_time":"2023-05-10T09:33:24+00:00","og_image":[{"width":212,"height":252,"url":"https:\/\/papirol.si\/wp-content\/uploads\/2019\/12\/nosilne_bele_vse_kot.png","type":"image\/png"}],"twitter_card":"summary_large_image","twitter_misc":{"Gesch\u00e4tzte Lesezeit":"1\u00a0Minute"},"schema":{"@context":"https:\/\/schema.org","@graph":[{"@type":"WebPage","@id":"https:\/\/papirol.si\/sr\/prodajni-program\/papirne-kese-za-nosenje\/kese-za-nosenje-bela-natura-sa-ravnom-ruckom-2\/","url":"https:\/\/papirol.si\/sr\/prodajni-program\/papirne-kese-za-nosenje\/kese-za-nosenje-bela-natura-sa-ravnom-ruckom-2\/","name":"Tragetasche bela natura mit flachem Griff | Papirol","isPartOf":{"@id":"https:\/\/papirol.si\/#website"},"primaryImageOfPage":{"@id":"https:\/\/papirol.si\/sr\/prodajni-program\/papirne-kese-za-nosenje\/kese-za-nosenje-bela-natura-sa-ravnom-ruckom-2\/#primaryimage"},"image":{"@id":"https:\/\/papirol.si\/sr\/prodajni-program\/papirne-kese-za-nosenje\/kese-za-nosenje-bela-natura-sa-ravnom-ruckom-2\/#primaryimage"},"thumbnailUrl":"https:\/\/papirol.si\/wp-content\/uploads\/2019\/12\/nosilne_bele_vse_kot.png","datePublished":"2023-05-08T08:39:28+00:00","dateModified":"2023-05-10T09:33:24+00:00","breadcrumb":{"@id":"https:\/\/papirol.si\/sr\/prodajni-program\/papirne-kese-za-nosenje\/kese-za-nosenje-bela-natura-sa-ravnom-ruckom-2\/#breadcrumb"},"inLanguage":"de","potentialAction":[{"@type":"ReadAction","target":["https:\/\/papirol.si\/sr\/prodajni-program\/papirne-kese-za-nosenje\/kese-za-nosenje-bela-natura-sa-ravnom-ruckom-2\/"]}]},{"@type":"ImageObject","inLanguage":"de","@id":"https:\/\/papirol.si\/sr\/prodajni-program\/papirne-kese-za-nosenje\/kese-za-nosenje-bela-natura-sa-ravnom-ruckom-2\/#primaryimage","url":"https:\/\/papirol.si\/wp-content\/uploads\/2019\/12\/nosilne_bele_vse_kot.png","contentUrl":"https:\/\/papirol.si\/wp-content\/uploads\/2019\/12\/nosilne_bele_vse_kot.png"},{"@type":"BreadcrumbList","@id":"https:\/\/papirol.si\/sr\/prodajni-program\/papirne-kese-za-nosenje\/kese-za-nosenje-bela-natura-sa-ravnom-ruckom-2\/#breadcrumb","itemListElement":[{"@type":"ListItem","position":1,"name":"Home","item":"https:\/\/papirol.si\/"},{"@type":"ListItem","position":2,"name":"Prodajni program","item":"https:\/\/papirol.si\/sr\/prodajni-program\/"},{"@type":"ListItem","position":3,"name":"Papirne kese za no\u0161enje","item":"https:\/\/papirol.si\/sr\/prodajni-program\/papirne-kese-za-nosenje\/"},{"@type":"ListItem","position":4,"name":"Kese za no\u0161enje bela natura sa ravnom ru\u010dkom"}]},{"@type":"WebSite","@id":"https:\/\/papirol.si\/#website","url":"https:\/\/papirol.si\/","name":"Papirol","description":"Wir kleiden Ihre Produkte seit 36 Jahren ein!","publisher":{"@id":"https:\/\/papirol.si\/#organization"},"potentialAction":[{"@type":"SearchAction","target":{"@type":"EntryPoint","urlTemplate":"https:\/\/papirol.si\/?s={search_term_string}"},"query-input":{"@type":"PropertyValueSpecification","valueRequired":true,"valueName":"search_term_string"}}],"inLanguage":"de"},{"@type":"Organization","@id":"https:\/\/papirol.si\/#organization","name":"Papirol","url":"https:\/\/papirol.si\/","logo":{"@type":"ImageObject","inLanguage":"de","@id":"https:\/\/papirol.si\/#\/schema\/logo\/image\/","url":"https:\/\/papirol.si\/wp-content\/uploads\/2019\/12\/papirol-bela.png","contentUrl":"https:\/\/papirol.si\/wp-content\/uploads\/2019\/12\/papirol-bela.png","width":400,"height":80,"caption":"Papirol"},"image":{"@id":"https:\/\/papirol.si\/#\/schema\/logo\/image\/"}}]}},"_links":{"self":[{"href":"https:\/\/papirol.si\/de\/wp-json\/wp\/v2\/pages\/4032","targetHints":{"allow":["GET"]}}],"collection":[{"href":"https:\/\/papirol.si\/de\/wp-json\/wp\/v2\/pages"}],"about":[{"href":"https:\/\/papirol.si\/de\/wp-json\/wp\/v2\/types\/page"}],"author":[{"embeddable":true,"href":"https:\/\/papirol.si\/de\/wp-json\/wp\/v2\/users\/5"}],"replies":[{"embeddable":true,"href":"https:\/\/papirol.si\/de\/wp-json\/wp\/v2\/comments?post=4032"}],"version-history":[{"count":8,"href":"https:\/\/papirol.si\/de\/wp-json\/wp\/v2\/pages\/4032\/revisions"}],"predecessor-version":[{"id":4289,"href":"https:\/\/papirol.si\/de\/wp-json\/wp\/v2\/pages\/4032\/revisions\/4289"}],"up":[{"embeddable":true,"href":"https:\/\/papirol.si\/de\/wp-json\/wp\/v2\/pages\/4014"}],"wp:attachment":[{"href":"https:\/\/papirol.si\/de\/wp-json\/wp\/v2\/media?parent=4032"}],"curies":[{"name":"wp","href":"https:\/\/api.w.org\/{rel}","templated":true}]}}