{"id":4075,"date":"2023-05-08T14:11:48","date_gmt":"2023-05-08T12:11:48","guid":{"rendered":"https:\/\/papirol.si\/?page_id=4075"},"modified":"2023-05-08T14:19:14","modified_gmt":"2023-05-08T12:19:14","slug":"fast-food-zum-mitnehmen-und-fast-food","status":"publish","type":"page","link":"https:\/\/papirol.si\/de\/prodajni-program\/kese-za-take-away-i-brzu-hranu-fast-food\/","title":{"rendered":"Fast Food zum Mitnehmen und Fast Food"},"content":{"rendered":"<div data-elementor-type=\"wp-page\" data-elementor-id=\"4075\" class=\"elementor elementor-4075\" data-elementor-post-type=\"page\">\n\t\t\t\t\t\t<section class=\"elementor-section elementor-inner-section elementor-element elementor-element-60ec8447 elementor-section-boxed elementor-section-height-default elementor-section-height-default\" data-id=\"60ec8447\" data-element_type=\"section\" data-e-type=\"section\" id=\"prodajni-list\" data-settings=\"{&quot;background_background&quot;:&quot;classic&quot;}\">\n\t\t\t\t\t\t<div class=\"elementor-container elementor-column-gap-default\">\n\t\t\t\t\t<div class=\"elementor-column elementor-col-50 elementor-inner-column elementor-element elementor-element-1e762ab2\" data-id=\"1e762ab2\" data-element_type=\"column\" data-e-type=\"column\">\n\t\t\t<div class=\"elementor-widget-wrap elementor-element-populated\">\n\t\t\t\t\t\t<div class=\"elementor-element elementor-element-7a7d5199 prodajni-tile elementor-position-top elementor-widget elementor-widget-image-box\" data-id=\"7a7d5199\" data-element_type=\"widget\" data-e-type=\"widget\" data-widget_type=\"image-box.default\">\n\t\t\t\t\t<div class=\"elementor-image-box-wrapper\"><figure class=\"elementor-image-box-img\"><a href=\"\/de\/verkaufsprogramm\/tuten-fur-take-away-und-fast-food\/fast-food\/\" tabindex=\"-1\"><img fetchpriority=\"high\" decoding=\"async\" width=\"640\" height=\"640\" src=\"https:\/\/papirol.si\/wp-content\/uploads\/2020\/01\/226350.png\" class=\"attachment-full size-full wp-image-2328\" alt=\"\" srcset=\"https:\/\/papirol.si\/wp-content\/uploads\/2020\/01\/226350.png 640w, https:\/\/papirol.si\/wp-content\/uploads\/2020\/01\/226350-300x300.png 300w, https:\/\/papirol.si\/wp-content\/uploads\/2020\/01\/226350-150x150.png 150w, https:\/\/papirol.si\/wp-content\/uploads\/2020\/01\/226350-285x285.png 285w\" sizes=\"(max-width: 640px) 100vw, 640px\" \/><\/a><\/figure><div class=\"elementor-image-box-content\"><h3 class=\"elementor-image-box-title\"><a href=\"\/de\/verkaufsprogramm\/tuten-fur-take-away-und-fast-food\/fast-food\/\">Fast Food<\/a><\/h3><p class=\"elementor-image-box-description\">Wei\u00dfe oder braune Papiert\u00fcten. Klassische oder fettdichte Papiert\u00fcten.\n<br><br>\n<strong>\nNutzbarkeit der verschiedenen Dimensionen:<\/strong>\n<ul>\n<li>Tragetaschen zum Mitnehmen<\/li>\n<li>T\u00fcten f\u00fcr Pommes frites, Croissants, Kleingeb\u00e4ck<\/li>\n<li>T\u00fcten f\u00fcr Burger, Spie\u00dfe, Pizzaschnitten, Pfannkuchen<\/li>\n<\/ul><\/p><\/div><\/div>\t\t\t\t<\/div>\n\t\t\t\t\t<\/div>\n\t\t<\/div>\n\t\t\t\t<div class=\"elementor-column elementor-col-50 elementor-inner-column elementor-element elementor-element-73e52b96\" data-id=\"73e52b96\" data-element_type=\"column\" data-e-type=\"column\">\n\t\t\t<div class=\"elementor-widget-wrap\">\n\t\t\t\t\t\t\t<\/div>\n\t\t<\/div>\n\t\t\t\t\t<\/div>\n\t\t<\/section>\n\t\t\t\t<\/div>","protected":false},"excerpt":{"rendered":"<p>Fast food Vre\u010dke iz belega ali rjavega papirja. Vre\u010dke iz klasi\u010dnega ali ma\u0161\u010doboodpornega papirja. Uporabnost razli\u010dnih dimenzij: nosilne&#8230;<\/p>","protected":false},"author":5,"featured_media":0,"parent":3922,"menu_order":5,"comment_status":"closed","ping_status":"closed","template":"elementor_header_footer","meta":{"footnotes":""},"class_list":["post-4075","page","type-page","status-publish","hentry"],"yoast_head":"<!-- This site is optimized with the Yoast SEO plugin v27.3 - https:\/\/yoast.com\/product\/yoast-seo-wordpress\/ -->\n<title>Kese za take away i brzu hranu Fast food | Papirol<\/title>\n<meta name=\"robots\" content=\"index, follow, max-snippet:-1, max-image-preview:large, max-video-preview:-1\" \/>\n<link rel=\"canonical\" href=\"https:\/\/papirol.si\/de\/verkaufsprogramm\/fast-food-zum-mitnehmen-und-fast-food\/\" \/>\n<meta property=\"og:locale\" content=\"de_DE\" \/>\n<meta property=\"og:type\" content=\"article\" \/>\n<meta property=\"og:title\" content=\"Kese za take away i brzu hranu Fast food | Papirol\" \/>\n<meta property=\"og:description\" content=\"Fast food Vre\u010dke iz belega ali rjavega papirja. Vre\u010dke iz klasi\u010dnega ali ma\u0161\u010doboodpornega papirja. Uporabnost razli\u010dnih dimenzij: nosilne...\" \/>\n<meta property=\"og:url\" content=\"https:\/\/papirol.si\/de\/verkaufsprogramm\/fast-food-zum-mitnehmen-und-fast-food\/\" \/>\n<meta property=\"og:site_name\" content=\"Papirol\" \/>\n<meta property=\"article:modified_time\" content=\"2023-05-08T12:19:14+00:00\" \/>\n<meta property=\"og:image\" content=\"https:\/\/papirol.si\/wp-content\/uploads\/2020\/01\/226350.png\" \/>\n\t<meta property=\"og:image:width\" content=\"640\" \/>\n\t<meta property=\"og:image:height\" content=\"640\" \/>\n\t<meta property=\"og:image:type\" content=\"image\/png\" \/>\n<meta name=\"twitter:card\" content=\"summary_large_image\" \/>\n<script type=\"application\/ld+json\" class=\"yoast-schema-graph\">{\"@context\":\"https:\\\/\\\/schema.org\",\"@graph\":[{\"@type\":\"WebPage\",\"@id\":\"https:\\\/\\\/papirol.si\\\/sr\\\/prodajni-program\\\/kese-za-take-away-i-brzu-hranu-fast-food\\\/\",\"url\":\"https:\\\/\\\/papirol.si\\\/sr\\\/prodajni-program\\\/kese-za-take-away-i-brzu-hranu-fast-food\\\/\",\"name\":\"Kese za take away i brzu hranu Fast food | Papirol\",\"isPartOf\":{\"@id\":\"https:\\\/\\\/papirol.si\\\/#website\"},\"primaryImageOfPage\":{\"@id\":\"https:\\\/\\\/papirol.si\\\/sr\\\/prodajni-program\\\/kese-za-take-away-i-brzu-hranu-fast-food\\\/#primaryimage\"},\"image\":{\"@id\":\"https:\\\/\\\/papirol.si\\\/sr\\\/prodajni-program\\\/kese-za-take-away-i-brzu-hranu-fast-food\\\/#primaryimage\"},\"thumbnailUrl\":\"https:\\\/\\\/papirol.si\\\/wp-content\\\/uploads\\\/2020\\\/01\\\/226350.png\",\"datePublished\":\"2023-05-08T12:11:48+00:00\",\"dateModified\":\"2023-05-08T12:19:14+00:00\",\"breadcrumb\":{\"@id\":\"https:\\\/\\\/papirol.si\\\/sr\\\/prodajni-program\\\/kese-za-take-away-i-brzu-hranu-fast-food\\\/#breadcrumb\"},\"inLanguage\":\"de\",\"potentialAction\":[{\"@type\":\"ReadAction\",\"target\":[\"https:\\\/\\\/papirol.si\\\/sr\\\/prodajni-program\\\/kese-za-take-away-i-brzu-hranu-fast-food\\\/\"]}]},{\"@type\":\"ImageObject\",\"inLanguage\":\"de\",\"@id\":\"https:\\\/\\\/papirol.si\\\/sr\\\/prodajni-program\\\/kese-za-take-away-i-brzu-hranu-fast-food\\\/#primaryimage\",\"url\":\"https:\\\/\\\/papirol.si\\\/wp-content\\\/uploads\\\/2020\\\/01\\\/226350.png\",\"contentUrl\":\"https:\\\/\\\/papirol.si\\\/wp-content\\\/uploads\\\/2020\\\/01\\\/226350.png\"},{\"@type\":\"BreadcrumbList\",\"@id\":\"https:\\\/\\\/papirol.si\\\/sr\\\/prodajni-program\\\/kese-za-take-away-i-brzu-hranu-fast-food\\\/#breadcrumb\",\"itemListElement\":[{\"@type\":\"ListItem\",\"position\":1,\"name\":\"Home\",\"item\":\"https:\\\/\\\/papirol.si\\\/\"},{\"@type\":\"ListItem\",\"position\":2,\"name\":\"Prodajni program\",\"item\":\"https:\\\/\\\/papirol.si\\\/sr\\\/prodajni-program\\\/\"},{\"@type\":\"ListItem\",\"position\":3,\"name\":\"Kese za take away i brzu hranu Fast food\"}]},{\"@type\":\"WebSite\",\"@id\":\"https:\\\/\\\/papirol.si\\\/#website\",\"url\":\"https:\\\/\\\/papirol.si\\\/\",\"name\":\"Papirol\",\"description\":\"Obla\u010dimo va\u0161e izdelke \u017ee 36 let!\",\"publisher\":{\"@id\":\"https:\\\/\\\/papirol.si\\\/#organization\"},\"potentialAction\":[{\"@type\":\"SearchAction\",\"target\":{\"@type\":\"EntryPoint\",\"urlTemplate\":\"https:\\\/\\\/papirol.si\\\/?s={search_term_string}\"},\"query-input\":{\"@type\":\"PropertyValueSpecification\",\"valueRequired\":true,\"valueName\":\"search_term_string\"}}],\"inLanguage\":\"de\"},{\"@type\":\"Organization\",\"@id\":\"https:\\\/\\\/papirol.si\\\/#organization\",\"name\":\"Papirol\",\"url\":\"https:\\\/\\\/papirol.si\\\/\",\"logo\":{\"@type\":\"ImageObject\",\"inLanguage\":\"de\",\"@id\":\"https:\\\/\\\/papirol.si\\\/#\\\/schema\\\/logo\\\/image\\\/\",\"url\":\"https:\\\/\\\/papirol.si\\\/wp-content\\\/uploads\\\/2019\\\/12\\\/papirol-bela.png\",\"contentUrl\":\"https:\\\/\\\/papirol.si\\\/wp-content\\\/uploads\\\/2019\\\/12\\\/papirol-bela.png\",\"width\":400,\"height\":80,\"caption\":\"Papirol\"},\"image\":{\"@id\":\"https:\\\/\\\/papirol.si\\\/#\\\/schema\\\/logo\\\/image\\\/\"}}]}<\/script>\n<!-- \/ Yoast SEO plugin. -->","yoast_head_json":{"title":"Fast Food und Boxen zum Mitnehmen | Papirol","robots":{"index":"index","follow":"follow","max-snippet":"max-snippet:-1","max-image-preview":"max-image-preview:large","max-video-preview":"max-video-preview:-1"},"canonical":"https:\/\/papirol.si\/de\/verkaufsprogramm\/fast-food-zum-mitnehmen-und-fast-food\/","og_locale":"de_DE","og_type":"article","og_title":"Kese za take away i brzu hranu Fast food | Papirol","og_description":"Fast food Vre\u010dke iz belega ali rjavega papirja. Vre\u010dke iz klasi\u010dnega ali ma\u0161\u010doboodpornega papirja. Uporabnost razli\u010dnih dimenzij: nosilne...","og_url":"https:\/\/papirol.si\/de\/verkaufsprogramm\/fast-food-zum-mitnehmen-und-fast-food\/","og_site_name":"Papirol","article_modified_time":"2023-05-08T12:19:14+00:00","og_image":[{"width":640,"height":640,"url":"https:\/\/papirol.si\/wp-content\/uploads\/2020\/01\/226350.png","type":"image\/png"}],"twitter_card":"summary_large_image","schema":{"@context":"https:\/\/schema.org","@graph":[{"@type":"WebPage","@id":"https:\/\/papirol.si\/sr\/prodajni-program\/kese-za-take-away-i-brzu-hranu-fast-food\/","url":"https:\/\/papirol.si\/sr\/prodajni-program\/kese-za-take-away-i-brzu-hranu-fast-food\/","name":"Fast Food und Boxen zum Mitnehmen | Papirol","isPartOf":{"@id":"https:\/\/papirol.si\/#website"},"primaryImageOfPage":{"@id":"https:\/\/papirol.si\/sr\/prodajni-program\/kese-za-take-away-i-brzu-hranu-fast-food\/#primaryimage"},"image":{"@id":"https:\/\/papirol.si\/sr\/prodajni-program\/kese-za-take-away-i-brzu-hranu-fast-food\/#primaryimage"},"thumbnailUrl":"https:\/\/papirol.si\/wp-content\/uploads\/2020\/01\/226350.png","datePublished":"2023-05-08T12:11:48+00:00","dateModified":"2023-05-08T12:19:14+00:00","breadcrumb":{"@id":"https:\/\/papirol.si\/sr\/prodajni-program\/kese-za-take-away-i-brzu-hranu-fast-food\/#breadcrumb"},"inLanguage":"de","potentialAction":[{"@type":"ReadAction","target":["https:\/\/papirol.si\/sr\/prodajni-program\/kese-za-take-away-i-brzu-hranu-fast-food\/"]}]},{"@type":"ImageObject","inLanguage":"de","@id":"https:\/\/papirol.si\/sr\/prodajni-program\/kese-za-take-away-i-brzu-hranu-fast-food\/#primaryimage","url":"https:\/\/papirol.si\/wp-content\/uploads\/2020\/01\/226350.png","contentUrl":"https:\/\/papirol.si\/wp-content\/uploads\/2020\/01\/226350.png"},{"@type":"BreadcrumbList","@id":"https:\/\/papirol.si\/sr\/prodajni-program\/kese-za-take-away-i-brzu-hranu-fast-food\/#breadcrumb","itemListElement":[{"@type":"ListItem","position":1,"name":"Home","item":"https:\/\/papirol.si\/"},{"@type":"ListItem","position":2,"name":"Prodajni program","item":"https:\/\/papirol.si\/sr\/prodajni-program\/"},{"@type":"ListItem","position":3,"name":"Kese za take away i brzu hranu Fast food"}]},{"@type":"WebSite","@id":"https:\/\/papirol.si\/#website","url":"https:\/\/papirol.si\/","name":"Papirol","description":"Wir kleiden Ihre Produkte seit 36 Jahren ein!","publisher":{"@id":"https:\/\/papirol.si\/#organization"},"potentialAction":[{"@type":"SearchAction","target":{"@type":"EntryPoint","urlTemplate":"https:\/\/papirol.si\/?s={search_term_string}"},"query-input":{"@type":"PropertyValueSpecification","valueRequired":true,"valueName":"search_term_string"}}],"inLanguage":"de"},{"@type":"Organization","@id":"https:\/\/papirol.si\/#organization","name":"Papirol","url":"https:\/\/papirol.si\/","logo":{"@type":"ImageObject","inLanguage":"de","@id":"https:\/\/papirol.si\/#\/schema\/logo\/image\/","url":"https:\/\/papirol.si\/wp-content\/uploads\/2019\/12\/papirol-bela.png","contentUrl":"https:\/\/papirol.si\/wp-content\/uploads\/2019\/12\/papirol-bela.png","width":400,"height":80,"caption":"Papirol"},"image":{"@id":"https:\/\/papirol.si\/#\/schema\/logo\/image\/"}}]}},"_links":{"self":[{"href":"https:\/\/papirol.si\/de\/wp-json\/wp\/v2\/pages\/4075","targetHints":{"allow":["GET"]}}],"collection":[{"href":"https:\/\/papirol.si\/de\/wp-json\/wp\/v2\/pages"}],"about":[{"href":"https:\/\/papirol.si\/de\/wp-json\/wp\/v2\/types\/page"}],"author":[{"embeddable":true,"href":"https:\/\/papirol.si\/de\/wp-json\/wp\/v2\/users\/5"}],"replies":[{"embeddable":true,"href":"https:\/\/papirol.si\/de\/wp-json\/wp\/v2\/comments?post=4075"}],"version-history":[{"count":2,"href":"https:\/\/papirol.si\/de\/wp-json\/wp\/v2\/pages\/4075\/revisions"}],"predecessor-version":[{"id":4077,"href":"https:\/\/papirol.si\/de\/wp-json\/wp\/v2\/pages\/4075\/revisions\/4077"}],"up":[{"embeddable":true,"href":"https:\/\/papirol.si\/de\/wp-json\/wp\/v2\/pages\/3922"}],"wp:attachment":[{"href":"https:\/\/papirol.si\/de\/wp-json\/wp\/v2\/media?parent=4075"}],"curies":[{"name":"wp","href":"https:\/\/api.w.org\/{rel}","templated":true}]}}