{"id":4246,"date":"2023-05-09T15:20:44","date_gmt":"2023-05-09T13:20:44","guid":{"rendered":"https:\/\/papirol.si\/?page_id=4246"},"modified":"2023-05-10T11:07:24","modified_gmt":"2023-05-10T09:07:24","slug":"flachbodentaschen","status":"publish","type":"page","link":"https:\/\/papirol.si\/de\/potraznja\/vrecke-z-ravnim-dnom\/","title":{"rendered":"Papierk\u00f6rbe mit flachem Boden"},"content":{"rendered":"<div data-elementor-type=\"wp-post\" data-elementor-id=\"4246\" class=\"elementor elementor-4246\" data-elementor-post-type=\"page\">\n\t\t\t\t\t\t<section class=\"elementor-section elementor-top-section elementor-element elementor-element-c1153d9 elementor-section-boxed elementor-section-height-default elementor-section-height-default\" data-id=\"c1153d9\" data-element_type=\"section\" data-e-type=\"section\">\n\t\t\t\t\t\t<div class=\"elementor-container elementor-column-gap-default\">\n\t\t\t\t\t<div class=\"elementor-column elementor-col-100 elementor-top-column elementor-element elementor-element-3cca13e elementor-invisible\" data-id=\"3cca13e\" data-element_type=\"column\" data-e-type=\"column\" data-settings=\"{&quot;animation&quot;:&quot;fadeIn&quot;,&quot;animation_delay&quot;:200}\">\n\t\t\t<div class=\"elementor-widget-wrap elementor-element-populated\">\n\t\t\t\t\t\t<div class=\"elementor-element elementor-element-afc7b30 elementor-widget elementor-widget-heading\" data-id=\"afc7b30\" data-element_type=\"widget\" data-e-type=\"widget\" data-widget_type=\"heading.default\">\n\t\t\t\t\t<h2 class=\"elementor-heading-title elementor-size-default elementor-heading-title elementor-align-after-center\">Papierk\u00f6rbe mit flachem Boden<\/h2>\t\t\t\t<\/div>\n\t\t\t\t<div class=\"elementor-element elementor-element-830e318 elementor-widget elementor-widget-shortcode\" data-id=\"830e318\" data-element_type=\"widget\" data-e-type=\"widget\" data-widget_type=\"shortcode.default\">\n\t\t\t\t\t\t\t<div class=\"elementor-shortcode\">\n<div class=\"wpcf7 no-js\" id=\"wpcf7-f2476-o1\" lang=\"sl-SI\" dir=\"ltr\" data-wpcf7-id=\"2476\">\n<div class=\"screen-reader-response\"><p role=\"status\" aria-live=\"polite\" aria-atomic=\"true\"><\/p> <ul><\/ul><\/div>\n<form action=\"\/de\/wp-json\/wp\/v2\/pages\/4246#wpcf7-f2476-o1\" method=\"post\" class=\"wpcf7-form init\" aria-label=\"Contact form\" novalidate=\"novalidate\" data-status=\"init\" data-trp-original-action=\"\/de\/wp-json\/wp\/v2\/pages\/4246#wpcf7-f2476-o1\">\n<fieldset class=\"hidden-fields-container\"><input type=\"hidden\" name=\"_wpcf7\" value=\"2476\" \/><input type=\"hidden\" name=\"_wpcf7_version\" value=\"6.1.5\" \/><input type=\"hidden\" name=\"_wpcf7_locale\" value=\"sl_SI\" \/><input type=\"hidden\" name=\"_wpcf7_unit_tag\" value=\"wpcf7-f2476-o1\" \/><input type=\"hidden\" name=\"_wpcf7_container_post\" value=\"0\" \/><input type=\"hidden\" name=\"_wpcf7_posted_data_hash\" value=\"\" \/><input type=\"hidden\" name=\"_wpcf7_recaptcha_response\" value=\"\" \/>\n<\/fieldset>\n<div id=\"pform\">\n\t<p><label> Ihr Name *<br \/>\n<span class=\"wpcf7-form-control-wrap\" data-name=\"ime\"><input size=\"40\" maxlength=\"400\" class=\"wpcf7-form-control wpcf7-text wpcf7-validates-as-required\" aria-required=\"true\" aria-invalid=\"false\" value=\"\" type=\"text\" name=\"ime\" \/><\/span><br \/>\n<\/label>\n\t<\/p>\n\t<p><label> Ihre E-Mail *<br \/>\n<span class=\"wpcf7-form-control-wrap\" data-name=\"email\"><input size=\"40\" maxlength=\"400\" class=\"wpcf7-form-control wpcf7-email wpcf7-validates-as-required wpcf7-text wpcf7-validates-as-email\" aria-required=\"true\" aria-invalid=\"false\" value=\"\" type=\"email\" name=\"email\" \/><\/span><br \/>\n<\/label>\n\t<\/p>\n\t<div class=\"sep\">\n\t<\/div>\n\t<div>\n\t\t<p><label>Papierart<\/label><span class=\"wpcf7-form-control-wrap\" data-name=\"papir\"><span class=\"wpcf7-form-control wpcf7-checkbox\"><span class=\"wpcf7-list-item first\"><label><input type=\"checkbox\" name=\"papir[]\" value=\"Beli papir\" \/><span class=\"wpcf7-list-item-label\">Wei\u00dfbuch<\/span><\/label><\/span><span class=\"wpcf7-list-item last\"><label><input type=\"checkbox\" name=\"papir[]\" value=\"Natron rjavi papir\" \/><span class=\"wpcf7-list-item-label\">Braunes Natronpapier<\/span><\/label><\/span><\/span><\/span>\n\t\t<\/p>\n\t<\/div>\n\t<div>\n\t\t<p><label>Art der Tasche<\/label><span class=\"wpcf7-form-control-wrap\" data-name=\"vrsta-vrecke\"><span class=\"wpcf7-form-control wpcf7-checkbox\"><span class=\"wpcf7-list-item first\"><label><input type=\"checkbox\" name=\"vrsta-vrecke[]\" value=\"\u0160krnicelj - \u017eepek - fast food\" \/><span class=\"wpcf7-list-item-label\">\u0160krnicelj - Tasche - Schnellimbiss<\/span><\/label><\/span><span class=\"wpcf7-list-item last\"><label><input type=\"checkbox\" name=\"vrsta-vrecke[]\" value=\"\u0160krnicelj z oknom\" \/><span class=\"wpcf7-list-item-label\">Storch mit Fenster<\/span><\/label><\/span><\/span><\/span>\n\t\t<\/p>\n\t<\/div>\n\t<div>\n\t\t<p><label>Abmessungen <b>Papiert\u00fcte natura<\/b><\/label><br \/>\n<span class=\"wpcf7-form-control-wrap\" data-name=\"dimen-pap-vrecka-natura\"><span class=\"wpcf7-form-control wpcf7-checkbox\"><span class=\"wpcf7-list-item first\"><label><input type=\"checkbox\" name=\"dimen-pap-vrecka-natura[]\" value=\"\u00bc-10+6x19 cm\" \/><span class=\"wpcf7-list-item-label\">\u00bc-10+6x19 cm<\/span><\/label><\/span><span class=\"wpcf7-list-item\"><label><input type=\"checkbox\" name=\"dimen-pap-vrecka-natura[]\" value=\"\u00bd-12+7x24 cm\" \/><span class=\"wpcf7-list-item-label\">\u00bd-12+7x24 cm<\/span><\/label><\/span><span class=\"wpcf7-list-item\"><label><input type=\"checkbox\" name=\"dimen-pap-vrecka-natura[]\" value=\"1-14+10x29 cm\" \/><span class=\"wpcf7-list-item-label\">1-14+10x29 cm<\/span><\/label><\/span><span class=\"wpcf7-list-item\"><label><input type=\"checkbox\" name=\"dimen-pap-vrecka-natura[]\" value=\"2-17+7x36 cm\" \/><span class=\"wpcf7-list-item-label\">2-17+7x36 cm<\/span><\/label><\/span><span class=\"wpcf7-list-item\"><label><input type=\"checkbox\" name=\"dimen-pap-vrecka-natura[]\" value=\"3-19+10x36 cm\" \/><span class=\"wpcf7-list-item-label\">3-19+10x36 cm<\/span><\/label><\/span><span class=\"wpcf7-list-item\"><label><input type=\"checkbox\" name=\"dimen-pap-vrecka-natura[]\" value=\"4-22+12x39 cm\" \/><span class=\"wpcf7-list-item-label\">4-22+12x39 cm<\/span><\/label><\/span><span class=\"wpcf7-list-item\"><label><input type=\"checkbox\" name=\"dimen-pap-vrecka-natura[]\" value=\"5-30+9x49 cm\" \/><span class=\"wpcf7-list-item-label\">5-30+9x49 cm<\/span><\/label><\/span><span class=\"wpcf7-list-item\"><label><input type=\"checkbox\" name=\"dimen-pap-vrecka-natura[]\" value=\"V-30+9x39 cm\" \/><span class=\"wpcf7-list-item-label\">H-30+9x39 cm<\/span><\/label><\/span><span class=\"wpcf7-list-item\"><label><input type=\"checkbox\" name=\"dimen-pap-vrecka-natura[]\" value=\"S-8,5x15 cm\" \/><span class=\"wpcf7-list-item-label\">S-8,5x15 cm<\/span><\/label><\/span><span class=\"wpcf7-list-item\"><label><input type=\"checkbox\" name=\"dimen-pap-vrecka-natura[]\" value=\"M-10x17 cm\" \/><span class=\"wpcf7-list-item-label\">M-10x17 cm<\/span><\/label><\/span><span class=\"wpcf7-list-item\"><label><input type=\"checkbox\" name=\"dimen-pap-vrecka-natura[]\" value=\"L-12x19 cm\" \/><span class=\"wpcf7-list-item-label\">L-12x19 cm<\/span><\/label><\/span><span class=\"wpcf7-list-item\"><label><input type=\"checkbox\" name=\"dimen-pap-vrecka-natura[]\" value=\"X-17x17 cm\" \/><span class=\"wpcf7-list-item-label\">X-17x17 cm<\/span><\/label><\/span><span class=\"wpcf7-list-item\"><label><input type=\"checkbox\" name=\"dimen-pap-vrecka-natura[]\" value=\"XL-20x20 cm\" \/><span class=\"wpcf7-list-item-label\">XL-20x20 cm<\/span><\/label><\/span><span class=\"wpcf7-list-item last\"><label><input type=\"checkbox\" name=\"dimen-pap-vrecka-natura[]\" value=\"F-12+4x49 cm\" \/><span class=\"wpcf7-list-item-label\">F-12+4x49 cm<\/span><\/label><\/span><\/span><\/span>\n\t\t<\/p>\n\t<\/div>\n\t<div>\n\t\t<p><label>Abmessungen <b>Papiert\u00fcte wei\u00df natur<\/b><\/label><br \/>\n<span class=\"wpcf7-form-control-wrap\" data-name=\"dimen-pap-vrecka-bela-natura\"><span class=\"wpcf7-form-control wpcf7-checkbox\"><span class=\"wpcf7-list-item first\"><label><input type=\"checkbox\" name=\"dimen-pap-vrecka-bela-natura[]\" value=\"\u00bc-10+6x19 cm\" \/><span class=\"wpcf7-list-item-label\">\u00bc-10+6x19 cm<\/span><\/label><\/span><span class=\"wpcf7-list-item\"><label><input type=\"checkbox\" name=\"dimen-pap-vrecka-bela-natura[]\" value=\"\u00bd-12+7x24 cm\" \/><span class=\"wpcf7-list-item-label\">\u00bd-12+7x24 cm<\/span><\/label><\/span><span class=\"wpcf7-list-item\"><label><input type=\"checkbox\" name=\"dimen-pap-vrecka-bela-natura[]\" value=\"1-14+10x29 cm\" \/><span class=\"wpcf7-list-item-label\">1-14+10x29 cm<\/span><\/label><\/span><span class=\"wpcf7-list-item\"><label><input type=\"checkbox\" name=\"dimen-pap-vrecka-bela-natura[]\" value=\"2-17+7x36 cm\" \/><span class=\"wpcf7-list-item-label\">2-17+7x36 cm<\/span><\/label><\/span><span class=\"wpcf7-list-item\"><label><input type=\"checkbox\" name=\"dimen-pap-vrecka-bela-natura[]\" value=\"3-19+10x36 cm\" \/><span class=\"wpcf7-list-item-label\">3-19+10x36 cm<\/span><\/label><\/span><span class=\"wpcf7-list-item\"><label><input type=\"checkbox\" name=\"dimen-pap-vrecka-bela-natura[]\" value=\"4-22+12x39 cm\" \/><span class=\"wpcf7-list-item-label\">4-22+12x39 cm<\/span><\/label><\/span><span class=\"wpcf7-list-item\"><label><input type=\"checkbox\" name=\"dimen-pap-vrecka-bela-natura[]\" value=\"5-30+9x49 cm\" \/><span class=\"wpcf7-list-item-label\">5-30+9x49 cm<\/span><\/label><\/span><span class=\"wpcf7-list-item\"><label><input type=\"checkbox\" name=\"dimen-pap-vrecka-bela-natura[]\" value=\"V-30+9x39 cm\" \/><span class=\"wpcf7-list-item-label\">H-30+9x39 cm<\/span><\/label><\/span><span class=\"wpcf7-list-item\"><label><input type=\"checkbox\" name=\"dimen-pap-vrecka-bela-natura[]\" value=\"S-8,5x15 cm\" \/><span class=\"wpcf7-list-item-label\">S-8,5x15 cm<\/span><\/label><\/span><span class=\"wpcf7-list-item\"><label><input type=\"checkbox\" name=\"dimen-pap-vrecka-bela-natura[]\" value=\"M-10x17 cm\" \/><span class=\"wpcf7-list-item-label\">M-10x17 cm<\/span><\/label><\/span><span class=\"wpcf7-list-item\"><label><input type=\"checkbox\" name=\"dimen-pap-vrecka-bela-natura[]\" value=\"L-12x19 cm\" \/><span class=\"wpcf7-list-item-label\">L-12x19 cm<\/span><\/label><\/span><span class=\"wpcf7-list-item\"><label><input type=\"checkbox\" name=\"dimen-pap-vrecka-bela-natura[]\" value=\"X-17x17 cm\" \/><span class=\"wpcf7-list-item-label\">X-17x17 cm<\/span><\/label><\/span><span class=\"wpcf7-list-item last\"><label><input type=\"checkbox\" name=\"dimen-pap-vrecka-bela-natura[]\" value=\"XL-20x20 cm\" \/><span class=\"wpcf7-list-item-label\">XL-20x20 cm<\/span><\/label><\/span><\/span><\/span>\n\t\t<\/p>\n\t<\/div>\n\t<div>\n\t\t<p><label>Abmessungen <b>Papiert\u00fcte natura mit Fenster<\/b><\/label><br \/>\n<span class=\"wpcf7-form-control-wrap\" data-name=\"dimen-pap-vrecka-natura-okno\"><span class=\"wpcf7-form-control wpcf7-checkbox\"><span class=\"wpcf7-list-item first\"><label><input type=\"checkbox\" name=\"dimen-pap-vrecka-natura-okno[]\" value=\"\u00bd-12+4x29 cm\" \/><span class=\"wpcf7-list-item-label\">\u00bd-12+4x29 cm<\/span><\/label><\/span><span class=\"wpcf7-list-item\"><label><input type=\"checkbox\" name=\"dimen-pap-vrecka-natura-okno[]\" value=\"1-14+5x29 cm\" \/><span class=\"wpcf7-list-item-label\">1-14+5x29 cm<\/span><\/label><\/span><span class=\"wpcf7-list-item\"><label><input type=\"checkbox\" name=\"dimen-pap-vrecka-natura-okno[]\" value=\"1-14+5x43 cm\" \/><span class=\"wpcf7-list-item-label\">1-14+5x43 cm<\/span><\/label><\/span><span class=\"wpcf7-list-item\"><label><input type=\"checkbox\" name=\"dimen-pap-vrecka-natura-okno[]\" value=\"3-20+8x39 cm\" \/><span class=\"wpcf7-list-item-label\">3-20+8x39 cm<\/span><\/label><\/span><span class=\"wpcf7-list-item\"><label><input type=\"checkbox\" name=\"dimen-pap-vrecka-natura-okno[]\" value=\"M-25+10x47 cm\" \/><span class=\"wpcf7-list-item-label\">M-25+10x47 cm<\/span><\/label><\/span><span class=\"wpcf7-list-item\"><label><input type=\"checkbox\" name=\"dimen-pap-vrecka-natura-okno[]\" value=\"V-30+7x43 cm\" \/><span class=\"wpcf7-list-item-label\">H-30+7x43 cm<\/span><\/label><\/span><span class=\"wpcf7-list-item last\"><label><input type=\"checkbox\" name=\"dimen-pap-vrecka-natura-okno[]\" value=\"F-12+4x59 cm\" \/><span class=\"wpcf7-list-item-label\">F-12+4x59 cm<\/span><\/label><\/span><\/span><\/span>\n\t\t<\/p>\n\t<\/div>\n\t<div>\n\t\t<p><label>Abmessungen <b>Papiert\u00fcte wei\u00df natur mit Fenster<\/b><\/label><br \/>\n<span class=\"wpcf7-form-control-wrap\" data-name=\"dimen-pap-vrecka-bela-natura-okno\"><span class=\"wpcf7-form-control wpcf7-checkbox\"><span class=\"wpcf7-list-item first\"><label><input type=\"checkbox\" name=\"dimen-pap-vrecka-bela-natura-okno[]\" value=\"\u00bd-12+4x29 cm\" \/><span class=\"wpcf7-list-item-label\">\u00bd-12+4x29 cm<\/span><\/label><\/span><span class=\"wpcf7-list-item\"><label><input type=\"checkbox\" name=\"dimen-pap-vrecka-bela-natura-okno[]\" value=\"1-14+6x29 cm\" \/><span class=\"wpcf7-list-item-label\">1-14+6x29 cm<\/span><\/label><\/span><span class=\"wpcf7-list-item\"><label><input type=\"checkbox\" name=\"dimen-pap-vrecka-bela-natura-okno[]\" value=\"3-20+9x29 cm\" \/><span class=\"wpcf7-list-item-label\">3-20+9x29 cm<\/span><\/label><\/span><span class=\"wpcf7-list-item last\"><label><input type=\"checkbox\" name=\"dimen-pap-vrecka-bela-natura-okno[]\" value=\"F-12+4x59 cm\" \/><span class=\"wpcf7-list-item-label\">F-12+4x59 cm<\/span><\/label><\/span><\/span><\/span>\n\t\t<\/p>\n\t<\/div>\n\t<div class=\"povp-auto\">\n\t\t<p><label> Gedruckt von<\/label><br \/>\n<span class=\"wpcf7-form-control-wrap\" data-name=\"tip-tisk\"><span class=\"wpcf7-form-control wpcf7-checkbox\"><span class=\"wpcf7-list-item first\"><label><input type=\"checkbox\" name=\"tip-tisk[]\" value=\"Brez tiska\" \/><span class=\"wpcf7-list-item-label\">Keine Presse<\/span><\/label><\/span><span class=\"wpcf7-list-item\"><label><input type=\"checkbox\" name=\"tip-tisk[]\" value=\"Tisk 1 barva\" \/><span class=\"wpcf7-list-item-label\">Druck 1 Farbe<\/span><\/label><\/span><span class=\"wpcf7-list-item\"><label><input type=\"checkbox\" name=\"tip-tisk[]\" value=\"Tisk 2 barvi\" \/><span class=\"wpcf7-list-item-label\">2-Farben-Druck<\/span><\/label><\/span><span class=\"wpcf7-list-item last\"><label><input type=\"checkbox\" name=\"tip-tisk[]\" value=\"Tisk ve\u010d barv\" \/><span class=\"wpcf7-list-item-label\">Mehrfarbiger Druck<\/span><\/label><\/span><\/span><\/span>\n\t\t<\/p>\n\t<\/div>\n\t<p><label class=\"tisk\"> Kommentar der Presse<br \/>\n<span class=\"wpcf7-form-control-wrap\" data-name=\"tisk-komentar\"><textarea cols=\"40\" rows=\"10\" maxlength=\"2000\" class=\"wpcf7-form-control wpcf7-textarea\" aria-invalid=\"false\" name=\"tisk-komentar\"><\/textarea><\/span><br \/>\n<\/label>\n\t<\/p>\n\t<p><label> Menge<br \/>\n<span class=\"wpcf7-form-control-wrap\" data-name=\"kolicina\"><input size=\"40\" maxlength=\"400\" class=\"wpcf7-form-control wpcf7-text\" aria-invalid=\"false\" placeholder=\"Geben Sie den gew\u00fcnschten Wert der Menge an\" value=\"\" type=\"text\" name=\"kolicina\" \/><\/span><br \/>\n<\/label>\n\t<\/p>\n\t<div class=\"sep\">\n\t<\/div>\n\t<p><label> Weitere Fragen, Hinweise,...<br \/>\n<span class=\"wpcf7-form-control-wrap\" data-name=\"your-message\"><textarea cols=\"40\" rows=\"10\" maxlength=\"2000\" class=\"wpcf7-form-control wpcf7-textarea\" aria-invalid=\"false\" name=\"your-message\"><\/textarea><\/span><br \/>\n<\/label>\n\t<\/p>\n\t<div id=\"pform-send\">\n\t\t<p><input class=\"wpcf7-form-control wpcf7-submit has-spinner\" type=\"submit\" value=\"Senden an\" \/>\n\t\t<\/p>\n\t<\/div>\n\t<div id=\"pform-help\">\n\t\t<p>Brauchen Sie Hilfe beim Ausf\u00fcllen des Formulars oder haben Sie weitere Fragen?<a href=\"tel:+38651339399\">+386 (0)51 339 399<\/a>\n\t\t<\/p>\n\t<\/div>\n<\/div><div class=\"wpcf7-response-output\" aria-hidden=\"true\"><\/div>\n<input type=\"hidden\" name=\"trp-form-language\" value=\"de\"\/><\/form>\n<\/div>\n<\/div>\n\t\t\t\t\t\t<\/div>\n\t\t\t\t\t<\/div>\n\t\t<\/div>\n\t\t\t\t\t<\/div>\n\t\t<\/section>\n\t\t\t\t<\/div>","protected":false},"excerpt":{"rendered":"<p>Papierk\u00f6rbe mit flachem Boden<\/p>","protected":false},"author":5,"featured_media":0,"parent":4128,"menu_order":0,"comment_status":"closed","ping_status":"closed","template":"elementor_header_footer","meta":{"footnotes":""},"class_list":["post-4246","page","type-page","status-publish","hentry"],"yoast_head":"<!-- This site is optimized with the Yoast SEO plugin v27.3 - https:\/\/yoast.com\/product\/yoast-seo-wordpress\/ -->\n<title>Papirne kese sa ravnim dnom | Papirol<\/title>\n<meta name=\"robots\" content=\"index, follow, max-snippet:-1, max-image-preview:large, max-video-preview:-1\" \/>\n<link rel=\"canonical\" href=\"https:\/\/papirol.si\/de\/potraznja\/flachbodentaschen\/\" \/>\n<meta property=\"og:locale\" content=\"de_DE\" \/>\n<meta property=\"og:type\" content=\"article\" \/>\n<meta property=\"og:title\" content=\"Papirne kese sa ravnim dnom | Papirol\" \/>\n<meta property=\"og:description\" content=\"Papirne kese sa ravnim dnom\" \/>\n<meta property=\"og:url\" content=\"https:\/\/papirol.si\/de\/potraznja\/flachbodentaschen\/\" \/>\n<meta property=\"og:site_name\" content=\"Papirol\" \/>\n<meta property=\"article:modified_time\" content=\"2023-05-10T09:07:24+00:00\" \/>\n<meta name=\"twitter:card\" content=\"summary_large_image\" \/>\n<script type=\"application\/ld+json\" class=\"yoast-schema-graph\">{\"@context\":\"https:\\\/\\\/schema.org\",\"@graph\":[{\"@type\":\"WebPage\",\"@id\":\"https:\\\/\\\/papirol.si\\\/sr\\\/potraznja\\\/vrecke-z-ravnim-dnom\\\/\",\"url\":\"https:\\\/\\\/papirol.si\\\/sr\\\/potraznja\\\/vrecke-z-ravnim-dnom\\\/\",\"name\":\"Papirne kese sa ravnim dnom | Papirol\",\"isPartOf\":{\"@id\":\"https:\\\/\\\/papirol.si\\\/#website\"},\"datePublished\":\"2023-05-09T13:20:44+00:00\",\"dateModified\":\"2023-05-10T09:07:24+00:00\",\"breadcrumb\":{\"@id\":\"https:\\\/\\\/papirol.si\\\/sr\\\/potraznja\\\/vrecke-z-ravnim-dnom\\\/#breadcrumb\"},\"inLanguage\":\"de\",\"potentialAction\":[{\"@type\":\"ReadAction\",\"target\":[\"https:\\\/\\\/papirol.si\\\/sr\\\/potraznja\\\/vrecke-z-ravnim-dnom\\\/\"]}]},{\"@type\":\"BreadcrumbList\",\"@id\":\"https:\\\/\\\/papirol.si\\\/sr\\\/potraznja\\\/vrecke-z-ravnim-dnom\\\/#breadcrumb\",\"itemListElement\":[{\"@type\":\"ListItem\",\"position\":1,\"name\":\"Home\",\"item\":\"https:\\\/\\\/papirol.si\\\/\"},{\"@type\":\"ListItem\",\"position\":2,\"name\":\"Potra\u017enja\",\"item\":\"https:\\\/\\\/papirol.si\\\/sr\\\/potraznja\\\/\"},{\"@type\":\"ListItem\",\"position\":3,\"name\":\"Papirne kese sa ravnim dnom\"}]},{\"@type\":\"WebSite\",\"@id\":\"https:\\\/\\\/papirol.si\\\/#website\",\"url\":\"https:\\\/\\\/papirol.si\\\/\",\"name\":\"Papirol\",\"description\":\"Obla\u010dimo va\u0161e izdelke \u017ee 36 let!\",\"publisher\":{\"@id\":\"https:\\\/\\\/papirol.si\\\/#organization\"},\"potentialAction\":[{\"@type\":\"SearchAction\",\"target\":{\"@type\":\"EntryPoint\",\"urlTemplate\":\"https:\\\/\\\/papirol.si\\\/?s={search_term_string}\"},\"query-input\":{\"@type\":\"PropertyValueSpecification\",\"valueRequired\":true,\"valueName\":\"search_term_string\"}}],\"inLanguage\":\"de\"},{\"@type\":\"Organization\",\"@id\":\"https:\\\/\\\/papirol.si\\\/#organization\",\"name\":\"Papirol\",\"url\":\"https:\\\/\\\/papirol.si\\\/\",\"logo\":{\"@type\":\"ImageObject\",\"inLanguage\":\"de\",\"@id\":\"https:\\\/\\\/papirol.si\\\/#\\\/schema\\\/logo\\\/image\\\/\",\"url\":\"https:\\\/\\\/papirol.si\\\/wp-content\\\/uploads\\\/2019\\\/12\\\/papirol-bela.png\",\"contentUrl\":\"https:\\\/\\\/papirol.si\\\/wp-content\\\/uploads\\\/2019\\\/12\\\/papirol-bela.png\",\"width\":400,\"height\":80,\"caption\":\"Papirol\"},\"image\":{\"@id\":\"https:\\\/\\\/papirol.si\\\/#\\\/schema\\\/logo\\\/image\\\/\"}}]}<\/script>\n<!-- \/ Yoast SEO plugin. -->","yoast_head_json":{"title":"Papierk\u00f6rbe mit flachem Boden | Papirol","robots":{"index":"index","follow":"follow","max-snippet":"max-snippet:-1","max-image-preview":"max-image-preview:large","max-video-preview":"max-video-preview:-1"},"canonical":"https:\/\/papirol.si\/de\/potraznja\/flachbodentaschen\/","og_locale":"de_DE","og_type":"article","og_title":"Papirne kese sa ravnim dnom | Papirol","og_description":"Papirne kese sa ravnim dnom","og_url":"https:\/\/papirol.si\/de\/potraznja\/flachbodentaschen\/","og_site_name":"Papirol","article_modified_time":"2023-05-10T09:07:24+00:00","twitter_card":"summary_large_image","schema":{"@context":"https:\/\/schema.org","@graph":[{"@type":"WebPage","@id":"https:\/\/papirol.si\/sr\/potraznja\/vrecke-z-ravnim-dnom\/","url":"https:\/\/papirol.si\/sr\/potraznja\/vrecke-z-ravnim-dnom\/","name":"Papierk\u00f6rbe mit flachem Boden | Papirol","isPartOf":{"@id":"https:\/\/papirol.si\/#website"},"datePublished":"2023-05-09T13:20:44+00:00","dateModified":"2023-05-10T09:07:24+00:00","breadcrumb":{"@id":"https:\/\/papirol.si\/sr\/potraznja\/vrecke-z-ravnim-dnom\/#breadcrumb"},"inLanguage":"de","potentialAction":[{"@type":"ReadAction","target":["https:\/\/papirol.si\/sr\/potraznja\/vrecke-z-ravnim-dnom\/"]}]},{"@type":"BreadcrumbList","@id":"https:\/\/papirol.si\/sr\/potraznja\/vrecke-z-ravnim-dnom\/#breadcrumb","itemListElement":[{"@type":"ListItem","position":1,"name":"Home","item":"https:\/\/papirol.si\/"},{"@type":"ListItem","position":2,"name":"Potra\u017enja","item":"https:\/\/papirol.si\/sr\/potraznja\/"},{"@type":"ListItem","position":3,"name":"Papirne kese sa ravnim dnom"}]},{"@type":"WebSite","@id":"https:\/\/papirol.si\/#website","url":"https:\/\/papirol.si\/","name":"Papirol","description":"Wir kleiden Ihre Produkte seit 36 Jahren ein!","publisher":{"@id":"https:\/\/papirol.si\/#organization"},"potentialAction":[{"@type":"SearchAction","target":{"@type":"EntryPoint","urlTemplate":"https:\/\/papirol.si\/?s={search_term_string}"},"query-input":{"@type":"PropertyValueSpecification","valueRequired":true,"valueName":"search_term_string"}}],"inLanguage":"de"},{"@type":"Organization","@id":"https:\/\/papirol.si\/#organization","name":"Papirol","url":"https:\/\/papirol.si\/","logo":{"@type":"ImageObject","inLanguage":"de","@id":"https:\/\/papirol.si\/#\/schema\/logo\/image\/","url":"https:\/\/papirol.si\/wp-content\/uploads\/2019\/12\/papirol-bela.png","contentUrl":"https:\/\/papirol.si\/wp-content\/uploads\/2019\/12\/papirol-bela.png","width":400,"height":80,"caption":"Papirol"},"image":{"@id":"https:\/\/papirol.si\/#\/schema\/logo\/image\/"}}]}},"_links":{"self":[{"href":"https:\/\/papirol.si\/de\/wp-json\/wp\/v2\/pages\/4246","targetHints":{"allow":["GET"]}}],"collection":[{"href":"https:\/\/papirol.si\/de\/wp-json\/wp\/v2\/pages"}],"about":[{"href":"https:\/\/papirol.si\/de\/wp-json\/wp\/v2\/types\/page"}],"author":[{"embeddable":true,"href":"https:\/\/papirol.si\/de\/wp-json\/wp\/v2\/users\/5"}],"replies":[{"embeddable":true,"href":"https:\/\/papirol.si\/de\/wp-json\/wp\/v2\/comments?post=4246"}],"version-history":[{"count":4,"href":"https:\/\/papirol.si\/de\/wp-json\/wp\/v2\/pages\/4246\/revisions"}],"predecessor-version":[{"id":4258,"href":"https:\/\/papirol.si\/de\/wp-json\/wp\/v2\/pages\/4246\/revisions\/4258"}],"up":[{"embeddable":true,"href":"https:\/\/papirol.si\/de\/wp-json\/wp\/v2\/pages\/4128"}],"wp:attachment":[{"href":"https:\/\/papirol.si\/de\/wp-json\/wp\/v2\/media?parent=4246"}],"curies":[{"name":"wp","href":"https:\/\/api.w.org\/{rel}","templated":true}]}}