{"id":4364,"date":"2023-11-02T14:41:04","date_gmt":"2023-11-02T13:41:04","guid":{"rendered":"https:\/\/papirol.si\/?page_id=4364"},"modified":"2023-11-06T15:04:37","modified_gmt":"2023-11-06T14:04:37","slug":"druck-auf-die-serviettentragetaschen-der-einladung-und-auf-den-karton-der-emballage","status":"publish","type":"page","link":"https:\/\/papirol.si\/de\/prodajni-program\/tisk-na-nosilne-vrecke-serviete-vabila-in-kartonsko-embalazo\/","title":{"rendered":"Druck auf Tragetaschen, Servietten, Einladungen und Kartonverpackungen"},"content":{"rendered":"<div data-elementor-type=\"wp-page\" data-elementor-id=\"4364\" class=\"elementor elementor-4364\" data-elementor-post-type=\"page\">\n\t\t\t\t\t\t<section class=\"elementor-section elementor-inner-section elementor-element elementor-element-41f92015 elementor-section-boxed elementor-section-height-default elementor-section-height-default\" data-id=\"41f92015\" data-element_type=\"section\" data-e-type=\"section\" id=\"prodajni-list\" data-settings=\"{&quot;background_background&quot;:&quot;classic&quot;}\">\n\t\t\t\t\t\t<div class=\"elementor-container elementor-column-gap-default\">\n\t\t\t\t\t<div class=\"elementor-column elementor-col-50 elementor-inner-column elementor-element elementor-element-30dc705e\" data-id=\"30dc705e\" data-element_type=\"column\" data-e-type=\"column\">\n\t\t\t<div class=\"elementor-widget-wrap elementor-element-populated\">\n\t\t\t\t\t\t<div class=\"elementor-element elementor-element-78387fae prodajni-tile elementor-widget elementor-widget-image-box\" data-id=\"78387fae\" data-element_type=\"widget\" data-e-type=\"widget\" data-widget_type=\"image-box.default\">\n\t\t\t\t\t<div class=\"elementor-image-box-wrapper\"><div class=\"elementor-image-box-content\"><h3 class=\"elementor-image-box-title\">Druck auf Papiertragetaschen<\/h3><p class=\"elementor-image-box-description\"><br><br>\n<ul>\n<li>mehrfarbiger personalisierter Druck<\/li>\n<li>Druck auf konfektionierte Beutel<\/li>\n<li>M\u00f6glichkeit, kleine Mengen zu drucken<\/li>\n<li>unterschiedliche Dimensionen<\/li>\n<\/ul>\n<\/p><\/div><\/div>\t\t\t\t<\/div>\n\t\t\t\t<div class=\"elementor-element elementor-element-2df32bdc prodajni-tile elementor-widget elementor-widget-image-box\" data-id=\"2df32bdc\" data-element_type=\"widget\" data-e-type=\"widget\" data-widget_type=\"image-box.default\">\n\t\t\t\t\t<div class=\"elementor-image-box-wrapper\"><div class=\"elementor-image-box-content\"><h3 class=\"elementor-image-box-title\">Einladungen drucken<\/h3><p class=\"elementor-image-box-description\"><br><br>\n<strong>Personalisierter Druck von Einladungen f\u00fcr verschiedene Zwecke:<\/strong>\n<ul>\n<li>Hochzeiten<\/li>\n<li>Jahrestage<\/li> \n<li>Geburtstage<\/li>\n<li>Junggesellinnenabschiede<\/li>\n<li>Taufe<\/li>\n<li>und andere verschiedene Veranstaltungen<\/li>\n<\/ul><\/p><\/div><\/div>\t\t\t\t<\/div>\n\t\t\t\t<div class=\"elementor-element elementor-element-16fb95b prodajni-tile elementor-widget elementor-widget-image-box\" data-id=\"16fb95b\" data-element_type=\"widget\" data-e-type=\"widget\" data-widget_type=\"image-box.default\">\n\t\t\t\t\t<div class=\"elementor-image-box-wrapper\"><div class=\"elementor-image-box-content\"><h3 class=\"elementor-image-box-title\">Druck von Umschl\u00e4gen<\/h3><p class=\"elementor-image-box-description\"><br><br>\n<ul>\n<li>personalisierter Mehrfarbendruck (Firmenname, Logo)<\/li>\n<li>Druck kleiner Mengen<\/li> \n\n<\/ul><\/p><\/div><\/div>\t\t\t\t<\/div>\n\t\t\t\t\t<\/div>\n\t\t<\/div>\n\t\t\t\t<div class=\"elementor-column elementor-col-50 elementor-inner-column elementor-element elementor-element-297e083d\" data-id=\"297e083d\" data-element_type=\"column\" data-e-type=\"column\">\n\t\t\t<div class=\"elementor-widget-wrap elementor-element-populated\">\n\t\t\t\t\t\t<div class=\"elementor-element elementor-element-4cfa0aea prodajni-tile elementor-widget elementor-widget-image-box\" data-id=\"4cfa0aea\" data-element_type=\"widget\" data-e-type=\"widget\" data-widget_type=\"image-box.default\">\n\t\t\t\t\t<div class=\"elementor-image-box-wrapper\"><div class=\"elementor-image-box-content\"><h3 class=\"elementor-image-box-title\">Druck auf Servietten<\/h3><p class=\"elementor-image-box-description\"><br><br>\n<strong>Personalisierter Druck auf Seidenpapier f\u00fcr eine Vielzahl von Zwecken:<\/strong>\n<ul>\n<li>Hochzeiten<\/li>\n<li>Jahrestage<\/li> \n<li>Geburtstage<\/li>\n<li>Junggesellinnenabschiede<\/li>\n<li>Taufe<\/li>\n<li>und andere verschiedene Veranstaltungen<\/li>\n<\/ul>\n<\/p><\/div><\/div>\t\t\t\t<\/div>\n\t\t\t\t<div class=\"elementor-element elementor-element-4566548 prodajni-tile elementor-widget elementor-widget-image-box\" data-id=\"4566548\" data-element_type=\"widget\" data-e-type=\"widget\" data-widget_type=\"image-box.default\">\n\t\t\t\t\t<div class=\"elementor-image-box-wrapper\"><div class=\"elementor-image-box-content\"><h3 class=\"elementor-image-box-title\">Druck auf Kartonverpackungen<\/h3><p class=\"elementor-image-box-description\"><br><br>\n<strong>Personalisierter Druck auf Kartonverpackungen:<\/strong>\n<ul>  \n<li>Bedrucken von Kartons unterschiedlicher Gr\u00f6\u00dfe<\/li>\n<li>M\u00f6glichkeit, zusammengesetzte flache Schachteln zu drucken<\/li>\n<li>Druck von Werbeartikeln aus Karton<\/li>\n<\/ul><\/p><\/div><\/div>\t\t\t\t<\/div>\n\t\t\t\t\t<\/div>\n\t\t<\/div>\n\t\t\t\t\t<\/div>\n\t\t<\/section>\n\t\t\t\t<section class=\"elementor-section elementor-top-section elementor-element elementor-element-1b6ba5f4 elementor-section-boxed elementor-section-height-default elementor-section-height-default\" data-id=\"1b6ba5f4\" data-element_type=\"section\" data-e-type=\"section\" id=\"product-bio-tbl\" data-settings=\"{&quot;background_background&quot;:&quot;classic&quot;}\">\n\t\t\t\t\t\t<div class=\"elementor-container elementor-column-gap-default\">\n\t\t\t\t\t<div class=\"elementor-column elementor-col-100 elementor-top-column elementor-element elementor-element-2dbbc036\" data-id=\"2dbbc036\" data-element_type=\"column\" data-e-type=\"column\">\n\t\t\t<div class=\"elementor-widget-wrap\">\n\t\t\t\t\t\t\t<\/div>\n\t\t<\/div>\n\t\t\t\t\t<\/div>\n\t\t<\/section>\n\t\t\t\t<\/div>","protected":false},"excerpt":{"rendered":"<p>Tisk na nosilne papirnate vre\u010dke ve\u010dbarvni personaliziran tisk tisk na \u017ee narejene vre\u010dke mo\u017enost tiska manj\u0161ih koli\u010din razli\u010dnih&#8230;<\/p>","protected":false},"author":2,"featured_media":0,"parent":1742,"menu_order":0,"comment_status":"closed","ping_status":"closed","template":"elementor_header_footer","meta":{"footnotes":""},"class_list":["post-4364","page","type-page","status-publish","hentry"],"yoast_head":"<!-- This site is optimized with the Yoast SEO plugin v27.3 - https:\/\/yoast.com\/product\/yoast-seo-wordpress\/ -->\n<title>Tisk na nosilne vre\u010dke, serviete, vabila in kartonsko embala\u017eo | Papirol<\/title>\n<meta name=\"robots\" content=\"index, follow, max-snippet:-1, max-image-preview:large, max-video-preview:-1\" \/>\n<link rel=\"canonical\" href=\"https:\/\/papirol.si\/de\/verkaufsprogramm\/druck-auf-die-serviettentragetaschen-der-einladung-und-auf-den-karton-der-emballage\/\" \/>\n<meta property=\"og:locale\" content=\"de_DE\" \/>\n<meta property=\"og:type\" content=\"article\" \/>\n<meta property=\"og:title\" content=\"Tisk na nosilne vre\u010dke, serviete, vabila in kartonsko embala\u017eo | Papirol\" \/>\n<meta property=\"og:description\" content=\"Tisk na nosilne papirnate vre\u010dke ve\u010dbarvni personaliziran tisk tisk na \u017ee narejene vre\u010dke mo\u017enost tiska manj\u0161ih koli\u010din razli\u010dnih...\" \/>\n<meta property=\"og:url\" content=\"https:\/\/papirol.si\/de\/verkaufsprogramm\/druck-auf-die-serviettentragetaschen-der-einladung-und-auf-den-karton-der-emballage\/\" \/>\n<meta property=\"og:site_name\" content=\"Papirol\" \/>\n<meta property=\"article:modified_time\" content=\"2023-11-06T14:04:37+00:00\" \/>\n<meta name=\"twitter:card\" content=\"summary_large_image\" \/>\n<meta name=\"twitter:label1\" content=\"Gesch\u00e4tzte Lesezeit\" \/>\n\t<meta name=\"twitter:data1\" content=\"1\u00a0Minute\" \/>\n<script type=\"application\/ld+json\" class=\"yoast-schema-graph\">{\"@context\":\"https:\\\/\\\/schema.org\",\"@graph\":[{\"@type\":\"WebPage\",\"@id\":\"https:\\\/\\\/papirol.si\\\/prodajni-program\\\/tisk-na-nosilne-vrecke-serviete-vabila-in-kartonsko-embalazo\\\/\",\"url\":\"https:\\\/\\\/papirol.si\\\/prodajni-program\\\/tisk-na-nosilne-vrecke-serviete-vabila-in-kartonsko-embalazo\\\/\",\"name\":\"Tisk na nosilne vre\u010dke, serviete, vabila in kartonsko embala\u017eo | Papirol\",\"isPartOf\":{\"@id\":\"https:\\\/\\\/papirol.si\\\/#website\"},\"datePublished\":\"2023-11-02T13:41:04+00:00\",\"dateModified\":\"2023-11-06T14:04:37+00:00\",\"breadcrumb\":{\"@id\":\"https:\\\/\\\/papirol.si\\\/prodajni-program\\\/tisk-na-nosilne-vrecke-serviete-vabila-in-kartonsko-embalazo\\\/#breadcrumb\"},\"inLanguage\":\"de\",\"potentialAction\":[{\"@type\":\"ReadAction\",\"target\":[\"https:\\\/\\\/papirol.si\\\/prodajni-program\\\/tisk-na-nosilne-vrecke-serviete-vabila-in-kartonsko-embalazo\\\/\"]}]},{\"@type\":\"BreadcrumbList\",\"@id\":\"https:\\\/\\\/papirol.si\\\/prodajni-program\\\/tisk-na-nosilne-vrecke-serviete-vabila-in-kartonsko-embalazo\\\/#breadcrumb\",\"itemListElement\":[{\"@type\":\"ListItem\",\"position\":1,\"name\":\"Home\",\"item\":\"https:\\\/\\\/papirol.si\\\/\"},{\"@type\":\"ListItem\",\"position\":2,\"name\":\"Prodajni program\",\"item\":\"https:\\\/\\\/papirol.si\\\/prodajni-program\\\/\"},{\"@type\":\"ListItem\",\"position\":3,\"name\":\"Tisk na nosilne vre\u010dke, serviete, vabila in kartonsko embala\u017eo\"}]},{\"@type\":\"WebSite\",\"@id\":\"https:\\\/\\\/papirol.si\\\/#website\",\"url\":\"https:\\\/\\\/papirol.si\\\/\",\"name\":\"Papirol\",\"description\":\"Obla\u010dimo va\u0161e izdelke \u017ee 36 let!\",\"publisher\":{\"@id\":\"https:\\\/\\\/papirol.si\\\/#organization\"},\"potentialAction\":[{\"@type\":\"SearchAction\",\"target\":{\"@type\":\"EntryPoint\",\"urlTemplate\":\"https:\\\/\\\/papirol.si\\\/?s={search_term_string}\"},\"query-input\":{\"@type\":\"PropertyValueSpecification\",\"valueRequired\":true,\"valueName\":\"search_term_string\"}}],\"inLanguage\":\"de\"},{\"@type\":\"Organization\",\"@id\":\"https:\\\/\\\/papirol.si\\\/#organization\",\"name\":\"Papirol\",\"url\":\"https:\\\/\\\/papirol.si\\\/\",\"logo\":{\"@type\":\"ImageObject\",\"inLanguage\":\"de\",\"@id\":\"https:\\\/\\\/papirol.si\\\/#\\\/schema\\\/logo\\\/image\\\/\",\"url\":\"https:\\\/\\\/papirol.si\\\/wp-content\\\/uploads\\\/2019\\\/12\\\/papirol-bela.png\",\"contentUrl\":\"https:\\\/\\\/papirol.si\\\/wp-content\\\/uploads\\\/2019\\\/12\\\/papirol-bela.png\",\"width\":400,\"height\":80,\"caption\":\"Papirol\"},\"image\":{\"@id\":\"https:\\\/\\\/papirol.si\\\/#\\\/schema\\\/logo\\\/image\\\/\"}}]}<\/script>\n<!-- \/ Yoast SEO plugin. -->","yoast_head_json":{"title":"Druck auf Tragetaschen, Servietten, Einladungen und Kartonverpackungen | Papirol","robots":{"index":"index","follow":"follow","max-snippet":"max-snippet:-1","max-image-preview":"max-image-preview:large","max-video-preview":"max-video-preview:-1"},"canonical":"https:\/\/papirol.si\/de\/verkaufsprogramm\/druck-auf-die-serviettentragetaschen-der-einladung-und-auf-den-karton-der-emballage\/","og_locale":"de_DE","og_type":"article","og_title":"Tisk na nosilne vre\u010dke, serviete, vabila in kartonsko embala\u017eo | Papirol","og_description":"Tisk na nosilne papirnate vre\u010dke ve\u010dbarvni personaliziran tisk tisk na \u017ee narejene vre\u010dke mo\u017enost tiska manj\u0161ih koli\u010din razli\u010dnih...","og_url":"https:\/\/papirol.si\/de\/verkaufsprogramm\/druck-auf-die-serviettentragetaschen-der-einladung-und-auf-den-karton-der-emballage\/","og_site_name":"Papirol","article_modified_time":"2023-11-06T14:04:37+00:00","twitter_card":"summary_large_image","twitter_misc":{"Gesch\u00e4tzte Lesezeit":"1\u00a0Minute"},"schema":{"@context":"https:\/\/schema.org","@graph":[{"@type":"WebPage","@id":"https:\/\/papirol.si\/prodajni-program\/tisk-na-nosilne-vrecke-serviete-vabila-in-kartonsko-embalazo\/","url":"https:\/\/papirol.si\/prodajni-program\/tisk-na-nosilne-vrecke-serviete-vabila-in-kartonsko-embalazo\/","name":"Druck auf Tragetaschen, Servietten, Einladungen und Kartonverpackungen | Papirol","isPartOf":{"@id":"https:\/\/papirol.si\/#website"},"datePublished":"2023-11-02T13:41:04+00:00","dateModified":"2023-11-06T14:04:37+00:00","breadcrumb":{"@id":"https:\/\/papirol.si\/prodajni-program\/tisk-na-nosilne-vrecke-serviete-vabila-in-kartonsko-embalazo\/#breadcrumb"},"inLanguage":"de","potentialAction":[{"@type":"ReadAction","target":["https:\/\/papirol.si\/prodajni-program\/tisk-na-nosilne-vrecke-serviete-vabila-in-kartonsko-embalazo\/"]}]},{"@type":"BreadcrumbList","@id":"https:\/\/papirol.si\/prodajni-program\/tisk-na-nosilne-vrecke-serviete-vabila-in-kartonsko-embalazo\/#breadcrumb","itemListElement":[{"@type":"ListItem","position":1,"name":"Home","item":"https:\/\/papirol.si\/"},{"@type":"ListItem","position":2,"name":"Prodajni program","item":"https:\/\/papirol.si\/prodajni-program\/"},{"@type":"ListItem","position":3,"name":"Tisk na nosilne vre\u010dke, serviete, vabila in kartonsko embala\u017eo"}]},{"@type":"WebSite","@id":"https:\/\/papirol.si\/#website","url":"https:\/\/papirol.si\/","name":"Papirol","description":"Wir kleiden Ihre Produkte seit 36 Jahren ein!","publisher":{"@id":"https:\/\/papirol.si\/#organization"},"potentialAction":[{"@type":"SearchAction","target":{"@type":"EntryPoint","urlTemplate":"https:\/\/papirol.si\/?s={search_term_string}"},"query-input":{"@type":"PropertyValueSpecification","valueRequired":true,"valueName":"search_term_string"}}],"inLanguage":"de"},{"@type":"Organization","@id":"https:\/\/papirol.si\/#organization","name":"Papirol","url":"https:\/\/papirol.si\/","logo":{"@type":"ImageObject","inLanguage":"de","@id":"https:\/\/papirol.si\/#\/schema\/logo\/image\/","url":"https:\/\/papirol.si\/wp-content\/uploads\/2019\/12\/papirol-bela.png","contentUrl":"https:\/\/papirol.si\/wp-content\/uploads\/2019\/12\/papirol-bela.png","width":400,"height":80,"caption":"Papirol"},"image":{"@id":"https:\/\/papirol.si\/#\/schema\/logo\/image\/"}}]}},"_links":{"self":[{"href":"https:\/\/papirol.si\/de\/wp-json\/wp\/v2\/pages\/4364","targetHints":{"allow":["GET"]}}],"collection":[{"href":"https:\/\/papirol.si\/de\/wp-json\/wp\/v2\/pages"}],"about":[{"href":"https:\/\/papirol.si\/de\/wp-json\/wp\/v2\/types\/page"}],"author":[{"embeddable":true,"href":"https:\/\/papirol.si\/de\/wp-json\/wp\/v2\/users\/2"}],"replies":[{"embeddable":true,"href":"https:\/\/papirol.si\/de\/wp-json\/wp\/v2\/comments?post=4364"}],"version-history":[{"count":11,"href":"https:\/\/papirol.si\/de\/wp-json\/wp\/v2\/pages\/4364\/revisions"}],"predecessor-version":[{"id":4399,"href":"https:\/\/papirol.si\/de\/wp-json\/wp\/v2\/pages\/4364\/revisions\/4399"}],"up":[{"embeddable":true,"href":"https:\/\/papirol.si\/de\/wp-json\/wp\/v2\/pages\/1742"}],"wp:attachment":[{"href":"https:\/\/papirol.si\/de\/wp-json\/wp\/v2\/media?parent=4364"}],"curies":[{"name":"wp","href":"https:\/\/api.w.org\/{rel}","templated":true}]}}