{"id":4544,"date":"2025-07-07T19:30:41","date_gmt":"2025-07-07T17:30:41","guid":{"rendered":"https:\/\/papirol.si\/?page_id=4544"},"modified":"2025-07-07T19:31:51","modified_gmt":"2025-07-07T17:31:51","slug":"neuerungen","status":"publish","type":"page","link":"https:\/\/papirol.si\/de\/produktsortiment\/neuheiten\/","title":{"rendered":"Neuheiten"},"content":{"rendered":"<div data-elementor-type=\"wp-page\" data-elementor-id=\"4544\" class=\"elementor elementor-4544\" data-elementor-post-type=\"page\">\n\t\t\t\t\t\t<section class=\"elementor-section elementor-top-section elementor-element elementor-element-6b485411 elementor-section-content-middle elementor-section-boxed elementor-section-height-default elementor-section-height-default\" data-id=\"6b485411\" data-element_type=\"section\" data-e-type=\"section\" id=\"produkt-bio\" data-settings=\"{&quot;background_background&quot;:&quot;classic&quot;}\">\n\t\t\t\t\t\t<div class=\"elementor-container elementor-column-gap-default\">\n\t\t\t\t\t<div class=\"elementor-column elementor-col-50 elementor-top-column elementor-element elementor-element-331b63c7\" data-id=\"331b63c7\" data-element_type=\"column\" data-e-type=\"column\">\n\t\t\t<div class=\"elementor-widget-wrap elementor-element-populated\">\n\t\t\t\t\t\t<div class=\"elementor-element elementor-element-264d5ec2 elementor-widget elementor-widget-image\" data-id=\"264d5ec2\" data-element_type=\"widget\" data-e-type=\"widget\" data-widget_type=\"image.default\">\n\t\t\t\t\t\t\t\t\t\t\t\t<figure class=\"wp-caption\">\n\t\t\t\t\t\t\t\t\t\t<img fetchpriority=\"high\" decoding=\"async\" width=\"940\" height=\"940\" src=\"https:\/\/papirol.si\/wp-content\/uploads\/2020\/03\/r1201191-01.jpg\" class=\"attachment-large size-large wp-image-2772\" alt=\"\" srcset=\"https:\/\/papirol.si\/wp-content\/uploads\/2020\/03\/r1201191-01.jpg 1000w, https:\/\/papirol.si\/wp-content\/uploads\/2020\/03\/r1201191-01-300x300.jpg 300w, https:\/\/papirol.si\/wp-content\/uploads\/2020\/03\/r1201191-01-150x150.jpg 150w, https:\/\/papirol.si\/wp-content\/uploads\/2020\/03\/r1201191-01-768x768.jpg 768w, https:\/\/papirol.si\/wp-content\/uploads\/2020\/03\/r1201191-01-285x285.jpg 285w, https:\/\/papirol.si\/wp-content\/uploads\/2020\/03\/r1201191-01-660x660.jpg 660w\" sizes=\"(max-width: 940px) 100vw, 940px\" \/>\t\t\t\t\t\t\t\t\t\t\t<figcaption class=\"widget-image-caption wp-caption-text\"><\/figcaption>\n\t\t\t\t\t\t\t\t\t\t<\/figure>\n\t\t\t\t\t\t\t\t\t<\/div>\n\t\t\t\t<div class=\"elementor-element elementor-element-124e0fc elementor-widget elementor-widget-image\" data-id=\"124e0fc\" data-element_type=\"widget\" data-e-type=\"widget\" data-widget_type=\"image.default\">\n\t\t\t\t\t\t\t\t\t\t\t\t\t\t\t<img decoding=\"async\" width=\"233\" height=\"184\" src=\"https:\/\/papirol.si\/wp-content\/uploads\/2020\/04\/unnamed.jpg\" class=\"attachment-large size-large wp-image-2902\" alt=\"\" srcset=\"https:\/\/papirol.si\/wp-content\/uploads\/2020\/04\/unnamed.jpg 233w, https:\/\/papirol.si\/wp-content\/uploads\/2020\/04\/unnamed-150x118.jpg 150w\" sizes=\"(max-width: 233px) 100vw, 233px\" \/>\t\t\t\t\t\t\t\t\t\t\t\t\t\t\t<\/div>\n\t\t\t\t\t<\/div>\n\t\t<\/div>\n\t\t\t\t<div class=\"elementor-column elementor-col-50 elementor-top-column elementor-element elementor-element-bde1d42\" data-id=\"bde1d42\" data-element_type=\"column\" data-e-type=\"column\">\n\t\t\t<div class=\"elementor-widget-wrap elementor-element-populated\">\n\t\t\t\t\t\t<div class=\"elementor-element elementor-element-7db19e42 elementor-widget elementor-widget-text-editor\" data-id=\"7db19e42\" data-element_type=\"widget\" data-e-type=\"widget\" data-widget_type=\"text-editor.default\">\n\t\t\t\t\t\t\t\t\t<h1 style=\"color: #00b9ad;\">Papierst\u00e4nder<\/h1>\n<p style=\"font-weight: 400;\">Der Papierst\u00e4nder ist sehr praktisch und n\u00fctzlich.<\/p>\n<p style=\"font-weight: 400;\">Er kann Papier bis zu einer Breite von 75 cm aufnehmen, optional auch bis zu 100 cm.<\/p>\n<p style=\"font-weight: 400;\">Standardm\u00e4\u00dfig auf Lager:<\/p>\n<p style=\"font-weight: 400;\">- Tisch- oder Wandst\u00e4nder<\/p>\n<p style=\"font-weight: 400;\">- freistehender, vertikaler St\u00e4nder<\/p>\n<p style=\"font-weight: 400;\">Der St\u00e4nder ist mit einer hochwertigen, leicht gezackten Klinge ausgestattet.<\/p>\n\t\t\t\t\t\t\t\t<\/div>\n\t\t\t\t\t<\/div>\n\t\t<\/div>\n\t\t\t\t\t<\/div>\n\t\t<\/section>\n\t\t\t\t<section class=\"elementor-section elementor-top-section elementor-element elementor-element-da4e278 elementor-section-boxed elementor-section-height-default elementor-section-height-default\" data-id=\"da4e278\" data-element_type=\"section\" data-e-type=\"section\" data-settings=\"{&quot;background_background&quot;:&quot;classic&quot;}\">\n\t\t\t\t\t\t<div class=\"elementor-container elementor-column-gap-default\">\n\t\t\t\t\t<div class=\"elementor-column elementor-col-100 elementor-top-column elementor-element elementor-element-4f702e8\" data-id=\"4f702e8\" data-element_type=\"column\" data-e-type=\"column\" data-settings=\"{&quot;background_background&quot;:&quot;classic&quot;}\">\n\t\t\t<div class=\"elementor-widget-wrap\">\n\t\t\t\t\t\t\t<\/div>\n\t\t<\/div>\n\t\t\t\t\t<\/div>\n\t\t<\/section>\n\t\t\t\t<section class=\"elementor-section elementor-top-section elementor-element elementor-element-123e79f3 elementor-section-boxed elementor-section-height-default elementor-section-height-default\" data-id=\"123e79f3\" data-element_type=\"section\" data-e-type=\"section\" id=\"povp-sect\" data-settings=\"{&quot;background_background&quot;:&quot;classic&quot;}\">\n\t\t\t\t\t\t\t<div class=\"elementor-background-overlay\"><\/div>\n\t\t\t\t\t\t\t<div class=\"elementor-container elementor-column-gap-default\">\n\t\t\t\t\t<div class=\"elementor-column elementor-col-100 elementor-top-column elementor-element elementor-element-1cd03ae3\" data-id=\"1cd03ae3\" data-element_type=\"column\" data-e-type=\"column\">\n\t\t\t<div class=\"elementor-widget-wrap elementor-element-populated\">\n\t\t\t\t\t\t<div class=\"elementor-element elementor-element-113093bc elementor-widget elementor-widget-heading\" data-id=\"113093bc\" data-element_type=\"widget\" data-e-type=\"widget\" data-widget_type=\"heading.default\">\n\t\t\t\t\t<h2 class=\"elementor-heading-title elementor-size-default elementor-heading-title elementor-align-after-center\"><span style=\"font-weight:normal\"><span style=\"font-size: 9pt;font-weight: 700;vertical-align: baseline\"><\/span><\/span>Beginnen Sie mit den umweltfreundlichen Verpackungen zu verwenden!\n<\/h2>\t\t\t\t<\/div>\n\t\t\t\t<div class=\"elementor-element elementor-element-04c66f9 elementor-widget elementor-widget-sm-default-button\" data-id=\"04c66f9\" data-element_type=\"widget\" data-e-type=\"widget\" data-widget_type=\"sm-default-button.default\">\n\t\t\t\t<div class=\"elementor-widget-container\">\n\t\t\t\t\t\n\t\t\t\t<a   href=\"https:\/\/papirol.si\/de\/povprasevanje\/\" class=\"btn\">Anfrage senden<i class=\"ti ti-arrow-right\"><\/i><\/a>\n\t\t\n\t\t\t\t\t<\/div>\n\t\t\t\t<\/div>\n\t\t\t\t\t<\/div>\n\t\t<\/div>\n\t\t\t\t\t<\/div>\n\t\t<\/section>\n\t\t\t\t<\/div>","protected":false},"excerpt":{"rendered":"<p>Papierst\u00e4nder Der Papierst\u00e4nder ist sehr praktisch und n\u00fctzlich. Er kann Papier bis zu einer Breite von 75 cm&#8230;<\/p>","protected":false},"author":5,"featured_media":0,"parent":3403,"menu_order":7,"comment_status":"closed","ping_status":"closed","template":"elementor_header_footer","meta":{"footnotes":""},"class_list":["post-4544","page","type-page","status-publish","hentry"],"yoast_head":"<!-- This site is optimized with the Yoast SEO plugin v27.3 - https:\/\/yoast.com\/product\/yoast-seo-wordpress\/ -->\n<title>Neuheiten | Papirol<\/title>\n<meta name=\"robots\" content=\"index, follow, max-snippet:-1, max-image-preview:large, max-video-preview:-1\" \/>\n<link rel=\"canonical\" href=\"https:\/\/papirol.si\/de\/produktpalette\/neuerungen\/\" \/>\n<meta property=\"og:locale\" content=\"de_DE\" \/>\n<meta property=\"og:type\" content=\"article\" \/>\n<meta property=\"og:title\" content=\"Neuheiten | Papirol\" \/>\n<meta property=\"og:description\" content=\"Papierst\u00e4nder Der Papierst\u00e4nder ist sehr praktisch und n\u00fctzlich. Er kann Papier bis zu einer Breite von 75 cm...\" \/>\n<meta property=\"og:url\" content=\"https:\/\/papirol.si\/de\/produktpalette\/neuerungen\/\" \/>\n<meta property=\"og:site_name\" content=\"Papirol\" \/>\n<meta property=\"article:modified_time\" content=\"2025-07-07T17:31:51+00:00\" \/>\n<meta property=\"og:image\" content=\"https:\/\/papirol.si\/wp-content\/uploads\/2020\/03\/r1201191-01.jpg\" \/>\n\t<meta property=\"og:image:width\" content=\"1000\" \/>\n\t<meta property=\"og:image:height\" content=\"1000\" \/>\n\t<meta property=\"og:image:type\" content=\"image\/jpeg\" \/>\n<meta name=\"twitter:card\" content=\"summary_large_image\" \/>\n<meta name=\"twitter:label1\" content=\"Gesch\u00e4tzte Lesezeit\" \/>\n\t<meta name=\"twitter:data1\" content=\"1\u00a0Minute\" \/>\n<script type=\"application\/ld+json\" class=\"yoast-schema-graph\">{\"@context\":\"https:\\\/\\\/schema.org\",\"@graph\":[{\"@type\":\"WebPage\",\"@id\":\"https:\\\/\\\/papirol.si\\\/de\\\/produktsortiment\\\/neuheiten\\\/\",\"url\":\"https:\\\/\\\/papirol.si\\\/de\\\/produktsortiment\\\/neuheiten\\\/\",\"name\":\"Neuheiten | Papirol\",\"isPartOf\":{\"@id\":\"https:\\\/\\\/papirol.si\\\/#website\"},\"primaryImageOfPage\":{\"@id\":\"https:\\\/\\\/papirol.si\\\/de\\\/produktsortiment\\\/neuheiten\\\/#primaryimage\"},\"image\":{\"@id\":\"https:\\\/\\\/papirol.si\\\/de\\\/produktsortiment\\\/neuheiten\\\/#primaryimage\"},\"thumbnailUrl\":\"https:\\\/\\\/papirol.si\\\/wp-content\\\/uploads\\\/2020\\\/03\\\/r1201191-01.jpg\",\"datePublished\":\"2025-07-07T17:30:41+00:00\",\"dateModified\":\"2025-07-07T17:31:51+00:00\",\"breadcrumb\":{\"@id\":\"https:\\\/\\\/papirol.si\\\/de\\\/produktsortiment\\\/neuheiten\\\/#breadcrumb\"},\"inLanguage\":\"de\",\"potentialAction\":[{\"@type\":\"ReadAction\",\"target\":[\"https:\\\/\\\/papirol.si\\\/de\\\/produktsortiment\\\/neuheiten\\\/\"]}]},{\"@type\":\"ImageObject\",\"inLanguage\":\"de\",\"@id\":\"https:\\\/\\\/papirol.si\\\/de\\\/produktsortiment\\\/neuheiten\\\/#primaryimage\",\"url\":\"https:\\\/\\\/papirol.si\\\/wp-content\\\/uploads\\\/2020\\\/03\\\/r1201191-01.jpg\",\"contentUrl\":\"https:\\\/\\\/papirol.si\\\/wp-content\\\/uploads\\\/2020\\\/03\\\/r1201191-01.jpg\"},{\"@type\":\"BreadcrumbList\",\"@id\":\"https:\\\/\\\/papirol.si\\\/de\\\/produktsortiment\\\/neuheiten\\\/#breadcrumb\",\"itemListElement\":[{\"@type\":\"ListItem\",\"position\":1,\"name\":\"Home\",\"item\":\"https:\\\/\\\/papirol.si\\\/\"},{\"@type\":\"ListItem\",\"position\":2,\"name\":\"Produktsortiment\",\"item\":\"https:\\\/\\\/papirol.si\\\/de\\\/produktsortiment\\\/\"},{\"@type\":\"ListItem\",\"position\":3,\"name\":\"Neuheiten\"}]},{\"@type\":\"WebSite\",\"@id\":\"https:\\\/\\\/papirol.si\\\/#website\",\"url\":\"https:\\\/\\\/papirol.si\\\/\",\"name\":\"Papirol\",\"description\":\"Obla\u010dimo va\u0161e izdelke \u017ee 36 let!\",\"publisher\":{\"@id\":\"https:\\\/\\\/papirol.si\\\/#organization\"},\"potentialAction\":[{\"@type\":\"SearchAction\",\"target\":{\"@type\":\"EntryPoint\",\"urlTemplate\":\"https:\\\/\\\/papirol.si\\\/?s={search_term_string}\"},\"query-input\":{\"@type\":\"PropertyValueSpecification\",\"valueRequired\":true,\"valueName\":\"search_term_string\"}}],\"inLanguage\":\"de\"},{\"@type\":\"Organization\",\"@id\":\"https:\\\/\\\/papirol.si\\\/#organization\",\"name\":\"Papirol\",\"url\":\"https:\\\/\\\/papirol.si\\\/\",\"logo\":{\"@type\":\"ImageObject\",\"inLanguage\":\"de\",\"@id\":\"https:\\\/\\\/papirol.si\\\/#\\\/schema\\\/logo\\\/image\\\/\",\"url\":\"https:\\\/\\\/papirol.si\\\/wp-content\\\/uploads\\\/2019\\\/12\\\/papirol-bela.png\",\"contentUrl\":\"https:\\\/\\\/papirol.si\\\/wp-content\\\/uploads\\\/2019\\\/12\\\/papirol-bela.png\",\"width\":400,\"height\":80,\"caption\":\"Papirol\"},\"image\":{\"@id\":\"https:\\\/\\\/papirol.si\\\/#\\\/schema\\\/logo\\\/image\\\/\"}}]}<\/script>\n<!-- \/ Yoast SEO plugin. -->","yoast_head_json":{"title":"Neuheiten | Papirol","robots":{"index":"index","follow":"follow","max-snippet":"max-snippet:-1","max-image-preview":"max-image-preview:large","max-video-preview":"max-video-preview:-1"},"canonical":"https:\/\/papirol.si\/de\/produktpalette\/neuerungen\/","og_locale":"de_DE","og_type":"article","og_title":"Neuheiten | Papirol","og_description":"Papierst\u00e4nder Der Papierst\u00e4nder ist sehr praktisch und n\u00fctzlich. Er kann Papier bis zu einer Breite von 75 cm...","og_url":"https:\/\/papirol.si\/de\/produktpalette\/neuerungen\/","og_site_name":"Papirol","article_modified_time":"2025-07-07T17:31:51+00:00","og_image":[{"width":1000,"height":1000,"url":"https:\/\/papirol.si\/wp-content\/uploads\/2020\/03\/r1201191-01.jpg","type":"image\/jpeg"}],"twitter_card":"summary_large_image","twitter_misc":{"Gesch\u00e4tzte Lesezeit":"1\u00a0Minute"},"schema":{"@context":"https:\/\/schema.org","@graph":[{"@type":"WebPage","@id":"https:\/\/papirol.si\/de\/produktsortiment\/neuheiten\/","url":"https:\/\/papirol.si\/de\/produktsortiment\/neuheiten\/","name":"Neuheiten | Papirol","isPartOf":{"@id":"https:\/\/papirol.si\/#website"},"primaryImageOfPage":{"@id":"https:\/\/papirol.si\/de\/produktsortiment\/neuheiten\/#primaryimage"},"image":{"@id":"https:\/\/papirol.si\/de\/produktsortiment\/neuheiten\/#primaryimage"},"thumbnailUrl":"https:\/\/papirol.si\/wp-content\/uploads\/2020\/03\/r1201191-01.jpg","datePublished":"2025-07-07T17:30:41+00:00","dateModified":"2025-07-07T17:31:51+00:00","breadcrumb":{"@id":"https:\/\/papirol.si\/de\/produktsortiment\/neuheiten\/#breadcrumb"},"inLanguage":"de","potentialAction":[{"@type":"ReadAction","target":["https:\/\/papirol.si\/de\/produktsortiment\/neuheiten\/"]}]},{"@type":"ImageObject","inLanguage":"de","@id":"https:\/\/papirol.si\/de\/produktsortiment\/neuheiten\/#primaryimage","url":"https:\/\/papirol.si\/wp-content\/uploads\/2020\/03\/r1201191-01.jpg","contentUrl":"https:\/\/papirol.si\/wp-content\/uploads\/2020\/03\/r1201191-01.jpg"},{"@type":"BreadcrumbList","@id":"https:\/\/papirol.si\/de\/produktsortiment\/neuheiten\/#breadcrumb","itemListElement":[{"@type":"ListItem","position":1,"name":"Home","item":"https:\/\/papirol.si\/"},{"@type":"ListItem","position":2,"name":"Produktsortiment","item":"https:\/\/papirol.si\/de\/produktsortiment\/"},{"@type":"ListItem","position":3,"name":"Neuheiten"}]},{"@type":"WebSite","@id":"https:\/\/papirol.si\/#website","url":"https:\/\/papirol.si\/","name":"Papirol","description":"Wir kleiden Ihre Produkte seit 36 Jahren ein!","publisher":{"@id":"https:\/\/papirol.si\/#organization"},"potentialAction":[{"@type":"SearchAction","target":{"@type":"EntryPoint","urlTemplate":"https:\/\/papirol.si\/?s={search_term_string}"},"query-input":{"@type":"PropertyValueSpecification","valueRequired":true,"valueName":"search_term_string"}}],"inLanguage":"de"},{"@type":"Organization","@id":"https:\/\/papirol.si\/#organization","name":"Papirol","url":"https:\/\/papirol.si\/","logo":{"@type":"ImageObject","inLanguage":"de","@id":"https:\/\/papirol.si\/#\/schema\/logo\/image\/","url":"https:\/\/papirol.si\/wp-content\/uploads\/2019\/12\/papirol-bela.png","contentUrl":"https:\/\/papirol.si\/wp-content\/uploads\/2019\/12\/papirol-bela.png","width":400,"height":80,"caption":"Papirol"},"image":{"@id":"https:\/\/papirol.si\/#\/schema\/logo\/image\/"}}]}},"_links":{"self":[{"href":"https:\/\/papirol.si\/de\/wp-json\/wp\/v2\/pages\/4544","targetHints":{"allow":["GET"]}}],"collection":[{"href":"https:\/\/papirol.si\/de\/wp-json\/wp\/v2\/pages"}],"about":[{"href":"https:\/\/papirol.si\/de\/wp-json\/wp\/v2\/types\/page"}],"author":[{"embeddable":true,"href":"https:\/\/papirol.si\/de\/wp-json\/wp\/v2\/users\/5"}],"replies":[{"embeddable":true,"href":"https:\/\/papirol.si\/de\/wp-json\/wp\/v2\/comments?post=4544"}],"version-history":[{"count":4,"href":"https:\/\/papirol.si\/de\/wp-json\/wp\/v2\/pages\/4544\/revisions"}],"predecessor-version":[{"id":4549,"href":"https:\/\/papirol.si\/de\/wp-json\/wp\/v2\/pages\/4544\/revisions\/4549"}],"up":[{"embeddable":true,"href":"https:\/\/papirol.si\/de\/wp-json\/wp\/v2\/pages\/3403"}],"wp:attachment":[{"href":"https:\/\/papirol.si\/de\/wp-json\/wp\/v2\/media?parent=4544"}],"curies":[{"name":"wp","href":"https:\/\/api.w.org\/{rel}","templated":true}]}}