{"id":4633,"date":"2025-07-07T20:29:39","date_gmt":"2025-07-07T18:29:39","guid":{"rendered":"https:\/\/papirol.si\/?page_id=4633"},"modified":"2025-07-07T20:31:45","modified_gmt":"2025-07-07T18:31:45","slug":"natura-taschen-fur-postsendungen-und-kalender","status":"publish","type":"page","link":"https:\/\/papirol.si\/de\/produktsortiment\/papiertueten-mit-flachem-boden\/natura-taschen-fuer-postsendungen-und-kalender\/","title":{"rendered":"Natura-Taschen f\u00fcr Postsendungen und Kalender"},"content":{"rendered":"<div data-elementor-type=\"wp-page\" data-elementor-id=\"4633\" class=\"elementor elementor-4633\" data-elementor-post-type=\"page\">\n\t\t\t\t\t\t<section class=\"elementor-section elementor-top-section elementor-element elementor-element-35febe3e elementor-section-content-middle elementor-section-boxed elementor-section-height-default elementor-section-height-default\" data-id=\"35febe3e\" data-element_type=\"section\" data-e-type=\"section\" id=\"produkt-bio\" data-settings=\"{&quot;background_background&quot;:&quot;classic&quot;}\">\n\t\t\t\t\t\t<div class=\"elementor-container elementor-column-gap-default\">\n\t\t\t\t\t<div class=\"elementor-column elementor-col-50 elementor-top-column elementor-element elementor-element-60f051b0\" data-id=\"60f051b0\" data-element_type=\"column\" data-e-type=\"column\">\n\t\t\t<div class=\"elementor-widget-wrap elementor-element-populated\">\n\t\t\t\t\t\t<div class=\"elementor-element elementor-element-059580b elementor-widget elementor-widget-image\" data-id=\"059580b\" data-element_type=\"widget\" data-e-type=\"widget\" data-widget_type=\"image.default\">\n\t\t\t\t\t\t\t\t\t\t\t\t\t\t\t<img fetchpriority=\"high\" decoding=\"async\" width=\"768\" height=\"1024\" src=\"https:\/\/papirol.si\/wp-content\/uploads\/2019\/08\/photo-1528029320621-f02197f47774-768x1024.jpeg\" class=\"attachment-large size-large wp-image-1607\" alt=\"\" srcset=\"https:\/\/papirol.si\/wp-content\/uploads\/2019\/08\/photo-1528029320621-f02197f47774-768x1024.jpeg 768w, https:\/\/papirol.si\/wp-content\/uploads\/2019\/08\/photo-1528029320621-f02197f47774-112x150.jpeg 112w, https:\/\/papirol.si\/wp-content\/uploads\/2019\/08\/photo-1528029320621-f02197f47774-495x660.jpeg 495w, https:\/\/papirol.si\/wp-content\/uploads\/2019\/08\/photo-1528029320621-f02197f47774-225x300.jpeg 225w, https:\/\/papirol.si\/wp-content\/uploads\/2019\/08\/photo-1528029320621-f02197f47774-285x380.jpeg 285w, https:\/\/papirol.si\/wp-content\/uploads\/2019\/08\/photo-1528029320621-f02197f47774.jpeg 800w\" sizes=\"(max-width: 768px) 100vw, 768px\" \/>\t\t\t\t\t\t\t\t\t\t\t\t\t\t\t<\/div>\n\t\t\t\t<div class=\"elementor-element elementor-element-213eb866 elementor-widget elementor-widget-image\" data-id=\"213eb866\" data-element_type=\"widget\" data-e-type=\"widget\" data-widget_type=\"image.default\">\n\t\t\t\t\t\t\t\t\t\t\t\t\t\t\t<img decoding=\"async\" src=\"https:\/\/papirol.si\/wp-content\/uploads\/2020\/02\/skica-di\u0161avne-v-333x660.jpg\" title=\"Skizze duftend in\" alt=\"Skizze duftend in\" loading=\"lazy\" \/>\t\t\t\t\t\t\t\t\t\t\t\t\t\t\t<\/div>\n\t\t\t\t\t<\/div>\n\t\t<\/div>\n\t\t\t\t<div class=\"elementor-column elementor-col-50 elementor-top-column elementor-element elementor-element-d497803\" data-id=\"d497803\" data-element_type=\"column\" data-e-type=\"column\">\n\t\t\t<div class=\"elementor-widget-wrap elementor-element-populated\">\n\t\t\t\t\t\t<div class=\"elementor-element elementor-element-35aa7cad elementor-widget elementor-widget-text-editor\" data-id=\"35aa7cad\" data-element_type=\"widget\" data-e-type=\"widget\" data-widget_type=\"text-editor.default\">\n\t\t\t\t\t\t\t\t\tPapiertaschen sind sehr n\u00fctzlich als Verpackung f\u00fcr:\n<ul>\n  <li>Kalender in verschiedenen Gr\u00f6\u00dfen<\/li>\n  <li>Online-Shops zum Versand von Textilien und anderen Produkten<\/li>\n<\/ul>\n\t\t\t\t\t\t\t\t<\/div>\n\t\t\t\t<div class=\"elementor-element elementor-element-594fc387 elementor-widget elementor-widget-text-editor\" data-id=\"594fc387\" data-element_type=\"widget\" data-e-type=\"widget\" id=\"tisk-box\" data-widget_type=\"text-editor.default\">\n\t\t\t\t\t\t\t\t\t<h2>Druck auf Taschen<\/h2>\n<p>Wir bedrucken Papier sehr schnell in einer oder mehreren Farben.<\/p>\n<p>Die M\u00f6glichkeit, gleichzeitig mit der Herstellung zu drucken, erm\u00f6glicht einen Druck \u00fcber die gesamte Oberfl\u00e4che der Tasche.<\/p>\n<p>Die M\u00f6glichkeit, auf bereits gefertigte Taschen zu drucken, erm\u00f6glicht Kleinauflagen.<\/p>\n\n<strong>Drucktechniken:<\/strong>\n<ul>\n  <li>Mehrfarbiger Flexodruck inline auf alle Arten von Papiertaschen<\/li>\n  <li>Mehrfarbiger Siebdruck auf alle Arten von Papiertaschen<\/li>\n<\/ul>\n<strong>Druckoptionen:<\/strong>\n<ul>\n  <li>Endlos- oder positionierter Mehrfarbdruck, ein- oder zweiseitig<\/li>\n  <li>\u00dcber die gesamte Fl\u00e4che, ein oder zwei Mal, einschlie\u00dflich Seitenfalzen<\/li>\n<\/ul>\n\t\t\t\t\t\t\t\t<\/div>\n\t\t\t\t\t<\/div>\n\t\t<\/div>\n\t\t\t\t\t<\/div>\n\t\t<\/section>\n\t\t\t\t<section class=\"elementor-section elementor-top-section elementor-element elementor-element-f11247f elementor-section-boxed elementor-section-height-default elementor-section-height-default\" data-id=\"f11247f\" data-element_type=\"section\" data-e-type=\"section\" id=\"product-bio-tbl\" data-settings=\"{&quot;background_background&quot;:&quot;classic&quot;}\">\n\t\t\t\t\t\t<div class=\"elementor-container elementor-column-gap-default\">\n\t\t\t\t\t<div class=\"elementor-column elementor-col-100 elementor-top-column elementor-element elementor-element-21ce687\" data-id=\"21ce687\" data-element_type=\"column\" data-e-type=\"column\">\n\t\t\t<div class=\"elementor-widget-wrap elementor-element-populated\">\n\t\t\t\t\t\t<div class=\"elementor-element elementor-element-1b549f9 elementor-widget elementor-widget-text-editor\" data-id=\"1b549f9\" data-element_type=\"widget\" data-e-type=\"widget\" data-widget_type=\"text-editor.default\">\n\t\t\t\t\t\t\t\t\t<table data-minrequestedwidth=\"888.2015991210938\" data-computedwidth=\"888.2015991210938\">\n  <tbody>\n    <tr>\n      <td class=\"imVc\"><b><span class=\"fs11lh1-5 ff1\">Produktname<\/span><\/b><\/td>\n      <td class=\"imVc\">\n        <div class=\"imTACenter\"><b class=\"fs11lh1-5 ff1\">Standardma\u00df<\/b><\/div>\n      <\/td>\n      <td class=\"imVc\">\n        <div class=\"imTACenter\"><b class=\"fs11lh1-5 ff1\">Verpackung<\/b><\/div>\n      <\/td>\n    <\/tr>\n    <tr>\n      <td class=\"imVc\">\n        <div class=\"imTACenter\"><span class=\"fs11lh1-5 ff2\">Wei\u00dfe Natura-Umschl\u00e4ge f\u00fcr Kalender, 40 g\/m\u00b2 Papier<\/span><\/div>\n      <\/td>\n      <td class=\"imVc\">\n        <div class=\"imTACenter\"><span class=\"fs11lh1-5 ff2\">17 x 35 cm<\/span><\/div>\n      <\/td>\n      <td class=\"imVc\">\n        <div class=\"imTACenter\"><span class=\"fs11lh1-5 ff2\">1000 Stk.<\/span><\/div>\n      <\/td>\n    <\/tr>\n    <tr>\n      <td class=\"imVc\">\n        <div class=\"imTACenter\"><span class=\"fs11lh1-5 ff2\">Wei\u00dfe Natura-Umschl\u00e4ge f\u00fcr Kalender, 50 g\/m\u00b2 Papier<\/span><\/div>\n      <\/td>\n      <td class=\"imVc\">\n        <div class=\"imTACenter\"><span class=\"fs11lh1-5 ff2\">23 x 39 cm<\/span><\/div>\n      <\/td>\n      <td class=\"imVc\">\n        <div class=\"imTACenter\"><span class=\"fs11lh1-5 ff2\">1000 Stk.<\/span><\/div>\n      <\/td>\n    <\/tr>\n    <tr>\n      <td class=\"imVc\">\n        <div class=\"imTACenter\"><span class=\"fs11lh1-5 ff2\">Natura-Umschl\u00e4ge f\u00fcr Kalender, 40 g\/m\u00b2 Papier<\/span><\/div>\n      <\/td>\n      <td class=\"imVc\">\n        <div class=\"imTACenter\"><span class=\"fs11lh1-5 ff2\">24 x 39 cm<\/span><\/div>\n      <\/td>\n      <td class=\"imVc\">\n        <div class=\"imTACenter\"><span class=\"fs11lh1-5 ff2\">1000 Stk.<\/span><\/div>\n      <\/td>\n    <\/tr>\n    <tr>\n      <td class=\"imVc\">\n        <div class=\"imTACenter\"><span class=\"fs11lh1-5 ff2\">Natura-Umschl\u00e4ge f\u00fcr Kalender, 50 g\/m\u00b2 Papier<\/span><\/div>\n      <\/td>\n      <td class=\"imVc\">\n        <div class=\"imTACenter\"><span class=\"fs11lh1-5 ff2\">24 x 39 cm<\/span><\/div>\n      <\/td>\n      <td class=\"imVc\">\n        <div class=\"imTACenter\"><span class=\"fs11lh1-5 ff2\">1000 Stk.<\/span><\/div>\n      <\/td>\n    <\/tr>\n  <\/tbody>\n<\/table>\n\t\t\t\t\t\t\t\t<\/div>\n\t\t\t\t\t<\/div>\n\t\t<\/div>\n\t\t\t\t\t<\/div>\n\t\t<\/section>\n\t\t\t\t<section class=\"elementor-section elementor-top-section elementor-element elementor-element-3e7550ec elementor-section-boxed elementor-section-height-default elementor-section-height-default\" data-id=\"3e7550ec\" data-element_type=\"section\" data-e-type=\"section\" id=\"povp-sect\" data-settings=\"{&quot;background_background&quot;:&quot;classic&quot;}\">\n\t\t\t\t\t\t\t<div class=\"elementor-background-overlay\"><\/div>\n\t\t\t\t\t\t\t<div class=\"elementor-container elementor-column-gap-default\">\n\t\t\t\t\t<div class=\"elementor-column elementor-col-100 elementor-top-column elementor-element elementor-element-27eb2f6e\" data-id=\"27eb2f6e\" data-element_type=\"column\" data-e-type=\"column\">\n\t\t\t<div class=\"elementor-widget-wrap elementor-element-populated\">\n\t\t\t\t\t\t<div class=\"elementor-element elementor-element-44d6e39e elementor-widget elementor-widget-heading\" data-id=\"44d6e39e\" data-element_type=\"widget\" data-e-type=\"widget\" data-widget_type=\"heading.default\">\n\t\t\t\t\t<h2 class=\"elementor-heading-title elementor-size-default elementor-heading-title elementor-align-after-center\">Beginnen Sie mit den umweltfreundlichen Verpackungen zu verwenden!<span style=\"font-weight:normal\"><span style=\"font-size: 9pt;font-weight: 700;vertical-align: baseline\"><\/span><\/span>\n<\/h2>\t\t\t\t<\/div>\n\t\t\t\t<div class=\"elementor-element elementor-element-2317b07c elementor-widget elementor-widget-sm-default-button\" data-id=\"2317b07c\" data-element_type=\"widget\" data-e-type=\"widget\" data-widget_type=\"sm-default-button.default\">\n\t\t\t\t<div class=\"elementor-widget-container\">\n\t\t\t\t\t\n\t\t\t\t<a   href=\"https:\/\/papirol.si\/de\/potraznja\/vrecke-z-ravnim-dnom\/\" class=\"btn\">Anfrage senden<i class=\"ti ti-arrow-right\"><\/i><\/a>\n\t\t\n\t\t\t\t\t<\/div>\n\t\t\t\t<\/div>\n\t\t\t\t\t<\/div>\n\t\t<\/div>\n\t\t\t\t\t<\/div>\n\t\t<\/section>\n\t\t\t\t<\/div>","protected":false},"excerpt":{"rendered":"<p>Papiertaschen sind sehr n\u00fctzlich als Verpackung f\u00fcr: Kalender in verschiedenen Gr\u00f6\u00dfen Online-Shops zum Versand von Textilien und anderen&#8230;<\/p>","protected":false},"author":5,"featured_media":0,"parent":3095,"menu_order":0,"comment_status":"closed","ping_status":"closed","template":"elementor_header_footer","meta":{"footnotes":""},"class_list":["post-4633","page","type-page","status-publish","hentry"],"yoast_head":"<!-- This site is optimized with the Yoast SEO plugin v27.3 - https:\/\/yoast.com\/product\/yoast-seo-wordpress\/ -->\n<title>Natura-Taschen f\u00fcr Postsendungen und Kalender | Papirol<\/title>\n<meta name=\"robots\" content=\"index, follow, max-snippet:-1, max-image-preview:large, max-video-preview:-1\" \/>\n<link rel=\"canonical\" href=\"https:\/\/papirol.si\/de\/produktpalette\/papiertueten-mit-flachem-boden\/natura-taschen-fur-postsendungen-und-kalender\/\" \/>\n<meta property=\"og:locale\" content=\"de_DE\" \/>\n<meta property=\"og:type\" content=\"article\" \/>\n<meta property=\"og:title\" content=\"Natura-Taschen f\u00fcr Postsendungen und Kalender | Papirol\" \/>\n<meta property=\"og:description\" content=\"Papiertaschen sind sehr n\u00fctzlich als Verpackung f\u00fcr: Kalender in verschiedenen Gr\u00f6\u00dfen Online-Shops zum Versand von Textilien und anderen...\" \/>\n<meta property=\"og:url\" content=\"https:\/\/papirol.si\/de\/produktpalette\/papiertueten-mit-flachem-boden\/natura-taschen-fur-postsendungen-und-kalender\/\" \/>\n<meta property=\"og:site_name\" content=\"Papirol\" \/>\n<meta property=\"article:modified_time\" content=\"2025-07-07T18:31:45+00:00\" \/>\n<meta property=\"og:image\" content=\"https:\/\/papirol.si\/wp-content\/uploads\/2019\/08\/photo-1528029320621-f02197f47774.jpeg\" \/>\n\t<meta property=\"og:image:width\" content=\"800\" \/>\n\t<meta property=\"og:image:height\" content=\"1067\" \/>\n\t<meta property=\"og:image:type\" content=\"image\/jpeg\" \/>\n<meta name=\"twitter:card\" content=\"summary_large_image\" \/>\n<meta name=\"twitter:label1\" content=\"Gesch\u00e4tzte Lesezeit\" \/>\n\t<meta name=\"twitter:data1\" content=\"1\u00a0Minute\" \/>\n<script type=\"application\/ld+json\" class=\"yoast-schema-graph\">{\"@context\":\"https:\\\/\\\/schema.org\",\"@graph\":[{\"@type\":\"WebPage\",\"@id\":\"https:\\\/\\\/papirol.si\\\/de\\\/produktsortiment\\\/papiertueten-mit-flachem-boden\\\/natura-taschen-fuer-postsendungen-und-kalender\\\/\",\"url\":\"https:\\\/\\\/papirol.si\\\/de\\\/produktsortiment\\\/papiertueten-mit-flachem-boden\\\/natura-taschen-fuer-postsendungen-und-kalender\\\/\",\"name\":\"Natura-Taschen f\u00fcr Postsendungen und Kalender | Papirol\",\"isPartOf\":{\"@id\":\"https:\\\/\\\/papirol.si\\\/#website\"},\"primaryImageOfPage\":{\"@id\":\"https:\\\/\\\/papirol.si\\\/de\\\/produktsortiment\\\/papiertueten-mit-flachem-boden\\\/natura-taschen-fuer-postsendungen-und-kalender\\\/#primaryimage\"},\"image\":{\"@id\":\"https:\\\/\\\/papirol.si\\\/de\\\/produktsortiment\\\/papiertueten-mit-flachem-boden\\\/natura-taschen-fuer-postsendungen-und-kalender\\\/#primaryimage\"},\"thumbnailUrl\":\"https:\\\/\\\/papirol.si\\\/wp-content\\\/uploads\\\/2019\\\/08\\\/photo-1528029320621-f02197f47774-768x1024.jpeg\",\"datePublished\":\"2025-07-07T18:29:39+00:00\",\"dateModified\":\"2025-07-07T18:31:45+00:00\",\"breadcrumb\":{\"@id\":\"https:\\\/\\\/papirol.si\\\/de\\\/produktsortiment\\\/papiertueten-mit-flachem-boden\\\/natura-taschen-fuer-postsendungen-und-kalender\\\/#breadcrumb\"},\"inLanguage\":\"de\",\"potentialAction\":[{\"@type\":\"ReadAction\",\"target\":[\"https:\\\/\\\/papirol.si\\\/de\\\/produktsortiment\\\/papiertueten-mit-flachem-boden\\\/natura-taschen-fuer-postsendungen-und-kalender\\\/\"]}]},{\"@type\":\"ImageObject\",\"inLanguage\":\"de\",\"@id\":\"https:\\\/\\\/papirol.si\\\/de\\\/produktsortiment\\\/papiertueten-mit-flachem-boden\\\/natura-taschen-fuer-postsendungen-und-kalender\\\/#primaryimage\",\"url\":\"https:\\\/\\\/papirol.si\\\/wp-content\\\/uploads\\\/2019\\\/08\\\/photo-1528029320621-f02197f47774-768x1024.jpeg\",\"contentUrl\":\"https:\\\/\\\/papirol.si\\\/wp-content\\\/uploads\\\/2019\\\/08\\\/photo-1528029320621-f02197f47774-768x1024.jpeg\"},{\"@type\":\"BreadcrumbList\",\"@id\":\"https:\\\/\\\/papirol.si\\\/de\\\/produktsortiment\\\/papiertueten-mit-flachem-boden\\\/natura-taschen-fuer-postsendungen-und-kalender\\\/#breadcrumb\",\"itemListElement\":[{\"@type\":\"ListItem\",\"position\":1,\"name\":\"Home\",\"item\":\"https:\\\/\\\/papirol.si\\\/\"},{\"@type\":\"ListItem\",\"position\":2,\"name\":\"Produktsortiment\",\"item\":\"https:\\\/\\\/papirol.si\\\/de\\\/produktsortiment\\\/\"},{\"@type\":\"ListItem\",\"position\":3,\"name\":\"Papiert\u00fcten mit flachem Boden\",\"item\":\"https:\\\/\\\/papirol.si\\\/de\\\/produktsortiment\\\/papiertueten-mit-flachem-boden\\\/\"},{\"@type\":\"ListItem\",\"position\":4,\"name\":\"Natura-Taschen f\u00fcr Postsendungen und Kalender\"}]},{\"@type\":\"WebSite\",\"@id\":\"https:\\\/\\\/papirol.si\\\/#website\",\"url\":\"https:\\\/\\\/papirol.si\\\/\",\"name\":\"Papirol\",\"description\":\"Obla\u010dimo va\u0161e izdelke \u017ee 36 let!\",\"publisher\":{\"@id\":\"https:\\\/\\\/papirol.si\\\/#organization\"},\"potentialAction\":[{\"@type\":\"SearchAction\",\"target\":{\"@type\":\"EntryPoint\",\"urlTemplate\":\"https:\\\/\\\/papirol.si\\\/?s={search_term_string}\"},\"query-input\":{\"@type\":\"PropertyValueSpecification\",\"valueRequired\":true,\"valueName\":\"search_term_string\"}}],\"inLanguage\":\"de\"},{\"@type\":\"Organization\",\"@id\":\"https:\\\/\\\/papirol.si\\\/#organization\",\"name\":\"Papirol\",\"url\":\"https:\\\/\\\/papirol.si\\\/\",\"logo\":{\"@type\":\"ImageObject\",\"inLanguage\":\"de\",\"@id\":\"https:\\\/\\\/papirol.si\\\/#\\\/schema\\\/logo\\\/image\\\/\",\"url\":\"https:\\\/\\\/papirol.si\\\/wp-content\\\/uploads\\\/2019\\\/12\\\/papirol-bela.png\",\"contentUrl\":\"https:\\\/\\\/papirol.si\\\/wp-content\\\/uploads\\\/2019\\\/12\\\/papirol-bela.png\",\"width\":400,\"height\":80,\"caption\":\"Papirol\"},\"image\":{\"@id\":\"https:\\\/\\\/papirol.si\\\/#\\\/schema\\\/logo\\\/image\\\/\"}}]}<\/script>\n<!-- \/ Yoast SEO plugin. -->","yoast_head_json":{"title":"Natura-Taschen f\u00fcr Postsendungen und Kalender | Papirol","robots":{"index":"index","follow":"follow","max-snippet":"max-snippet:-1","max-image-preview":"max-image-preview:large","max-video-preview":"max-video-preview:-1"},"canonical":"https:\/\/papirol.si\/de\/produktpalette\/papiertueten-mit-flachem-boden\/natura-taschen-fur-postsendungen-und-kalender\/","og_locale":"de_DE","og_type":"article","og_title":"Natura-Taschen f\u00fcr Postsendungen und Kalender | Papirol","og_description":"Papiertaschen sind sehr n\u00fctzlich als Verpackung f\u00fcr: Kalender in verschiedenen Gr\u00f6\u00dfen Online-Shops zum Versand von Textilien und anderen...","og_url":"https:\/\/papirol.si\/de\/produktpalette\/papiertueten-mit-flachem-boden\/natura-taschen-fur-postsendungen-und-kalender\/","og_site_name":"Papirol","article_modified_time":"2025-07-07T18:31:45+00:00","og_image":[{"width":800,"height":1067,"url":"https:\/\/papirol.si\/wp-content\/uploads\/2019\/08\/photo-1528029320621-f02197f47774.jpeg","type":"image\/jpeg"}],"twitter_card":"summary_large_image","twitter_misc":{"Gesch\u00e4tzte Lesezeit":"1\u00a0Minute"},"schema":{"@context":"https:\/\/schema.org","@graph":[{"@type":"WebPage","@id":"https:\/\/papirol.si\/de\/produktsortiment\/papiertueten-mit-flachem-boden\/natura-taschen-fuer-postsendungen-und-kalender\/","url":"https:\/\/papirol.si\/de\/produktsortiment\/papiertueten-mit-flachem-boden\/natura-taschen-fuer-postsendungen-und-kalender\/","name":"Natura-Taschen f\u00fcr Postsendungen und Kalender | Papirol","isPartOf":{"@id":"https:\/\/papirol.si\/#website"},"primaryImageOfPage":{"@id":"https:\/\/papirol.si\/de\/produktsortiment\/papiertueten-mit-flachem-boden\/natura-taschen-fuer-postsendungen-und-kalender\/#primaryimage"},"image":{"@id":"https:\/\/papirol.si\/de\/produktsortiment\/papiertueten-mit-flachem-boden\/natura-taschen-fuer-postsendungen-und-kalender\/#primaryimage"},"thumbnailUrl":"https:\/\/papirol.si\/wp-content\/uploads\/2019\/08\/photo-1528029320621-f02197f47774-768x1024.jpeg","datePublished":"2025-07-07T18:29:39+00:00","dateModified":"2025-07-07T18:31:45+00:00","breadcrumb":{"@id":"https:\/\/papirol.si\/de\/produktsortiment\/papiertueten-mit-flachem-boden\/natura-taschen-fuer-postsendungen-und-kalender\/#breadcrumb"},"inLanguage":"de","potentialAction":[{"@type":"ReadAction","target":["https:\/\/papirol.si\/de\/produktsortiment\/papiertueten-mit-flachem-boden\/natura-taschen-fuer-postsendungen-und-kalender\/"]}]},{"@type":"ImageObject","inLanguage":"de","@id":"https:\/\/papirol.si\/de\/produktsortiment\/papiertueten-mit-flachem-boden\/natura-taschen-fuer-postsendungen-und-kalender\/#primaryimage","url":"https:\/\/papirol.si\/wp-content\/uploads\/2019\/08\/photo-1528029320621-f02197f47774-768x1024.jpeg","contentUrl":"https:\/\/papirol.si\/wp-content\/uploads\/2019\/08\/photo-1528029320621-f02197f47774-768x1024.jpeg"},{"@type":"BreadcrumbList","@id":"https:\/\/papirol.si\/de\/produktsortiment\/papiertueten-mit-flachem-boden\/natura-taschen-fuer-postsendungen-und-kalender\/#breadcrumb","itemListElement":[{"@type":"ListItem","position":1,"name":"Home","item":"https:\/\/papirol.si\/"},{"@type":"ListItem","position":2,"name":"Produktsortiment","item":"https:\/\/papirol.si\/de\/produktsortiment\/"},{"@type":"ListItem","position":3,"name":"Papiert\u00fcten mit flachem Boden","item":"https:\/\/papirol.si\/de\/produktsortiment\/papiertueten-mit-flachem-boden\/"},{"@type":"ListItem","position":4,"name":"Natura-Taschen f\u00fcr Postsendungen und Kalender"}]},{"@type":"WebSite","@id":"https:\/\/papirol.si\/#website","url":"https:\/\/papirol.si\/","name":"Papirol","description":"Wir kleiden Ihre Produkte seit 36 Jahren ein!","publisher":{"@id":"https:\/\/papirol.si\/#organization"},"potentialAction":[{"@type":"SearchAction","target":{"@type":"EntryPoint","urlTemplate":"https:\/\/papirol.si\/?s={search_term_string}"},"query-input":{"@type":"PropertyValueSpecification","valueRequired":true,"valueName":"search_term_string"}}],"inLanguage":"de"},{"@type":"Organization","@id":"https:\/\/papirol.si\/#organization","name":"Papirol","url":"https:\/\/papirol.si\/","logo":{"@type":"ImageObject","inLanguage":"de","@id":"https:\/\/papirol.si\/#\/schema\/logo\/image\/","url":"https:\/\/papirol.si\/wp-content\/uploads\/2019\/12\/papirol-bela.png","contentUrl":"https:\/\/papirol.si\/wp-content\/uploads\/2019\/12\/papirol-bela.png","width":400,"height":80,"caption":"Papirol"},"image":{"@id":"https:\/\/papirol.si\/#\/schema\/logo\/image\/"}}]}},"_links":{"self":[{"href":"https:\/\/papirol.si\/de\/wp-json\/wp\/v2\/pages\/4633","targetHints":{"allow":["GET"]}}],"collection":[{"href":"https:\/\/papirol.si\/de\/wp-json\/wp\/v2\/pages"}],"about":[{"href":"https:\/\/papirol.si\/de\/wp-json\/wp\/v2\/types\/page"}],"author":[{"embeddable":true,"href":"https:\/\/papirol.si\/de\/wp-json\/wp\/v2\/users\/5"}],"replies":[{"embeddable":true,"href":"https:\/\/papirol.si\/de\/wp-json\/wp\/v2\/comments?post=4633"}],"version-history":[{"count":4,"href":"https:\/\/papirol.si\/de\/wp-json\/wp\/v2\/pages\/4633\/revisions"}],"predecessor-version":[{"id":4637,"href":"https:\/\/papirol.si\/de\/wp-json\/wp\/v2\/pages\/4633\/revisions\/4637"}],"up":[{"embeddable":true,"href":"https:\/\/papirol.si\/de\/wp-json\/wp\/v2\/pages\/3095"}],"wp:attachment":[{"href":"https:\/\/papirol.si\/de\/wp-json\/wp\/v2\/media?parent=4633"}],"curies":[{"name":"wp","href":"https:\/\/api.w.org\/{rel}","templated":true}]}}