{"id":941,"date":"2018-08-23T11:22:49","date_gmt":"2018-08-23T11:22:49","guid":{"rendered":"http:\/\/manufacturer.stylemixthemes.com\/industrial:8888\/?post_type=product&amp;p=941"},"modified":"2025-07-03T16:53:19","modified_gmt":"2025-07-03T14:53:19","slug":"maison-fringe-quilt-cover-smoke","status":"publish","type":"product","link":"https:\/\/papirol.si\/de\/product\/maison-fringe-quilt-cover-smoke\/","title":{"rendered":"Maison Fringe Steppdeckenbezug - Smoke"},"content":{"rendered":"<h3>\u00dcbersicht<\/h3>\n<p>Die Textil-, Textilwaren- und Bekleidungsindustrie umfasst Betriebe, die Fasern zu Stoffen und Stoffe zu Kleidung und anderen Textilprodukten verarbeiten.<\/p>\n<h3>Anmeldung<\/h3>\n<p>Gewebe: Bindungsart, Kette.<br \/>\nMaschenware: Art des Gestricks, Maschenst\u00e4bchen und Maschenreihen.<\/p>","protected":false},"excerpt":{"rendered":"<p>Unser Denim-Bettbezug ist das einzig Wahre. Enzymgewaschen, doppelt gen\u00e4ht und mit Messing-Rei\u00dfverschl\u00fcssen an den Euros versehen - wir wissen, dass Sie diese Bettw\u00e4sche am Ende noch mehr lieben werden als Ihre Lieblingsjeans.<\/p>","protected":false},"featured_media":0,"comment_status":"open","ping_status":"closed","template":"","meta":[],"product_brand":[],"product_cat":[29],"product_tag":[30,33,34],"class_list":{"0":"post-941","1":"product","2":"type-product","3":"status-publish","5":"product_cat-bags","6":"product_tag-cotton","7":"product_tag-pure","8":"product_tag-reversible-to-denim","10":"first","11":"instock","12":"shipping-taxable","13":"purchasable","14":"product-type-simple"},"yoast_head":"<!-- This site is optimized with the Yoast SEO plugin v27.3 - https:\/\/yoast.com\/product\/yoast-seo-wordpress\/ -->\n<title>Maison Fringe Quilt Cover - Smoke | Papirol<\/title>\n<meta name=\"robots\" content=\"index, follow, max-snippet:-1, max-image-preview:large, max-video-preview:-1\" \/>\n<link rel=\"canonical\" href=\"https:\/\/papirol.si\/de\/produkt-2\/maison-fringe-quilt-cover-smoke\/\" \/>\n<meta property=\"og:locale\" content=\"de_DE\" \/>\n<meta property=\"og:type\" content=\"article\" \/>\n<meta property=\"og:title\" content=\"Maison Fringe Quilt Cover - Smoke | Papirol\" \/>\n<meta property=\"og:description\" content=\"Our denim quilt cover is the real deal. The genuine article. Enzyme washed, double stitched, complete with brass zippers on the euros, we just know youll end up loving this bedlinen even more than your favourite pair of jeans.\" \/>\n<meta property=\"og:url\" content=\"https:\/\/papirol.si\/de\/produkt-2\/maison-fringe-quilt-cover-smoke\/\" \/>\n<meta property=\"og:site_name\" content=\"Papirol\" \/>\n<meta property=\"article:modified_time\" content=\"2025-07-03T14:53:19+00:00\" \/>\n<meta name=\"twitter:card\" content=\"summary_large_image\" \/>\n<script type=\"application\/ld+json\" class=\"yoast-schema-graph\">{\"@context\":\"https:\\\/\\\/schema.org\",\"@graph\":[{\"@type\":\"WebPage\",\"@id\":\"https:\\\/\\\/papirol.si\\\/product\\\/maison-fringe-quilt-cover-smoke\\\/\",\"url\":\"https:\\\/\\\/papirol.si\\\/product\\\/maison-fringe-quilt-cover-smoke\\\/\",\"name\":\"Maison Fringe Quilt Cover - Smoke | Papirol\",\"isPartOf\":{\"@id\":\"https:\\\/\\\/papirol.si\\\/#website\"},\"datePublished\":\"2018-08-23T11:22:49+00:00\",\"dateModified\":\"2025-07-03T14:53:19+00:00\",\"breadcrumb\":{\"@id\":\"https:\\\/\\\/papirol.si\\\/product\\\/maison-fringe-quilt-cover-smoke\\\/#breadcrumb\"},\"inLanguage\":\"de\",\"potentialAction\":[{\"@type\":\"ReadAction\",\"target\":[\"https:\\\/\\\/papirol.si\\\/product\\\/maison-fringe-quilt-cover-smoke\\\/\"]}]},{\"@type\":\"BreadcrumbList\",\"@id\":\"https:\\\/\\\/papirol.si\\\/product\\\/maison-fringe-quilt-cover-smoke\\\/#breadcrumb\",\"itemListElement\":[{\"@type\":\"ListItem\",\"position\":1,\"name\":\"Home\",\"item\":\"https:\\\/\\\/papirol.si\\\/\"},{\"@type\":\"ListItem\",\"position\":2,\"name\":\"Izdelki\",\"item\":\"https:\\\/\\\/papirol.si\\\/shop\\\/\"},{\"@type\":\"ListItem\",\"position\":3,\"name\":\"Maison Fringe Quilt Cover &#8211; Smoke\"}]},{\"@type\":\"WebSite\",\"@id\":\"https:\\\/\\\/papirol.si\\\/#website\",\"url\":\"https:\\\/\\\/papirol.si\\\/\",\"name\":\"Papirol\",\"description\":\"Obla\u010dimo va\u0161e izdelke \u017ee 36 let!\",\"publisher\":{\"@id\":\"https:\\\/\\\/papirol.si\\\/#organization\"},\"potentialAction\":[{\"@type\":\"SearchAction\",\"target\":{\"@type\":\"EntryPoint\",\"urlTemplate\":\"https:\\\/\\\/papirol.si\\\/?s={search_term_string}\"},\"query-input\":{\"@type\":\"PropertyValueSpecification\",\"valueRequired\":true,\"valueName\":\"search_term_string\"}}],\"inLanguage\":\"de\"},{\"@type\":\"Organization\",\"@id\":\"https:\\\/\\\/papirol.si\\\/#organization\",\"name\":\"Papirol\",\"url\":\"https:\\\/\\\/papirol.si\\\/\",\"logo\":{\"@type\":\"ImageObject\",\"inLanguage\":\"de\",\"@id\":\"https:\\\/\\\/papirol.si\\\/#\\\/schema\\\/logo\\\/image\\\/\",\"url\":\"https:\\\/\\\/papirol.si\\\/wp-content\\\/uploads\\\/2019\\\/12\\\/papirol-bela.png\",\"contentUrl\":\"https:\\\/\\\/papirol.si\\\/wp-content\\\/uploads\\\/2019\\\/12\\\/papirol-bela.png\",\"width\":400,\"height\":80,\"caption\":\"Papirol\"},\"image\":{\"@id\":\"https:\\\/\\\/papirol.si\\\/#\\\/schema\\\/logo\\\/image\\\/\"}}]}<\/script>\n<!-- \/ Yoast SEO plugin. -->","yoast_head_json":{"title":"Maison Fringe Steppdeckenbezug - Smoke | Papirol","robots":{"index":"index","follow":"follow","max-snippet":"max-snippet:-1","max-image-preview":"max-image-preview:large","max-video-preview":"max-video-preview:-1"},"canonical":"https:\/\/papirol.si\/de\/produkt-2\/maison-fringe-quilt-cover-smoke\/","og_locale":"de_DE","og_type":"article","og_title":"Maison Fringe Quilt Cover - Smoke | Papirol","og_description":"Our denim quilt cover is the real deal. The genuine article. Enzyme washed, double stitched, complete with brass zippers on the euros, we just know youll end up loving this bedlinen even more than your favourite pair of jeans.","og_url":"https:\/\/papirol.si\/de\/produkt-2\/maison-fringe-quilt-cover-smoke\/","og_site_name":"Papirol","article_modified_time":"2025-07-03T14:53:19+00:00","twitter_card":"summary_large_image","schema":{"@context":"https:\/\/schema.org","@graph":[{"@type":"WebPage","@id":"https:\/\/papirol.si\/product\/maison-fringe-quilt-cover-smoke\/","url":"https:\/\/papirol.si\/product\/maison-fringe-quilt-cover-smoke\/","name":"Maison Fringe Steppdeckenbezug - Smoke | Papirol","isPartOf":{"@id":"https:\/\/papirol.si\/#website"},"datePublished":"2018-08-23T11:22:49+00:00","dateModified":"2025-07-03T14:53:19+00:00","breadcrumb":{"@id":"https:\/\/papirol.si\/product\/maison-fringe-quilt-cover-smoke\/#breadcrumb"},"inLanguage":"de","potentialAction":[{"@type":"ReadAction","target":["https:\/\/papirol.si\/product\/maison-fringe-quilt-cover-smoke\/"]}]},{"@type":"BreadcrumbList","@id":"https:\/\/papirol.si\/product\/maison-fringe-quilt-cover-smoke\/#breadcrumb","itemListElement":[{"@type":"ListItem","position":1,"name":"Home","item":"https:\/\/papirol.si\/"},{"@type":"ListItem","position":2,"name":"Izdelki","item":"https:\/\/papirol.si\/shop\/"},{"@type":"ListItem","position":3,"name":"Maison Fringe Quilt Cover &#8211; Smoke"}]},{"@type":"WebSite","@id":"https:\/\/papirol.si\/#website","url":"https:\/\/papirol.si\/","name":"Papirol","description":"Wir kleiden Ihre Produkte seit 36 Jahren ein!","publisher":{"@id":"https:\/\/papirol.si\/#organization"},"potentialAction":[{"@type":"SearchAction","target":{"@type":"EntryPoint","urlTemplate":"https:\/\/papirol.si\/?s={search_term_string}"},"query-input":{"@type":"PropertyValueSpecification","valueRequired":true,"valueName":"search_term_string"}}],"inLanguage":"de"},{"@type":"Organization","@id":"https:\/\/papirol.si\/#organization","name":"Papirol","url":"https:\/\/papirol.si\/","logo":{"@type":"ImageObject","inLanguage":"de","@id":"https:\/\/papirol.si\/#\/schema\/logo\/image\/","url":"https:\/\/papirol.si\/wp-content\/uploads\/2019\/12\/papirol-bela.png","contentUrl":"https:\/\/papirol.si\/wp-content\/uploads\/2019\/12\/papirol-bela.png","width":400,"height":80,"caption":"Papirol"},"image":{"@id":"https:\/\/papirol.si\/#\/schema\/logo\/image\/"}}]}},"_links":{"self":[{"href":"https:\/\/papirol.si\/de\/wp-json\/wp\/v2\/product\/941","targetHints":{"allow":["GET"]}}],"collection":[{"href":"https:\/\/papirol.si\/de\/wp-json\/wp\/v2\/product"}],"about":[{"href":"https:\/\/papirol.si\/de\/wp-json\/wp\/v2\/types\/product"}],"replies":[{"embeddable":true,"href":"https:\/\/papirol.si\/de\/wp-json\/wp\/v2\/comments?post=941"}],"version-history":[{"count":0,"href":"https:\/\/papirol.si\/de\/wp-json\/wp\/v2\/product\/941\/revisions"}],"wp:attachment":[{"href":"https:\/\/papirol.si\/de\/wp-json\/wp\/v2\/media?parent=941"}],"wp:term":[{"taxonomy":"product_brand","embeddable":true,"href":"https:\/\/papirol.si\/de\/wp-json\/wp\/v2\/product_brand?post=941"},{"taxonomy":"product_cat","embeddable":true,"href":"https:\/\/papirol.si\/de\/wp-json\/wp\/v2\/product_cat?post=941"},{"taxonomy":"product_tag","embeddable":true,"href":"https:\/\/papirol.si\/de\/wp-json\/wp\/v2\/product_tag?post=941"}],"curies":[{"name":"wp","href":"https:\/\/api.w.org\/{rel}","templated":true}]}}