{"id":944,"date":"2018-08-23T11:23:44","date_gmt":"2018-08-23T11:23:44","guid":{"rendered":"http:\/\/manufacturer.stylemixthemes.com\/industrial:8888\/?post_type=product&amp;p=944"},"modified":"2025-07-03T16:53:19","modified_gmt":"2025-07-03T14:53:19","slug":"maison-steppdeckenbezug-natur","status":"publish","type":"product","link":"https:\/\/papirol.si\/de\/product\/maison-quilt-cover-natural\/","title":{"rendered":"Maison Steppdeckenbezug - Natur"},"content":{"rendered":"<h3>\u00dcbersicht<\/h3>\n<p>Die Textil-, Textilwaren- und Bekleidungsindustrie umfasst Betriebe, die Fasern zu Stoffen und Stoffe zu Kleidung und anderen Textilprodukten verarbeiten.<\/p>\n<h3>Anmeldung<\/h3>\n<p>Gewebe: Bindungsart, Kette.<br \/>\nMaschenware: Art des Gestricks, Maschenst\u00e4bchen und Maschenreihen.<\/p>","protected":false},"excerpt":{"rendered":"<p>Unser Denim-Bettbezug ist das einzig Wahre. Enzymgewaschen, doppelt gen\u00e4ht und mit Messing-Rei\u00dfverschl\u00fcssen an den Euros versehen - wir wissen, dass Sie diese Bettw\u00e4sche am Ende noch mehr lieben werden als Ihre Lieblingsjeans.<\/p>","protected":false},"featured_media":0,"comment_status":"open","ping_status":"closed","template":"","meta":[],"product_brand":[],"product_cat":[29],"product_tag":[30,33,34],"class_list":{"0":"post-944","1":"product","2":"type-product","3":"status-publish","5":"product_cat-bags","6":"product_tag-cotton","7":"product_tag-pure","8":"product_tag-reversible-to-denim","10":"first","11":"instock","12":"sale","13":"shipping-taxable","14":"purchasable","15":"product-type-simple"},"yoast_head":"<!-- This site is optimized with the Yoast SEO plugin v27.3 - https:\/\/yoast.com\/product\/yoast-seo-wordpress\/ -->\n<title>Maison Quilt Cover - Natural | Papirol<\/title>\n<meta name=\"robots\" content=\"index, follow, max-snippet:-1, max-image-preview:large, max-video-preview:-1\" \/>\n<link rel=\"canonical\" href=\"https:\/\/papirol.si\/de\/produkt-2\/maison-steppdeckenbezug-natur\/\" \/>\n<meta property=\"og:locale\" content=\"de_DE\" \/>\n<meta property=\"og:type\" content=\"article\" \/>\n<meta property=\"og:title\" content=\"Maison Quilt Cover - Natural | Papirol\" \/>\n<meta property=\"og:description\" content=\"Our denim quilt cover is the real deal. The genuine article. Enzyme washed, double stitched, complete with brass zippers on the euros, we just know youll end up loving this bedlinen even more than your favourite pair of jeans.\" \/>\n<meta property=\"og:url\" content=\"https:\/\/papirol.si\/de\/produkt-2\/maison-steppdeckenbezug-natur\/\" \/>\n<meta property=\"og:site_name\" content=\"Papirol\" \/>\n<meta property=\"article:modified_time\" content=\"2025-07-03T14:53:19+00:00\" \/>\n<meta name=\"twitter:card\" content=\"summary_large_image\" \/>\n<script type=\"application\/ld+json\" class=\"yoast-schema-graph\">{\"@context\":\"https:\\\/\\\/schema.org\",\"@graph\":[{\"@type\":\"WebPage\",\"@id\":\"https:\\\/\\\/papirol.si\\\/product\\\/maison-quilt-cover-natural\\\/\",\"url\":\"https:\\\/\\\/papirol.si\\\/product\\\/maison-quilt-cover-natural\\\/\",\"name\":\"Maison Quilt Cover - Natural | Papirol\",\"isPartOf\":{\"@id\":\"https:\\\/\\\/papirol.si\\\/#website\"},\"datePublished\":\"2018-08-23T11:23:44+00:00\",\"dateModified\":\"2025-07-03T14:53:19+00:00\",\"breadcrumb\":{\"@id\":\"https:\\\/\\\/papirol.si\\\/product\\\/maison-quilt-cover-natural\\\/#breadcrumb\"},\"inLanguage\":\"de\",\"potentialAction\":[{\"@type\":\"ReadAction\",\"target\":[\"https:\\\/\\\/papirol.si\\\/product\\\/maison-quilt-cover-natural\\\/\"]}]},{\"@type\":\"BreadcrumbList\",\"@id\":\"https:\\\/\\\/papirol.si\\\/product\\\/maison-quilt-cover-natural\\\/#breadcrumb\",\"itemListElement\":[{\"@type\":\"ListItem\",\"position\":1,\"name\":\"Home\",\"item\":\"https:\\\/\\\/papirol.si\\\/\"},{\"@type\":\"ListItem\",\"position\":2,\"name\":\"Izdelki\",\"item\":\"https:\\\/\\\/papirol.si\\\/shop\\\/\"},{\"@type\":\"ListItem\",\"position\":3,\"name\":\"Maison Quilt Cover &#8211; Natural\"}]},{\"@type\":\"WebSite\",\"@id\":\"https:\\\/\\\/papirol.si\\\/#website\",\"url\":\"https:\\\/\\\/papirol.si\\\/\",\"name\":\"Papirol\",\"description\":\"Obla\u010dimo va\u0161e izdelke \u017ee 36 let!\",\"publisher\":{\"@id\":\"https:\\\/\\\/papirol.si\\\/#organization\"},\"potentialAction\":[{\"@type\":\"SearchAction\",\"target\":{\"@type\":\"EntryPoint\",\"urlTemplate\":\"https:\\\/\\\/papirol.si\\\/?s={search_term_string}\"},\"query-input\":{\"@type\":\"PropertyValueSpecification\",\"valueRequired\":true,\"valueName\":\"search_term_string\"}}],\"inLanguage\":\"de\"},{\"@type\":\"Organization\",\"@id\":\"https:\\\/\\\/papirol.si\\\/#organization\",\"name\":\"Papirol\",\"url\":\"https:\\\/\\\/papirol.si\\\/\",\"logo\":{\"@type\":\"ImageObject\",\"inLanguage\":\"de\",\"@id\":\"https:\\\/\\\/papirol.si\\\/#\\\/schema\\\/logo\\\/image\\\/\",\"url\":\"https:\\\/\\\/papirol.si\\\/wp-content\\\/uploads\\\/2019\\\/12\\\/papirol-bela.png\",\"contentUrl\":\"https:\\\/\\\/papirol.si\\\/wp-content\\\/uploads\\\/2019\\\/12\\\/papirol-bela.png\",\"width\":400,\"height\":80,\"caption\":\"Papirol\"},\"image\":{\"@id\":\"https:\\\/\\\/papirol.si\\\/#\\\/schema\\\/logo\\\/image\\\/\"}}]}<\/script>\n<!-- \/ Yoast SEO plugin. -->","yoast_head_json":{"title":"Maison Steppdeckenbezug - Natur | Papirol","robots":{"index":"index","follow":"follow","max-snippet":"max-snippet:-1","max-image-preview":"max-image-preview:large","max-video-preview":"max-video-preview:-1"},"canonical":"https:\/\/papirol.si\/de\/produkt-2\/maison-steppdeckenbezug-natur\/","og_locale":"de_DE","og_type":"article","og_title":"Maison Quilt Cover - Natural | Papirol","og_description":"Our denim quilt cover is the real deal. The genuine article. Enzyme washed, double stitched, complete with brass zippers on the euros, we just know youll end up loving this bedlinen even more than your favourite pair of jeans.","og_url":"https:\/\/papirol.si\/de\/produkt-2\/maison-steppdeckenbezug-natur\/","og_site_name":"Papirol","article_modified_time":"2025-07-03T14:53:19+00:00","twitter_card":"summary_large_image","schema":{"@context":"https:\/\/schema.org","@graph":[{"@type":"WebPage","@id":"https:\/\/papirol.si\/product\/maison-quilt-cover-natural\/","url":"https:\/\/papirol.si\/product\/maison-quilt-cover-natural\/","name":"Maison Steppdeckenbezug - Natur | Papirol","isPartOf":{"@id":"https:\/\/papirol.si\/#website"},"datePublished":"2018-08-23T11:23:44+00:00","dateModified":"2025-07-03T14:53:19+00:00","breadcrumb":{"@id":"https:\/\/papirol.si\/product\/maison-quilt-cover-natural\/#breadcrumb"},"inLanguage":"de","potentialAction":[{"@type":"ReadAction","target":["https:\/\/papirol.si\/product\/maison-quilt-cover-natural\/"]}]},{"@type":"BreadcrumbList","@id":"https:\/\/papirol.si\/product\/maison-quilt-cover-natural\/#breadcrumb","itemListElement":[{"@type":"ListItem","position":1,"name":"Home","item":"https:\/\/papirol.si\/"},{"@type":"ListItem","position":2,"name":"Izdelki","item":"https:\/\/papirol.si\/shop\/"},{"@type":"ListItem","position":3,"name":"Maison Quilt Cover &#8211; Natural"}]},{"@type":"WebSite","@id":"https:\/\/papirol.si\/#website","url":"https:\/\/papirol.si\/","name":"Papirol","description":"Wir kleiden Ihre Produkte seit 36 Jahren ein!","publisher":{"@id":"https:\/\/papirol.si\/#organization"},"potentialAction":[{"@type":"SearchAction","target":{"@type":"EntryPoint","urlTemplate":"https:\/\/papirol.si\/?s={search_term_string}"},"query-input":{"@type":"PropertyValueSpecification","valueRequired":true,"valueName":"search_term_string"}}],"inLanguage":"de"},{"@type":"Organization","@id":"https:\/\/papirol.si\/#organization","name":"Papirol","url":"https:\/\/papirol.si\/","logo":{"@type":"ImageObject","inLanguage":"de","@id":"https:\/\/papirol.si\/#\/schema\/logo\/image\/","url":"https:\/\/papirol.si\/wp-content\/uploads\/2019\/12\/papirol-bela.png","contentUrl":"https:\/\/papirol.si\/wp-content\/uploads\/2019\/12\/papirol-bela.png","width":400,"height":80,"caption":"Papirol"},"image":{"@id":"https:\/\/papirol.si\/#\/schema\/logo\/image\/"}}]}},"_links":{"self":[{"href":"https:\/\/papirol.si\/de\/wp-json\/wp\/v2\/product\/944","targetHints":{"allow":["GET"]}}],"collection":[{"href":"https:\/\/papirol.si\/de\/wp-json\/wp\/v2\/product"}],"about":[{"href":"https:\/\/papirol.si\/de\/wp-json\/wp\/v2\/types\/product"}],"replies":[{"embeddable":true,"href":"https:\/\/papirol.si\/de\/wp-json\/wp\/v2\/comments?post=944"}],"version-history":[{"count":0,"href":"https:\/\/papirol.si\/de\/wp-json\/wp\/v2\/product\/944\/revisions"}],"wp:attachment":[{"href":"https:\/\/papirol.si\/de\/wp-json\/wp\/v2\/media?parent=944"}],"wp:term":[{"taxonomy":"product_brand","embeddable":true,"href":"https:\/\/papirol.si\/de\/wp-json\/wp\/v2\/product_brand?post=944"},{"taxonomy":"product_cat","embeddable":true,"href":"https:\/\/papirol.si\/de\/wp-json\/wp\/v2\/product_cat?post=944"},{"taxonomy":"product_tag","embeddable":true,"href":"https:\/\/papirol.si\/de\/wp-json\/wp\/v2\/product_tag?post=944"}],"curies":[{"name":"wp","href":"https:\/\/api.w.org\/{rel}","templated":true}]}}