{"id":1769,"date":"2019-11-19T11:48:13","date_gmt":"2019-11-19T10:48:13","guid":{"rendered":"https:\/\/papirol.si\/prodajni-program\/papirnate-vrecke-z-ravnim-dnom-2\/"},"modified":"2023-05-10T11:15:14","modified_gmt":"2023-05-10T09:15:14","slug":"paper-bags-with-styrofoam-bottom","status":"publish","type":"page","link":"https:\/\/papirol.si\/en\/prodajni-program\/papirnate-vrecke-s-stirikotnim-dnom\/","title":{"rendered":"Square-bottomed paper bags"},"content":{"rendered":"<div data-elementor-type=\"wp-page\" data-elementor-id=\"1769\" class=\"elementor elementor-1769\" data-elementor-post-type=\"page\">\n\t\t\t\t\t\t<section class=\"elementor-section elementor-inner-section elementor-element elementor-element-485a2d00 elementor-section-boxed elementor-section-height-default elementor-section-height-default\" data-id=\"485a2d00\" data-element_type=\"section\" data-e-type=\"section\" id=\"prodajni-list\" data-settings=\"{&quot;background_background&quot;:&quot;classic&quot;}\">\n\t\t\t\t\t\t<div class=\"elementor-container elementor-column-gap-default\">\n\t\t\t\t\t<div class=\"elementor-column elementor-col-50 elementor-inner-column elementor-element elementor-element-487ef5ae\" data-id=\"487ef5ae\" data-element_type=\"column\" data-e-type=\"column\">\n\t\t\t<div class=\"elementor-widget-wrap elementor-element-populated\">\n\t\t\t\t\t\t<div class=\"elementor-element elementor-element-7501ec7 prodajni-tile elementor-position-top elementor-widget elementor-widget-image-box\" data-id=\"7501ec7\" data-element_type=\"widget\" data-e-type=\"widget\" data-widget_type=\"image-box.default\">\n\t\t\t\t\t<div class=\"elementor-image-box-wrapper\"><figure class=\"elementor-image-box-img\"><a href=\"\/en\/sales-programme\/paper-bags-with-styrofoam-bottom\/paper-bags-natura-and-white-natura-2\/\" tabindex=\"-1\"><img fetchpriority=\"high\" decoding=\"async\" width=\"1000\" height=\"982\" src=\"https:\/\/papirol.si\/wp-content\/uploads\/2020\/01\/moka-N_B.jpg\" class=\"attachment-full size-full wp-image-2411\" alt=\"paper flour bags\" srcset=\"https:\/\/papirol.si\/wp-content\/uploads\/2020\/01\/moka-N_B.jpg 1000w, https:\/\/papirol.si\/wp-content\/uploads\/2020\/01\/moka-N_B-300x295.jpg 300w, https:\/\/papirol.si\/wp-content\/uploads\/2020\/01\/moka-N_B-768x754.jpg 768w, https:\/\/papirol.si\/wp-content\/uploads\/2020\/01\/moka-N_B-285x280.jpg 285w, https:\/\/papirol.si\/wp-content\/uploads\/2020\/01\/moka-N_B-660x648.jpg 660w, https:\/\/papirol.si\/wp-content\/uploads\/2020\/01\/moka-N_B-150x147.jpg 150w\" sizes=\"(max-width: 1000px) 100vw, 1000px\" \/><\/a><\/figure><div class=\"elementor-image-box-content\"><h3 class=\"elementor-image-box-title\"><a href=\"\/en\/sales-programme\/paper-bags-with-styrofoam-bottom\/paper-bags-natura-and-white-natura-2\/\">Paper bags natura and white natura<\/a><\/h3><p class=\"elementor-image-box-description\">Made of single-layer thick brown or white paper.\nThe more compact paper makes it easier to fill and easier to keep on the shelves.\n<br><br><strong>Useful as packaging:<\/strong>\n<ul>\n<li>for ground flour, breadcrumbs, dried herbs, dried croutons<\/li>\n<li>for storage of cereals, seeds, flour<\/li>\n<li>for the packing of charcoal and similar products<\/li>\n<\/ul><\/p><\/div><\/div>\t\t\t\t<\/div>\n\t\t\t\t<div class=\"elementor-element elementor-element-333728f3 prodajni-tile elementor-position-top elementor-widget elementor-widget-image-box\" data-id=\"333728f3\" data-element_type=\"widget\" data-e-type=\"widget\" data-widget_type=\"image-box.default\">\n\t\t\t\t\t<div class=\"elementor-image-box-wrapper\"><figure class=\"elementor-image-box-img\"><a href=\"\/en\/sales-programme\/paper-bags-with-styrofoam-bottom\/paper-bags-natura-large-2\/\" tabindex=\"-1\"><img decoding=\"async\" width=\"1000\" height=\"916\" src=\"https:\/\/papirol.si\/wp-content\/uploads\/2020\/01\/moka-rjava-1kg-1.jpg\" class=\"attachment-full size-full wp-image-2417\" alt=\"\" srcset=\"https:\/\/papirol.si\/wp-content\/uploads\/2020\/01\/moka-rjava-1kg-1.jpg 1000w, https:\/\/papirol.si\/wp-content\/uploads\/2020\/01\/moka-rjava-1kg-1-300x275.jpg 300w, https:\/\/papirol.si\/wp-content\/uploads\/2020\/01\/moka-rjava-1kg-1-768x703.jpg 768w, https:\/\/papirol.si\/wp-content\/uploads\/2020\/01\/moka-rjava-1kg-1-285x261.jpg 285w, https:\/\/papirol.si\/wp-content\/uploads\/2020\/01\/moka-rjava-1kg-1-600x550.jpg 600w, https:\/\/papirol.si\/wp-content\/uploads\/2020\/01\/moka-rjava-1kg-1-660x605.jpg 660w, https:\/\/papirol.si\/wp-content\/uploads\/2020\/01\/moka-rjava-1kg-1-150x137.jpg 150w\" sizes=\"(max-width: 1000px) 100vw, 1000px\" \/><\/a><\/figure><div class=\"elementor-image-box-content\"><h3 class=\"elementor-image-box-title\"><a href=\"\/en\/sales-programme\/paper-bags-with-styrofoam-bottom\/paper-bags-natura-large-2\/\">Paper bags natura large<\/a><\/h3><p class=\"elementor-image-box-description\">Made of brown double-layer paper.\nThe more compact paper makes it easier to fill.\n<br><br><strong>Useful as packaging:<\/strong>\n<ul>\n\n<li>for storage of cereals, seeds, flour<\/li>\n<li>for the packing of charcoal and similar products<\/li>\n<\/ul><\/p><\/div><\/div>\t\t\t\t<\/div>\n\t\t\t\t\t<\/div>\n\t\t<\/div>\n\t\t\t\t<div class=\"elementor-column elementor-col-50 elementor-inner-column elementor-element elementor-element-66aae7cb\" data-id=\"66aae7cb\" data-element_type=\"column\" data-e-type=\"column\">\n\t\t\t<div class=\"elementor-widget-wrap elementor-element-populated\">\n\t\t\t\t\t\t<div class=\"elementor-element elementor-element-1182f28b prodajni-tile elementor-position-top elementor-widget elementor-widget-image-box\" data-id=\"1182f28b\" data-element_type=\"widget\" data-e-type=\"widget\" data-widget_type=\"image-box.default\">\n\t\t\t\t\t<div class=\"elementor-image-box-wrapper\"><figure class=\"elementor-image-box-img\"><a href=\"\/en\/sales-programme\/paper-bags-with-styrofoam-bottom\/paper-bags-nature-with-window\/\" tabindex=\"-1\"><img decoding=\"async\" width=\"774\" height=\"1000\" src=\"https:\/\/papirol.si\/wp-content\/uploads\/2020\/01\/\u010di\u010derika-okenca.jpg\" class=\"attachment-full size-full wp-image-2420\" alt=\"\" srcset=\"https:\/\/papirol.si\/wp-content\/uploads\/2020\/01\/\u010di\u010derika-okenca.jpg 774w, https:\/\/papirol.si\/wp-content\/uploads\/2020\/01\/\u010di\u010derika-okenca-232x300.jpg 232w, https:\/\/papirol.si\/wp-content\/uploads\/2020\/01\/\u010di\u010derika-okenca-768x992.jpg 768w, https:\/\/papirol.si\/wp-content\/uploads\/2020\/01\/\u010di\u010derika-okenca-285x368.jpg 285w, https:\/\/papirol.si\/wp-content\/uploads\/2020\/01\/\u010di\u010derika-okenca-511x660.jpg 511w, https:\/\/papirol.si\/wp-content\/uploads\/2020\/01\/\u010di\u010derika-okenca-116x150.jpg 116w\" sizes=\"(max-width: 774px) 100vw, 774px\" \/><\/a><\/figure><div class=\"elementor-image-box-content\"><h3 class=\"elementor-image-box-title\"><a href=\"\/en\/sales-programme\/paper-bags-with-styrofoam-bottom\/paper-bags-nature-with-window\/\">Paper bags natura with window<\/a><\/h3><p class=\"elementor-image-box-description\">Square-bottomed paper bags with a transparent window in the bottom third of the bag, made of brown greaseproof paper; \n<br><br><strong>Useful as packaging, the contents of which we want to see:<\/strong>\n<ul>\n<li>for tea blends, herbs, roasted pumpkins and sunflowers<\/li>\n<li>for dried fruit, nuts, dried beans, peas, lentils<\/li>\n<li>for small chocolate products, biscuits<\/li>\n<li>for dog cookies<\/li>\n<\/ul>\n<\/p><\/div><\/div>\t\t\t\t<\/div>\n\t\t\t\t<div class=\"elementor-element elementor-element-7a41829d prodajni-tile elementor-position-top elementor-widget elementor-widget-image-box\" data-id=\"7a41829d\" data-element_type=\"widget\" data-e-type=\"widget\" data-widget_type=\"image-box.default\">\n\t\t\t\t\t<div class=\"elementor-image-box-wrapper\"><figure class=\"elementor-image-box-img\"><a href=\"\/en\/sales-programme\/paper-bags-with-styrofoam-bottom\/closures\/\" tabindex=\"-1\"><img loading=\"lazy\" decoding=\"async\" width=\"439\" height=\"240\" src=\"https:\/\/papirol.si\/wp-content\/uploads\/2019\/12\/Vezice_l5og02he.png\" class=\"attachment-full size-full wp-image-1906\" alt=\"\" srcset=\"https:\/\/papirol.si\/wp-content\/uploads\/2019\/12\/Vezice_l5og02he.png 439w, https:\/\/papirol.si\/wp-content\/uploads\/2019\/12\/Vezice_l5og02he-300x164.png 300w, https:\/\/papirol.si\/wp-content\/uploads\/2019\/12\/Vezice_l5og02he-285x156.png 285w, https:\/\/papirol.si\/wp-content\/uploads\/2019\/12\/Vezice_l5og02he-150x82.png 150w\" sizes=\"(max-width: 439px) 100vw, 439px\" \/><\/a><\/figure><div class=\"elementor-image-box-content\"><h3 class=\"elementor-image-box-title\"><a href=\"\/en\/sales-programme\/paper-bags-with-styrofoam-bottom\/closures\/\">Closures<\/a><\/h3><p class=\"elementor-image-box-description\">Closures or ties for closing square-bottomed bags with or without window.\n<br><br><strong>Features:<\/strong>\n<ul>\n<li>tailored lengths for bags<\/li>\n<li>multiple use<\/li>\n<li>in white or gold<\/li>\n<\/ul>\n<br>\nThe lengths of the closures are adapted to the widths of the bags, allowing multiple use.\n<\/p><\/div><\/div>\t\t\t\t<\/div>\n\t\t\t\t\t<\/div>\n\t\t<\/div>\n\t\t\t\t\t<\/div>\n\t\t<\/section>\n\t\t\t\t<\/div>","protected":false},"excerpt":{"rendered":"<p>Papirnate vre\u010dke natura in bela natura Izdelane iz enoslojnega debelej\u0161ega rjavega ali belega papirja. Kompaktnej\u0161i papir omogo\u010da la\u017eje&#8230;<\/p>","protected":false},"author":5,"featured_media":0,"parent":1742,"menu_order":2,"comment_status":"closed","ping_status":"closed","template":"elementor_header_footer","meta":{"footnotes":""},"class_list":["post-1769","page","type-page","status-publish","hentry"],"yoast_head":"<!-- This site is optimized with the Yoast SEO plugin v27.3 - https:\/\/yoast.com\/product\/yoast-seo-wordpress\/ -->\n<title>Papirnate vre\u010dke s \u0161tirikotnim dnom | Papirol<\/title>\n<meta name=\"robots\" content=\"index, follow, max-snippet:-1, max-image-preview:large, max-video-preview:-1\" \/>\n<link rel=\"canonical\" href=\"https:\/\/papirol.si\/en\/sales-programme\/paper-bags-with-styrofoam-bottom\/\" \/>\n<meta property=\"og:locale\" content=\"en_GB\" \/>\n<meta property=\"og:type\" content=\"article\" \/>\n<meta property=\"og:title\" content=\"Papirnate vre\u010dke s \u0161tirikotnim dnom | Papirol\" \/>\n<meta property=\"og:description\" content=\"Papirnate vre\u010dke natura in bela natura Izdelane iz enoslojnega debelej\u0161ega rjavega ali belega papirja. Kompaktnej\u0161i papir omogo\u010da la\u017eje...\" \/>\n<meta property=\"og:url\" content=\"https:\/\/papirol.si\/en\/sales-programme\/paper-bags-with-styrofoam-bottom\/\" \/>\n<meta property=\"og:site_name\" content=\"Papirol\" \/>\n<meta property=\"article:modified_time\" content=\"2023-05-10T09:15:14+00:00\" \/>\n<meta property=\"og:image\" content=\"https:\/\/papirol.si\/wp-content\/uploads\/2020\/01\/moka-N_B.jpg\" \/>\n\t<meta property=\"og:image:width\" content=\"1000\" \/>\n\t<meta property=\"og:image:height\" content=\"982\" \/>\n\t<meta property=\"og:image:type\" content=\"image\/jpeg\" \/>\n<meta name=\"twitter:card\" content=\"summary_large_image\" \/>\n<meta name=\"twitter:label1\" content=\"Estimated reading time\" \/>\n\t<meta name=\"twitter:data1\" content=\"1 minute\" \/>\n<script type=\"application\/ld+json\" class=\"yoast-schema-graph\">{\"@context\":\"https:\\\/\\\/schema.org\",\"@graph\":[{\"@type\":\"WebPage\",\"@id\":\"https:\\\/\\\/papirol.si\\\/prodajni-program\\\/papirnate-vrecke-s-stirikotnim-dnom\\\/\",\"url\":\"https:\\\/\\\/papirol.si\\\/prodajni-program\\\/papirnate-vrecke-s-stirikotnim-dnom\\\/\",\"name\":\"Papirnate vre\u010dke s \u0161tirikotnim dnom | Papirol\",\"isPartOf\":{\"@id\":\"https:\\\/\\\/papirol.si\\\/#website\"},\"primaryImageOfPage\":{\"@id\":\"https:\\\/\\\/papirol.si\\\/prodajni-program\\\/papirnate-vrecke-s-stirikotnim-dnom\\\/#primaryimage\"},\"image\":{\"@id\":\"https:\\\/\\\/papirol.si\\\/prodajni-program\\\/papirnate-vrecke-s-stirikotnim-dnom\\\/#primaryimage\"},\"thumbnailUrl\":\"https:\\\/\\\/papirol.si\\\/wp-content\\\/uploads\\\/2020\\\/01\\\/moka-N_B.jpg\",\"datePublished\":\"2019-11-19T10:48:13+00:00\",\"dateModified\":\"2023-05-10T09:15:14+00:00\",\"breadcrumb\":{\"@id\":\"https:\\\/\\\/papirol.si\\\/prodajni-program\\\/papirnate-vrecke-s-stirikotnim-dnom\\\/#breadcrumb\"},\"inLanguage\":\"en-GB\",\"potentialAction\":[{\"@type\":\"ReadAction\",\"target\":[\"https:\\\/\\\/papirol.si\\\/prodajni-program\\\/papirnate-vrecke-s-stirikotnim-dnom\\\/\"]}]},{\"@type\":\"ImageObject\",\"inLanguage\":\"en-GB\",\"@id\":\"https:\\\/\\\/papirol.si\\\/prodajni-program\\\/papirnate-vrecke-s-stirikotnim-dnom\\\/#primaryimage\",\"url\":\"https:\\\/\\\/papirol.si\\\/wp-content\\\/uploads\\\/2020\\\/01\\\/moka-N_B.jpg\",\"contentUrl\":\"https:\\\/\\\/papirol.si\\\/wp-content\\\/uploads\\\/2020\\\/01\\\/moka-N_B.jpg\"},{\"@type\":\"BreadcrumbList\",\"@id\":\"https:\\\/\\\/papirol.si\\\/prodajni-program\\\/papirnate-vrecke-s-stirikotnim-dnom\\\/#breadcrumb\",\"itemListElement\":[{\"@type\":\"ListItem\",\"position\":1,\"name\":\"Home\",\"item\":\"https:\\\/\\\/papirol.si\\\/\"},{\"@type\":\"ListItem\",\"position\":2,\"name\":\"Prodajni program\",\"item\":\"https:\\\/\\\/papirol.si\\\/prodajni-program\\\/\"},{\"@type\":\"ListItem\",\"position\":3,\"name\":\"Papirnate vre\u010dke s \u0161tirikotnim dnom\"}]},{\"@type\":\"WebSite\",\"@id\":\"https:\\\/\\\/papirol.si\\\/#website\",\"url\":\"https:\\\/\\\/papirol.si\\\/\",\"name\":\"Papirol\",\"description\":\"Obla\u010dimo va\u0161e izdelke \u017ee 36 let!\",\"publisher\":{\"@id\":\"https:\\\/\\\/papirol.si\\\/#organization\"},\"potentialAction\":[{\"@type\":\"SearchAction\",\"target\":{\"@type\":\"EntryPoint\",\"urlTemplate\":\"https:\\\/\\\/papirol.si\\\/?s={search_term_string}\"},\"query-input\":{\"@type\":\"PropertyValueSpecification\",\"valueRequired\":true,\"valueName\":\"search_term_string\"}}],\"inLanguage\":\"en-GB\"},{\"@type\":\"Organization\",\"@id\":\"https:\\\/\\\/papirol.si\\\/#organization\",\"name\":\"Papirol\",\"url\":\"https:\\\/\\\/papirol.si\\\/\",\"logo\":{\"@type\":\"ImageObject\",\"inLanguage\":\"en-GB\",\"@id\":\"https:\\\/\\\/papirol.si\\\/#\\\/schema\\\/logo\\\/image\\\/\",\"url\":\"https:\\\/\\\/papirol.si\\\/wp-content\\\/uploads\\\/2019\\\/12\\\/papirol-bela.png\",\"contentUrl\":\"https:\\\/\\\/papirol.si\\\/wp-content\\\/uploads\\\/2019\\\/12\\\/papirol-bela.png\",\"width\":400,\"height\":80,\"caption\":\"Papirol\"},\"image\":{\"@id\":\"https:\\\/\\\/papirol.si\\\/#\\\/schema\\\/logo\\\/image\\\/\"}}]}<\/script>\n<!-- \/ Yoast SEO plugin. -->","yoast_head_json":{"title":"Paper bags with square bottom | Papirol","robots":{"index":"index","follow":"follow","max-snippet":"max-snippet:-1","max-image-preview":"max-image-preview:large","max-video-preview":"max-video-preview:-1"},"canonical":"https:\/\/papirol.si\/en\/sales-programme\/paper-bags-with-styrofoam-bottom\/","og_locale":"en_GB","og_type":"article","og_title":"Papirnate vre\u010dke s \u0161tirikotnim dnom | Papirol","og_description":"Papirnate vre\u010dke natura in bela natura Izdelane iz enoslojnega debelej\u0161ega rjavega ali belega papirja. Kompaktnej\u0161i papir omogo\u010da la\u017eje...","og_url":"https:\/\/papirol.si\/en\/sales-programme\/paper-bags-with-styrofoam-bottom\/","og_site_name":"Papirol","article_modified_time":"2023-05-10T09:15:14+00:00","og_image":[{"width":1000,"height":982,"url":"https:\/\/papirol.si\/wp-content\/uploads\/2020\/01\/moka-N_B.jpg","type":"image\/jpeg"}],"twitter_card":"summary_large_image","twitter_misc":{"Estimated reading time":"1 minute"},"schema":{"@context":"https:\/\/schema.org","@graph":[{"@type":"WebPage","@id":"https:\/\/papirol.si\/prodajni-program\/papirnate-vrecke-s-stirikotnim-dnom\/","url":"https:\/\/papirol.si\/prodajni-program\/papirnate-vrecke-s-stirikotnim-dnom\/","name":"Paper bags with square bottom | Papirol","isPartOf":{"@id":"https:\/\/papirol.si\/#website"},"primaryImageOfPage":{"@id":"https:\/\/papirol.si\/prodajni-program\/papirnate-vrecke-s-stirikotnim-dnom\/#primaryimage"},"image":{"@id":"https:\/\/papirol.si\/prodajni-program\/papirnate-vrecke-s-stirikotnim-dnom\/#primaryimage"},"thumbnailUrl":"https:\/\/papirol.si\/wp-content\/uploads\/2020\/01\/moka-N_B.jpg","datePublished":"2019-11-19T10:48:13+00:00","dateModified":"2023-05-10T09:15:14+00:00","breadcrumb":{"@id":"https:\/\/papirol.si\/prodajni-program\/papirnate-vrecke-s-stirikotnim-dnom\/#breadcrumb"},"inLanguage":"en-GB","potentialAction":[{"@type":"ReadAction","target":["https:\/\/papirol.si\/prodajni-program\/papirnate-vrecke-s-stirikotnim-dnom\/"]}]},{"@type":"ImageObject","inLanguage":"en-GB","@id":"https:\/\/papirol.si\/prodajni-program\/papirnate-vrecke-s-stirikotnim-dnom\/#primaryimage","url":"https:\/\/papirol.si\/wp-content\/uploads\/2020\/01\/moka-N_B.jpg","contentUrl":"https:\/\/papirol.si\/wp-content\/uploads\/2020\/01\/moka-N_B.jpg"},{"@type":"BreadcrumbList","@id":"https:\/\/papirol.si\/prodajni-program\/papirnate-vrecke-s-stirikotnim-dnom\/#breadcrumb","itemListElement":[{"@type":"ListItem","position":1,"name":"Home","item":"https:\/\/papirol.si\/"},{"@type":"ListItem","position":2,"name":"Prodajni program","item":"https:\/\/papirol.si\/prodajni-program\/"},{"@type":"ListItem","position":3,"name":"Papirnate vre\u010dke s \u0161tirikotnim dnom"}]},{"@type":"WebSite","@id":"https:\/\/papirol.si\/#website","url":"https:\/\/papirol.si\/","name":"Papirol","description":"We've been dressing your products for 36 years!","publisher":{"@id":"https:\/\/papirol.si\/#organization"},"potentialAction":[{"@type":"SearchAction","target":{"@type":"EntryPoint","urlTemplate":"https:\/\/papirol.si\/?s={search_term_string}"},"query-input":{"@type":"PropertyValueSpecification","valueRequired":true,"valueName":"search_term_string"}}],"inLanguage":"en-GB"},{"@type":"Organization","@id":"https:\/\/papirol.si\/#organization","name":"Papirol","url":"https:\/\/papirol.si\/","logo":{"@type":"ImageObject","inLanguage":"en-GB","@id":"https:\/\/papirol.si\/#\/schema\/logo\/image\/","url":"https:\/\/papirol.si\/wp-content\/uploads\/2019\/12\/papirol-bela.png","contentUrl":"https:\/\/papirol.si\/wp-content\/uploads\/2019\/12\/papirol-bela.png","width":400,"height":80,"caption":"Papirol"},"image":{"@id":"https:\/\/papirol.si\/#\/schema\/logo\/image\/"}}]}},"_links":{"self":[{"href":"https:\/\/papirol.si\/en\/wp-json\/wp\/v2\/pages\/1769","targetHints":{"allow":["GET"]}}],"collection":[{"href":"https:\/\/papirol.si\/en\/wp-json\/wp\/v2\/pages"}],"about":[{"href":"https:\/\/papirol.si\/en\/wp-json\/wp\/v2\/types\/page"}],"author":[{"embeddable":true,"href":"https:\/\/papirol.si\/en\/wp-json\/wp\/v2\/users\/5"}],"replies":[{"embeddable":true,"href":"https:\/\/papirol.si\/en\/wp-json\/wp\/v2\/comments?post=1769"}],"version-history":[{"count":22,"href":"https:\/\/papirol.si\/en\/wp-json\/wp\/v2\/pages\/1769\/revisions"}],"predecessor-version":[{"id":4262,"href":"https:\/\/papirol.si\/en\/wp-json\/wp\/v2\/pages\/1769\/revisions\/4262"}],"up":[{"embeddable":true,"href":"https:\/\/papirol.si\/en\/wp-json\/wp\/v2\/pages\/1742"}],"wp:attachment":[{"href":"https:\/\/papirol.si\/en\/wp-json\/wp\/v2\/media?parent=1769"}],"curies":[{"name":"wp","href":"https:\/\/api.w.org\/{rel}","templated":true}]}}