{"id":1869,"date":"2019-12-06T12:07:55","date_gmt":"2019-12-06T11:07:55","guid":{"rendered":"https:\/\/papirol.si\/prodajni-program\/papirnate-vrecke-z-ravnim-dnom\/papirnate-vrecke-natura-2\/"},"modified":"2020-03-06T12:40:07","modified_gmt":"2020-03-06T11:40:07","slug":"paper-bags-nature-with-window","status":"publish","type":"page","link":"https:\/\/papirol.si\/en\/prodajni-program\/papirnate-vrecke-z-ravnim-dnom\/papirnate-vrecke-natura-z-oknom\/","title":{"rendered":"Paper bags natura with window"},"content":{"rendered":"<div data-elementor-type=\"wp-page\" data-elementor-id=\"1869\" class=\"elementor elementor-1869\" data-elementor-post-type=\"page\">\n\t\t\t\t\t\t<section class=\"elementor-section elementor-top-section elementor-element elementor-element-19bce131 elementor-section-content-middle elementor-section-boxed elementor-section-height-default elementor-section-height-default\" data-id=\"19bce131\" data-element_type=\"section\" data-e-type=\"section\" id=\"produkt-bio\" data-settings=\"{&quot;background_background&quot;:&quot;classic&quot;}\">\n\t\t\t\t\t\t<div class=\"elementor-container elementor-column-gap-default\">\n\t\t\t\t\t<div class=\"elementor-column elementor-col-50 elementor-top-column elementor-element elementor-element-277ff8ad\" data-id=\"277ff8ad\" data-element_type=\"column\" data-e-type=\"column\">\n\t\t\t<div class=\"elementor-widget-wrap elementor-element-populated\">\n\t\t\t\t\t\t<div class=\"elementor-element elementor-element-059580b elementor-widget elementor-widget-image\" data-id=\"059580b\" data-element_type=\"widget\" data-e-type=\"widget\" data-widget_type=\"image.default\">\n\t\t\t\t\t\t\t\t\t\t\t\t\t\t\t<img fetchpriority=\"high\" decoding=\"async\" width=\"892\" height=\"1024\" src=\"https:\/\/papirol.si\/wp-content\/uploads\/2020\/01\/N_okence-vre\u010dke-zemljice-1-892x1024.jpg\" class=\"attachment-large size-large wp-image-2399\" alt=\"\" srcset=\"https:\/\/papirol.si\/wp-content\/uploads\/2020\/01\/N_okence-vre\u010dke-zemljice-1-892x1024.jpg 892w, https:\/\/papirol.si\/wp-content\/uploads\/2020\/01\/N_okence-vre\u010dke-zemljice-1-261x300.jpg 261w, https:\/\/papirol.si\/wp-content\/uploads\/2020\/01\/N_okence-vre\u010dke-zemljice-1-768x882.jpg 768w, https:\/\/papirol.si\/wp-content\/uploads\/2020\/01\/N_okence-vre\u010dke-zemljice-1-285x327.jpg 285w, https:\/\/papirol.si\/wp-content\/uploads\/2020\/01\/N_okence-vre\u010dke-zemljice-1-575x660.jpg 575w, https:\/\/papirol.si\/wp-content\/uploads\/2020\/01\/N_okence-vre\u010dke-zemljice-1-131x150.jpg 131w, https:\/\/papirol.si\/wp-content\/uploads\/2020\/01\/N_okence-vre\u010dke-zemljice-1.jpg 1000w\" sizes=\"(max-width: 892px) 100vw, 892px\" \/>\t\t\t\t\t\t\t\t\t\t\t\t\t\t\t<\/div>\n\t\t\t\t<div class=\"elementor-element elementor-element-14ef6573 elementor-widget elementor-widget-image\" data-id=\"14ef6573\" data-element_type=\"widget\" data-e-type=\"widget\" data-widget_type=\"image.default\">\n\t\t\t\t\t\t\t\t\t\t\t\t\t\t\t<img decoding=\"async\" width=\"221\" height=\"410\" src=\"https:\/\/papirol.si\/wp-content\/uploads\/2019\/12\/program1_hhwoy0mk.jpg\" class=\"attachment-large size-large wp-image-1859\" alt=\"\" srcset=\"https:\/\/papirol.si\/wp-content\/uploads\/2019\/12\/program1_hhwoy0mk.jpg 221w, https:\/\/papirol.si\/wp-content\/uploads\/2019\/12\/program1_hhwoy0mk-162x300.jpg 162w, https:\/\/papirol.si\/wp-content\/uploads\/2019\/12\/program1_hhwoy0mk-81x150.jpg 81w\" sizes=\"(max-width: 221px) 100vw, 221px\" \/>\t\t\t\t\t\t\t\t\t\t\t\t\t\t\t<\/div>\n\t\t\t\t<div class=\"elementor-element elementor-element-7648a4f elementor-widget elementor-widget-image\" data-id=\"7648a4f\" data-element_type=\"widget\" data-e-type=\"widget\" data-widget_type=\"image.default\">\n\t\t\t\t\t\t\t\t\t\t\t\t\t\t\t<img decoding=\"async\" width=\"683\" height=\"1024\" src=\"https:\/\/papirol.si\/wp-content\/uploads\/2020\/03\/francoz_N-683x1024.jpg\" class=\"attachment-large size-large wp-image-2860\" alt=\"\" srcset=\"https:\/\/papirol.si\/wp-content\/uploads\/2020\/03\/francoz_N-683x1024.jpg 683w, https:\/\/papirol.si\/wp-content\/uploads\/2020\/03\/francoz_N-200x300.jpg 200w, https:\/\/papirol.si\/wp-content\/uploads\/2020\/03\/francoz_N-768x1152.jpg 768w, https:\/\/papirol.si\/wp-content\/uploads\/2020\/03\/francoz_N-1024x1536.jpg 1024w, https:\/\/papirol.si\/wp-content\/uploads\/2020\/03\/francoz_N-1365x2048.jpg 1365w, https:\/\/papirol.si\/wp-content\/uploads\/2020\/03\/francoz_N-285x428.jpg 285w, https:\/\/papirol.si\/wp-content\/uploads\/2020\/03\/francoz_N-1600x2400.jpg 1600w, https:\/\/papirol.si\/wp-content\/uploads\/2020\/03\/francoz_N-440x660.jpg 440w, https:\/\/papirol.si\/wp-content\/uploads\/2020\/03\/francoz_N-100x150.jpg 100w, https:\/\/papirol.si\/wp-content\/uploads\/2020\/03\/francoz_N-scaled.jpg 1707w\" sizes=\"(max-width: 683px) 100vw, 683px\" \/>\t\t\t\t\t\t\t\t\t\t\t\t\t\t\t<\/div>\n\t\t\t\t\t<\/div>\n\t\t<\/div>\n\t\t\t\t<div class=\"elementor-column elementor-col-50 elementor-top-column elementor-element elementor-element-524c369\" data-id=\"524c369\" data-element_type=\"column\" data-e-type=\"column\">\n\t\t\t<div class=\"elementor-widget-wrap elementor-element-populated\">\n\t\t\t\t\t\t<div class=\"elementor-element elementor-element-20490b7c elementor-widget elementor-widget-text-editor\" data-id=\"20490b7c\" data-element_type=\"widget\" data-e-type=\"widget\" data-widget_type=\"text-editor.default\">\n\t\t\t\t\t\t\t\t\t<p><span style=\"font-weight: 400;\">The natura paper bags with window are made of brown ribbed paper, with a transparent window on the front, with the possibility of sliding to the side edge.<\/span><\/p><p><span style=\"font-weight: 400;\">Transparent window optionally made of compostable materials or transparent white paper.<\/span><\/p><p><span style=\"font-weight: 400;\">The bags are very suitable for products that are \u201cbought with the eyes\u201d - you can see the contents clearly through the window.\u00a0<\/span><\/p><p><span style=\"font-weight: 400;\">Very useful for pre-prepared sandwiches and baked goods, shelf-stable products and vending machines.<\/span><\/p><p><span style=\"font-weight: 400;\">Unprinted, usually in stock, immediately available, even in small quantities.<\/span><\/p>\t\t\t\t\t\t\t\t<\/div>\n\t\t\t\t<div class=\"elementor-element elementor-element-3c4173b elementor-widget elementor-widget-text-editor\" data-id=\"3c4173b\" data-element_type=\"widget\" data-e-type=\"widget\" id=\"tisk-box\" data-widget_type=\"text-editor.default\">\n\t\t\t\t\t\t\t\t\t<h2>Printing on bags<\/h2>\nPaper bags are printed in one or more colours to a high quality.<br>\nAbility to print at the same time as the bag is being worked on, allowing printing over the entire surface of the bag, optionally also inside the bag.<br>\nUp to printing on pre-made bags, which allows printing of small quantities.\n<strong>Printing techniques:<\/strong>\n<ul>\n \t<li>multi-colour flexo printing from the line on all types of paper bags<\/li>\n \t<li>multi-colour screen to print on all types of paper bags<\/li>\n<\/ul>\n<strong>Print:<\/strong>\n<ul>\n \t<li>continuous or positioned, multi-colour printing, on one or both sides<\/li>\n \t<li>over the entire surface, on one or both sides, including the lateral edges<\/li>\n<\/ul>\t\t\t\t\t\t\t\t<\/div>\n\t\t\t\t<div class=\"elementor-element elementor-element-4ebfbe6 elementor-widget elementor-widget-image\" data-id=\"4ebfbe6\" data-element_type=\"widget\" data-e-type=\"widget\" data-widget_type=\"image.default\">\n\t\t\t\t\t\t\t\t\t\t\t\t\t\t\t<img loading=\"lazy\" decoding=\"async\" width=\"940\" height=\"627\" src=\"https:\/\/papirol.si\/wp-content\/uploads\/2020\/03\/Papirol-\u0161krnicelj-okno-natur-1024x683.jpg\" class=\"attachment-large size-large wp-image-2858\" alt=\"\" srcset=\"https:\/\/papirol.si\/wp-content\/uploads\/2020\/03\/Papirol-\u0161krnicelj-okno-natur-1024x683.jpg 1024w, https:\/\/papirol.si\/wp-content\/uploads\/2020\/03\/Papirol-\u0161krnicelj-okno-natur-300x200.jpg 300w, https:\/\/papirol.si\/wp-content\/uploads\/2020\/03\/Papirol-\u0161krnicelj-okno-natur-768x512.jpg 768w, https:\/\/papirol.si\/wp-content\/uploads\/2020\/03\/Papirol-\u0161krnicelj-okno-natur-1536x1024.jpg 1536w, https:\/\/papirol.si\/wp-content\/uploads\/2020\/03\/Papirol-\u0161krnicelj-okno-natur-2048x1365.jpg 2048w, https:\/\/papirol.si\/wp-content\/uploads\/2020\/03\/Papirol-\u0161krnicelj-okno-natur-285x190.jpg 285w, https:\/\/papirol.si\/wp-content\/uploads\/2020\/03\/Papirol-\u0161krnicelj-okno-natur-1600x1067.jpg 1600w, https:\/\/papirol.si\/wp-content\/uploads\/2020\/03\/Papirol-\u0161krnicelj-okno-natur-660x440.jpg 660w, https:\/\/papirol.si\/wp-content\/uploads\/2020\/03\/Papirol-\u0161krnicelj-okno-natur-150x100.jpg 150w\" sizes=\"(max-width: 940px) 100vw, 940px\" \/>\t\t\t\t\t\t\t\t\t\t\t\t\t\t\t<\/div>\n\t\t\t\t\t<\/div>\n\t\t<\/div>\n\t\t\t\t\t<\/div>\n\t\t<\/section>\n\t\t\t\t<section class=\"elementor-section elementor-top-section elementor-element elementor-element-f11247f elementor-section-boxed elementor-section-height-default elementor-section-height-default\" data-id=\"f11247f\" data-element_type=\"section\" data-e-type=\"section\" id=\"product-bio-tbl\" data-settings=\"{&quot;background_background&quot;:&quot;classic&quot;}\">\n\t\t\t\t\t\t<div class=\"elementor-container elementor-column-gap-default\">\n\t\t\t\t\t<div class=\"elementor-column elementor-col-100 elementor-top-column elementor-element elementor-element-21ce687\" data-id=\"21ce687\" data-element_type=\"column\" data-e-type=\"column\">\n\t\t\t<div class=\"elementor-widget-wrap elementor-element-populated\">\n\t\t\t\t\t\t<div class=\"elementor-element elementor-element-1b549f9 elementor-widget elementor-widget-text-editor\" data-id=\"1b549f9\" data-element_type=\"widget\" data-e-type=\"widget\" data-widget_type=\"text-editor.default\">\n\t\t\t\t\t\t\t\t\t<table data-minrequestedwidth=\"891.4285278320312\" data-computedwidth=\"891.4285278320312\"><tbody><tr><td class=\"imVc\"><b><span class=\"fs11lh1-5 ff1\">Product name<\/span><\/b><\/td><td class=\"imVc\"><div class=\"imTACenter\"><b class=\"fs11lh1-5\">Standard dimension<\/b><\/div><\/td><td class=\"imVc\"><div class=\"imTACenter\"><b class=\"fs11lh1-5\">Packaging<\/b><\/div><\/td><\/tr><tr><td class=\"imVc\"><div class=\"imTACenter\"><span class=\"fs11lh1-5 ff2\">Natura starling with window 1\/2<\/span><\/div><\/td><td class=\"imVc\"><div class=\"imTACenter\"><span class=\"fs11lh1-5 ff2\">12 + 4 x 29 cm<\/span><\/div><\/td><td class=\"imVc\"><div class=\"imTACenter\"><span class=\"fs11lh1-5 ff2\">2000 pieces<\/span><\/div><\/td><\/tr><tr><td class=\"imVc\"><div class=\"imTACenter\"><span class=\"fs11lh1-5 ff2\">Natura starling with window 1<\/span><\/div><\/td><td class=\"imVc\"><div class=\"imTACenter\"><span class=\"fs11lh1-5 ff2\">14 + 5 x 29 cm<\/span><\/div><\/td><td class=\"imVc\"><div class=\"imTACenter\"><span class=\"fs11lh1-5 ff2\">2000 pieces<\/span><\/div><\/td><\/tr><tr><td class=\"imVc\"><div class=\"imTACenter\"><span class=\"fs11lh1-5 ff2\">Natura starling with window 1<\/span><\/div><\/td><td class=\"imVc\"><div class=\"imTACenter\"><span class=\"fs11lh1-5 ff2\">14 + 5 x 43 cm<\/span><\/div><\/td><td class=\"imVc\"><div class=\"imTACenter\"><span class=\"fs11lh1-5 ff2\">2000 pieces<\/span><\/div><\/td><\/tr><tr><td class=\"imVc\"><div class=\"imTACenter\"><span class=\"fs11lh1-5 ff2\">Natura starling with window 3<\/span><\/div><\/td><td class=\"imVc\"><div class=\"imTACenter\"><span class=\"fs11lh1-5 ff2\">20 + 8 x 39 cm<\/span><\/div><\/td><td class=\"imVc\"><div class=\"imTACenter\"><span class=\"fs11lh1-5 ff2\">2000 pieces<\/span><\/div><\/td><\/tr><tr><td class=\"imVc\"><div class=\"imTACenter\"><span class=\"fs11lh1-5 ff2\">Natura Lark with V window<\/span><\/div><\/td><td class=\"imVc\"><div class=\"imTACenter\"><span class=\"fs11lh1-5 ff2\">25 + 10 x 47 cm<\/span><\/div><\/td><td class=\"imVc\"><div class=\"imTACenter\"><span class=\"fs11lh1-5 ff2\">1000 pieces<\/span><\/div><\/td><\/tr><tr><td class=\"imVc\"><div class=\"imTACenter\"><span class=\"fs11lh1-5 ff2\">Nature Lark with window V*<\/span><\/div><\/td><td class=\"imVc\"><div class=\"imTACenter\"><span class=\"fs11lh1-5 ff2\">30 + 7 x 43 cm<\/span><\/div><\/td><td class=\"imVc\"><div class=\"imTACenter\"><span class=\"fs11lh1-5 ff2\">1000 pieces<\/span><\/div><\/td><\/tr><tr><td class=\"imVc\"><div class=\"imTACenter\"><span class=\"fs11lh1-5 ff2\">Natura Lark with French window<\/span><\/div><\/td><td class=\"imVc\"><div class=\"imTACenter\"><span class=\"fs11lh1-5 ff2\">12 + 4 x 59 cm<\/span><\/div><\/td><td class=\"imVc\"><div class=\"imTACenter\"><span class=\"fs11lh1-5 ff2\">2000 pieces<\/span><\/div><\/td><\/tr><\/tbody><\/table>\t\t\t\t\t\t\t\t<\/div>\n\t\t\t\t\t<\/div>\n\t\t<\/div>\n\t\t\t\t\t<\/div>\n\t\t<\/section>\n\t\t\t\t<section class=\"elementor-section elementor-top-section elementor-element elementor-element-72e4d9f0 elementor-section-boxed elementor-section-height-default elementor-section-height-default\" data-id=\"72e4d9f0\" data-element_type=\"section\" data-e-type=\"section\" id=\"povp-sect\" data-settings=\"{&quot;background_background&quot;:&quot;classic&quot;}\">\n\t\t\t\t\t\t\t<div class=\"elementor-background-overlay\"><\/div>\n\t\t\t\t\t\t\t<div class=\"elementor-container elementor-column-gap-default\">\n\t\t\t\t\t<div class=\"elementor-column elementor-col-100 elementor-top-column elementor-element elementor-element-1b25eb8b\" data-id=\"1b25eb8b\" data-element_type=\"column\" data-e-type=\"column\">\n\t\t\t<div class=\"elementor-widget-wrap elementor-element-populated\">\n\t\t\t\t\t\t<div class=\"elementor-element elementor-element-7d76c8a5 elementor-widget elementor-widget-heading\" data-id=\"7d76c8a5\" data-element_type=\"widget\" data-e-type=\"widget\" data-widget_type=\"heading.default\">\n\t\t\t\t\t<h2 class=\"elementor-heading-title elementor-size-default elementor-heading-title elementor-align-after-center\"><span style=\"font-weight:normal\"><span style=\"font-size: 9pt;font-weight: 700;vertical-align: baseline\"><\/span><\/span>Start using friendly packaging!<\/h2>\t\t\t\t<\/div>\n\t\t\t\t<div class=\"elementor-element elementor-element-7df20e99 elementor-widget elementor-widget-sm-default-button\" data-id=\"7df20e99\" data-element_type=\"widget\" data-e-type=\"widget\" data-widget_type=\"sm-default-button.default\">\n\t\t\t\t<div class=\"elementor-widget-container\">\n\t\t\t\t\t\n\t\t\t\t<a   href=\"https:\/\/papirol.si\/en\/povprasevanje\/vrecke-ravno-dno\/\" class=\"btn\">Send your enquiry<i class=\"ti ti-arrow-right\"><\/i><\/a>\n\t\t\n\t\t\t\t\t<\/div>\n\t\t\t\t<\/div>\n\t\t\t\t\t<\/div>\n\t\t<\/div>\n\t\t\t\t\t<\/div>\n\t\t<\/section>\n\t\t\t\t<\/div>","protected":false},"excerpt":{"rendered":"<p>Papirnate vre\u010dke natura z oknom so izdelane iz rjavega rebrastega papirja, s prozornim oknom na sprednji strani, z&#8230;<\/p>","protected":false},"author":5,"featured_media":0,"parent":1767,"menu_order":0,"comment_status":"closed","ping_status":"closed","template":"elementor_header_footer","meta":{"footnotes":""},"class_list":["post-1869","page","type-page","status-publish","hentry"],"yoast_head":"<!-- This site is optimized with the Yoast SEO plugin v27.3 - https:\/\/yoast.com\/product\/yoast-seo-wordpress\/ -->\n<title>Papirnate vre\u010dke natura z oknom | Papirol<\/title>\n<meta name=\"robots\" content=\"index, follow, max-snippet:-1, max-image-preview:large, max-video-preview:-1\" \/>\n<link rel=\"canonical\" href=\"https:\/\/papirol.si\/en\/sales-programme\/flat-bottomed-paper-bags\/paper-bags-nature-with-window\/\" \/>\n<meta property=\"og:locale\" content=\"en_GB\" \/>\n<meta property=\"og:type\" content=\"article\" \/>\n<meta property=\"og:title\" content=\"Papirnate vre\u010dke natura z oknom | Papirol\" \/>\n<meta property=\"og:description\" content=\"Papirnate vre\u010dke natura z oknom so izdelane iz rjavega rebrastega papirja, s prozornim oknom na sprednji strani, z...\" \/>\n<meta property=\"og:url\" content=\"https:\/\/papirol.si\/en\/sales-programme\/flat-bottomed-paper-bags\/paper-bags-nature-with-window\/\" \/>\n<meta property=\"og:site_name\" content=\"Papirol\" \/>\n<meta property=\"article:modified_time\" content=\"2020-03-06T11:40:07+00:00\" \/>\n<meta property=\"og:image\" content=\"https:\/\/papirol.si\/wp-content\/uploads\/2019\/12\/program1_hhwoy0mk.jpg\" \/>\n<meta name=\"twitter:card\" content=\"summary_large_image\" \/>\n<meta name=\"twitter:label1\" content=\"Estimated reading time\" \/>\n\t<meta name=\"twitter:data1\" content=\"1 minute\" \/>\n<script type=\"application\/ld+json\" class=\"yoast-schema-graph\">{\"@context\":\"https:\\\/\\\/schema.org\",\"@graph\":[{\"@type\":\"WebPage\",\"@id\":\"https:\\\/\\\/papirol.si\\\/prodajni-program\\\/papirnate-vrecke-z-ravnim-dnom\\\/papirnate-vrecke-natura-z-oknom\\\/\",\"url\":\"https:\\\/\\\/papirol.si\\\/prodajni-program\\\/papirnate-vrecke-z-ravnim-dnom\\\/papirnate-vrecke-natura-z-oknom\\\/\",\"name\":\"Papirnate vre\u010dke natura z oknom | Papirol\",\"isPartOf\":{\"@id\":\"https:\\\/\\\/papirol.si\\\/#website\"},\"primaryImageOfPage\":{\"@id\":\"https:\\\/\\\/papirol.si\\\/prodajni-program\\\/papirnate-vrecke-z-ravnim-dnom\\\/papirnate-vrecke-natura-z-oknom\\\/#primaryimage\"},\"image\":{\"@id\":\"https:\\\/\\\/papirol.si\\\/prodajni-program\\\/papirnate-vrecke-z-ravnim-dnom\\\/papirnate-vrecke-natura-z-oknom\\\/#primaryimage\"},\"thumbnailUrl\":\"https:\\\/\\\/papirol.si\\\/wp-content\\\/uploads\\\/2019\\\/12\\\/program1_hhwoy0mk.jpg\",\"datePublished\":\"2019-12-06T11:07:55+00:00\",\"dateModified\":\"2020-03-06T11:40:07+00:00\",\"breadcrumb\":{\"@id\":\"https:\\\/\\\/papirol.si\\\/prodajni-program\\\/papirnate-vrecke-z-ravnim-dnom\\\/papirnate-vrecke-natura-z-oknom\\\/#breadcrumb\"},\"inLanguage\":\"en-GB\",\"potentialAction\":[{\"@type\":\"ReadAction\",\"target\":[\"https:\\\/\\\/papirol.si\\\/prodajni-program\\\/papirnate-vrecke-z-ravnim-dnom\\\/papirnate-vrecke-natura-z-oknom\\\/\"]}]},{\"@type\":\"ImageObject\",\"inLanguage\":\"en-GB\",\"@id\":\"https:\\\/\\\/papirol.si\\\/prodajni-program\\\/papirnate-vrecke-z-ravnim-dnom\\\/papirnate-vrecke-natura-z-oknom\\\/#primaryimage\",\"url\":\"https:\\\/\\\/papirol.si\\\/wp-content\\\/uploads\\\/2019\\\/12\\\/program1_hhwoy0mk.jpg\",\"contentUrl\":\"https:\\\/\\\/papirol.si\\\/wp-content\\\/uploads\\\/2019\\\/12\\\/program1_hhwoy0mk.jpg\"},{\"@type\":\"BreadcrumbList\",\"@id\":\"https:\\\/\\\/papirol.si\\\/prodajni-program\\\/papirnate-vrecke-z-ravnim-dnom\\\/papirnate-vrecke-natura-z-oknom\\\/#breadcrumb\",\"itemListElement\":[{\"@type\":\"ListItem\",\"position\":1,\"name\":\"Home\",\"item\":\"https:\\\/\\\/papirol.si\\\/\"},{\"@type\":\"ListItem\",\"position\":2,\"name\":\"Prodajni program\",\"item\":\"https:\\\/\\\/papirol.si\\\/prodajni-program\\\/\"},{\"@type\":\"ListItem\",\"position\":3,\"name\":\"Papirnate vre\u010dke z ravnim dnom\",\"item\":\"https:\\\/\\\/papirol.si\\\/prodajni-program\\\/papirnate-vrecke-z-ravnim-dnom\\\/\"},{\"@type\":\"ListItem\",\"position\":4,\"name\":\"Papirnate vre\u010dke natura z oknom\"}]},{\"@type\":\"WebSite\",\"@id\":\"https:\\\/\\\/papirol.si\\\/#website\",\"url\":\"https:\\\/\\\/papirol.si\\\/\",\"name\":\"Papirol\",\"description\":\"Obla\u010dimo va\u0161e izdelke \u017ee 36 let!\",\"publisher\":{\"@id\":\"https:\\\/\\\/papirol.si\\\/#organization\"},\"potentialAction\":[{\"@type\":\"SearchAction\",\"target\":{\"@type\":\"EntryPoint\",\"urlTemplate\":\"https:\\\/\\\/papirol.si\\\/?s={search_term_string}\"},\"query-input\":{\"@type\":\"PropertyValueSpecification\",\"valueRequired\":true,\"valueName\":\"search_term_string\"}}],\"inLanguage\":\"en-GB\"},{\"@type\":\"Organization\",\"@id\":\"https:\\\/\\\/papirol.si\\\/#organization\",\"name\":\"Papirol\",\"url\":\"https:\\\/\\\/papirol.si\\\/\",\"logo\":{\"@type\":\"ImageObject\",\"inLanguage\":\"en-GB\",\"@id\":\"https:\\\/\\\/papirol.si\\\/#\\\/schema\\\/logo\\\/image\\\/\",\"url\":\"https:\\\/\\\/papirol.si\\\/wp-content\\\/uploads\\\/2019\\\/12\\\/papirol-bela.png\",\"contentUrl\":\"https:\\\/\\\/papirol.si\\\/wp-content\\\/uploads\\\/2019\\\/12\\\/papirol-bela.png\",\"width\":400,\"height\":80,\"caption\":\"Papirol\"},\"image\":{\"@id\":\"https:\\\/\\\/papirol.si\\\/#\\\/schema\\\/logo\\\/image\\\/\"}}]}<\/script>\n<!-- \/ Yoast SEO plugin. -->","yoast_head_json":{"title":"Paper bags natura with window | Papirol","robots":{"index":"index","follow":"follow","max-snippet":"max-snippet:-1","max-image-preview":"max-image-preview:large","max-video-preview":"max-video-preview:-1"},"canonical":"https:\/\/papirol.si\/en\/sales-programme\/flat-bottomed-paper-bags\/paper-bags-nature-with-window\/","og_locale":"en_GB","og_type":"article","og_title":"Papirnate vre\u010dke natura z oknom | Papirol","og_description":"Papirnate vre\u010dke natura z oknom so izdelane iz rjavega rebrastega papirja, s prozornim oknom na sprednji strani, z...","og_url":"https:\/\/papirol.si\/en\/sales-programme\/flat-bottomed-paper-bags\/paper-bags-nature-with-window\/","og_site_name":"Papirol","article_modified_time":"2020-03-06T11:40:07+00:00","og_image":[{"url":"https:\/\/papirol.si\/wp-content\/uploads\/2019\/12\/program1_hhwoy0mk.jpg","type":"","width":"","height":""}],"twitter_card":"summary_large_image","twitter_misc":{"Estimated reading time":"1 minute"},"schema":{"@context":"https:\/\/schema.org","@graph":[{"@type":"WebPage","@id":"https:\/\/papirol.si\/prodajni-program\/papirnate-vrecke-z-ravnim-dnom\/papirnate-vrecke-natura-z-oknom\/","url":"https:\/\/papirol.si\/prodajni-program\/papirnate-vrecke-z-ravnim-dnom\/papirnate-vrecke-natura-z-oknom\/","name":"Paper bags natura with window | Papirol","isPartOf":{"@id":"https:\/\/papirol.si\/#website"},"primaryImageOfPage":{"@id":"https:\/\/papirol.si\/prodajni-program\/papirnate-vrecke-z-ravnim-dnom\/papirnate-vrecke-natura-z-oknom\/#primaryimage"},"image":{"@id":"https:\/\/papirol.si\/prodajni-program\/papirnate-vrecke-z-ravnim-dnom\/papirnate-vrecke-natura-z-oknom\/#primaryimage"},"thumbnailUrl":"https:\/\/papirol.si\/wp-content\/uploads\/2019\/12\/program1_hhwoy0mk.jpg","datePublished":"2019-12-06T11:07:55+00:00","dateModified":"2020-03-06T11:40:07+00:00","breadcrumb":{"@id":"https:\/\/papirol.si\/prodajni-program\/papirnate-vrecke-z-ravnim-dnom\/papirnate-vrecke-natura-z-oknom\/#breadcrumb"},"inLanguage":"en-GB","potentialAction":[{"@type":"ReadAction","target":["https:\/\/papirol.si\/prodajni-program\/papirnate-vrecke-z-ravnim-dnom\/papirnate-vrecke-natura-z-oknom\/"]}]},{"@type":"ImageObject","inLanguage":"en-GB","@id":"https:\/\/papirol.si\/prodajni-program\/papirnate-vrecke-z-ravnim-dnom\/papirnate-vrecke-natura-z-oknom\/#primaryimage","url":"https:\/\/papirol.si\/wp-content\/uploads\/2019\/12\/program1_hhwoy0mk.jpg","contentUrl":"https:\/\/papirol.si\/wp-content\/uploads\/2019\/12\/program1_hhwoy0mk.jpg"},{"@type":"BreadcrumbList","@id":"https:\/\/papirol.si\/prodajni-program\/papirnate-vrecke-z-ravnim-dnom\/papirnate-vrecke-natura-z-oknom\/#breadcrumb","itemListElement":[{"@type":"ListItem","position":1,"name":"Home","item":"https:\/\/papirol.si\/"},{"@type":"ListItem","position":2,"name":"Prodajni program","item":"https:\/\/papirol.si\/prodajni-program\/"},{"@type":"ListItem","position":3,"name":"Papirnate vre\u010dke z ravnim dnom","item":"https:\/\/papirol.si\/prodajni-program\/papirnate-vrecke-z-ravnim-dnom\/"},{"@type":"ListItem","position":4,"name":"Papirnate vre\u010dke natura z oknom"}]},{"@type":"WebSite","@id":"https:\/\/papirol.si\/#website","url":"https:\/\/papirol.si\/","name":"Papirol","description":"We've been dressing your products for 36 years!","publisher":{"@id":"https:\/\/papirol.si\/#organization"},"potentialAction":[{"@type":"SearchAction","target":{"@type":"EntryPoint","urlTemplate":"https:\/\/papirol.si\/?s={search_term_string}"},"query-input":{"@type":"PropertyValueSpecification","valueRequired":true,"valueName":"search_term_string"}}],"inLanguage":"en-GB"},{"@type":"Organization","@id":"https:\/\/papirol.si\/#organization","name":"Papirol","url":"https:\/\/papirol.si\/","logo":{"@type":"ImageObject","inLanguage":"en-GB","@id":"https:\/\/papirol.si\/#\/schema\/logo\/image\/","url":"https:\/\/papirol.si\/wp-content\/uploads\/2019\/12\/papirol-bela.png","contentUrl":"https:\/\/papirol.si\/wp-content\/uploads\/2019\/12\/papirol-bela.png","width":400,"height":80,"caption":"Papirol"},"image":{"@id":"https:\/\/papirol.si\/#\/schema\/logo\/image\/"}}]}},"_links":{"self":[{"href":"https:\/\/papirol.si\/en\/wp-json\/wp\/v2\/pages\/1869","targetHints":{"allow":["GET"]}}],"collection":[{"href":"https:\/\/papirol.si\/en\/wp-json\/wp\/v2\/pages"}],"about":[{"href":"https:\/\/papirol.si\/en\/wp-json\/wp\/v2\/types\/page"}],"author":[{"embeddable":true,"href":"https:\/\/papirol.si\/en\/wp-json\/wp\/v2\/users\/5"}],"replies":[{"embeddable":true,"href":"https:\/\/papirol.si\/en\/wp-json\/wp\/v2\/comments?post=1869"}],"version-history":[{"count":18,"href":"https:\/\/papirol.si\/en\/wp-json\/wp\/v2\/pages\/1869\/revisions"}],"predecessor-version":[{"id":2862,"href":"https:\/\/papirol.si\/en\/wp-json\/wp\/v2\/pages\/1869\/revisions\/2862"}],"up":[{"embeddable":true,"href":"https:\/\/papirol.si\/en\/wp-json\/wp\/v2\/pages\/1767"}],"wp:attachment":[{"href":"https:\/\/papirol.si\/en\/wp-json\/wp\/v2\/media?parent=1869"}],"curies":[{"name":"wp","href":"https:\/\/api.w.org\/{rel}","templated":true}]}}