{"id":1914,"date":"2019-12-06T12:07:55","date_gmt":"2019-12-06T11:07:55","guid":{"rendered":"https:\/\/papirol.si\/prodajni-program\/papirnate-vrecke-z-ravnim-dnom\/papirnate-vrecke-bela-natura-2\/"},"modified":"2020-02-08T19:09:15","modified_gmt":"2020-02-08T18:09:15","slug":"carrier-bags-natura-ploscati-rocaj","status":"publish","type":"page","link":"https:\/\/papirol.si\/en\/prodajni-program\/nosilne-papirnate-vrecke\/nosilne-vrecke-natura-ploscati-rocaj\/","title":{"rendered":"Carrier bags natura with flat handle"},"content":{"rendered":"<div data-elementor-type=\"wp-page\" data-elementor-id=\"1914\" class=\"elementor elementor-1914\" data-elementor-post-type=\"page\">\n\t\t\t\t\t\t<section class=\"elementor-section elementor-top-section elementor-element elementor-element-1bea4e2a elementor-section-content-middle elementor-section-boxed elementor-section-height-default elementor-section-height-default\" data-id=\"1bea4e2a\" data-element_type=\"section\" data-e-type=\"section\" id=\"produkt-bio\" data-settings=\"{&quot;background_background&quot;:&quot;classic&quot;}\">\n\t\t\t\t\t\t<div class=\"elementor-container elementor-column-gap-default\">\n\t\t\t\t\t<div class=\"elementor-column elementor-col-50 elementor-top-column elementor-element elementor-element-7f01f1fa\" data-id=\"7f01f1fa\" data-element_type=\"column\" data-e-type=\"column\">\n\t\t\t<div class=\"elementor-widget-wrap elementor-element-populated\">\n\t\t\t\t\t\t<div class=\"elementor-element elementor-element-059580b elementor-widget elementor-widget-image\" data-id=\"059580b\" data-element_type=\"widget\" data-e-type=\"widget\" data-widget_type=\"image.default\">\n\t\t\t\t\t\t\t\t\t\t\t\t\t\t\t<img fetchpriority=\"high\" decoding=\"async\" width=\"886\" height=\"1024\" src=\"https:\/\/papirol.si\/wp-content\/uploads\/2020\/02\/papirnate-vre\u010dke-natron-plo\u0161\u010dati-ro\u010daj-886x1024.jpg\" class=\"attachment-large size-large wp-image-2708\" alt=\"bag\" srcset=\"https:\/\/papirol.si\/wp-content\/uploads\/2020\/02\/papirnate-vre\u010dke-natron-plo\u0161\u010dati-ro\u010daj-886x1024.jpg 886w, https:\/\/papirol.si\/wp-content\/uploads\/2020\/02\/papirnate-vre\u010dke-natron-plo\u0161\u010dati-ro\u010daj-260x300.jpg 260w, https:\/\/papirol.si\/wp-content\/uploads\/2020\/02\/papirnate-vre\u010dke-natron-plo\u0161\u010dati-ro\u010daj-768x888.jpg 768w, https:\/\/papirol.si\/wp-content\/uploads\/2020\/02\/papirnate-vre\u010dke-natron-plo\u0161\u010dati-ro\u010daj-1329x1536.jpg 1329w, https:\/\/papirol.si\/wp-content\/uploads\/2020\/02\/papirnate-vre\u010dke-natron-plo\u0161\u010dati-ro\u010daj-1772x2048.jpg 1772w, https:\/\/papirol.si\/wp-content\/uploads\/2020\/02\/papirnate-vre\u010dke-natron-plo\u0161\u010dati-ro\u010daj-285x329.jpg 285w, https:\/\/papirol.si\/wp-content\/uploads\/2020\/02\/papirnate-vre\u010dke-natron-plo\u0161\u010dati-ro\u010daj-1600x1849.jpg 1600w, https:\/\/papirol.si\/wp-content\/uploads\/2020\/02\/papirnate-vre\u010dke-natron-plo\u0161\u010dati-ro\u010daj-571x660.jpg 571w, https:\/\/papirol.si\/wp-content\/uploads\/2020\/02\/papirnate-vre\u010dke-natron-plo\u0161\u010dati-ro\u010daj-130x150.jpg 130w\" sizes=\"(max-width: 886px) 100vw, 886px\" \/>\t\t\t\t\t\t\t\t\t\t\t\t\t\t\t<\/div>\n\t\t\t\t<div class=\"elementor-element elementor-element-4c62f88 elementor-widget elementor-widget-image\" data-id=\"4c62f88\" data-element_type=\"widget\" data-e-type=\"widget\" data-widget_type=\"image.default\">\n\t\t\t\t\t\t\t\t\t\t\t\t\t\t\t<img decoding=\"async\" width=\"410\" height=\"638\" src=\"https:\/\/papirol.si\/wp-content\/uploads\/2020\/02\/nosilna-vre\u010dka-skica-plo\u0161\u010dati-ro\u010daj.jpg\" class=\"attachment-large size-large wp-image-2662\" alt=\"carrier bag - sketch - papyrol\" srcset=\"https:\/\/papirol.si\/wp-content\/uploads\/2020\/02\/nosilna-vre\u010dka-skica-plo\u0161\u010dati-ro\u010daj.jpg 410w, https:\/\/papirol.si\/wp-content\/uploads\/2020\/02\/nosilna-vre\u010dka-skica-plo\u0161\u010dati-ro\u010daj-193x300.jpg 193w, https:\/\/papirol.si\/wp-content\/uploads\/2020\/02\/nosilna-vre\u010dka-skica-plo\u0161\u010dati-ro\u010daj-285x443.jpg 285w, https:\/\/papirol.si\/wp-content\/uploads\/2020\/02\/nosilna-vre\u010dka-skica-plo\u0161\u010dati-ro\u010daj-96x150.jpg 96w\" sizes=\"(max-width: 410px) 100vw, 410px\" \/>\t\t\t\t\t\t\t\t\t\t\t\t\t\t\t<\/div>\n\t\t\t\t\t<\/div>\n\t\t<\/div>\n\t\t\t\t<div class=\"elementor-column elementor-col-50 elementor-top-column elementor-element elementor-element-425ed786\" data-id=\"425ed786\" data-element_type=\"column\" data-e-type=\"column\">\n\t\t\t<div class=\"elementor-widget-wrap elementor-element-populated\">\n\t\t\t\t\t\t<div class=\"elementor-element elementor-element-66a9f140 elementor-widget elementor-widget-text-editor\" data-id=\"66a9f140\" data-element_type=\"widget\" data-e-type=\"widget\" data-widget_type=\"text-editor.default\">\n\t\t\t\t\t\t\t\t\t<p><span style=\"font-weight: 400;\">The natura paper carrier bags are made of smooth brown natron paper, with a very useful paper flat handle in the colour of the bag.<\/span><\/p><p><span style=\"font-weight: 400;\">The paper weight is adjusted to the size, so that each bag has a good stiffness and load-bearing capacity for its size.<\/span><\/p><p><span style=\"font-weight: 400;\">They are a great alternative to plastic bags, reusable and non-polluting when used correctly.\u00a0<\/span><\/p><p><span style=\"font-weight: 400;\">Some bags have a very wide bottom and are particularly suitable for lunch packages or take-me-with-you products.<\/span><\/p><p><span style=\"font-weight: 400;\">They are also great as packaging for shipping some products in online shops (as an alternative to boxes).<\/span><\/p><p><span style=\"font-weight: 400;\">Out of print, in stock, immediately available, even in small quantities.<\/span><\/p>\t\t\t\t\t\t\t\t<\/div>\n\t\t\t\t<div class=\"elementor-element elementor-element-2ee60a13 elementor-widget elementor-widget-text-editor\" data-id=\"2ee60a13\" data-element_type=\"widget\" data-e-type=\"widget\" id=\"tisk-box\" data-widget_type=\"text-editor.default\">\n\t\t\t\t\t\t\t\t\t<h2>Printing on bags<\/h2>\nPaper bags are printed in one or more colours to a high quality.<br>The possibility to print at the same time as the bag is being worked on, allowing printing on the entire surface of the bag, including the bottom of the bag, optionally also inside the bag.<br>Up to printing on pre-made bags, which allows printing of small quantities.\n<strong>Printing techniques:<\/strong>\n<ul>\n \t<li>multi-colour flexo printing from the line on all types of paper bags<\/li>\n \t<li>multi-colour screen or flexo printing on all types of paper bags<\/li>\n<\/ul>\n<strong>Print:<\/strong>\n<ul>\n \t<li>continuous or positioned, multi-colour printing, on one or both sides<\/li>\n \t<li>over the entire surface, on one or both sides, including the side edges and the bottom of the bag<\/li>\n<\/ul>\t\t\t\t\t\t\t\t<\/div>\n\t\t\t\t\t<\/div>\n\t\t<\/div>\n\t\t\t\t\t<\/div>\n\t\t<\/section>\n\t\t\t\t<section class=\"elementor-section elementor-top-section elementor-element elementor-element-f11247f elementor-section-boxed elementor-section-height-default elementor-section-height-default\" data-id=\"f11247f\" data-element_type=\"section\" data-e-type=\"section\" id=\"product-bio-tbl\" data-settings=\"{&quot;background_background&quot;:&quot;classic&quot;}\">\n\t\t\t\t\t\t<div class=\"elementor-container elementor-column-gap-default\">\n\t\t\t\t\t<div class=\"elementor-column elementor-col-100 elementor-top-column elementor-element elementor-element-21ce687\" data-id=\"21ce687\" data-element_type=\"column\" data-e-type=\"column\">\n\t\t\t<div class=\"elementor-widget-wrap elementor-element-populated\">\n\t\t\t\t\t\t<div class=\"elementor-element elementor-element-1b549f9 elementor-widget elementor-widget-text-editor\" data-id=\"1b549f9\" data-element_type=\"widget\" data-e-type=\"widget\" data-widget_type=\"text-editor.default\">\n\t\t\t\t\t\t\t\t\t<table data-minrequestedwidth=\"435.6302185058594\" data-computedwidth=\"435.6302185058594\">\n<tbody>\n<tr>\n<td class=\"imVc\"><b><span class=\"fs11lh1-5 ff1\">Product name<\/span><\/b><\/td>\n<td class=\"imVc\">\n<div class=\"imTACenter\"><span class=\"fs11lh1-5 ff1\"><b>Standard dimension<\/b><\/span><\/div><\/td>\n<td class=\"imVc\">\n<div class=\"imTACenter\"><span class=\"fs11lh1-5 ff1\"><b>Packaging<\/b><b>e<\/b><\/span><\/div><\/td>\n<\/tr>\n<tr>\n<td class=\"imVc\">\n<div class=\"imTACenter\"><span class=\"fs11lh1-5 ff2\">Carrier bag natura\u00a0<\/span><span class=\"fs11lh1-5 ff2\">NP<\/span><\/div><\/td>\n<td class=\"imVc\">\n<div class=\"imTACenter\"><span class=\"fs11lh1-5 ff2\">18 x 8 x 22 cm<\/span><\/div><\/td>\n<td class=\"imVc\">\n<div class=\"imTACenter\"><span class=\"fs11lh1-5 ff2\">500 pieces<\/span><\/div><\/td>\n<\/tr>\n<tr>\n<td class=\"imVc\">\n<div class=\"imTACenter\"><span class=\"fs11lh1-5 ff2\">Carrier bag natura\u00a0<\/span><span class=\"fs11lh1-5 ff2\">NP<\/span><\/div><\/td>\n<td class=\"imVc\">\n<div class=\"imTACenter\"><span class=\"fs11lh1-5 ff2\">22 x 10 x 28 cm<\/span><\/div><\/td>\n<td class=\"imVc\">\n<div class=\"imTACenter\"><span class=\"fs11lh1-5 ff2\">250 pieces<\/span><\/div><\/td>\n<\/tr>\n<tr>\n<td class=\"imVc\">\n<div class=\"imTACenter\"><span class=\"fs11lh1-5 ff2\">Carrier bag natura\u00a0<\/span><span class=\"fs11lh1-5 ff2\">NP<\/span><\/div><\/td>\n<td class=\"imVc\">\n<div class=\"imTACenter\"><span class=\"fs11lh1-5 ff2\">26 x 17 x 25 cm<\/span><\/div><\/td>\n<td class=\"imVc\">\n<div class=\"imTACenter\"><span class=\"fs11lh1-5 ff2\">250 pieces<\/span><\/div><\/td>\n<\/tr>\n<tr>\n<td class=\"imVc\">\n<div class=\"imTACenter\"><span class=\"fs11lh1-5 ff2\">Carrier bag natura\u00a0<\/span><span class=\"fs11lh1-5 ff2\">NP<\/span><\/div><\/td>\n<td class=\"imVc\">\n<div class=\"imTACenter\"><span class=\"fs11lh1-5 ff2\">32 x 17 x 27 cm<\/span><\/div><\/td>\n<td class=\"imVc\">\n<div class=\"imTACenter\"><span class=\"fs11lh1-5 ff2\">250 pieces<\/span><\/div><\/td>\n<\/tr>\n<tr>\n<td class=\"imVc\">\n<div class=\"imTACenter\"><span class=\"fs11lh1-5 ff2\">Carrier bag natura\u00a0<\/span><span class=\"fs11lh1-5 ff2\">NP<\/span><\/div><\/td>\n<td class=\"imVc\">\n<div class=\"imTACenter\"><span class=\"fs11lh1-5 ff2\">32 x 21,5 x 27 cm<\/span><\/div><\/td>\n<td class=\"imVc\">\n<div class=\"imTACenter\"><span class=\"fs11lh1-5 ff2\">250 pieces<\/span><\/div><\/td>\n<\/tr>\n<tr>\n<td class=\"imVc\">\n<div class=\"imTACenter\"><span class=\"fs11lh1-5 ff2\">Carrier bag natura\u00a0<\/span><span class=\"fs11lh1-5 ff2\">NP<\/span><\/div><\/td>\n<td class=\"imVc\">\n<div class=\"imTACenter\"><span class=\"fs11lh1-5 ff2\">26 x 12 x 35 cm<\/span><\/div><\/td>\n<td class=\"imVc\">\n<div class=\"imTACenter\"><span class=\"fs11lh1-5 ff2\">250 pieces<\/span><\/div><\/td>\n<\/tr>\n\n<tr>\n<td class=\"imVc\">\n<div class=\"imTACenter\"><span class=\"fs11lh1-5 ff2\">Carrier bag natura\u00a0<\/span><span class=\"fs11lh1-5 ff2\">NP<\/span><\/div><\/td>\n<td class=\"imVc\">\n<div class=\"imTACenter\"><span class=\"fs11lh1-5 ff2\">32 x 17 x 43 cm<\/span><\/div><\/td>\n<td class=\"imVc\">\n<div class=\"imTACenter\"><span class=\"fs11lh1-5 ff2\">250 pieces<\/span><\/div><\/td>\n<\/tr>\n<tr>\n<td class=\"imVc\">\n<div class=\"imTACenter\"><span class=\"fs11lh1-5 ff2\">Carrier bag natura\u00a0<\/span><span class=\"fs11lh1-5 ff2\">NP<\/span><\/div><\/td>\n<td class=\"imVc\">\n<div class=\"imTACenter\"><span class=\"fs11lh1-5 ff2\">45 x 17 x 48 cm<\/span><\/div><\/td>\n<td class=\"imVc\">\n<div class=\"imTACenter\"><span class=\"fs11lh1-5 ff2\">150 pieces<\/span><\/div><\/td>\n<\/tr>\n<\/tbody>\n<\/table>\t\t\t\t\t\t\t\t<\/div>\n\t\t\t\t\t<\/div>\n\t\t<\/div>\n\t\t\t\t\t<\/div>\n\t\t<\/section>\n\t\t\t\t<section class=\"elementor-section elementor-top-section elementor-element elementor-element-725a01c1 elementor-section-boxed elementor-section-height-default elementor-section-height-default\" data-id=\"725a01c1\" data-element_type=\"section\" data-e-type=\"section\" id=\"povp-sect\" data-settings=\"{&quot;background_background&quot;:&quot;classic&quot;}\">\n\t\t\t\t\t\t\t<div class=\"elementor-background-overlay\"><\/div>\n\t\t\t\t\t\t\t<div class=\"elementor-container elementor-column-gap-default\">\n\t\t\t\t\t<div class=\"elementor-column elementor-col-100 elementor-top-column elementor-element elementor-element-b0ac6d\" data-id=\"b0ac6d\" data-element_type=\"column\" data-e-type=\"column\">\n\t\t\t<div class=\"elementor-widget-wrap elementor-element-populated\">\n\t\t\t\t\t\t<div class=\"elementor-element elementor-element-f82f1c8 elementor-widget elementor-widget-heading\" data-id=\"f82f1c8\" data-element_type=\"widget\" data-e-type=\"widget\" data-widget_type=\"heading.default\">\n\t\t\t\t\t<h2 class=\"elementor-heading-title elementor-size-default elementor-heading-title elementor-align-after-center\"><span style=\"font-weight:normal\"><span style=\"font-size: 9pt;font-weight: 700;vertical-align: baseline\"><\/span><\/span>Start using friendly packaging!<\/h2>\t\t\t\t<\/div>\n\t\t\t\t<div class=\"elementor-element elementor-element-242dad1d elementor-widget elementor-widget-sm-default-button\" data-id=\"242dad1d\" data-element_type=\"widget\" data-e-type=\"widget\" data-widget_type=\"sm-default-button.default\">\n\t\t\t\t<div class=\"elementor-widget-container\">\n\t\t\t\t\t\n\t\t\t\t<a   href=\"https:\/\/papirol.si\/en\/povprasevanje\/nosilne-vrecke\/\" class=\"btn\">Send your enquiry<i class=\"ti ti-arrow-right\"><\/i><\/a>\n\t\t\n\t\t\t\t\t<\/div>\n\t\t\t\t<\/div>\n\t\t\t\t\t<\/div>\n\t\t<\/div>\n\t\t\t\t\t<\/div>\n\t\t<\/section>\n\t\t\t\t<\/div>","protected":false},"excerpt":{"rendered":"<p>Papirnate nosilne vre\u010dke natura so izdelane iz rjavega gladkega natron papirja, z zelo uporabnim papirnatim plo\u0161\u010datim ro\u010dajem v&#8230;<\/p>","protected":false},"author":5,"featured_media":0,"parent":1771,"menu_order":0,"comment_status":"closed","ping_status":"closed","template":"elementor_header_footer","meta":{"footnotes":""},"class_list":["post-1914","page","type-page","status-publish","hentry"],"yoast_head":"<!-- This site is optimized with the Yoast SEO plugin v27.3 - https:\/\/yoast.com\/product\/yoast-seo-wordpress\/ -->\n<title>Nosilne vre\u010dke natura s plo\u0161\u010datim ro\u010dajem | Papirol<\/title>\n<meta name=\"robots\" content=\"index, follow, max-snippet:-1, max-image-preview:large, max-video-preview:-1\" \/>\n<link rel=\"canonical\" href=\"https:\/\/papirol.si\/en\/sales-programme\/paper-carrier-bags\/carrier-bags-natura-ploscati-rocaj\/\" \/>\n<meta property=\"og:locale\" content=\"en_GB\" \/>\n<meta property=\"og:type\" content=\"article\" \/>\n<meta property=\"og:title\" content=\"Nosilne vre\u010dke natura s plo\u0161\u010datim ro\u010dajem | Papirol\" \/>\n<meta property=\"og:description\" content=\"Papirnate nosilne vre\u010dke natura so izdelane iz rjavega gladkega natron papirja, z zelo uporabnim papirnatim plo\u0161\u010datim ro\u010dajem v...\" \/>\n<meta property=\"og:url\" content=\"https:\/\/papirol.si\/en\/sales-programme\/paper-carrier-bags\/carrier-bags-natura-ploscati-rocaj\/\" \/>\n<meta property=\"og:site_name\" content=\"Papirol\" \/>\n<meta property=\"article:modified_time\" content=\"2020-02-08T18:09:15+00:00\" \/>\n<meta name=\"twitter:card\" content=\"summary_large_image\" \/>\n<meta name=\"twitter:label1\" content=\"Estimated reading time\" \/>\n\t<meta name=\"twitter:data1\" content=\"2 minutes\" \/>\n<script type=\"application\/ld+json\" class=\"yoast-schema-graph\">{\"@context\":\"https:\\\/\\\/schema.org\",\"@graph\":[{\"@type\":\"WebPage\",\"@id\":\"https:\\\/\\\/papirol.si\\\/prodajni-program\\\/nosilne-papirnate-vrecke\\\/nosilne-vrecke-natura-ploscati-rocaj\\\/\",\"url\":\"https:\\\/\\\/papirol.si\\\/prodajni-program\\\/nosilne-papirnate-vrecke\\\/nosilne-vrecke-natura-ploscati-rocaj\\\/\",\"name\":\"Nosilne vre\u010dke natura s plo\u0161\u010datim ro\u010dajem | Papirol\",\"isPartOf\":{\"@id\":\"https:\\\/\\\/papirol.si\\\/#website\"},\"datePublished\":\"2019-12-06T11:07:55+00:00\",\"dateModified\":\"2020-02-08T18:09:15+00:00\",\"breadcrumb\":{\"@id\":\"https:\\\/\\\/papirol.si\\\/prodajni-program\\\/nosilne-papirnate-vrecke\\\/nosilne-vrecke-natura-ploscati-rocaj\\\/#breadcrumb\"},\"inLanguage\":\"en-GB\",\"potentialAction\":[{\"@type\":\"ReadAction\",\"target\":[\"https:\\\/\\\/papirol.si\\\/prodajni-program\\\/nosilne-papirnate-vrecke\\\/nosilne-vrecke-natura-ploscati-rocaj\\\/\"]}]},{\"@type\":\"BreadcrumbList\",\"@id\":\"https:\\\/\\\/papirol.si\\\/prodajni-program\\\/nosilne-papirnate-vrecke\\\/nosilne-vrecke-natura-ploscati-rocaj\\\/#breadcrumb\",\"itemListElement\":[{\"@type\":\"ListItem\",\"position\":1,\"name\":\"Home\",\"item\":\"https:\\\/\\\/papirol.si\\\/\"},{\"@type\":\"ListItem\",\"position\":2,\"name\":\"Prodajni program\",\"item\":\"https:\\\/\\\/papirol.si\\\/prodajni-program\\\/\"},{\"@type\":\"ListItem\",\"position\":3,\"name\":\"Nosilne papirnate vre\u010dke\",\"item\":\"https:\\\/\\\/papirol.si\\\/prodajni-program\\\/nosilne-papirnate-vrecke\\\/\"},{\"@type\":\"ListItem\",\"position\":4,\"name\":\"Nosilne vre\u010dke natura s plo\u0161\u010datim ro\u010dajem\"}]},{\"@type\":\"WebSite\",\"@id\":\"https:\\\/\\\/papirol.si\\\/#website\",\"url\":\"https:\\\/\\\/papirol.si\\\/\",\"name\":\"Papirol\",\"description\":\"Obla\u010dimo va\u0161e izdelke \u017ee 36 let!\",\"publisher\":{\"@id\":\"https:\\\/\\\/papirol.si\\\/#organization\"},\"potentialAction\":[{\"@type\":\"SearchAction\",\"target\":{\"@type\":\"EntryPoint\",\"urlTemplate\":\"https:\\\/\\\/papirol.si\\\/?s={search_term_string}\"},\"query-input\":{\"@type\":\"PropertyValueSpecification\",\"valueRequired\":true,\"valueName\":\"search_term_string\"}}],\"inLanguage\":\"en-GB\"},{\"@type\":\"Organization\",\"@id\":\"https:\\\/\\\/papirol.si\\\/#organization\",\"name\":\"Papirol\",\"url\":\"https:\\\/\\\/papirol.si\\\/\",\"logo\":{\"@type\":\"ImageObject\",\"inLanguage\":\"en-GB\",\"@id\":\"https:\\\/\\\/papirol.si\\\/#\\\/schema\\\/logo\\\/image\\\/\",\"url\":\"https:\\\/\\\/papirol.si\\\/wp-content\\\/uploads\\\/2019\\\/12\\\/papirol-bela.png\",\"contentUrl\":\"https:\\\/\\\/papirol.si\\\/wp-content\\\/uploads\\\/2019\\\/12\\\/papirol-bela.png\",\"width\":400,\"height\":80,\"caption\":\"Papirol\"},\"image\":{\"@id\":\"https:\\\/\\\/papirol.si\\\/#\\\/schema\\\/logo\\\/image\\\/\"}}]}<\/script>\n<!-- \/ Yoast SEO plugin. -->","yoast_head_json":{"title":"Carrier bags natura with flat handle | Papirol","robots":{"index":"index","follow":"follow","max-snippet":"max-snippet:-1","max-image-preview":"max-image-preview:large","max-video-preview":"max-video-preview:-1"},"canonical":"https:\/\/papirol.si\/en\/sales-programme\/paper-carrier-bags\/carrier-bags-natura-ploscati-rocaj\/","og_locale":"en_GB","og_type":"article","og_title":"Nosilne vre\u010dke natura s plo\u0161\u010datim ro\u010dajem | Papirol","og_description":"Papirnate nosilne vre\u010dke natura so izdelane iz rjavega gladkega natron papirja, z zelo uporabnim papirnatim plo\u0161\u010datim ro\u010dajem v...","og_url":"https:\/\/papirol.si\/en\/sales-programme\/paper-carrier-bags\/carrier-bags-natura-ploscati-rocaj\/","og_site_name":"Papirol","article_modified_time":"2020-02-08T18:09:15+00:00","twitter_card":"summary_large_image","twitter_misc":{"Estimated reading time":"2 minutes"},"schema":{"@context":"https:\/\/schema.org","@graph":[{"@type":"WebPage","@id":"https:\/\/papirol.si\/prodajni-program\/nosilne-papirnate-vrecke\/nosilne-vrecke-natura-ploscati-rocaj\/","url":"https:\/\/papirol.si\/prodajni-program\/nosilne-papirnate-vrecke\/nosilne-vrecke-natura-ploscati-rocaj\/","name":"Carrier bags natura with flat handle | Papirol","isPartOf":{"@id":"https:\/\/papirol.si\/#website"},"datePublished":"2019-12-06T11:07:55+00:00","dateModified":"2020-02-08T18:09:15+00:00","breadcrumb":{"@id":"https:\/\/papirol.si\/prodajni-program\/nosilne-papirnate-vrecke\/nosilne-vrecke-natura-ploscati-rocaj\/#breadcrumb"},"inLanguage":"en-GB","potentialAction":[{"@type":"ReadAction","target":["https:\/\/papirol.si\/prodajni-program\/nosilne-papirnate-vrecke\/nosilne-vrecke-natura-ploscati-rocaj\/"]}]},{"@type":"BreadcrumbList","@id":"https:\/\/papirol.si\/prodajni-program\/nosilne-papirnate-vrecke\/nosilne-vrecke-natura-ploscati-rocaj\/#breadcrumb","itemListElement":[{"@type":"ListItem","position":1,"name":"Home","item":"https:\/\/papirol.si\/"},{"@type":"ListItem","position":2,"name":"Prodajni program","item":"https:\/\/papirol.si\/prodajni-program\/"},{"@type":"ListItem","position":3,"name":"Nosilne papirnate vre\u010dke","item":"https:\/\/papirol.si\/prodajni-program\/nosilne-papirnate-vrecke\/"},{"@type":"ListItem","position":4,"name":"Nosilne vre\u010dke natura s plo\u0161\u010datim ro\u010dajem"}]},{"@type":"WebSite","@id":"https:\/\/papirol.si\/#website","url":"https:\/\/papirol.si\/","name":"Papirol","description":"We've been dressing your products for 36 years!","publisher":{"@id":"https:\/\/papirol.si\/#organization"},"potentialAction":[{"@type":"SearchAction","target":{"@type":"EntryPoint","urlTemplate":"https:\/\/papirol.si\/?s={search_term_string}"},"query-input":{"@type":"PropertyValueSpecification","valueRequired":true,"valueName":"search_term_string"}}],"inLanguage":"en-GB"},{"@type":"Organization","@id":"https:\/\/papirol.si\/#organization","name":"Papirol","url":"https:\/\/papirol.si\/","logo":{"@type":"ImageObject","inLanguage":"en-GB","@id":"https:\/\/papirol.si\/#\/schema\/logo\/image\/","url":"https:\/\/papirol.si\/wp-content\/uploads\/2019\/12\/papirol-bela.png","contentUrl":"https:\/\/papirol.si\/wp-content\/uploads\/2019\/12\/papirol-bela.png","width":400,"height":80,"caption":"Papirol"},"image":{"@id":"https:\/\/papirol.si\/#\/schema\/logo\/image\/"}}]}},"_links":{"self":[{"href":"https:\/\/papirol.si\/en\/wp-json\/wp\/v2\/pages\/1914","targetHints":{"allow":["GET"]}}],"collection":[{"href":"https:\/\/papirol.si\/en\/wp-json\/wp\/v2\/pages"}],"about":[{"href":"https:\/\/papirol.si\/en\/wp-json\/wp\/v2\/types\/page"}],"author":[{"embeddable":true,"href":"https:\/\/papirol.si\/en\/wp-json\/wp\/v2\/users\/5"}],"replies":[{"embeddable":true,"href":"https:\/\/papirol.si\/en\/wp-json\/wp\/v2\/comments?post=1914"}],"version-history":[{"count":14,"href":"https:\/\/papirol.si\/en\/wp-json\/wp\/v2\/pages\/1914\/revisions"}],"predecessor-version":[{"id":2713,"href":"https:\/\/papirol.si\/en\/wp-json\/wp\/v2\/pages\/1914\/revisions\/2713"}],"up":[{"embeddable":true,"href":"https:\/\/papirol.si\/en\/wp-json\/wp\/v2\/pages\/1771"}],"wp:attachment":[{"href":"https:\/\/papirol.si\/en\/wp-json\/wp\/v2\/media?parent=1914"}],"curies":[{"name":"wp","href":"https:\/\/api.w.org\/{rel}","templated":true}]}}