{"id":2149,"date":"2019-12-06T12:07:55","date_gmt":"2019-12-06T11:07:55","guid":{"rendered":"https:\/\/papirol.si\/prodajni-program\/ovijalni-embalazni-papir-v-formatu\/havana-2\/"},"modified":"2023-05-10T11:54:03","modified_gmt":"2023-05-10T09:54:03","slug":"wrapping-paper-natura-2","status":"publish","type":"page","link":"https:\/\/papirol.si\/en\/prodajni-program\/ovijalni-embalazni-papir-v-formatu\/ovojni-papir\/ovijalni-papir-natura\/","title":{"rendered":"Wrapping paper nature"},"content":{"rendered":"<div data-elementor-type=\"wp-page\" data-elementor-id=\"2149\" class=\"elementor elementor-2149\" data-elementor-post-type=\"page\">\n\t\t\t\t\t\t<section class=\"elementor-section elementor-top-section elementor-element elementor-element-267a2473 elementor-section-content-middle elementor-section-boxed elementor-section-height-default elementor-section-height-default\" data-id=\"267a2473\" data-element_type=\"section\" data-e-type=\"section\" id=\"produkt-bio\" data-settings=\"{&quot;background_background&quot;:&quot;classic&quot;}\">\n\t\t\t\t\t\t<div class=\"elementor-container elementor-column-gap-default\">\n\t\t\t\t\t<div class=\"elementor-column elementor-col-50 elementor-top-column elementor-element elementor-element-3d263b4e\" data-id=\"3d263b4e\" data-element_type=\"column\" data-e-type=\"column\">\n\t\t\t<div class=\"elementor-widget-wrap elementor-element-populated\">\n\t\t\t\t\t\t<div class=\"elementor-element elementor-element-059580b elementor-widget elementor-widget-image\" data-id=\"059580b\" data-element_type=\"widget\" data-e-type=\"widget\" data-widget_type=\"image.default\">\n\t\t\t\t\t\t\t\t\t\t\t\t\t\t\t<img fetchpriority=\"high\" decoding=\"async\" width=\"940\" height=\"511\" src=\"https:\/\/papirol.si\/wp-content\/uploads\/2020\/02\/ovojn-papir-natron-papirol-1024x557.jpg\" class=\"attachment-large size-large wp-image-2645\" alt=\"wrapping paper natron - papirol\" srcset=\"https:\/\/papirol.si\/wp-content\/uploads\/2020\/02\/ovojn-papir-natron-papirol-1024x557.jpg 1024w, https:\/\/papirol.si\/wp-content\/uploads\/2020\/02\/ovojn-papir-natron-papirol-300x163.jpg 300w, https:\/\/papirol.si\/wp-content\/uploads\/2020\/02\/ovojn-papir-natron-papirol-768x418.jpg 768w, https:\/\/papirol.si\/wp-content\/uploads\/2020\/02\/ovojn-papir-natron-papirol-1536x836.jpg 1536w, https:\/\/papirol.si\/wp-content\/uploads\/2020\/02\/ovojn-papir-natron-papirol-2048x1114.jpg 2048w, https:\/\/papirol.si\/wp-content\/uploads\/2020\/02\/ovojn-papir-natron-papirol-285x155.jpg 285w, https:\/\/papirol.si\/wp-content\/uploads\/2020\/02\/ovojn-papir-natron-papirol-1600x870.jpg 1600w, https:\/\/papirol.si\/wp-content\/uploads\/2020\/02\/ovojn-papir-natron-papirol-660x359.jpg 660w, https:\/\/papirol.si\/wp-content\/uploads\/2020\/02\/ovojn-papir-natron-papirol-150x82.jpg 150w\" sizes=\"(max-width: 940px) 100vw, 940px\" \/>\t\t\t\t\t\t\t\t\t\t\t\t\t\t\t<\/div>\n\t\t\t\t<div class=\"elementor-element elementor-element-51c8f52 elementor-widget elementor-widget-image\" data-id=\"51c8f52\" data-element_type=\"widget\" data-e-type=\"widget\" data-widget_type=\"image.default\">\n\t\t\t\t\t\t\t\t\t\t\t\t\t\t\t<img decoding=\"async\" width=\"915\" height=\"1024\" src=\"https:\/\/papirol.si\/wp-content\/uploads\/2020\/02\/ovojni-papir-Natur-papirol-915x1024.png\" class=\"attachment-large size-large wp-image-2649\" alt=\"\" srcset=\"https:\/\/papirol.si\/wp-content\/uploads\/2020\/02\/ovojni-papir-Natur-papirol-915x1024.png 915w, https:\/\/papirol.si\/wp-content\/uploads\/2020\/02\/ovojni-papir-Natur-papirol-268x300.png 268w, https:\/\/papirol.si\/wp-content\/uploads\/2020\/02\/ovojni-papir-Natur-papirol-768x859.png 768w, https:\/\/papirol.si\/wp-content\/uploads\/2020\/02\/ovojni-papir-Natur-papirol-1373x1536.png 1373w, https:\/\/papirol.si\/wp-content\/uploads\/2020\/02\/ovojni-papir-Natur-papirol-1831x2048.png 1831w, https:\/\/papirol.si\/wp-content\/uploads\/2020\/02\/ovojni-papir-Natur-papirol-285x319.png 285w, https:\/\/papirol.si\/wp-content\/uploads\/2020\/02\/ovojni-papir-Natur-papirol-1600x1790.png 1600w, https:\/\/papirol.si\/wp-content\/uploads\/2020\/02\/ovojni-papir-Natur-papirol-590x660.png 590w, https:\/\/papirol.si\/wp-content\/uploads\/2020\/02\/ovojni-papir-Natur-papirol-134x150.png 134w\" sizes=\"(max-width: 915px) 100vw, 915px\" \/>\t\t\t\t\t\t\t\t\t\t\t\t\t\t\t<\/div>\n\t\t\t\t\t<\/div>\n\t\t<\/div>\n\t\t\t\t<div class=\"elementor-column elementor-col-50 elementor-top-column elementor-element elementor-element-5ba7d4cb\" data-id=\"5ba7d4cb\" data-element_type=\"column\" data-e-type=\"column\">\n\t\t\t<div class=\"elementor-widget-wrap elementor-element-populated\">\n\t\t\t\t\t\t<div class=\"elementor-element elementor-element-7dbdaefe elementor-widget elementor-widget-text-editor\" data-id=\"7dbdaefe\" data-element_type=\"widget\" data-e-type=\"widget\" data-widget_type=\"text-editor.default\">\n\t\t\t\t\t\t\t\t\t<p><span style=\"font-weight: 400;\">The wrapping paper is made of natural brown smooth paper; the thickness of the paper is adapted to the intended use and application.<\/span><\/p><p><span style=\"font-weight: 400;\">Paper is used to wrap food and grocery products, textiles, notebooks, books, tourist souvenirs; to dress promotional products, business gifts; for external protection and increasingly as a wrap for products sent by post or as an intermediate component between the product and the carrier bag.<\/span><\/p><p><span style=\"font-weight: 400;\">It is used to fill empty spaces in various packaging and to wrap parcels.<\/span><\/p><p><span style=\"font-weight: 400;\">It is very popular as an addition to organic products; it is also welcome for creative workshops in schools and kindergartens.<\/span><\/p><p>It is used in tailoring for cut poles.<\/p><p>In stock in rolls, unprinted or with general printing, also in small quantities. Paper sizes available to order, several different formats possible.<\/p><p><span style=\"font-weight: 400;\">We print paper in multicolour, including double-sided.<\/span><\/p>\t\t\t\t\t\t\t\t<\/div>\n\t\t\t\t<div class=\"elementor-element elementor-element-7646186b elementor-widget elementor-widget-text-editor\" data-id=\"7646186b\" data-element_type=\"widget\" data-e-type=\"widget\" id=\"tisk-box\" data-widget_type=\"text-editor.default\">\n\t\t\t\t\t\t\t\t\t<h2>Printing on wrapping paper<\/h2>\n<p>Wrapping paper is printed in one or more colours to a high quality.<br>The ability to print at the same time as the paper is being worked on, allowing printing across the entire surface on one or both sides.\n<strong>Printing techniques:<\/strong><\/p>\n<ul>\n<li>multi-colour flexo printing from the line on all types of wrapping paper<\/li>\n<li>multi-colour screen to print on all types of wrapping paper<\/li>\n<\/ul>\n<p><strong>Print:<\/strong><\/p>\n<ul>\n<li>infinite, multi-colour printing, on one or both sides<\/li>\n<li>over the entire surface, on one or both sides<\/li>\n<\/ul>\t\t\t\t\t\t\t\t<\/div>\n\t\t\t\t\t<\/div>\n\t\t<\/div>\n\t\t\t\t\t<\/div>\n\t\t<\/section>\n\t\t\t\t<section class=\"elementor-section elementor-top-section elementor-element elementor-element-7318006b elementor-section-boxed elementor-section-height-default elementor-section-height-default\" data-id=\"7318006b\" data-element_type=\"section\" data-e-type=\"section\" id=\"product-bio-tbl\" data-settings=\"{&quot;background_background&quot;:&quot;classic&quot;}\">\n\t\t\t\t\t\t<div class=\"elementor-container elementor-column-gap-default\">\n\t\t\t\t\t<div class=\"elementor-column elementor-col-100 elementor-top-column elementor-element elementor-element-58a12cb3\" data-id=\"58a12cb3\" data-element_type=\"column\" data-e-type=\"column\">\n\t\t\t<div class=\"elementor-widget-wrap elementor-element-populated\">\n\t\t\t\t\t\t<div class=\"elementor-element elementor-element-498a1c5b elementor-widget elementor-widget-text-editor\" data-id=\"498a1c5b\" data-element_type=\"widget\" data-e-type=\"widget\" data-widget_type=\"text-editor.default\">\n\t\t\t\t\t\t\t\t\t<table>\n<tbody>\n<tr>\n<td>\n<div><b>Product name<\/b><\/div><\/td>\n<td><em><span style=\"color: #4c5c65;\"><span style=\"font-size: 15px;\">ROLE WIDTH<\/span><\/span><\/em><\/td>\n<td><b>LINK<\/b><\/td>\n<\/tr>\n<tr>\n<td>Wrapping paper natura 40 gr<\/td>\n<td>\n<div>70 cm<\/div><\/td>\n<td>\n<div>10 kg \/ 360 m<\/div><\/td>\n<\/tr>\n<tr>\n<td>Wrapping paper natura 40 gr<\/td>\n<td>\n<div>60 cm<\/div><\/td>\n<td>10 kg \/ 420 m<\/td>\n<\/tr>\n<tr>\n<td>Wrapping paper natura 70 gr<\/td>\n<td>\n<div>75 cm<\/div><\/td>\n<td>10 kg \/ 190 m<\/td>\n<\/tr>\n<tr>\n<td>Wrapping paper natura 70 gr<\/td>\n<td>\n<div>100 cm<\/div><\/td>\n<td>10 kg \/ 140 m<\/td>\n<\/tr>\n<tr>\n<td>Wrapping paper natura 40 gr<\/td>\n<td colspan=\"2\">other roll widths on request<\/td>\n<\/tr>\n<tr>\n<td colspan=\"3\">Wrapping paper natura other grammages on request<\/td>\n<\/tr>\n<\/tbody>\n<\/table>\t\t\t\t\t\t\t\t<\/div>\n\t\t\t\t\t<\/div>\n\t\t<\/div>\n\t\t\t\t\t<\/div>\n\t\t<\/section>\n\t\t\t\t<section class=\"elementor-section elementor-top-section elementor-element elementor-element-2a04b473 elementor-section-boxed elementor-section-height-default elementor-section-height-default\" data-id=\"2a04b473\" data-element_type=\"section\" data-e-type=\"section\" id=\"povp-sect\" data-settings=\"{&quot;background_background&quot;:&quot;classic&quot;}\">\n\t\t\t\t\t\t\t<div class=\"elementor-background-overlay\"><\/div>\n\t\t\t\t\t\t\t<div class=\"elementor-container elementor-column-gap-default\">\n\t\t\t\t\t<div class=\"elementor-column elementor-col-100 elementor-top-column elementor-element elementor-element-246f811e\" data-id=\"246f811e\" data-element_type=\"column\" data-e-type=\"column\">\n\t\t\t<div class=\"elementor-widget-wrap elementor-element-populated\">\n\t\t\t\t\t\t<div class=\"elementor-element elementor-element-1eb06e58 elementor-widget elementor-widget-heading\" data-id=\"1eb06e58\" data-element_type=\"widget\" data-e-type=\"widget\" data-widget_type=\"heading.default\">\n\t\t\t\t\t<h2 class=\"elementor-heading-title elementor-size-default elementor-heading-title elementor-align-after-center\"><span style=\"font-weight:normal\"><span style=\"font-size: 9pt;font-weight: 700;vertical-align: baseline\"><\/span><\/span>Start using friendly packaging!<\/h2>\t\t\t\t<\/div>\n\t\t\t\t<div class=\"elementor-element elementor-element-15529f01 elementor-widget elementor-widget-sm-default-button\" data-id=\"15529f01\" data-element_type=\"widget\" data-e-type=\"widget\" data-widget_type=\"sm-default-button.default\">\n\t\t\t\t<div class=\"elementor-widget-container\">\n\t\t\t\t\t\n\t\t\t\t<a   href=\"https:\/\/papirol.si\/en\/povprasevanje\/ovijalni-embalazni-papir\/\" class=\"btn\">Send your enquiry<i class=\"ti ti-arrow-right\"><\/i><\/a>\n\t\t\n\t\t\t\t\t<\/div>\n\t\t\t\t<\/div>\n\t\t\t\t\t<\/div>\n\t\t<\/div>\n\t\t\t\t\t<\/div>\n\t\t<\/section>\n\t\t\t\t<\/div>","protected":false},"excerpt":{"rendered":"<p>Ovijalni papir je izdelan iz naravno rjavega gladkega papirja; debelino papirja prilagodimo namembnosti in uporabnosti. V papir ovijamo&#8230;<\/p>","protected":false},"author":5,"featured_media":0,"parent":1971,"menu_order":0,"comment_status":"closed","ping_status":"closed","template":"elementor_header_footer","meta":{"footnotes":""},"class_list":["post-2149","page","type-page","status-publish","hentry"],"yoast_head":"<!-- This site is optimized with the Yoast SEO plugin v27.3 - https:\/\/yoast.com\/product\/yoast-seo-wordpress\/ -->\n<title>Ovijalni papir natura | Papirol<\/title>\n<meta name=\"robots\" content=\"index, follow, max-snippet:-1, max-image-preview:large, max-video-preview:-1\" \/>\n<link rel=\"canonical\" href=\"https:\/\/papirol.si\/en\/sales-programme\/wrapping-embalping-paper-in-format\/wrapping-paper-2\/wrapping-paper-natura-2\/\" \/>\n<meta property=\"og:locale\" content=\"en_GB\" \/>\n<meta property=\"og:type\" content=\"article\" \/>\n<meta property=\"og:title\" content=\"Ovijalni papir natura | Papirol\" \/>\n<meta property=\"og:description\" content=\"Ovijalni papir je izdelan iz naravno rjavega gladkega papirja; debelino papirja prilagodimo namembnosti in uporabnosti. V papir ovijamo...\" \/>\n<meta property=\"og:url\" content=\"https:\/\/papirol.si\/en\/sales-programme\/wrapping-embalping-paper-in-format\/wrapping-paper-2\/wrapping-paper-natura-2\/\" \/>\n<meta property=\"og:site_name\" content=\"Papirol\" \/>\n<meta property=\"article:modified_time\" content=\"2023-05-10T09:54:03+00:00\" \/>\n<meta property=\"og:image\" content=\"https:\/\/papirol.si\/wp-content\/uploads\/2020\/02\/ovojn-papir-natron-papirol-scaled.jpg\" \/>\n\t<meta property=\"og:image:width\" content=\"2560\" \/>\n\t<meta property=\"og:image:height\" content=\"1393\" \/>\n\t<meta property=\"og:image:type\" content=\"image\/jpeg\" \/>\n<meta name=\"twitter:card\" content=\"summary_large_image\" \/>\n<meta name=\"twitter:label1\" content=\"Estimated reading time\" \/>\n\t<meta name=\"twitter:data1\" content=\"1 minute\" \/>\n<script type=\"application\/ld+json\" class=\"yoast-schema-graph\">{\"@context\":\"https:\\\/\\\/schema.org\",\"@graph\":[{\"@type\":\"WebPage\",\"@id\":\"https:\\\/\\\/papirol.si\\\/prodajni-program\\\/ovijalni-embalazni-papir-v-formatu\\\/ovojni-papir\\\/ovijalni-papir-natura\\\/\",\"url\":\"https:\\\/\\\/papirol.si\\\/prodajni-program\\\/ovijalni-embalazni-papir-v-formatu\\\/ovojni-papir\\\/ovijalni-papir-natura\\\/\",\"name\":\"Ovijalni papir natura | Papirol\",\"isPartOf\":{\"@id\":\"https:\\\/\\\/papirol.si\\\/#website\"},\"primaryImageOfPage\":{\"@id\":\"https:\\\/\\\/papirol.si\\\/prodajni-program\\\/ovijalni-embalazni-papir-v-formatu\\\/ovojni-papir\\\/ovijalni-papir-natura\\\/#primaryimage\"},\"image\":{\"@id\":\"https:\\\/\\\/papirol.si\\\/prodajni-program\\\/ovijalni-embalazni-papir-v-formatu\\\/ovojni-papir\\\/ovijalni-papir-natura\\\/#primaryimage\"},\"thumbnailUrl\":\"https:\\\/\\\/papirol.si\\\/wp-content\\\/uploads\\\/2020\\\/02\\\/ovojn-papir-natron-papirol-1024x557.jpg\",\"datePublished\":\"2019-12-06T11:07:55+00:00\",\"dateModified\":\"2023-05-10T09:54:03+00:00\",\"breadcrumb\":{\"@id\":\"https:\\\/\\\/papirol.si\\\/prodajni-program\\\/ovijalni-embalazni-papir-v-formatu\\\/ovojni-papir\\\/ovijalni-papir-natura\\\/#breadcrumb\"},\"inLanguage\":\"en-GB\",\"potentialAction\":[{\"@type\":\"ReadAction\",\"target\":[\"https:\\\/\\\/papirol.si\\\/prodajni-program\\\/ovijalni-embalazni-papir-v-formatu\\\/ovojni-papir\\\/ovijalni-papir-natura\\\/\"]}]},{\"@type\":\"ImageObject\",\"inLanguage\":\"en-GB\",\"@id\":\"https:\\\/\\\/papirol.si\\\/prodajni-program\\\/ovijalni-embalazni-papir-v-formatu\\\/ovojni-papir\\\/ovijalni-papir-natura\\\/#primaryimage\",\"url\":\"https:\\\/\\\/papirol.si\\\/wp-content\\\/uploads\\\/2020\\\/02\\\/ovojn-papir-natron-papirol-1024x557.jpg\",\"contentUrl\":\"https:\\\/\\\/papirol.si\\\/wp-content\\\/uploads\\\/2020\\\/02\\\/ovojn-papir-natron-papirol-1024x557.jpg\"},{\"@type\":\"BreadcrumbList\",\"@id\":\"https:\\\/\\\/papirol.si\\\/prodajni-program\\\/ovijalni-embalazni-papir-v-formatu\\\/ovojni-papir\\\/ovijalni-papir-natura\\\/#breadcrumb\",\"itemListElement\":[{\"@type\":\"ListItem\",\"position\":1,\"name\":\"Home\",\"item\":\"https:\\\/\\\/papirol.si\\\/\"},{\"@type\":\"ListItem\",\"position\":2,\"name\":\"Prodajni program\",\"item\":\"https:\\\/\\\/papirol.si\\\/prodajni-program\\\/\"},{\"@type\":\"ListItem\",\"position\":3,\"name\":\"Ovijalni, embala\u017eni in papir v formatu\",\"item\":\"https:\\\/\\\/papirol.si\\\/prodajni-program\\\/ovijalni-embalazni-papir-v-formatu\\\/\"},{\"@type\":\"ListItem\",\"position\":4,\"name\":\"Ovojni papir\",\"item\":\"https:\\\/\\\/papirol.si\\\/prodajni-program\\\/ovijalni-embalazni-papir-v-formatu\\\/ovojni-papir\\\/\"},{\"@type\":\"ListItem\",\"position\":5,\"name\":\"Ovijalni papir natura\"}]},{\"@type\":\"WebSite\",\"@id\":\"https:\\\/\\\/papirol.si\\\/#website\",\"url\":\"https:\\\/\\\/papirol.si\\\/\",\"name\":\"Papirol\",\"description\":\"Obla\u010dimo va\u0161e izdelke \u017ee 36 let!\",\"publisher\":{\"@id\":\"https:\\\/\\\/papirol.si\\\/#organization\"},\"potentialAction\":[{\"@type\":\"SearchAction\",\"target\":{\"@type\":\"EntryPoint\",\"urlTemplate\":\"https:\\\/\\\/papirol.si\\\/?s={search_term_string}\"},\"query-input\":{\"@type\":\"PropertyValueSpecification\",\"valueRequired\":true,\"valueName\":\"search_term_string\"}}],\"inLanguage\":\"en-GB\"},{\"@type\":\"Organization\",\"@id\":\"https:\\\/\\\/papirol.si\\\/#organization\",\"name\":\"Papirol\",\"url\":\"https:\\\/\\\/papirol.si\\\/\",\"logo\":{\"@type\":\"ImageObject\",\"inLanguage\":\"en-GB\",\"@id\":\"https:\\\/\\\/papirol.si\\\/#\\\/schema\\\/logo\\\/image\\\/\",\"url\":\"https:\\\/\\\/papirol.si\\\/wp-content\\\/uploads\\\/2019\\\/12\\\/papirol-bela.png\",\"contentUrl\":\"https:\\\/\\\/papirol.si\\\/wp-content\\\/uploads\\\/2019\\\/12\\\/papirol-bela.png\",\"width\":400,\"height\":80,\"caption\":\"Papirol\"},\"image\":{\"@id\":\"https:\\\/\\\/papirol.si\\\/#\\\/schema\\\/logo\\\/image\\\/\"}}]}<\/script>\n<!-- \/ Yoast SEO plugin. -->","yoast_head_json":{"title":"Wrapping paper natura | Papirol","robots":{"index":"index","follow":"follow","max-snippet":"max-snippet:-1","max-image-preview":"max-image-preview:large","max-video-preview":"max-video-preview:-1"},"canonical":"https:\/\/papirol.si\/en\/sales-programme\/wrapping-embalping-paper-in-format\/wrapping-paper-2\/wrapping-paper-natura-2\/","og_locale":"en_GB","og_type":"article","og_title":"Ovijalni papir natura | Papirol","og_description":"Ovijalni papir je izdelan iz naravno rjavega gladkega papirja; debelino papirja prilagodimo namembnosti in uporabnosti. V papir ovijamo...","og_url":"https:\/\/papirol.si\/en\/sales-programme\/wrapping-embalping-paper-in-format\/wrapping-paper-2\/wrapping-paper-natura-2\/","og_site_name":"Papirol","article_modified_time":"2023-05-10T09:54:03+00:00","og_image":[{"width":2560,"height":1393,"url":"https:\/\/papirol.si\/wp-content\/uploads\/2020\/02\/ovojn-papir-natron-papirol-scaled.jpg","type":"image\/jpeg"}],"twitter_card":"summary_large_image","twitter_misc":{"Estimated reading time":"1 minute"},"schema":{"@context":"https:\/\/schema.org","@graph":[{"@type":"WebPage","@id":"https:\/\/papirol.si\/prodajni-program\/ovijalni-embalazni-papir-v-formatu\/ovojni-papir\/ovijalni-papir-natura\/","url":"https:\/\/papirol.si\/prodajni-program\/ovijalni-embalazni-papir-v-formatu\/ovojni-papir\/ovijalni-papir-natura\/","name":"Wrapping paper natura | Papirol","isPartOf":{"@id":"https:\/\/papirol.si\/#website"},"primaryImageOfPage":{"@id":"https:\/\/papirol.si\/prodajni-program\/ovijalni-embalazni-papir-v-formatu\/ovojni-papir\/ovijalni-papir-natura\/#primaryimage"},"image":{"@id":"https:\/\/papirol.si\/prodajni-program\/ovijalni-embalazni-papir-v-formatu\/ovojni-papir\/ovijalni-papir-natura\/#primaryimage"},"thumbnailUrl":"https:\/\/papirol.si\/wp-content\/uploads\/2020\/02\/ovojn-papir-natron-papirol-1024x557.jpg","datePublished":"2019-12-06T11:07:55+00:00","dateModified":"2023-05-10T09:54:03+00:00","breadcrumb":{"@id":"https:\/\/papirol.si\/prodajni-program\/ovijalni-embalazni-papir-v-formatu\/ovojni-papir\/ovijalni-papir-natura\/#breadcrumb"},"inLanguage":"en-GB","potentialAction":[{"@type":"ReadAction","target":["https:\/\/papirol.si\/prodajni-program\/ovijalni-embalazni-papir-v-formatu\/ovojni-papir\/ovijalni-papir-natura\/"]}]},{"@type":"ImageObject","inLanguage":"en-GB","@id":"https:\/\/papirol.si\/prodajni-program\/ovijalni-embalazni-papir-v-formatu\/ovojni-papir\/ovijalni-papir-natura\/#primaryimage","url":"https:\/\/papirol.si\/wp-content\/uploads\/2020\/02\/ovojn-papir-natron-papirol-1024x557.jpg","contentUrl":"https:\/\/papirol.si\/wp-content\/uploads\/2020\/02\/ovojn-papir-natron-papirol-1024x557.jpg"},{"@type":"BreadcrumbList","@id":"https:\/\/papirol.si\/prodajni-program\/ovijalni-embalazni-papir-v-formatu\/ovojni-papir\/ovijalni-papir-natura\/#breadcrumb","itemListElement":[{"@type":"ListItem","position":1,"name":"Home","item":"https:\/\/papirol.si\/"},{"@type":"ListItem","position":2,"name":"Prodajni program","item":"https:\/\/papirol.si\/prodajni-program\/"},{"@type":"ListItem","position":3,"name":"Ovijalni, embala\u017eni in papir v formatu","item":"https:\/\/papirol.si\/prodajni-program\/ovijalni-embalazni-papir-v-formatu\/"},{"@type":"ListItem","position":4,"name":"Ovojni papir","item":"https:\/\/papirol.si\/prodajni-program\/ovijalni-embalazni-papir-v-formatu\/ovojni-papir\/"},{"@type":"ListItem","position":5,"name":"Ovijalni papir natura"}]},{"@type":"WebSite","@id":"https:\/\/papirol.si\/#website","url":"https:\/\/papirol.si\/","name":"Papirol","description":"We've been dressing your products for 36 years!","publisher":{"@id":"https:\/\/papirol.si\/#organization"},"potentialAction":[{"@type":"SearchAction","target":{"@type":"EntryPoint","urlTemplate":"https:\/\/papirol.si\/?s={search_term_string}"},"query-input":{"@type":"PropertyValueSpecification","valueRequired":true,"valueName":"search_term_string"}}],"inLanguage":"en-GB"},{"@type":"Organization","@id":"https:\/\/papirol.si\/#organization","name":"Papirol","url":"https:\/\/papirol.si\/","logo":{"@type":"ImageObject","inLanguage":"en-GB","@id":"https:\/\/papirol.si\/#\/schema\/logo\/image\/","url":"https:\/\/papirol.si\/wp-content\/uploads\/2019\/12\/papirol-bela.png","contentUrl":"https:\/\/papirol.si\/wp-content\/uploads\/2019\/12\/papirol-bela.png","width":400,"height":80,"caption":"Papirol"},"image":{"@id":"https:\/\/papirol.si\/#\/schema\/logo\/image\/"}}]}},"_links":{"self":[{"href":"https:\/\/papirol.si\/en\/wp-json\/wp\/v2\/pages\/2149","targetHints":{"allow":["GET"]}}],"collection":[{"href":"https:\/\/papirol.si\/en\/wp-json\/wp\/v2\/pages"}],"about":[{"href":"https:\/\/papirol.si\/en\/wp-json\/wp\/v2\/types\/page"}],"author":[{"embeddable":true,"href":"https:\/\/papirol.si\/en\/wp-json\/wp\/v2\/users\/5"}],"replies":[{"embeddable":true,"href":"https:\/\/papirol.si\/en\/wp-json\/wp\/v2\/comments?post=2149"}],"version-history":[{"count":17,"href":"https:\/\/papirol.si\/en\/wp-json\/wp\/v2\/pages\/2149\/revisions"}],"predecessor-version":[{"id":4315,"href":"https:\/\/papirol.si\/en\/wp-json\/wp\/v2\/pages\/2149\/revisions\/4315"}],"up":[{"embeddable":true,"href":"https:\/\/papirol.si\/en\/wp-json\/wp\/v2\/pages\/1971"}],"wp:attachment":[{"href":"https:\/\/papirol.si\/en\/wp-json\/wp\/v2\/media?parent=2149"}],"curies":[{"name":"wp","href":"https:\/\/api.w.org\/{rel}","templated":true}]}}