{"id":3128,"date":"2020-06-11T11:06:47","date_gmt":"2020-06-11T09:06:47","guid":{"rendered":"https:\/\/papirol.si\/papiertueten-mit-flachem-boden\/papiertueten-weiss-natura-mit-fenster\/"},"modified":"2020-06-22T17:23:20","modified_gmt":"2020-06-22T15:23:20","slug":"papiertueten-weiss-natura-mit-fenster","status":"publish","type":"page","link":"https:\/\/papirol.si\/en\/produktsortiment\/papiertueten-mit-flachem-boden\/papiertueten-weiss-natura-mit-fenster\/","title":{"rendered":"Papiert\u00fcten wei\u00df natura mit Fenster"},"content":{"rendered":"<div data-elementor-type=\"wp-page\" data-elementor-id=\"3128\" class=\"elementor elementor-3128\" data-elementor-post-type=\"page\">\n\t\t\t\t\t\t<section class=\"elementor-section elementor-top-section elementor-element elementor-element-688aacff elementor-section-content-middle elementor-section-boxed elementor-section-height-default elementor-section-height-default\" data-id=\"688aacff\" data-element_type=\"section\" data-e-type=\"section\" id=\"produkt-bio\" data-settings=\"{&quot;background_background&quot;:&quot;classic&quot;}\">\n\t\t\t\t\t\t<div class=\"elementor-container elementor-column-gap-default\">\n\t\t\t\t\t<div class=\"elementor-column elementor-col-50 elementor-top-column elementor-element elementor-element-2aa5ed9b\" data-id=\"2aa5ed9b\" data-element_type=\"column\" data-e-type=\"column\">\n\t\t\t<div class=\"elementor-widget-wrap elementor-element-populated\">\n\t\t\t\t\t\t<div class=\"elementor-element elementor-element-059580b elementor-widget elementor-widget-image\" data-id=\"059580b\" data-element_type=\"widget\" data-e-type=\"widget\" data-widget_type=\"image.default\">\n\t\t\t\t\t\t\t\t\t\t\t\t\t\t\t<img fetchpriority=\"high\" decoding=\"async\" width=\"436\" height=\"292\" src=\"https:\/\/papirol.si\/wp-content\/uploads\/2019\/12\/Bela-natura-skrnicelj-okno_0ck9kvsh.png\" class=\"attachment-large size-large wp-image-1882\" alt=\"\" srcset=\"https:\/\/papirol.si\/wp-content\/uploads\/2019\/12\/Bela-natura-skrnicelj-okno_0ck9kvsh.png 436w, https:\/\/papirol.si\/wp-content\/uploads\/2019\/12\/Bela-natura-skrnicelj-okno_0ck9kvsh-300x201.png 300w, https:\/\/papirol.si\/wp-content\/uploads\/2019\/12\/Bela-natura-skrnicelj-okno_0ck9kvsh-285x191.png 285w, https:\/\/papirol.si\/wp-content\/uploads\/2019\/12\/Bela-natura-skrnicelj-okno_0ck9kvsh-150x100.png 150w\" sizes=\"(max-width: 436px) 100vw, 436px\" \/>\t\t\t\t\t\t\t\t\t\t\t\t\t\t\t<\/div>\n\t\t\t\t<div class=\"elementor-element elementor-element-6c08390c elementor-widget elementor-widget-image\" data-id=\"6c08390c\" data-element_type=\"widget\" data-e-type=\"widget\" data-widget_type=\"image.default\">\n\t\t\t\t\t\t\t\t\t\t\t\t\t\t\t<img decoding=\"async\" width=\"221\" height=\"410\" src=\"https:\/\/papirol.si\/wp-content\/uploads\/2019\/12\/program1_hhwoy0mk.jpg\" class=\"attachment-large size-large wp-image-1859\" alt=\"\" srcset=\"https:\/\/papirol.si\/wp-content\/uploads\/2019\/12\/program1_hhwoy0mk.jpg 221w, https:\/\/papirol.si\/wp-content\/uploads\/2019\/12\/program1_hhwoy0mk-162x300.jpg 162w, https:\/\/papirol.si\/wp-content\/uploads\/2019\/12\/program1_hhwoy0mk-81x150.jpg 81w\" sizes=\"(max-width: 221px) 100vw, 221px\" \/>\t\t\t\t\t\t\t\t\t\t\t\t\t\t\t<\/div>\n\t\t\t\t\t<\/div>\n\t\t<\/div>\n\t\t\t\t<div class=\"elementor-column elementor-col-50 elementor-top-column elementor-element elementor-element-3ca2a12c\" data-id=\"3ca2a12c\" data-element_type=\"column\" data-e-type=\"column\">\n\t\t\t<div class=\"elementor-widget-wrap elementor-element-populated\">\n\t\t\t\t\t\t<div class=\"elementor-element elementor-element-ad643b1 elementor-widget elementor-widget-text-editor\" data-id=\"ad643b1\" data-element_type=\"widget\" data-e-type=\"widget\" data-widget_type=\"text-editor.default\">\n\t\t\t\t\t\t\t\t\t<p><span style=\"font-weight: 400;\">Papiert\u00fcte wei\u00df natura mit Fenster sind aus glattem wei\u00dfem Papier mit transparenten Fenster auf der Vorderseite gemacht, mit der M\u00f6glichkeit, das Fenster an den Seitenrand zu verschieben.<\/span><\/p>\n<p><span style=\"font-weight: 400;\">Fenster k\u00f6nnen wahlweise aus compostierbaren Materiien oder durchscheinendem wei\u00dfem Papier hergestellt werden.<\/span><\/p>\n<p><span style=\"font-weight: 400;\">Die Taschen eignen sich gut f\u00fcr \u201eDinge, die wir mit unserem Sehverm\u00f6gen kaufen\u201c - der Inhalt der T\u00fcte ist durch das Fenster gut sichtbar. <\/span><\/p>\n<p><span style=\"font-weight: 400;\">Sehr n\u00fctzlich f\u00fcr vorgefertigte Sandwiches und verpackte Backwaren, gr\u00f6\u00dfere Kekse und Produkte in Ladenregalen und in Verkaufsautomaten.<\/span><\/p>\n<p><span style=\"font-weight: 400;\">Diese Beutel ohne Aufdruck sind immer auf Lager und auch in kleinen Mengen sofort lieferbar.<\/span><\/p>\n\t\t\t\t\t\t\t\t<\/div>\n\t\t\t\t<div class=\"elementor-element elementor-element-5ddd50e7 elementor-widget elementor-widget-text-editor\" data-id=\"5ddd50e7\" data-element_type=\"widget\" data-e-type=\"widget\" id=\"tisk-box\" data-widget_type=\"text-editor.default\">\n\t\t\t\t\t\t\t\t\t<h2>Drucken<\/h2>\n<p>Papiert\u00fcten k\u00f6nnen in h\u00f6chster Qualit\u00e4t ein- oder mehrfarbig bedruckt werden.<br \/>\nDie M\u00f6glichkeit, gleichzeitig mit der Herstellung des Beutels zu bedrucken, was einen Druck \u00fcber die gesamte Oberfl\u00e4che des Beutels erm\u00f6glicht, optional auch im Inneren des Beutels.<br \/>\nDie M\u00f6glichkeit des Drucks auf vorgefertigte Beutel, was den Druck kleinerer Mengen erm\u00f6glicht<br \/>\n<strong>Drucktechniken<\/strong><\/p>\n<ul>\n<li>mehrfarbiger Flexodruck von der Linie auf alle Papiert\u00fcten<\/li>\n<li>mehrfarbiger Flexodruck von der Linie auf alle Papiert\u00fcten<\/li>\n<\/ul>\n<p><strong>Druck:<\/strong><\/p>\n<ul>\n<li>unendlich oder positioniert, Mehrfarbendruck, ein- oder beidseitig<\/li>\n<li>ganzfl\u00e4chig, ein- oder beidseitig, m\u00f6glicher Druck in den R\u00e4ndern der Papiert\u00fcte oder sogar auf dem Boden.<\/li>\n<\/ul>\n\t\t\t\t\t\t\t\t<\/div>\n\t\t\t\t\t<\/div>\n\t\t<\/div>\n\t\t\t\t\t<\/div>\n\t\t<\/section>\n\t\t\t\t<section class=\"elementor-section elementor-top-section elementor-element elementor-element-f11247f elementor-section-boxed elementor-section-height-default elementor-section-height-default\" data-id=\"f11247f\" data-element_type=\"section\" data-e-type=\"section\" id=\"product-bio-tbl\" data-settings=\"{&quot;background_background&quot;:&quot;classic&quot;}\">\n\t\t\t\t\t\t<div class=\"elementor-container elementor-column-gap-default\">\n\t\t\t\t\t<div class=\"elementor-column elementor-col-100 elementor-top-column elementor-element elementor-element-21ce687\" data-id=\"21ce687\" data-element_type=\"column\" data-e-type=\"column\">\n\t\t\t<div class=\"elementor-widget-wrap elementor-element-populated\">\n\t\t\t\t\t\t<div class=\"elementor-element elementor-element-1b549f9 elementor-widget elementor-widget-text-editor\" data-id=\"1b549f9\" data-element_type=\"widget\" data-e-type=\"widget\" data-widget_type=\"text-editor.default\">\n\t\t\t\t\t\t\t\t\t<table data-minrequestedwidth=\"888.2015991210938\" data-computedwidth=\"888.2015991210938\">\n<tbody>\n<tr>\n<td class=\"imVc\">\n<div class=\"imTACenter\"><b><span class=\"fs11lh1-5 ff1\">PRODUCTNAME<\/span><\/b><\/div>\n<\/td>\n<td class=\"imVc\">\n<div class=\"imTACenter\"><span class=\"fs11lh1-5 ff1\"><b>STANDARDABMESSUNG<\/b><\/span><\/div>\n<div> <\/div>\n<\/p>\n<div> A+ 2xC x B <\/div>\n<\/td>\n<td class=\"imVc\">\n<div class=\"imTACenter\"><b class=\"fs11lh1-5 ff1\">VERPACKUNG<\/b><\/div>\n<\/td>\n<\/tr>\n<tr>\n<td class=\"imVc\">\n<div class=\"imTACenter\"><span class=\"fs11lh1-5 ff2\">Wei\u00df Natura Beutel with Fenster 1\/2<\/span><\/div>\n<\/td>\n<td class=\"imVc\">\n<div class=\"imTACenter\"><span class=\"fs11lh1-5 ff2\">12 + 4 x 29 cm<\/span><\/div>\n<\/td>\n<td class=\"imVc\">\n<div class=\"imTACenter\"><span class=\"fs11lh1-5 ff2\">2000 Stk.<\/span><\/div>\n<\/td>\n<\/tr>\n<tr>\n<td class=\"imVc\">\n<div class=\"imTACenter\"><span class=\"fs11lh1-5 ff2\">Wei\u00df Natura Beutel mit Fenster 1<\/span><\/div>\n<\/td>\n<td class=\"imVc\">\n<div class=\"imTACenter\"><span class=\"fs11lh1-5 ff2\">14 + 6 x 29 cm<\/span><\/div>\n<\/td>\n<td class=\"imVc\">\n<div class=\"imTACenter\"><span class=\"fs11lh1-5 ff2\">2000 Stk.<\/span><\/div>\n<\/td>\n<\/tr>\n<tr>\n<td class=\"imVc\">\n<div class=\"imTACenter\"><span class=\"fs11lh1-5 ff2\">Wei\u00df Natura Beutel mit Fenster 3<\/span><\/div>\n<\/td>\n<td class=\"imVc\">\n<div class=\"imTACenter\"><span class=\"fs11lh1-5 ff2\">20 + 9 x 29 cm<\/span><\/div>\n<\/td>\n<td class=\"imVc\">\n<div class=\"imTACenter\"><span class=\"fs11lh1-5 ff2\">2000 Stk.<\/span><\/div>\n<\/td>\n<\/tr>\n<tr>\n<td class=\"imVc\">\n<div class=\"imTACenter\"><span class=\"fs11lh1-5 ff2\">Wei\u00df Natura Stangenbrot Beutel mit Fenster - auf Anfrage<\/span><\/div>\n<\/td>\n<td class=\"imVc\">\n<div class=\"imTACenter\"><span class=\"fs11lh1-5 ff2\">12 + 4 x 59 cm<\/span><\/div>\n<\/td>\n<td class=\"imVc\">\n<div class=\"imTACenter\"><span class=\"fs11lh1-5 ff2\">Auf Anfrage<\/span><\/div>\n<\/td>\n<\/tr>\n<\/tbody>\n<\/table>\n\t\t\t\t\t\t\t\t<\/div>\n\t\t\t\t\t<\/div>\n\t\t<\/div>\n\t\t\t\t\t<\/div>\n\t\t<\/section>\n\t\t\t\t<section class=\"elementor-section elementor-top-section elementor-element elementor-element-48e648ff elementor-section-boxed elementor-section-height-default elementor-section-height-default\" data-id=\"48e648ff\" data-element_type=\"section\" data-e-type=\"section\" id=\"povp-sect\" data-settings=\"{&quot;background_background&quot;:&quot;classic&quot;}\">\n\t\t\t\t\t\t\t<div class=\"elementor-background-overlay\"><\/div>\n\t\t\t\t\t\t\t<div class=\"elementor-container elementor-column-gap-default\">\n\t\t\t\t\t<div class=\"elementor-column elementor-col-100 elementor-top-column elementor-element elementor-element-76b3c783\" data-id=\"76b3c783\" data-element_type=\"column\" data-e-type=\"column\">\n\t\t\t<div class=\"elementor-widget-wrap elementor-element-populated\">\n\t\t\t\t\t\t<div class=\"elementor-element elementor-element-26064faf elementor-widget elementor-widget-heading\" data-id=\"26064faf\" data-element_type=\"widget\" data-e-type=\"widget\" data-widget_type=\"heading.default\">\n\t\t\t\t\t<h2 class=\"elementor-heading-title elementor-size-default elementor-heading-title elementor-align-after-center\"><span style=\"font-weight:normal\"><span><\/span><\/span>Begin with free packaging!<\/h2>\t\t\t\t<\/div>\n\t\t\t\t<div class=\"elementor-element elementor-element-42aad831 elementor-widget elementor-widget-sm-default-button\" data-id=\"42aad831\" data-element_type=\"widget\" data-e-type=\"widget\" data-widget_type=\"sm-default-button.default\">\n\t\t\t\t<div class=\"elementor-widget-container\">\n\t\t\t\t\t\n\t\t\t\t<a   href=\"https:\/\/papirol.si\/en\/nachfrage\/papiertuten-mit-flachem-boden\/\" class=\"btn\"> Anfrage absenden<i class=\"ti ti-arrow-right\"><\/i><\/a>\n\t\t\n\t\t\t\t\t<\/div>\n\t\t\t\t<\/div>\n\t\t\t\t\t<\/div>\n\t\t<\/div>\n\t\t\t\t\t<\/div>\n\t\t<\/section>\n\t\t\t\t<\/div>","protected":false},"excerpt":{"rendered":"<p>Papiert\u00fcte wei\u00df natura mit Fenster sind aus glattem wei\u00dfem Papier mit transparenten Fenster auf der Vorderseite gemacht, mit&#8230;<\/p>","protected":false},"author":5,"featured_media":0,"parent":3095,"menu_order":0,"comment_status":"closed","ping_status":"closed","template":"elementor_header_footer","meta":{"footnotes":""},"class_list":["post-3128","page","type-page","status-publish","hentry"],"yoast_head":"<!-- This site is optimized with the Yoast SEO plugin v27.3 - https:\/\/yoast.com\/product\/yoast-seo-wordpress\/ -->\n<title>Papiert\u00fcten wei\u00df natura mit Fenster | Papirol<\/title>\n<meta name=\"robots\" content=\"index, follow, max-snippet:-1, max-image-preview:large, max-video-preview:-1\" \/>\n<link rel=\"canonical\" href=\"https:\/\/papirol.si\/en\/product-range\/papiertueten-mit-flachem-boden\/papiertueten-weiss-natura-mit-fenster\/\" \/>\n<meta property=\"og:locale\" content=\"en_GB\" \/>\n<meta property=\"og:type\" content=\"article\" \/>\n<meta property=\"og:title\" content=\"Papiert\u00fcten wei\u00df natura mit Fenster | Papirol\" \/>\n<meta property=\"og:description\" content=\"Papiert\u00fcte wei\u00df natura mit Fenster sind aus glattem wei\u00dfem Papier mit transparenten Fenster auf der Vorderseite gemacht, mit...\" \/>\n<meta property=\"og:url\" content=\"https:\/\/papirol.si\/en\/product-range\/papiertueten-mit-flachem-boden\/papiertueten-weiss-natura-mit-fenster\/\" \/>\n<meta property=\"og:site_name\" content=\"Papirol\" \/>\n<meta property=\"article:modified_time\" content=\"2020-06-22T15:23:20+00:00\" \/>\n<meta property=\"og:image\" content=\"https:\/\/papirol.si\/wp-content\/uploads\/2019\/12\/Bela-natura-skrnicelj-okno_0ck9kvsh.png\" \/>\n\t<meta property=\"og:image:width\" content=\"436\" \/>\n\t<meta property=\"og:image:height\" content=\"292\" \/>\n\t<meta property=\"og:image:type\" content=\"image\/png\" \/>\n<meta name=\"twitter:card\" content=\"summary_large_image\" \/>\n<meta name=\"twitter:label1\" content=\"Estimated reading time\" \/>\n\t<meta name=\"twitter:data1\" content=\"1 minute\" \/>\n<script type=\"application\/ld+json\" class=\"yoast-schema-graph\">{\"@context\":\"https:\\\/\\\/schema.org\",\"@graph\":[{\"@type\":\"WebPage\",\"@id\":\"https:\\\/\\\/papirol.si\\\/de\\\/produktsortiment\\\/papiertueten-mit-flachem-boden\\\/papiertueten-weiss-natura-mit-fenster\\\/\",\"url\":\"https:\\\/\\\/papirol.si\\\/de\\\/produktsortiment\\\/papiertueten-mit-flachem-boden\\\/papiertueten-weiss-natura-mit-fenster\\\/\",\"name\":\"Papiert\u00fcten wei\u00df natura mit Fenster | Papirol\",\"isPartOf\":{\"@id\":\"https:\\\/\\\/papirol.si\\\/#website\"},\"primaryImageOfPage\":{\"@id\":\"https:\\\/\\\/papirol.si\\\/de\\\/produktsortiment\\\/papiertueten-mit-flachem-boden\\\/papiertueten-weiss-natura-mit-fenster\\\/#primaryimage\"},\"image\":{\"@id\":\"https:\\\/\\\/papirol.si\\\/de\\\/produktsortiment\\\/papiertueten-mit-flachem-boden\\\/papiertueten-weiss-natura-mit-fenster\\\/#primaryimage\"},\"thumbnailUrl\":\"https:\\\/\\\/papirol.si\\\/wp-content\\\/uploads\\\/2019\\\/12\\\/Bela-natura-skrnicelj-okno_0ck9kvsh.png\",\"datePublished\":\"2020-06-11T09:06:47+00:00\",\"dateModified\":\"2020-06-22T15:23:20+00:00\",\"breadcrumb\":{\"@id\":\"https:\\\/\\\/papirol.si\\\/de\\\/produktsortiment\\\/papiertueten-mit-flachem-boden\\\/papiertueten-weiss-natura-mit-fenster\\\/#breadcrumb\"},\"inLanguage\":\"en-GB\",\"potentialAction\":[{\"@type\":\"ReadAction\",\"target\":[\"https:\\\/\\\/papirol.si\\\/de\\\/produktsortiment\\\/papiertueten-mit-flachem-boden\\\/papiertueten-weiss-natura-mit-fenster\\\/\"]}]},{\"@type\":\"ImageObject\",\"inLanguage\":\"en-GB\",\"@id\":\"https:\\\/\\\/papirol.si\\\/de\\\/produktsortiment\\\/papiertueten-mit-flachem-boden\\\/papiertueten-weiss-natura-mit-fenster\\\/#primaryimage\",\"url\":\"https:\\\/\\\/papirol.si\\\/wp-content\\\/uploads\\\/2019\\\/12\\\/Bela-natura-skrnicelj-okno_0ck9kvsh.png\",\"contentUrl\":\"https:\\\/\\\/papirol.si\\\/wp-content\\\/uploads\\\/2019\\\/12\\\/Bela-natura-skrnicelj-okno_0ck9kvsh.png\"},{\"@type\":\"BreadcrumbList\",\"@id\":\"https:\\\/\\\/papirol.si\\\/de\\\/produktsortiment\\\/papiertueten-mit-flachem-boden\\\/papiertueten-weiss-natura-mit-fenster\\\/#breadcrumb\",\"itemListElement\":[{\"@type\":\"ListItem\",\"position\":1,\"name\":\"Home\",\"item\":\"https:\\\/\\\/papirol.si\\\/\"},{\"@type\":\"ListItem\",\"position\":2,\"name\":\"Produktsortiment\",\"item\":\"https:\\\/\\\/papirol.si\\\/de\\\/produktsortiment\\\/\"},{\"@type\":\"ListItem\",\"position\":3,\"name\":\"Papiert\u00fcten mit flachem Boden\",\"item\":\"https:\\\/\\\/papirol.si\\\/de\\\/produktsortiment\\\/papiertueten-mit-flachem-boden\\\/\"},{\"@type\":\"ListItem\",\"position\":4,\"name\":\"Papiert\u00fcten wei\u00df natura mit Fenster\"}]},{\"@type\":\"WebSite\",\"@id\":\"https:\\\/\\\/papirol.si\\\/#website\",\"url\":\"https:\\\/\\\/papirol.si\\\/\",\"name\":\"Papirol\",\"description\":\"Obla\u010dimo va\u0161e izdelke \u017ee 36 let!\",\"publisher\":{\"@id\":\"https:\\\/\\\/papirol.si\\\/#organization\"},\"potentialAction\":[{\"@type\":\"SearchAction\",\"target\":{\"@type\":\"EntryPoint\",\"urlTemplate\":\"https:\\\/\\\/papirol.si\\\/?s={search_term_string}\"},\"query-input\":{\"@type\":\"PropertyValueSpecification\",\"valueRequired\":true,\"valueName\":\"search_term_string\"}}],\"inLanguage\":\"en-GB\"},{\"@type\":\"Organization\",\"@id\":\"https:\\\/\\\/papirol.si\\\/#organization\",\"name\":\"Papirol\",\"url\":\"https:\\\/\\\/papirol.si\\\/\",\"logo\":{\"@type\":\"ImageObject\",\"inLanguage\":\"en-GB\",\"@id\":\"https:\\\/\\\/papirol.si\\\/#\\\/schema\\\/logo\\\/image\\\/\",\"url\":\"https:\\\/\\\/papirol.si\\\/wp-content\\\/uploads\\\/2019\\\/12\\\/papirol-bela.png\",\"contentUrl\":\"https:\\\/\\\/papirol.si\\\/wp-content\\\/uploads\\\/2019\\\/12\\\/papirol-bela.png\",\"width\":400,\"height\":80,\"caption\":\"Papirol\"},\"image\":{\"@id\":\"https:\\\/\\\/papirol.si\\\/#\\\/schema\\\/logo\\\/image\\\/\"}}]}<\/script>\n<!-- \/ Yoast SEO plugin. -->","yoast_head_json":{"title":"Papiert\u00fcten wei\u00df natura mit Fenster | Papirol","robots":{"index":"index","follow":"follow","max-snippet":"max-snippet:-1","max-image-preview":"max-image-preview:large","max-video-preview":"max-video-preview:-1"},"canonical":"https:\/\/papirol.si\/en\/product-range\/papiertueten-mit-flachem-boden\/papiertueten-weiss-natura-mit-fenster\/","og_locale":"en_GB","og_type":"article","og_title":"Papiert\u00fcten wei\u00df natura mit Fenster | Papirol","og_description":"Papiert\u00fcte wei\u00df natura mit Fenster sind aus glattem wei\u00dfem Papier mit transparenten Fenster auf der Vorderseite gemacht, mit...","og_url":"https:\/\/papirol.si\/en\/product-range\/papiertueten-mit-flachem-boden\/papiertueten-weiss-natura-mit-fenster\/","og_site_name":"Papirol","article_modified_time":"2020-06-22T15:23:20+00:00","og_image":[{"width":436,"height":292,"url":"https:\/\/papirol.si\/wp-content\/uploads\/2019\/12\/Bela-natura-skrnicelj-okno_0ck9kvsh.png","type":"image\/png"}],"twitter_card":"summary_large_image","twitter_misc":{"Estimated reading time":"1 minute"},"schema":{"@context":"https:\/\/schema.org","@graph":[{"@type":"WebPage","@id":"https:\/\/papirol.si\/de\/produktsortiment\/papiertueten-mit-flachem-boden\/papiertueten-weiss-natura-mit-fenster\/","url":"https:\/\/papirol.si\/de\/produktsortiment\/papiertueten-mit-flachem-boden\/papiertueten-weiss-natura-mit-fenster\/","name":"Papiert\u00fcten wei\u00df natura mit Fenster | Papirol","isPartOf":{"@id":"https:\/\/papirol.si\/#website"},"primaryImageOfPage":{"@id":"https:\/\/papirol.si\/de\/produktsortiment\/papiertueten-mit-flachem-boden\/papiertueten-weiss-natura-mit-fenster\/#primaryimage"},"image":{"@id":"https:\/\/papirol.si\/de\/produktsortiment\/papiertueten-mit-flachem-boden\/papiertueten-weiss-natura-mit-fenster\/#primaryimage"},"thumbnailUrl":"https:\/\/papirol.si\/wp-content\/uploads\/2019\/12\/Bela-natura-skrnicelj-okno_0ck9kvsh.png","datePublished":"2020-06-11T09:06:47+00:00","dateModified":"2020-06-22T15:23:20+00:00","breadcrumb":{"@id":"https:\/\/papirol.si\/de\/produktsortiment\/papiertueten-mit-flachem-boden\/papiertueten-weiss-natura-mit-fenster\/#breadcrumb"},"inLanguage":"en-GB","potentialAction":[{"@type":"ReadAction","target":["https:\/\/papirol.si\/de\/produktsortiment\/papiertueten-mit-flachem-boden\/papiertueten-weiss-natura-mit-fenster\/"]}]},{"@type":"ImageObject","inLanguage":"en-GB","@id":"https:\/\/papirol.si\/de\/produktsortiment\/papiertueten-mit-flachem-boden\/papiertueten-weiss-natura-mit-fenster\/#primaryimage","url":"https:\/\/papirol.si\/wp-content\/uploads\/2019\/12\/Bela-natura-skrnicelj-okno_0ck9kvsh.png","contentUrl":"https:\/\/papirol.si\/wp-content\/uploads\/2019\/12\/Bela-natura-skrnicelj-okno_0ck9kvsh.png"},{"@type":"BreadcrumbList","@id":"https:\/\/papirol.si\/de\/produktsortiment\/papiertueten-mit-flachem-boden\/papiertueten-weiss-natura-mit-fenster\/#breadcrumb","itemListElement":[{"@type":"ListItem","position":1,"name":"Home","item":"https:\/\/papirol.si\/"},{"@type":"ListItem","position":2,"name":"Produktsortiment","item":"https:\/\/papirol.si\/de\/produktsortiment\/"},{"@type":"ListItem","position":3,"name":"Papiert\u00fcten mit flachem Boden","item":"https:\/\/papirol.si\/de\/produktsortiment\/papiertueten-mit-flachem-boden\/"},{"@type":"ListItem","position":4,"name":"Papiert\u00fcten wei\u00df natura mit Fenster"}]},{"@type":"WebSite","@id":"https:\/\/papirol.si\/#website","url":"https:\/\/papirol.si\/","name":"Papirol","description":"We've been dressing your products for 36 years!","publisher":{"@id":"https:\/\/papirol.si\/#organization"},"potentialAction":[{"@type":"SearchAction","target":{"@type":"EntryPoint","urlTemplate":"https:\/\/papirol.si\/?s={search_term_string}"},"query-input":{"@type":"PropertyValueSpecification","valueRequired":true,"valueName":"search_term_string"}}],"inLanguage":"en-GB"},{"@type":"Organization","@id":"https:\/\/papirol.si\/#organization","name":"Papirol","url":"https:\/\/papirol.si\/","logo":{"@type":"ImageObject","inLanguage":"en-GB","@id":"https:\/\/papirol.si\/#\/schema\/logo\/image\/","url":"https:\/\/papirol.si\/wp-content\/uploads\/2019\/12\/papirol-bela.png","contentUrl":"https:\/\/papirol.si\/wp-content\/uploads\/2019\/12\/papirol-bela.png","width":400,"height":80,"caption":"Papirol"},"image":{"@id":"https:\/\/papirol.si\/#\/schema\/logo\/image\/"}}]}},"_links":{"self":[{"href":"https:\/\/papirol.si\/en\/wp-json\/wp\/v2\/pages\/3128","targetHints":{"allow":["GET"]}}],"collection":[{"href":"https:\/\/papirol.si\/en\/wp-json\/wp\/v2\/pages"}],"about":[{"href":"https:\/\/papirol.si\/en\/wp-json\/wp\/v2\/types\/page"}],"author":[{"embeddable":true,"href":"https:\/\/papirol.si\/en\/wp-json\/wp\/v2\/users\/5"}],"replies":[{"embeddable":true,"href":"https:\/\/papirol.si\/en\/wp-json\/wp\/v2\/comments?post=3128"}],"version-history":[{"count":6,"href":"https:\/\/papirol.si\/en\/wp-json\/wp\/v2\/pages\/3128\/revisions"}],"predecessor-version":[{"id":3667,"href":"https:\/\/papirol.si\/en\/wp-json\/wp\/v2\/pages\/3128\/revisions\/3667"}],"up":[{"embeddable":true,"href":"https:\/\/papirol.si\/en\/wp-json\/wp\/v2\/pages\/3095"}],"wp:attachment":[{"href":"https:\/\/papirol.si\/en\/wp-json\/wp\/v2\/media?parent=3128"}],"curies":[{"name":"wp","href":"https:\/\/api.w.org\/{rel}","templated":true}]}}