{"id":3133,"date":"2020-06-11T11:24:50","date_gmt":"2020-06-11T09:24:50","guid":{"rendered":"https:\/\/papirol.si\/catering-and-hotel-industry-paper-bags\/"},"modified":"2026-03-26T13:49:28","modified_gmt":"2026-03-26T12:49:28","slug":"catering-and-hotel-industry-paper-bags","status":"publish","type":"page","link":"https:\/\/papirol.si\/en\/catering-and-hotel-industry-paper-bags\/","title":{"rendered":"Catering and hotel-industry paper bags"},"content":{"rendered":"<div data-elementor-type=\"wp-page\" data-elementor-id=\"3133\" class=\"elementor elementor-3133\" data-elementor-post-type=\"page\">\n\t\t\t\t\t\t<section class=\"elementor-section elementor-top-section elementor-element elementor-element-35febe3e elementor-section-content-middle elementor-section-boxed elementor-section-height-default elementor-section-height-default\" data-id=\"35febe3e\" data-element_type=\"section\" data-e-type=\"section\" id=\"produkt-bio\" data-settings=\"{&quot;background_background&quot;:&quot;classic&quot;}\">\n\t\t\t\t\t\t<div class=\"elementor-container elementor-column-gap-default\">\n\t\t\t\t\t<div class=\"elementor-column elementor-col-50 elementor-top-column elementor-element elementor-element-60f051b0\" data-id=\"60f051b0\" data-element_type=\"column\" data-e-type=\"column\">\n\t\t\t<div class=\"elementor-widget-wrap elementor-element-populated\">\n\t\t\t\t\t\t<div class=\"elementor-element elementor-element-3d43066 elementor-widget elementor-widget-image\" data-id=\"3d43066\" data-element_type=\"widget\" data-e-type=\"widget\" data-widget_type=\"image.default\">\n\t\t\t\t\t\t\t\t\t\t\t\t\t\t\t<img decoding=\"async\" src=\"https:\/\/papirol.si\/wp-content\/uploads\/2020\/05\/vre\u010dka-za-pribor_Fotor-495x660.jpg\" title=\"cutlery bag\" alt=\"cutlery bag\" loading=\"lazy\" \/>\t\t\t\t\t\t\t\t\t\t\t\t\t\t\t<\/div>\n\t\t\t\t<div class=\"elementor-element elementor-element-6bb2155 elementor-widget elementor-widget-image\" data-id=\"6bb2155\" data-element_type=\"widget\" data-e-type=\"widget\" data-widget_type=\"image.default\">\n\t\t\t\t\t\t\t\t\t\t\t\t\t\t\t<img fetchpriority=\"high\" decoding=\"async\" width=\"768\" height=\"1024\" src=\"https:\/\/papirol.si\/wp-content\/uploads\/2020\/05\/vre\u010dka-pribor-pentlja2_Fotor-768x1024.jpg\" class=\"attachment-medium_large size-medium_large wp-image-3003\" alt=\"\" srcset=\"https:\/\/papirol.si\/wp-content\/uploads\/2020\/05\/vre\u010dka-pribor-pentlja2_Fotor-768x1024.jpg 768w, https:\/\/papirol.si\/wp-content\/uploads\/2020\/05\/vre\u010dka-pribor-pentlja2_Fotor-225x300.jpg 225w, https:\/\/papirol.si\/wp-content\/uploads\/2020\/05\/vre\u010dka-pribor-pentlja2_Fotor-1152x1536.jpg 1152w, https:\/\/papirol.si\/wp-content\/uploads\/2020\/05\/vre\u010dka-pribor-pentlja2_Fotor-1536x2048.jpg 1536w, https:\/\/papirol.si\/wp-content\/uploads\/2020\/05\/vre\u010dka-pribor-pentlja2_Fotor-285x380.jpg 285w, https:\/\/papirol.si\/wp-content\/uploads\/2020\/05\/vre\u010dka-pribor-pentlja2_Fotor-1600x2133.jpg 1600w, https:\/\/papirol.si\/wp-content\/uploads\/2020\/05\/vre\u010dka-pribor-pentlja2_Fotor-495x660.jpg 495w, https:\/\/papirol.si\/wp-content\/uploads\/2020\/05\/vre\u010dka-pribor-pentlja2_Fotor-113x150.jpg 113w, https:\/\/papirol.si\/wp-content\/uploads\/2020\/05\/vre\u010dka-pribor-pentlja2_Fotor-scaled.jpg 1920w\" sizes=\"(max-width: 768px) 100vw, 768px\" \/>\t\t\t\t\t\t\t\t\t\t\t\t\t\t\t<\/div>\n\t\t\t\t<div class=\"elementor-element elementor-element-a868b41 elementor-widget elementor-widget-image\" data-id=\"a868b41\" data-element_type=\"widget\" data-e-type=\"widget\" data-widget_type=\"image.default\">\n\t\t\t\t\t\t\t\t\t\t\t\t\t\t\t<img decoding=\"async\" width=\"672\" height=\"1024\" src=\"https:\/\/papirol.si\/wp-content\/uploads\/2020\/05\/vre\u010dka-bela-papirol-672x1024.png\" class=\"attachment-large size-large wp-image-2981\" alt=\"\" srcset=\"https:\/\/papirol.si\/wp-content\/uploads\/2020\/05\/vre\u010dka-bela-papirol-672x1024.png 672w, https:\/\/papirol.si\/wp-content\/uploads\/2020\/05\/vre\u010dka-bela-papirol-197x300.png 197w, https:\/\/papirol.si\/wp-content\/uploads\/2020\/05\/vre\u010dka-bela-papirol-768x1171.png 768w, https:\/\/papirol.si\/wp-content\/uploads\/2020\/05\/vre\u010dka-bela-papirol-1007x1536.png 1007w, https:\/\/papirol.si\/wp-content\/uploads\/2020\/05\/vre\u010dka-bela-papirol-1343x2048.png 1343w, https:\/\/papirol.si\/wp-content\/uploads\/2020\/05\/vre\u010dka-bela-papirol-285x435.png 285w, https:\/\/papirol.si\/wp-content\/uploads\/2020\/05\/vre\u010dka-bela-papirol-1600x2440.png 1600w, https:\/\/papirol.si\/wp-content\/uploads\/2020\/05\/vre\u010dka-bela-papirol-433x660.png 433w, https:\/\/papirol.si\/wp-content\/uploads\/2020\/05\/vre\u010dka-bela-papirol-98x150.png 98w\" sizes=\"(max-width: 672px) 100vw, 672px\" \/>\t\t\t\t\t\t\t\t\t\t\t\t\t\t\t<\/div>\n\t\t\t\t\t<\/div>\n\t\t<\/div>\n\t\t\t\t<div class=\"elementor-column elementor-col-50 elementor-top-column elementor-element elementor-element-d497803\" data-id=\"d497803\" data-element_type=\"column\" data-e-type=\"column\">\n\t\t\t<div class=\"elementor-widget-wrap elementor-element-populated\">\n\t\t\t\t\t\t<div class=\"elementor-element elementor-element-35aa7cad elementor-widget elementor-widget-text-editor\" data-id=\"35aa7cad\" data-element_type=\"widget\" data-e-type=\"widget\" data-widget_type=\"text-editor.default\">\n\t\t\t\t\t\t\t\t\t<p><span style=\"font-weight: 400;\">Modern trends are increasing the use of paper bags in catering and hotel-industry.<\/span><\/p>\n<p><span style=\"font-weight: 400;\">Lifestyle of modern society is very pro-takeaway. <\/span><\/p>\n<p><span style=\"font-weight: 400;\">The wide-bottom carrier bag allows for flat lying of products placed in the bag and is particularly suitable for takeaway products. Carrying paper bags of 26x17x25 cm, 32x17x27 cm and 32 \u00d7 21.50 \u00d7 27 cm are the most popular.<\/span><\/p>\n<p><span style=\"font-weight: 400;\">Let us also point out the hygiene (higi) paper bags for sanitary pads in the bathrooms of hotel rooms or in the restrooms of catering establishments; we follow product trends and have reduced the bag size! The bags come with pre-printed content in several languages.<\/span><\/p>\n<p><span style=\"font-weight: 400;\">New on the market are hotel paper bags useful for guests to whom the hotel offers cleaning or washing of laundry. The bags are custom-made, larger in size, with pre-printed content in multiple languages<\/span><\/p>\n<p><span style=\"font-weight: 400;\">The collection of hotel bags is rounded off with bags for disinfected cups that are usually found in hotel rooms, mini bars and bathrooms. The bags come with multilingual pre-printed content, the dimensions are custom fitted for cups.<\/span><\/p>\n<p><span style=\"font-weight: 400;\">Paper and bags can be printed in multiple colours and on both sides.<\/span><\/p>\n\t\t\t\t\t\t\t\t<\/div>\n\t\t\t\t<div class=\"elementor-element elementor-element-059580b elementor-widget elementor-widget-image\" data-id=\"059580b\" data-element_type=\"widget\" data-e-type=\"widget\" data-widget_type=\"image.default\">\n\t\t\t\t\t\t\t\t\t\t\t\t\t\t\t<img decoding=\"async\" width=\"940\" height=\"592\" src=\"https:\/\/papirol.si\/wp-content\/uploads\/2020\/05\/vre\u010dke-za-pribor-kava_Fotor-scaled-e1588925191679-1024x645.jpg\" class=\"attachment-large size-large wp-image-2999\" alt=\"\" srcset=\"https:\/\/papirol.si\/wp-content\/uploads\/2020\/05\/vre\u010dke-za-pribor-kava_Fotor-scaled-e1588925191679-1024x645.jpg 1024w, https:\/\/papirol.si\/wp-content\/uploads\/2020\/05\/vre\u010dke-za-pribor-kava_Fotor-scaled-e1588925191679-300x189.jpg 300w, https:\/\/papirol.si\/wp-content\/uploads\/2020\/05\/vre\u010dke-za-pribor-kava_Fotor-scaled-e1588925191679-768x484.jpg 768w, https:\/\/papirol.si\/wp-content\/uploads\/2020\/05\/vre\u010dke-za-pribor-kava_Fotor-scaled-e1588925191679-285x180.jpg 285w, https:\/\/papirol.si\/wp-content\/uploads\/2020\/05\/vre\u010dke-za-pribor-kava_Fotor-scaled-e1588925191679-660x416.jpg 660w, https:\/\/papirol.si\/wp-content\/uploads\/2020\/05\/vre\u010dke-za-pribor-kava_Fotor-scaled-e1588925191679-150x95.jpg 150w, https:\/\/papirol.si\/wp-content\/uploads\/2020\/05\/vre\u010dke-za-pribor-kava_Fotor-scaled-e1588925191679.jpg 1452w\" sizes=\"(max-width: 940px) 100vw, 940px\" \/>\t\t\t\t\t\t\t\t\t\t\t\t\t\t\t<\/div>\n\t\t\t\t<section class=\"elementor-section elementor-inner-section elementor-element elementor-element-6f227e0 elementor-section-boxed elementor-section-height-default elementor-section-height-default\" data-id=\"6f227e0\" data-element_type=\"section\" data-e-type=\"section\">\n\t\t\t\t\t\t<div class=\"elementor-container elementor-column-gap-default\">\n\t\t\t\t\t<div class=\"elementor-column elementor-col-50 elementor-inner-column elementor-element elementor-element-24532b4\" data-id=\"24532b4\" data-element_type=\"column\" data-e-type=\"column\">\n\t\t\t<div class=\"elementor-widget-wrap elementor-element-populated\">\n\t\t\t\t\t\t<div class=\"elementor-element elementor-element-4e13cf3 elementor-widget elementor-widget-image\" data-id=\"4e13cf3\" data-element_type=\"widget\" data-e-type=\"widget\" data-widget_type=\"image.default\">\n\t\t\t\t\t\t\t\t\t\t\t\t\t\t\t<img loading=\"lazy\" decoding=\"async\" width=\"683\" height=\"1024\" src=\"https:\/\/papirol.si\/wp-content\/uploads\/2020\/03\/hotelske-vre\u010dke-kozarec2_Fotor-683x1024.jpg\" class=\"attachment-large size-large wp-image-2781\" alt=\"\" srcset=\"https:\/\/papirol.si\/wp-content\/uploads\/2020\/03\/hotelske-vre\u010dke-kozarec2_Fotor-683x1024.jpg 683w, https:\/\/papirol.si\/wp-content\/uploads\/2020\/03\/hotelske-vre\u010dke-kozarec2_Fotor-200x300.jpg 200w, https:\/\/papirol.si\/wp-content\/uploads\/2020\/03\/hotelske-vre\u010dke-kozarec2_Fotor-768x1152.jpg 768w, https:\/\/papirol.si\/wp-content\/uploads\/2020\/03\/hotelske-vre\u010dke-kozarec2_Fotor-1024x1536.jpg 1024w, https:\/\/papirol.si\/wp-content\/uploads\/2020\/03\/hotelske-vre\u010dke-kozarec2_Fotor-1365x2048.jpg 1365w, https:\/\/papirol.si\/wp-content\/uploads\/2020\/03\/hotelske-vre\u010dke-kozarec2_Fotor-285x428.jpg 285w, https:\/\/papirol.si\/wp-content\/uploads\/2020\/03\/hotelske-vre\u010dke-kozarec2_Fotor-1600x2400.jpg 1600w, https:\/\/papirol.si\/wp-content\/uploads\/2020\/03\/hotelske-vre\u010dke-kozarec2_Fotor-440x660.jpg 440w, https:\/\/papirol.si\/wp-content\/uploads\/2020\/03\/hotelske-vre\u010dke-kozarec2_Fotor-100x150.jpg 100w, https:\/\/papirol.si\/wp-content\/uploads\/2020\/03\/hotelske-vre\u010dke-kozarec2_Fotor-scaled.jpg 1707w\" sizes=\"(max-width: 683px) 100vw, 683px\" \/>\t\t\t\t\t\t\t\t\t\t\t\t\t\t\t<\/div>\n\t\t\t\t\t<\/div>\n\t\t<\/div>\n\t\t\t\t<div class=\"elementor-column elementor-col-50 elementor-inner-column elementor-element elementor-element-e049e66\" data-id=\"e049e66\" data-element_type=\"column\" data-e-type=\"column\">\n\t\t\t<div class=\"elementor-widget-wrap elementor-element-populated\">\n\t\t\t\t\t\t<div class=\"elementor-element elementor-element-e2e2369 elementor-widget elementor-widget-image\" data-id=\"e2e2369\" data-element_type=\"widget\" data-e-type=\"widget\" data-widget_type=\"image.default\">\n\t\t\t\t\t\t\t\t\t\t\t\t\t\t\t<img loading=\"lazy\" decoding=\"async\" width=\"683\" height=\"1024\" src=\"https:\/\/papirol.si\/wp-content\/uploads\/2020\/03\/hotelske-vre\u010dke-kozarec_Fotor_Fotor1-683x1024.jpg\" class=\"attachment-large size-large wp-image-2778\" alt=\"\" srcset=\"https:\/\/papirol.si\/wp-content\/uploads\/2020\/03\/hotelske-vre\u010dke-kozarec_Fotor_Fotor1-683x1024.jpg 683w, https:\/\/papirol.si\/wp-content\/uploads\/2020\/03\/hotelske-vre\u010dke-kozarec_Fotor_Fotor1-200x300.jpg 200w, https:\/\/papirol.si\/wp-content\/uploads\/2020\/03\/hotelske-vre\u010dke-kozarec_Fotor_Fotor1-768x1152.jpg 768w, https:\/\/papirol.si\/wp-content\/uploads\/2020\/03\/hotelske-vre\u010dke-kozarec_Fotor_Fotor1-1024x1536.jpg 1024w, https:\/\/papirol.si\/wp-content\/uploads\/2020\/03\/hotelske-vre\u010dke-kozarec_Fotor_Fotor1-1365x2048.jpg 1365w, https:\/\/papirol.si\/wp-content\/uploads\/2020\/03\/hotelske-vre\u010dke-kozarec_Fotor_Fotor1-285x428.jpg 285w, https:\/\/papirol.si\/wp-content\/uploads\/2020\/03\/hotelske-vre\u010dke-kozarec_Fotor_Fotor1-1600x2400.jpg 1600w, https:\/\/papirol.si\/wp-content\/uploads\/2020\/03\/hotelske-vre\u010dke-kozarec_Fotor_Fotor1-440x660.jpg 440w, https:\/\/papirol.si\/wp-content\/uploads\/2020\/03\/hotelske-vre\u010dke-kozarec_Fotor_Fotor1-100x150.jpg 100w, https:\/\/papirol.si\/wp-content\/uploads\/2020\/03\/hotelske-vre\u010dke-kozarec_Fotor_Fotor1-scaled.jpg 1707w\" sizes=\"(max-width: 683px) 100vw, 683px\" \/>\t\t\t\t\t\t\t\t\t\t\t\t\t\t\t<\/div>\n\t\t\t\t\t<\/div>\n\t\t<\/div>\n\t\t\t\t\t<\/div>\n\t\t<\/section>\n\t\t\t\t<div class=\"elementor-element elementor-element-0269527 elementor-widget elementor-widget-image\" data-id=\"0269527\" data-element_type=\"widget\" data-e-type=\"widget\" data-widget_type=\"image.default\">\n\t\t\t\t\t\t\t\t\t\t\t\t\t\t\t<img loading=\"lazy\" decoding=\"async\" width=\"683\" height=\"1024\" src=\"https:\/\/papirol.si\/wp-content\/uploads\/2020\/03\/hotelska-vre\u010dka-za-perilo_Fotor-683x1024.jpg\" class=\"attachment-large size-large wp-image-2789\" alt=\"\" srcset=\"https:\/\/papirol.si\/wp-content\/uploads\/2020\/03\/hotelska-vre\u010dka-za-perilo_Fotor-683x1024.jpg 683w, https:\/\/papirol.si\/wp-content\/uploads\/2020\/03\/hotelska-vre\u010dka-za-perilo_Fotor-200x300.jpg 200w, https:\/\/papirol.si\/wp-content\/uploads\/2020\/03\/hotelska-vre\u010dka-za-perilo_Fotor-768x1152.jpg 768w, https:\/\/papirol.si\/wp-content\/uploads\/2020\/03\/hotelska-vre\u010dka-za-perilo_Fotor-1024x1536.jpg 1024w, https:\/\/papirol.si\/wp-content\/uploads\/2020\/03\/hotelska-vre\u010dka-za-perilo_Fotor-1365x2048.jpg 1365w, https:\/\/papirol.si\/wp-content\/uploads\/2020\/03\/hotelska-vre\u010dka-za-perilo_Fotor-285x428.jpg 285w, https:\/\/papirol.si\/wp-content\/uploads\/2020\/03\/hotelska-vre\u010dka-za-perilo_Fotor-1600x2400.jpg 1600w, https:\/\/papirol.si\/wp-content\/uploads\/2020\/03\/hotelska-vre\u010dka-za-perilo_Fotor-440x660.jpg 440w, https:\/\/papirol.si\/wp-content\/uploads\/2020\/03\/hotelska-vre\u010dka-za-perilo_Fotor-100x150.jpg 100w, https:\/\/papirol.si\/wp-content\/uploads\/2020\/03\/hotelska-vre\u010dka-za-perilo_Fotor-scaled.jpg 1707w\" sizes=\"(max-width: 683px) 100vw, 683px\" \/>\t\t\t\t\t\t\t\t\t\t\t\t\t\t\t<\/div>\n\t\t\t\t\t<\/div>\n\t\t<\/div>\n\t\t\t\t\t<\/div>\n\t\t<\/section>\n\t\t\t\t<section class=\"elementor-section elementor-top-section elementor-element elementor-element-5c4ba5bc elementor-section-boxed elementor-section-height-default elementor-section-height-default\" data-id=\"5c4ba5bc\" data-element_type=\"section\" data-e-type=\"section\" id=\"product-bio-tbl\" data-settings=\"{&quot;background_background&quot;:&quot;classic&quot;}\">\n\t\t\t\t\t\t<div class=\"elementor-container elementor-column-gap-default\">\n\t\t\t\t\t<div class=\"elementor-column elementor-col-100 elementor-top-column elementor-element elementor-element-44911d48\" data-id=\"44911d48\" data-element_type=\"column\" data-e-type=\"column\">\n\t\t\t<div class=\"elementor-widget-wrap elementor-element-populated\">\n\t\t\t\t\t\t<div class=\"elementor-element elementor-element-689a0713 elementor-widget elementor-widget-text-editor\" data-id=\"689a0713\" data-element_type=\"widget\" data-e-type=\"widget\" data-widget_type=\"text-editor.default\">\n\t\t\t\t\t\t\t\t\t<table><tbody><tr><td><div><b>PRODUCT NAME<\/b><\/div><\/td><td><b>DIMENSIONS<\/b><\/td><td><div><b>PACKAGING<\/b><\/div><\/td><\/tr><tr><td><div>White natura higi for sanitary pads M<\/div><\/td><td><div>12 + 5 x 24 cm<\/div><\/td><td><div>1000 pcs<\/div><\/td><\/tr><tr><td><div>White natura higi for sanitary pads V<\/div><\/td><td><div>12 + 5 x 29 cm<\/div><\/td><td><div>1000 pcs<\/div><\/td><\/tr><tr><td><div>White natura for disinfected cups<\/div><\/td><td><div>10 + 4 x 20 cm<\/div><\/td><td><div>1000 pcs<\/div><\/td><\/tr><tr><td><div>White natura for laundry<\/div><\/td><td><div>30 + 10 x 51 cm<\/div><\/td><td><div>500 pcs<\/div><\/td><\/tr><tr><td>Carrier bag natura NP<\/td><td>26 x 17 x 25 cm<\/td><td>250 pcs<\/td><\/tr><tr><td>Carrier bag natura NP<\/td><td>32 x 17 x 27 cm<\/td><td>250 pcs<\/td><\/tr><tr><td>Carrier bag natura NP<\/td><td>32 x 21,5 x 27 cm<\/td><td>250 pcs<\/td><\/tr><tr><td>Carrier bag white natura BP<\/td><td>26 x 17 x 25 cm<\/td><td>250 pcs<\/td><\/tr><tr><td>Carrier bag white natura BP<\/td><td>32 x 17 x 27 cm<\/td><td>250 pcs<\/td><\/tr><tr><td>Carrier bag white natura BP<\/td><td>32 x 21,5 x 27 cm<\/td><td>250 pcs<\/td><\/tr><tr><td>Carrier bag white natura BP<\/td><td>8,5 x 24 cm<\/td><td>1000 pcs<\/td><\/tr><tr><td>Natura for catering<\/td><td>8,5 x 24 cm<\/td><td>1000 com<\/td><\/tr><\/tbody><\/table>\t\t\t\t\t\t\t\t<\/div>\n\t\t\t\t\t<\/div>\n\t\t<\/div>\n\t\t\t\t\t<\/div>\n\t\t<\/section>\n\t\t\t\t<section class=\"elementor-section elementor-top-section elementor-element elementor-element-3e7550ec elementor-section-boxed elementor-section-height-default elementor-section-height-default\" data-id=\"3e7550ec\" data-element_type=\"section\" data-e-type=\"section\" id=\"povp-sect\" data-settings=\"{&quot;background_background&quot;:&quot;classic&quot;}\">\n\t\t\t\t\t\t\t<div class=\"elementor-background-overlay\"><\/div>\n\t\t\t\t\t\t\t<div class=\"elementor-container elementor-column-gap-default\">\n\t\t\t\t\t<div class=\"elementor-column elementor-col-100 elementor-top-column elementor-element elementor-element-27eb2f6e\" data-id=\"27eb2f6e\" data-element_type=\"column\" data-e-type=\"column\">\n\t\t\t<div class=\"elementor-widget-wrap elementor-element-populated\">\n\t\t\t\t\t\t<div class=\"elementor-element elementor-element-44d6e39e elementor-widget elementor-widget-heading\" data-id=\"44d6e39e\" data-element_type=\"widget\" data-e-type=\"widget\" data-widget_type=\"heading.default\">\n\t\t\t\t\t<h2 class=\"elementor-heading-title elementor-size-default elementor-heading-title elementor-align-after-center\"><span style=\"font-weight:normal\"><span><\/span><\/span>Start using friendly packaging!<\/h2>\t\t\t\t<\/div>\n\t\t\t\t<div class=\"elementor-element elementor-element-2317b07c elementor-widget elementor-widget-sm-default-button\" data-id=\"2317b07c\" data-element_type=\"widget\" data-e-type=\"widget\" data-widget_type=\"sm-default-button.default\">\n\t\t\t\t<div class=\"elementor-widget-container\">\n\t\t\t\t\t\n\t\t\t\t<a   href=\"https:\/\/papirol.si\/en\/demand\/flat-paper-bags\/\" class=\"btn\">Send inquiry<i class=\"ti ti-arrow-right\"><\/i><\/a>\n\t\t\n\t\t\t\t\t<\/div>\n\t\t\t\t<\/div>\n\t\t\t\t\t<\/div>\n\t\t<\/div>\n\t\t\t\t\t<\/div>\n\t\t<\/section>\n\t\t\t\t<\/div>","protected":false},"excerpt":{"rendered":"<p>Modern trends are increasing the use of paper bags in catering and hotel-industry. Lifestyle of modern society is&#8230;<\/p>","protected":false},"author":5,"featured_media":0,"parent":0,"menu_order":0,"comment_status":"closed","ping_status":"closed","template":"elementor_header_footer","meta":{"footnotes":""},"class_list":["post-3133","page","type-page","status-publish","hentry"],"yoast_head":"<!-- This site is optimized with the Yoast SEO plugin v27.3 - https:\/\/yoast.com\/product\/yoast-seo-wordpress\/ -->\n<title>Catering and hotel-industry paper bags | Papirol<\/title>\n<meta name=\"robots\" content=\"index, follow, max-snippet:-1, max-image-preview:large, max-video-preview:-1\" \/>\n<link rel=\"canonical\" href=\"https:\/\/papirol.si\/en\/catering-and-hotel-industry-paper-bags\/\" \/>\n<meta property=\"og:locale\" content=\"en_GB\" \/>\n<meta property=\"og:type\" content=\"article\" \/>\n<meta property=\"og:title\" content=\"Catering and hotel-industry paper bags | Papirol\" \/>\n<meta property=\"og:description\" content=\"Modern trends are increasing the use of paper bags in catering and hotel-industry. Lifestyle of modern society is...\" \/>\n<meta property=\"og:url\" content=\"https:\/\/papirol.si\/en\/catering-and-hotel-industry-paper-bags\/\" \/>\n<meta property=\"og:site_name\" content=\"Papirol\" \/>\n<meta property=\"article:modified_time\" content=\"2026-03-26T12:49:28+00:00\" \/>\n<meta name=\"twitter:card\" content=\"summary_large_image\" \/>\n<meta name=\"twitter:label1\" content=\"Estimated reading time\" \/>\n\t<meta name=\"twitter:data1\" content=\"1 minute\" \/>\n<script type=\"application\/ld+json\" class=\"yoast-schema-graph\">{\"@context\":\"https:\\\/\\\/schema.org\",\"@graph\":[{\"@type\":\"WebPage\",\"@id\":\"https:\\\/\\\/papirol.si\\\/en\\\/catering-and-hotel-industry-paper-bags\\\/\",\"url\":\"https:\\\/\\\/papirol.si\\\/en\\\/catering-and-hotel-industry-paper-bags\\\/\",\"name\":\"Catering and hotel-industry paper bags | Papirol\",\"isPartOf\":{\"@id\":\"https:\\\/\\\/papirol.si\\\/#website\"},\"datePublished\":\"2020-06-11T09:24:50+00:00\",\"dateModified\":\"2026-03-26T12:49:28+00:00\",\"breadcrumb\":{\"@id\":\"https:\\\/\\\/papirol.si\\\/en\\\/catering-and-hotel-industry-paper-bags\\\/#breadcrumb\"},\"inLanguage\":\"en-GB\",\"potentialAction\":[{\"@type\":\"ReadAction\",\"target\":[\"https:\\\/\\\/papirol.si\\\/en\\\/catering-and-hotel-industry-paper-bags\\\/\"]}]},{\"@type\":\"BreadcrumbList\",\"@id\":\"https:\\\/\\\/papirol.si\\\/en\\\/catering-and-hotel-industry-paper-bags\\\/#breadcrumb\",\"itemListElement\":[{\"@type\":\"ListItem\",\"position\":1,\"name\":\"Home\",\"item\":\"https:\\\/\\\/papirol.si\\\/\"},{\"@type\":\"ListItem\",\"position\":2,\"name\":\"Catering and hotel-industry paper bags\"}]},{\"@type\":\"WebSite\",\"@id\":\"https:\\\/\\\/papirol.si\\\/#website\",\"url\":\"https:\\\/\\\/papirol.si\\\/\",\"name\":\"Papirol\",\"description\":\"Obla\u010dimo va\u0161e izdelke \u017ee 36 let!\",\"publisher\":{\"@id\":\"https:\\\/\\\/papirol.si\\\/#organization\"},\"potentialAction\":[{\"@type\":\"SearchAction\",\"target\":{\"@type\":\"EntryPoint\",\"urlTemplate\":\"https:\\\/\\\/papirol.si\\\/?s={search_term_string}\"},\"query-input\":{\"@type\":\"PropertyValueSpecification\",\"valueRequired\":true,\"valueName\":\"search_term_string\"}}],\"inLanguage\":\"en-GB\"},{\"@type\":\"Organization\",\"@id\":\"https:\\\/\\\/papirol.si\\\/#organization\",\"name\":\"Papirol\",\"url\":\"https:\\\/\\\/papirol.si\\\/\",\"logo\":{\"@type\":\"ImageObject\",\"inLanguage\":\"en-GB\",\"@id\":\"https:\\\/\\\/papirol.si\\\/#\\\/schema\\\/logo\\\/image\\\/\",\"url\":\"https:\\\/\\\/papirol.si\\\/wp-content\\\/uploads\\\/2019\\\/12\\\/papirol-bela.png\",\"contentUrl\":\"https:\\\/\\\/papirol.si\\\/wp-content\\\/uploads\\\/2019\\\/12\\\/papirol-bela.png\",\"width\":400,\"height\":80,\"caption\":\"Papirol\"},\"image\":{\"@id\":\"https:\\\/\\\/papirol.si\\\/#\\\/schema\\\/logo\\\/image\\\/\"}}]}<\/script>\n<!-- \/ Yoast SEO plugin. -->","yoast_head_json":{"title":"Catering and hotel-industry paper bags | Papirol","robots":{"index":"index","follow":"follow","max-snippet":"max-snippet:-1","max-image-preview":"max-image-preview:large","max-video-preview":"max-video-preview:-1"},"canonical":"https:\/\/papirol.si\/en\/catering-and-hotel-industry-paper-bags\/","og_locale":"en_GB","og_type":"article","og_title":"Catering and hotel-industry paper bags | Papirol","og_description":"Modern trends are increasing the use of paper bags in catering and hotel-industry. Lifestyle of modern society is...","og_url":"https:\/\/papirol.si\/en\/catering-and-hotel-industry-paper-bags\/","og_site_name":"Papirol","article_modified_time":"2026-03-26T12:49:28+00:00","twitter_card":"summary_large_image","twitter_misc":{"Estimated reading time":"1 minute"},"schema":{"@context":"https:\/\/schema.org","@graph":[{"@type":"WebPage","@id":"https:\/\/papirol.si\/en\/catering-and-hotel-industry-paper-bags\/","url":"https:\/\/papirol.si\/en\/catering-and-hotel-industry-paper-bags\/","name":"Catering and hotel-industry paper bags | Papirol","isPartOf":{"@id":"https:\/\/papirol.si\/#website"},"datePublished":"2020-06-11T09:24:50+00:00","dateModified":"2026-03-26T12:49:28+00:00","breadcrumb":{"@id":"https:\/\/papirol.si\/en\/catering-and-hotel-industry-paper-bags\/#breadcrumb"},"inLanguage":"en-GB","potentialAction":[{"@type":"ReadAction","target":["https:\/\/papirol.si\/en\/catering-and-hotel-industry-paper-bags\/"]}]},{"@type":"BreadcrumbList","@id":"https:\/\/papirol.si\/en\/catering-and-hotel-industry-paper-bags\/#breadcrumb","itemListElement":[{"@type":"ListItem","position":1,"name":"Home","item":"https:\/\/papirol.si\/"},{"@type":"ListItem","position":2,"name":"Catering and hotel-industry paper bags"}]},{"@type":"WebSite","@id":"https:\/\/papirol.si\/#website","url":"https:\/\/papirol.si\/","name":"Papirol","description":"We've been dressing your products for 36 years!","publisher":{"@id":"https:\/\/papirol.si\/#organization"},"potentialAction":[{"@type":"SearchAction","target":{"@type":"EntryPoint","urlTemplate":"https:\/\/papirol.si\/?s={search_term_string}"},"query-input":{"@type":"PropertyValueSpecification","valueRequired":true,"valueName":"search_term_string"}}],"inLanguage":"en-GB"},{"@type":"Organization","@id":"https:\/\/papirol.si\/#organization","name":"Papirol","url":"https:\/\/papirol.si\/","logo":{"@type":"ImageObject","inLanguage":"en-GB","@id":"https:\/\/papirol.si\/#\/schema\/logo\/image\/","url":"https:\/\/papirol.si\/wp-content\/uploads\/2019\/12\/papirol-bela.png","contentUrl":"https:\/\/papirol.si\/wp-content\/uploads\/2019\/12\/papirol-bela.png","width":400,"height":80,"caption":"Papirol"},"image":{"@id":"https:\/\/papirol.si\/#\/schema\/logo\/image\/"}}]}},"_links":{"self":[{"href":"https:\/\/papirol.si\/en\/wp-json\/wp\/v2\/pages\/3133","targetHints":{"allow":["GET"]}}],"collection":[{"href":"https:\/\/papirol.si\/en\/wp-json\/wp\/v2\/pages"}],"about":[{"href":"https:\/\/papirol.si\/en\/wp-json\/wp\/v2\/types\/page"}],"author":[{"embeddable":true,"href":"https:\/\/papirol.si\/en\/wp-json\/wp\/v2\/users\/5"}],"replies":[{"embeddable":true,"href":"https:\/\/papirol.si\/en\/wp-json\/wp\/v2\/comments?post=3133"}],"version-history":[{"count":9,"href":"https:\/\/papirol.si\/en\/wp-json\/wp\/v2\/pages\/3133\/revisions"}],"predecessor-version":[{"id":4777,"href":"https:\/\/papirol.si\/en\/wp-json\/wp\/v2\/pages\/3133\/revisions\/4777"}],"wp:attachment":[{"href":"https:\/\/papirol.si\/en\/wp-json\/wp\/v2\/media?parent=3133"}],"curies":[{"name":"wp","href":"https:\/\/api.w.org\/{rel}","templated":true}]}}