{"id":3205,"date":"2020-06-15T10:53:51","date_gmt":"2020-06-15T08:53:51","guid":{"rendered":"https:\/\/papirol.si\/tragetaschen-weiss-natura-mit-gedrehtem-henkel\/"},"modified":"2020-06-15T10:53:55","modified_gmt":"2020-06-15T08:53:55","slug":"tragetaschen-weiss-natura-mit-gedrehtem-henkel","status":"publish","type":"page","link":"https:\/\/papirol.si\/en\/produktsortiment\/papier-tragetaschen\/tragetaschen-weiss-natura-mit-gedrehtem-henkel\/","title":{"rendered":"Tragetaschen wei\u00df natura mit gedrehtem Henkel"},"content":{"rendered":"<div data-elementor-type=\"wp-page\" data-elementor-id=\"3205\" class=\"elementor elementor-3205\" data-elementor-post-type=\"page\">\n\t\t\t\t\t\t<section class=\"elementor-section elementor-top-section elementor-element elementor-element-6a7869f5 elementor-section-content-middle elementor-section-boxed elementor-section-height-default elementor-section-height-default\" data-id=\"6a7869f5\" data-element_type=\"section\" data-e-type=\"section\" id=\"produkt-bio\" data-settings=\"{&quot;background_background&quot;:&quot;classic&quot;}\">\n\t\t\t\t\t\t<div class=\"elementor-container elementor-column-gap-default\">\n\t\t\t\t\t<div class=\"elementor-column elementor-col-50 elementor-top-column elementor-element elementor-element-2b446194\" data-id=\"2b446194\" data-element_type=\"column\" data-e-type=\"column\">\n\t\t\t<div class=\"elementor-widget-wrap elementor-element-populated\">\n\t\t\t\t\t\t<div class=\"elementor-element elementor-element-059580b elementor-widget elementor-widget-image\" data-id=\"059580b\" data-element_type=\"widget\" data-e-type=\"widget\" data-widget_type=\"image.default\">\n\t\t\t\t\t\t\t\t\t\t\t\t\t\t\t<img fetchpriority=\"high\" decoding=\"async\" width=\"212\" height=\"252\" src=\"https:\/\/papirol.si\/wp-content\/uploads\/2019\/12\/nosilne_bele_vse_kot.png\" class=\"attachment-large size-large wp-image-1937\" alt=\"\" srcset=\"https:\/\/papirol.si\/wp-content\/uploads\/2019\/12\/nosilne_bele_vse_kot.png 212w, https:\/\/papirol.si\/wp-content\/uploads\/2019\/12\/nosilne_bele_vse_kot-126x150.png 126w\" sizes=\"(max-width: 212px) 100vw, 212px\" \/>\t\t\t\t\t\t\t\t\t\t\t\t\t\t\t<\/div>\n\t\t\t\t\t<\/div>\n\t\t<\/div>\n\t\t\t\t<div class=\"elementor-column elementor-col-50 elementor-top-column elementor-element elementor-element-59edcc07\" data-id=\"59edcc07\" data-element_type=\"column\" data-e-type=\"column\">\n\t\t\t<div class=\"elementor-widget-wrap elementor-element-populated\">\n\t\t\t\t\t\t<div class=\"elementor-element elementor-element-48444f49 elementor-widget elementor-widget-text-editor\" data-id=\"48444f49\" data-element_type=\"widget\" data-e-type=\"widget\" data-widget_type=\"text-editor.default\">\n\t\t\t\t\t\t\t\t\t<p><span style=\"font-weight: 400;\">Papier Tragetaschen wei\u00df natura sind aus glattem wei\u00dfem Papier mit einem sch\u00f6nen, \u00e4sthetisch geformten, gedrehten Schnur Henkel in wei\u00df.<\/span><\/p>\n<p><span style=\"font-weight: 400;\">We adjust the paper size to the dimension, so that each paper has a good tragf\u00e4higkeit in line with its size.<\/span><\/p>\n<p><span style=\"font-weight: 400;\">Sie sind eine gro\u00dfartige Alternative zu Plastikt\u00fcten; mit ihrem Aussehen, Benutzerfreundlichkeit, Funktionalit\u00e4t und erschwinglichen Preis.<\/span><\/p>\n<p><span style=\"font-weight: 400;\">Sie sind in der Regel n\u00fctzlich (auch f\u00fcr Pr\u00e4sentationen auf Messen und Lieferung von Gesch\u00e4ftsgeschenken);<\/span><\/p>\n<p><span style=\"font-weight: 400;\">Diese Tragetaschen ohne Aufdruck sind immer auf Lager und auch in kleinen Mengen sofort lieferbar.<\/span><\/p>\n\t\t\t\t\t\t\t\t<\/div>\n\t\t\t\t<div class=\"elementor-element elementor-element-480e3ae elementor-widget elementor-widget-text-editor\" data-id=\"480e3ae\" data-element_type=\"widget\" data-e-type=\"widget\" id=\"tisk-box\" data-widget_type=\"text-editor.default\">\n\t\t\t\t\t\t\t\t\t<h2>Drucken<\/h2>\n<p>Papiert\u00fcten k\u00f6nnen in h\u00f6chster Qualit\u00e4t ein- oder mehrfarbig bedruckt werden.<br \/>Die M\u00f6glichkeit, gleichzeitig mit der Herstellung des Beutels zu bedrucken, was einen Druck \u00fcber die gesamte Oberfl\u00e4che des Beutels erm\u00f6glicht, optional auch im Inneren des Beutels.<br \/>Die M\u00f6glichkeit des Drucks auf vorgefertigte Beutel, was den Druck kleinerer Mengen erm\u00f6glicht<br \/>\n<strong>Drucktechniken<\/strong><\/p>\n<ul>\n<li>mehrfarbiger Flexodruck von der Linie auf alle Papiert\u00fcten<\/li>\n<li>mehrfarbiger Siebdruck auf alle vorgefertigten Papiert\u00fcten<\/li>\n<\/ul>\n<p><strong>Druck:<\/strong><\/p>\n<ul>\n<li>unendlich oder positioniert, Mehrfarbendruck, ein- oder beidseitig<\/li>\n<li>unendlich oder positioniert, Mehrfarbendruck, ein- oder beidseitig<\/li>\n<\/ul>\n\t\t\t\t\t\t\t\t<\/div>\n\t\t\t\t\t<\/div>\n\t\t<\/div>\n\t\t\t\t\t<\/div>\n\t\t<\/section>\n\t\t\t\t<section class=\"elementor-section elementor-top-section elementor-element elementor-element-f11247f elementor-section-boxed elementor-section-height-default elementor-section-height-default\" data-id=\"f11247f\" data-element_type=\"section\" data-e-type=\"section\" id=\"product-bio-tbl\" data-settings=\"{&quot;background_background&quot;:&quot;classic&quot;}\">\n\t\t\t\t\t\t<div class=\"elementor-container elementor-column-gap-default\">\n\t\t\t\t\t<div class=\"elementor-column elementor-col-100 elementor-top-column elementor-element elementor-element-21ce687\" data-id=\"21ce687\" data-element_type=\"column\" data-e-type=\"column\">\n\t\t\t<div class=\"elementor-widget-wrap elementor-element-populated\">\n\t\t\t\t\t\t<div class=\"elementor-element elementor-element-1b549f9 elementor-widget elementor-widget-text-editor\" data-id=\"1b549f9\" data-element_type=\"widget\" data-e-type=\"widget\" data-widget_type=\"text-editor.default\">\n\t\t\t\t\t\t\t\t\t<table data-minrequestedwidth=\"364.6386413574219\" data-computedwidth=\"364.6386413574219\">\n<tbody>\n<tr>\n<td class=\"imVc\">\n<div class=\"imTACenter\"><b class=\"fs11lh1-5 ff1\">PRODUCTNAME<\/b><\/div>\n<\/td>\n<td class=\"imVc\">\n<div class=\"imTACenter\"><span class=\"fs11lh1-5 ff1\"><b>STANDARDABMESSUNG<\/b><\/span><\/div>\n<\/td>\n<td class=\"imVc\">\n<div class=\"imTACenter\"><span class=\"fs11lh1-5 ff1\"><b>VERPACKUN<\/b><b>G<\/b><\/span><\/div>\n<\/td>\n<\/tr>\n<tr>\n<td class=\"imVc\">\n<div class=\"imTACenter\"><span class=\"fs11lh1-5 ff1\">Tragetasche wei\u00df natur BZ<\/span><\/div>\n<\/td>\n<td class=\"imVc\">\n<div class=\"imTACenter\"><span class=\"fs11lh1-5 ff1\">14 x 8 x 21 cm<\/span><\/div>\n<\/td>\n<td class=\"imVc\">\n<div class=\"imTACenter\"><span class=\"fs11lh1-5 ff1\">400 Stk.<\/span><\/div>\n<\/td>\n<\/tr>\n<tr>\n<td class=\"imVc\">\n<div class=\"imTACenter\"><span class=\"fs11lh1-5 ff1\">Tragetasche wei\u00df natur BZ<\/span><\/div>\n<\/td>\n<td class=\"imVc\">\n<div class=\"imTACenter\"><span class=\"fs11lh1-5 ff1\">18 x 8 x 22 cm<\/span><\/div>\n<\/td>\n<td class=\"imVc\">\n<div class=\"imTACenter\"><span class=\"fs11lh1-5 ff1\">300 Stk.<\/span><\/div>\n<\/td>\n<\/tr>\n<tr>\n<td class=\"imVc\">\n<div class=\"imTACenter\"><span class=\"fs11lh1-5 ff1\">Tragetasche wei\u00df natur BZ<\/span><\/div>\n<\/td>\n<td class=\"imVc\">\n<div class=\"imTACenter\"><span class=\"fs11lh1-5 ff1\">22 x 10 x 31 cm<\/span><\/div>\n<\/td>\n<td class=\"imVc\">\n<div class=\"imTACenter\"><span class=\"fs11lh1-5 ff1\">250 Stk.<\/span><\/div>\n<\/td>\n<\/tr>\n<tr>\n<td class=\"imVc\">\n<div class=\"imTACenter\"><span class=\"fs11lh1-5 ff1\">Tragetasche wei\u00df natur BZ<\/span><\/div>\n<\/td>\n<td class=\"imVc\">\n<div class=\"imTACenter\"><span class=\"fs11lh1-5 ff1\">26 x 12 x 35 cm<\/span><\/div>\n<\/td>\n<td class=\"imVc\">\n<div class=\"imTACenter\"><span class=\"fs11lh1-5 ff1\">250 Stk.<\/span><\/div>\n<\/td>\n<\/tr>\n<tr>\n<td class=\"imVc\">\n<div class=\"imTACenter\"><span class=\"fs11lh1-5 ff1\">Tragetasche wei\u00df natur BZ<\/span><\/div>\n<\/td>\n<td class=\"imVc\">\n<div class=\"imTACenter\"><span class=\"fs11lh1-5 ff1\">32 x 12 x 41 cm<\/span><\/div>\n<\/td>\n<td class=\"imVc\">\n<div class=\"imTACenter\"><span class=\"fs11lh1-5 ff1\">200 Stk<\/span><\/div>\n<\/td>\n<\/tr>\n<tr>\n<td class=\"imVc\">\n<div class=\"imTACenter\"><span class=\"fs11lh1-5 ff1\">Tragetasche wei\u00df natur BZ<\/span><\/div>\n<\/td>\n<td class=\"imVc\">\n<div class=\"imTACenter\"><span class=\"fs11lh1-5 ff1\">45 x 17 x 48 cm<\/span><\/div>\n<\/td>\n<td class=\"imVc\">\n<div class=\"imTACenter\"><span class=\"fs11lh1-5 ff1\">150 Stk.<\/span><\/div>\n<\/td>\n<\/tr>\n<tr>\n<td>Tragetasche wei\u00df natur BZ<\/td>\n<td>14 x 8 x 39 cm<\/td>\n<td>300 Stk.<\/td>\n<\/tr>\n<\/tbody>\n<\/table>\n\t\t\t\t\t\t\t\t<\/div>\n\t\t\t\t\t<\/div>\n\t\t<\/div>\n\t\t\t\t\t<\/div>\n\t\t<\/section>\n\t\t\t\t<section class=\"elementor-section elementor-top-section elementor-element elementor-element-77ed303b elementor-section-boxed elementor-section-height-default elementor-section-height-default\" data-id=\"77ed303b\" data-element_type=\"section\" data-e-type=\"section\" id=\"povp-sect\" data-settings=\"{&quot;background_background&quot;:&quot;classic&quot;}\">\n\t\t\t\t\t\t\t<div class=\"elementor-background-overlay\"><\/div>\n\t\t\t\t\t\t\t<div class=\"elementor-container elementor-column-gap-default\">\n\t\t\t\t\t<div class=\"elementor-column elementor-col-100 elementor-top-column elementor-element elementor-element-498209b\" data-id=\"498209b\" data-element_type=\"column\" data-e-type=\"column\">\n\t\t\t<div class=\"elementor-widget-wrap elementor-element-populated\">\n\t\t\t\t\t\t<div class=\"elementor-element elementor-element-5e93bfea elementor-widget elementor-widget-heading\" data-id=\"5e93bfea\" data-element_type=\"widget\" data-e-type=\"widget\" data-widget_type=\"heading.default\">\n\t\t\t\t\t<h2 class=\"elementor-heading-title elementor-size-default elementor-heading-title elementor-align-after-center\"><span style=\"font-weight:normal\"><span><\/span><\/span>Begin with free packaging!<\/h2>\t\t\t\t<\/div>\n\t\t\t\t<div class=\"elementor-element elementor-element-3d244097 elementor-widget elementor-widget-sm-default-button\" data-id=\"3d244097\" data-element_type=\"widget\" data-e-type=\"widget\" data-widget_type=\"sm-default-button.default\">\n\t\t\t\t<div class=\"elementor-widget-container\">\n\t\t\t\t\t\n\t\t\t\t<a   href=\"https:\/\/papirol.si\/en\/povprasevanje\/nosilne-vrecke\/\" class=\"btn\">Send your enquiry<i class=\"ti ti-arrow-right\"><\/i><\/a>\n\t\t\n\t\t\t\t\t<\/div>\n\t\t\t\t<\/div>\n\t\t\t\t\t<\/div>\n\t\t<\/div>\n\t\t\t\t\t<\/div>\n\t\t<\/section>\n\t\t\t\t<\/div>","protected":false},"excerpt":{"rendered":"<p>Papier Tragetaschen wei\u00df natura sind aus glattem wei\u00dfem Papier mit einem sch\u00f6nen, \u00e4sthetisch geformten, gedrehten Schnur Henkel in&#8230;<\/p>","protected":false},"author":5,"featured_media":0,"parent":3215,"menu_order":0,"comment_status":"closed","ping_status":"closed","template":"elementor_header_footer","meta":{"footnotes":""},"class_list":["post-3205","page","type-page","status-publish","hentry"],"yoast_head":"<!-- This site is optimized with the Yoast SEO plugin v27.3 - https:\/\/yoast.com\/product\/yoast-seo-wordpress\/ -->\n<title>Tragetaschen wei\u00df natura mit gedrehtem Henkel | Papirol<\/title>\n<meta name=\"robots\" content=\"index, follow, max-snippet:-1, max-image-preview:large, max-video-preview:-1\" \/>\n<link rel=\"canonical\" href=\"https:\/\/papirol.si\/en\/product-range\/paper-tragetaschen\/tragetaschen-weiss-natura-mit-gedrehtem-henkel\/\" \/>\n<meta property=\"og:locale\" content=\"en_GB\" \/>\n<meta property=\"og:type\" content=\"article\" \/>\n<meta property=\"og:title\" content=\"Tragetaschen wei\u00df natura mit gedrehtem Henkel | Papirol\" \/>\n<meta property=\"og:description\" content=\"Papier Tragetaschen wei\u00df natura sind aus glattem wei\u00dfem Papier mit einem sch\u00f6nen, \u00e4sthetisch geformten, gedrehten Schnur Henkel in...\" \/>\n<meta property=\"og:url\" content=\"https:\/\/papirol.si\/en\/product-range\/paper-tragetaschen\/tragetaschen-weiss-natura-mit-gedrehtem-henkel\/\" \/>\n<meta property=\"og:site_name\" content=\"Papirol\" \/>\n<meta property=\"article:modified_time\" content=\"2020-06-15T08:53:55+00:00\" \/>\n<meta property=\"og:image\" content=\"https:\/\/papirol.si\/wp-content\/uploads\/2019\/12\/nosilne_bele_vse_kot.png\" \/>\n\t<meta property=\"og:image:width\" content=\"212\" \/>\n\t<meta property=\"og:image:height\" content=\"252\" \/>\n\t<meta property=\"og:image:type\" content=\"image\/png\" \/>\n<meta name=\"twitter:card\" content=\"summary_large_image\" \/>\n<meta name=\"twitter:label1\" content=\"Estimated reading time\" \/>\n\t<meta name=\"twitter:data1\" content=\"1 minute\" \/>\n<script type=\"application\/ld+json\" class=\"yoast-schema-graph\">{\"@context\":\"https:\\\/\\\/schema.org\",\"@graph\":[{\"@type\":\"WebPage\",\"@id\":\"https:\\\/\\\/papirol.si\\\/de\\\/produktsortiment\\\/papier-tragetaschen\\\/tragetaschen-weiss-natura-mit-gedrehtem-henkel\\\/\",\"url\":\"https:\\\/\\\/papirol.si\\\/de\\\/produktsortiment\\\/papier-tragetaschen\\\/tragetaschen-weiss-natura-mit-gedrehtem-henkel\\\/\",\"name\":\"Tragetaschen wei\u00df natura mit gedrehtem Henkel | Papirol\",\"isPartOf\":{\"@id\":\"https:\\\/\\\/papirol.si\\\/#website\"},\"primaryImageOfPage\":{\"@id\":\"https:\\\/\\\/papirol.si\\\/de\\\/produktsortiment\\\/papier-tragetaschen\\\/tragetaschen-weiss-natura-mit-gedrehtem-henkel\\\/#primaryimage\"},\"image\":{\"@id\":\"https:\\\/\\\/papirol.si\\\/de\\\/produktsortiment\\\/papier-tragetaschen\\\/tragetaschen-weiss-natura-mit-gedrehtem-henkel\\\/#primaryimage\"},\"thumbnailUrl\":\"https:\\\/\\\/papirol.si\\\/wp-content\\\/uploads\\\/2019\\\/12\\\/nosilne_bele_vse_kot.png\",\"datePublished\":\"2020-06-15T08:53:51+00:00\",\"dateModified\":\"2020-06-15T08:53:55+00:00\",\"breadcrumb\":{\"@id\":\"https:\\\/\\\/papirol.si\\\/de\\\/produktsortiment\\\/papier-tragetaschen\\\/tragetaschen-weiss-natura-mit-gedrehtem-henkel\\\/#breadcrumb\"},\"inLanguage\":\"en-GB\",\"potentialAction\":[{\"@type\":\"ReadAction\",\"target\":[\"https:\\\/\\\/papirol.si\\\/de\\\/produktsortiment\\\/papier-tragetaschen\\\/tragetaschen-weiss-natura-mit-gedrehtem-henkel\\\/\"]}]},{\"@type\":\"ImageObject\",\"inLanguage\":\"en-GB\",\"@id\":\"https:\\\/\\\/papirol.si\\\/de\\\/produktsortiment\\\/papier-tragetaschen\\\/tragetaschen-weiss-natura-mit-gedrehtem-henkel\\\/#primaryimage\",\"url\":\"https:\\\/\\\/papirol.si\\\/wp-content\\\/uploads\\\/2019\\\/12\\\/nosilne_bele_vse_kot.png\",\"contentUrl\":\"https:\\\/\\\/papirol.si\\\/wp-content\\\/uploads\\\/2019\\\/12\\\/nosilne_bele_vse_kot.png\"},{\"@type\":\"BreadcrumbList\",\"@id\":\"https:\\\/\\\/papirol.si\\\/de\\\/produktsortiment\\\/papier-tragetaschen\\\/tragetaschen-weiss-natura-mit-gedrehtem-henkel\\\/#breadcrumb\",\"itemListElement\":[{\"@type\":\"ListItem\",\"position\":1,\"name\":\"Home\",\"item\":\"https:\\\/\\\/papirol.si\\\/\"},{\"@type\":\"ListItem\",\"position\":2,\"name\":\"Produktsortiment\",\"item\":\"https:\\\/\\\/papirol.si\\\/de\\\/produktsortiment\\\/\"},{\"@type\":\"ListItem\",\"position\":3,\"name\":\"Papier Tragetaschen\",\"item\":\"https:\\\/\\\/papirol.si\\\/de\\\/produktsortiment\\\/papier-tragetaschen\\\/\"},{\"@type\":\"ListItem\",\"position\":4,\"name\":\"Tragetaschen wei\u00df natura mit gedrehtem Henkel\"}]},{\"@type\":\"WebSite\",\"@id\":\"https:\\\/\\\/papirol.si\\\/#website\",\"url\":\"https:\\\/\\\/papirol.si\\\/\",\"name\":\"Papirol\",\"description\":\"Obla\u010dimo va\u0161e izdelke \u017ee 36 let!\",\"publisher\":{\"@id\":\"https:\\\/\\\/papirol.si\\\/#organization\"},\"potentialAction\":[{\"@type\":\"SearchAction\",\"target\":{\"@type\":\"EntryPoint\",\"urlTemplate\":\"https:\\\/\\\/papirol.si\\\/?s={search_term_string}\"},\"query-input\":{\"@type\":\"PropertyValueSpecification\",\"valueRequired\":true,\"valueName\":\"search_term_string\"}}],\"inLanguage\":\"en-GB\"},{\"@type\":\"Organization\",\"@id\":\"https:\\\/\\\/papirol.si\\\/#organization\",\"name\":\"Papirol\",\"url\":\"https:\\\/\\\/papirol.si\\\/\",\"logo\":{\"@type\":\"ImageObject\",\"inLanguage\":\"en-GB\",\"@id\":\"https:\\\/\\\/papirol.si\\\/#\\\/schema\\\/logo\\\/image\\\/\",\"url\":\"https:\\\/\\\/papirol.si\\\/wp-content\\\/uploads\\\/2019\\\/12\\\/papirol-bela.png\",\"contentUrl\":\"https:\\\/\\\/papirol.si\\\/wp-content\\\/uploads\\\/2019\\\/12\\\/papirol-bela.png\",\"width\":400,\"height\":80,\"caption\":\"Papirol\"},\"image\":{\"@id\":\"https:\\\/\\\/papirol.si\\\/#\\\/schema\\\/logo\\\/image\\\/\"}}]}<\/script>\n<!-- \/ Yoast SEO plugin. -->","yoast_head_json":{"title":"Tragetaschen wei\u00df natura mit gedrehtem Henkel | Papirol","robots":{"index":"index","follow":"follow","max-snippet":"max-snippet:-1","max-image-preview":"max-image-preview:large","max-video-preview":"max-video-preview:-1"},"canonical":"https:\/\/papirol.si\/en\/product-range\/paper-tragetaschen\/tragetaschen-weiss-natura-mit-gedrehtem-henkel\/","og_locale":"en_GB","og_type":"article","og_title":"Tragetaschen wei\u00df natura mit gedrehtem Henkel | Papirol","og_description":"Papier Tragetaschen wei\u00df natura sind aus glattem wei\u00dfem Papier mit einem sch\u00f6nen, \u00e4sthetisch geformten, gedrehten Schnur Henkel in...","og_url":"https:\/\/papirol.si\/en\/product-range\/paper-tragetaschen\/tragetaschen-weiss-natura-mit-gedrehtem-henkel\/","og_site_name":"Papirol","article_modified_time":"2020-06-15T08:53:55+00:00","og_image":[{"width":212,"height":252,"url":"https:\/\/papirol.si\/wp-content\/uploads\/2019\/12\/nosilne_bele_vse_kot.png","type":"image\/png"}],"twitter_card":"summary_large_image","twitter_misc":{"Estimated reading time":"1 minute"},"schema":{"@context":"https:\/\/schema.org","@graph":[{"@type":"WebPage","@id":"https:\/\/papirol.si\/de\/produktsortiment\/papier-tragetaschen\/tragetaschen-weiss-natura-mit-gedrehtem-henkel\/","url":"https:\/\/papirol.si\/de\/produktsortiment\/papier-tragetaschen\/tragetaschen-weiss-natura-mit-gedrehtem-henkel\/","name":"Tragetaschen wei\u00df natura mit gedrehtem Henkel | Papirol","isPartOf":{"@id":"https:\/\/papirol.si\/#website"},"primaryImageOfPage":{"@id":"https:\/\/papirol.si\/de\/produktsortiment\/papier-tragetaschen\/tragetaschen-weiss-natura-mit-gedrehtem-henkel\/#primaryimage"},"image":{"@id":"https:\/\/papirol.si\/de\/produktsortiment\/papier-tragetaschen\/tragetaschen-weiss-natura-mit-gedrehtem-henkel\/#primaryimage"},"thumbnailUrl":"https:\/\/papirol.si\/wp-content\/uploads\/2019\/12\/nosilne_bele_vse_kot.png","datePublished":"2020-06-15T08:53:51+00:00","dateModified":"2020-06-15T08:53:55+00:00","breadcrumb":{"@id":"https:\/\/papirol.si\/de\/produktsortiment\/papier-tragetaschen\/tragetaschen-weiss-natura-mit-gedrehtem-henkel\/#breadcrumb"},"inLanguage":"en-GB","potentialAction":[{"@type":"ReadAction","target":["https:\/\/papirol.si\/de\/produktsortiment\/papier-tragetaschen\/tragetaschen-weiss-natura-mit-gedrehtem-henkel\/"]}]},{"@type":"ImageObject","inLanguage":"en-GB","@id":"https:\/\/papirol.si\/de\/produktsortiment\/papier-tragetaschen\/tragetaschen-weiss-natura-mit-gedrehtem-henkel\/#primaryimage","url":"https:\/\/papirol.si\/wp-content\/uploads\/2019\/12\/nosilne_bele_vse_kot.png","contentUrl":"https:\/\/papirol.si\/wp-content\/uploads\/2019\/12\/nosilne_bele_vse_kot.png"},{"@type":"BreadcrumbList","@id":"https:\/\/papirol.si\/de\/produktsortiment\/papier-tragetaschen\/tragetaschen-weiss-natura-mit-gedrehtem-henkel\/#breadcrumb","itemListElement":[{"@type":"ListItem","position":1,"name":"Home","item":"https:\/\/papirol.si\/"},{"@type":"ListItem","position":2,"name":"Produktsortiment","item":"https:\/\/papirol.si\/de\/produktsortiment\/"},{"@type":"ListItem","position":3,"name":"Papier Tragetaschen","item":"https:\/\/papirol.si\/de\/produktsortiment\/papier-tragetaschen\/"},{"@type":"ListItem","position":4,"name":"Tragetaschen wei\u00df natura mit gedrehtem Henkel"}]},{"@type":"WebSite","@id":"https:\/\/papirol.si\/#website","url":"https:\/\/papirol.si\/","name":"Papirol","description":"We've been dressing your products for 36 years!","publisher":{"@id":"https:\/\/papirol.si\/#organization"},"potentialAction":[{"@type":"SearchAction","target":{"@type":"EntryPoint","urlTemplate":"https:\/\/papirol.si\/?s={search_term_string}"},"query-input":{"@type":"PropertyValueSpecification","valueRequired":true,"valueName":"search_term_string"}}],"inLanguage":"en-GB"},{"@type":"Organization","@id":"https:\/\/papirol.si\/#organization","name":"Papirol","url":"https:\/\/papirol.si\/","logo":{"@type":"ImageObject","inLanguage":"en-GB","@id":"https:\/\/papirol.si\/#\/schema\/logo\/image\/","url":"https:\/\/papirol.si\/wp-content\/uploads\/2019\/12\/papirol-bela.png","contentUrl":"https:\/\/papirol.si\/wp-content\/uploads\/2019\/12\/papirol-bela.png","width":400,"height":80,"caption":"Papirol"},"image":{"@id":"https:\/\/papirol.si\/#\/schema\/logo\/image\/"}}]}},"_links":{"self":[{"href":"https:\/\/papirol.si\/en\/wp-json\/wp\/v2\/pages\/3205","targetHints":{"allow":["GET"]}}],"collection":[{"href":"https:\/\/papirol.si\/en\/wp-json\/wp\/v2\/pages"}],"about":[{"href":"https:\/\/papirol.si\/en\/wp-json\/wp\/v2\/types\/page"}],"author":[{"embeddable":true,"href":"https:\/\/papirol.si\/en\/wp-json\/wp\/v2\/users\/5"}],"replies":[{"embeddable":true,"href":"https:\/\/papirol.si\/en\/wp-json\/wp\/v2\/comments?post=3205"}],"version-history":[{"count":4,"href":"https:\/\/papirol.si\/en\/wp-json\/wp\/v2\/pages\/3205\/revisions"}],"predecessor-version":[{"id":3212,"href":"https:\/\/papirol.si\/en\/wp-json\/wp\/v2\/pages\/3205\/revisions\/3212"}],"up":[{"embeddable":true,"href":"https:\/\/papirol.si\/en\/wp-json\/wp\/v2\/pages\/3215"}],"wp:attachment":[{"href":"https:\/\/papirol.si\/en\/wp-json\/wp\/v2\/media?parent=3205"}],"curies":[{"name":"wp","href":"https:\/\/api.w.org\/{rel}","templated":true}]}}