{"id":3273,"date":"2020-06-15T15:54:43","date_gmt":"2020-06-15T13:54:43","guid":{"rendered":"https:\/\/papirol.si\/product-assortment\/wrapping-packaging-and-format-papers\/baking-paper\/"},"modified":"2020-06-15T15:54:45","modified_gmt":"2020-06-15T13:54:45","slug":"baking-paper","status":"publish","type":"page","link":"https:\/\/papirol.si\/en\/product-assortment\/wrapping-packaging-and-format-papers\/baking-paper\/","title":{"rendered":"Baking paper"},"content":{"rendered":"<div data-elementor-type=\"wp-page\" data-elementor-id=\"3273\" class=\"elementor elementor-3273\" data-elementor-post-type=\"page\">\n\t\t\t\t\t\t<section class=\"elementor-section elementor-top-section elementor-element elementor-element-85958ed elementor-section-content-middle elementor-section-boxed elementor-section-height-default elementor-section-height-default\" data-id=\"85958ed\" data-element_type=\"section\" data-e-type=\"section\" id=\"produkt-bio\" data-settings=\"{&quot;background_background&quot;:&quot;classic&quot;}\">\n\t\t\t\t\t\t<div class=\"elementor-container elementor-column-gap-default\">\n\t\t\t\t\t<div class=\"elementor-column elementor-col-50 elementor-top-column elementor-element elementor-element-5badbf05\" data-id=\"5badbf05\" data-element_type=\"column\" data-e-type=\"column\">\n\t\t\t<div class=\"elementor-widget-wrap elementor-element-populated\">\n\t\t\t\t\t\t<div class=\"elementor-element elementor-element-059580b elementor-widget elementor-widget-image\" data-id=\"059580b\" data-element_type=\"widget\" data-e-type=\"widget\" data-widget_type=\"image.default\">\n\t\t\t\t\t\t\t\t\t\t\t\t\t\t\t<img fetchpriority=\"high\" decoding=\"async\" width=\"327\" height=\"219\" src=\"https:\/\/papirol.si\/wp-content\/uploads\/2019\/12\/Bela-rola_9j4sxc1r.png\" class=\"attachment-large size-large wp-image-1969\" alt=\"\" srcset=\"https:\/\/papirol.si\/wp-content\/uploads\/2019\/12\/Bela-rola_9j4sxc1r.png 327w, https:\/\/papirol.si\/wp-content\/uploads\/2019\/12\/Bela-rola_9j4sxc1r-300x201.png 300w, https:\/\/papirol.si\/wp-content\/uploads\/2019\/12\/Bela-rola_9j4sxc1r-285x191.png 285w, https:\/\/papirol.si\/wp-content\/uploads\/2019\/12\/Bela-rola_9j4sxc1r-150x100.png 150w\" sizes=\"(max-width: 327px) 100vw, 327px\" \/>\t\t\t\t\t\t\t\t\t\t\t\t\t\t\t<\/div>\n\t\t\t\t\t<\/div>\n\t\t<\/div>\n\t\t\t\t<div class=\"elementor-column elementor-col-50 elementor-top-column elementor-element elementor-element-3a8b6793\" data-id=\"3a8b6793\" data-element_type=\"column\" data-e-type=\"column\">\n\t\t\t<div class=\"elementor-widget-wrap elementor-element-populated\">\n\t\t\t\t\t\t<div class=\"elementor-element elementor-element-428c370 elementor-widget elementor-widget-text-editor\" data-id=\"428c370\" data-element_type=\"widget\" data-e-type=\"widget\" data-widget_type=\"text-editor.default\">\n\t\t\t\t\t\t\t\t\t<p><span style=\"font-weight: 400;\">Baking paper is a single layer white paper, in silicone coated structure, optionally reusable.<\/span><\/p>\n<p><span style=\"font-weight: 400;\">It is mostly used in baked goods production as a basis for baking products on trays. <\/span><\/p>\n<p><span style=\"font-weight: 400;\">Formats are adapted to the standard dimensions of the trays, also available in rolls of different widths.<\/span><\/p>\n<p><span style=\"font-weight: 400;\">Paper is increasingly being used as an additional aesthetic value when wrapping bottles; it serves perfectly as an intermediate component in printing T-shirts and similar products.<\/span><\/p>\n\t\t\t\t\t\t\t\t<\/div>\n\t\t\t\t\t<\/div>\n\t\t<\/div>\n\t\t\t\t\t<\/div>\n\t\t<\/section>\n\t\t\t\t<section class=\"elementor-section elementor-top-section elementor-element elementor-element-f11247f elementor-section-boxed elementor-section-height-default elementor-section-height-default\" data-id=\"f11247f\" data-element_type=\"section\" data-e-type=\"section\" id=\"product-bio-tbl\" data-settings=\"{&quot;background_background&quot;:&quot;classic&quot;}\">\n\t\t\t\t\t\t<div class=\"elementor-container elementor-column-gap-default\">\n\t\t\t\t\t<div class=\"elementor-column elementor-col-100 elementor-top-column elementor-element elementor-element-21ce687\" data-id=\"21ce687\" data-element_type=\"column\" data-e-type=\"column\">\n\t\t\t<div class=\"elementor-widget-wrap elementor-element-populated\">\n\t\t\t\t\t\t<div class=\"elementor-element elementor-element-1b549f9 elementor-widget elementor-widget-text-editor\" data-id=\"1b549f9\" data-element_type=\"widget\" data-e-type=\"widget\" data-widget_type=\"text-editor.default\">\n\t\t\t\t\t\t\t\t\t<table data-minrequestedwidth=\"593.7478637695312\" data-computedwidth=\"593.7478637695312\">\n<tbody>\n<tr>\n<td class=\"imVc\"><b class=\"fs14lh1-5\">PRODUCT NAME<\/b><\/td>\n<td class=\"imVc\">\n<div class=\"imTACenter\"><span class=\"fs14lh1-5 ff1\"><b>STANDARD DIMENSION<\/b><\/span><\/div>\n<\/td>\n<td class=\"imVc\">\n<div class=\"imTACenter\"><b class=\"fs14lh1-5 ff1\">PACKAGING<\/b><\/div>\n<\/td>\n<\/tr>\n<tr>\n<td class=\"imVc\">\n<div class=\"imTACenter\"><span class=\"fs11lh1-5 ff2\">Baking paper, format M<\/span><\/div>\n<\/td>\n<td class=\"imVc\">\n<div class=\"imTACenter\"><span class=\"fs11lh1-5 ff2\">40 x 60 cm<\/span><\/div>\n<\/td>\n<td class=\"imVc\">\n<div class=\"imTACenter\"><span class=\"fs11lh1-5 ff2\">500 pcs<\/span><\/div>\n<\/td>\n<\/tr>\n<tr>\n<td class=\"imVc\">\n<div class=\"imTACenter\"><span class=\"fs11lh1-5 ff2\">Baking paper, format S *<\/span><\/div>\n<\/td>\n<td class=\"imVc\">\n<div class=\"imTACenter\"><span class=\"fs11lh1-5 ff2\">57 x 78 cm<\/span><\/div>\n<\/td>\n<td class=\"imVc\">\n<div class=\"imTACenter\"><span class=\"fs11lh1-5 ff2\">500 pcs<\/span><\/div>\n<\/td>\n<\/tr>\n<tr>\n<td class=\"imVc\">\n<div class=\"imTACenter\"><span class=\"fs11lh1-5 ff2\">Baking paper, format S<\/span><\/div>\n<\/td>\n<td class=\"imVc\">\n<div class=\"imTACenter\"><span class=\"fs11lh1-5 ff2\">60 x 80 cm<\/span><\/div>\n<\/td>\n<td class=\"imVc\">\n<div class=\"imTACenter\"><span class=\"fs11lh1-5 ff2\">500 pcs<\/span><\/div>\n<\/td>\n<\/tr>\n<tr>\n<td class=\"imVc\">\n<div class=\"imTACenter\"><span class=\"fs11lh1-5 ff2\">Baking paper, format V - on request<\/span><\/div>\n<\/td>\n<td class=\"imVc\">\n<div class=\"imTACenter\"><span class=\"fs11lh1-5 ff2\">57 x 90 cm<\/span><\/div>\n<\/td>\n<td class=\"imVc\">\n<div class=\"imTACenter\"><span class=\"fs11lh1-5 ff2\">500 pcs<\/span><\/div>\n<\/td>\n<\/tr>\n<tr>\n<td class=\"imVc\">\n<div class=\"imTACenter\"><span class=\"fs11lh1-5 ff2\">Baking paper in roll M<\/span><\/div>\n<\/td>\n<td class=\"imVc\">\n<div class=\"imTACenter\"><span class=\"fs11lh1-5 ff2\">Roll width: 57 cm<\/span><\/div>\n<\/td>\n<td class=\"imVc\">\n<div class=\"imTACenter\"><span class=\"fs11lh1-5 ff2\">4,6 kg \/ 200 m<\/span><\/div>\n<\/td>\n<\/tr>\n<tr>\n<td class=\"imVc\">\n<div class=\"imTACenter\"><span class=\"fs11lh1-5 ff2\">Baking paper in roll S<\/span><\/div>\n<\/td>\n<td class=\"imVc\">\n<div class=\"imTACenter\"><span class=\"fs11lh1-5 ff2\">Roll width: 60 cm<\/span><\/div>\n<\/td>\n<td class=\"imVc\">\n<div class=\"imTACenter\"><span class=\"fs11lh1-5 ff2\">5 kg \/ 200 m<\/span><\/div>\n<\/td>\n<\/tr>\n<tr>\n<td class=\"imVc\">\n<div class=\"imTACenter\"><span class=\"fs11lh1-5 ff2\">Baking paper in roll V<\/span><\/div>\n<\/td>\n<td class=\"imVc\">\n<div class=\"imTACenter\"><span class=\"fs11lh1-5 ff2\">Roll width: 80 cm<\/span><\/div>\n<\/td>\n<td class=\"imVc\">\n<div class=\"imTACenter\"><span class=\"fs11lh1-5 ff2\">6,6 kg \/ 200 m<\/span><\/div>\n<\/td>\n<\/tr>\n<\/tbody>\n<\/table>\n\t\t\t\t\t\t\t\t<\/div>\n\t\t\t\t\t<\/div>\n\t\t<\/div>\n\t\t\t\t\t<\/div>\n\t\t<\/section>\n\t\t\t\t<section class=\"elementor-section elementor-top-section elementor-element elementor-element-4488ce8d elementor-section-boxed elementor-section-height-default elementor-section-height-default\" data-id=\"4488ce8d\" data-element_type=\"section\" data-e-type=\"section\" id=\"povp-sect\" data-settings=\"{&quot;background_background&quot;:&quot;classic&quot;}\">\n\t\t\t\t\t\t\t<div class=\"elementor-background-overlay\"><\/div>\n\t\t\t\t\t\t\t<div class=\"elementor-container elementor-column-gap-default\">\n\t\t\t\t\t<div class=\"elementor-column elementor-col-100 elementor-top-column elementor-element elementor-element-4d796ca\" data-id=\"4d796ca\" data-element_type=\"column\" data-e-type=\"column\">\n\t\t\t<div class=\"elementor-widget-wrap elementor-element-populated\">\n\t\t\t\t\t\t<div class=\"elementor-element elementor-element-6e133fab elementor-widget elementor-widget-heading\" data-id=\"6e133fab\" data-element_type=\"widget\" data-e-type=\"widget\" data-widget_type=\"heading.default\">\n\t\t\t\t\t<h2 class=\"elementor-heading-title elementor-size-default elementor-heading-title elementor-align-after-center\"><span style=\"font-weight:normal\"><span><\/span><\/span>Start using friendly packaging!<\/h2>\t\t\t\t<\/div>\n\t\t\t\t<div class=\"elementor-element elementor-element-2bc59e09 elementor-widget elementor-widget-sm-default-button\" data-id=\"2bc59e09\" data-element_type=\"widget\" data-e-type=\"widget\" data-widget_type=\"sm-default-button.default\">\n\t\t\t\t<div class=\"elementor-widget-container\">\n\t\t\t\t\t\n\t\t\t\t<a   href=\"https:\/\/papirol.si\/en\/povprasevanje\/ovijalni-embalazni-papir\/\" class=\"btn\">Send your enquiry<i class=\"ti ti-arrow-right\"><\/i><\/a>\n\t\t\n\t\t\t\t\t<\/div>\n\t\t\t\t<\/div>\n\t\t\t\t\t<\/div>\n\t\t<\/div>\n\t\t\t\t\t<\/div>\n\t\t<\/section>\n\t\t\t\t<\/div>","protected":false},"excerpt":{"rendered":"<p>Baking paper is a single layer white paper, in silicone coated structure, optionally reusable. It is mostly used&#8230;<\/p>","protected":false},"author":5,"featured_media":0,"parent":3241,"menu_order":0,"comment_status":"closed","ping_status":"closed","template":"elementor_header_footer","meta":{"footnotes":""},"class_list":["post-3273","page","type-page","status-publish","hentry"],"yoast_head":"<!-- This site is optimized with the Yoast SEO plugin v27.3 - https:\/\/yoast.com\/product\/yoast-seo-wordpress\/ -->\n<title>Baking paper | Papirol<\/title>\n<meta name=\"robots\" content=\"index, follow, max-snippet:-1, max-image-preview:large, max-video-preview:-1\" \/>\n<link rel=\"canonical\" href=\"https:\/\/papirol.si\/en\/product-assortment\/wrapping-packaging-and-format-papers\/baking-paper\/\" \/>\n<meta property=\"og:locale\" content=\"en_GB\" \/>\n<meta property=\"og:type\" content=\"article\" \/>\n<meta property=\"og:title\" content=\"Baking paper | Papirol\" \/>\n<meta property=\"og:description\" content=\"Baking paper is a single layer white paper, in silicone coated structure, optionally reusable. It is mostly used...\" \/>\n<meta property=\"og:url\" content=\"https:\/\/papirol.si\/en\/product-assortment\/wrapping-packaging-and-format-papers\/baking-paper\/\" \/>\n<meta property=\"og:site_name\" content=\"Papirol\" \/>\n<meta property=\"article:modified_time\" content=\"2020-06-15T13:54:45+00:00\" \/>\n<meta property=\"og:image\" content=\"https:\/\/papirol.si\/wp-content\/uploads\/2019\/12\/Bela-rola_9j4sxc1r.png\" \/>\n\t<meta property=\"og:image:width\" content=\"327\" \/>\n\t<meta property=\"og:image:height\" content=\"219\" \/>\n\t<meta property=\"og:image:type\" content=\"image\/png\" \/>\n<meta name=\"twitter:card\" content=\"summary_large_image\" \/>\n<meta name=\"twitter:label1\" content=\"Estimated reading time\" \/>\n\t<meta name=\"twitter:data1\" content=\"1 minute\" \/>\n<script type=\"application\/ld+json\" class=\"yoast-schema-graph\">{\"@context\":\"https:\\\/\\\/schema.org\",\"@graph\":[{\"@type\":\"WebPage\",\"@id\":\"https:\\\/\\\/papirol.si\\\/en\\\/product-assortment\\\/wrapping-packaging-and-format-papers\\\/baking-paper\\\/\",\"url\":\"https:\\\/\\\/papirol.si\\\/en\\\/product-assortment\\\/wrapping-packaging-and-format-papers\\\/baking-paper\\\/\",\"name\":\"Baking paper | Papirol\",\"isPartOf\":{\"@id\":\"https:\\\/\\\/papirol.si\\\/#website\"},\"primaryImageOfPage\":{\"@id\":\"https:\\\/\\\/papirol.si\\\/en\\\/product-assortment\\\/wrapping-packaging-and-format-papers\\\/baking-paper\\\/#primaryimage\"},\"image\":{\"@id\":\"https:\\\/\\\/papirol.si\\\/en\\\/product-assortment\\\/wrapping-packaging-and-format-papers\\\/baking-paper\\\/#primaryimage\"},\"thumbnailUrl\":\"https:\\\/\\\/papirol.si\\\/wp-content\\\/uploads\\\/2019\\\/12\\\/Bela-rola_9j4sxc1r.png\",\"datePublished\":\"2020-06-15T13:54:43+00:00\",\"dateModified\":\"2020-06-15T13:54:45+00:00\",\"breadcrumb\":{\"@id\":\"https:\\\/\\\/papirol.si\\\/en\\\/product-assortment\\\/wrapping-packaging-and-format-papers\\\/baking-paper\\\/#breadcrumb\"},\"inLanguage\":\"en-GB\",\"potentialAction\":[{\"@type\":\"ReadAction\",\"target\":[\"https:\\\/\\\/papirol.si\\\/en\\\/product-assortment\\\/wrapping-packaging-and-format-papers\\\/baking-paper\\\/\"]}]},{\"@type\":\"ImageObject\",\"inLanguage\":\"en-GB\",\"@id\":\"https:\\\/\\\/papirol.si\\\/en\\\/product-assortment\\\/wrapping-packaging-and-format-papers\\\/baking-paper\\\/#primaryimage\",\"url\":\"https:\\\/\\\/papirol.si\\\/wp-content\\\/uploads\\\/2019\\\/12\\\/Bela-rola_9j4sxc1r.png\",\"contentUrl\":\"https:\\\/\\\/papirol.si\\\/wp-content\\\/uploads\\\/2019\\\/12\\\/Bela-rola_9j4sxc1r.png\"},{\"@type\":\"BreadcrumbList\",\"@id\":\"https:\\\/\\\/papirol.si\\\/en\\\/product-assortment\\\/wrapping-packaging-and-format-papers\\\/baking-paper\\\/#breadcrumb\",\"itemListElement\":[{\"@type\":\"ListItem\",\"position\":1,\"name\":\"Home\",\"item\":\"https:\\\/\\\/papirol.si\\\/\"},{\"@type\":\"ListItem\",\"position\":2,\"name\":\"Product assortment\",\"item\":\"https:\\\/\\\/papirol.si\\\/de\\\/produktsortiment\\\/\"},{\"@type\":\"ListItem\",\"position\":3,\"name\":\"Wrapping, packaging and format papers\",\"item\":\"https:\\\/\\\/papirol.si\\\/en\\\/product-assortment\\\/wrapping-packaging-and-format-papers\\\/\"},{\"@type\":\"ListItem\",\"position\":4,\"name\":\"Baking paper\"}]},{\"@type\":\"WebSite\",\"@id\":\"https:\\\/\\\/papirol.si\\\/#website\",\"url\":\"https:\\\/\\\/papirol.si\\\/\",\"name\":\"Papirol\",\"description\":\"Obla\u010dimo va\u0161e izdelke \u017ee 36 let!\",\"publisher\":{\"@id\":\"https:\\\/\\\/papirol.si\\\/#organization\"},\"potentialAction\":[{\"@type\":\"SearchAction\",\"target\":{\"@type\":\"EntryPoint\",\"urlTemplate\":\"https:\\\/\\\/papirol.si\\\/?s={search_term_string}\"},\"query-input\":{\"@type\":\"PropertyValueSpecification\",\"valueRequired\":true,\"valueName\":\"search_term_string\"}}],\"inLanguage\":\"en-GB\"},{\"@type\":\"Organization\",\"@id\":\"https:\\\/\\\/papirol.si\\\/#organization\",\"name\":\"Papirol\",\"url\":\"https:\\\/\\\/papirol.si\\\/\",\"logo\":{\"@type\":\"ImageObject\",\"inLanguage\":\"en-GB\",\"@id\":\"https:\\\/\\\/papirol.si\\\/#\\\/schema\\\/logo\\\/image\\\/\",\"url\":\"https:\\\/\\\/papirol.si\\\/wp-content\\\/uploads\\\/2019\\\/12\\\/papirol-bela.png\",\"contentUrl\":\"https:\\\/\\\/papirol.si\\\/wp-content\\\/uploads\\\/2019\\\/12\\\/papirol-bela.png\",\"width\":400,\"height\":80,\"caption\":\"Papirol\"},\"image\":{\"@id\":\"https:\\\/\\\/papirol.si\\\/#\\\/schema\\\/logo\\\/image\\\/\"}}]}<\/script>\n<!-- \/ Yoast SEO plugin. -->","yoast_head_json":{"title":"Baking paper | Papirol","robots":{"index":"index","follow":"follow","max-snippet":"max-snippet:-1","max-image-preview":"max-image-preview:large","max-video-preview":"max-video-preview:-1"},"canonical":"https:\/\/papirol.si\/en\/product-assortment\/wrapping-packaging-and-format-papers\/baking-paper\/","og_locale":"en_GB","og_type":"article","og_title":"Baking paper | Papirol","og_description":"Baking paper is a single layer white paper, in silicone coated structure, optionally reusable. It is mostly used...","og_url":"https:\/\/papirol.si\/en\/product-assortment\/wrapping-packaging-and-format-papers\/baking-paper\/","og_site_name":"Papirol","article_modified_time":"2020-06-15T13:54:45+00:00","og_image":[{"width":327,"height":219,"url":"https:\/\/papirol.si\/wp-content\/uploads\/2019\/12\/Bela-rola_9j4sxc1r.png","type":"image\/png"}],"twitter_card":"summary_large_image","twitter_misc":{"Estimated reading time":"1 minute"},"schema":{"@context":"https:\/\/schema.org","@graph":[{"@type":"WebPage","@id":"https:\/\/papirol.si\/en\/product-assortment\/wrapping-packaging-and-format-papers\/baking-paper\/","url":"https:\/\/papirol.si\/en\/product-assortment\/wrapping-packaging-and-format-papers\/baking-paper\/","name":"Baking paper | Papirol","isPartOf":{"@id":"https:\/\/papirol.si\/#website"},"primaryImageOfPage":{"@id":"https:\/\/papirol.si\/en\/product-assortment\/wrapping-packaging-and-format-papers\/baking-paper\/#primaryimage"},"image":{"@id":"https:\/\/papirol.si\/en\/product-assortment\/wrapping-packaging-and-format-papers\/baking-paper\/#primaryimage"},"thumbnailUrl":"https:\/\/papirol.si\/wp-content\/uploads\/2019\/12\/Bela-rola_9j4sxc1r.png","datePublished":"2020-06-15T13:54:43+00:00","dateModified":"2020-06-15T13:54:45+00:00","breadcrumb":{"@id":"https:\/\/papirol.si\/en\/product-assortment\/wrapping-packaging-and-format-papers\/baking-paper\/#breadcrumb"},"inLanguage":"en-GB","potentialAction":[{"@type":"ReadAction","target":["https:\/\/papirol.si\/en\/product-assortment\/wrapping-packaging-and-format-papers\/baking-paper\/"]}]},{"@type":"ImageObject","inLanguage":"en-GB","@id":"https:\/\/papirol.si\/en\/product-assortment\/wrapping-packaging-and-format-papers\/baking-paper\/#primaryimage","url":"https:\/\/papirol.si\/wp-content\/uploads\/2019\/12\/Bela-rola_9j4sxc1r.png","contentUrl":"https:\/\/papirol.si\/wp-content\/uploads\/2019\/12\/Bela-rola_9j4sxc1r.png"},{"@type":"BreadcrumbList","@id":"https:\/\/papirol.si\/en\/product-assortment\/wrapping-packaging-and-format-papers\/baking-paper\/#breadcrumb","itemListElement":[{"@type":"ListItem","position":1,"name":"Home","item":"https:\/\/papirol.si\/"},{"@type":"ListItem","position":2,"name":"Product assortment","item":"https:\/\/papirol.si\/de\/produktsortiment\/"},{"@type":"ListItem","position":3,"name":"Wrapping, packaging and format papers","item":"https:\/\/papirol.si\/en\/product-assortment\/wrapping-packaging-and-format-papers\/"},{"@type":"ListItem","position":4,"name":"Baking paper"}]},{"@type":"WebSite","@id":"https:\/\/papirol.si\/#website","url":"https:\/\/papirol.si\/","name":"Papirol","description":"We've been dressing your products for 36 years!","publisher":{"@id":"https:\/\/papirol.si\/#organization"},"potentialAction":[{"@type":"SearchAction","target":{"@type":"EntryPoint","urlTemplate":"https:\/\/papirol.si\/?s={search_term_string}"},"query-input":{"@type":"PropertyValueSpecification","valueRequired":true,"valueName":"search_term_string"}}],"inLanguage":"en-GB"},{"@type":"Organization","@id":"https:\/\/papirol.si\/#organization","name":"Papirol","url":"https:\/\/papirol.si\/","logo":{"@type":"ImageObject","inLanguage":"en-GB","@id":"https:\/\/papirol.si\/#\/schema\/logo\/image\/","url":"https:\/\/papirol.si\/wp-content\/uploads\/2019\/12\/papirol-bela.png","contentUrl":"https:\/\/papirol.si\/wp-content\/uploads\/2019\/12\/papirol-bela.png","width":400,"height":80,"caption":"Papirol"},"image":{"@id":"https:\/\/papirol.si\/#\/schema\/logo\/image\/"}}]}},"_links":{"self":[{"href":"https:\/\/papirol.si\/en\/wp-json\/wp\/v2\/pages\/3273","targetHints":{"allow":["GET"]}}],"collection":[{"href":"https:\/\/papirol.si\/en\/wp-json\/wp\/v2\/pages"}],"about":[{"href":"https:\/\/papirol.si\/en\/wp-json\/wp\/v2\/types\/page"}],"author":[{"embeddable":true,"href":"https:\/\/papirol.si\/en\/wp-json\/wp\/v2\/users\/5"}],"replies":[{"embeddable":true,"href":"https:\/\/papirol.si\/en\/wp-json\/wp\/v2\/comments?post=3273"}],"version-history":[{"count":2,"href":"https:\/\/papirol.si\/en\/wp-json\/wp\/v2\/pages\/3273\/revisions"}],"predecessor-version":[{"id":3275,"href":"https:\/\/papirol.si\/en\/wp-json\/wp\/v2\/pages\/3273\/revisions\/3275"}],"up":[{"embeddable":true,"href":"https:\/\/papirol.si\/en\/wp-json\/wp\/v2\/pages\/3241"}],"wp:attachment":[{"href":"https:\/\/papirol.si\/en\/wp-json\/wp\/v2\/media?parent=3273"}],"curies":[{"name":"wp","href":"https:\/\/api.w.org\/{rel}","templated":true}]}}