{"id":3986,"date":"2023-05-05T15:49:14","date_gmt":"2023-05-05T13:49:14","guid":{"rendered":"https:\/\/papirol.si\/?page_id=3986"},"modified":"2023-05-10T11:17:56","modified_gmt":"2023-05-10T09:17:56","slug":"paper-cages-nature-and-white-nature","status":"publish","type":"page","link":"https:\/\/papirol.si\/en\/prodajni-program\/papirne-kese-sa-cetvrtastim-dnom\/papirne-kese-natura-i-bela-natura\/","title":{"rendered":"Paper cakes nature and white nature"},"content":{"rendered":"<div data-elementor-type=\"wp-page\" data-elementor-id=\"3986\" class=\"elementor elementor-3986\" data-elementor-post-type=\"page\">\n\t\t\t\t\t\t<section class=\"elementor-section elementor-top-section elementor-element elementor-element-42377220 elementor-section-content-middle elementor-section-boxed elementor-section-height-default elementor-section-height-default\" data-id=\"42377220\" data-element_type=\"section\" data-e-type=\"section\" id=\"produkt-bio\" data-settings=\"{&quot;background_background&quot;:&quot;classic&quot;}\">\n\t\t\t\t\t\t<div class=\"elementor-container elementor-column-gap-default\">\n\t\t\t\t\t<div class=\"elementor-column elementor-col-50 elementor-top-column elementor-element elementor-element-19f4e227\" data-id=\"19f4e227\" data-element_type=\"column\" data-e-type=\"column\">\n\t\t\t<div class=\"elementor-widget-wrap elementor-element-populated\">\n\t\t\t\t\t\t<div class=\"elementor-element elementor-element-5c8680ea elementor-widget elementor-widget-image\" data-id=\"5c8680ea\" data-element_type=\"widget\" data-e-type=\"widget\" data-widget_type=\"image.default\">\n\t\t\t\t\t\t\t\t\t\t\t\t\t\t\t<img fetchpriority=\"high\" decoding=\"async\" width=\"940\" height=\"923\" src=\"https:\/\/papirol.si\/wp-content\/uploads\/2020\/01\/moka-N_B.jpg\" class=\"attachment-large size-large wp-image-2411\" alt=\"paper flour bags\" srcset=\"https:\/\/papirol.si\/wp-content\/uploads\/2020\/01\/moka-N_B.jpg 1000w, https:\/\/papirol.si\/wp-content\/uploads\/2020\/01\/moka-N_B-300x295.jpg 300w, https:\/\/papirol.si\/wp-content\/uploads\/2020\/01\/moka-N_B-768x754.jpg 768w, https:\/\/papirol.si\/wp-content\/uploads\/2020\/01\/moka-N_B-285x280.jpg 285w, https:\/\/papirol.si\/wp-content\/uploads\/2020\/01\/moka-N_B-660x648.jpg 660w, https:\/\/papirol.si\/wp-content\/uploads\/2020\/01\/moka-N_B-150x147.jpg 150w\" sizes=\"(max-width: 940px) 100vw, 940px\" \/>\t\t\t\t\t\t\t\t\t\t\t\t\t\t\t<\/div>\n\t\t\t\t<div class=\"elementor-element elementor-element-26ae2b2 elementor-widget elementor-widget-image\" data-id=\"26ae2b2\" data-element_type=\"widget\" data-e-type=\"widget\" data-widget_type=\"image.default\">\n\t\t\t\t\t\t\t\t\t\t\t\t\t\t\t<img decoding=\"async\" width=\"1024\" height=\"1536\" src=\"https:\/\/papirol.si\/wp-content\/uploads\/2020\/03\/moka-B_1kg-1024x1536.jpg\" class=\"attachment-1536x1536 size-1536x1536 wp-image-2865\" alt=\"\" srcset=\"https:\/\/papirol.si\/wp-content\/uploads\/2020\/03\/moka-B_1kg-1024x1536.jpg 1024w, https:\/\/papirol.si\/wp-content\/uploads\/2020\/03\/moka-B_1kg-200x300.jpg 200w, https:\/\/papirol.si\/wp-content\/uploads\/2020\/03\/moka-B_1kg-683x1024.jpg 683w, https:\/\/papirol.si\/wp-content\/uploads\/2020\/03\/moka-B_1kg-768x1152.jpg 768w, https:\/\/papirol.si\/wp-content\/uploads\/2020\/03\/moka-B_1kg-1365x2048.jpg 1365w, https:\/\/papirol.si\/wp-content\/uploads\/2020\/03\/moka-B_1kg-285x428.jpg 285w, https:\/\/papirol.si\/wp-content\/uploads\/2020\/03\/moka-B_1kg-1600x2400.jpg 1600w, https:\/\/papirol.si\/wp-content\/uploads\/2020\/03\/moka-B_1kg-440x660.jpg 440w, https:\/\/papirol.si\/wp-content\/uploads\/2020\/03\/moka-B_1kg-100x150.jpg 100w, https:\/\/papirol.si\/wp-content\/uploads\/2020\/03\/moka-B_1kg-scaled.jpg 1707w\" sizes=\"(max-width: 1024px) 100vw, 1024px\" \/>\t\t\t\t\t\t\t\t\t\t\t\t\t\t\t<\/div>\n\t\t\t\t<div class=\"elementor-element elementor-element-059580b elementor-widget elementor-widget-image\" data-id=\"059580b\" data-element_type=\"widget\" data-e-type=\"widget\" data-widget_type=\"image.default\">\n\t\t\t\t\t\t\t\t\t\t\t\t\t\t\t<img decoding=\"async\" width=\"768\" height=\"1239\" src=\"https:\/\/papirol.si\/wp-content\/uploads\/2020\/02\/vre\u010dka-za-moko-skica-768x1239.jpg\" class=\"attachment-medium_large size-medium_large wp-image-2665\" alt=\"paper flour bags\" srcset=\"https:\/\/papirol.si\/wp-content\/uploads\/2020\/02\/vre\u010dka-za-moko-skica-768x1239.jpg 768w, https:\/\/papirol.si\/wp-content\/uploads\/2020\/02\/vre\u010dka-za-moko-skica-186x300.jpg 186w, https:\/\/papirol.si\/wp-content\/uploads\/2020\/02\/vre\u010dka-za-moko-skica-635x1024.jpg 635w, https:\/\/papirol.si\/wp-content\/uploads\/2020\/02\/vre\u010dka-za-moko-skica-285x460.jpg 285w, https:\/\/papirol.si\/wp-content\/uploads\/2020\/02\/vre\u010dka-za-moko-skica-409x660.jpg 409w, https:\/\/papirol.si\/wp-content\/uploads\/2020\/02\/vre\u010dka-za-moko-skica-93x150.jpg 93w, https:\/\/papirol.si\/wp-content\/uploads\/2020\/02\/vre\u010dka-za-moko-skica.jpg 950w\" sizes=\"(max-width: 768px) 100vw, 768px\" \/>\t\t\t\t\t\t\t\t\t\t\t\t\t\t\t<\/div>\n\t\t\t\t\t<\/div>\n\t\t<\/div>\n\t\t\t\t<div class=\"elementor-column elementor-col-50 elementor-top-column elementor-element elementor-element-51be8a13\" data-id=\"51be8a13\" data-element_type=\"column\" data-e-type=\"column\">\n\t\t\t<div class=\"elementor-widget-wrap elementor-element-populated\">\n\t\t\t\t\t\t<div class=\"elementor-element elementor-element-4274db45 elementor-widget elementor-widget-text-editor\" data-id=\"4274db45\" data-element_type=\"widget\" data-e-type=\"widget\" data-widget_type=\"text-editor.default\">\n\t\t\t\t\t\t\t\t\t<p>The dimensions of my quarter-bottomed paper boxes are made of single-ply thicker or white coated paper; more than double-ply paper.<\/p><p>They are the middle choice between the classic flat-bottomed and the carry-on bags.<\/p><p>The more compact paper allows easier punching and good shelf retention.<\/p><p>My vats are contracted for the punching of various types of milled peas, pretzels, spice bilju,... more are for the storage of peas, cereals and seeds, as well as for the storage of coal and other products.<\/p><p>They shall be secured with ties, stickers or stitching; more shall be secured with stickers or stitching.<\/p><p>Non-tampons are usually available on the lagoon, although in smaller quantities.<\/p><p>It also serves perfectly as an ambala\u017ea for salting certain products in online shops (as an alternative to cooking).<\/p>\t\t\t\t\t\t\t\t<\/div>\n\t\t\t\t<div class=\"elementor-element elementor-element-1734093e elementor-widget elementor-widget-text-editor\" data-id=\"1734093e\" data-element_type=\"widget\" data-e-type=\"widget\" id=\"tisk-box\" data-widget_type=\"text-editor.default\">\n\t\t\t\t\t\t\t\t\t<h2>Stamp on kesama<\/h2><p>We stamp paper cuts in one or more high quality buoys.<\/p><p>Stamping is possible simultaneously with the creation of the scaffolding, which allows stamping over the entire surface of the scaffolding, including the bottom of the scaffolding, and optionally also on the outside of the scaffolding.<\/p><p>The possibility of stamping on ready-made presses, which allows stamping of smaller quantities.<\/p><p><strong>Stamping techniques:<\/strong><\/p><ul><li><p>high quality flexo stamps with lines on different types of paper<\/p><\/li><li><p>a high quality sieve or flexo stamp on all types of paper<\/p><\/li><\/ul><p><strong>Stampa:<\/strong><\/p><ul><li><p>a contiguous or positioned, higher-positioned stamp, on one or both sides<\/p><\/li><li><p>over the whole surface, on one or both sides, including the sides and bottom of the scythe<\/p><\/li><\/ul>\t\t\t\t\t\t\t\t<\/div>\n\t\t\t\t<div class=\"elementor-element elementor-element-e28ae18 elementor-widget elementor-widget-image\" data-id=\"e28ae18\" data-element_type=\"widget\" data-e-type=\"widget\" data-widget_type=\"image.default\">\n\t\t\t\t\t\t\t\t\t\t\t\t\t\t\t<img loading=\"lazy\" decoding=\"async\" width=\"768\" height=\"512\" src=\"https:\/\/papirol.si\/wp-content\/uploads\/2020\/03\/moka-N-768x512.jpg\" class=\"attachment-medium_large size-medium_large wp-image-2866\" alt=\"\" srcset=\"https:\/\/papirol.si\/wp-content\/uploads\/2020\/03\/moka-N-768x512.jpg 768w, https:\/\/papirol.si\/wp-content\/uploads\/2020\/03\/moka-N-300x200.jpg 300w, https:\/\/papirol.si\/wp-content\/uploads\/2020\/03\/moka-N-1024x683.jpg 1024w, https:\/\/papirol.si\/wp-content\/uploads\/2020\/03\/moka-N-1536x1024.jpg 1536w, https:\/\/papirol.si\/wp-content\/uploads\/2020\/03\/moka-N-2048x1365.jpg 2048w, https:\/\/papirol.si\/wp-content\/uploads\/2020\/03\/moka-N-285x190.jpg 285w, https:\/\/papirol.si\/wp-content\/uploads\/2020\/03\/moka-N-1600x1067.jpg 1600w, https:\/\/papirol.si\/wp-content\/uploads\/2020\/03\/moka-N-660x440.jpg 660w, https:\/\/papirol.si\/wp-content\/uploads\/2020\/03\/moka-N-150x100.jpg 150w\" sizes=\"(max-width: 768px) 100vw, 768px\" \/>\t\t\t\t\t\t\t\t\t\t\t\t\t\t\t<\/div>\n\t\t\t\t\t<\/div>\n\t\t<\/div>\n\t\t\t\t\t<\/div>\n\t\t<\/section>\n\t\t\t\t<section class=\"elementor-section elementor-top-section elementor-element elementor-element-f11247f elementor-section-boxed elementor-section-height-default elementor-section-height-default\" data-id=\"f11247f\" data-element_type=\"section\" data-e-type=\"section\" id=\"product-bio-tbl\" data-settings=\"{&quot;background_background&quot;:&quot;classic&quot;}\">\n\t\t\t\t\t\t<div class=\"elementor-container elementor-column-gap-default\">\n\t\t\t\t\t<div class=\"elementor-column elementor-col-100 elementor-top-column elementor-element elementor-element-21ce687\" data-id=\"21ce687\" data-element_type=\"column\" data-e-type=\"column\">\n\t\t\t<div class=\"elementor-widget-wrap elementor-element-populated\">\n\t\t\t\t\t\t<div class=\"elementor-element elementor-element-1b549f9 elementor-widget elementor-widget-text-editor\" data-id=\"1b549f9\" data-element_type=\"widget\" data-e-type=\"widget\" data-widget_type=\"text-editor.default\">\n\t\t\t\t\t\t\t\t\t<table data-minrequestedwidth=\"445.3109130859375\" data-computedwidth=\"445.3109130859375\"><tbody><tr><td class=\"imVc\"><div class=\"imTACenter\"><b class=\"fs11lh1-5\">Product name<\/b><\/div><\/td><td class=\"imVc\"><div class=\"imTACenter\"><b class=\"fs11lh1-5\">Standard dImention<\/b><\/div><\/td><td class=\"imVc\"><div class=\"imTACenter\"><b class=\"fs11lh1-5\">Packaging<\/b><\/div><\/td><\/tr><tr><td class=\"imVc\"><div class=\"imTACenter\"><span class=\"fs11lh1-5 ff1\">47100 Nature 1\/2 m\/N<\/span><\/div><\/td><td class=\"imVc\"><div class=\"imTACenter\"><span class=\"fs11lh1-5 ff1\">9,5 + 4,5 x 26 cm<\/span><\/div><\/td><td class=\"imVc\"><div class=\"imTACenter\"><span class=\"fs11lh1-5 ff1\">1000\/100 piece<\/span><\/div><\/td><\/tr><tr><td class=\"imVc\"><div class=\"imTACenter\"><span class=\"fs11lh1-5 ff1\">47100 White nature 1\/2 m\/B<\/span><\/div><\/td><td class=\"imVc\"><div class=\"imTACenter\"><span class=\"fs11lh1-5 ff1\">9,5 + 4,5 x 26 cm<\/span><\/div><\/td><td class=\"imVc\"><div class=\"imTACenter\"><span class=\"fs11lh1-5 ff1\">1000\/100 piece<\/span><\/div><\/td><\/tr><tr><td class=\"imVc\"><div class=\"imTACenter\"><span class=\"fs11lh1-5 ff1\">47101 Nature 1 m\/N<\/span><\/div><\/td><td class=\"imVc\"><div class=\"imTACenter\"><span class=\"fs11lh1-5 ff1\">12 + 6 x 26 cm<\/span><\/div><\/td><td class=\"imVc\"><div class=\"imTACenter\"><span class=\"fs11lh1-5 ff1\">1000\/100 piece<\/span><\/div><\/td><\/tr><tr><td class=\"imVc\"><div class=\"imTACenter\"><span class=\"fs11lh1-5 ff1\">47101 White nature 1 m\/B<\/span><\/div><\/td><td class=\"imVc\"><div class=\"imTACenter\"><span class=\"fs11lh1-5 ff1\">12 + 6 x 26 cm<\/span><\/div><\/td><td class=\"imVc\"><div class=\"imTACenter\"><span class=\"fs11lh1-5 ff1\">1000\/100 piece<\/span><\/div><\/td><\/tr><tr><td class=\"imVc\"><div class=\"imTACenter\"><span class=\"fs11lh1-5 ff1\">47102 Nature 2 m\/N<\/span><\/div><\/td><td class=\"imVc\"><div class=\"imTACenter\"><span class=\"fs11lh1-5 ff1\">14 + 8 x 34 cm<\/span><\/div><\/td><td class=\"imVc\"><div class=\"imTACenter\"><span class=\"fs11lh1-5 ff1\">1000\/100 piece<\/span><\/div><\/td><\/tr><tr><td class=\"imVc\"><div class=\"imTACenter\"><span class=\"fs11lh1-5 ff1\">47102 White nature 2 m\/B<\/span><\/div><\/td><td class=\"imVc\"><div class=\"imTACenter\"><span class=\"fs11lh1-5 ff1\">14 + 8 x 34 cm<\/span><\/div><\/td><td class=\"imVc\"><div class=\"imTACenter\"><span class=\"fs11lh1-5 ff1\">1000\/100 piece<\/span><\/div><\/td><\/tr><tr><td class=\"imVc\"><div class=\"imTACenter\"><span class=\"fs11lh1-5 ff1\">47105 Nature 5 m\/N<\/span><\/div><\/td><td class=\"imVc\"><div class=\"imTACenter\"><span class=\"fs11lh1-5 ff1\">16 + 12 x 45 cm<\/span><\/div><\/td><td class=\"imVc\"><div class=\"imTACenter\"><span class=\"fs11lh1-5 ff1\">\u00a0 400\/100 piece<\/span><\/div><\/td><\/tr><tr><td class=\"imVc\"><div class=\"imTACenter\"><span class=\"fs11lh1-5 ff1\">471010 Nature 10 m\/N<\/span><\/div><\/td><td class=\"imVc\"><div class=\"imTACenter\"><span class=\"fs11lh1-5 ff1\">24 + 12 x 50 cm<\/span><\/div><\/td><td class=\"imVc\"><div class=\"imTACenter\"><span class=\"fs11lh1-5 ff1\">\u00a0 200\/100 piece<\/span><\/div><\/td><\/tr><tr><td class=\"imVc\"><div class=\"imTACenter\"><span class=\"fs11lh1-5 ff1\">471025 Nature 25 m\/N<\/span><\/div><\/td><td class=\"imVc\"><div class=\"imTACenter\"><span class=\"fs11lh1-5 ff1\">55 + 14 x 77 cm<\/span><\/div><\/td><td class=\"imVc\"><div class=\"imTACenter\"><span class=\"fs11lh1-5 ff1\">\u00a0 100\/50 piece<\/span><\/div><\/td><\/tr><tr><td class=\"imVc\"><div class=\"imTACenter\"><span class=\"fs11lh1-5 ff1\">471050 Nature 50 m\/N<\/span><\/div><\/td><td class=\"imVc\"><div class=\"imTACenter\"><span class=\"fs11lh1-5 ff1\">55 + 14 x 110 cm<\/span><\/div><\/td><td class=\"imVc\"><div class=\"imTACenter\"><span class=\"fs11lh1-5 ff1\">\u00a0 100\/50 piece<\/span><\/div><\/td><\/tr><\/tbody><\/table>\t\t\t\t\t\t\t\t<\/div>\n\t\t\t\t\t<\/div>\n\t\t<\/div>\n\t\t\t\t\t<\/div>\n\t\t<\/section>\n\t\t\t\t<section class=\"elementor-section elementor-top-section elementor-element elementor-element-33bc7a0a elementor-section-boxed elementor-section-height-default elementor-section-height-default\" data-id=\"33bc7a0a\" data-element_type=\"section\" data-e-type=\"section\" id=\"povp-sect\" data-settings=\"{&quot;background_background&quot;:&quot;classic&quot;}\">\n\t\t\t\t\t\t\t<div class=\"elementor-background-overlay\"><\/div>\n\t\t\t\t\t\t\t<div class=\"elementor-container elementor-column-gap-default\">\n\t\t\t\t\t<div class=\"elementor-column elementor-col-100 elementor-top-column elementor-element elementor-element-5f55f2d5\" data-id=\"5f55f2d5\" data-element_type=\"column\" data-e-type=\"column\">\n\t\t\t<div class=\"elementor-widget-wrap elementor-element-populated\">\n\t\t\t\t\t\t<div class=\"elementor-element elementor-element-3e2bde6e elementor-widget elementor-widget-heading\" data-id=\"3e2bde6e\" data-element_type=\"widget\" data-e-type=\"widget\" data-widget_type=\"heading.default\">\n\t\t\t\t\t<h2 class=\"elementor-heading-title elementor-size-default elementor-heading-title elementor-align-after-center\">Do benefit from organic\nattractive ambala\u017eu!<\/h2>\t\t\t\t<\/div>\n\t\t\t\t<div class=\"elementor-element elementor-element-2264df49 elementor-widget elementor-widget-sm-default-button\" data-id=\"2264df49\" data-element_type=\"widget\" data-e-type=\"widget\" data-widget_type=\"sm-default-button.default\">\n\t\t\t\t<div class=\"elementor-widget-container\">\n\t\t\t\t\t\n\t\t\t\t<a   href=\"https:\/\/papirol.si\/en\/potraznja\/papirne-kese-sa-cetvrtastim-dnom\/\" class=\"btn\">Joke's upit<i class=\"ti ti-arrow-right\"><\/i><\/a>\n\t\t\n\t\t\t\t\t<\/div>\n\t\t\t\t<\/div>\n\t\t\t\t\t<\/div>\n\t\t<\/div>\n\t\t\t\t\t<\/div>\n\t\t<\/section>\n\t\t\t\t<\/div>","protected":false},"excerpt":{"rendered":"<p>Manje dimenzije papirnih kesa sa \u010detvrtastim dnom su napravljene od jednoslojnog debljeg sme\u0111eg ili belog natron papira; vec\u0301e&#8230;<\/p>","protected":false},"author":5,"featured_media":0,"parent":3932,"menu_order":0,"comment_status":"closed","ping_status":"closed","template":"elementor_header_footer","meta":{"footnotes":""},"class_list":["post-3986","page","type-page","status-publish","hentry"],"yoast_head":"<!-- This site is optimized with the Yoast SEO plugin v27.3 - https:\/\/yoast.com\/product\/yoast-seo-wordpress\/ -->\n<title>Papirne kese natura i bela natura | Papirol<\/title>\n<meta name=\"robots\" content=\"index, follow, max-snippet:-1, max-image-preview:large, max-video-preview:-1\" \/>\n<link rel=\"canonical\" href=\"https:\/\/papirol.si\/en\/sales-programme\/paper-sacks-with-a-quarter-bottom\/paper-cages-nature-and-white-nature\/\" \/>\n<meta property=\"og:locale\" content=\"en_GB\" \/>\n<meta property=\"og:type\" content=\"article\" \/>\n<meta property=\"og:title\" content=\"Papirne kese natura i bela natura | Papirol\" \/>\n<meta property=\"og:description\" content=\"Manje dimenzije papirnih kesa sa \u010detvrtastim dnom su napravljene od jednoslojnog debljeg sme\u0111eg ili belog natron papira; vec\u0301e...\" \/>\n<meta property=\"og:url\" content=\"https:\/\/papirol.si\/en\/sales-programme\/paper-sacks-with-a-quarter-bottom\/paper-cages-nature-and-white-nature\/\" \/>\n<meta property=\"og:site_name\" content=\"Papirol\" \/>\n<meta property=\"article:modified_time\" content=\"2023-05-10T09:17:56+00:00\" \/>\n<meta property=\"og:image\" content=\"https:\/\/papirol.si\/wp-content\/uploads\/2020\/01\/moka-N_B.jpg\" \/>\n\t<meta property=\"og:image:width\" content=\"1000\" \/>\n\t<meta property=\"og:image:height\" content=\"982\" \/>\n\t<meta property=\"og:image:type\" content=\"image\/jpeg\" \/>\n<meta name=\"twitter:card\" content=\"summary_large_image\" \/>\n<meta name=\"twitter:label1\" content=\"Estimated reading time\" \/>\n\t<meta name=\"twitter:data1\" content=\"2 minutes\" \/>\n<script type=\"application\/ld+json\" class=\"yoast-schema-graph\">{\"@context\":\"https:\\\/\\\/schema.org\",\"@graph\":[{\"@type\":\"WebPage\",\"@id\":\"https:\\\/\\\/papirol.si\\\/sr\\\/prodajni-program\\\/papirne-kese-sa-cetvrtastim-dnom\\\/papirne-kese-natura-i-bela-natura\\\/\",\"url\":\"https:\\\/\\\/papirol.si\\\/sr\\\/prodajni-program\\\/papirne-kese-sa-cetvrtastim-dnom\\\/papirne-kese-natura-i-bela-natura\\\/\",\"name\":\"Papirne kese natura i bela natura | Papirol\",\"isPartOf\":{\"@id\":\"https:\\\/\\\/papirol.si\\\/#website\"},\"primaryImageOfPage\":{\"@id\":\"https:\\\/\\\/papirol.si\\\/sr\\\/prodajni-program\\\/papirne-kese-sa-cetvrtastim-dnom\\\/papirne-kese-natura-i-bela-natura\\\/#primaryimage\"},\"image\":{\"@id\":\"https:\\\/\\\/papirol.si\\\/sr\\\/prodajni-program\\\/papirne-kese-sa-cetvrtastim-dnom\\\/papirne-kese-natura-i-bela-natura\\\/#primaryimage\"},\"thumbnailUrl\":\"https:\\\/\\\/papirol.si\\\/wp-content\\\/uploads\\\/2020\\\/01\\\/moka-N_B.jpg\",\"datePublished\":\"2023-05-05T13:49:14+00:00\",\"dateModified\":\"2023-05-10T09:17:56+00:00\",\"breadcrumb\":{\"@id\":\"https:\\\/\\\/papirol.si\\\/sr\\\/prodajni-program\\\/papirne-kese-sa-cetvrtastim-dnom\\\/papirne-kese-natura-i-bela-natura\\\/#breadcrumb\"},\"inLanguage\":\"en-GB\",\"potentialAction\":[{\"@type\":\"ReadAction\",\"target\":[\"https:\\\/\\\/papirol.si\\\/sr\\\/prodajni-program\\\/papirne-kese-sa-cetvrtastim-dnom\\\/papirne-kese-natura-i-bela-natura\\\/\"]}]},{\"@type\":\"ImageObject\",\"inLanguage\":\"en-GB\",\"@id\":\"https:\\\/\\\/papirol.si\\\/sr\\\/prodajni-program\\\/papirne-kese-sa-cetvrtastim-dnom\\\/papirne-kese-natura-i-bela-natura\\\/#primaryimage\",\"url\":\"https:\\\/\\\/papirol.si\\\/wp-content\\\/uploads\\\/2020\\\/01\\\/moka-N_B.jpg\",\"contentUrl\":\"https:\\\/\\\/papirol.si\\\/wp-content\\\/uploads\\\/2020\\\/01\\\/moka-N_B.jpg\"},{\"@type\":\"BreadcrumbList\",\"@id\":\"https:\\\/\\\/papirol.si\\\/sr\\\/prodajni-program\\\/papirne-kese-sa-cetvrtastim-dnom\\\/papirne-kese-natura-i-bela-natura\\\/#breadcrumb\",\"itemListElement\":[{\"@type\":\"ListItem\",\"position\":1,\"name\":\"Home\",\"item\":\"https:\\\/\\\/papirol.si\\\/\"},{\"@type\":\"ListItem\",\"position\":2,\"name\":\"Prodajni program\",\"item\":\"https:\\\/\\\/papirol.si\\\/sr\\\/prodajni-program\\\/\"},{\"@type\":\"ListItem\",\"position\":3,\"name\":\"Papirne kese sa \u010detvrtastim dnom\",\"item\":\"https:\\\/\\\/papirol.si\\\/sr\\\/prodajni-program\\\/papirne-kese-sa-cetvrtastim-dnom\\\/\"},{\"@type\":\"ListItem\",\"position\":4,\"name\":\"Papirne kese natura i bela natura\"}]},{\"@type\":\"WebSite\",\"@id\":\"https:\\\/\\\/papirol.si\\\/#website\",\"url\":\"https:\\\/\\\/papirol.si\\\/\",\"name\":\"Papirol\",\"description\":\"Obla\u010dimo va\u0161e izdelke \u017ee 36 let!\",\"publisher\":{\"@id\":\"https:\\\/\\\/papirol.si\\\/#organization\"},\"potentialAction\":[{\"@type\":\"SearchAction\",\"target\":{\"@type\":\"EntryPoint\",\"urlTemplate\":\"https:\\\/\\\/papirol.si\\\/?s={search_term_string}\"},\"query-input\":{\"@type\":\"PropertyValueSpecification\",\"valueRequired\":true,\"valueName\":\"search_term_string\"}}],\"inLanguage\":\"en-GB\"},{\"@type\":\"Organization\",\"@id\":\"https:\\\/\\\/papirol.si\\\/#organization\",\"name\":\"Papirol\",\"url\":\"https:\\\/\\\/papirol.si\\\/\",\"logo\":{\"@type\":\"ImageObject\",\"inLanguage\":\"en-GB\",\"@id\":\"https:\\\/\\\/papirol.si\\\/#\\\/schema\\\/logo\\\/image\\\/\",\"url\":\"https:\\\/\\\/papirol.si\\\/wp-content\\\/uploads\\\/2019\\\/12\\\/papirol-bela.png\",\"contentUrl\":\"https:\\\/\\\/papirol.si\\\/wp-content\\\/uploads\\\/2019\\\/12\\\/papirol-bela.png\",\"width\":400,\"height\":80,\"caption\":\"Papirol\"},\"image\":{\"@id\":\"https:\\\/\\\/papirol.si\\\/#\\\/schema\\\/logo\\\/image\\\/\"}}]}<\/script>\n<!-- \/ Yoast SEO plugin. -->","yoast_head_json":{"title":"Paper cakes nature and white nature | Papirol","robots":{"index":"index","follow":"follow","max-snippet":"max-snippet:-1","max-image-preview":"max-image-preview:large","max-video-preview":"max-video-preview:-1"},"canonical":"https:\/\/papirol.si\/en\/sales-programme\/paper-sacks-with-a-quarter-bottom\/paper-cages-nature-and-white-nature\/","og_locale":"en_GB","og_type":"article","og_title":"Papirne kese natura i bela natura | Papirol","og_description":"Manje dimenzije papirnih kesa sa \u010detvrtastim dnom su napravljene od jednoslojnog debljeg sme\u0111eg ili belog natron papira; vec\u0301e...","og_url":"https:\/\/papirol.si\/en\/sales-programme\/paper-sacks-with-a-quarter-bottom\/paper-cages-nature-and-white-nature\/","og_site_name":"Papirol","article_modified_time":"2023-05-10T09:17:56+00:00","og_image":[{"width":1000,"height":982,"url":"https:\/\/papirol.si\/wp-content\/uploads\/2020\/01\/moka-N_B.jpg","type":"image\/jpeg"}],"twitter_card":"summary_large_image","twitter_misc":{"Estimated reading time":"2 minutes"},"schema":{"@context":"https:\/\/schema.org","@graph":[{"@type":"WebPage","@id":"https:\/\/papirol.si\/sr\/prodajni-program\/papirne-kese-sa-cetvrtastim-dnom\/papirne-kese-natura-i-bela-natura\/","url":"https:\/\/papirol.si\/sr\/prodajni-program\/papirne-kese-sa-cetvrtastim-dnom\/papirne-kese-natura-i-bela-natura\/","name":"Paper cakes nature and white nature | Papirol","isPartOf":{"@id":"https:\/\/papirol.si\/#website"},"primaryImageOfPage":{"@id":"https:\/\/papirol.si\/sr\/prodajni-program\/papirne-kese-sa-cetvrtastim-dnom\/papirne-kese-natura-i-bela-natura\/#primaryimage"},"image":{"@id":"https:\/\/papirol.si\/sr\/prodajni-program\/papirne-kese-sa-cetvrtastim-dnom\/papirne-kese-natura-i-bela-natura\/#primaryimage"},"thumbnailUrl":"https:\/\/papirol.si\/wp-content\/uploads\/2020\/01\/moka-N_B.jpg","datePublished":"2023-05-05T13:49:14+00:00","dateModified":"2023-05-10T09:17:56+00:00","breadcrumb":{"@id":"https:\/\/papirol.si\/sr\/prodajni-program\/papirne-kese-sa-cetvrtastim-dnom\/papirne-kese-natura-i-bela-natura\/#breadcrumb"},"inLanguage":"en-GB","potentialAction":[{"@type":"ReadAction","target":["https:\/\/papirol.si\/sr\/prodajni-program\/papirne-kese-sa-cetvrtastim-dnom\/papirne-kese-natura-i-bela-natura\/"]}]},{"@type":"ImageObject","inLanguage":"en-GB","@id":"https:\/\/papirol.si\/sr\/prodajni-program\/papirne-kese-sa-cetvrtastim-dnom\/papirne-kese-natura-i-bela-natura\/#primaryimage","url":"https:\/\/papirol.si\/wp-content\/uploads\/2020\/01\/moka-N_B.jpg","contentUrl":"https:\/\/papirol.si\/wp-content\/uploads\/2020\/01\/moka-N_B.jpg"},{"@type":"BreadcrumbList","@id":"https:\/\/papirol.si\/sr\/prodajni-program\/papirne-kese-sa-cetvrtastim-dnom\/papirne-kese-natura-i-bela-natura\/#breadcrumb","itemListElement":[{"@type":"ListItem","position":1,"name":"Home","item":"https:\/\/papirol.si\/"},{"@type":"ListItem","position":2,"name":"Prodajni program","item":"https:\/\/papirol.si\/sr\/prodajni-program\/"},{"@type":"ListItem","position":3,"name":"Papirne kese sa \u010detvrtastim dnom","item":"https:\/\/papirol.si\/sr\/prodajni-program\/papirne-kese-sa-cetvrtastim-dnom\/"},{"@type":"ListItem","position":4,"name":"Papirne kese natura i bela natura"}]},{"@type":"WebSite","@id":"https:\/\/papirol.si\/#website","url":"https:\/\/papirol.si\/","name":"Papirol","description":"We've been dressing your products for 36 years!","publisher":{"@id":"https:\/\/papirol.si\/#organization"},"potentialAction":[{"@type":"SearchAction","target":{"@type":"EntryPoint","urlTemplate":"https:\/\/papirol.si\/?s={search_term_string}"},"query-input":{"@type":"PropertyValueSpecification","valueRequired":true,"valueName":"search_term_string"}}],"inLanguage":"en-GB"},{"@type":"Organization","@id":"https:\/\/papirol.si\/#organization","name":"Papirol","url":"https:\/\/papirol.si\/","logo":{"@type":"ImageObject","inLanguage":"en-GB","@id":"https:\/\/papirol.si\/#\/schema\/logo\/image\/","url":"https:\/\/papirol.si\/wp-content\/uploads\/2019\/12\/papirol-bela.png","contentUrl":"https:\/\/papirol.si\/wp-content\/uploads\/2019\/12\/papirol-bela.png","width":400,"height":80,"caption":"Papirol"},"image":{"@id":"https:\/\/papirol.si\/#\/schema\/logo\/image\/"}}]}},"_links":{"self":[{"href":"https:\/\/papirol.si\/en\/wp-json\/wp\/v2\/pages\/3986","targetHints":{"allow":["GET"]}}],"collection":[{"href":"https:\/\/papirol.si\/en\/wp-json\/wp\/v2\/pages"}],"about":[{"href":"https:\/\/papirol.si\/en\/wp-json\/wp\/v2\/types\/page"}],"author":[{"embeddable":true,"href":"https:\/\/papirol.si\/en\/wp-json\/wp\/v2\/users\/5"}],"replies":[{"embeddable":true,"href":"https:\/\/papirol.si\/en\/wp-json\/wp\/v2\/comments?post=3986"}],"version-history":[{"count":5,"href":"https:\/\/papirol.si\/en\/wp-json\/wp\/v2\/pages\/3986\/revisions"}],"predecessor-version":[{"id":4268,"href":"https:\/\/papirol.si\/en\/wp-json\/wp\/v2\/pages\/3986\/revisions\/4268"}],"up":[{"embeddable":true,"href":"https:\/\/papirol.si\/en\/wp-json\/wp\/v2\/pages\/3932"}],"wp:attachment":[{"href":"https:\/\/papirol.si\/en\/wp-json\/wp\/v2\/media?parent=3986"}],"curies":[{"name":"wp","href":"https:\/\/api.w.org\/{rel}","templated":true}]}}