{"id":4025,"date":"2023-05-08T10:17:18","date_gmt":"2023-05-08T08:17:18","guid":{"rendered":"https:\/\/papirol.si\/?page_id=4025"},"modified":"2023-05-10T11:23:50","modified_gmt":"2023-05-10T09:23:50","slug":"bela-natura-flat-backed-carrying-sling","status":"publish","type":"page","link":"https:\/\/papirol.si\/en\/prodajni-program\/papirne-kese-za-nosenje\/kese-za-nosenje-bela-natura-sa-ravnom-ruckom\/","title":{"rendered":"Carrying bag bela natura with flat handle"},"content":{"rendered":"<div data-elementor-type=\"wp-page\" data-elementor-id=\"4025\" class=\"elementor elementor-4025\" data-elementor-post-type=\"page\">\n\t\t\t\t\t\t<section class=\"elementor-section elementor-top-section elementor-element elementor-element-780b3c9f elementor-section-content-middle elementor-section-boxed elementor-section-height-default elementor-section-height-default\" data-id=\"780b3c9f\" data-element_type=\"section\" data-e-type=\"section\" id=\"produkt-bio\" data-settings=\"{&quot;background_background&quot;:&quot;classic&quot;}\">\n\t\t\t\t\t\t<div class=\"elementor-container elementor-column-gap-default\">\n\t\t\t\t\t<div class=\"elementor-column elementor-col-50 elementor-top-column elementor-element elementor-element-658dce52\" data-id=\"658dce52\" data-element_type=\"column\" data-e-type=\"column\">\n\t\t\t<div class=\"elementor-widget-wrap elementor-element-populated\">\n\t\t\t\t\t\t<div class=\"elementor-element elementor-element-059580b elementor-widget elementor-widget-image\" data-id=\"059580b\" data-element_type=\"widget\" data-e-type=\"widget\" data-widget_type=\"image.default\">\n\t\t\t\t\t\t\t\t\t\t\t\t\t\t\t<img fetchpriority=\"high\" decoding=\"async\" width=\"672\" height=\"1024\" src=\"https:\/\/papirol.si\/wp-content\/uploads\/2020\/05\/vre\u010dka-bela-papirol-672x1024.png\" class=\"attachment-large size-large wp-image-2981\" alt=\"\" srcset=\"https:\/\/papirol.si\/wp-content\/uploads\/2020\/05\/vre\u010dka-bela-papirol-672x1024.png 672w, https:\/\/papirol.si\/wp-content\/uploads\/2020\/05\/vre\u010dka-bela-papirol-197x300.png 197w, https:\/\/papirol.si\/wp-content\/uploads\/2020\/05\/vre\u010dka-bela-papirol-768x1171.png 768w, https:\/\/papirol.si\/wp-content\/uploads\/2020\/05\/vre\u010dka-bela-papirol-1007x1536.png 1007w, https:\/\/papirol.si\/wp-content\/uploads\/2020\/05\/vre\u010dka-bela-papirol-1343x2048.png 1343w, https:\/\/papirol.si\/wp-content\/uploads\/2020\/05\/vre\u010dka-bela-papirol-285x435.png 285w, https:\/\/papirol.si\/wp-content\/uploads\/2020\/05\/vre\u010dka-bela-papirol-1600x2440.png 1600w, https:\/\/papirol.si\/wp-content\/uploads\/2020\/05\/vre\u010dka-bela-papirol-433x660.png 433w, https:\/\/papirol.si\/wp-content\/uploads\/2020\/05\/vre\u010dka-bela-papirol-98x150.png 98w\" sizes=\"(max-width: 672px) 100vw, 672px\" \/>\t\t\t\t\t\t\t\t\t\t\t\t\t\t\t<\/div>\n\t\t\t\t<div class=\"elementor-element elementor-element-324e91e elementor-widget elementor-widget-image\" data-id=\"324e91e\" data-element_type=\"widget\" data-e-type=\"widget\" data-widget_type=\"image.default\">\n\t\t\t\t\t\t\t\t\t\t\t\t\t\t\t<img decoding=\"async\" width=\"410\" height=\"638\" src=\"https:\/\/papirol.si\/wp-content\/uploads\/2020\/02\/nosilna-vre\u010dka-skica-plo\u0161\u010dati-ro\u010daj.jpg\" class=\"attachment-large size-large wp-image-2662\" alt=\"carrier bag - sketch - papyrol\" srcset=\"https:\/\/papirol.si\/wp-content\/uploads\/2020\/02\/nosilna-vre\u010dka-skica-plo\u0161\u010dati-ro\u010daj.jpg 410w, https:\/\/papirol.si\/wp-content\/uploads\/2020\/02\/nosilna-vre\u010dka-skica-plo\u0161\u010dati-ro\u010daj-193x300.jpg 193w, https:\/\/papirol.si\/wp-content\/uploads\/2020\/02\/nosilna-vre\u010dka-skica-plo\u0161\u010dati-ro\u010daj-285x443.jpg 285w, https:\/\/papirol.si\/wp-content\/uploads\/2020\/02\/nosilna-vre\u010dka-skica-plo\u0161\u010dati-ro\u010daj-96x150.jpg 96w\" sizes=\"(max-width: 410px) 100vw, 410px\" \/>\t\t\t\t\t\t\t\t\t\t\t\t\t\t\t<\/div>\n\t\t\t\t\t<\/div>\n\t\t<\/div>\n\t\t\t\t<div class=\"elementor-column elementor-col-50 elementor-top-column elementor-element elementor-element-3ce3347b\" data-id=\"3ce3347b\" data-element_type=\"column\" data-e-type=\"column\">\n\t\t\t<div class=\"elementor-widget-wrap elementor-element-populated\">\n\t\t\t\t\t\t<div class=\"elementor-element elementor-element-770e99dd elementor-widget elementor-widget-text-editor\" data-id=\"770e99dd\" data-element_type=\"widget\" data-e-type=\"widget\" data-widget_type=\"text-editor.default\">\n\t\t\t\t\t\t\t\t\t<p>The paper carrying bags bela natura are made of white, flat, flat paper, with a flat paper handle on the side of the bag.<\/p><p>The paper weight is adjusted to the size, so that each piece has a good splitting and load-bearing capacity in relation to its size.<\/p><p>They are an excellent alternative to plastic bags, can be reused when used properly and do not harm the environment.<\/p><p>Some have a very wide range of options and are especially contracted for lunch packages or products you want - take them with you.<\/p><p>Non-tampons are readily available on the lagoon, albeit in smaller quantities.<\/p>\t\t\t\t\t\t\t\t<\/div>\n\t\t\t\t<div class=\"elementor-element elementor-element-281cd7d8 elementor-widget elementor-widget-text-editor\" data-id=\"281cd7d8\" data-element_type=\"widget\" data-e-type=\"widget\" id=\"tisk-box\" data-widget_type=\"text-editor.default\">\n\t\t\t\t\t\t\t\t\t<h2>Stamp on kesama<\/h2><p>We stamp paper cuts in one or more high quality buoys.<\/p><p>Stamping is possible simultaneously with the creation of the scaffolding, which allows stamping over the entire surface of the scaffolding, including the bottom of the scaffolding, and optionally also on the outside of the scaffolding.<\/p><p>The possibility of stamping on ready-made presses, which allows stamping of smaller quantities.<br \/><strong>Printing techniques:<\/strong><\/p><ul><li><p>high quality flexo stamps with lines on different types of paper<\/p><\/li><li><p>a high quality sieve or flexo stamp on all types of paper<\/p><\/li><\/ul><p><strong>Stampa:<\/strong><\/p><ul><li><p>a contiguous or positioned, higher-positioned stamp, on one or both sides<\/p><\/li><li><p>over the whole surface, on one or both sides, including the sides and bottom of the scythe<\/p><\/li><\/ul>\t\t\t\t\t\t\t\t<\/div>\n\t\t\t\t\t<\/div>\n\t\t<\/div>\n\t\t\t\t\t<\/div>\n\t\t<\/section>\n\t\t\t\t<section class=\"elementor-section elementor-top-section elementor-element elementor-element-f11247f elementor-section-boxed elementor-section-height-default elementor-section-height-default\" data-id=\"f11247f\" data-element_type=\"section\" data-e-type=\"section\" id=\"product-bio-tbl\" data-settings=\"{&quot;background_background&quot;:&quot;classic&quot;}\">\n\t\t\t\t\t\t<div class=\"elementor-container elementor-column-gap-default\">\n\t\t\t\t\t<div class=\"elementor-column elementor-col-100 elementor-top-column elementor-element elementor-element-21ce687\" data-id=\"21ce687\" data-element_type=\"column\" data-e-type=\"column\">\n\t\t\t<div class=\"elementor-widget-wrap elementor-element-populated\">\n\t\t\t\t\t\t<div class=\"elementor-element elementor-element-1b549f9 elementor-widget elementor-widget-text-editor\" data-id=\"1b549f9\" data-element_type=\"widget\" data-e-type=\"widget\" data-widget_type=\"text-editor.default\">\n\t\t\t\t\t\t\t\t\t<table data-minrequestedwidth=\"436.43695068359375\" data-computedwidth=\"436.43695068359375\"><tbody><tr><td class=\"imVc\"><b><span class=\"fs11lh1-5 ff1\">Product name<\/span><\/b><\/td><td class=\"imVc\"><div class=\"imTACenter\"><span class=\"fs11lh1-5 ff1\"><b>Standard dimension<\/b><\/span><\/div><\/td><td class=\"imVc\"><div class=\"imTACenter\"><b>Packaging<\/b><\/div><\/td><\/tr><tr><td class=\"imVc\"><div class=\"imTACenter\"><span class=\"fs11lh1-5 ff2\">Carrying bag white natura BP<\/span><\/div><\/td><td class=\"imVc\"><div class=\"imTACenter\"><span class=\"fs11lh1-5 ff2\">18 x 8 x 22 cm<\/span><\/div><\/td><td class=\"imVc\"><div class=\"imTACenter\"><span class=\"fs11lh1-5 ff2\">500 pieces<\/span><\/div><\/td><\/tr><tr><td class=\"imVc\"><div class=\"imTACenter\"><span class=\"fs11lh1-5 ff2\">Carrying bag white natura BP<\/span><\/div><\/td><td class=\"imVc\"><div class=\"imTACenter\"><span class=\"fs11lh1-5 ff2\">22 x 10 x 28 cm<\/span><\/div><\/td><td class=\"imVc\"><div class=\"imTACenter\"><span class=\"fs11lh1-5 ff2\">250 pieces<\/span><\/div><\/td><\/tr><tr><td class=\"imVc\"><div class=\"imTACenter\"><span class=\"fs11lh1-5 ff2\">Carrying bag white natura BP<\/span><\/div><\/td><td class=\"imVc\"><div class=\"imTACenter\"><span class=\"fs11lh1-5 ff2\">26 x 17 x 25 cm<\/span><\/div><\/td><td class=\"imVc\"><div class=\"imTACenter\"><span class=\"fs11lh1-5 ff2\">250 pieces<\/span><\/div><\/td><\/tr><tr><td class=\"imVc\"><div class=\"imTACenter\"><span class=\"fs11lh1-5 ff2\">Carrying bag white natura BP<\/span><\/div><\/td><td class=\"imVc\"><div class=\"imTACenter\"><span class=\"fs11lh1-5 ff2\">32 x 17 x 27 cm<\/span><\/div><\/td><td class=\"imVc\"><div class=\"imTACenter\"><span class=\"fs11lh1-5 ff2\">250 pieces<\/span><\/div><\/td><\/tr><tr><td class=\"imVc\"><div class=\"imTACenter\"><span class=\"fs11lh1-5 ff2\">Carrying bag white natura BP<\/span><\/div><\/td><td class=\"imVc\"><div class=\"imTACenter\"><span class=\"fs11lh1-5 ff2\">32 x 21,5 x 27 cm<\/span><\/div><\/td><td class=\"imVc\"><div class=\"imTACenter\"><span class=\"fs11lh1-5 ff2\">250 pieces<\/span><\/div><\/td><\/tr><tr><td class=\"imVc\"><div class=\"imTACenter\"><span class=\"fs11lh1-5 ff2\">Carrying bag white natura BP<\/span><\/div><\/td><td class=\"imVc\"><div class=\"imTACenter\"><span class=\"fs11lh1-5 ff2\">26 x 12 x 35 cm<\/span><\/div><\/td><td class=\"imVc\"><div class=\"imTACenter\"><span class=\"fs11lh1-5 ff2\">250 pieces<\/span><\/div><\/td><\/tr><tr><td class=\"imVc\"><div class=\"imTACenter\"><span class=\"fs11lh1-5 ff2\">Carrying bag white natura BP<\/span><\/div><\/td><td class=\"imVc\"><div class=\"imTACenter\"><span class=\"fs11lh1-5 ff2\">32 x 17 x 43 cm<\/span><\/div><\/td><td class=\"imVc\"><div class=\"imTACenter\"><span class=\"fs11lh1-5 ff2\">250 pieces<\/span><\/div><\/td><\/tr><tr><td class=\"imVc\"><div class=\"imTACenter\"><span class=\"fs11lh1-5 ff2\">Carrying bag white natura BP<\/span><\/div><\/td><td class=\"imVc\"><div class=\"imTACenter\"><span class=\"fs11lh1-5 ff2\">45 x 17 x 48 cm<\/span><\/div><\/td><td class=\"imVc\"><div class=\"imTACenter\"><span class=\"fs11lh1-5 ff2\">150 pieces<\/span><\/div><\/td><\/tr><\/tbody><\/table>\t\t\t\t\t\t\t\t<\/div>\n\t\t\t\t\t<\/div>\n\t\t<\/div>\n\t\t\t\t\t<\/div>\n\t\t<\/section>\n\t\t\t\t<section class=\"elementor-section elementor-top-section elementor-element elementor-element-79d5bab5 elementor-section-boxed elementor-section-height-default elementor-section-height-default\" data-id=\"79d5bab5\" data-element_type=\"section\" data-e-type=\"section\" id=\"povp-sect\" data-settings=\"{&quot;background_background&quot;:&quot;classic&quot;}\">\n\t\t\t\t\t\t\t<div class=\"elementor-background-overlay\"><\/div>\n\t\t\t\t\t\t\t<div class=\"elementor-container elementor-column-gap-default\">\n\t\t\t\t\t<div class=\"elementor-column elementor-col-100 elementor-top-column elementor-element elementor-element-75a15cec\" data-id=\"75a15cec\" data-element_type=\"column\" data-e-type=\"column\">\n\t\t\t<div class=\"elementor-widget-wrap elementor-element-populated\">\n\t\t\t\t\t\t<div class=\"elementor-element elementor-element-38475c7 elementor-widget elementor-widget-heading\" data-id=\"38475c7\" data-element_type=\"widget\" data-e-type=\"widget\" data-widget_type=\"heading.default\">\n\t\t\t\t\t<h2 class=\"elementor-heading-title elementor-size-default elementor-heading-title elementor-align-after-center\">Do benefit from organic\nattractive ambala\u017eu!<\/h2>\t\t\t\t<\/div>\n\t\t\t\t<div class=\"elementor-element elementor-element-51fcdae7 elementor-widget elementor-widget-sm-default-button\" data-id=\"51fcdae7\" data-element_type=\"widget\" data-e-type=\"widget\" data-widget_type=\"sm-default-button.default\">\n\t\t\t\t<div class=\"elementor-widget-container\">\n\t\t\t\t\t\n\t\t\t\t<a   href=\"https:\/\/papirol.si\/en\/potraznja\/papirne-kese-za-nosenje\/\" class=\"btn\">Joke's upit<i class=\"ti ti-arrow-right\"><\/i><\/a>\n\t\t\n\t\t\t\t\t<\/div>\n\t\t\t\t<\/div>\n\t\t\t\t\t<\/div>\n\t\t<\/div>\n\t\t\t\t\t<\/div>\n\t\t<\/section>\n\t\t\t\t<\/div>","protected":false},"excerpt":{"rendered":"<p>Papirne kese za no\u0161enje bela natura napravljene su od belog glatkog natron papira, sa veoma korisnom papirnom ravnom&#8230;<\/p>","protected":false},"author":5,"featured_media":0,"parent":4014,"menu_order":0,"comment_status":"closed","ping_status":"closed","template":"elementor_header_footer","meta":{"footnotes":""},"class_list":["post-4025","page","type-page","status-publish","hentry"],"yoast_head":"<!-- This site is optimized with the Yoast SEO plugin v27.3 - https:\/\/yoast.com\/product\/yoast-seo-wordpress\/ -->\n<title>Kese za no\u0161enje bela natura sa ravnom ru\u010dkom | Papirol<\/title>\n<meta name=\"robots\" content=\"index, follow, max-snippet:-1, max-image-preview:large, max-video-preview:-1\" \/>\n<link rel=\"canonical\" href=\"https:\/\/papirol.si\/en\/sales-programme\/paper-carrier-bags\/carrier-bags-white-natura-ploscati-rocaj\/\" \/>\n<meta property=\"og:locale\" content=\"en_GB\" \/>\n<meta property=\"og:type\" content=\"article\" \/>\n<meta property=\"og:title\" content=\"Kese za no\u0161enje bela natura sa ravnom ru\u010dkom | Papirol\" \/>\n<meta property=\"og:description\" content=\"Papirne kese za no\u0161enje bela natura napravljene su od belog glatkog natron papira, sa veoma korisnom papirnom ravnom...\" \/>\n<meta property=\"og:url\" content=\"https:\/\/papirol.si\/en\/sales-programme\/paper-carrier-bags\/carrier-bags-white-natura-ploscati-rocaj\/\" \/>\n<meta property=\"og:site_name\" content=\"Papirol\" \/>\n<meta property=\"article:modified_time\" content=\"2023-05-10T09:23:50+00:00\" \/>\n<meta name=\"twitter:card\" content=\"summary_large_image\" \/>\n<meta name=\"twitter:label1\" content=\"Estimated reading time\" \/>\n\t<meta name=\"twitter:data1\" content=\"2 minutes\" \/>\n<script type=\"application\/ld+json\" class=\"yoast-schema-graph\">{\"@context\":\"https:\\\/\\\/schema.org\",\"@graph\":[{\"@type\":\"WebPage\",\"@id\":\"https:\\\/\\\/papirol.si\\\/prodajni-program\\\/nosilne-papirnate-vrecke\\\/nosilne-vrecke-bela-natura-ploscati-rocaj\\\/\",\"url\":\"https:\\\/\\\/papirol.si\\\/prodajni-program\\\/nosilne-papirnate-vrecke\\\/nosilne-vrecke-bela-natura-ploscati-rocaj\\\/\",\"name\":\"Kese za no\u0161enje bela natura sa ravnom ru\u010dkom | Papirol\",\"isPartOf\":{\"@id\":\"https:\\\/\\\/papirol.si\\\/#website\"},\"datePublished\":\"2023-05-08T08:17:18+00:00\",\"dateModified\":\"2023-05-10T09:23:50+00:00\",\"breadcrumb\":{\"@id\":\"https:\\\/\\\/papirol.si\\\/prodajni-program\\\/nosilne-papirnate-vrecke\\\/nosilne-vrecke-bela-natura-ploscati-rocaj\\\/#breadcrumb\"},\"inLanguage\":\"en-GB\",\"potentialAction\":[{\"@type\":\"ReadAction\",\"target\":[\"https:\\\/\\\/papirol.si\\\/prodajni-program\\\/nosilne-papirnate-vrecke\\\/nosilne-vrecke-bela-natura-ploscati-rocaj\\\/\"]}]},{\"@type\":\"BreadcrumbList\",\"@id\":\"https:\\\/\\\/papirol.si\\\/prodajni-program\\\/nosilne-papirnate-vrecke\\\/nosilne-vrecke-bela-natura-ploscati-rocaj\\\/#breadcrumb\",\"itemListElement\":[{\"@type\":\"ListItem\",\"position\":1,\"name\":\"Home\",\"item\":\"https:\\\/\\\/papirol.si\\\/\"},{\"@type\":\"ListItem\",\"position\":2,\"name\":\"Prodajni program\",\"item\":\"https:\\\/\\\/papirol.si\\\/sr\\\/prodajni-program\\\/\"},{\"@type\":\"ListItem\",\"position\":3,\"name\":\"Papirne kese za no\u0161enje\",\"item\":\"https:\\\/\\\/papirol.si\\\/sr\\\/prodajni-program\\\/papirne-kese-za-nosenje\\\/\"},{\"@type\":\"ListItem\",\"position\":4,\"name\":\"Kese za no\u0161enje bela natura sa ravnom ru\u010dkom\"}]},{\"@type\":\"WebSite\",\"@id\":\"https:\\\/\\\/papirol.si\\\/#website\",\"url\":\"https:\\\/\\\/papirol.si\\\/\",\"name\":\"Papirol\",\"description\":\"Obla\u010dimo va\u0161e izdelke \u017ee 36 let!\",\"publisher\":{\"@id\":\"https:\\\/\\\/papirol.si\\\/#organization\"},\"potentialAction\":[{\"@type\":\"SearchAction\",\"target\":{\"@type\":\"EntryPoint\",\"urlTemplate\":\"https:\\\/\\\/papirol.si\\\/?s={search_term_string}\"},\"query-input\":{\"@type\":\"PropertyValueSpecification\",\"valueRequired\":true,\"valueName\":\"search_term_string\"}}],\"inLanguage\":\"en-GB\"},{\"@type\":\"Organization\",\"@id\":\"https:\\\/\\\/papirol.si\\\/#organization\",\"name\":\"Papirol\",\"url\":\"https:\\\/\\\/papirol.si\\\/\",\"logo\":{\"@type\":\"ImageObject\",\"inLanguage\":\"en-GB\",\"@id\":\"https:\\\/\\\/papirol.si\\\/#\\\/schema\\\/logo\\\/image\\\/\",\"url\":\"https:\\\/\\\/papirol.si\\\/wp-content\\\/uploads\\\/2019\\\/12\\\/papirol-bela.png\",\"contentUrl\":\"https:\\\/\\\/papirol.si\\\/wp-content\\\/uploads\\\/2019\\\/12\\\/papirol-bela.png\",\"width\":400,\"height\":80,\"caption\":\"Papirol\"},\"image\":{\"@id\":\"https:\\\/\\\/papirol.si\\\/#\\\/schema\\\/logo\\\/image\\\/\"}}]}<\/script>\n<!-- \/ Yoast SEO plugin. -->","yoast_head_json":{"title":"Carrying bag bela natura with flat handle | Papirol","robots":{"index":"index","follow":"follow","max-snippet":"max-snippet:-1","max-image-preview":"max-image-preview:large","max-video-preview":"max-video-preview:-1"},"canonical":"https:\/\/papirol.si\/en\/sales-programme\/paper-carrier-bags\/carrier-bags-white-natura-ploscati-rocaj\/","og_locale":"en_GB","og_type":"article","og_title":"Kese za no\u0161enje bela natura sa ravnom ru\u010dkom | Papirol","og_description":"Papirne kese za no\u0161enje bela natura napravljene su od belog glatkog natron papira, sa veoma korisnom papirnom ravnom...","og_url":"https:\/\/papirol.si\/en\/sales-programme\/paper-carrier-bags\/carrier-bags-white-natura-ploscati-rocaj\/","og_site_name":"Papirol","article_modified_time":"2023-05-10T09:23:50+00:00","twitter_card":"summary_large_image","twitter_misc":{"Estimated reading time":"2 minutes"},"schema":{"@context":"https:\/\/schema.org","@graph":[{"@type":"WebPage","@id":"https:\/\/papirol.si\/prodajni-program\/nosilne-papirnate-vrecke\/nosilne-vrecke-bela-natura-ploscati-rocaj\/","url":"https:\/\/papirol.si\/prodajni-program\/nosilne-papirnate-vrecke\/nosilne-vrecke-bela-natura-ploscati-rocaj\/","name":"Carrying bag bela natura with flat handle | Papirol","isPartOf":{"@id":"https:\/\/papirol.si\/#website"},"datePublished":"2023-05-08T08:17:18+00:00","dateModified":"2023-05-10T09:23:50+00:00","breadcrumb":{"@id":"https:\/\/papirol.si\/prodajni-program\/nosilne-papirnate-vrecke\/nosilne-vrecke-bela-natura-ploscati-rocaj\/#breadcrumb"},"inLanguage":"en-GB","potentialAction":[{"@type":"ReadAction","target":["https:\/\/papirol.si\/prodajni-program\/nosilne-papirnate-vrecke\/nosilne-vrecke-bela-natura-ploscati-rocaj\/"]}]},{"@type":"BreadcrumbList","@id":"https:\/\/papirol.si\/prodajni-program\/nosilne-papirnate-vrecke\/nosilne-vrecke-bela-natura-ploscati-rocaj\/#breadcrumb","itemListElement":[{"@type":"ListItem","position":1,"name":"Home","item":"https:\/\/papirol.si\/"},{"@type":"ListItem","position":2,"name":"Prodajni program","item":"https:\/\/papirol.si\/sr\/prodajni-program\/"},{"@type":"ListItem","position":3,"name":"Papirne kese za no\u0161enje","item":"https:\/\/papirol.si\/sr\/prodajni-program\/papirne-kese-za-nosenje\/"},{"@type":"ListItem","position":4,"name":"Kese za no\u0161enje bela natura sa ravnom ru\u010dkom"}]},{"@type":"WebSite","@id":"https:\/\/papirol.si\/#website","url":"https:\/\/papirol.si\/","name":"Papirol","description":"We've been dressing your products for 36 years!","publisher":{"@id":"https:\/\/papirol.si\/#organization"},"potentialAction":[{"@type":"SearchAction","target":{"@type":"EntryPoint","urlTemplate":"https:\/\/papirol.si\/?s={search_term_string}"},"query-input":{"@type":"PropertyValueSpecification","valueRequired":true,"valueName":"search_term_string"}}],"inLanguage":"en-GB"},{"@type":"Organization","@id":"https:\/\/papirol.si\/#organization","name":"Papirol","url":"https:\/\/papirol.si\/","logo":{"@type":"ImageObject","inLanguage":"en-GB","@id":"https:\/\/papirol.si\/#\/schema\/logo\/image\/","url":"https:\/\/papirol.si\/wp-content\/uploads\/2019\/12\/papirol-bela.png","contentUrl":"https:\/\/papirol.si\/wp-content\/uploads\/2019\/12\/papirol-bela.png","width":400,"height":80,"caption":"Papirol"},"image":{"@id":"https:\/\/papirol.si\/#\/schema\/logo\/image\/"}}]}},"_links":{"self":[{"href":"https:\/\/papirol.si\/en\/wp-json\/wp\/v2\/pages\/4025","targetHints":{"allow":["GET"]}}],"collection":[{"href":"https:\/\/papirol.si\/en\/wp-json\/wp\/v2\/pages"}],"about":[{"href":"https:\/\/papirol.si\/en\/wp-json\/wp\/v2\/types\/page"}],"author":[{"embeddable":true,"href":"https:\/\/papirol.si\/en\/wp-json\/wp\/v2\/users\/5"}],"replies":[{"embeddable":true,"href":"https:\/\/papirol.si\/en\/wp-json\/wp\/v2\/comments?post=4025"}],"version-history":[{"count":6,"href":"https:\/\/papirol.si\/en\/wp-json\/wp\/v2\/pages\/4025\/revisions"}],"predecessor-version":[{"id":4279,"href":"https:\/\/papirol.si\/en\/wp-json\/wp\/v2\/pages\/4025\/revisions\/4279"}],"up":[{"embeddable":true,"href":"https:\/\/papirol.si\/en\/wp-json\/wp\/v2\/pages\/4014"}],"wp:attachment":[{"href":"https:\/\/papirol.si\/en\/wp-json\/wp\/v2\/media?parent=4025"}],"curies":[{"name":"wp","href":"https:\/\/api.w.org\/{rel}","templated":true}]}}