{"id":4518,"date":"2025-07-07T16:17:31","date_gmt":"2025-07-07T14:17:31","guid":{"rendered":"https:\/\/papirol.si\/?page_id=4518"},"modified":"2025-07-07T16:41:55","modified_gmt":"2025-07-07T14:41:55","slug":"verpackung-fuer-online-shops","status":"publish","type":"page","link":"https:\/\/papirol.si\/en\/produktsortiment\/verpackung-fuer-online-shops\/","title":{"rendered":"Verpackung f\u00fcr Online-Shops"},"content":{"rendered":"<div data-elementor-type=\"wp-page\" data-elementor-id=\"4518\" class=\"elementor elementor-4518\" data-elementor-post-type=\"page\">\n\t\t\t\t\t\t<section class=\"elementor-section elementor-inner-section elementor-element elementor-element-41f92015 elementor-section-boxed elementor-section-height-default elementor-section-height-default\" data-id=\"41f92015\" data-element_type=\"section\" data-e-type=\"section\" id=\"prodajni-list\" data-settings=\"{&quot;background_background&quot;:&quot;classic&quot;}\">\n\t\t\t\t\t\t<div class=\"elementor-container elementor-column-gap-default\">\n\t\t\t\t\t<div class=\"elementor-column elementor-col-50 elementor-inner-column elementor-element elementor-element-30dc705e\" data-id=\"30dc705e\" data-element_type=\"column\" data-e-type=\"column\">\n\t\t\t<div class=\"elementor-widget-wrap elementor-element-populated\">\n\t\t\t\t\t\t<div class=\"elementor-element elementor-element-78387fae prodajni-tile elementor-position-top elementor-widget elementor-widget-image-box\" data-id=\"78387fae\" data-element_type=\"widget\" data-e-type=\"widget\" data-widget_type=\"image-box.default\">\n\t\t\t\t\t<div class=\"elementor-image-box-wrapper\"><figure class=\"elementor-image-box-img\"><a href=\"\/en\/sales-programme\/wrapping-embalping-paper-in-format\/wrapping-paper-2\/wrapping-paper-natura-2\/\" tabindex=\"-1\"><img fetchpriority=\"high\" decoding=\"async\" width=\"423\" height=\"293\" src=\"https:\/\/papirol.si\/wp-content\/uploads\/2020\/01\/0dts2n5a.jpg\" class=\"attachment-full size-full wp-image-2297\" alt=\"\" srcset=\"https:\/\/papirol.si\/wp-content\/uploads\/2020\/01\/0dts2n5a.jpg 423w, https:\/\/papirol.si\/wp-content\/uploads\/2020\/01\/0dts2n5a-300x208.jpg 300w, https:\/\/papirol.si\/wp-content\/uploads\/2020\/01\/0dts2n5a-285x197.jpg 285w, https:\/\/papirol.si\/wp-content\/uploads\/2020\/01\/0dts2n5a-150x104.jpg 150w\" sizes=\"(max-width: 423px) 100vw, 423px\" \/><\/a><\/figure><div class=\"elementor-image-box-content\"><h3 class=\"elementor-image-box-title\"><a href=\"\/en\/sales-programme\/wrapping-embalping-paper-in-format\/wrapping-paper-2\/wrapping-paper-natura-2\/\">Natura-Packpaper<\/a><\/h3><p class=\"elementor-image-box-description\">Nat\u00fcrlich braunes Natron-Packpapier.\n<br><br>\n<strong>Geeignet f\u00fcr:<\/strong>\n\n<ul> <li>Verpackung von Lebensmitteln und anderen Nahrungsmitteln<\/li> <li>Einpacken und Dekorieren von Produkten verschiedener Art<\/li> <li>F\u00fcllen von Hohlr\u00e4umen in anderer Verpackung<\/li> <li>Kreativworkshops in Schulen und Kinderg\u00e4rten<\/li> <li>Verpacken von Paketen<\/li> <li>Erh\u00e4ltlich in B\u00f6gen or Rollen<\/li> <\/ul><\/p><\/div><\/div>\t\t\t\t<\/div>\n\t\t\t\t<div class=\"elementor-element elementor-element-2df32bdc prodajni-tile elementor-position-top elementor-widget elementor-widget-image-box\" data-id=\"2df32bdc\" data-element_type=\"widget\" data-e-type=\"widget\" data-widget_type=\"image-box.default\">\n\t\t\t\t\t<div class=\"elementor-image-box-wrapper\"><figure class=\"elementor-image-box-img\"><a href=\"\/en\/sales-programme\/wrapping-embalping-paper-in-format\/wrapping-paper-2\/wrapping-paper-parchment\/\" tabindex=\"-1\"><img decoding=\"async\" width=\"422\" height=\"319\" src=\"https:\/\/papirol.si\/wp-content\/uploads\/2020\/01\/30m8b4hf.jpg\" class=\"attachment-full size-full wp-image-2299\" alt=\"\" srcset=\"https:\/\/papirol.si\/wp-content\/uploads\/2020\/01\/30m8b4hf.jpg 422w, https:\/\/papirol.si\/wp-content\/uploads\/2020\/01\/30m8b4hf-300x227.jpg 300w, https:\/\/papirol.si\/wp-content\/uploads\/2020\/01\/30m8b4hf-285x215.jpg 285w, https:\/\/papirol.si\/wp-content\/uploads\/2020\/01\/30m8b4hf-150x113.jpg 150w\" sizes=\"(max-width: 422px) 100vw, 422px\" \/><\/a><\/figure><div class=\"elementor-image-box-content\"><h3 class=\"elementor-image-box-title\"><a href=\"\/en\/sales-programme\/wrapping-embalping-paper-in-format\/wrapping-paper-2\/wrapping-paper-parchment\/\">Parchment Paper<\/a><\/h3><p class=\"elementor-image-box-description\">Wei\u00dfes, transpares, elegantes und hochwertiges Packpapier. Fettabweisend.\n<br><br>\n<strong>Geeignet f\u00fcr:<\/strong>\n\n<ul> <li>\u00c4sthetisches Einpacken und Dekorieren von Produkten<\/li> <li>Als Zwischenlage in Geschenkverpackungen, vor allem bei hochwertigen Produkten<\/li> <li>Als Zwischenlage in Verpackungen, z. B. f\u00fcr Schokolade, Kekse usw.<\/li> <\/ul><\/p><\/div><\/div>\t\t\t\t<\/div>\n\t\t\t\t\t<\/div>\n\t\t<\/div>\n\t\t\t\t<div class=\"elementor-column elementor-col-50 elementor-inner-column elementor-element elementor-element-297e083d\" data-id=\"297e083d\" data-element_type=\"column\" data-e-type=\"column\">\n\t\t\t<div class=\"elementor-widget-wrap elementor-element-populated\">\n\t\t\t\t\t\t<div class=\"elementor-element elementor-element-4cfa0aea prodajni-tile elementor-position-top elementor-widget elementor-widget-image-box\" data-id=\"4cfa0aea\" data-element_type=\"widget\" data-e-type=\"widget\" data-widget_type=\"image-box.default\">\n\t\t\t\t\t<div class=\"elementor-image-box-wrapper\"><figure class=\"elementor-image-box-img\"><a href=\"\/en\/sales-programme\/wrapping-embalping-paper-in-format\/wrapping-paper-2\/wrapping-paper-white-nature\/\" tabindex=\"-1\"><img decoding=\"async\" width=\"415\" height=\"283\" src=\"https:\/\/papirol.si\/wp-content\/uploads\/2020\/01\/fn00hpxs.jpg\" class=\"attachment-full size-full wp-image-2298\" alt=\"\" srcset=\"https:\/\/papirol.si\/wp-content\/uploads\/2020\/01\/fn00hpxs.jpg 415w, https:\/\/papirol.si\/wp-content\/uploads\/2020\/01\/fn00hpxs-300x205.jpg 300w, https:\/\/papirol.si\/wp-content\/uploads\/2020\/01\/fn00hpxs-285x194.jpg 285w, https:\/\/papirol.si\/wp-content\/uploads\/2020\/01\/fn00hpxs-150x102.jpg 150w\" sizes=\"(max-width: 415px) 100vw, 415px\" \/><\/a><\/figure><div class=\"elementor-image-box-content\"><h3 class=\"elementor-image-box-title\"><a href=\"\/en\/sales-programme\/wrapping-embalping-paper-in-format\/wrapping-paper-2\/wrapping-paper-white-nature\/\">Wei\u00dfes Natura-Packing paper<\/a><\/h3><p class=\"elementor-image-box-description\">Wei\u00dfes Natron-Packpapier.\n<br><br>\n<strong>Geeignet f\u00fcr:<\/strong>\n\n<ul> <li>Verpackung von Lebensmitteln und anderen Nahrungsmitteln<\/li> <li>Einpacken und Dekorieren von Produkten verschiedener Art<\/li> <li>F\u00fcllen von Hohlr\u00e4umen in anderer Verpackung<\/li> <li>Kreativworkshops in Schulen und Kinderg\u00e4rten<\/li> <li>Erh\u00e4ltlich in B\u00f6gen or Rollen<\/li> <\/ul><\/p><\/div><\/div>\t\t\t\t<\/div>\n\t\t\t\t\t<\/div>\n\t\t<\/div>\n\t\t\t\t\t<\/div>\n\t\t<\/section>\n\t\t\t\t<section class=\"elementor-section elementor-top-section elementor-element elementor-element-1b6ba5f4 elementor-section-boxed elementor-section-height-default elementor-section-height-default\" data-id=\"1b6ba5f4\" data-element_type=\"section\" data-e-type=\"section\" id=\"product-bio-tbl\" data-settings=\"{&quot;background_background&quot;:&quot;classic&quot;}\">\n\t\t\t\t\t\t<div class=\"elementor-container elementor-column-gap-default\">\n\t\t\t\t\t<div class=\"elementor-column elementor-col-100 elementor-top-column elementor-element elementor-element-2dbbc036\" data-id=\"2dbbc036\" data-element_type=\"column\" data-e-type=\"column\">\n\t\t\t<div class=\"elementor-widget-wrap elementor-element-populated\">\n\t\t\t\t\t\t<div class=\"elementor-element elementor-element-11ce7806 elementor-widget elementor-widget-text-editor\" data-id=\"11ce7806\" data-element_type=\"widget\" data-e-type=\"widget\" data-widget_type=\"text-editor.default\">\n\t\t\t\t\t\t\t\t\t<table>\n  <tbody>\n    <tr>\n      <td><b>PRODUCTNAME<\/b><\/td>\n      <td><b>STANDARDMAY<\/b><\/td>\n      <td><b>VERPACKUNG<\/b><\/td>\n    <\/tr>\n    <tr>\n      <td class=\"imVc\">\n        <div class=\"imTACenter\"><span class=\"fs11lh1-5 ff1\">Wei\u00dfes Packpapier 40 g<\/span><\/div>\n      <\/td>\n      <td class=\"imVc\">\n        <div class=\"imTACenter\"><span class=\"fs11lh1-5 ff1\">Rollenbreite: 70 cm<\/span><\/div>\n      <\/td>\n      <td class=\"imVc\">\n        <div class=\"imTACenter\"><span class=\"fs11lh1-5 ff1\">3 kg \/ 100 m<\/span><\/div>\n      <\/td>\n    <\/tr>\n    <tr>\n      <td class=\"imVc\">\n        <div class=\"imTACenter\"><span class=\"fs11lh1-5 ff1\">Packing paper<\/span><\/div>\n      <\/td>\n      <td class=\"imVc\">\n        <div class=\"imTACenter\"><span class=\"fs11lh1-5 ff1\">Rollenbreite: 70 cm<\/span><\/div>\n      <\/td>\n      <td class=\"imVc\">\n        <div class=\"imTACenter\"><span class=\"fs11lh1-5 ff1\">3 kg \/ 100 m<\/span><\/div>\n      <\/td>\n    <\/tr>\n    <tr>\n      <td class=\"imVc\">\n        <div class=\"imTACenter\"><span class=\"fs11lh1-5 ff1\">Beidseitig gef\u00e4rbtes Packpapier<\/span><\/div>\n      <\/td>\n      <td class=\"imVc\">\n        <div class=\"imTACenter\"><span class=\"fs11lh1-5 ff1\">Rollenbreite: 70 cm<\/span><\/div>\n      <\/td>\n      <td class=\"imVc\">\n        <div class=\"imTACenter\"><span class=\"fs11lh1-5 ff1\">3 kg \/ 100 m<\/span><\/div>\n      <\/td>\n    <\/tr>\n    <tr>\n      <td class=\"imVc\">\n        <div class=\"imTACenter\"><span class=\"fs11lh1-5 ff1\">Parchment paper wei\u00df<\/span><\/div>\n      <\/td>\n      <td class=\"imVc\">\n        <div class=\"imTACenter\"><span class=\"fs11lh1-5 ff1\">Rollenbreite: 70 cm<\/span><\/div>\n      <\/td>\n      <td class=\"imVc\">\n        <div class=\"imTACenter\"><span class=\"fs11lh1-5 ff1\">3 kg \/ 100 m<\/span><\/div>\n      <\/td>\n    <\/tr>\n    <tr>\n      <td class=\"imVc\">\n        <div class=\"imTACenter\"><span class=\"fs11lh1-5 ff1\">Goldenes Packpapier<\/span><\/div>\n      <\/td>\n      <td class=\"imVc\">\n        <div class=\"imTACenter\"><span class=\"fs11lh1-5 ff1\">Rollenbreite: 70 cm<\/span><\/div>\n      <\/td>\n      <td class=\"imVc\">\n        <div class=\"imTACenter\"><span class=\"fs11lh1-5 ff1\">3 kg \/ 100 m<\/span><\/div>\n      <\/td>\n    <\/tr>\n    <tr>\n      <td class=\"imVc\">\n        <div class=\"imTACenter\"><span class=\"fs11lh1-5 ff1\">Silbernes Packing paper<\/span><\/div>\n      <\/td>\n      <td class=\"imVc\">\n        <div class=\"imTACenter\"><span class=\"fs11lh1-5 ff1\">Rollenbreite: 70 cm<\/span><\/div>\n      <\/td>\n      <td class=\"imVc\">\n        <div class=\"imTACenter\"><span class=\"fs11lh1-5 ff1\">3 kg \/ 100 m<\/span><\/div>\n      <\/td>\n    <\/tr>\n    <tr>\n      <td class=\"imVc\">\n        <div class=\"imTACenter\"><span class=\"fs11lh1-5 ff1\">Packpapier mit saisonalen Motiven<\/span><\/div>\n      <\/td>\n      <td class=\"imVc\">\n        <div class=\"imTACenter\"><span class=\"fs11lh1-5 ff1\">Rollenbreite: 100 cm<\/span><\/div>\n      <\/td>\n      <td class=\"imVc\">\n        <div class=\"imTACenter\"><span class=\"fs11lh1-5 ff1\">3 kg \/ 100 m<\/span><\/div>\n      <\/td>\n    <\/tr>\n    <tr>\n      <td class=\"imVc\">\n        <div class=\"imTACenter\"><span class=\"fs11lh1-5 ff1\">Zellophan mit Trauermotiv<\/span><\/div>\n      <\/td>\n      <td class=\"imVc\">\n        <div class=\"imTACenter\"><span class=\"fs11lh1-5 ff1\">Rollenbreite: 100 cm<\/span><\/div>\n      <\/td>\n      <td class=\"imVc\">\n        <div class=\"imTACenter\"><span class=\"fs11lh1-5 ff1\">3 kg \/ 100 m<\/span><\/div>\n      <\/td>\n    <\/tr>\n  <\/tbody>\n<\/table>\n\t\t\t\t\t\t\t\t<\/div>\n\t\t\t\t\t<\/div>\n\t\t<\/div>\n\t\t\t\t\t<\/div>\n\t\t<\/section>\n\t\t\t\t<\/div>","protected":false},"excerpt":{"rendered":"<p>Natura-Packpapier Nat\u00fcrlich braunes Natron-Packpapier. Geeignet f\u00fcr: Verpackung von Lebensmitteln und anderen Nahrungsmitteln Einpacken und Dekorieren von Produkten verschiedener&#8230;<\/p>","protected":false},"author":5,"featured_media":0,"parent":3403,"menu_order":0,"comment_status":"closed","ping_status":"closed","template":"elementor_header_footer","meta":{"footnotes":""},"class_list":["post-4518","page","type-page","status-publish","hentry"],"yoast_head":"<!-- This site is optimized with the Yoast SEO plugin v27.3 - https:\/\/yoast.com\/product\/yoast-seo-wordpress\/ -->\n<title>Verpackung f\u00fcr Online-Shops | Papirol<\/title>\n<meta name=\"robots\" content=\"index, follow, max-snippet:-1, max-image-preview:large, max-video-preview:-1\" \/>\n<link rel=\"canonical\" href=\"https:\/\/papirol.si\/en\/product-range\/verpackung-fuer-online-shops\/\" \/>\n<meta property=\"og:locale\" content=\"en_GB\" \/>\n<meta property=\"og:type\" content=\"article\" \/>\n<meta property=\"og:title\" content=\"Verpackung f\u00fcr Online-Shops | Papirol\" \/>\n<meta property=\"og:description\" content=\"Natura-Packpapier Nat\u00fcrlich braunes Natron-Packpapier. Geeignet f\u00fcr: Verpackung von Lebensmitteln und anderen Nahrungsmitteln Einpacken und Dekorieren von Produkten verschiedener...\" \/>\n<meta property=\"og:url\" content=\"https:\/\/papirol.si\/en\/product-range\/verpackung-fuer-online-shops\/\" \/>\n<meta property=\"og:site_name\" content=\"Papirol\" \/>\n<meta property=\"article:modified_time\" content=\"2025-07-07T14:41:55+00:00\" \/>\n<meta property=\"og:image\" content=\"https:\/\/papirol.si\/wp-content\/uploads\/2020\/01\/0dts2n5a.jpg\" \/>\n\t<meta property=\"og:image:width\" content=\"423\" \/>\n\t<meta property=\"og:image:height\" content=\"293\" \/>\n\t<meta property=\"og:image:type\" content=\"image\/jpeg\" \/>\n<meta name=\"twitter:card\" content=\"summary_large_image\" \/>\n<meta name=\"twitter:label1\" content=\"Estimated reading time\" \/>\n\t<meta name=\"twitter:data1\" content=\"2 minutes\" \/>\n<script type=\"application\/ld+json\" class=\"yoast-schema-graph\">{\"@context\":\"https:\\\/\\\/schema.org\",\"@graph\":[{\"@type\":\"WebPage\",\"@id\":\"https:\\\/\\\/papirol.si\\\/de\\\/produktsortiment\\\/verpackung-fuer-online-shops\\\/\",\"url\":\"https:\\\/\\\/papirol.si\\\/de\\\/produktsortiment\\\/verpackung-fuer-online-shops\\\/\",\"name\":\"Verpackung f\u00fcr Online-Shops | Papirol\",\"isPartOf\":{\"@id\":\"https:\\\/\\\/papirol.si\\\/#website\"},\"primaryImageOfPage\":{\"@id\":\"https:\\\/\\\/papirol.si\\\/de\\\/produktsortiment\\\/verpackung-fuer-online-shops\\\/#primaryimage\"},\"image\":{\"@id\":\"https:\\\/\\\/papirol.si\\\/de\\\/produktsortiment\\\/verpackung-fuer-online-shops\\\/#primaryimage\"},\"thumbnailUrl\":\"https:\\\/\\\/papirol.si\\\/wp-content\\\/uploads\\\/2020\\\/01\\\/0dts2n5a.jpg\",\"datePublished\":\"2025-07-07T14:17:31+00:00\",\"dateModified\":\"2025-07-07T14:41:55+00:00\",\"breadcrumb\":{\"@id\":\"https:\\\/\\\/papirol.si\\\/de\\\/produktsortiment\\\/verpackung-fuer-online-shops\\\/#breadcrumb\"},\"inLanguage\":\"en-GB\",\"potentialAction\":[{\"@type\":\"ReadAction\",\"target\":[\"https:\\\/\\\/papirol.si\\\/de\\\/produktsortiment\\\/verpackung-fuer-online-shops\\\/\"]}]},{\"@type\":\"ImageObject\",\"inLanguage\":\"en-GB\",\"@id\":\"https:\\\/\\\/papirol.si\\\/de\\\/produktsortiment\\\/verpackung-fuer-online-shops\\\/#primaryimage\",\"url\":\"https:\\\/\\\/papirol.si\\\/wp-content\\\/uploads\\\/2020\\\/01\\\/0dts2n5a.jpg\",\"contentUrl\":\"https:\\\/\\\/papirol.si\\\/wp-content\\\/uploads\\\/2020\\\/01\\\/0dts2n5a.jpg\"},{\"@type\":\"BreadcrumbList\",\"@id\":\"https:\\\/\\\/papirol.si\\\/de\\\/produktsortiment\\\/verpackung-fuer-online-shops\\\/#breadcrumb\",\"itemListElement\":[{\"@type\":\"ListItem\",\"position\":1,\"name\":\"Home\",\"item\":\"https:\\\/\\\/papirol.si\\\/\"},{\"@type\":\"ListItem\",\"position\":2,\"name\":\"Produktsortiment\",\"item\":\"https:\\\/\\\/papirol.si\\\/de\\\/produktsortiment\\\/\"},{\"@type\":\"ListItem\",\"position\":3,\"name\":\"Verpackung f\u00fcr Online-Shops\"}]},{\"@type\":\"WebSite\",\"@id\":\"https:\\\/\\\/papirol.si\\\/#website\",\"url\":\"https:\\\/\\\/papirol.si\\\/\",\"name\":\"Papirol\",\"description\":\"Obla\u010dimo va\u0161e izdelke \u017ee 36 let!\",\"publisher\":{\"@id\":\"https:\\\/\\\/papirol.si\\\/#organization\"},\"potentialAction\":[{\"@type\":\"SearchAction\",\"target\":{\"@type\":\"EntryPoint\",\"urlTemplate\":\"https:\\\/\\\/papirol.si\\\/?s={search_term_string}\"},\"query-input\":{\"@type\":\"PropertyValueSpecification\",\"valueRequired\":true,\"valueName\":\"search_term_string\"}}],\"inLanguage\":\"en-GB\"},{\"@type\":\"Organization\",\"@id\":\"https:\\\/\\\/papirol.si\\\/#organization\",\"name\":\"Papirol\",\"url\":\"https:\\\/\\\/papirol.si\\\/\",\"logo\":{\"@type\":\"ImageObject\",\"inLanguage\":\"en-GB\",\"@id\":\"https:\\\/\\\/papirol.si\\\/#\\\/schema\\\/logo\\\/image\\\/\",\"url\":\"https:\\\/\\\/papirol.si\\\/wp-content\\\/uploads\\\/2019\\\/12\\\/papirol-bela.png\",\"contentUrl\":\"https:\\\/\\\/papirol.si\\\/wp-content\\\/uploads\\\/2019\\\/12\\\/papirol-bela.png\",\"width\":400,\"height\":80,\"caption\":\"Papirol\"},\"image\":{\"@id\":\"https:\\\/\\\/papirol.si\\\/#\\\/schema\\\/logo\\\/image\\\/\"}}]}<\/script>\n<!-- \/ Yoast SEO plugin. -->","yoast_head_json":{"title":"Verpackung f\u00fcr Online-Shops | Papirol","robots":{"index":"index","follow":"follow","max-snippet":"max-snippet:-1","max-image-preview":"max-image-preview:large","max-video-preview":"max-video-preview:-1"},"canonical":"https:\/\/papirol.si\/en\/product-range\/verpackung-fuer-online-shops\/","og_locale":"en_GB","og_type":"article","og_title":"Verpackung f\u00fcr Online-Shops | Papirol","og_description":"Natura-Packpapier Nat\u00fcrlich braunes Natron-Packpapier. Geeignet f\u00fcr: Verpackung von Lebensmitteln und anderen Nahrungsmitteln Einpacken und Dekorieren von Produkten verschiedener...","og_url":"https:\/\/papirol.si\/en\/product-range\/verpackung-fuer-online-shops\/","og_site_name":"Papirol","article_modified_time":"2025-07-07T14:41:55+00:00","og_image":[{"width":423,"height":293,"url":"https:\/\/papirol.si\/wp-content\/uploads\/2020\/01\/0dts2n5a.jpg","type":"image\/jpeg"}],"twitter_card":"summary_large_image","twitter_misc":{"Estimated reading time":"2 minutes"},"schema":{"@context":"https:\/\/schema.org","@graph":[{"@type":"WebPage","@id":"https:\/\/papirol.si\/de\/produktsortiment\/verpackung-fuer-online-shops\/","url":"https:\/\/papirol.si\/de\/produktsortiment\/verpackung-fuer-online-shops\/","name":"Verpackung f\u00fcr Online-Shops | Papirol","isPartOf":{"@id":"https:\/\/papirol.si\/#website"},"primaryImageOfPage":{"@id":"https:\/\/papirol.si\/de\/produktsortiment\/verpackung-fuer-online-shops\/#primaryimage"},"image":{"@id":"https:\/\/papirol.si\/de\/produktsortiment\/verpackung-fuer-online-shops\/#primaryimage"},"thumbnailUrl":"https:\/\/papirol.si\/wp-content\/uploads\/2020\/01\/0dts2n5a.jpg","datePublished":"2025-07-07T14:17:31+00:00","dateModified":"2025-07-07T14:41:55+00:00","breadcrumb":{"@id":"https:\/\/papirol.si\/de\/produktsortiment\/verpackung-fuer-online-shops\/#breadcrumb"},"inLanguage":"en-GB","potentialAction":[{"@type":"ReadAction","target":["https:\/\/papirol.si\/de\/produktsortiment\/verpackung-fuer-online-shops\/"]}]},{"@type":"ImageObject","inLanguage":"en-GB","@id":"https:\/\/papirol.si\/de\/produktsortiment\/verpackung-fuer-online-shops\/#primaryimage","url":"https:\/\/papirol.si\/wp-content\/uploads\/2020\/01\/0dts2n5a.jpg","contentUrl":"https:\/\/papirol.si\/wp-content\/uploads\/2020\/01\/0dts2n5a.jpg"},{"@type":"BreadcrumbList","@id":"https:\/\/papirol.si\/de\/produktsortiment\/verpackung-fuer-online-shops\/#breadcrumb","itemListElement":[{"@type":"ListItem","position":1,"name":"Home","item":"https:\/\/papirol.si\/"},{"@type":"ListItem","position":2,"name":"Produktsortiment","item":"https:\/\/papirol.si\/de\/produktsortiment\/"},{"@type":"ListItem","position":3,"name":"Verpackung f\u00fcr Online-Shops"}]},{"@type":"WebSite","@id":"https:\/\/papirol.si\/#website","url":"https:\/\/papirol.si\/","name":"Papirol","description":"We've been dressing your products for 36 years!","publisher":{"@id":"https:\/\/papirol.si\/#organization"},"potentialAction":[{"@type":"SearchAction","target":{"@type":"EntryPoint","urlTemplate":"https:\/\/papirol.si\/?s={search_term_string}"},"query-input":{"@type":"PropertyValueSpecification","valueRequired":true,"valueName":"search_term_string"}}],"inLanguage":"en-GB"},{"@type":"Organization","@id":"https:\/\/papirol.si\/#organization","name":"Papirol","url":"https:\/\/papirol.si\/","logo":{"@type":"ImageObject","inLanguage":"en-GB","@id":"https:\/\/papirol.si\/#\/schema\/logo\/image\/","url":"https:\/\/papirol.si\/wp-content\/uploads\/2019\/12\/papirol-bela.png","contentUrl":"https:\/\/papirol.si\/wp-content\/uploads\/2019\/12\/papirol-bela.png","width":400,"height":80,"caption":"Papirol"},"image":{"@id":"https:\/\/papirol.si\/#\/schema\/logo\/image\/"}}]}},"_links":{"self":[{"href":"https:\/\/papirol.si\/en\/wp-json\/wp\/v2\/pages\/4518","targetHints":{"allow":["GET"]}}],"collection":[{"href":"https:\/\/papirol.si\/en\/wp-json\/wp\/v2\/pages"}],"about":[{"href":"https:\/\/papirol.si\/en\/wp-json\/wp\/v2\/types\/page"}],"author":[{"embeddable":true,"href":"https:\/\/papirol.si\/en\/wp-json\/wp\/v2\/users\/5"}],"replies":[{"embeddable":true,"href":"https:\/\/papirol.si\/en\/wp-json\/wp\/v2\/comments?post=4518"}],"version-history":[{"count":7,"href":"https:\/\/papirol.si\/en\/wp-json\/wp\/v2\/pages\/4518\/revisions"}],"predecessor-version":[{"id":4525,"href":"https:\/\/papirol.si\/en\/wp-json\/wp\/v2\/pages\/4518\/revisions\/4525"}],"up":[{"embeddable":true,"href":"https:\/\/papirol.si\/en\/wp-json\/wp\/v2\/pages\/3403"}],"wp:attachment":[{"href":"https:\/\/papirol.si\/en\/wp-json\/wp\/v2\/media?parent=4518"}],"curies":[{"name":"wp","href":"https:\/\/api.w.org\/{rel}","templated":true}]}}