{"id":1534,"date":"2018-11-22T08:19:30","date_gmt":"2018-11-22T08:19:30","guid":{"rendered":"https:\/\/manufacturer.stylemixthemes.com\/leather\/?page_id=1534"},"modified":"2018-11-22T08:19:30","modified_gmt":"2018-11-22T08:19:30","slug":"%d1%83%d1%81%d0%bb%d1%83%d0%b3%d0%b0","status":"publish","type":"page","link":"https:\/\/papirol.si\/sr\/service\/","title":{"rendered":"\u0423\u0441\u043b\u0443\u0433\u0430"},"content":{"rendered":"<div data-elementor-type=\"wp-post\" data-elementor-id=\"1534\" class=\"elementor elementor-1534 elementor-bc-flex-widget\" data-elementor-post-type=\"page\">\n\t\t\t\t\t\t<section class=\"elementor-section elementor-top-section elementor-element elementor-element-4e13b27 elementor-section-boxed elementor-section-height-default elementor-section-height-default\" data-id=\"4e13b27\" data-element_type=\"section\" data-e-type=\"section\">\n\t\t\t\t\t\t<div class=\"elementor-container elementor-column-gap-default\">\n\t\t\t\t\t<div class=\"elementor-column elementor-col-100 elementor-top-column elementor-element elementor-element-0c54361\" data-id=\"0c54361\" data-element_type=\"column\" data-e-type=\"column\">\n\t\t\t<div class=\"elementor-widget-wrap elementor-element-populated\">\n\t\t\t\t\t\t<div class=\"elementor-element elementor-element-f51497a elementor-widget elementor-widget-heading\" data-id=\"f51497a\" data-element_type=\"widget\" data-e-type=\"widget\" data-widget_type=\"heading.default\">\n\t\t\t\t\t<h2 class=\"elementor-heading-title elementor-size-default elementor-heading-title elementor-align-after-center\">\u041f\u0440\u0438\u0432\u0430\u0442\u043d\u0430 \u043c\u0430\u0440\u043a\u0430<br> \u041a\u043e\u0436\u043d\u0435 \u0442\u043e\u0440\u0431\u0438\u0446\u0435<\/h2>\t\t\t\t<\/div>\n\t\t\t\t<div class=\"elementor-element elementor-element-5e464df elementor-widget elementor-widget-text-editor\" data-id=\"5e464df\" data-element_type=\"widget\" data-e-type=\"widget\" data-widget_type=\"text-editor.default\">\n\t\t\t\t\t\t\t\t\t<p>\u0414\u043e\u0441\u0442\u0443\u043f\u043d\u0435 \u0443 \u043a\u043e\u043b\u0438\u0447\u0438\u043d\u0438 \u043e\u0434 10 \u043a\u043e\u043c\u0430\u0434\u0430, \u043d\u0430\u0448\u0435 \u043a\u043e\u0436\u043d\u0435 \u0442\u043e\u0440\u0431\u0438\u0446\u0435 \u043f\u043e\u0434 \u0441\u043e\u043f\u0441\u0442\u0432\u0435\u043d\u0438\u043c \u0431\u0440\u0435\u043d\u0434\u043e\u043c \u0441\u0443 \u0441\u0430\u0432\u0440\u0448\u0435\u043d\u043e \u043e\u043b\u0438\u0447\u0435\u045a\u0435 \u0441\u0442\u0438\u043b\u0430 \u0438 \u0432\u0438\u0441\u043e\u043a\u043e\u0433 \u043a\u0432\u0430\u043b\u0438\u0442\u0435\u0442\u0430. \u041a\u043e\u0440\u0438\u0441\u0442\u0438\u043c\u043e \u0441\u0430\u043c\u043e \u043d\u0430\u0458\u0444\u0438\u043d\u0438\u0458\u0443 \u0438\u0442\u0430\u043b\u0438\u0458\u0430\u043d\u0441\u043a\u0443 \u043a\u043e\u0436\u0443 \u043a\u0430\u043a\u043e \u0431\u0438\u0441\u043c\u043e \u0443\u0432\u0435\u043a \u0438\u0437\u0440\u0430\u0452\u0438\u0432\u0430\u043b\u0438 \u043d\u0430\u0458\u043a\u0432\u0430\u043b\u0438\u0442\u0435\u0442\u043d\u0438\u0458\u0435 \u0440\u0443\u0447\u043d\u043e \u0440\u0430\u0452\u0435\u043d\u0435 \u0431\u0440\u0435\u043d\u0434\u0438\u0440\u0430\u043d\u0435 \u0442\u043e\u0440\u0431\u0438\u0446\u0435 \u0437\u0430 \u043f\u0440\u043e\u043c\u043e\u0446\u0438\u0458\u0443 \u0432\u0430\u0448\u0435\u0433 \u043f\u043e\u0441\u043b\u043e\u0432\u0430\u045a\u0430.<\/p>\t\t\t\t\t\t\t\t<\/div>\n\t\t\t\t\t<\/div>\n\t\t<\/div>\n\t\t\t\t\t<\/div>\n\t\t<\/section>\n\t\t\t\t<section class=\"elementor-section elementor-inner-section elementor-element elementor-element-bda9ffa elementor-section-boxed elementor-section-height-default elementor-section-height-default\" data-id=\"bda9ffa\" data-element_type=\"section\" data-e-type=\"section\">\n\t\t\t\t\t\t<div class=\"elementor-container elementor-column-gap-default\">\n\t\t\t\t\t<div class=\"elementor-column elementor-col-33 elementor-inner-column elementor-element elementor-element-4df288b\" data-id=\"4df288b\" data-element_type=\"column\" data-e-type=\"column\">\n\t\t\t<div class=\"elementor-widget-wrap elementor-element-populated\">\n\t\t\t\t\t\t<div class=\"elementor-element elementor-element-26a3688 elementor-widget elementor-widget-image\" data-id=\"26a3688\" data-element_type=\"widget\" data-e-type=\"widget\" data-widget_type=\"image.default\">\n\t\t\t\t\t\t\t\t\t\t\t\t\t\t\t<img decoding=\"async\" src=\"https:\/\/manufacturer.stylemixthemes.com\/leather\/wp-content\/uploads\/sites\/7\/2018\/08\/photo-1479219136056-56bb6495a005.jpeg\" title=\"\" alt=\"\" loading=\"lazy\" \/>\t\t\t\t\t\t\t\t\t\t\t\t\t\t\t<\/div>\n\t\t\t\t\t<\/div>\n\t\t<\/div>\n\t\t\t\t<div class=\"elementor-column elementor-col-33 elementor-inner-column elementor-element elementor-element-252d062\" data-id=\"252d062\" data-element_type=\"column\" data-e-type=\"column\">\n\t\t\t<div class=\"elementor-widget-wrap elementor-element-populated\">\n\t\t\t\t\t\t<div class=\"elementor-element elementor-element-b21eaef elementor-widget elementor-widget-image\" data-id=\"b21eaef\" data-element_type=\"widget\" data-e-type=\"widget\" data-widget_type=\"image.default\">\n\t\t\t\t\t\t\t\t\t\t\t\t\t\t\t<img decoding=\"async\" src=\"https:\/\/manufacturer.stylemixthemes.com\/leather\/wp-content\/uploads\/sites\/7\/2018\/08\/photo-1523779105320-d1cd346ff52b.jpeg\" title=\"\" alt=\"\" loading=\"lazy\" \/>\t\t\t\t\t\t\t\t\t\t\t\t\t\t\t<\/div>\n\t\t\t\t\t<\/div>\n\t\t<\/div>\n\t\t\t\t<div class=\"elementor-column elementor-col-33 elementor-inner-column elementor-element elementor-element-19a88dc\" data-id=\"19a88dc\" data-element_type=\"column\" data-e-type=\"column\">\n\t\t\t<div class=\"elementor-widget-wrap elementor-element-populated\">\n\t\t\t\t\t\t<div class=\"elementor-element elementor-element-43c4e5a elementor-widget elementor-widget-image\" data-id=\"43c4e5a\" data-element_type=\"widget\" data-e-type=\"widget\" data-widget_type=\"image.default\">\n\t\t\t\t\t\t\t\t\t\t\t\t\t\t\t<img decoding=\"async\" src=\"https:\/\/manufacturer.stylemixthemes.com\/leather\/wp-content\/uploads\/sites\/7\/2018\/08\/photo-1506152983158-b4a74a01c721.jpeg\" title=\"\" alt=\"\" loading=\"lazy\" \/>\t\t\t\t\t\t\t\t\t\t\t\t\t\t\t<\/div>\n\t\t\t\t\t<\/div>\n\t\t<\/div>\n\t\t\t\t\t<\/div>\n\t\t<\/section>\n\t\t\t\t<section class=\"elementor-section elementor-top-section elementor-element elementor-element-ad51a9a elementor-section-content-middle elementor-section-boxed elementor-section-height-default elementor-section-height-default\" data-id=\"ad51a9a\" data-element_type=\"section\" data-e-type=\"section\" data-settings=\"{&quot;background_background&quot;:&quot;classic&quot;}\">\n\t\t\t\t\t\t\t<div class=\"elementor-background-overlay\"><\/div>\n\t\t\t\t\t\t\t<div class=\"elementor-container elementor-column-gap-default\">\n\t\t\t\t\t<div class=\"elementor-column elementor-col-50 elementor-top-column elementor-element elementor-element-2d9acd7 elementor-invisible\" data-id=\"2d9acd7\" data-element_type=\"column\" data-e-type=\"column\" data-settings=\"{&quot;animation&quot;:&quot;fadeIn&quot;}\">\n\t\t\t<div class=\"elementor-widget-wrap elementor-element-populated\">\n\t\t\t\t\t\t<div class=\"sm_display_inline elementor-element elementor-element-9354dd9 elementor-widget elementor-widget-heading\" data-id=\"9354dd9\" data-element_type=\"widget\" data-e-type=\"widget\" data-widget_type=\"heading.default\">\n\t\t\t\t\t<div class=\"elementor-heading-title elementor-size-default elementor-heading-title elementor-align-after-mobile-center\">\u041f\u043e\u0437\u043e\u0432\u0438\u0442\u0435 \u043d\u0430\u0441 \u043d\u0430 +44 (0) 7788 778 78<\/div>\t\t\t\t<\/div>\n\t\t\t\t\t<\/div>\n\t\t<\/div>\n\t\t\t\t<div class=\"elementor-column elementor-col-50 elementor-top-column elementor-element elementor-element-d486a8e elementor-invisible\" data-id=\"d486a8e\" data-element_type=\"column\" data-e-type=\"column\" data-settings=\"{&quot;animation&quot;:&quot;fadeIn&quot;,&quot;animation_delay&quot;:200}\">\n\t\t\t<div class=\"elementor-widget-wrap elementor-element-populated\">\n\t\t\t\t\t\t<div class=\"elementor-element elementor-element-9a498ca elementor-widget elementor-widget-sm-default-button\" data-id=\"9a498ca\" data-element_type=\"widget\" data-e-type=\"widget\" data-widget_type=\"sm-default-button.default\">\n\t\t\t\t<div class=\"elementor-widget-container\">\n\t\t\t\t\t\n\t\t\t\t<a   href=\"https:\/\/papirol.si\/sr\/leather\/contacts\" class=\"btn\">\u0417\u0430\u043f\u043e\u0447\u043d\u0438<i class=\"ti ti-arrow-right\"><\/i><\/a>\n\t\t\n\t\t\t\t\t<\/div>\n\t\t\t\t<\/div>\n\t\t\t\t\t<\/div>\n\t\t<\/div>\n\t\t\t\t\t<\/div>\n\t\t<\/section>\n\t\t\t\t<section class=\"elementor-section elementor-top-section elementor-element elementor-element-ea8799f elementor-section-boxed elementor-section-height-default elementor-section-height-default\" data-id=\"ea8799f\" data-element_type=\"section\" data-e-type=\"section\">\n\t\t\t\t\t\t<div class=\"elementor-container elementor-column-gap-default\">\n\t\t\t\t\t<div class=\"elementor-column elementor-col-50 elementor-top-column elementor-element elementor-element-115971f elementor-invisible\" data-id=\"115971f\" data-element_type=\"column\" data-e-type=\"column\" data-settings=\"{&quot;animation&quot;:&quot;fadeIn&quot;}\">\n\t\t\t<div class=\"elementor-widget-wrap elementor-element-populated\">\n\t\t\t\t\t\t<div class=\"elementor-element elementor-element-500a13f elementor-widget elementor-widget-heading\" data-id=\"500a13f\" data-element_type=\"widget\" data-e-type=\"widget\" data-widget_type=\"heading.default\">\n\t\t\t\t\t<h2 class=\"elementor-heading-title elementor-size-default elementor-heading-title\">\u041f\u043e\u0437\u043e\u0432\u0438\u0442\u0435 \u043d\u0430\u0441 \u0438\u043b\u0438 \u043f\u043e\u043f\u0443\u043d\u0438\u0442\u0435 \u043e\u0431\u0440\u0430\u0437\u0430\u0446<\/h2>\t\t\t\t<\/div>\n\t\t\t\t<div class=\"elementor-element elementor-element-e5cdd8f elementor-widget elementor-widget-heading\" data-id=\"e5cdd8f\" data-element_type=\"widget\" data-e-type=\"widget\" data-widget_type=\"heading.default\">\n\t\t\t\t\t<span class=\"elementor-heading-title elementor-size-default elementor-heading-title\"><i class=\"ti-mobile\"><\/i><span><b>123-456-789<\/b><br>\n\u041c\u043e\u043b\u0438\u043c\u043e \u0432\u0430\u0441 \u0434\u0430 \u043d\u0435 \u043e\u043a\u043b\u0435\u0432\u0430\u0442\u0435 \u0434\u0430 \u043d\u0430\u0441 \u043a\u043e\u043d\u0442\u0430\u043a\u0442\u0438\u0440\u0430\u0442\u0435.<\/span><\/span>\t\t\t\t<\/div>\n\t\t\t\t<div class=\"elementor-element elementor-element-b2702c4 elementor-widget elementor-widget-heading\" data-id=\"b2702c4\" data-element_type=\"widget\" data-e-type=\"widget\" data-widget_type=\"heading.default\">\n\t\t\t\t\t<span class=\"elementor-heading-title elementor-size-default elementor-heading-title\"><i class=\"ti-location-pin\"><\/i><span><b>\u0420\u0430\u0434\u043d\u043e \u0432\u0440\u0435\u043c\u0435<\/b><br>\n\u041f\u043e\u043d\u0435\u0434\u0435\u0459\u0430\u043a\u2013\u043f\u0435\u0442\u0430\u043a: 9:00\u201318:00 \/ \u0417\u0430\u0442\u0432\u043e\u0440\u0435\u043d\u043e \u0432\u0438\u043a\u0435\u043d\u0434\u043e\u043c <\/span><\/span>\t\t\t\t<\/div>\n\t\t\t\t\t<\/div>\n\t\t<\/div>\n\t\t\t\t<div class=\"elementor-column elementor-col-50 elementor-top-column elementor-element elementor-element-fc13d99 elementor-invisible\" data-id=\"fc13d99\" data-element_type=\"column\" data-e-type=\"column\" data-settings=\"{&quot;animation&quot;:&quot;fadeIn&quot;,&quot;animation_delay&quot;:200}\">\n\t\t\t<div class=\"elementor-widget-wrap elementor-element-populated\">\n\t\t\t\t\t\t<div class=\"elementor-element elementor-element-6c3da3b elementor-widget elementor-widget-shortcode\" data-id=\"6c3da3b\" data-element_type=\"widget\" data-e-type=\"widget\" data-widget_type=\"shortcode.default\">\n\t\t\t\t\t\t\t<div class=\"elementor-shortcode\"><p class=\"wpcf7-contact-form-not-found\"><strong>\u0413\u0440\u0435\u0448\u043a\u0430:<\/strong> \u041e\u0431\u0440\u0430\u0437\u0430\u0446 \u0437\u0430 \u043a\u043e\u043d\u0442\u0430\u043a\u0442 \u043d\u0438\u0458\u0435 \u043f\u0440\u043e\u043d\u0430\u0452\u0435\u043d\u0430.<\/p><\/div>\n\t\t\t\t\t\t<\/div>\n\t\t\t\t\t<\/div>\n\t\t<\/div>\n\t\t\t\t\t<\/div>\n\t\t<\/section>\n\t\t\t\t<\/div>","protected":false},"excerpt":{"rendered":"<p>Private Label Leather Handbags Starting from 10 units, our private label leather handbags are a perfect expression of&#8230;<\/p>","protected":false},"author":5,"featured_media":0,"parent":0,"menu_order":0,"comment_status":"closed","ping_status":"closed","template":"elementor_header_footer","meta":{"footnotes":""},"class_list":["post-1534","page","type-page","status-publish","hentry"],"yoast_head":"<!-- This site is optimized with the Yoast SEO plugin v27.3 - https:\/\/yoast.com\/product\/yoast-seo-wordpress\/ -->\n<title>Service | Papirol<\/title>\n<meta name=\"robots\" content=\"index, follow, max-snippet:-1, max-image-preview:large, max-video-preview:-1\" \/>\n<link rel=\"canonical\" href=\"https:\/\/papirol.si\/sr\/\u0443\u0441\u043b\u0443\u0433\u0430\/\" \/>\n<meta property=\"og:locale\" content=\"sr_RS\" \/>\n<meta property=\"og:type\" content=\"article\" \/>\n<meta property=\"og:title\" content=\"Service | Papirol\" \/>\n<meta property=\"og:description\" content=\"Private Label Leather Handbags Starting from 10 units, our private label leather handbags are a perfect expression of...\" \/>\n<meta property=\"og:url\" content=\"https:\/\/papirol.si\/sr\/\u0443\u0441\u043b\u0443\u0433\u0430\/\" \/>\n<meta property=\"og:site_name\" content=\"Papirol\" \/>\n<meta property=\"og:image\" content=\"https:\/\/papirol.si\/wp-content\/uploads\/2018\/08\/photo-1479219136056-56bb6495a005.jpeg\" \/>\n<meta name=\"twitter:card\" content=\"summary_large_image\" \/>\n<script type=\"application\/ld+json\" class=\"yoast-schema-graph\">{\"@context\":\"https:\\\/\\\/schema.org\",\"@graph\":[{\"@type\":\"WebPage\",\"@id\":\"https:\\\/\\\/papirol.si\\\/service\\\/\",\"url\":\"https:\\\/\\\/papirol.si\\\/service\\\/\",\"name\":\"Service | Papirol\",\"isPartOf\":{\"@id\":\"https:\\\/\\\/papirol.si\\\/#website\"},\"primaryImageOfPage\":{\"@id\":\"https:\\\/\\\/papirol.si\\\/service\\\/#primaryimage\"},\"image\":{\"@id\":\"https:\\\/\\\/papirol.si\\\/service\\\/#primaryimage\"},\"thumbnailUrl\":\"https:\\\/\\\/papirol.si\\\/wp-content\\\/uploads\\\/2018\\\/08\\\/photo-1479219136056-56bb6495a005.jpeg\",\"datePublished\":\"2018-11-22T08:19:30+00:00\",\"breadcrumb\":{\"@id\":\"https:\\\/\\\/papirol.si\\\/service\\\/#breadcrumb\"},\"inLanguage\":\"sr-RS\",\"potentialAction\":[{\"@type\":\"ReadAction\",\"target\":[\"https:\\\/\\\/papirol.si\\\/service\\\/\"]}]},{\"@type\":\"ImageObject\",\"inLanguage\":\"sr-RS\",\"@id\":\"https:\\\/\\\/papirol.si\\\/service\\\/#primaryimage\",\"url\":\"https:\\\/\\\/papirol.si\\\/wp-content\\\/uploads\\\/2018\\\/08\\\/photo-1479219136056-56bb6495a005.jpeg\",\"contentUrl\":\"https:\\\/\\\/papirol.si\\\/wp-content\\\/uploads\\\/2018\\\/08\\\/photo-1479219136056-56bb6495a005.jpeg\"},{\"@type\":\"BreadcrumbList\",\"@id\":\"https:\\\/\\\/papirol.si\\\/service\\\/#breadcrumb\",\"itemListElement\":[{\"@type\":\"ListItem\",\"position\":1,\"name\":\"Home\",\"item\":\"https:\\\/\\\/papirol.si\\\/\"},{\"@type\":\"ListItem\",\"position\":2,\"name\":\"Service\"}]},{\"@type\":\"WebSite\",\"@id\":\"https:\\\/\\\/papirol.si\\\/#website\",\"url\":\"https:\\\/\\\/papirol.si\\\/\",\"name\":\"Papirol\",\"description\":\"Obla\u010dimo va\u0161e izdelke \u017ee 36 let!\",\"publisher\":{\"@id\":\"https:\\\/\\\/papirol.si\\\/#organization\"},\"potentialAction\":[{\"@type\":\"SearchAction\",\"target\":{\"@type\":\"EntryPoint\",\"urlTemplate\":\"https:\\\/\\\/papirol.si\\\/?s={search_term_string}\"},\"query-input\":{\"@type\":\"PropertyValueSpecification\",\"valueRequired\":true,\"valueName\":\"search_term_string\"}}],\"inLanguage\":\"sr-RS\"},{\"@type\":\"Organization\",\"@id\":\"https:\\\/\\\/papirol.si\\\/#organization\",\"name\":\"Papirol\",\"url\":\"https:\\\/\\\/papirol.si\\\/\",\"logo\":{\"@type\":\"ImageObject\",\"inLanguage\":\"sr-RS\",\"@id\":\"https:\\\/\\\/papirol.si\\\/#\\\/schema\\\/logo\\\/image\\\/\",\"url\":\"https:\\\/\\\/papirol.si\\\/wp-content\\\/uploads\\\/2019\\\/12\\\/papirol-bela.png\",\"contentUrl\":\"https:\\\/\\\/papirol.si\\\/wp-content\\\/uploads\\\/2019\\\/12\\\/papirol-bela.png\",\"width\":400,\"height\":80,\"caption\":\"Papirol\"},\"image\":{\"@id\":\"https:\\\/\\\/papirol.si\\\/#\\\/schema\\\/logo\\\/image\\\/\"}}]}<\/script>\n<!-- \/ Yoast SEO plugin. -->","yoast_head_json":{"title":"\u0423\u0441\u043b\u0443\u0433\u0430 | \u041f\u0430\u043f\u0438\u0440\u043e\u043b","robots":{"index":"index","follow":"follow","max-snippet":"max-snippet:-1","max-image-preview":"max-image-preview:large","max-video-preview":"max-video-preview:-1"},"canonical":"https:\/\/papirol.si\/sr\/\u0443\u0441\u043b\u0443\u0433\u0430\/","og_locale":"sr_RS","og_type":"article","og_title":"Service | Papirol","og_description":"Private Label Leather Handbags Starting from 10 units, our private label leather handbags are a perfect expression of...","og_url":"https:\/\/papirol.si\/sr\/\u0443\u0441\u043b\u0443\u0433\u0430\/","og_site_name":"Papirol","og_image":[{"url":"https:\/\/papirol.si\/wp-content\/uploads\/2018\/08\/photo-1479219136056-56bb6495a005.jpeg","type":"","width":"","height":""}],"twitter_card":"summary_large_image","schema":{"@context":"https:\/\/schema.org","@graph":[{"@type":"WebPage","@id":"https:\/\/papirol.si\/service\/","url":"https:\/\/papirol.si\/service\/","name":"\u0423\u0441\u043b\u0443\u0433\u0430 | \u041f\u0430\u043f\u0438\u0440\u043e\u043b","isPartOf":{"@id":"https:\/\/papirol.si\/#website"},"primaryImageOfPage":{"@id":"https:\/\/papirol.si\/service\/#primaryimage"},"image":{"@id":"https:\/\/papirol.si\/service\/#primaryimage"},"thumbnailUrl":"https:\/\/papirol.si\/wp-content\/uploads\/2018\/08\/photo-1479219136056-56bb6495a005.jpeg","datePublished":"2018-11-22T08:19:30+00:00","breadcrumb":{"@id":"https:\/\/papirol.si\/service\/#breadcrumb"},"inLanguage":"sr-RS","potentialAction":[{"@type":"ReadAction","target":["https:\/\/papirol.si\/service\/"]}]},{"@type":"ImageObject","inLanguage":"sr-RS","@id":"https:\/\/papirol.si\/service\/#primaryimage","url":"https:\/\/papirol.si\/wp-content\/uploads\/2018\/08\/photo-1479219136056-56bb6495a005.jpeg","contentUrl":"https:\/\/papirol.si\/wp-content\/uploads\/2018\/08\/photo-1479219136056-56bb6495a005.jpeg"},{"@type":"BreadcrumbList","@id":"https:\/\/papirol.si\/service\/#breadcrumb","itemListElement":[{"@type":"ListItem","position":1,"name":"Home","item":"https:\/\/papirol.si\/"},{"@type":"ListItem","position":2,"name":"Service"}]},{"@type":"WebSite","@id":"https:\/\/papirol.si\/#website","url":"https:\/\/papirol.si\/","name":"\u041f\u0430\u043f\u0438\u0440\u043e\u043b","description":"\u0412\u0435\u045b 36 \u0433\u043e\u0434\u0438\u043d\u0430 \u043e\u0431\u043b\u0430\u0447\u0438\u043c\u043e \u0432\u0430\u0448\u0435 \u043f\u0440\u043e\u0438\u0437\u0432\u043e\u0434\u0435!","publisher":{"@id":"https:\/\/papirol.si\/#organization"},"potentialAction":[{"@type":"SearchAction","target":{"@type":"EntryPoint","urlTemplate":"https:\/\/papirol.si\/?s={search_term_string}"},"query-input":{"@type":"PropertyValueSpecification","valueRequired":true,"valueName":"search_term_string"}}],"inLanguage":"sr-RS"},{"@type":"Organization","@id":"https:\/\/papirol.si\/#organization","name":"\u041f\u0430\u043f\u0438\u0440\u043e\u043b","url":"https:\/\/papirol.si\/","logo":{"@type":"ImageObject","inLanguage":"sr-RS","@id":"https:\/\/papirol.si\/#\/schema\/logo\/image\/","url":"https:\/\/papirol.si\/wp-content\/uploads\/2019\/12\/papirol-bela.png","contentUrl":"https:\/\/papirol.si\/wp-content\/uploads\/2019\/12\/papirol-bela.png","width":400,"height":80,"caption":"Papirol"},"image":{"@id":"https:\/\/papirol.si\/#\/schema\/logo\/image\/"}}]}},"_links":{"self":[{"href":"https:\/\/papirol.si\/sr\/wp-json\/wp\/v2\/pages\/1534","targetHints":{"allow":["GET"]}}],"collection":[{"href":"https:\/\/papirol.si\/sr\/wp-json\/wp\/v2\/pages"}],"about":[{"href":"https:\/\/papirol.si\/sr\/wp-json\/wp\/v2\/types\/page"}],"author":[{"embeddable":true,"href":"https:\/\/papirol.si\/sr\/wp-json\/wp\/v2\/users\/5"}],"replies":[{"embeddable":true,"href":"https:\/\/papirol.si\/sr\/wp-json\/wp\/v2\/comments?post=1534"}],"version-history":[{"count":0,"href":"https:\/\/papirol.si\/sr\/wp-json\/wp\/v2\/pages\/1534\/revisions"}],"wp:attachment":[{"href":"https:\/\/papirol.si\/sr\/wp-json\/wp\/v2\/media?parent=1534"}],"curies":[{"name":"wp","href":"https:\/\/api.w.org\/{rel}","templated":true}]}}