{"id":1775,"date":"2019-11-19T11:53:29","date_gmt":"2019-11-19T10:53:29","guid":{"rendered":"https:\/\/papirol.si\/?page_id=1775"},"modified":"2020-03-02T14:16:09","modified_gmt":"2020-03-02T13:16:09","slug":"%d1%86%d0%b2%d0%b5%d1%82%d0%bd%d0%b8-%d0%b4%d0%b5%d0%ba%d0%be%d1%80%d0%b0%d1%82%d0%b8%d0%b2%d0%bd%d0%b8-%d0%b8-%d0%bf%d0%b0%d0%bf%d0%b8%d1%80-%d0%b7%d0%b0-%d1%83%d0%bc%d0%be%d1%82%d0%b0%d0%b2%d0%b0","status":"publish","type":"page","link":"https:\/\/papirol.si\/sr\/prodajni-program\/cvetlicarski-aranzerski-dekorativni-papir-in-celofan\/","title":{"rendered":"\u0426\u0432\u0435\u045b\u0430\u0440, \u0446\u0432\u0435\u0442\u043d\u0438 \u0434\u0438\u0437\u0430\u0458\u043d \u0438 \u0434\u0435\u043a\u043e\u0440\u0430\u0442\u0438\u0432\u043d\u0438 \u043f\u0430\u043f\u0438\u0440 \u0438 \u0446\u0435\u043b\u043e\u0444\u0430\u043d"},"content":{"rendered":"<div data-elementor-type=\"wp-page\" data-elementor-id=\"1775\" class=\"elementor elementor-1775\" data-elementor-post-type=\"page\">\n\t\t\t\t\t\t<section class=\"elementor-section elementor-top-section elementor-element elementor-element-6b485411 elementor-section-content-middle elementor-section-boxed elementor-section-height-default elementor-section-height-default\" data-id=\"6b485411\" data-element_type=\"section\" data-e-type=\"section\" id=\"produkt-bio\" data-settings=\"{&quot;background_background&quot;:&quot;classic&quot;}\">\n\t\t\t\t\t\t<div class=\"elementor-container elementor-column-gap-default\">\n\t\t\t\t\t<div class=\"elementor-column elementor-col-50 elementor-top-column elementor-element elementor-element-331b63c7\" data-id=\"331b63c7\" data-element_type=\"column\" data-e-type=\"column\">\n\t\t\t<div class=\"elementor-widget-wrap elementor-element-populated\">\n\t\t\t\t\t\t<div class=\"elementor-element elementor-element-264d5ec2 elementor-widget elementor-widget-image\" data-id=\"264d5ec2\" data-element_type=\"widget\" data-e-type=\"widget\" data-widget_type=\"image.default\">\n\t\t\t\t\t\t\t\t\t\t\t\t<figure class=\"wp-caption\">\n\t\t\t\t\t\t\t\t\t\t<img decoding=\"async\" src=\"https:\/\/papirol.si\/wp-content\/uploads\/elementor\/thumbs\/ovojni-papir-rola-oran\u017ena-ro\u017ee-scaled-e1583153751989-olz7tiytjaethlkvdthbffxspb1t80ezgwcogwh5ww.jpg\" title=\"\u041f\u0430\u043f\u0438\u0440\u043e\u043b \u043f\u0430\u043f\u0438\u0440 \u0437\u0430 \u0443\u043c\u043e\u0442\u0430\u0432\u0430\u045a\u0435, \u043d\u0430\u0440\u0430\u043d\u045f\u0430\u0441\u0442\u0438\" alt=\"\u041f\u0430\u043f\u0438\u0440\u043e\u043b \u043f\u0430\u043f\u0438\u0440 \u0437\u0430 \u0443\u043c\u043e\u0442\u0430\u0432\u0430\u045a\u0435, \u043d\u0430\u0440\u0430\u043d\u045f\u0430\u0441\u0442\u0438\" loading=\"lazy\" \/>\t\t\t\t\t\t\t\t\t\t\t<figcaption class=\"widget-image-caption wp-caption-text\"><\/figcaption>\n\t\t\t\t\t\t\t\t\t\t<\/figure>\n\t\t\t\t\t\t\t\t\t<\/div>\n\t\t\t\t<div class=\"elementor-element elementor-element-124e0fc elementor-widget elementor-widget-image\" data-id=\"124e0fc\" data-element_type=\"widget\" data-e-type=\"widget\" data-widget_type=\"image.default\">\n\t\t\t\t\t\t\t\t\t\t\t\t\t\t\t<img decoding=\"async\" src=\"https:\/\/papirol.si\/wp-content\/uploads\/elementor\/thumbs\/ovojni-papir-role-modraro\u017eice-scaled-olz8fwii8b0ey8e71ubo82zt0tuywual0og4p48tpc.jpg\" title=\"\u041f\u0430\u043f\u0438\u0440\u043e\u043b \u043f\u0430\u043f\u0438\u0440 \u0437\u0430 \u0443\u043c\u043e\u0442\u0430\u0432\u0430\u045a\u0435 \u2013 \u043f\u043b\u0430\u0432\u0438\" alt=\"\u041f\u0430\u043f\u0438\u0440\u043e\u043b \u043f\u0430\u043f\u0438\u0440 \u0437\u0430 \u0443\u043c\u043e\u0442\u0430\u0432\u0430\u045a\u0435 \u2013 \u043f\u043b\u0430\u0432\u0438\" loading=\"lazy\" \/>\t\t\t\t\t\t\t\t\t\t\t\t\t\t\t<\/div>\n\t\t\t\t\t<\/div>\n\t\t<\/div>\n\t\t\t\t<div class=\"elementor-column elementor-col-50 elementor-top-column elementor-element elementor-element-bde1d42\" data-id=\"bde1d42\" data-element_type=\"column\" data-e-type=\"column\">\n\t\t\t<div class=\"elementor-widget-wrap elementor-element-populated\">\n\t\t\t\t\t\t<div class=\"elementor-element elementor-element-7db19e42 elementor-widget elementor-widget-text-editor\" data-id=\"7db19e42\" data-element_type=\"widget\" data-e-type=\"widget\" data-widget_type=\"text-editor.default\">\n\t\t\t\t\t\t\t\t\t<p><span style=\"font-weight: 400;\">\u0424\u043b\u043e\u0440\u0438\u0441\u0442\u0438\u0447\u043a\u0430 \u043f\u0430\u043f\u0438\u0440\u043d\u0430 \u0444\u043e\u043b\u0438\u0458\u0430 \u0437\u0430 \u0443\u043c\u043e\u0442\u0430\u0432\u0430\u045a\u0435 \u043e\u0431\u0438\u0447\u043d\u043e \u0458\u0435 \u043d\u0430\u043f\u0440\u0430\u0432\u0459\u0435\u043d\u0430 \u043e\u0434 \u0433\u043b\u0430\u0442\u043a\u043e\u0433 \u0431\u0440\u0430\u043e\u043d \u0438\u043b\u0438 \u0431\u0435\u043b\u043e\u0433 \u043f\u0430\u043f\u0438\u0440\u0430.<\/span><\/p><p><span style=\"font-weight: 400;\">\u0422\u0430\u043a\u043e\u0452\u0435 \u0431\u043e\u0458\u0438\u043c\u043e \u043f\u0430\u043f\u0438\u0440 \u2013 \u0431\u0438\u043b\u043e \u043f\u0440\u0435\u043a\u043e \u0446\u0435\u043b\u0435 \u043f\u043e\u0432\u0440\u0448\u0438\u043d\u0435 \u0438\u043b\u0438 \u0434\u0435\u043b\u0438\u043c\u0438\u0447\u043d\u043e, \u0441\u0430 \u0458\u0435\u0434\u043d\u0435 \u0438\u043b\u0438 \u0441\u0430 \u043e\u0431\u0435 \u0441\u0442\u0440\u0430\u043d\u0435.<\/span><\/p><p><span style=\"font-weight: 400;\">\u041a\u043e\u0440\u0438\u0441\u043d\u0438 \u0441\u0443 \u0437\u0430 \u0438\u0437\u043b\u043e\u0436\u0431\u0435, \u0434\u0435\u043a\u043e\u0440\u0430\u0446\u0438\u0458\u0443 \u0438 \u0437\u0430\u0448\u0442\u0438\u0442\u0443, \u043a\u0430\u043e \u0438 \u0437\u0430 \u0440\u0435\u043a\u043b\u0430\u043c\u0443; \u0442\u0430\u043a\u043e\u0452\u0435 \u0441\u0443 \u0438\u0434\u0435\u0430\u043b\u043d\u0438 \u0437\u0430 \u043a\u0440\u0435\u0430\u0442\u0438\u0432\u043d\u0435 \u0440\u0430\u0434\u0438\u043e\u043d\u0438\u0446\u0435 \u0443 \u0448\u043a\u043e\u043b\u0430\u043c\u0430 \u0438 \u0432\u0440\u0442\u0438\u045b\u0438\u043c\u0430.<\/span><\/p><p><span style=\"font-weight: 400;\">\u041f\u0440\u0438\u043b\u0430\u0433\u043e\u0452\u0430\u0432\u0430\u043c\u043e \u0434\u0435\u0431\u0459\u0438\u043d\u0435, \u0432\u0440\u0441\u0442\u0435, \u0431\u043e\u0458\u0435 \u0438 \u0434\u0438\u043c\u0435\u043d\u0437\u0438\u0458\u0435 \u0434\u0430 \u043e\u0434\u0433\u043e\u0432\u0430\u0440\u0430\u0458\u0443 \u043f\u0440\u0435\u0434\u0432\u0438\u0452\u0435\u043d\u043e\u0458 \u0443\u043f\u043e\u0442\u0440\u0435\u0431\u0438.<\/span><\/p><p><span style=\"font-weight: 400;\">\u041e\u0431\u0438\u0447\u043d\u043e \u0441\u0435 \u043d\u0430\u043b\u0430\u0437\u0438 \u043d\u0430 \u0440\u043e\u043b\u043d\u0430\u043c\u0430, \u0443 \u043a\u043b\u0430\u0441\u0438\u0447\u043d\u0438\u043c \u0442\u0430\u043c\u043d\u0438\u043c \u0438 \u0441\u0432\u0435\u0442\u043b\u0438\u043c \u0431\u043e\u0458\u0430\u043c\u0430, \u0448\u0442\u0430\u043c\u043f\u0430\u043d\u043e \u043d\u0430 \u0458\u0435\u0434\u043d\u043e\u0458 \u0438\u043b\u0438 \u043d\u0430 \u043e\u0431\u0435 \u0441\u0442\u0440\u0430\u043d\u0435; \u0442\u0430\u043a\u043e\u0452\u0435 \u0434\u043e\u0441\u0442\u0443\u043f\u043d\u043e \u0443 \u043f\u0440\u0438\u0440\u043e\u0434\u043d\u043e\u0458 \u0431\u0440\u0430\u043e\u043d \u0431\u043e\u0458\u0438!<\/span><\/p><p>\u0420\u043e\u043b\u043d\u0438 \u0441\u0443 \u043d\u0430 \u0437\u0430\u043b\u0438\u0445\u0438 \u0443 \u0448\u0438\u0440\u0438\u043d\u0438 \u043e\u0434 70 \u0446\u043c, \u0441\u0430 100 \u043c \u043f\u0430\u043f\u0438\u0440\u0430 \u043d\u0430\u043c\u043e\u0442\u0430\u043d\u043e\u0433 \u043d\u0430 \u0441\u0432\u0430\u043a\u0443 \u0440\u043e\u043b\u043d\u0443. \u041f\u043e \u043d\u0430\u0440\u0443\u045f\u0431\u0438\u043d\u0438 \u043c\u043e\u0436\u0435\u043c\u043e \u043f\u0440\u043e\u0438\u0437\u0432\u043e\u0434\u0438\u0442\u0438 \u0440\u043e\u043b\u043d\u0438 \u0443 \u0434\u0440\u0443\u0433\u0438\u043c \u0448\u0438\u0440\u0438\u043d\u0430\u043c\u0430 \u0438 \u0441\u0430 \u0440\u0430\u0437\u043b\u0438\u0447\u0438\u0442\u0438\u043c \u0434\u0443\u0436\u0438\u043d\u0430\u043c\u0430 \u043d\u0430\u043c\u043e\u0442\u0430\u043d\u043e\u0433 \u043f\u0430\u043f\u0438\u0440\u0430.<\/p><p><span style=\"font-weight: 400;\">\u0417\u0430 \u0441\u0432\u0435 \u0459\u0443\u0431\u0438\u0442\u0435\u0459\u0435 \u0440\u0435\u0442\u0440\u043e \u0441\u0442\u0438\u043b\u0430, \u0443 \u043f\u043e\u043d\u0443\u0434\u0438 \u0438\u043c\u0430\u043c\u043e \u0446\u0435\u043b\u0443\u0444\u0430\u043d \u0437\u0430 \u0443\u043c\u043e\u0442\u0430\u0432\u0430\u045a\u0435 \u043f\u043e\u043a\u043b\u043e\u043d\u0430 \u0438 \u0441\u0435\u0442\u043e\u0432\u0435 \u0441\u0432\u0435\u045b\u0430, \u043a\u0430\u043e \u0438 \u043e\u043f\u0446\u0438\u043e\u043d\u0430\u043b\u043d\u0438 \u043a\u043e\u043c\u043f\u043e\u0441\u0442\u0438\u0431\u0438\u043b\u043d\u0438 \u0446\u0435\u043b\u0443\u0444\u0430\u043d, \u0441\u0432\u0435 \u0434\u043e\u0441\u0442\u0443\u043f\u043d\u043e \u0443 \u0440\u043e\u043b\u043d\u0430\u043c\u0430.<\/span><\/p>\t\t\t\t\t\t\t\t<\/div>\n\t\t\t\t<div class=\"elementor-element elementor-element-40b6c46 elementor-widget elementor-widget-image\" data-id=\"40b6c46\" data-element_type=\"widget\" data-e-type=\"widget\" data-widget_type=\"image.default\">\n\t\t\t\t\t\t\t\t\t\t\t\t\t\t\t<img fetchpriority=\"high\" decoding=\"async\" width=\"300\" height=\"300\" src=\"https:\/\/papirol.si\/wp-content\/uploads\/2020\/03\/r1201191-01-300x300.jpg\" class=\"attachment-medium size-medium wp-image-2772\" alt=\"\" srcset=\"https:\/\/papirol.si\/wp-content\/uploads\/2020\/03\/r1201191-01-300x300.jpg 300w, https:\/\/papirol.si\/wp-content\/uploads\/2020\/03\/r1201191-01-150x150.jpg 150w, https:\/\/papirol.si\/wp-content\/uploads\/2020\/03\/r1201191-01-768x768.jpg 768w, https:\/\/papirol.si\/wp-content\/uploads\/2020\/03\/r1201191-01-285x285.jpg 285w, https:\/\/papirol.si\/wp-content\/uploads\/2020\/03\/r1201191-01-660x660.jpg 660w, https:\/\/papirol.si\/wp-content\/uploads\/2020\/03\/r1201191-01.jpg 1000w\" sizes=\"(max-width: 300px) 100vw, 300px\" \/>\t\t\t\t\t\t\t\t\t\t\t\t\t\t\t<\/div>\n\t\t\t\t\t<\/div>\n\t\t<\/div>\n\t\t\t\t\t<\/div>\n\t\t<\/section>\n\t\t\t\t<section class=\"elementor-section elementor-top-section elementor-element elementor-element-da4e278 elementor-section-boxed elementor-section-height-default elementor-section-height-default\" data-id=\"da4e278\" data-element_type=\"section\" data-e-type=\"section\" data-settings=\"{&quot;background_background&quot;:&quot;classic&quot;}\">\n\t\t\t\t\t\t<div class=\"elementor-container elementor-column-gap-default\">\n\t\t\t\t\t<div class=\"elementor-column elementor-col-100 elementor-top-column elementor-element elementor-element-4f702e8\" data-id=\"4f702e8\" data-element_type=\"column\" data-e-type=\"column\" data-settings=\"{&quot;background_background&quot;:&quot;classic&quot;}\">\n\t\t\t<div class=\"elementor-widget-wrap elementor-element-populated\">\n\t\t\t\t\t\t<div class=\"elementor-element elementor-element-0b09fb3 elementor-widget elementor-widget-image\" data-id=\"0b09fb3\" data-element_type=\"widget\" data-e-type=\"widget\" data-widget_type=\"image.default\">\n\t\t\t\t\t\t\t\t\t\t\t\t\t\t\t<img decoding=\"async\" width=\"670\" height=\"800\" src=\"https:\/\/papirol.si\/wp-content\/uploads\/2020\/01\/barvni-papirji-zaloga.jpg\" class=\"attachment-large size-large wp-image-2321\" alt=\"\" srcset=\"https:\/\/papirol.si\/wp-content\/uploads\/2020\/01\/barvni-papirji-zaloga.jpg 670w, https:\/\/papirol.si\/wp-content\/uploads\/2020\/01\/barvni-papirji-zaloga-251x300.jpg 251w, https:\/\/papirol.si\/wp-content\/uploads\/2020\/01\/barvni-papirji-zaloga-285x340.jpg 285w, https:\/\/papirol.si\/wp-content\/uploads\/2020\/01\/barvni-papirji-zaloga-553x660.jpg 553w, https:\/\/papirol.si\/wp-content\/uploads\/2020\/01\/barvni-papirji-zaloga-126x150.jpg 126w\" sizes=\"(max-width: 670px) 100vw, 670px\" \/>\t\t\t\t\t\t\t\t\t\t\t\t\t\t\t<\/div>\n\t\t\t\t\t<\/div>\n\t\t<\/div>\n\t\t\t\t\t<\/div>\n\t\t<\/section>\n\t\t\t\t<section class=\"elementor-section elementor-top-section elementor-element elementor-element-123e79f3 elementor-section-boxed elementor-section-height-default elementor-section-height-default\" data-id=\"123e79f3\" data-element_type=\"section\" data-e-type=\"section\" id=\"povp-sect\" data-settings=\"{&quot;background_background&quot;:&quot;classic&quot;}\">\n\t\t\t\t\t\t\t<div class=\"elementor-background-overlay\"><\/div>\n\t\t\t\t\t\t\t<div class=\"elementor-container elementor-column-gap-default\">\n\t\t\t\t\t<div class=\"elementor-column elementor-col-100 elementor-top-column elementor-element elementor-element-1cd03ae3\" data-id=\"1cd03ae3\" data-element_type=\"column\" data-e-type=\"column\">\n\t\t\t<div class=\"elementor-widget-wrap elementor-element-populated\">\n\t\t\t\t\t\t<div class=\"elementor-element elementor-element-113093bc elementor-widget elementor-widget-heading\" data-id=\"113093bc\" data-element_type=\"widget\" data-e-type=\"widget\" data-widget_type=\"heading.default\">\n\t\t\t\t\t<h2 class=\"elementor-heading-title elementor-size-default elementor-heading-title elementor-align-after-center\"><span style=\"font-weight:normal\"><span style=\"font-size: 9pt;font-weight: 700;vertical-align: baseline\"><\/span><\/span>\u041f\u043e\u0447\u043d\u0438\u0442\u0435 \u0434\u0430 \u043a\u043e\u0440\u0438\u0441\u0442\u0438\u0442\u0435 \u0435\u043a\u043e\u043b\u043e\u0448\u043a\u0443 \u0430\u043c\u0431\u0430\u043b\u0430\u0436\u0443!<\/h2>\t\t\t\t<\/div>\n\t\t\t\t<div class=\"elementor-element elementor-element-5639d5fc elementor-widget elementor-widget-sm-default-button\" data-id=\"5639d5fc\" data-element_type=\"widget\" data-e-type=\"widget\" data-widget_type=\"sm-default-button.default\">\n\t\t\t\t<div class=\"elementor-widget-container\">\n\t\t\t\t\t\n\t\t\t\t<a   href=\"https:\/\/papirol.si\/sr\/povprasevanje\/\" class=\"btn\">\u041f\u043e\u0448\u0430\u0459\u0438\u0442\u0435 \u0443\u043f\u0438\u0442<i class=\"ti ti-arrow-right\"><\/i><\/a>\n\t\t\n\t\t\t\t\t<\/div>\n\t\t\t\t<\/div>\n\t\t\t\t\t<\/div>\n\t\t<\/div>\n\t\t\t\t\t<\/div>\n\t\t<\/section>\n\t\t\t\t<\/div>","protected":false},"excerpt":{"rendered":"<p>Cvetli\u010darski ovojni papirji so v osnovi izdelani iz gladkega rjavega ali belega papirja. Papir tudi barvamo &#8211; bodisi&#8230;<\/p>","protected":false},"author":5,"featured_media":0,"parent":1742,"menu_order":7,"comment_status":"closed","ping_status":"closed","template":"elementor_header_footer","meta":{"footnotes":""},"class_list":["post-1775","page","type-page","status-publish","hentry"],"yoast_head":"<!-- This site is optimized with the Yoast SEO plugin v27.3 - https:\/\/yoast.com\/product\/yoast-seo-wordpress\/ -->\n<title>Cvetli\u010darski, aran\u017eerski, dekorativni papir in celofan | Papirol<\/title>\n<meta name=\"robots\" content=\"index, follow, max-snippet:-1, max-image-preview:large, max-video-preview:-1\" \/>\n<link rel=\"canonical\" href=\"https:\/\/papirol.si\/sr\/\u0430\u0441\u043e\u0440\u0442\u0438\u043c\u0430\u043d\/\u0446\u0432\u0435\u0442\u043d\u0438-\u0434\u0435\u043a\u043e\u0440\u0430\u0442\u0438\u0432\u043d\u0438-\u0438-\u043f\u0430\u043f\u0438\u0440-\u0437\u0430-\u0443\u043c\u043e\u0442\u0430\u0432\u0430\/\" \/>\n<meta property=\"og:locale\" content=\"sr_RS\" \/>\n<meta property=\"og:type\" content=\"article\" \/>\n<meta property=\"og:title\" content=\"Cvetli\u010darski, aran\u017eerski, dekorativni papir in celofan | Papirol\" \/>\n<meta property=\"og:description\" content=\"Cvetli\u010darski ovojni papirji so v osnovi izdelani iz gladkega rjavega ali belega papirja. Papir tudi barvamo &#8211; bodisi...\" \/>\n<meta property=\"og:url\" content=\"https:\/\/papirol.si\/sr\/\u0430\u0441\u043e\u0440\u0442\u0438\u043c\u0430\u043d\/\u0446\u0432\u0435\u0442\u043d\u0438-\u0434\u0435\u043a\u043e\u0440\u0430\u0442\u0438\u0432\u043d\u0438-\u0438-\u043f\u0430\u043f\u0438\u0440-\u0437\u0430-\u0443\u043c\u043e\u0442\u0430\u0432\u0430\/\" \/>\n<meta property=\"og:site_name\" content=\"Papirol\" \/>\n<meta property=\"article:modified_time\" content=\"2020-03-02T13:16:09+00:00\" \/>\n<meta property=\"og:image\" content=\"https:\/\/papirol.si\/wp-content\/uploads\/2020\/03\/r1201191-01-300x300.jpg\" \/>\n<meta name=\"twitter:card\" content=\"summary_large_image\" \/>\n<meta name=\"twitter:label1\" content=\"\u041f\u0440\u043e\u0446\u0435\u045a\u0435\u043d\u043e \u0432\u0440\u0435\u043c\u0435 \u0447\u0438\u0442\u0430\u045a\u0430\" \/>\n\t<meta name=\"twitter:data1\" content=\"1 \u043c\u0438\u043d\u0443\u0442\" \/>\n<script type=\"application\/ld+json\" class=\"yoast-schema-graph\">{\"@context\":\"https:\\\/\\\/schema.org\",\"@graph\":[{\"@type\":\"WebPage\",\"@id\":\"https:\\\/\\\/papirol.si\\\/prodajni-program\\\/cvetlicarski-aranzerski-dekorativni-papir-in-celofan\\\/\",\"url\":\"https:\\\/\\\/papirol.si\\\/prodajni-program\\\/cvetlicarski-aranzerski-dekorativni-papir-in-celofan\\\/\",\"name\":\"Cvetli\u010darski, aran\u017eerski, dekorativni papir in celofan | Papirol\",\"isPartOf\":{\"@id\":\"https:\\\/\\\/papirol.si\\\/#website\"},\"primaryImageOfPage\":{\"@id\":\"https:\\\/\\\/papirol.si\\\/prodajni-program\\\/cvetlicarski-aranzerski-dekorativni-papir-in-celofan\\\/#primaryimage\"},\"image\":{\"@id\":\"https:\\\/\\\/papirol.si\\\/prodajni-program\\\/cvetlicarski-aranzerski-dekorativni-papir-in-celofan\\\/#primaryimage\"},\"thumbnailUrl\":\"https:\\\/\\\/papirol.si\\\/wp-content\\\/uploads\\\/2020\\\/03\\\/r1201191-01-300x300.jpg\",\"datePublished\":\"2019-11-19T10:53:29+00:00\",\"dateModified\":\"2020-03-02T13:16:09+00:00\",\"breadcrumb\":{\"@id\":\"https:\\\/\\\/papirol.si\\\/prodajni-program\\\/cvetlicarski-aranzerski-dekorativni-papir-in-celofan\\\/#breadcrumb\"},\"inLanguage\":\"sr-RS\",\"potentialAction\":[{\"@type\":\"ReadAction\",\"target\":[\"https:\\\/\\\/papirol.si\\\/prodajni-program\\\/cvetlicarski-aranzerski-dekorativni-papir-in-celofan\\\/\"]}]},{\"@type\":\"ImageObject\",\"inLanguage\":\"sr-RS\",\"@id\":\"https:\\\/\\\/papirol.si\\\/prodajni-program\\\/cvetlicarski-aranzerski-dekorativni-papir-in-celofan\\\/#primaryimage\",\"url\":\"https:\\\/\\\/papirol.si\\\/wp-content\\\/uploads\\\/2020\\\/03\\\/r1201191-01-300x300.jpg\",\"contentUrl\":\"https:\\\/\\\/papirol.si\\\/wp-content\\\/uploads\\\/2020\\\/03\\\/r1201191-01-300x300.jpg\"},{\"@type\":\"BreadcrumbList\",\"@id\":\"https:\\\/\\\/papirol.si\\\/prodajni-program\\\/cvetlicarski-aranzerski-dekorativni-papir-in-celofan\\\/#breadcrumb\",\"itemListElement\":[{\"@type\":\"ListItem\",\"position\":1,\"name\":\"Home\",\"item\":\"https:\\\/\\\/papirol.si\\\/\"},{\"@type\":\"ListItem\",\"position\":2,\"name\":\"Prodajni program\",\"item\":\"https:\\\/\\\/papirol.si\\\/prodajni-program\\\/\"},{\"@type\":\"ListItem\",\"position\":3,\"name\":\"Cvetli\u010darski, aran\u017eerski, dekorativni papir in celofan\"}]},{\"@type\":\"WebSite\",\"@id\":\"https:\\\/\\\/papirol.si\\\/#website\",\"url\":\"https:\\\/\\\/papirol.si\\\/\",\"name\":\"Papirol\",\"description\":\"Obla\u010dimo va\u0161e izdelke \u017ee 36 let!\",\"publisher\":{\"@id\":\"https:\\\/\\\/papirol.si\\\/#organization\"},\"potentialAction\":[{\"@type\":\"SearchAction\",\"target\":{\"@type\":\"EntryPoint\",\"urlTemplate\":\"https:\\\/\\\/papirol.si\\\/?s={search_term_string}\"},\"query-input\":{\"@type\":\"PropertyValueSpecification\",\"valueRequired\":true,\"valueName\":\"search_term_string\"}}],\"inLanguage\":\"sr-RS\"},{\"@type\":\"Organization\",\"@id\":\"https:\\\/\\\/papirol.si\\\/#organization\",\"name\":\"Papirol\",\"url\":\"https:\\\/\\\/papirol.si\\\/\",\"logo\":{\"@type\":\"ImageObject\",\"inLanguage\":\"sr-RS\",\"@id\":\"https:\\\/\\\/papirol.si\\\/#\\\/schema\\\/logo\\\/image\\\/\",\"url\":\"https:\\\/\\\/papirol.si\\\/wp-content\\\/uploads\\\/2019\\\/12\\\/papirol-bela.png\",\"contentUrl\":\"https:\\\/\\\/papirol.si\\\/wp-content\\\/uploads\\\/2019\\\/12\\\/papirol-bela.png\",\"width\":400,\"height\":80,\"caption\":\"Papirol\"},\"image\":{\"@id\":\"https:\\\/\\\/papirol.si\\\/#\\\/schema\\\/logo\\\/image\\\/\"}}]}<\/script>\n<!-- \/ Yoast SEO plugin. -->","yoast_head_json":{"title":"\u0426\u0432\u0435\u045b\u0430\u0440, \u0446\u0432\u0435\u0442\u043d\u0438 \u0434\u0438\u0437\u0430\u0458\u043d \u0438 \u0434\u0435\u043a\u043e\u0440\u0430\u0442\u0438\u0432\u043d\u0438 \u043f\u0430\u043f\u0438\u0440 \u0438 \u0446\u0435\u043b\u043e\u0444\u0430\u043d | \u041f\u0430\u043f\u0438\u0440\u043e\u043b","robots":{"index":"index","follow":"follow","max-snippet":"max-snippet:-1","max-image-preview":"max-image-preview:large","max-video-preview":"max-video-preview:-1"},"canonical":"https:\/\/papirol.si\/sr\/\u0430\u0441\u043e\u0440\u0442\u0438\u043c\u0430\u043d\/\u0446\u0432\u0435\u0442\u043d\u0438-\u0434\u0435\u043a\u043e\u0440\u0430\u0442\u0438\u0432\u043d\u0438-\u0438-\u043f\u0430\u043f\u0438\u0440-\u0437\u0430-\u0443\u043c\u043e\u0442\u0430\u0432\u0430\/","og_locale":"sr_RS","og_type":"article","og_title":"Cvetli\u010darski, aran\u017eerski, dekorativni papir in celofan | Papirol","og_description":"Cvetli\u010darski ovojni papirji so v osnovi izdelani iz gladkega rjavega ali belega papirja. Papir tudi barvamo &#8211; bodisi...","og_url":"https:\/\/papirol.si\/sr\/\u0430\u0441\u043e\u0440\u0442\u0438\u043c\u0430\u043d\/\u0446\u0432\u0435\u0442\u043d\u0438-\u0434\u0435\u043a\u043e\u0440\u0430\u0442\u0438\u0432\u043d\u0438-\u0438-\u043f\u0430\u043f\u0438\u0440-\u0437\u0430-\u0443\u043c\u043e\u0442\u0430\u0432\u0430\/","og_site_name":"Papirol","article_modified_time":"2020-03-02T13:16:09+00:00","og_image":[{"url":"https:\/\/papirol.si\/wp-content\/uploads\/2020\/03\/r1201191-01-300x300.jpg","type":"","width":"","height":""}],"twitter_card":"summary_large_image","twitter_misc":{"\u041f\u0440\u043e\u0446\u0435\u045a\u0435\u043d\u043e \u0432\u0440\u0435\u043c\u0435 \u0447\u0438\u0442\u0430\u045a\u0430":"1 \u043c\u0438\u043d\u0443\u0442"},"schema":{"@context":"https:\/\/schema.org","@graph":[{"@type":"WebPage","@id":"https:\/\/papirol.si\/prodajni-program\/cvetlicarski-aranzerski-dekorativni-papir-in-celofan\/","url":"https:\/\/papirol.si\/prodajni-program\/cvetlicarski-aranzerski-dekorativni-papir-in-celofan\/","name":"\u0426\u0432\u0435\u045b\u0430\u0440, \u0446\u0432\u0435\u0442\u043d\u0438 \u0434\u0438\u0437\u0430\u0458\u043d \u0438 \u0434\u0435\u043a\u043e\u0440\u0430\u0442\u0438\u0432\u043d\u0438 \u043f\u0430\u043f\u0438\u0440 \u0438 \u0446\u0435\u043b\u043e\u0444\u0430\u043d | \u041f\u0430\u043f\u0438\u0440\u043e\u043b","isPartOf":{"@id":"https:\/\/papirol.si\/#website"},"primaryImageOfPage":{"@id":"https:\/\/papirol.si\/prodajni-program\/cvetlicarski-aranzerski-dekorativni-papir-in-celofan\/#primaryimage"},"image":{"@id":"https:\/\/papirol.si\/prodajni-program\/cvetlicarski-aranzerski-dekorativni-papir-in-celofan\/#primaryimage"},"thumbnailUrl":"https:\/\/papirol.si\/wp-content\/uploads\/2020\/03\/r1201191-01-300x300.jpg","datePublished":"2019-11-19T10:53:29+00:00","dateModified":"2020-03-02T13:16:09+00:00","breadcrumb":{"@id":"https:\/\/papirol.si\/prodajni-program\/cvetlicarski-aranzerski-dekorativni-papir-in-celofan\/#breadcrumb"},"inLanguage":"sr-RS","potentialAction":[{"@type":"ReadAction","target":["https:\/\/papirol.si\/prodajni-program\/cvetlicarski-aranzerski-dekorativni-papir-in-celofan\/"]}]},{"@type":"ImageObject","inLanguage":"sr-RS","@id":"https:\/\/papirol.si\/prodajni-program\/cvetlicarski-aranzerski-dekorativni-papir-in-celofan\/#primaryimage","url":"https:\/\/papirol.si\/wp-content\/uploads\/2020\/03\/r1201191-01-300x300.jpg","contentUrl":"https:\/\/papirol.si\/wp-content\/uploads\/2020\/03\/r1201191-01-300x300.jpg"},{"@type":"BreadcrumbList","@id":"https:\/\/papirol.si\/prodajni-program\/cvetlicarski-aranzerski-dekorativni-papir-in-celofan\/#breadcrumb","itemListElement":[{"@type":"ListItem","position":1,"name":"Home","item":"https:\/\/papirol.si\/"},{"@type":"ListItem","position":2,"name":"Prodajni program","item":"https:\/\/papirol.si\/prodajni-program\/"},{"@type":"ListItem","position":3,"name":"Cvetli\u010darski, aran\u017eerski, dekorativni papir in celofan"}]},{"@type":"WebSite","@id":"https:\/\/papirol.si\/#website","url":"https:\/\/papirol.si\/","name":"\u041f\u0430\u043f\u0438\u0440\u043e\u043b","description":"\u0412\u0435\u045b 36 \u0433\u043e\u0434\u0438\u043d\u0430 \u043e\u0431\u043b\u0430\u0447\u0438\u043c\u043e \u0432\u0430\u0448\u0435 \u043f\u0440\u043e\u0438\u0437\u0432\u043e\u0434\u0435!","publisher":{"@id":"https:\/\/papirol.si\/#organization"},"potentialAction":[{"@type":"SearchAction","target":{"@type":"EntryPoint","urlTemplate":"https:\/\/papirol.si\/?s={search_term_string}"},"query-input":{"@type":"PropertyValueSpecification","valueRequired":true,"valueName":"search_term_string"}}],"inLanguage":"sr-RS"},{"@type":"Organization","@id":"https:\/\/papirol.si\/#organization","name":"\u041f\u0430\u043f\u0438\u0440\u043e\u043b","url":"https:\/\/papirol.si\/","logo":{"@type":"ImageObject","inLanguage":"sr-RS","@id":"https:\/\/papirol.si\/#\/schema\/logo\/image\/","url":"https:\/\/papirol.si\/wp-content\/uploads\/2019\/12\/papirol-bela.png","contentUrl":"https:\/\/papirol.si\/wp-content\/uploads\/2019\/12\/papirol-bela.png","width":400,"height":80,"caption":"Papirol"},"image":{"@id":"https:\/\/papirol.si\/#\/schema\/logo\/image\/"}}]}},"_links":{"self":[{"href":"https:\/\/papirol.si\/sr\/wp-json\/wp\/v2\/pages\/1775","targetHints":{"allow":["GET"]}}],"collection":[{"href":"https:\/\/papirol.si\/sr\/wp-json\/wp\/v2\/pages"}],"about":[{"href":"https:\/\/papirol.si\/sr\/wp-json\/wp\/v2\/types\/page"}],"author":[{"embeddable":true,"href":"https:\/\/papirol.si\/sr\/wp-json\/wp\/v2\/users\/5"}],"replies":[{"embeddable":true,"href":"https:\/\/papirol.si\/sr\/wp-json\/wp\/v2\/comments?post=1775"}],"version-history":[{"count":18,"href":"https:\/\/papirol.si\/sr\/wp-json\/wp\/v2\/pages\/1775\/revisions"}],"predecessor-version":[{"id":2848,"href":"https:\/\/papirol.si\/sr\/wp-json\/wp\/v2\/pages\/1775\/revisions\/2848"}],"up":[{"embeddable":true,"href":"https:\/\/papirol.si\/sr\/wp-json\/wp\/v2\/pages\/1742"}],"wp:attachment":[{"href":"https:\/\/papirol.si\/sr\/wp-json\/wp\/v2\/media?parent=1775"}],"curies":[{"name":"wp","href":"https:\/\/api.w.org\/{rel}","templated":true}]}}