{"id":1893,"date":"2019-12-06T12:07:55","date_gmt":"2019-12-06T11:07:55","guid":{"rendered":"https:\/\/papirol.si\/prodajni-program\/papirnate-vrecke-s-stirikotnim-dnom\/papirnate-vrecke-natura-in-bela-natura-2\/"},"modified":"2020-02-08T19:10:54","modified_gmt":"2020-02-08T18:10:54","slug":"%d0%bd%d0%b0%d1%82%d1%83%d1%80%d0%b0-%d0%bf%d0%b0%d0%bf%d0%b8%d1%80%d0%bd%d0%b5-%d0%ba%d0%b5%d1%81%d0%b5-%d1%81%d0%b0-%d0%bf%d1%80%d0%be%d0%b7%d0%be%d1%80%d0%be%d0%bc-2","status":"publish","type":"page","link":"https:\/\/papirol.si\/sr\/prodajni-program\/papirnate-vrecke-s-stirikotnim-dnom\/papirnate-vrecke-natura-z-oknom\/","title":{"rendered":"\u041d\u0430\u0442\u0443\u0440\u0430 \u043f\u0430\u043f\u0438\u0440\u043d\u0435 \u043a\u0435\u0441\u0435 \u0441\u0430 \u043f\u0440\u043e\u0437\u043e\u0440\u043e\u043c"},"content":{"rendered":"<div data-elementor-type=\"wp-page\" data-elementor-id=\"1893\" class=\"elementor elementor-1893\" data-elementor-post-type=\"page\">\n\t\t\t\t\t\t<section class=\"elementor-section elementor-top-section elementor-element elementor-element-5498e770 elementor-section-content-middle elementor-section-boxed elementor-section-height-default elementor-section-height-default\" data-id=\"5498e770\" data-element_type=\"section\" data-e-type=\"section\" id=\"produkt-bio\" data-settings=\"{&quot;background_background&quot;:&quot;classic&quot;}\">\n\t\t\t\t\t\t<div class=\"elementor-container elementor-column-gap-default\">\n\t\t\t\t\t<div class=\"elementor-column elementor-col-50 elementor-top-column elementor-element elementor-element-617b0a78\" data-id=\"617b0a78\" data-element_type=\"column\" data-e-type=\"column\">\n\t\t\t<div class=\"elementor-widget-wrap elementor-element-populated\">\n\t\t\t\t\t\t<div class=\"elementor-element elementor-element-059580b elementor-widget elementor-widget-image\" data-id=\"059580b\" data-element_type=\"widget\" data-e-type=\"widget\" data-widget_type=\"image.default\">\n\t\t\t\t\t\t\t\t\t\t\t\t\t\t\t<img fetchpriority=\"high\" decoding=\"async\" width=\"774\" height=\"1000\" src=\"https:\/\/papirol.si\/wp-content\/uploads\/2020\/01\/\u010di\u010derika-okenca.jpg\" class=\"attachment-large size-large wp-image-2420\" alt=\"\" srcset=\"https:\/\/papirol.si\/wp-content\/uploads\/2020\/01\/\u010di\u010derika-okenca.jpg 774w, https:\/\/papirol.si\/wp-content\/uploads\/2020\/01\/\u010di\u010derika-okenca-232x300.jpg 232w, https:\/\/papirol.si\/wp-content\/uploads\/2020\/01\/\u010di\u010derika-okenca-768x992.jpg 768w, https:\/\/papirol.si\/wp-content\/uploads\/2020\/01\/\u010di\u010derika-okenca-285x368.jpg 285w, https:\/\/papirol.si\/wp-content\/uploads\/2020\/01\/\u010di\u010derika-okenca-511x660.jpg 511w, https:\/\/papirol.si\/wp-content\/uploads\/2020\/01\/\u010di\u010derika-okenca-116x150.jpg 116w\" sizes=\"(max-width: 774px) 100vw, 774px\" \/>\t\t\t\t\t\t\t\t\t\t\t\t\t\t\t<\/div>\n\t\t\t\t<div class=\"elementor-element elementor-element-5e181009 elementor-widget elementor-widget-image\" data-id=\"5e181009\" data-element_type=\"widget\" data-e-type=\"widget\" data-widget_type=\"image.default\">\n\t\t\t\t\t\t\t\t\t\t\t\t\t\t\t<img decoding=\"async\" width=\"635\" height=\"1024\" src=\"https:\/\/papirol.si\/wp-content\/uploads\/2020\/02\/vre\u010dka-za-mokookno-skica-635x1024.jpg\" class=\"attachment-large size-large wp-image-2664\" alt=\"\u0445\u0430\u0440\u0442\u0438\u0435\u043d\u0435 \u043a\u0435\u0441\u0435 \u0437\u0430 \u0431\u0440\u0430\u0448\u043d\u043e\" srcset=\"https:\/\/papirol.si\/wp-content\/uploads\/2020\/02\/vre\u010dka-za-mokookno-skica-635x1024.jpg 635w, https:\/\/papirol.si\/wp-content\/uploads\/2020\/02\/vre\u010dka-za-mokookno-skica-186x300.jpg 186w, https:\/\/papirol.si\/wp-content\/uploads\/2020\/02\/vre\u010dka-za-mokookno-skica-768x1239.jpg 768w, https:\/\/papirol.si\/wp-content\/uploads\/2020\/02\/vre\u010dka-za-mokookno-skica-285x460.jpg 285w, https:\/\/papirol.si\/wp-content\/uploads\/2020\/02\/vre\u010dka-za-mokookno-skica-409x660.jpg 409w, https:\/\/papirol.si\/wp-content\/uploads\/2020\/02\/vre\u010dka-za-mokookno-skica-93x150.jpg 93w, https:\/\/papirol.si\/wp-content\/uploads\/2020\/02\/vre\u010dka-za-mokookno-skica.jpg 950w\" sizes=\"(max-width: 635px) 100vw, 635px\" \/>\t\t\t\t\t\t\t\t\t\t\t\t\t\t\t<\/div>\n\t\t\t\t\t<\/div>\n\t\t<\/div>\n\t\t\t\t<div class=\"elementor-column elementor-col-50 elementor-top-column elementor-element elementor-element-4a7ce1a5\" data-id=\"4a7ce1a5\" data-element_type=\"column\" data-e-type=\"column\">\n\t\t\t<div class=\"elementor-widget-wrap elementor-element-populated\">\n\t\t\t\t\t\t<div class=\"elementor-element elementor-element-573f6f22 elementor-widget elementor-widget-text-editor\" data-id=\"573f6f22\" data-element_type=\"widget\" data-e-type=\"widget\" data-widget_type=\"text-editor.default\">\n\t\t\t\t\t\t\t\t\t<p><span style=\"font-weight: 400;\">\u041e\u0432\u0435 \u043f\u0430\u043f\u0438\u0440\u043d\u0435 \u043a\u0435\u0441\u0435 \u043f\u0440\u0438\u0440\u043e\u0434\u043d\u0435 \u0431\u043e\u0458\u0435 \u0441\u0430 \u043a\u0432\u0430\u0434\u0440\u0430\u0442\u043d\u0438\u043c \u0434\u043d\u043e\u043c \u0438 \u043f\u0440\u043e\u0437\u043e\u0440\u043e\u043c \u043d\u0430\u043f\u0440\u0430\u0432\u0459\u0435\u043d\u0435 \u0441\u0443 \u043e\u0434 \u0441\u043c\u0435\u0452\u0435, \u043c\u0430\u0441\u043d\u043e\u045b\u043e\u043c \u043e\u0442\u043f\u043e\u0440\u043d\u0435 \u043f\u0430\u043f\u0438\u0440\u043d\u0435; \u0437\u0430\u0442\u0432\u0430\u0440\u0430\u0458\u0443 \u0441\u0435 \u0442\u0435\u0440\u043c\u0438\u0447\u043a\u0438\u043c \u0437\u0430\u0432\u0430\u0440\u0438\u0432\u0430\u045a\u0435\u043c, \u0432\u0435\u0437\u0438\u0446\u0430\u043c\u0430, \u043d\u0430\u043b\u0435\u043f\u043d\u0438\u0446\u0430\u043c\u0430 \u0438\u043b\u0438 \u0448\u0438\u0432\u0435\u045a\u0435\u043c.<\/span><\/p><p><span style=\"font-weight: 400;\">\u041c\u0430\u045a\u0438 \u043f\u0440\u043e\u0437\u043e\u0440 \u0458\u0435 \u043f\u043e\u043b\u043e\u0436\u0435\u043d \u0443 \u0434\u043e\u045a\u043e\u0458 \u043f\u043e\u043b\u043e\u0432\u0438\u043d\u0438 \u0442\u043e\u0440\u0431\u0435.<\/span><\/p><p><span style=\"font-weight: 400;\">\u041e\u043d\u0438 \u0441\u0443 \u043d\u0430\u0440\u043e\u0447\u0438\u0442\u043e \u043a\u043e\u0440\u0438\u0441\u043d\u0438 \u0437\u0430 \u043f\u0440\u043e\u0438\u0437\u0432\u043e\u0434\u0435 \u0447\u0438\u0458\u0438 \u0441\u0430\u0434\u0440\u0436\u0430\u0458 \u0458\u0435 \u043f\u043e\u0436\u0435\u0459\u043d\u043e \u0432\u0438\u0434\u0435\u0442\u0438, \u043a\u0430\u043e \u0448\u0442\u043e \u0441\u0443 \u0441\u0435\u043c\u0435\u043d\u043a\u0435, \u0440\u0430\u0437\u043b\u0438\u0447\u0438\u0442\u0435 \u043c\u0435\u0448\u0430\u0432\u0438\u043d\u0435 \u0447\u0430\u0458\u0430 \u0438 \u0431\u0438\u0459\u0430\u043a\u0430, \u0447\u043e\u043a\u043e\u043b\u0430\u0434\u043d\u0435 \u043f\u043e\u0441\u043b\u0430\u0441\u0442\u0438\u0446\u0435, \u0441\u0443\u0432\u043e \u0432\u043e\u045b\u0435, \u043f\u0430 \u0447\u0430\u043a \u0438 \u043a\u043e\u043b\u0430\u0447\u0438\u045b\u0438 \u0437\u0430 \u043f\u0441\u0435 \u0438 \u0441\u043b\u0438\u0447\u043d\u043e.\u00a0<\/span><\/p><p><span style=\"font-weight: 400;\">\u041d\u0430 \u0437\u0430\u043b\u0438\u0445\u0438 \u0438 \u0441\u043f\u0440\u0435\u043c\u043d\u043e \u0437\u0430 \u043e\u0434\u043c\u0430\u0445 \u0438\u0441\u043f\u043e\u0440\u0443\u043a\u0443, \u0447\u0430\u043a \u0438 \u0443 \u043c\u0430\u043b\u0438\u043c \u043a\u043e\u043b\u0438\u0447\u0438\u043d\u0430\u043c\u0430.<\/span><\/p>\t\t\t\t\t\t\t\t<\/div>\n\t\t\t\t<div class=\"elementor-element elementor-element-f1f04d4 elementor-widget elementor-widget-text-editor\" data-id=\"f1f04d4\" data-element_type=\"widget\" data-e-type=\"widget\" id=\"tisk-box\" data-widget_type=\"text-editor.default\">\n\t\t\t\t\t\t\t\t\t<h2>\u0428\u0442\u0430\u043c\u043f\u0430\u045a\u0435 \u043d\u0430 \u043a\u0435\u0441\u0430\u043c\u0430<\/h2>\n\u041d\u0443\u0434\u0438\u043c\u043e \u0432\u0438\u0441\u043e\u043a\u043e\u043a\u0432\u0430\u043b\u0438\u0442\u0435\u0442\u043d\u043e \u0448\u0442\u0430\u043c\u043f\u0430\u045a\u0435 \u043d\u0430 \u043f\u0430\u043f\u0438\u0440\u043d\u0438\u043c \u043a\u0435\u0441\u0430\u043c\u0430, \u0443 \u0458\u0435\u0434\u043d\u043e\u0458 \u0438\u043b\u0438 \u0432\u0438\u0448\u0435 \u0431\u043e\u0458\u0430.<br>\u041c\u043e\u0433\u0443\u045b\u043d\u043e\u0441\u0442 \u0448\u0442\u0430\u043c\u043f\u0430\u045a\u0430 \u0442\u043e\u043a\u043e\u043c \u043f\u0440\u043e\u0438\u0437\u0432\u043e\u0434\u045a\u0435 \u043a\u0435\u0441\u0435, \u043a\u043e\u0458\u0430 \u043e\u043c\u043e\u0433\u0443\u045b\u0430\u0432\u0430 \u0448\u0442\u0430\u043c\u043f\u0430\u045a\u0435 \u043f\u0440\u0435\u043a\u043e \u0446\u0435\u043b\u0435 \u043f\u043e\u0432\u0440\u0448\u0438\u043d\u0435 \u043a\u0435\u0441\u0435, \u0443\u043a\u0459\u0443\u0447\u0443\u0458\u0443\u045b\u0438 \u0434\u043d\u043e, \u0438 \u043f\u043e \u0436\u0435\u0459\u0438 \u0438 \u043d\u0430 \u0443\u043d\u0443\u0442\u0440\u0430\u0448\u045a\u043e\u0458 \u0441\u0442\u0440\u0430\u043d\u0438 \u043a\u0435\u0441\u0435.<br>\u041e\u043f\u0446\u0438\u0458\u0430 \u0448\u0442\u0430\u043c\u043f\u0430\u045a\u0430 \u043d\u0430 \u043f\u0440\u0435\u0442\u0445\u043e\u0434\u043d\u043e \u043f\u0440\u0438\u043f\u0440\u0435\u043c\u0459\u0435\u043d\u0438\u043c \u043a\u0435\u0441\u0430\u043c\u0430, \u0448\u0442\u043e \u043e\u043c\u043e\u0433\u0443\u045b\u0430\u0432\u0430 \u0448\u0442\u0430\u043c\u043f\u0430\u045a\u0435 \u043c\u0430\u045a\u0438\u0445 \u043a\u043e\u043b\u0438\u0447\u0438\u043d\u0430.\n<strong>\u0422\u0435\u0445\u043d\u0438\u043a\u0435 \u0448\u0442\u0430\u043c\u043f\u0430\u045a\u0430:<\/strong>\n<ul>\n \t<li>\u0432\u0438\u0448\u0435\u0431\u043e\u0458\u043d\u0438 \u0444\u043b\u0435\u043a\u0441\u043e \u0448\u0442\u0430\u043c\u043f \u043d\u0430 \u0441\u0432\u0438\u043c \u0432\u0440\u0441\u0442\u0430\u043c\u0430 \u043f\u0430\u043f\u0438\u0440\u043d\u0438\u0445 \u043a\u0435\u0441\u0430<\/li>\n \t<li>\u0432\u0438\u0448\u0435\u0431\u043e\u0458\u043d\u0438 \u0441\u0438\u0442\u043e \u0438\u043b\u0438 \u0444\u043b\u0435\u043a\u0441\u043e \u0448\u0442\u0430\u043c\u043f\u0430 \u043d\u0430 \u0441\u0432\u0438\u043c \u0432\u0440\u0441\u0442\u0430\u043c\u0430 \u043f\u0430\u043f\u0438\u0440\u043d\u0438\u0445 \u043a\u0435\u0441\u0430<\/li>\n<\/ul>\n<strong>\u0428\u0442\u0430\u043c\u043f\u0430\u0458:<\/strong>\n<ul>\n \t<li>\u043a\u043e\u043d\u0442\u0438\u043d\u0443\u0438\u0440\u0430\u043d\u0438 \u0438\u043b\u0438 \u043b\u043e\u043a\u0430\u043b\u043d\u0438 (\u0441\u043f\u043e\u0442) \u043a\u043e\u043b\u043e\u0440 \u0448\u0442\u0430\u043c\u043f\u0430, \u043d\u0430 \u0458\u0435\u0434\u043d\u043e\u0458 \u0438\u043b\u0438 \u043d\u0430 \u043e\u0431\u0435 \u0441\u0442\u0440\u0430\u043d\u0435<\/li>\n \t<li>\u043f\u0440\u0435\u043a\u043e \u0446\u0435\u043b\u0435 \u043f\u043e\u0432\u0440\u0448\u0438\u043d\u0435, \u0441\u0430 \u0458\u0435\u0434\u043d\u0435 \u0438\u043b\u0438 \u043e\u0431\u0435 \u0441\u0442\u0440\u0430\u043d\u0435, \u0443\u043a\u0459\u0443\u0447\u0443\u0458\u0443\u045b\u0438 \u0431\u043e\u0447\u043d\u0435 \u0438\u0432\u0438\u0446\u0435 \u0438 \u0434\u043d\u043e \u0442\u043e\u0440\u0431\u0435<\/li>\n<\/ul>\t\t\t\t\t\t\t\t<\/div>\n\t\t\t\t\t<\/div>\n\t\t<\/div>\n\t\t\t\t\t<\/div>\n\t\t<\/section>\n\t\t\t\t<section class=\"elementor-section elementor-top-section elementor-element elementor-element-7af69247 elementor-section-boxed elementor-section-height-default elementor-section-height-default\" data-id=\"7af69247\" data-element_type=\"section\" data-e-type=\"section\" id=\"product-bio-tbl\" data-settings=\"{&quot;background_background&quot;:&quot;classic&quot;}\">\n\t\t\t\t\t\t<div class=\"elementor-container elementor-column-gap-default\">\n\t\t\t\t\t<div class=\"elementor-column elementor-col-100 elementor-top-column elementor-element elementor-element-7e5e8098\" data-id=\"7e5e8098\" data-element_type=\"column\" data-e-type=\"column\">\n\t\t\t<div class=\"elementor-widget-wrap elementor-element-populated\">\n\t\t\t\t\t\t<div class=\"elementor-element elementor-element-2a23f05d elementor-widget elementor-widget-text-editor\" data-id=\"2a23f05d\" data-element_type=\"widget\" data-e-type=\"widget\" data-widget_type=\"text-editor.default\">\n\t\t\t\t\t\t\t\t\t<table><tbody><tr><td class=\"imVc\"><div><b class=\"fs11lh1-5\">\u041d\u0430\u0437\u0438\u0432 \u043f\u0440\u043e\u0438\u0437\u0432\u043e\u0434\u0430<\/b><\/div><\/td><td class=\"imVc\"><b>\u0421\u0442\u0430\u043d\u0434\u0430\u0440\u0434\u043d\u0430 \u0432\u0435\u043b\u0438\u0447\u0438\u043d\u0430<\/b><em>(A + 2 \u00d7 C \u00d7 B)<\/em><\/td><td class=\"imVc\"><div class=\"imTACenter\"><b><span class=\"fs11lh1-5\">\u041f\u0430\u043a\u043e\u0432\u0430\u045a\u0435<\/span><\/b><\/div><\/td><\/tr><tr><td class=\"imVc\"><div class=\"imTACenter\">4721 \u043f\u0430\u043f\u0438\u0440\u043d\u0430 \u043a\u0435\u0441\u0430 \u2013 \u043a\u0432\u0430\u0434\u0440\u0430\u0442\u043d\u043e \u0434\u043d\u043e, \u041c<\/div><\/td><td class=\"imVc\"><div class=\"imTACenter\">8 + 5 x 19 \u0446\u043c<\/div><\/td><td class=\"imVc\"><div class=\"imTACenter\">1000\/100 \u043a\u043e\u043c\u0430\u0434\u0430<\/div><\/td><\/tr><tr><td class=\"imVc\"><div class=\"imTACenter\">4722 \u0425\u0430\u0440\u0442\u0438\u0435\u043d\u0430 \u043a\u0435\u0441\u0430 \u2013 \u043a\u0432\u0430\u0434\u0440\u0430\u0442\u043d\u043e \u0434\u043d\u043e, S<\/div><\/td><td class=\"imVc\"><div class=\"imTACenter\">8 + 5 x 24 \u0446\u043c<\/div><\/td><td class=\"imVc\"><div class=\"imTACenter\"><span class=\"fs11lh1-5 ff1\">1000\/100 \u043a\u043e\u043c\u0430\u0434\u0430<\/span><\/div><\/td><\/tr><tr><td class=\"imVc\"><div class=\"imTACenter\">4723 \u043f\u0430\u043f\u0438\u0440\u043d\u0430 \u043a\u0435\u0441\u0430 \u2013 \u043a\u0432\u0430\u0434\u0440\u0430\u0442\u043d\u043e \u0434\u043d\u043e, V<\/div><\/td><td class=\"imVc\"><div class=\"imTACenter\">10,5 + 6,5 \u00d7 27,5 \u0446\u043c<\/div><\/td><td class=\"imVc\"><div class=\"imTACenter\"><span class=\"fs11lh1-5 ff1\">1000\/100 \u043a\u043e\u043c\u0430\u0434\u0430<\/span><\/div><\/td><\/tr><\/tbody><\/table>\t\t\t\t\t\t\t\t<\/div>\n\t\t\t\t\t<\/div>\n\t\t<\/div>\n\t\t\t\t\t<\/div>\n\t\t<\/section>\n\t\t\t\t<section class=\"elementor-section elementor-top-section elementor-element elementor-element-5b4deb7e elementor-section-boxed elementor-section-height-default elementor-section-height-default\" data-id=\"5b4deb7e\" data-element_type=\"section\" data-e-type=\"section\" id=\"povp-sect\" data-settings=\"{&quot;background_background&quot;:&quot;classic&quot;}\">\n\t\t\t\t\t\t\t<div class=\"elementor-background-overlay\"><\/div>\n\t\t\t\t\t\t\t<div class=\"elementor-container elementor-column-gap-default\">\n\t\t\t\t\t<div class=\"elementor-column elementor-col-100 elementor-top-column elementor-element elementor-element-2ce87e16\" data-id=\"2ce87e16\" data-element_type=\"column\" data-e-type=\"column\">\n\t\t\t<div class=\"elementor-widget-wrap elementor-element-populated\">\n\t\t\t\t\t\t<div class=\"elementor-element elementor-element-23af62c5 elementor-widget elementor-widget-heading\" data-id=\"23af62c5\" data-element_type=\"widget\" data-e-type=\"widget\" data-widget_type=\"heading.default\">\n\t\t\t\t\t<h2 class=\"elementor-heading-title elementor-size-default elementor-heading-title elementor-align-after-center\"><span style=\"font-weight:normal\"><span style=\"font-size: 9pt;font-weight: 700;vertical-align: baseline\"><\/span><\/span>\u041f\u043e\u0447\u043d\u0438\u0442\u0435 \u0434\u0430 \u043a\u043e\u0440\u0438\u0441\u0442\u0438\u0442\u0435 \u0435\u043a\u043e\u043b\u043e\u0448\u043a\u0443 \u0430\u043c\u0431\u0430\u043b\u0430\u0436\u0443!<\/h2>\t\t\t\t<\/div>\n\t\t\t\t<div class=\"elementor-element elementor-element-560dd8fe elementor-widget elementor-widget-sm-default-button\" data-id=\"560dd8fe\" data-element_type=\"widget\" data-e-type=\"widget\" data-widget_type=\"sm-default-button.default\">\n\t\t\t\t<div class=\"elementor-widget-container\">\n\t\t\t\t\t\n\t\t\t\t<a   href=\"https:\/\/papirol.si\/sr\/povprasevanje\/vrecke-stirikotno-dno\/\" class=\"btn\">\u041f\u043e\u0448\u0430\u0459\u0438\u0442\u0435 \u0443\u043f\u0438\u0442<i class=\"ti ti-arrow-right\"><\/i><\/a>\n\t\t\n\t\t\t\t\t<\/div>\n\t\t\t\t<\/div>\n\t\t\t\t\t<\/div>\n\t\t<\/div>\n\t\t\t\t\t<\/div>\n\t\t<\/section>\n\t\t\t\t<\/div>","protected":false},"excerpt":{"rendered":"<p>Papirnate vre\u010dke s \u0161tirikotnim dnom natura z oknom so izdelane iz rjavega, ma\u0161\u010dobo odpornega papirja; zapiramo jih z&#8230;<\/p>","protected":false},"author":5,"featured_media":0,"parent":1769,"menu_order":0,"comment_status":"closed","ping_status":"closed","template":"elementor_header_footer","meta":{"footnotes":""},"class_list":["post-1893","page","type-page","status-publish","hentry"],"yoast_head":"<!-- This site is optimized with the Yoast SEO plugin v27.3 - https:\/\/yoast.com\/product\/yoast-seo-wordpress\/ -->\n<title>Papirnate vre\u010dke natura z oknom | Papirol<\/title>\n<meta name=\"robots\" content=\"index, follow, max-snippet:-1, max-image-preview:large, max-video-preview:-1\" \/>\n<link rel=\"canonical\" href=\"https:\/\/papirol.si\/sr\/\u0430\u0441\u043e\u0440\u0442\u0438\u043c\u0430\u043d\/\u0445\u0430\u0440\u0442\u0438\u0435\u043d\u0435-\u043a\u0435\u0441\u0435-\u0441\u0430-\u0443\u043a\u043b\u043e\u043f\u043d\u0438\u043c-\u0434\u043d\u043e\u043c\/\u043d\u0430\u0442\u0443\u0440\u0430-\u043f\u0430\u043f\u0438\u0440\u043d\u0435-\u043a\u0435\u0441\u0435-\u0441\u0430-\u043f\u0440\u043e\u0437\u043e\u0440\u043e\u043c-2\/\" \/>\n<meta property=\"og:locale\" content=\"sr_RS\" \/>\n<meta property=\"og:type\" content=\"article\" \/>\n<meta property=\"og:title\" content=\"Papirnate vre\u010dke natura z oknom | Papirol\" \/>\n<meta property=\"og:description\" content=\"Papirnate vre\u010dke s \u0161tirikotnim dnom natura z oknom so izdelane iz rjavega, ma\u0161\u010dobo odpornega papirja; zapiramo jih z...\" \/>\n<meta property=\"og:url\" content=\"https:\/\/papirol.si\/sr\/\u0430\u0441\u043e\u0440\u0442\u0438\u043c\u0430\u043d\/\u0445\u0430\u0440\u0442\u0438\u0435\u043d\u0435-\u043a\u0435\u0441\u0435-\u0441\u0430-\u0443\u043a\u043b\u043e\u043f\u043d\u0438\u043c-\u0434\u043d\u043e\u043c\/\u043d\u0430\u0442\u0443\u0440\u0430-\u043f\u0430\u043f\u0438\u0440\u043d\u0435-\u043a\u0435\u0441\u0435-\u0441\u0430-\u043f\u0440\u043e\u0437\u043e\u0440\u043e\u043c-2\/\" \/>\n<meta property=\"og:site_name\" content=\"Papirol\" \/>\n<meta property=\"article:modified_time\" content=\"2020-02-08T18:10:54+00:00\" \/>\n<meta name=\"twitter:card\" content=\"summary_large_image\" \/>\n<meta name=\"twitter:label1\" content=\"\u041f\u0440\u043e\u0446\u0435\u045a\u0435\u043d\u043e \u0432\u0440\u0435\u043c\u0435 \u0447\u0438\u0442\u0430\u045a\u0430\" \/>\n\t<meta name=\"twitter:data1\" content=\"1 \u043c\u0438\u043d\u0443\u0442\" \/>\n<script type=\"application\/ld+json\" class=\"yoast-schema-graph\">{\"@context\":\"https:\\\/\\\/schema.org\",\"@graph\":[{\"@type\":\"WebPage\",\"@id\":\"https:\\\/\\\/papirol.si\\\/prodajni-program\\\/papirnate-vrecke-s-stirikotnim-dnom\\\/papirnate-vrecke-natura-z-oknom\\\/\",\"url\":\"https:\\\/\\\/papirol.si\\\/prodajni-program\\\/papirnate-vrecke-s-stirikotnim-dnom\\\/papirnate-vrecke-natura-z-oknom\\\/\",\"name\":\"Papirnate vre\u010dke natura z oknom | Papirol\",\"isPartOf\":{\"@id\":\"https:\\\/\\\/papirol.si\\\/#website\"},\"datePublished\":\"2019-12-06T11:07:55+00:00\",\"dateModified\":\"2020-02-08T18:10:54+00:00\",\"breadcrumb\":{\"@id\":\"https:\\\/\\\/papirol.si\\\/prodajni-program\\\/papirnate-vrecke-s-stirikotnim-dnom\\\/papirnate-vrecke-natura-z-oknom\\\/#breadcrumb\"},\"inLanguage\":\"sr-RS\",\"potentialAction\":[{\"@type\":\"ReadAction\",\"target\":[\"https:\\\/\\\/papirol.si\\\/prodajni-program\\\/papirnate-vrecke-s-stirikotnim-dnom\\\/papirnate-vrecke-natura-z-oknom\\\/\"]}]},{\"@type\":\"BreadcrumbList\",\"@id\":\"https:\\\/\\\/papirol.si\\\/prodajni-program\\\/papirnate-vrecke-s-stirikotnim-dnom\\\/papirnate-vrecke-natura-z-oknom\\\/#breadcrumb\",\"itemListElement\":[{\"@type\":\"ListItem\",\"position\":1,\"name\":\"Home\",\"item\":\"https:\\\/\\\/papirol.si\\\/\"},{\"@type\":\"ListItem\",\"position\":2,\"name\":\"Prodajni program\",\"item\":\"https:\\\/\\\/papirol.si\\\/prodajni-program\\\/\"},{\"@type\":\"ListItem\",\"position\":3,\"name\":\"Papirnate vre\u010dke s \u0161tirikotnim dnom\",\"item\":\"https:\\\/\\\/papirol.si\\\/prodajni-program\\\/papirnate-vrecke-s-stirikotnim-dnom\\\/\"},{\"@type\":\"ListItem\",\"position\":4,\"name\":\"Papirnate vre\u010dke natura z oknom\"}]},{\"@type\":\"WebSite\",\"@id\":\"https:\\\/\\\/papirol.si\\\/#website\",\"url\":\"https:\\\/\\\/papirol.si\\\/\",\"name\":\"Papirol\",\"description\":\"Obla\u010dimo va\u0161e izdelke \u017ee 36 let!\",\"publisher\":{\"@id\":\"https:\\\/\\\/papirol.si\\\/#organization\"},\"potentialAction\":[{\"@type\":\"SearchAction\",\"target\":{\"@type\":\"EntryPoint\",\"urlTemplate\":\"https:\\\/\\\/papirol.si\\\/?s={search_term_string}\"},\"query-input\":{\"@type\":\"PropertyValueSpecification\",\"valueRequired\":true,\"valueName\":\"search_term_string\"}}],\"inLanguage\":\"sr-RS\"},{\"@type\":\"Organization\",\"@id\":\"https:\\\/\\\/papirol.si\\\/#organization\",\"name\":\"Papirol\",\"url\":\"https:\\\/\\\/papirol.si\\\/\",\"logo\":{\"@type\":\"ImageObject\",\"inLanguage\":\"sr-RS\",\"@id\":\"https:\\\/\\\/papirol.si\\\/#\\\/schema\\\/logo\\\/image\\\/\",\"url\":\"https:\\\/\\\/papirol.si\\\/wp-content\\\/uploads\\\/2019\\\/12\\\/papirol-bela.png\",\"contentUrl\":\"https:\\\/\\\/papirol.si\\\/wp-content\\\/uploads\\\/2019\\\/12\\\/papirol-bela.png\",\"width\":400,\"height\":80,\"caption\":\"Papirol\"},\"image\":{\"@id\":\"https:\\\/\\\/papirol.si\\\/#\\\/schema\\\/logo\\\/image\\\/\"}}]}<\/script>\n<!-- \/ Yoast SEO plugin. -->","yoast_head_json":{"title":"Natura \u043f\u0430\u043f\u0438\u0440\u043d\u0435 \u043a\u0435\u0441\u0435 \u0441\u0430 \u043f\u0440\u043e\u0437\u043e\u0440\u043e\u043c | \u041f\u0430\u043f\u0438\u0440\u043e\u043b","robots":{"index":"index","follow":"follow","max-snippet":"max-snippet:-1","max-image-preview":"max-image-preview:large","max-video-preview":"max-video-preview:-1"},"canonical":"https:\/\/papirol.si\/sr\/\u0430\u0441\u043e\u0440\u0442\u0438\u043c\u0430\u043d\/\u0445\u0430\u0440\u0442\u0438\u0435\u043d\u0435-\u043a\u0435\u0441\u0435-\u0441\u0430-\u0443\u043a\u043b\u043e\u043f\u043d\u0438\u043c-\u0434\u043d\u043e\u043c\/\u043d\u0430\u0442\u0443\u0440\u0430-\u043f\u0430\u043f\u0438\u0440\u043d\u0435-\u043a\u0435\u0441\u0435-\u0441\u0430-\u043f\u0440\u043e\u0437\u043e\u0440\u043e\u043c-2\/","og_locale":"sr_RS","og_type":"article","og_title":"Papirnate vre\u010dke natura z oknom | Papirol","og_description":"Papirnate vre\u010dke s \u0161tirikotnim dnom natura z oknom so izdelane iz rjavega, ma\u0161\u010dobo odpornega papirja; zapiramo jih z...","og_url":"https:\/\/papirol.si\/sr\/\u0430\u0441\u043e\u0440\u0442\u0438\u043c\u0430\u043d\/\u0445\u0430\u0440\u0442\u0438\u0435\u043d\u0435-\u043a\u0435\u0441\u0435-\u0441\u0430-\u0443\u043a\u043b\u043e\u043f\u043d\u0438\u043c-\u0434\u043d\u043e\u043c\/\u043d\u0430\u0442\u0443\u0440\u0430-\u043f\u0430\u043f\u0438\u0440\u043d\u0435-\u043a\u0435\u0441\u0435-\u0441\u0430-\u043f\u0440\u043e\u0437\u043e\u0440\u043e\u043c-2\/","og_site_name":"Papirol","article_modified_time":"2020-02-08T18:10:54+00:00","twitter_card":"summary_large_image","twitter_misc":{"\u041f\u0440\u043e\u0446\u0435\u045a\u0435\u043d\u043e \u0432\u0440\u0435\u043c\u0435 \u0447\u0438\u0442\u0430\u045a\u0430":"1 \u043c\u0438\u043d\u0443\u0442"},"schema":{"@context":"https:\/\/schema.org","@graph":[{"@type":"WebPage","@id":"https:\/\/papirol.si\/prodajni-program\/papirnate-vrecke-s-stirikotnim-dnom\/papirnate-vrecke-natura-z-oknom\/","url":"https:\/\/papirol.si\/prodajni-program\/papirnate-vrecke-s-stirikotnim-dnom\/papirnate-vrecke-natura-z-oknom\/","name":"Natura \u043f\u0430\u043f\u0438\u0440\u043d\u0435 \u043a\u0435\u0441\u0435 \u0441\u0430 \u043f\u0440\u043e\u0437\u043e\u0440\u043e\u043c | \u041f\u0430\u043f\u0438\u0440\u043e\u043b","isPartOf":{"@id":"https:\/\/papirol.si\/#website"},"datePublished":"2019-12-06T11:07:55+00:00","dateModified":"2020-02-08T18:10:54+00:00","breadcrumb":{"@id":"https:\/\/papirol.si\/prodajni-program\/papirnate-vrecke-s-stirikotnim-dnom\/papirnate-vrecke-natura-z-oknom\/#breadcrumb"},"inLanguage":"sr-RS","potentialAction":[{"@type":"ReadAction","target":["https:\/\/papirol.si\/prodajni-program\/papirnate-vrecke-s-stirikotnim-dnom\/papirnate-vrecke-natura-z-oknom\/"]}]},{"@type":"BreadcrumbList","@id":"https:\/\/papirol.si\/prodajni-program\/papirnate-vrecke-s-stirikotnim-dnom\/papirnate-vrecke-natura-z-oknom\/#breadcrumb","itemListElement":[{"@type":"ListItem","position":1,"name":"Home","item":"https:\/\/papirol.si\/"},{"@type":"ListItem","position":2,"name":"Prodajni program","item":"https:\/\/papirol.si\/prodajni-program\/"},{"@type":"ListItem","position":3,"name":"Papirnate vre\u010dke s \u0161tirikotnim dnom","item":"https:\/\/papirol.si\/prodajni-program\/papirnate-vrecke-s-stirikotnim-dnom\/"},{"@type":"ListItem","position":4,"name":"Papirnate vre\u010dke natura z oknom"}]},{"@type":"WebSite","@id":"https:\/\/papirol.si\/#website","url":"https:\/\/papirol.si\/","name":"\u041f\u0430\u043f\u0438\u0440\u043e\u043b","description":"\u0412\u0435\u045b 36 \u0433\u043e\u0434\u0438\u043d\u0430 \u043e\u0431\u043b\u0430\u0447\u0438\u043c\u043e \u0432\u0430\u0448\u0435 \u043f\u0440\u043e\u0438\u0437\u0432\u043e\u0434\u0435!","publisher":{"@id":"https:\/\/papirol.si\/#organization"},"potentialAction":[{"@type":"SearchAction","target":{"@type":"EntryPoint","urlTemplate":"https:\/\/papirol.si\/?s={search_term_string}"},"query-input":{"@type":"PropertyValueSpecification","valueRequired":true,"valueName":"search_term_string"}}],"inLanguage":"sr-RS"},{"@type":"Organization","@id":"https:\/\/papirol.si\/#organization","name":"\u041f\u0430\u043f\u0438\u0440\u043e\u043b","url":"https:\/\/papirol.si\/","logo":{"@type":"ImageObject","inLanguage":"sr-RS","@id":"https:\/\/papirol.si\/#\/schema\/logo\/image\/","url":"https:\/\/papirol.si\/wp-content\/uploads\/2019\/12\/papirol-bela.png","contentUrl":"https:\/\/papirol.si\/wp-content\/uploads\/2019\/12\/papirol-bela.png","width":400,"height":80,"caption":"Papirol"},"image":{"@id":"https:\/\/papirol.si\/#\/schema\/logo\/image\/"}}]}},"_links":{"self":[{"href":"https:\/\/papirol.si\/sr\/wp-json\/wp\/v2\/pages\/1893","targetHints":{"allow":["GET"]}}],"collection":[{"href":"https:\/\/papirol.si\/sr\/wp-json\/wp\/v2\/pages"}],"about":[{"href":"https:\/\/papirol.si\/sr\/wp-json\/wp\/v2\/types\/page"}],"author":[{"embeddable":true,"href":"https:\/\/papirol.si\/sr\/wp-json\/wp\/v2\/users\/5"}],"replies":[{"embeddable":true,"href":"https:\/\/papirol.si\/sr\/wp-json\/wp\/v2\/comments?post=1893"}],"version-history":[{"count":15,"href":"https:\/\/papirol.si\/sr\/wp-json\/wp\/v2\/pages\/1893\/revisions"}],"predecessor-version":[{"id":2716,"href":"https:\/\/papirol.si\/sr\/wp-json\/wp\/v2\/pages\/1893\/revisions\/2716"}],"up":[{"embeddable":true,"href":"https:\/\/papirol.si\/sr\/wp-json\/wp\/v2\/pages\/1769"}],"wp:attachment":[{"href":"https:\/\/papirol.si\/sr\/wp-json\/wp\/v2\/media?parent=1893"}],"curies":[{"name":"wp","href":"https:\/\/api.w.org\/{rel}","templated":true}]}}