{"id":2167,"date":"2019-12-06T12:07:55","date_gmt":"2019-12-06T11:07:55","guid":{"rendered":"https:\/\/papirol.si\/prodajni-program\/papirnate-vrecke-z-ravnim-dnom\/papirnate-vrecke-bela-natura-2\/"},"modified":"2020-02-05T09:29:39","modified_gmt":"2020-02-05T08:29:39","slug":"%d0%bf%d0%b0%d0%bf%d0%b8%d1%80%d0%be%d0%bb%d0%b5%d0%ba%d1%81-%d0%b2%d0%be%d0%b4%d0%be%d0%be%d1%82%d0%bf%d0%be%d1%80%d0%bd%d0%b8-%d0%bf%d0%b0%d0%bf%d0%b8%d1%80","status":"publish","type":"page","link":"https:\/\/papirol.si\/sr\/prodajni-program\/vrecke-za-take-away-in-hitro-hrano\/papirolex-mascoboodporni-papir\/","title":{"rendered":"\u041f\u0430\u043f\u0438\u0440\u043e\u043b\u0435\u043a\u0441 \u043c\u0430\u0441\u043d\u043e\u0442\u043f\u043e\u0440\u043d\u043e \u043f\u0430\u043f\u0438\u0440"},"content":{"rendered":"<div data-elementor-type=\"wp-page\" data-elementor-id=\"2167\" class=\"elementor elementor-2167\" data-elementor-post-type=\"page\">\n\t\t\t\t\t\t<section class=\"elementor-section elementor-top-section elementor-element elementor-element-35febe3e elementor-section-content-middle elementor-section-boxed elementor-section-height-default elementor-section-height-default\" data-id=\"35febe3e\" data-element_type=\"section\" data-e-type=\"section\" id=\"produkt-bio\" data-settings=\"{&quot;background_background&quot;:&quot;classic&quot;}\">\n\t\t\t\t\t\t<div class=\"elementor-container elementor-column-gap-default\">\n\t\t\t\t\t<div class=\"elementor-column elementor-col-50 elementor-top-column elementor-element elementor-element-60f051b0\" data-id=\"60f051b0\" data-element_type=\"column\" data-e-type=\"column\">\n\t\t\t<div class=\"elementor-widget-wrap elementor-element-populated\">\n\t\t\t\t\t\t<div class=\"elementor-element elementor-element-059580b elementor-widget elementor-widget-image\" data-id=\"059580b\" data-element_type=\"widget\" data-e-type=\"widget\" data-widget_type=\"image.default\">\n\t\t\t\t\t\t\t\t\t\t\t\t\t\t\t<img fetchpriority=\"high\" decoding=\"async\" width=\"420\" height=\"300\" src=\"https:\/\/papirol.si\/wp-content\/uploads\/2020\/01\/d7moirrj.jpg\" class=\"attachment-large size-large wp-image-2274\" alt=\"\" srcset=\"https:\/\/papirol.si\/wp-content\/uploads\/2020\/01\/d7moirrj.jpg 420w, https:\/\/papirol.si\/wp-content\/uploads\/2020\/01\/d7moirrj-300x214.jpg 300w, https:\/\/papirol.si\/wp-content\/uploads\/2020\/01\/d7moirrj-285x204.jpg 285w, https:\/\/papirol.si\/wp-content\/uploads\/2020\/01\/d7moirrj-150x107.jpg 150w\" sizes=\"(max-width: 420px) 100vw, 420px\" \/>\t\t\t\t\t\t\t\t\t\t\t\t\t\t\t<\/div>\n\t\t\t\t\t<\/div>\n\t\t<\/div>\n\t\t\t\t<div class=\"elementor-column elementor-col-50 elementor-top-column elementor-element elementor-element-d497803\" data-id=\"d497803\" data-element_type=\"column\" data-e-type=\"column\">\n\t\t\t<div class=\"elementor-widget-wrap elementor-element-populated\">\n\t\t\t\t\t\t<div class=\"elementor-element elementor-element-35aa7cad elementor-widget elementor-widget-text-editor\" data-id=\"35aa7cad\" data-element_type=\"widget\" data-e-type=\"widget\" data-widget_type=\"text-editor.default\">\n\t\t\t\t\t\t\t\t\t<p><span style=\"font-weight: 400;\">Papirolex \u043c\u0430\u0441\u043d\u043e\u0442\u043f\u043e\u0440\u043d\u043e \u043f\u0430\u043f\u0438\u0440 \u0458\u0435 \u043d\u0430\u043f\u0440\u0430\u0432\u0459\u0435\u043d \u043e\u0434 \u0431\u0435\u043b\u043e\u0433 \u0438\u043b\u0438 \u043f\u0440\u0438\u0440\u043e\u0434\u043d\u043e \u0441\u043c\u0435\u0452\u0435\u0433 \u043f\u0430\u043f\u0438\u0440\u0430 \u0441\u0430 \u0435\u043a\u0441\u0442\u0440\u0443\u0434\u0438\u0440\u0430\u043d\u0438\u043c \u0442\u0435\u0440\u043c\u0438\u0447\u043a\u0438\u043c \u043f\u0440\u0435\u043c\u0430\u0437\u043e\u043c \u043e\u0434 \u0433\u0440\u0430\u043d\u0443\u043b\u0430, \u0448\u0442\u043e \u0433\u0430 \u0447\u0438\u043d\u0438 \u0458\u0435\u0434\u043d\u0438\u043c \u043e\u0434 \u043d\u0430\u0458\u043a\u0432\u0430\u043b\u0438\u0442\u0435\u0442\u043d\u0438\u0458\u0438\u0445 \u043c\u0430\u0441\u043d\u043e\u0442\u043f\u043e\u0440\u043d\u0438\u0445 \u043f\u0430\u043f\u0438\u0440\u0430 \u0434\u043e\u0441\u0442\u0443\u043f\u043d\u0438\u0445. \u041f\u0440\u0435\u043c\u0430\u0437 \u043e\u0434 \u043a\u043e\u043c\u043f\u043e\u0441\u0442\u0438\u0432\u0438\u0445 \u0433\u0440\u0430\u043d\u0443\u043b\u0430 \u0458\u0435 \u0434\u043e\u0441\u0442\u0443\u043f\u0430\u043d \u043a\u0430\u043e \u043e\u043f\u0446\u0438\u0458\u0430.<\/span><\/p><p><span style=\"font-weight: 400;\">\u0425\u0430\u0440\u0442\u0438\u0458\u0430 \u043a\u043e\u0458\u0443 \u043a\u043e\u0440\u0438\u0441\u0442\u0438\u043c\u043e \u0437\u0430 \u0443\u043c\u043e\u0442\u0430\u0432\u0430\u045a\u0435 \u043f\u0440\u043e\u0438\u0437\u0432\u043e\u0434\u0430 \u0458\u0435 \u043e\u0442\u043f\u043e\u0440\u043d\u0430 \u043d\u0430 \u043a\u0459\u0443\u0447\u0430\u045a\u0435.<\/span><\/p><p><span style=\"font-weight: 400;\">\u041f\u043e\u0433\u043e\u0434\u043d\u043e \u0437\u0430 \u0443\u043c\u043e\u0442\u0430\u0432\u0430\u045a\u0435 \u0431\u0443\u0440\u0433era, \u0441\u0438\u0440\u0430, \u043c\u0435\u0441\u043d\u0438\u0445 \u043f\u0440\u043e\u0438\u0437\u0432\u043e\u0434\u0430, \u0441\u0435\u043d\u0434\u0432\u0438\u0447\u0430, \u043a\u0440\u0438\u0448\u043a\u0438 \u043f\u0438\u0446\u0435, \u043c\u0435\u0441\u043d\u0438\u0445 \u0440\u043e\u043b\u043e\u0432\u0430, \u043a\u0440\u043e\u0444\u043d\u0438, \u0431\u043e\u0446\u0430 \u0438 \u0441\u043b\u0438\u0447\u043d\u0438\u0445 \u043f\u0440\u0435\u0434\u043c\u0435\u0442\u0430; \u0442\u0430\u043a\u043e\u0452\u0435 \u043f\u043e\u0433\u043e\u0434\u043d\u043e \u0437\u0430 \u0441\u0442\u043e\u043b\u045a\u0430\u043a\u0435.<\/span><\/p><p><span style=\"font-weight: 400;\">\u041e\u0431\u0438\u0447\u043d\u043e \u0458\u0435 \u043d\u0430 \u0437\u0430\u043b\u0438\u0445\u0430\u043c\u0430 \u0443 \u043e\u0432\u043e\u043c \u0444\u043e\u0440\u043c\u0430\u0442\u0443.<\/span><\/p><p><span style=\"font-weight: 400;\">\u0428\u0442\u0430\u043c\u043f\u0430\u043c\u043e \u043d\u0430 \u0432\u0438\u0448\u0435\u0431\u043e\u0458\u043d\u043e\u043c \u0458\u0435\u0434\u043d\u043e\u0441\u0442\u0440\u0430\u043d\u043e\u043c \u043f\u0430\u043f\u0438\u0440\u0443.<\/span><\/p>\t\t\t\t\t\t\t\t<\/div>\n\t\t\t\t\t<\/div>\n\t\t<\/div>\n\t\t\t\t\t<\/div>\n\t\t<\/section>\n\t\t\t\t<section class=\"elementor-section elementor-top-section elementor-element elementor-element-386de338 elementor-section-boxed elementor-section-height-default elementor-section-height-default\" data-id=\"386de338\" data-element_type=\"section\" data-e-type=\"section\" id=\"product-bio-tbl\" data-settings=\"{&quot;background_background&quot;:&quot;classic&quot;}\">\n\t\t\t\t\t\t<div class=\"elementor-container elementor-column-gap-default\">\n\t\t\t\t\t<div class=\"elementor-column elementor-col-100 elementor-top-column elementor-element elementor-element-61d832ed\" data-id=\"61d832ed\" data-element_type=\"column\" data-e-type=\"column\">\n\t\t\t<div class=\"elementor-widget-wrap elementor-element-populated\">\n\t\t\t\t\t\t<div class=\"elementor-element elementor-element-4fc07f3a elementor-widget elementor-widget-text-editor\" data-id=\"4fc07f3a\" data-element_type=\"widget\" data-e-type=\"widget\" data-widget_type=\"text-editor.default\">\n\t\t\t\t\t\t\t\t\t<table>\n<tbody>\n<tr>\n<td>\n<div><b>\u041d\u0430\u0437\u0438\u0432 \u043f\u0440\u043e\u0438\u0437\u0432\u043e\u0434\u0430<\/b><\/div><\/td>\n<td>\n<div><b>\u0411\u043e\u0458\u0430<\/b><\/div><\/td>\n<td><b>\u0421\u0442\u0430\u043d\u0434\u0430\u0440\u0434\u043d\u0430 \u0432\u0435\u043b\u0438\u0447\u0438\u043d\u0430<\/b><\/td>\n<td>\n<div><b>\u041f\u0430\u043a\u043e\u0432\u0430\u045a\u0435<\/b><\/div><\/td>\n<\/tr>\n<tr>\n<td>\n<div>\u041f\u0410\u041f\u0418\u0420\u041e\u041b\u0415\u041a\u0421 \u041c\u0410\u0421\u041d\u041e\u041e\u0422\u041f\u041e\u0420\u041d\u0418 \u041f\u0410\u041f\u0418\u0420<\/div><\/td>\n<td>\n<div>\u0411\u0435\u043b\u0438<\/div><\/td>\n<td>\n<div>40\u00d750 \u0446\u043c<\/div><\/td>\n<td>\n<div>10 \u043a\u0433\/1.250 \u043a\u043e\u043c\u0430\u0434\u0430<\/div><\/td>\n<\/tr>\n<tr>\n<td>\n<div>\u041f\u0410\u041f\u0418\u0420\u041e\u041b\u0415\u041a\u0421 \u041c\u0410\u0421\u041d\u041e\u041e\u0422\u041f\u041e\u0420\u041d\u0418 \u041f\u0410\u041f\u0418\u0420<\/div><\/td>\n<td>\n<div>\u0421\u043c\u0435\u0452\u0438<\/div><\/td>\n<td>\n<div>40\u00d750 \u0446\u043c<\/div><\/td>\n<td>\n<div>10 \u043a\u0433\/1.250 \u043a\u043e\u043c\u0430\u0434\u0430<\/div><\/td>\n<\/tr>\n<\/tbody>\n<\/table>\t\t\t\t\t\t\t\t<\/div>\n\t\t\t\t\t<\/div>\n\t\t<\/div>\n\t\t\t\t\t<\/div>\n\t\t<\/section>\n\t\t\t\t<section class=\"elementor-section elementor-top-section elementor-element elementor-element-3e7550ec elementor-section-boxed elementor-section-height-default elementor-section-height-default\" data-id=\"3e7550ec\" data-element_type=\"section\" data-e-type=\"section\" id=\"povp-sect\" data-settings=\"{&quot;background_background&quot;:&quot;classic&quot;}\">\n\t\t\t\t\t\t\t<div class=\"elementor-background-overlay\"><\/div>\n\t\t\t\t\t\t\t<div class=\"elementor-container elementor-column-gap-default\">\n\t\t\t\t\t<div class=\"elementor-column elementor-col-100 elementor-top-column elementor-element elementor-element-27eb2f6e\" data-id=\"27eb2f6e\" data-element_type=\"column\" data-e-type=\"column\">\n\t\t\t<div class=\"elementor-widget-wrap elementor-element-populated\">\n\t\t\t\t\t\t<div class=\"elementor-element elementor-element-44d6e39e elementor-widget elementor-widget-heading\" data-id=\"44d6e39e\" data-element_type=\"widget\" data-e-type=\"widget\" data-widget_type=\"heading.default\">\n\t\t\t\t\t<h2 class=\"elementor-heading-title elementor-size-default elementor-heading-title elementor-align-after-center\"><span style=\"font-weight:normal\"><span style=\"font-size: 9pt;font-weight: 700;vertical-align: baseline\"><\/span><\/span>\u041f\u043e\u0447\u043d\u0438\u0442\u0435 \u0434\u0430 \u043a\u043e\u0440\u0438\u0441\u0442\u0438\u0442\u0435 \u0435\u043a\u043e\u043b\u043e\u0448\u043a\u0443 \u0430\u043c\u0431\u0430\u043b\u0430\u0436\u0443!<\/h2>\t\t\t\t<\/div>\n\t\t\t\t<div class=\"elementor-element elementor-element-2317b07c elementor-widget elementor-widget-sm-default-button\" data-id=\"2317b07c\" data-element_type=\"widget\" data-e-type=\"widget\" data-widget_type=\"sm-default-button.default\">\n\t\t\t\t<div class=\"elementor-widget-container\">\n\t\t\t\t\t\n\t\t\t\t<a   href=\"https:\/\/papirol.si\/sr\/povprasevanje\/ovijalni-embalazni-papir\/\" class=\"btn\">\u041f\u043e\u0448\u0430\u0459\u0438\u0442\u0435 \u0443\u043f\u0438\u0442<i class=\"ti ti-arrow-right\"><\/i><\/a>\n\t\t\n\t\t\t\t\t<\/div>\n\t\t\t\t<\/div>\n\t\t\t\t\t<\/div>\n\t\t<\/div>\n\t\t\t\t\t<\/div>\n\t\t<\/section>\n\t\t\t\t<\/div>","protected":false},"excerpt":{"rendered":"<p>Papirolex ma\u0161\u010doboodporen papir je iz belega ali naravno rjavega papirja z extrudiranim toplotnim nanosom granulata, kar ga uvr\u0161\u010da&#8230;<\/p>","protected":false},"author":5,"featured_media":0,"parent":1777,"menu_order":0,"comment_status":"closed","ping_status":"closed","template":"elementor_header_footer","meta":{"footnotes":""},"class_list":["post-2167","page","type-page","status-publish","hentry"],"yoast_head":"<!-- This site is optimized with the Yoast SEO plugin v27.3 - https:\/\/yoast.com\/product\/yoast-seo-wordpress\/ -->\n<title>Papirolex ma\u0161\u010doboodporni papir | Papirol<\/title>\n<meta name=\"robots\" content=\"index, follow, max-snippet:-1, max-image-preview:large, max-video-preview:-1\" \/>\n<link rel=\"canonical\" href=\"https:\/\/papirol.si\/sr\/\u0430\u0441\u043e\u0440\u0442\u0438\u043c\u0430\u043d\/\u043a\u0435\u0441\u0435-\u0437\u0430-\u043f\u043e\u043d\u0435\u0442\u0438-\u0438-\u0431\u0440\u0437\u0443-\u0445\u0440\u0430\u043d\u0443\/\u043f\u0430\u043f\u0438\u0440\u043e\u043b\u0435\u043a\u0441-\u0432\u043e\u0434\u043e\u043e\u0442\u043f\u043e\u0440\u043d\u0438-\u043f\u0430\u043f\u0438\u0440\/\" \/>\n<meta property=\"og:locale\" content=\"sr_RS\" \/>\n<meta property=\"og:type\" content=\"article\" \/>\n<meta property=\"og:title\" content=\"Papirolex ma\u0161\u010doboodporni papir | Papirol\" \/>\n<meta property=\"og:description\" content=\"Papirolex ma\u0161\u010doboodporen papir je iz belega ali naravno rjavega papirja z extrudiranim toplotnim nanosom granulata, kar ga uvr\u0161\u010da...\" \/>\n<meta property=\"og:url\" content=\"https:\/\/papirol.si\/sr\/\u0430\u0441\u043e\u0440\u0442\u0438\u043c\u0430\u043d\/\u043a\u0435\u0441\u0435-\u0437\u0430-\u043f\u043e\u043d\u0435\u0442\u0438-\u0438-\u0431\u0440\u0437\u0443-\u0445\u0440\u0430\u043d\u0443\/\u043f\u0430\u043f\u0438\u0440\u043e\u043b\u0435\u043a\u0441-\u0432\u043e\u0434\u043e\u043e\u0442\u043f\u043e\u0440\u043d\u0438-\u043f\u0430\u043f\u0438\u0440\/\" \/>\n<meta property=\"og:site_name\" content=\"Papirol\" \/>\n<meta property=\"article:modified_time\" content=\"2020-02-05T08:29:39+00:00\" \/>\n<meta property=\"og:image\" content=\"https:\/\/papirol.si\/wp-content\/uploads\/2020\/01\/d7moirrj.jpg\" \/>\n\t<meta property=\"og:image:width\" content=\"420\" \/>\n\t<meta property=\"og:image:height\" content=\"300\" \/>\n\t<meta property=\"og:image:type\" content=\"image\/jpeg\" \/>\n<meta name=\"twitter:card\" content=\"summary_large_image\" \/>\n<meta name=\"twitter:label1\" content=\"\u041f\u0440\u043e\u0446\u0435\u045a\u0435\u043d\u043e \u0432\u0440\u0435\u043c\u0435 \u0447\u0438\u0442\u0430\u045a\u0430\" \/>\n\t<meta name=\"twitter:data1\" content=\"1 \u043c\u0438\u043d\u0443\u0442\" \/>\n<script type=\"application\/ld+json\" class=\"yoast-schema-graph\">{\"@context\":\"https:\\\/\\\/schema.org\",\"@graph\":[{\"@type\":\"WebPage\",\"@id\":\"https:\\\/\\\/papirol.si\\\/prodajni-program\\\/vrecke-za-take-away-in-hitro-hrano\\\/papirolex-mascoboodporni-papir\\\/\",\"url\":\"https:\\\/\\\/papirol.si\\\/prodajni-program\\\/vrecke-za-take-away-in-hitro-hrano\\\/papirolex-mascoboodporni-papir\\\/\",\"name\":\"Papirolex ma\u0161\u010doboodporni papir | Papirol\",\"isPartOf\":{\"@id\":\"https:\\\/\\\/papirol.si\\\/#website\"},\"primaryImageOfPage\":{\"@id\":\"https:\\\/\\\/papirol.si\\\/prodajni-program\\\/vrecke-za-take-away-in-hitro-hrano\\\/papirolex-mascoboodporni-papir\\\/#primaryimage\"},\"image\":{\"@id\":\"https:\\\/\\\/papirol.si\\\/prodajni-program\\\/vrecke-za-take-away-in-hitro-hrano\\\/papirolex-mascoboodporni-papir\\\/#primaryimage\"},\"thumbnailUrl\":\"https:\\\/\\\/papirol.si\\\/wp-content\\\/uploads\\\/2020\\\/01\\\/d7moirrj.jpg\",\"datePublished\":\"2019-12-06T11:07:55+00:00\",\"dateModified\":\"2020-02-05T08:29:39+00:00\",\"breadcrumb\":{\"@id\":\"https:\\\/\\\/papirol.si\\\/prodajni-program\\\/vrecke-za-take-away-in-hitro-hrano\\\/papirolex-mascoboodporni-papir\\\/#breadcrumb\"},\"inLanguage\":\"sr-RS\",\"potentialAction\":[{\"@type\":\"ReadAction\",\"target\":[\"https:\\\/\\\/papirol.si\\\/prodajni-program\\\/vrecke-za-take-away-in-hitro-hrano\\\/papirolex-mascoboodporni-papir\\\/\"]}]},{\"@type\":\"ImageObject\",\"inLanguage\":\"sr-RS\",\"@id\":\"https:\\\/\\\/papirol.si\\\/prodajni-program\\\/vrecke-za-take-away-in-hitro-hrano\\\/papirolex-mascoboodporni-papir\\\/#primaryimage\",\"url\":\"https:\\\/\\\/papirol.si\\\/wp-content\\\/uploads\\\/2020\\\/01\\\/d7moirrj.jpg\",\"contentUrl\":\"https:\\\/\\\/papirol.si\\\/wp-content\\\/uploads\\\/2020\\\/01\\\/d7moirrj.jpg\"},{\"@type\":\"BreadcrumbList\",\"@id\":\"https:\\\/\\\/papirol.si\\\/prodajni-program\\\/vrecke-za-take-away-in-hitro-hrano\\\/papirolex-mascoboodporni-papir\\\/#breadcrumb\",\"itemListElement\":[{\"@type\":\"ListItem\",\"position\":1,\"name\":\"Home\",\"item\":\"https:\\\/\\\/papirol.si\\\/\"},{\"@type\":\"ListItem\",\"position\":2,\"name\":\"Prodajni program\",\"item\":\"https:\\\/\\\/papirol.si\\\/prodajni-program\\\/\"},{\"@type\":\"ListItem\",\"position\":3,\"name\":\"Vre\u010dke za take away in hitro hrano\",\"item\":\"https:\\\/\\\/papirol.si\\\/prodajni-program\\\/vrecke-za-take-away-in-hitro-hrano\\\/\"},{\"@type\":\"ListItem\",\"position\":4,\"name\":\"Papirolex ma\u0161\u010doboodporni papir\"}]},{\"@type\":\"WebSite\",\"@id\":\"https:\\\/\\\/papirol.si\\\/#website\",\"url\":\"https:\\\/\\\/papirol.si\\\/\",\"name\":\"Papirol\",\"description\":\"Obla\u010dimo va\u0161e izdelke \u017ee 36 let!\",\"publisher\":{\"@id\":\"https:\\\/\\\/papirol.si\\\/#organization\"},\"potentialAction\":[{\"@type\":\"SearchAction\",\"target\":{\"@type\":\"EntryPoint\",\"urlTemplate\":\"https:\\\/\\\/papirol.si\\\/?s={search_term_string}\"},\"query-input\":{\"@type\":\"PropertyValueSpecification\",\"valueRequired\":true,\"valueName\":\"search_term_string\"}}],\"inLanguage\":\"sr-RS\"},{\"@type\":\"Organization\",\"@id\":\"https:\\\/\\\/papirol.si\\\/#organization\",\"name\":\"Papirol\",\"url\":\"https:\\\/\\\/papirol.si\\\/\",\"logo\":{\"@type\":\"ImageObject\",\"inLanguage\":\"sr-RS\",\"@id\":\"https:\\\/\\\/papirol.si\\\/#\\\/schema\\\/logo\\\/image\\\/\",\"url\":\"https:\\\/\\\/papirol.si\\\/wp-content\\\/uploads\\\/2019\\\/12\\\/papirol-bela.png\",\"contentUrl\":\"https:\\\/\\\/papirol.si\\\/wp-content\\\/uploads\\\/2019\\\/12\\\/papirol-bela.png\",\"width\":400,\"height\":80,\"caption\":\"Papirol\"},\"image\":{\"@id\":\"https:\\\/\\\/papirol.si\\\/#\\\/schema\\\/logo\\\/image\\\/\"}}]}<\/script>\n<!-- \/ Yoast SEO plugin. -->","yoast_head_json":{"title":"\u041f\u0430\u043f\u0438\u0440\u043e\u043b\u0435\u043a\u0441 \u043c\u0430\u0441\u043d\u043e\u043e\u0442\u043f\u043e\u0440\u043d\u0438 \u043f\u0430\u043f\u0438\u0440 | \u041f\u0430\u043f\u0438\u0440\u043e\u043b","robots":{"index":"index","follow":"follow","max-snippet":"max-snippet:-1","max-image-preview":"max-image-preview:large","max-video-preview":"max-video-preview:-1"},"canonical":"https:\/\/papirol.si\/sr\/\u0430\u0441\u043e\u0440\u0442\u0438\u043c\u0430\u043d\/\u043a\u0435\u0441\u0435-\u0437\u0430-\u043f\u043e\u043d\u0435\u0442\u0438-\u0438-\u0431\u0440\u0437\u0443-\u0445\u0440\u0430\u043d\u0443\/\u043f\u0430\u043f\u0438\u0440\u043e\u043b\u0435\u043a\u0441-\u0432\u043e\u0434\u043e\u043e\u0442\u043f\u043e\u0440\u043d\u0438-\u043f\u0430\u043f\u0438\u0440\/","og_locale":"sr_RS","og_type":"article","og_title":"Papirolex ma\u0161\u010doboodporni papir | Papirol","og_description":"Papirolex ma\u0161\u010doboodporen papir je iz belega ali naravno rjavega papirja z extrudiranim toplotnim nanosom granulata, kar ga uvr\u0161\u010da...","og_url":"https:\/\/papirol.si\/sr\/\u0430\u0441\u043e\u0440\u0442\u0438\u043c\u0430\u043d\/\u043a\u0435\u0441\u0435-\u0437\u0430-\u043f\u043e\u043d\u0435\u0442\u0438-\u0438-\u0431\u0440\u0437\u0443-\u0445\u0440\u0430\u043d\u0443\/\u043f\u0430\u043f\u0438\u0440\u043e\u043b\u0435\u043a\u0441-\u0432\u043e\u0434\u043e\u043e\u0442\u043f\u043e\u0440\u043d\u0438-\u043f\u0430\u043f\u0438\u0440\/","og_site_name":"Papirol","article_modified_time":"2020-02-05T08:29:39+00:00","og_image":[{"width":420,"height":300,"url":"https:\/\/papirol.si\/wp-content\/uploads\/2020\/01\/d7moirrj.jpg","type":"image\/jpeg"}],"twitter_card":"summary_large_image","twitter_misc":{"\u041f\u0440\u043e\u0446\u0435\u045a\u0435\u043d\u043e \u0432\u0440\u0435\u043c\u0435 \u0447\u0438\u0442\u0430\u045a\u0430":"1 \u043c\u0438\u043d\u0443\u0442"},"schema":{"@context":"https:\/\/schema.org","@graph":[{"@type":"WebPage","@id":"https:\/\/papirol.si\/prodajni-program\/vrecke-za-take-away-in-hitro-hrano\/papirolex-mascoboodporni-papir\/","url":"https:\/\/papirol.si\/prodajni-program\/vrecke-za-take-away-in-hitro-hrano\/papirolex-mascoboodporni-papir\/","name":"\u041f\u0430\u043f\u0438\u0440\u043e\u043b\u0435\u043a\u0441 \u043c\u0430\u0441\u043d\u043e\u043e\u0442\u043f\u043e\u0440\u043d\u0438 \u043f\u0430\u043f\u0438\u0440 | \u041f\u0430\u043f\u0438\u0440\u043e\u043b","isPartOf":{"@id":"https:\/\/papirol.si\/#website"},"primaryImageOfPage":{"@id":"https:\/\/papirol.si\/prodajni-program\/vrecke-za-take-away-in-hitro-hrano\/papirolex-mascoboodporni-papir\/#primaryimage"},"image":{"@id":"https:\/\/papirol.si\/prodajni-program\/vrecke-za-take-away-in-hitro-hrano\/papirolex-mascoboodporni-papir\/#primaryimage"},"thumbnailUrl":"https:\/\/papirol.si\/wp-content\/uploads\/2020\/01\/d7moirrj.jpg","datePublished":"2019-12-06T11:07:55+00:00","dateModified":"2020-02-05T08:29:39+00:00","breadcrumb":{"@id":"https:\/\/papirol.si\/prodajni-program\/vrecke-za-take-away-in-hitro-hrano\/papirolex-mascoboodporni-papir\/#breadcrumb"},"inLanguage":"sr-RS","potentialAction":[{"@type":"ReadAction","target":["https:\/\/papirol.si\/prodajni-program\/vrecke-za-take-away-in-hitro-hrano\/papirolex-mascoboodporni-papir\/"]}]},{"@type":"ImageObject","inLanguage":"sr-RS","@id":"https:\/\/papirol.si\/prodajni-program\/vrecke-za-take-away-in-hitro-hrano\/papirolex-mascoboodporni-papir\/#primaryimage","url":"https:\/\/papirol.si\/wp-content\/uploads\/2020\/01\/d7moirrj.jpg","contentUrl":"https:\/\/papirol.si\/wp-content\/uploads\/2020\/01\/d7moirrj.jpg"},{"@type":"BreadcrumbList","@id":"https:\/\/papirol.si\/prodajni-program\/vrecke-za-take-away-in-hitro-hrano\/papirolex-mascoboodporni-papir\/#breadcrumb","itemListElement":[{"@type":"ListItem","position":1,"name":"Home","item":"https:\/\/papirol.si\/"},{"@type":"ListItem","position":2,"name":"Prodajni program","item":"https:\/\/papirol.si\/prodajni-program\/"},{"@type":"ListItem","position":3,"name":"Vre\u010dke za take away in hitro hrano","item":"https:\/\/papirol.si\/prodajni-program\/vrecke-za-take-away-in-hitro-hrano\/"},{"@type":"ListItem","position":4,"name":"Papirolex ma\u0161\u010doboodporni papir"}]},{"@type":"WebSite","@id":"https:\/\/papirol.si\/#website","url":"https:\/\/papirol.si\/","name":"\u041f\u0430\u043f\u0438\u0440\u043e\u043b","description":"\u0412\u0435\u045b 36 \u0433\u043e\u0434\u0438\u043d\u0430 \u043e\u0431\u043b\u0430\u0447\u0438\u043c\u043e \u0432\u0430\u0448\u0435 \u043f\u0440\u043e\u0438\u0437\u0432\u043e\u0434\u0435!","publisher":{"@id":"https:\/\/papirol.si\/#organization"},"potentialAction":[{"@type":"SearchAction","target":{"@type":"EntryPoint","urlTemplate":"https:\/\/papirol.si\/?s={search_term_string}"},"query-input":{"@type":"PropertyValueSpecification","valueRequired":true,"valueName":"search_term_string"}}],"inLanguage":"sr-RS"},{"@type":"Organization","@id":"https:\/\/papirol.si\/#organization","name":"\u041f\u0430\u043f\u0438\u0440\u043e\u043b","url":"https:\/\/papirol.si\/","logo":{"@type":"ImageObject","inLanguage":"sr-RS","@id":"https:\/\/papirol.si\/#\/schema\/logo\/image\/","url":"https:\/\/papirol.si\/wp-content\/uploads\/2019\/12\/papirol-bela.png","contentUrl":"https:\/\/papirol.si\/wp-content\/uploads\/2019\/12\/papirol-bela.png","width":400,"height":80,"caption":"Papirol"},"image":{"@id":"https:\/\/papirol.si\/#\/schema\/logo\/image\/"}}]}},"_links":{"self":[{"href":"https:\/\/papirol.si\/sr\/wp-json\/wp\/v2\/pages\/2167","targetHints":{"allow":["GET"]}}],"collection":[{"href":"https:\/\/papirol.si\/sr\/wp-json\/wp\/v2\/pages"}],"about":[{"href":"https:\/\/papirol.si\/sr\/wp-json\/wp\/v2\/types\/page"}],"author":[{"embeddable":true,"href":"https:\/\/papirol.si\/sr\/wp-json\/wp\/v2\/users\/5"}],"replies":[{"embeddable":true,"href":"https:\/\/papirol.si\/sr\/wp-json\/wp\/v2\/comments?post=2167"}],"version-history":[{"count":6,"href":"https:\/\/papirol.si\/sr\/wp-json\/wp\/v2\/pages\/2167\/revisions"}],"predecessor-version":[{"id":2606,"href":"https:\/\/papirol.si\/sr\/wp-json\/wp\/v2\/pages\/2167\/revisions\/2606"}],"up":[{"embeddable":true,"href":"https:\/\/papirol.si\/sr\/wp-json\/wp\/v2\/pages\/1777"}],"wp:attachment":[{"href":"https:\/\/papirol.si\/sr\/wp-json\/wp\/v2\/media?parent=2167"}],"curies":[{"name":"wp","href":"https:\/\/api.w.org\/{rel}","templated":true}]}}